{"id":16464,"date":"2023-04-19T13:48:44","date_gmt":"2023-04-19T13:48:44","guid":{"rendered":"https:\/\/shopkeeper-demo.getbowtied.com\/electronics\/?page_id=16464"},"modified":"2025-09-16T10:46:11","modified_gmt":"2025-09-16T08:46:11","slug":"om-os","status":"publish","type":"page","link":"https:\/\/widevape.com\/da\/ueber-uns\/","title":{"rendered":"Om Os"},"content":{"rendered":"<h1 style=\"text-align: center;\" data-start=\"144\" data-end=\"156\">WideVape<\/h1>\n<p data-start=\"157\" data-end=\"667\">Grundlagt i 2021 er WideVape en onlinebutik for e-cigaretter, der har specialiseret sig i h\u00f8jkvalitets disposable vapes, e-l\u00e6skedrikke, nikotinposer og tilbeh\u00f8r. Vi er stolte af at kunne tilbyde top-m\u00e6rker som <a href=\"https:\/\/widevape.com\/da\/produktkategori\/engangs-e-cigaretter-8\/\">BANG<\/a>, <a href=\"https:\/\/widevape.com\/da\/produktkategori\/randm-tornado-engangs-e-cigaretter\/\">RandM Tornado<\/a>, <a href=\"https:\/\/widevape.com\/da\/produktkategori\/waspe-engangs-e-cigaretter\/\">V\u00e6spen<\/a>\u00a0og mange flere tilbyde at kunne og betjene i mellemtiden tusindvis af trofaste kunder i Europa. Lejret af et engageret team af passionerede vape-entusiaster har det sat sig WideVape til opgave at tilbyde vores kunder den bedst mulige damperfaring.<\/p>\n<hr data-start=\"669\" data-end=\"672\" \/>\n<h2 style=\"text-align: center;\" data-start=\"674\" data-end=\"699\">Kvalitet og service<\/h2>\n<p data-start=\"700\" data-end=\"1185\">Hos WideVape st\u00e5r kvalitet og kundetilfredshed i f\u00f8rste r\u00e6kke. Vores omfattende sortiment er omhyggeligt udvalgt for at im\u00f8dekomme vores kunders forskellige behov og pr\u00e6ferencer. Hvert produkt kommer fra anerkendte producenter og opfylder h\u00f8je standarder for sikkerhed og kvalitet. Uanset om du er en erfaren damper eller lige er begyndt - hos os finder du garanteret det rigtige produkt til at berige din oplevelse.<\/p>\n<p data-start=\"1187\" data-end=\"1522\">Vores dedikerede service-team st\u00f8tter dig altid kompetent ved sp\u00f8rgsm\u00e5l eller bekymringer og s\u00f8rger for, at din indk\u00f8b forl\u00f8ber gnidningsl\u00f8st og behageligt. Derudover tilbyder vi en fleksibel retur- og ombytningspolitik, s\u00e5 du kan returnere eller ombytte varer uden problemer, hvis du skulle v\u00e6re utilfreds.<\/p>\n<hr data-start=\"1524\" data-end=\"1527\" \/>\n<h2 style=\"text-align: center;\" data-start=\"1529\" data-end=\"1568\">Hurtigt, p\u00e5lideligt og prisbilligt<\/h2>\n<p data-start=\"1569\" data-end=\"1868\">En af vores st\u00f8rste styrker er vores fokus p\u00e5 hurtig levering. Vi ved, hvor vigtigt det er at modtage dine produkter til tiden. Derfor s\u00f8rger vi for, at alle ordrer bliver hurtigt behandlet og sendt. S\u00e5 kan du nyde dine indk\u00f8b uden un\u00f8dvendige forsinkelser.<\/p>\n<p data-start=\"1870\" data-end=\"2194\">Med WideVape beh\u00f8ver du ikke at v\u00e6lge mellem kvalitet og pris - vi tilbyder begge dele. Takket v\u00e6re vores konkurrencedygtige priser kan du nyde premium-dampprodukter uden at spr\u00e6nge dit budget. Samtidig arbejder vi konstant p\u00e5 at bringe de seneste og bedste dampprodukter p\u00e5 det europ\u00e6iske marked.<\/p>\n<hr data-start=\"2196\" data-end=\"2199\" \/>\n<p data-start=\"2201\" data-end=\"2431\">Tag selv tid til at opdage vores alsidige udvalg og find den perfekte vape til dine behov. Med WideVape kan du v\u00e6re sikker p\u00e5 altid at modtage f\u00f8rsteklasses produkter og fremragende service.<\/p>\n<p data-start=\"2433\" data-end=\"2505\"><a class=\"decorated-link cursor-pointer\" target=\"_new\" rel=\"noopener\" data-start=\"2447\" data-end=\"2463\">\u00a0<\/a>E-Mail: <a class=\"decorated-link cursor-pointer\" rel=\"noopener\" data-start=\"2481\" data-end=\"2501\">info@widevape.com<\/a><\/p>","protected":false},"excerpt":{"rendered":"<p>\u00dcber WideVape Gegr\u00fcndet im Jahr 2021 ist WideVape ein Online-Shop f\u00fcr E-Zigaretten, der sich auf hochwertige Disposable Vapes, E-Liquids, Nikotinbeutel und Zubeh\u00f6r spezialisiert hat. Wir sind stolz darauf, Top-Marken wie BANG, RandM Tornado, Waspe\u00a0und viele mehr anbieten zu k\u00f6nnen und bedienen inzwischen tausende treue Kunden in Europa. Geleitet von einem engagierten Team leidenschaftlicher Vape-Enthusiasten hat[Erfahren Sie mehr&#8230;]\n","protected":false},"author":1,"featured_media":0,"parent":0,"menu_order":0,"comment_status":"closed","ping_status":"closed","template":"","meta":{"footnotes":""},"class_list":["post-16464","page","type-page","status-publish","hentry"],"_links":{"self":[{"href":"https:\/\/widevape.com\/da\/wp-json\/wp\/v2\/pages\/16464","targetHints":{"allow":["GET"]}}],"collection":[{"href":"https:\/\/widevape.com\/da\/wp-json\/wp\/v2\/pages"}],"about":[{"href":"https:\/\/widevape.com\/da\/wp-json\/wp\/v2\/types\/page"}],"author":[{"embeddable":true,"href":"https:\/\/widevape.com\/da\/wp-json\/wp\/v2\/users\/1"}],"replies":[{"embeddable":true,"href":"https:\/\/widevape.com\/da\/wp-json\/wp\/v2\/comments?post=16464"}],"version-history":[{"count":2,"href":"https:\/\/widevape.com\/da\/wp-json\/wp\/v2\/pages\/16464\/revisions"}],"predecessor-version":[{"id":28063,"href":"https:\/\/widevape.com\/da\/wp-json\/wp\/v2\/pages\/16464\/revisions\/28063"}],"wp:attachment":[{"href":"https:\/\/widevape.com\/da\/wp-json\/wp\/v2\/media?parent=16464"}],"curies":[{"name":"wp","href":"https:\/\/api.w.org\/{rel}","templated":true}]}}