{"id":23770,"date":"2025-02-26T10:21:52","date_gmt":"2025-02-26T09:21:52","guid":{"rendered":"https:\/\/widevape.com\/?page_id=23770"},"modified":"2025-02-26T10:21:52","modified_gmt":"2025-02-26T09:21:52","slug":"returbetingelser","status":"publish","type":"page","link":"https:\/\/widevape.com\/da\/rueckgabebedingungen\/","title":{"rendered":"Returbetingelser"},"content":{"rendered":"<p data-start=\"113\" data-end=\"207\"><strong data-start=\"113\" data-end=\"207\">Tak for dit k\u00f8b hos Wide Vape \u2013 Premium engangs e-cigaretter fra Tyskland.<\/strong><\/p>\n<p data-start=\"209\" data-end=\"418\">Vi \u00f8nsker, at du skal v\u00e6re helt tilfreds med din indk\u00f8b. Hvis det imidlertid af en eller anden grund er n\u00f8dvendigt at foretage en retur, finder du her de detaljerede returbetingelser:<\/p>\n<h4 data-start=\"420\" data-end=\"441\">1. Returfrist<\/h4>\n<p data-start=\"442\" data-end=\"732\">Vi accepterer retur inden for <strong data-start=\"482\" data-end=\"527\">14 dage efter modtagelsen af din ordre<\/strong>, s\u00e5fremt varen er i fejlfri stand og ikke \u00e5bnet. Bem\u00e6rk venligst, at vi af hygiejniske og sikkerhedsm\u00e6ssige \u00e5rsager ikke kan acceptere retur af \u00e5bne eller brugte produkter.<\/p>\n<h4 data-start=\"734\" data-end=\"761\">2. Returbetingelser<\/h4>\n<p data-start=\"762\" data-end=\"889\">For at kunne starte en retur, kontakt os venligst via e-mail til <strong data-start=\"835\" data-end=\"856\"><a rel=\"noopener\" data-start=\"837\" data-end=\"854\">info@widevape.com<\/a><\/strong> med f\u00f8lgende informationer:<\/p>\n<ul data-start=\"890\" data-end=\"947\">\n<li data-start=\"890\" data-end=\"905\">Bestillingsnummer<\/li>\n<li data-start=\"906\" data-end=\"926\">Produktnavn<\/li>\n<li data-start=\"927\" data-end=\"947\">Grund for tilbagelevering<\/li>\n<\/ul>\n<p data-start=\"949\" data-end=\"1093\">Returen sker p\u00e5 dine udgifter, medmindre produktet er defekt eller beskadiget. I dette tilf\u00e6lde d\u00e6kker vi returkosten.<\/p>\n<h4 data-start=\"1095\" data-end=\"1117\">3. Refund<\/h4>\n<p data-start=\"1118\" data-end=\"1331\">Efter modtagelse og kontrol af returen vil vi tilbagebetale k\u00f8bsbel\u00f8bet inden for <strong data-start=\"1205\" data-end=\"1220\">7 arbejdsdage<\/strong> tilbagebetale til den oprindelige betalingsmetode, minus eventuelle omkostninger til returforsendelse (hvis relevant).<\/p>\n<h4 data-start=\"1333\" data-end=\"1378\">4. Beskadigede eller fejlbeh\u00e6ftede produkter<\/h4>\n<p data-start=\"1379\" data-end=\"1679\">Hvis du har modtaget et beskadiget eller defekt produkt, skal du venligst straks kontakte os, s\u00e5 vi kan finde en l\u00f8sning. Vi tilbyder enten en erstatning eller en fuld tilbagebetaling. I dette tilf\u00e6lde vil vi naturligvis d\u00e6kke omkostningerne til returforsendelse.<\/p>\n<h4 data-start=\"1681\" data-end=\"1717\">5. Annullering af ordrer<\/h4>\n<p data-start=\"1718\" data-end=\"2042\">Da vores produkter er beregnet til store ordrer og bulk-k\u00f8b, beder vi dig om at gennemg\u00e5 din ordre, f\u00f8r du afslutter den. En annullering af ordren er kun mulig, s\u00e5 l\u00e6nge ordren endnu ikke er sendt. S\u00e5 snart varerne er sendt, g\u00e6lder ovenst\u00e5ende returbetingelser.<\/p>\n<h4 data-start=\"2044\" data-end=\"2063\">6. Returforsendelse<\/h4>\n<p data-start=\"2064\" data-end=\"2294\">V\u00e6r venlig at pakke de returnerede produkter sikkert for at undg\u00e5 skader under transporten. Vi anbefaler at v\u00e6lge en sporbar forsendelsesservice for at sikre, at returen ankommer til os.<\/p>\n<h4 data-start=\"2296\" data-end=\"2311\">7. Kontakt<\/h4>\n<p data-start=\"2312\" data-end=\"2456\">For eventuelle sp\u00f8rgsm\u00e5l eller for at indlede en returforsendelse, kontakt venligst os p\u00e5: <strong data-start=\"2399\" data-end=\"2410\">E-mail<\/strong> <a rel=\"noopener\" data-start=\"2411\" data-end=\"2456\">info@widevape.com<\/a><\/p>\n<p data-start=\"2458\" data-end=\"2536\"><strong data-start=\"2458\" data-end=\"2488\">Adresse for retursendelser:<\/strong><br data-start=\"2488\" data-end=\"2491\" \/>Wide Vape<br data-start=\"2500\" data-end=\"2503\" \/>Adresse f\u00f8lger ved kontakt<\/p>","protected":false},"excerpt":{"rendered":"<p>Vielen Dank f\u00fcr Ihren Einkauf bei Wide Vape \u2013 Premium Einweg E-Zigaretten aus Deutschland. Wir m\u00f6chten, dass Sie mit Ihrem Einkauf vollkommen zufrieden sind. Sollte es jedoch aus irgendeinem Grund erforderlich sein, eine R\u00fcckgabe zu veranlassen, finden Sie hier die detaillierten R\u00fcckgabebedingungen: 1. R\u00fcckgabefrist Wir akzeptieren R\u00fcckgaben innerhalb von 14 Tagen nach dem Erhalt Ihrer[Erfahren Sie mehr&#8230;]\n","protected":false},"author":1,"featured_media":0,"parent":0,"menu_order":0,"comment_status":"closed","ping_status":"closed","template":"","meta":{"footnotes":""},"class_list":["post-23770","page","type-page","status-publish","hentry"],"_links":{"self":[{"href":"https:\/\/widevape.com\/da\/wp-json\/wp\/v2\/pages\/23770","targetHints":{"allow":["GET"]}}],"collection":[{"href":"https:\/\/widevape.com\/da\/wp-json\/wp\/v2\/pages"}],"about":[{"href":"https:\/\/widevape.com\/da\/wp-json\/wp\/v2\/types\/page"}],"author":[{"embeddable":true,"href":"https:\/\/widevape.com\/da\/wp-json\/wp\/v2\/users\/1"}],"replies":[{"embeddable":true,"href":"https:\/\/widevape.com\/da\/wp-json\/wp\/v2\/comments?post=23770"}],"version-history":[{"count":0,"href":"https:\/\/widevape.com\/da\/wp-json\/wp\/v2\/pages\/23770\/revisions"}],"wp:attachment":[{"href":"https:\/\/widevape.com\/da\/wp-json\/wp\/v2\/media?parent=23770"}],"curies":[{"name":"wp","href":"https:\/\/api.w.org\/{rel}","templated":true}]}}