{"id":17260,"date":"2025-02-12T17:09:00","date_gmt":"2025-02-12T16:09:00","guid":{"rendered":"https:\/\/widevape.com\/?post_type=product&#038;p=17260"},"modified":"2026-04-18T14:00:08","modified_gmt":"2026-04-18T12:00:08","slug":"jnr-mega-box-25000-traek-30ml-e-vaeske-genopladelige-engangs-vapes-med-dual-mesh-coil-0-2-5-nikotin-engrospriser-hos-widevape","status":"publish","type":"product","link":"https:\/\/widevape.com\/da\/product\/jnr-mega-box-25000-zuege-30ml-e-liquid-wiederaufladbare-einweg-vapes-mit-dual-mesh-coil-0-2-5-nikotin-grosshandelspreise-bei-widevape\/","title":{"rendered":"JNR Mega Box 25000 tr\u00e6k (30ml e-v\u00e6ske) \u2013 Genopladelige engangs-vape med dobbelt-mesh-spole &amp; 0%\/2%\/5% nikotin | Engrospriser hos WideVape"},"content":{"rendered":"<h2><img loading=\"lazy\" decoding=\"async\" class=\"alignnone size-full wp-image-17323\" src=\"https:\/\/widevape.com\/wp-content\/uploads\/2025\/02\/JNR_Mega_Box_25000-10-2.webp\" alt=\"\" width=\"1059\" height=\"596\" srcset=\"https:\/\/widevape.com\/wp-content\/uploads\/2025\/02\/JNR_Mega_Box_25000-10-2.webp 1059w, https:\/\/widevape.com\/wp-content\/uploads\/2025\/02\/JNR_Mega_Box_25000-10-2-510x287.webp 510w, https:\/\/widevape.com\/wp-content\/uploads\/2025\/02\/JNR_Mega_Box_25000-10-2-300x169.webp 300w, https:\/\/widevape.com\/wp-content\/uploads\/2025\/02\/JNR_Mega_Box_25000-10-2-1024x576.webp 1024w, https:\/\/widevape.com\/wp-content\/uploads\/2025\/02\/JNR_Mega_Box_25000-10-2-768x432.webp 768w\" sizes=\"auto, (max-width: 1059px) 100vw, 1059px\" \/><\/h2>\n<h2 class=\"mb-2 mt-6 text-lg first:mt-3\"><a href=\"https:\/\/widevape.com\/da\/produktkategori\/engangs-e-cigaretter-7\/\">JNR<\/a> Mega Box 25000 tr\u00e6k: Det perfekte valg til holdbart og aromatiskt vaping<\/h2>\n<p>Die\u00a0<strong>JNR Mega Box 25000 tog<\/strong>\u00a0er et innovativt engangs-vape-apparat, der er specielt udviklet til kr\u00e6vende dampere, der v\u00e6gter kvalitet, ydeevne og brugervenlighed. Med en imponerende kapacitet p\u00e5\u00a0<strong>25.000 tog<\/strong>, moderne teknologi og en lang r\u00e6kke af smagsmuligheder tilbyder dette produkt en uovertruffen damprygning. Ved\u00a0<strong>WideVape<\/strong>, din f\u00f8rende grossistleverand\u00f8r i Tyskland, Nederlandene, Belgien og Spanien, kan du k\u00f8be dette premiumprodukt til uovertrufne priser.<\/p>\n<h2 class=\"mb-2 mt-6 text-lg first:mt-3\"><strong>Hovedfunktioner af JNR Mega Box <a href=\"https:\/\/widevape.com\/da\/produktkategori\/engangs-e-cigaretter-efter-traek\/25-000-envejs-e-cigaretter\/\">25.000 tog<\/a><\/strong><\/h2>\n<p>JNR Mega Box er overbeviser med mange innovative funktioner, der g\u00f8r den til et fremragende valg til engangs-vape-enheder:<\/p>\n<ul class=\"marker:text-textOff list-disc\">\n<li><strong>Forskellige nikotinstyrker:<\/strong>\u00a0Tilg\u00e6ngelig i 0%, 2% og 5% nikotin - ideel til individuelle pr\u00e6ferencer.<\/li>\n<li><strong>Ekstremt h\u00f8jt antal tog:<\/strong>\u00a0Op til\u00a0<strong>25.000 tog<\/strong>\u00a0er dette apparat perfekt til langvarig dampe.<\/li>\n<li><strong>Dual-Mesh-Coil-teknologi<\/strong>\u00a0Sikrer en intens smag og en ensartet damproduktion.<\/li>\n<li><strong>850mAh-batteri med Type-C-hurtigladning:<\/strong>\u00a0Genladelig og brugervenlig for maksimal fleksibilitet.<\/li>\n<li><strong>Stor e-v\u00e6ske kapacitet:<\/strong>\u00a0Fyldt med\u00a0<strong>30ml E-Liquid<\/strong>for at sikre en lang brugstid uden p\u00e5fyldning.<\/li>\n<li><strong>Kompakt konstruktion:<\/strong>\u00a0Let og b\u00e6rbart - ideelt til undervejs.<\/li>\n<\/ul>\n<h2 class=\"mb-2 mt-6 text-lg first:mt-3\"><strong>Hvorfor <a href=\"https:\/\/widevape.com\/da\/\">WideVape<\/a> V\u00e6lg?<\/strong><\/h2>\n<p>WideVape er den f\u00f8rende grossist for engangs-vape-produkter i Europa. Vores kunder har gavn af:<\/p>\n<ol class=\"marker:text-textOff list-decimal\">\n<li><strong>Attraktive engrospriser:<\/strong>\u00a0Perfekt for enkeltpersoner eller k\u00f8bere, der \u00f8nsker at bestille i store m\u00e6ngder.<\/li>\n<li><strong>H\u00f8jv\u00e6rdige produkter direkte fra producenten:<\/strong>\u00a0Vi garanterer \u00e6gthed og kvalitet.<\/li>\n<li><strong>Hurtig levering over hele Europa:<\/strong>\u00a0P\u00e5lidelig levering med forsikringsd\u00e6kning.<\/li>\n<li><strong>Flexible betalingsmetoder:<\/strong>\u00a0Ud over PayPal og kreditkort accepterer vi ogs\u00e5 iDEAL (Holland), Bancontact (Belgien) og SEPA-bankoverf\u00f8rsler.<\/li>\n<\/ol>\n<h2 class=\"mb-2 mt-6 text-lg first:mt-3\"><strong>Smagsvarianter i detaljer<\/strong><\/h2>\n<p>JNR Mega Box tilbyder et imponerende udvalg af smagsmuligheder, der rammer enhver smag. Her finder du en detaljeret beskrivelse af de tilg\u00e6ngelige smagsvarianter:<\/p>\n<ol class=\"marker:text-textOff list-decimal\">\n<li><strong>Fizzy Cherry Cola<\/strong>Boblende cola-duft med en antydning af s\u00f8d kirseb\u00e6r - forfriskende og nostalgisk.<\/li>\n<li><strong>Strawberry Banana<\/strong>En cremet blanding af saftige jordb\u00e6r og modne bananer.<\/li>\n<li><strong>Sour Apple \n\n(Wait, you want me to translate it)\n\nBitter \u00c6ble<\/strong>: Spr\u00f8de gr\u00f8nne \u00e6bler med en behagelig syrlig note.<\/li>\n<li><strong>Blueberry Bubblegum<\/strong>S\u00f8dt bl\u00e5b\u00e6raroma kombineret med den klassiske smag af tyggegummi.<\/li>\n<li><strong>Kiwi Vandmelon Is<\/strong>Tropisk kiwi m\u00f8der saftig vandmelon, afrundet med en k\u00f8lig menthol note.<\/li>\n<li><strong>Triple Mango<\/strong>: Tre eksotiske mangosorter forenes til en intens frugtoplevelse.<\/li>\n<li><strong>Raspberry Watermelon<\/strong>En harmonisk kombination af syrlig hindb\u00e6r og s\u00f8d vandmelon.<\/li>\n<li><strong>Strawberry Raspberry Ice<\/strong>Fruchtige jordb\u00e6r og hindb\u00e6r med en forfriskende nuance af is.<\/li>\n<li><strong>Blueberry Sour Raspberry Strawberry \n\nbecomes \n\nBl\u00e5b\u00e6r Sour Hindb\u00e6r Jordb\u00e6r<\/strong>En kompleks blanding af s\u00f8de og sure b\u00e6raromaer.<\/li>\n<li><strong>Strawberry Raspberry Cherry Ice<\/strong>: En frugtig triplekombination med en k\u00f8lig finish.<\/li>\n<li><strong>Blue Razz Cherry<\/strong>Frugtigt-s\u00f8de bl\u00e5b\u00e6r m\u00f8der sprudlende kirseb\u00e6r.<\/li>\n<li><strong>Juicy Peach<\/strong>: Den saftige smag af modne ferskner \u2013 s\u00f8d og aromatisk.<\/li>\n<li><strong>Cherry Berry<\/strong>En l\u00e6kker blanding af kirseb\u00e6r og forskellige b\u00e6r.<\/li>\n<li><strong>Lemon &amp; Lime<\/strong>: Friske citron- og lime-aromaer for en sprudlende nydelse.<\/li>\n<li><strong>Bl\u00e6rb\u00e6rblanding<\/strong>: Et udvalg af modne b\u00e6r til en intens frugtoplevelse.<\/li>\n<li><strong>Herr Blue<\/strong>: Mystiske bl\u00e5 frugter med en antydning af friskhed - unikke i smagen.<\/li>\n<li><strong>Strawberry Ice<\/strong>Klassisk jordb\u00e6r aroma med en k\u00f8lig note til varme dage.<\/li>\n<li><strong>Bl\u00e5b\u00e6r Ice<\/strong>S\u00f8de bl\u00e5b\u00e6r parret med en forfriskende mentholbrise.<\/li>\n<li><strong>Watermelon Ice<\/strong>: Saftige vandmelon kombineret med et frostigt kick.<\/li>\n<li><strong>Skittles<\/strong>: En regnbue af frugtige slik-aromaer - perfekt for s\u00f8de tand.<\/li>\n<\/ol>\n<h2 class=\"mb-2 mt-6 text-lg first:mt-3\"><strong>Hvorfor k\u00f8be JNR Mega Box 25000 tog i gros?<\/strong><\/h2>\n<p>K\u00f8b af JNR Mega Box p\u00e5 grosseristniveau hos WideVape tilbyder en r\u00e6kke fordele:<\/p>\n<ol class=\"marker:text-textOff list-decimal\">\n<li><strong>Kostnadsbesparelse:<\/strong>\u00a0Drager fordel af attraktive m\u00e6ngderabatter p\u00e5 st\u00f8rre ordrer.<\/li>\n<li><strong>Mangfoldighed i sortimentet:<\/strong>\u00a0Med 20 unikke smagsvarianter kan du opfylde de mest forskellige kundevancer eller selv nyde afvekslingen.<\/li>\n<li><strong>Langlebigkeit<\/strong>\u00a0Takket v\u00e6re det h\u00f8je antal s\u00e6der er denne enhed ideel til hyppige brugere eller l\u00e6ngere rejser.<\/li>\n<\/ol>\n<h2 class=\"mb-2 mt-6 text-lg first:mt-3\">Bestil nu!<\/h2>\n<p>Bes\u00f8g WideVape i dag for at opdage JNR Mega Box 25000 tr\u00e6k! Med vores brugervenlige hjemmeside, sikre betalingsmetoder og hurtig levering g\u00f8r vi indk\u00f8bet enkel og bekvemt.<\/p>\n<p>WideVape \u2013 Din f\u00f8rste adresse for h\u00f8jkvalitets <a href=\"https:\/\/widevape.com\/da\/\">Engangs-vape<\/a> i Europa!<\/p>\n<p><img loading=\"lazy\" decoding=\"async\" class=\"alignnone wp-image-17322 size-full\" src=\"https:\/\/widevape.com\/wp-content\/uploads\/2025\/02\/JNR_Mega_Box_25000-6.webp\" alt=\"JNR Mega Box 25000 tr\u00e6k (30ml e-v\u00e6ske) \u2013 Genopladelige engangs-vape med dobbelt-mesh-spole &amp; 0%\/2%\/5% nikotin | Engrospriser hos WideVape\" width=\"800\" height=\"800\" srcset=\"https:\/\/widevape.com\/wp-content\/uploads\/2025\/02\/JNR_Mega_Box_25000-6.webp 800w, https:\/\/widevape.com\/wp-content\/uploads\/2025\/02\/JNR_Mega_Box_25000-6-247x247.webp 247w, https:\/\/widevape.com\/wp-content\/uploads\/2025\/02\/JNR_Mega_Box_25000-6-100x100.webp 100w, https:\/\/widevape.com\/wp-content\/uploads\/2025\/02\/JNR_Mega_Box_25000-6-510x510.webp 510w, https:\/\/widevape.com\/wp-content\/uploads\/2025\/02\/JNR_Mega_Box_25000-6-300x300.webp 300w, https:\/\/widevape.com\/wp-content\/uploads\/2025\/02\/JNR_Mega_Box_25000-6-150x150.webp 150w, https:\/\/widevape.com\/wp-content\/uploads\/2025\/02\/JNR_Mega_Box_25000-6-768x768.webp 768w\" sizes=\"auto, (max-width: 800px) 100vw, 800px\" \/> <img loading=\"lazy\" decoding=\"async\" class=\"alignnone wp-image-17321 size-full\" src=\"https:\/\/widevape.com\/wp-content\/uploads\/2025\/02\/JNR_Mega_Box_25000-5-1.webp\" alt=\"JNR Mega Box 25000 tr\u00e6k (30ml e-v\u00e6ske) \u2013 Genopladelige engangs-vape med dobbelt-mesh-spole &amp; 0%\/2%\/5% nikotin | Engrospriser hos WideVape\" width=\"800\" height=\"800\" srcset=\"https:\/\/widevape.com\/wp-content\/uploads\/2025\/02\/JNR_Mega_Box_25000-5-1.webp 800w, https:\/\/widevape.com\/wp-content\/uploads\/2025\/02\/JNR_Mega_Box_25000-5-1-247x247.webp 247w, https:\/\/widevape.com\/wp-content\/uploads\/2025\/02\/JNR_Mega_Box_25000-5-1-100x100.webp 100w, https:\/\/widevape.com\/wp-content\/uploads\/2025\/02\/JNR_Mega_Box_25000-5-1-510x510.webp 510w, https:\/\/widevape.com\/wp-content\/uploads\/2025\/02\/JNR_Mega_Box_25000-5-1-300x300.webp 300w, https:\/\/widevape.com\/wp-content\/uploads\/2025\/02\/JNR_Mega_Box_25000-5-1-150x150.webp 150w, https:\/\/widevape.com\/wp-content\/uploads\/2025\/02\/JNR_Mega_Box_25000-5-1-768x768.webp 768w\" sizes=\"auto, (max-width: 800px) 100vw, 800px\" \/> <img loading=\"lazy\" decoding=\"async\" class=\"alignnone wp-image-17320 size-full\" src=\"https:\/\/widevape.com\/wp-content\/uploads\/2025\/02\/JNR_Mega_Box_25000-4.webp\" alt=\"JNR Mega Box 25000 tr\u00e6k (30ml e-v\u00e6ske) \u2013 Genopladelige engangs-vape med dobbelt-mesh-spole &amp; 0%\/2%\/5% nikotin | Engrospriser hos WideVape\" width=\"800\" height=\"800\" srcset=\"https:\/\/widevape.com\/wp-content\/uploads\/2025\/02\/JNR_Mega_Box_25000-4.webp 800w, https:\/\/widevape.com\/wp-content\/uploads\/2025\/02\/JNR_Mega_Box_25000-4-247x247.webp 247w, https:\/\/widevape.com\/wp-content\/uploads\/2025\/02\/JNR_Mega_Box_25000-4-100x100.webp 100w, https:\/\/widevape.com\/wp-content\/uploads\/2025\/02\/JNR_Mega_Box_25000-4-510x510.webp 510w, https:\/\/widevape.com\/wp-content\/uploads\/2025\/02\/JNR_Mega_Box_25000-4-300x300.webp 300w, https:\/\/widevape.com\/wp-content\/uploads\/2025\/02\/JNR_Mega_Box_25000-4-150x150.webp 150w, https:\/\/widevape.com\/wp-content\/uploads\/2025\/02\/JNR_Mega_Box_25000-4-768x768.webp 768w\" sizes=\"auto, (max-width: 800px) 100vw, 800px\" \/><\/p>\n<p><img loading=\"lazy\" decoding=\"async\" class=\"alignnone wp-image-17317 size-full\" src=\"https:\/\/widevape.com\/wp-content\/uploads\/2025\/02\/JNR_Mega_Box_25000-1.webp\" alt=\"JNR Mega Box 25000 tr\u00e6k (30ml e-v\u00e6ske) \u2013 Genopladelige engangs-vape med dobbelt-mesh-spole &amp; 0%\/2%\/5% nikotin | Engrospriser hos WideVape\" width=\"800\" height=\"800\" srcset=\"https:\/\/widevape.com\/wp-content\/uploads\/2025\/02\/JNR_Mega_Box_25000-1.webp 800w, https:\/\/widevape.com\/wp-content\/uploads\/2025\/02\/JNR_Mega_Box_25000-1-247x247.webp 247w, https:\/\/widevape.com\/wp-content\/uploads\/2025\/02\/JNR_Mega_Box_25000-1-100x100.webp 100w, https:\/\/widevape.com\/wp-content\/uploads\/2025\/02\/JNR_Mega_Box_25000-1-510x510.webp 510w, https:\/\/widevape.com\/wp-content\/uploads\/2025\/02\/JNR_Mega_Box_25000-1-300x300.webp 300w, https:\/\/widevape.com\/wp-content\/uploads\/2025\/02\/JNR_Mega_Box_25000-1-150x150.webp 150w, https:\/\/widevape.com\/wp-content\/uploads\/2025\/02\/JNR_Mega_Box_25000-1-768x768.webp 768w\" sizes=\"auto, (max-width: 800px) 100vw, 800px\" \/><\/p>","protected":false},"excerpt":{"rendered":"<p>Die\u00a0<strong>JNR Mega Box 25000 tog<\/strong>\u00a0Forenet langtidsholdbart design (25.000 tr\u00e6k, 850mAh-batteri med Type-C-opladning), intens smag gennem Dual-Mesh-Coil-teknologi, 20 unikke aromaer og fleksible nikotinstyrker (0%\/2%\/5%) \u2013 tilg\u00e6ngelig i grosser hos WideVape, Europas f\u00f8rende udbyder af engangs-Vapes i Tyskland, Nederlandene, Belgien og Spanien.<\/p>","protected":false},"featured_media":17327,"comment_status":"open","ping_status":"closed","template":"","meta":[],"product_brand":[],"product_cat":[108,92,94,90,49,96],"product_tag":[],"class_list":{"0":"post-17260","1":"product","2":"type-product","3":"status-publish","4":"has-post-thumbnail","6":"product_cat-25000-zuege-einweg-e-zigaretten","7":"product_cat-digitale-box-einweg-e-zigaretten","8":"product_cat-einweg-e-zigaretten-mit-niedriger-nikotinstaerke","9":"product_cat-grosse-einweg-e-zigaretten","10":"product_cat-jnr-einweg-e-zigaretten","11":"product_cat-wiederaufladbare-einweg-e-zigaretten","13":"first","14":"instock","15":"shipping-taxable","16":"purchasable","17":"product-type-variable","18":"has-default-attributes"},"_links":{"self":[{"href":"https:\/\/widevape.com\/da\/wp-json\/wp\/v2\/product\/17260","targetHints":{"allow":["GET"]}}],"collection":[{"href":"https:\/\/widevape.com\/da\/wp-json\/wp\/v2\/product"}],"about":[{"href":"https:\/\/widevape.com\/da\/wp-json\/wp\/v2\/types\/product"}],"replies":[{"embeddable":true,"href":"https:\/\/widevape.com\/da\/wp-json\/wp\/v2\/comments?post=17260"}],"wp:featuredmedia":[{"embeddable":true,"href":"https:\/\/widevape.com\/da\/wp-json\/wp\/v2\/media\/17327"}],"wp:attachment":[{"href":"https:\/\/widevape.com\/da\/wp-json\/wp\/v2\/media?parent=17260"}],"wp:term":[{"taxonomy":"product_brand","embeddable":true,"href":"https:\/\/widevape.com\/da\/wp-json\/wp\/v2\/product_brand?post=17260"},{"taxonomy":"product_cat","embeddable":true,"href":"https:\/\/widevape.com\/da\/wp-json\/wp\/v2\/product_cat?post=17260"},{"taxonomy":"product_tag","embeddable":true,"href":"https:\/\/widevape.com\/da\/wp-json\/wp\/v2\/product_tag?post=17260"}],"curies":[{"name":"wp","href":"https:\/\/api.w.org\/{rel}","templated":true}]}}