{"id":17941,"date":"2025-02-14T09:34:07","date_gmt":"2025-02-14T08:34:07","guid":{"rendered":"https:\/\/widevape.com\/?post_type=product&#038;p=17941"},"modified":"2025-09-03T12:19:30","modified_gmt":"2025-09-03T10:19:30","slug":"aivono-aim-winner-6000-traek-0-2-5-nikotin-genopladelig-hoj-ydeevne-engangs-e-cigaret-grossist-bulk-kob","status":"publish","type":"product","link":"https:\/\/widevape.com\/da\/product\/aivono-aim-winner-6000-zuege-0-2-5-nikotin-wiederaufladbare-hochleistungs-einweg-e-zigarette-grosshandel-bulk-kauf\/","title":{"rendered":"AIVONO AIM WINNER 6000 tr\u00e6k 0% 2% 5% Nikotin genopladelig h\u00f8jtydende engangs-e-cigaret storhandel og bulk-k\u00f8b"},"content":{"rendered":"<div style=\"width: 1020px;\" class=\"wp-video\"><video class=\"wp-video-shortcode\" id=\"video-17941-1\" width=\"1020\" height=\"596\" preload=\"metadata\" controls=\"controls\"><source type=\"video\/mp4\" src=\"https:\/\/widevape.com\/wp-content\/uploads\/2025\/02\/AIVONO-AIM-WINNER-6000.mp4?_=1\" \/><a href=\"https:\/\/widevape.com\/wp-content\/uploads\/2025\/02\/AIVONO-AIM-WINNER-6000.mp4\">https:\/\/widevape.com\/wp-content\/uploads\/2025\/02\/AIVONO-AIM-WINNER-6000.mp4<\/a><\/video><\/div>\n<h2 class=\"mb-2 mt-6 text-lg font-[500] first:mt-3\"><a href=\"https:\/\/widevape.com\/product-category\/aivono-einweg-e-zigaretten\/\">AIVONO<\/a> AIM WINNER 6000 Z\u00fcge: Die ultimative Einweg-E-Zigarette f\u00fcr Gro\u00dfhandel und Bulk-K\u00e4ufe<\/h2>\n<p class=\"my-0\">Die\u00a0<strong>AIVONO AIM WINNER 6000 Z\u00fcge<\/strong>\u00a0ist eine hochmoderne Einweg-E-Zigarette, die speziell f\u00fcr anspruchsvolle Dampfer entwickelt wurde. Mit ihrer beeindruckenden Leistung, einer Vielzahl an Geschmacksrichtungen und einer benutzerfreundlichen Handhabung ist sie die ideale Wahl f\u00fcr Einzelkunden sowie Gro\u00dfh\u00e4ndler. WideVape, Europas f\u00fchrende Plattform f\u00fcr den Gro\u00dfhandel von Einweg-Vapes in Deutschland, den Niederlanden, Belgien und Spanien, bietet Ihnen die M\u00f6glichkeit, dieses Premium-Produkt zu unschlagbaren Preisen in gro\u00dfen Mengen zu erwerben.<\/p>\n<h2 class=\"mb-xs mt-5 text-base font-[525] first:mt-3\"><strong>Hauptmerkmale<\/strong><\/h2>\n<ul class=\"marker:text-textOff list-disc\">\n<li>\n<p class=\"my-0\"><strong>Zug-Kapazit\u00e4t:<\/strong>\u00a0Bis zu <a href=\"https:\/\/widevape.com\/product-category\/einweg-e-zigaretten-nach-zuegen\/6000-zuege-einweg-e-zigaretten\/\">6000 Z\u00fcge<\/a> \u2013 ideal f\u00fcr langanhaltendes Dampfen.<\/p>\n<\/li>\n<li>\n<p class=\"my-0\"><strong>E-Liquid-Volumen:<\/strong>\u00a015ml Tankkapazit\u00e4t f\u00fcr intensiven Geschmack.<\/p>\n<\/li>\n<li>\n<p class=\"my-0\"><strong>Batterie:<\/strong>\u00a0Hochwertige 18250 Pure-Cobalt-Batterie mit 600mAh.<\/p>\n<\/li>\n<li>\n<p class=\"my-0\"><strong>Widerstand:<\/strong>\u00a0Ausgestattet mit einer 1,2\u03a9 Mesh-Coil f\u00fcr gleichm\u00e4\u00dfige Dampfproduktion.<\/p>\n<\/li>\n<li>\n<p class=\"my-0\"><strong>Nikotinoptionen:<\/strong>\u00a0Erh\u00e4ltlich mit 0%, 2% oder 5% Nikotinst\u00e4rke.<\/p>\n<\/li>\n<li>\n<p class=\"my-0\"><strong>Wiederaufladbar:<\/strong>\u00a0Type-C-Ladeanschluss f\u00fcr schnelles und bequemes Aufladen.<\/p>\n<\/li>\n<li>\n<p class=\"my-0\"><strong>Gr\u00f6\u00dfe:<\/strong>\u00a0Kompakte Ma\u00dfe von 30mm x 110mm \u2013 perfekt f\u00fcr unterwegs.<\/p>\n<\/li>\n<li>\n<p class=\"my-0\"><strong>Gewicht:<\/strong>\u00a0Leichtes Design mit nur 75g pro Einheit.<\/p>\n<\/li>\n<li>\n<p class=\"my-0\"><strong>Individuelle Anpassung:<\/strong>\u00a0Unterst\u00fctzt OEM\/ODM f\u00fcr ma\u00dfgeschneiderte L\u00f6sungen.<\/p>\n<\/li>\n<li>\n<p class=\"my-0\"><strong>Verpackung:<\/strong>\u00a0Kleinbox (28mm x 27mm x 126mm) oder Gro\u00dfbox (60mm x 141mm x 129mm), Standardkarton enth\u00e4lt bis zu 300 St\u00fcck.<\/p>\n<\/li>\n<\/ul>\n<h2 class=\"mb-xs mt-5 text-base font-[525] first:mt-3\"><strong>Verf\u00fcgbare Geschmacksrichtungen<\/strong><\/h2>\n<p class=\"my-0\">Die AIVONO AIM WINNER bietet eine breite Palette an Geschmacksrichtungen, die sorgf\u00e4ltig entwickelt wurden, um jeden Geschmack zu treffen:<\/p>\n<ol class=\"marker:text-textOff list-decimal\">\n<li>\n<p class=\"my-0\"><strong>Watermelon Ice<\/strong>: Saftige Wassermelone kombiniert mit einem erfrischenden Hauch von Menthol.<\/p>\n<\/li>\n<li>\n<p class=\"my-0\"><strong>Cool Mint<\/strong>: Frisches Minzaroma f\u00fcr ein belebendes Dampferlebnis.<\/p>\n<\/li>\n<li>\n<p class=\"my-0\"><strong>Banana Ice<\/strong>: S\u00fc\u00dfe Banane trifft auf eine k\u00fchle Brise \u2013 tropisch und erfrischend zugleich.<\/p>\n<\/li>\n<li>\n<p class=\"my-0\"><strong>Blueberry on Ice<\/strong>: Reife Blaubeeren mit einem frostigen Finish.<\/p>\n<\/li>\n<li>\n<p class=\"my-0\"><strong>Peach Ice<\/strong>: Sonnengereifte Pfirsiche gepaart mit einer angenehmen Mentholnote.<\/p>\n<\/li>\n<li>\n<p class=\"my-0\"><strong>Grape Ice<\/strong>: Intensiver Traubengeschmack mit einem eisigen Kick.<\/p>\n<\/li>\n<li>\n<p class=\"my-0\"><strong>Grapefruit Orange<\/strong>: Eine spritzige Mischung aus herber Grapefruit und s\u00fc\u00dfer Orange.<\/p>\n<\/li>\n<li>\n<p class=\"my-0\"><strong>Mango Guava<\/strong>: Exotische Mango trifft auf cremige Guave \u2013 ein tropischer Genuss.<\/p>\n<\/li>\n<li>\n<p class=\"my-0\"><strong>Strawberry Passion Fruit<\/strong>: Fruchtige Erdbeeren kombiniert mit der Exotik von Passionsfrucht.<\/p>\n<\/li>\n<li>\n<p class=\"my-0\"><strong>Orange Soda<\/strong>: Spritziges Orangen-Soda-Aroma \u2013 s\u00fc\u00df und erfrischend.<\/p>\n<\/li>\n<\/ol>\n<p class=\"my-0\">Jede dieser Geschmacksrichtungen wurde speziell entwickelt, um ein intensives und langanhaltendes Aroma zu bieten.<\/p>\n<h2 class=\"mb-xs mt-5 text-base font-[525] first:mt-3\"><strong>Warum bei <a href=\"https:\/\/widevape.com\/\">WideVape<\/a> kaufen?<\/strong><\/h2>\n<p class=\"my-0\">WideVape ist Europas f\u00fchrender Anbieter von <a href=\"https:\/\/widevape.com\/\">Einweg-Vapes<\/a> im Gro\u00dfhandel und bietet zahlreiche Vorteile:<\/p>\n<ul class=\"marker:text-textOff list-disc\">\n<li>\n<p class=\"my-0\"><strong>Langj\u00e4hrige Erfahrung:<\/strong>\u00a0\u00dcber zehn Jahre Erfahrung im Vertrieb von E-Zigaretten in Europa, einschlie\u00dflich Deutschland, den Niederlanden, Belgien und Spanien.<\/p>\n<\/li>\n<li>\n<p class=\"my-0\"><strong>Breites Produktsortiment:<\/strong>\u00a0Wir f\u00fchren renommierte Marken wie RandM Tornado, FIZZY, Elf Box, Vapsolo, Bang Box und viele mehr.<\/p>\n<\/li>\n<li>\n<p class=\"my-0\"><strong>Flexible Zahlungsmethoden:<\/strong>\u00a0Neben PayPal und Kreditkarten akzeptieren wir iDEAL (Niederlande), Bancontact (Belgien) sowie SEPA-Bank\u00fcberweisungen in ganz Europa.<\/p>\n<\/li>\n<li>\n<p class=\"my-0\"><strong>Schnelle Lieferung:<\/strong>\u00a0Zuverl\u00e4ssiger Versand in alle EU-L\u00e4nder.<\/p>\n<\/li>\n<\/ul>\n<h2 class=\"mb-xs mt-5 text-base font-[525] first:mt-3\"><strong>Vorteile des Gro\u00dfhandels bei WideVape<\/strong><\/h2>\n<ol class=\"marker:text-textOff list-decimal\">\n<li>\n<p class=\"my-0\"><strong>Kosteneffizienz:<\/strong>\u00a0Attraktive Rabatte bei gro\u00dfen Bestellmengen.<\/p>\n<\/li>\n<li>\n<p class=\"my-0\"><strong>Individuelle L\u00f6sungen:<\/strong>\u00a0Anpassbare Produkte dank OEM\/ODM-Unterst\u00fctzung.<\/p>\n<\/li>\n<li>\n<p class=\"my-0\"><strong>Zuverl\u00e4ssigkeit:<\/strong>\u00a0Direkte Zusammenarbeit mit Herstellern garantiert h\u00f6chste Qualit\u00e4t.<\/p>\n<\/li>\n<li>\n<p class=\"my-0\"><strong>Erstklassiger Kundenservice:<\/strong>\u00a0Unser Team steht Ihnen bei Fragen oder Problemen jederzeit zur Verf\u00fcgung.<\/p>\n<\/li>\n<\/ol>\n<h2 class=\"mb-xs mt-5 text-base font-[525] first:mt-3\">Fazit<\/h2>\n<p class=\"my-0\">Die AIVONO AIM WINNER 6000 Z\u00fcge ist die perfekte Wahl f\u00fcr alle, die eine hochwertige Einweg-E-Zigarette suchen \u2013 sei es f\u00fcr den pers\u00f6nlichen Gebrauch oder den Gro\u00dfhandel. Mit ihrer innovativen Technologie, den vielf\u00e4ltigen Geschmacksrichtungen und der M\u00f6glichkeit zur individuellen Anpassung erf\u00fcllt sie h\u00f6chste Anspr\u00fcche.<\/p>\n<p class=\"my-0\">Besuchen Sie WideVape noch heute und entdecken Sie unser umfangreiches Sortiment an <a href=\"https:\/\/widevape.com\/\">Einweg-Vapes<\/a>! Profitieren Sie von unseren unschlagbaren Preisen und unserem erstklassigen Service \u2013 Ihr Erfolg beginnt hier!<\/p>\n<p><img decoding=\"async\" src=\"https:\/\/widevape.com\/wp-content\/uploads\/2025\/02\/AIVONO_AIM_WINNER_6000-3.webp\" alt=\"AIVONO AIM WINNER 6000 Z\u00fcge 0% 2% 5% Nikotin Wiederaufladbare Hochleistungs-Einweg-E-Zigarette Gro\u00dfhandel &amp; Bulk-Kauf\" \/><img loading=\"lazy\" decoding=\"async\" class=\"alignnone wp-image-18076 size-full\" src=\"https:\/\/widevape.com\/wp-content\/uploads\/2025\/02\/AIVONO_AIM_WINNER_6000-3-1.webp\" alt=\"AIVONO AIM WINNER 6000 Z\u00fcge 0% 2% 5% Nikotin Wiederaufladbare Hochleistungs-Einweg-E-Zigarette Gro\u00dfhandel &amp; Bulk-Kauf\" width=\"1060\" height=\"772\" srcset=\"https:\/\/widevape.com\/wp-content\/uploads\/2025\/02\/AIVONO_AIM_WINNER_6000-3-1.webp 1060w, https:\/\/widevape.com\/wp-content\/uploads\/2025\/02\/AIVONO_AIM_WINNER_6000-3-1-510x371.webp 510w, https:\/\/widevape.com\/wp-content\/uploads\/2025\/02\/AIVONO_AIM_WINNER_6000-3-1-300x218.webp 300w, https:\/\/widevape.com\/wp-content\/uploads\/2025\/02\/AIVONO_AIM_WINNER_6000-3-1-1024x746.webp 1024w, https:\/\/widevape.com\/wp-content\/uploads\/2025\/02\/AIVONO_AIM_WINNER_6000-3-1-768x559.webp 768w\" sizes=\"auto, (max-width: 1060px) 100vw, 1060px\" \/><\/p>\n<p><img loading=\"lazy\" decoding=\"async\" class=\"alignnone wp-image-18038 size-full\" src=\"https:\/\/widevape.com\/wp-content\/uploads\/2025\/02\/AIVONO_AIM_WINNER_.webp\" alt=\"AIVONO AIM WINNER 6000 Z\u00fcge 0% 2% 5% Nikotin Wiederaufladbare Hochleistungs-Einweg-E-Zigarette Gro\u00dfhandel &amp; Bulk-Kauf\" width=\"1500\" height=\"881\" srcset=\"https:\/\/widevape.com\/wp-content\/uploads\/2025\/02\/AIVONO_AIM_WINNER_.webp 1500w, https:\/\/widevape.com\/wp-content\/uploads\/2025\/02\/AIVONO_AIM_WINNER_-510x300.webp 510w, https:\/\/widevape.com\/wp-content\/uploads\/2025\/02\/AIVONO_AIM_WINNER_-300x176.webp 300w, https:\/\/widevape.com\/wp-content\/uploads\/2025\/02\/AIVONO_AIM_WINNER_-1024x601.webp 1024w, https:\/\/widevape.com\/wp-content\/uploads\/2025\/02\/AIVONO_AIM_WINNER_-768x451.webp 768w\" sizes=\"auto, (max-width: 1500px) 100vw, 1500px\" \/><\/p>\n","protected":false},"excerpt":{"rendered":"<p>Die\u00a0<strong>AIVONO AIM WINNER 6000 Z\u00fcge \n\nbecomes \n\nAIVONO AIM WINNER 6000 tr\u00e6k<\/strong>\u00a0er en h\u00f8j kvalitet, genopladelig engangs-e-cigaret med 6000 tr\u00e6k, 15ml e-v\u00e6ske, valgbare nikotinstyrker (0%, 2%, 5%) og en r\u00e6kke forskellige smagsmuligheder, ideel til engros og bulk-k\u00f8b hos WideVape.<\/p>","protected":false},"featured_media":19299,"comment_status":"open","ping_status":"closed","template":"","meta":[],"product_brand":[],"product_cat":[116,28,37,94,96],"product_tag":[],"class_list":{"0":"post-17941","1":"product","2":"type-product","3":"status-publish","4":"has-post-thumbnail","6":"product_cat-6000-zuege-einweg-e-zigaretten","7":"product_cat-aivono-einweg-e-zigaretten","8":"product_cat-einweg-e-zigaretten","9":"product_cat-einweg-e-zigaretten-mit-niedriger-nikotinstaerke","10":"product_cat-wiederaufladbare-einweg-e-zigaretten","12":"first","13":"outofstock","14":"shipping-taxable","15":"product-type-variable"},"_links":{"self":[{"href":"https:\/\/widevape.com\/da\/wp-json\/wp\/v2\/product\/17941","targetHints":{"allow":["GET"]}}],"collection":[{"href":"https:\/\/widevape.com\/da\/wp-json\/wp\/v2\/product"}],"about":[{"href":"https:\/\/widevape.com\/da\/wp-json\/wp\/v2\/types\/product"}],"replies":[{"embeddable":true,"href":"https:\/\/widevape.com\/da\/wp-json\/wp\/v2\/comments?post=17941"}],"wp:featuredmedia":[{"embeddable":true,"href":"https:\/\/widevape.com\/da\/wp-json\/wp\/v2\/media\/19299"}],"wp:attachment":[{"href":"https:\/\/widevape.com\/da\/wp-json\/wp\/v2\/media?parent=17941"}],"wp:term":[{"taxonomy":"product_brand","embeddable":true,"href":"https:\/\/widevape.com\/da\/wp-json\/wp\/v2\/product_brand?post=17941"},{"taxonomy":"product_cat","embeddable":true,"href":"https:\/\/widevape.com\/da\/wp-json\/wp\/v2\/product_cat?post=17941"},{"taxonomy":"product_tag","embeddable":true,"href":"https:\/\/widevape.com\/da\/wp-json\/wp\/v2\/product_tag?post=17941"}],"curies":[{"name":"wp","href":"https:\/\/api.w.org\/{rel}","templated":true}]}}