{"id":18130,"date":"2025-02-14T11:13:46","date_gmt":"2025-02-14T10:13:46","guid":{"rendered":"https:\/\/widevape.com\/?post_type=product&#038;p=18130"},"modified":"2025-09-03T12:18:24","modified_gmt":"2025-09-03T10:18:24","slug":"aivono-aim-gun-7000-traek-forskellige-smagsstoffer-0-2-3-5-nikotin-stilfuldt-design-genopladelig-engros-til-engangs-e-cigaretter","status":"publish","type":"product","link":"https:\/\/widevape.com\/da\/product\/aivono-aim-gun-7000-zuege-vielfaeltige-aromen-0-2-3-5-nikotin-stilvolles-design-aufladbar-grosshandel-fuer-einweg-e-zigaretten\/","title":{"rendered":"AIVONO AIM GUN 7000 tr\u00e6k Mange forskellige smagsmuligheder, 0% 2% 3% 5% Nikotin, Stilfuldt design, Opladbart, Engros for engangs e-cigaretter."},"content":{"rendered":"<div style=\"width: 1020px;\" class=\"wp-video\"><video class=\"wp-video-shortcode\" id=\"video-18130-1\" width=\"1020\" height=\"574\" preload=\"metadata\" controls=\"controls\"><source type=\"video\/mp4\" src=\"https:\/\/widevape.com\/wp-content\/uploads\/2025\/02\/AIVONO-AIM-GUN-7000.mp4?_=1\" \/><a href=\"https:\/\/widevape.com\/wp-content\/uploads\/2025\/02\/AIVONO-AIM-GUN-7000.mp4\">https:\/\/widevape.com\/wp-content\/uploads\/2025\/02\/AIVONO-AIM-GUN-7000.mp4<\/a><\/video><\/div>\n<h2 class=\"mb-2 mt-6 text-lg font-[500] first:mt-3\"><a href=\"https:\/\/widevape.com\/product-category\/aivono-einweg-e-zigaretten\/\">AIVONO<\/a> AIM GUN 7000 Z\u00fcge: Der Ultimative Einweg-Vape f\u00fcr Genie\u00dfer<\/h2>\n<p class=\"my-0\">Entdecken Sie den\u00a0<strong>AIVONO AIM GUN 7000 Z\u00fcge<\/strong>, die neueste Innovation im Bereich der Einweg-Vapes, die sowohl Stil als auch Leistung vereint. Mit beeindruckenden\u00a0<strong>7000 Z\u00fcgen<\/strong>\u00a0bietet dieses Ger\u00e4t eine langanhaltende Dampf-Erfahrung, die ideal f\u00fcr Gelegenheitsnutzer und leidenschaftliche Dampfer ist. Der AIVONO AIM GUN ist nicht nur funktional, sondern auch \u00e4sthetisch ansprechend, was ihn zur perfekten Wahl f\u00fcr alle macht, die ihr Dampferlebnis auf ein neues Niveau heben m\u00f6chten.<\/p>\n<h2 class=\"mb-xs mt-5 text-base font-[525] first:mt-3\">Hauptmerkmale<\/h2>\n<ol>\n<li>Hohe Zuganzahl: Genie\u00dfen Sie bis zu\u00a0<a href=\"https:\/\/widevape.com\/product-category\/einweg-e-zigaretten-nach-zuegen\/7000-zuege-einweg-e-zigaretten\/\">7000 Z\u00fcge<\/a>, perfekt f\u00fcr ausgedehnte Nutzung ohne st\u00e4ndige Wechsel.<\/li>\n<li>E-Liquid-Kapazit\u00e4t: Mit einem Fassungsverm\u00f6gen von 12 ml E-Liquid haben Sie ausreichend Nachschub f\u00fcr lange Dampfsessions.<\/li>\n<li>Akku-Spezifikationen:Wiederaufladbar 600mAh, der \u00fcber den Type-C-Anschluss wiederaufladbar ist.<\/li>\n<li>Widerstand des Coils: Verwendet einen 1.2\u03a9 Mesh-Coil, der f\u00fcr einen gleichm\u00e4\u00dfigen Dampf und intensiven Geschmack sorgt.<\/li>\n<li>Kompakte Abmessungen: Mit den Ma\u00dfen von 31 mm x 25 mm x 100 mm \uff0cGewicht 55 g\uff0c ist das Ger\u00e4t handlich und leicht zu transportieren.<\/li>\n<li>Anpassbare Optionen: Unterst\u00fctzt OEM\/ODM, sodass Unternehmen ihre Produkte individuell gestalten k\u00f6nnen.<\/li>\n<li>Nikotinvarianten: Erh\u00e4ltlich in drei Nikotinst\u00e4rken: 0%, 2%, 3% und 5%, um unterschiedlichen Vorlieben gerecht zu werden.<\/li>\n<\/ol>\n<h2 class=\"mb-xs mt-5 text-base font-[525] first:mt-3\">Geschmacksvielfalt<\/h2>\n<p class=\"my-0\">Der AIVONO AIM GUN kommt in einer verlockenden Auswahl an Geschm\u00e4ckern, die darauf ausgelegt sind, Ihre Geschmacksknospen zu verw\u00f6hnen:<\/p>\n<ol class=\"marker:text-textOff list-decimal\">\n<li>\n<p class=\"my-0\"><strong>Pineapple Coconut Ice<\/strong>: Eine tropische Kombination aus s\u00fc\u00dfer Ananas und cremiger Kokosnuss mit einem erfrischenden Eiskick.<\/p>\n<\/li>\n<li>\n<p class=\"my-0\"><strong>Strawberry Ice Cream<\/strong>: Der klassische Geschmack reifer Erdbeeren vereint sich mit cremiger Eiscreme f\u00fcr ein s\u00fc\u00dfes und cremiges Erlebnis.<\/p>\n<\/li>\n<li>\n<p class=\"my-0\"><strong>Strawberry Watermelon Peach<\/strong>: Eine harmonische Mischung aus saftigen Erdbeeren, erfrischender Wassermelone und saftigen Pfirsichen f\u00fcr einen fruchtigen Genuss.<\/p>\n<\/li>\n<li>\n<p class=\"my-0\"><strong>Blueberry Raspberry Lemon<\/strong>: Eine spritzige Mischung aus Blaubeeren und Himbeeren, erg\u00e4nzt durch zesty Zitrone f\u00fcr eine erfrischende Wendung.<\/p>\n<\/li>\n<li>\n<p class=\"my-0\"><strong>Watermelon Ic<\/strong>: Knackiger Wassermelonen-Geschmack kombiniert mit einem k\u00fchlen Finish f\u00fcr ein erfrischendes Dampferlebnis.<\/p>\n<\/li>\n<li>\n<p class=\"my-0\"><strong>Mixed Berries<\/strong>: Eine k\u00f6stliche Mischung aus verschiedenen Beeren, die den Sommer in jedem Zug einf\u00e4ngt.<\/p>\n<\/li>\n<li>\n<p class=\"my-0\"><strong>Blueberry Ice<\/strong>: S\u00fc\u00dfe Blaubeeren gepaart mit einem eisigen Finish f\u00fcr eine erfrischende Neuinterpretation dieses klassischen Geschmacks.<\/p>\n<\/li>\n<li>\n<p class=\"my-0\"><strong>Peach Ice<\/strong>: Saftige Pfirsiche kombiniert mit einer k\u00fchlen Brise \u2013 perfekt f\u00fcr alle Fruchtliebhaber.<\/p>\n<\/li>\n<li>\n<p class=\"my-0\"><strong>Grape Ice<\/strong>: S\u00fc\u00dfe Trauben vermischt mit eisigen Noten schaffen ein erfrischendes und geschmackvolles Erlebnis.<\/p>\n<\/li>\n<li>\n<p class=\"my-0\"><strong>Strawberry Banana<\/strong>: Die perfekte Kombination aus s\u00fc\u00dfen Erdbeeren und cremigen Bananen f\u00fcr einen k\u00f6stlich glatten Vape.<\/p>\n<\/li>\n<\/ol>\n<h2 class=\"mb-xs mt-5 text-base font-[525] first:mt-3\">Warum <a href=\"https:\/\/widevape.com\/\">WideVape<\/a> w\u00e4hlen?<\/h2>\n<p class=\"my-0\">Bei WideVape sind wir darauf spezialisiert, hochwertige <a href=\"https:\/\/widevape.com\/\">Einweg-Vapes<\/a> zu wettbewerbsf\u00e4higen Preisen anzubieten. Unsere umfangreiche Auswahl umfasst beliebte Marken wie Bang Box, RandM Tornado und viele mehr, um sicherzustellen, dass Sie genau das finden, was Sie ben\u00f6tigen. Wir sind bestrebt, Mengenrabatte auf alle unsere Produkte anzubieten, was uns zum idealen Ziel f\u00fcr Einzelh\u00e4ndler in ganz Europa macht.<\/p>\n<p class=\"my-0\">Unsere Plattform ist so konzipiert, dass sie einfache Bestellungen und sichere Zahlungsoptionen erm\u00f6glicht, darunter PayPal, Kreditkarten, iDEAL (Niederlande), Bancontact (Belgien) und SEPA-Bank\u00fcberweisungen in ganz Europa.<\/p>\n<h2 class=\"mb-xs mt-5 text-base font-[525] first:mt-3\">Fazit<\/h2>\n<p class=\"my-0\">Steigern Sie Ihr Dampferlebnis mit dem AIVONO AIM GUN 7000 Z\u00fcge Einweg-Vape. Mit seinem stilvollen Design, beeindruckenden Funktionen und vielf\u00e4ltigen Geschmacksoptionen ist er perfekt f\u00fcr sowohl neue Nutzer als auch erfahrene Dampfer. Besuchen Sie WideVape noch heute, um unser vollst\u00e4ndiges Sortiment an <a href=\"https:\/\/widevape.com\/\">Einweg-Vapes<\/a> zu erkunden und exklusive Rabatte beim Gro\u00dfkauf zu genie\u00dfen!<\/p>\n<p><img loading=\"lazy\" decoding=\"async\" class=\"alignnone\" src=\"https:\/\/widevape.com\/wp-content\/uploads\/2025\/02\/AIVONO_AIM_GUN_7000-4-2.webp\" alt=\"AIVONO AIM GUN 7000 Z\u00fcge Vielf\u00e4ltige Aromen, 0% 2% 3% 5% Nikotin, Stilvolles Design, Aufladbar, Gro\u00dfhandel f\u00fcr Einweg E-Zigaretten.\" width=\"800\" height=\"800\" \/><\/p>\n<p><img loading=\"lazy\" decoding=\"async\" class=\"alignnone wp-image-18139 size-full\" src=\"https:\/\/widevape.com\/wp-content\/uploads\/2025\/02\/AIVONO_AIM_GUN_7000.webp\" alt=\"AIVONO AIM GUN 7000 Z\u00fcge Vielf\u00e4ltige Aromen, 0% 2% 3% 5% Nikotin, Stilvolles Design, Aufladbar, Gro\u00dfhandel f\u00fcr Einweg E-Zigaretten.\" width=\"1000\" height=\"1000\" srcset=\"https:\/\/widevape.com\/wp-content\/uploads\/2025\/02\/AIVONO_AIM_GUN_7000.webp 1000w, https:\/\/widevape.com\/wp-content\/uploads\/2025\/02\/AIVONO_AIM_GUN_7000-247x247.webp 247w, https:\/\/widevape.com\/wp-content\/uploads\/2025\/02\/AIVONO_AIM_GUN_7000-100x100.webp 100w, https:\/\/widevape.com\/wp-content\/uploads\/2025\/02\/AIVONO_AIM_GUN_7000-510x510.webp 510w, https:\/\/widevape.com\/wp-content\/uploads\/2025\/02\/AIVONO_AIM_GUN_7000-300x300.webp 300w, https:\/\/widevape.com\/wp-content\/uploads\/2025\/02\/AIVONO_AIM_GUN_7000-150x150.webp 150w, https:\/\/widevape.com\/wp-content\/uploads\/2025\/02\/AIVONO_AIM_GUN_7000-768x768.webp 768w\" sizes=\"auto, (max-width: 1000px) 100vw, 1000px\" \/><\/p>\n","protected":false},"excerpt":{"rendered":"<p>AIVONO AIM GUN 7000 tr\u00e6k er en stilfuld og kraftfuld engangs-vape med en kapacitet p\u00e5 12 ml e-v\u00e6ske, et genopladeligt 600mAh batteri og en r\u00e6kke forskellige smagsmuligheder, ideel til dampere, der s\u00f8ger en langvarig og tilfredsstillende dampoplevelse.<\/p>","protected":false},"featured_media":18132,"comment_status":"open","ping_status":"closed","template":"","meta":[],"product_brand":[],"product_cat":[117,28,37,94,96],"product_tag":[],"class_list":{"0":"post-18130","1":"product","2":"type-product","3":"status-publish","4":"has-post-thumbnail","6":"product_cat-7000-zuege-einweg-e-zigaretten","7":"product_cat-aivono-einweg-e-zigaretten","8":"product_cat-einweg-e-zigaretten","9":"product_cat-einweg-e-zigaretten-mit-niedriger-nikotinstaerke","10":"product_cat-wiederaufladbare-einweg-e-zigaretten","12":"first","13":"outofstock","14":"shipping-taxable","15":"product-type-variable"},"_links":{"self":[{"href":"https:\/\/widevape.com\/da\/wp-json\/wp\/v2\/product\/18130","targetHints":{"allow":["GET"]}}],"collection":[{"href":"https:\/\/widevape.com\/da\/wp-json\/wp\/v2\/product"}],"about":[{"href":"https:\/\/widevape.com\/da\/wp-json\/wp\/v2\/types\/product"}],"replies":[{"embeddable":true,"href":"https:\/\/widevape.com\/da\/wp-json\/wp\/v2\/comments?post=18130"}],"wp:featuredmedia":[{"embeddable":true,"href":"https:\/\/widevape.com\/da\/wp-json\/wp\/v2\/media\/18132"}],"wp:attachment":[{"href":"https:\/\/widevape.com\/da\/wp-json\/wp\/v2\/media?parent=18130"}],"wp:term":[{"taxonomy":"product_brand","embeddable":true,"href":"https:\/\/widevape.com\/da\/wp-json\/wp\/v2\/product_brand?post=18130"},{"taxonomy":"product_cat","embeddable":true,"href":"https:\/\/widevape.com\/da\/wp-json\/wp\/v2\/product_cat?post=18130"},{"taxonomy":"product_tag","embeddable":true,"href":"https:\/\/widevape.com\/da\/wp-json\/wp\/v2\/product_tag?post=18130"}],"curies":[{"name":"wp","href":"https:\/\/api.w.org\/{rel}","templated":true}]}}