{"id":25269,"date":"2025-02-28T10:40:31","date_gmt":"2025-02-28T09:40:31","guid":{"rendered":"https:\/\/widevape.com\/?post_type=product&#038;p=25269"},"modified":"2026-01-17T10:06:29","modified_gmt":"2026-01-17T09:06:29","slug":"bang-starry-25000-traek-3d-kurve-skaerm-0-2-3-5-lav-nikotin-engros-flere-smagsmuligheder-genopladelige-engangs-vape-penne","status":"publish","type":"product","link":"https:\/\/widevape.com\/da\/product\/bang-starry-25000-zuege-3d-kurvenbildschirm-0-2-3-5-niedriger-nikotin-grosshandel-mehrere-geschmacksrichtungen-aufladbare-einweg-vape-stifte\/","title":{"rendered":"Bang Starry 25000 tr\u00e6k 3D-kurvesk\u00e6rm 0% 2% 3% 5% Lav nikotin engros flere smagsmuligheder genopladelig engangs vape-penne"},"content":{"rendered":"<div style=\"width: 720px;\" class=\"wp-video\"><video class=\"wp-video-shortcode\" id=\"video-25269-1\" width=\"720\" height=\"1280\" preload=\"metadata\" controls=\"controls\"><source type=\"video\/mp4\" src=\"https:\/\/widevape.com\/wp-content\/uploads\/2025\/02\/Bang-Starry-25000.mp4?_=1\" \/><a href=\"https:\/\/widevape.com\/wp-content\/uploads\/2025\/02\/Bang-Starry-25000.mp4\">https:\/\/widevape.com\/wp-content\/uploads\/2025\/02\/Bang-Starry-25000.mp4<\/a><\/video><\/div>\n<h2 class=\"mb-2 mt-6 text-lg font-[500] first:mt-3\">Einf\u00fchrung in die <a href=\"https:\/\/widevape.com\/product-category\/bang-einweg-e-zigaretten\/\">Bang<\/a> Starry 25000 Z\u00fcge Einweg-Vape<\/h2>\n<p class=\"my-0\">Die\u00a0<strong>Bang Starry 25000 Z\u00fcge<\/strong> ist eine bahnbrechende Einweg-Vape, die Haltbarkeit, Stil und Funktionalit\u00e4t in sich vereint. Mit einer beeindruckenden Kapazit\u00e4t von 25.000 Z\u00fcgen, einem aufladbaren Akku und mehreren Nikotinst\u00e4rken ist dieses Ger\u00e4t ideal f\u00fcr den langfristigen Gebrauch. Bei WideVape bieten wir die\u00a0<strong>Bang Starry 25000 Z\u00fcge<\/strong> als Teil unseres umfangreichen Angebots an Einweg-Vape an, das sich an den europ\u00e4ischen Markt richtet und schnelle sowie zuverl\u00e4ssige Lieferungen bietet.<\/p>\n<h2 class=\"mb-xs mt-5 text-base font-[525] first:mt-3\">Schl\u00fcsselmerkmale der Bang Starry <a href=\"https:\/\/widevape.com\/product-category\/einweg-e-zigaretten-nach-zuegen\/25000-zuege-einweg-e-zigaretten\/\">25000 Z\u00fcge<\/a><\/h2>\n<ul class=\"marker:text-textOff list-disc\">\n<li>\n<p class=\"my-0\"><strong>Haltbarkeit<\/strong>: Bietet bis zu 25.000 Z\u00fcge, was sie f\u00fcr den langfristigen Gebrauch geeignet macht.<\/p>\n<\/li>\n<li>\n<p class=\"my-0\"><strong>Akku-Kapazit\u00e4t<\/strong>: Ausgestattet mit einem 800mAh aufladbaren Akku und einem Type-C-Anschluss.<\/p>\n<\/li>\n<li>\n<p class=\"my-0\"><strong>E-Liquid-Kapazit\u00e4t<\/strong>: Verf\u00fcgt \u00fcber ein gro\u00dfz\u00fcgiges 28ml-Reservoir, das h\u00e4ufige Nachf\u00fcllungen reduziert.<\/p>\n<\/li>\n<li>\n<p class=\"my-0\"><strong>Netzcoil<\/strong>: Nutzt eine 1,0\u03a9 Netzcoil f\u00fcr optimale Dampf- und Geschmacksentwicklung.<\/p>\n<\/li>\n<li>\n<p class=\"my-0\"><strong>3D-Kurvenbildschirm<\/strong>: Zeigt den Akku- und Fl\u00fcssigkeitsstand in Echtzeit an.<\/p>\n<\/li>\n<li>\n<p class=\"my-0\"><strong>Sternen-Design<\/strong>: Verbessert das Vaping-Erlebnis durch einen Sterneneffekt beim Gebrauch.<\/p>\n<\/li>\n<li>\n<p class=\"my-0\"><strong>Anpassungsm\u00f6glichkeiten<\/strong>: Unterst\u00fctzt OEM\/ODM-Anpassungen f\u00fcr individuelle Marken.<\/p>\n<\/li>\n<\/ul>\n<h2 class=\"mb-2 mt-6 text-lg font-[500] first:mt-3\">Geschmacksrichtungen<\/h2>\n<p class=\"my-0\">Die\u00a0<strong>Bang Starry 25000 Z\u00fcge<\/strong>\u00a0ist in einer Vielzahl von Geschmacksrichtungen erh\u00e4ltlich, jede sorgf\u00e4ltig entwickelt, um ein einzigartiges Vaping-Erlebnis zu bieten:<\/p>\n<ol class=\"marker:text-textOff list-decimal\">\n<li>\n<p class=\"my-0\"><strong>Strawberry Watermelon<\/strong>: Eine erfrischende Mischung aus s\u00fc\u00dfen Erdbeeren und saftiger Wassermelone, ideal f\u00fcr warme Tage.<\/p>\n<\/li>\n<li>\n<p class=\"my-0\"><strong>Cherry Soda<\/strong>: F\u00e4ngt den Geschmack von klassischer Kirsch-Limonade mit einem sprudelnden Twist ein, bietet einen nostalgischen Geschmack.<\/p>\n<\/li>\n<li>\n<p class=\"my-0\"><strong>Peach Ice<\/strong>: Kombiniert die S\u00fc\u00dfe reifer Pfirsiche mit einem k\u00fchlen, eisigen Finish f\u00fcr einen erfrischenden Vape.<\/p>\n<\/li>\n<li>\n<p class=\"my-0\"><strong>Kiwi Passion Fruit<\/strong>: Eine tropische Mischung aus Kiwi und Passionsfrucht, die ein fruchtiges und belebendes Erlebnis bietet.<\/p>\n<\/li>\n<li>\n<p class=\"my-0\"><strong>Watermelon Ice<\/strong>: Eine k\u00fchle und erfrischende Variante der Wassermelone, ideal f\u00fcr diejenigen, die einen gek\u00fchlten Vape bevorzugen.<\/p>\n<\/li>\n<li>\n<p class=\"my-0\"><strong>Red Bull<\/strong>: Inspiriert von dem beliebten Energy-Drink, bietet dieser Geschmack einen kr\u00e4ftigen und energiegeladenen Geschmack.<\/p>\n<\/li>\n<li>\n<p class=\"my-0\"><strong>Grape Ice<\/strong>: Ein s\u00fc\u00dfer und eisiger Traubengeschmack, der sowohl beruhigend als auch zufriedenstellend ist.<\/p>\n<\/li>\n<li>\n<p class=\"my-0\"><strong>Blueberry Ice<\/strong>: Ein klassischer Blaubeerengeschmack mit einem k\u00fchlen Twist, perfekt f\u00fcr diejenigen, die fruchtige Geschmacksrichtungen m\u00f6gen.<\/p>\n<\/li>\n<li>\n<p class=\"my-0\"><strong>Strawberry Banana<\/strong>: Eine s\u00fc\u00dfe Mischung aus reifen Erdbeeren und Bananen, bietet ein cremiges und fruchtiges Erlebnis.<\/p>\n<\/li>\n<li>\n<p class=\"my-0\"><strong>Lemon Mint<\/strong>: Eine erfrischende Kombination aus zitroniger Zitrusnote und k\u00fchlender Minze, ideal f\u00fcr diejenigen, die ein belebendes Vaping-Erlebnis suchen.<\/p>\n<\/li>\n<li>\n<p class=\"my-0\"><strong>Double Apple<\/strong>: Ein reicher und fruchtiger Apfelgeschmack, verdoppelt f\u00fcr ein intensives Geschmackserlebnis.<\/p>\n<\/li>\n<li>\n<p class=\"my-0\"><strong>Mango Ice<\/strong>: Ein tropischer Mangogeschmack mit einem k\u00fchlen Finish, perfekt f\u00fcr warmes Wetter.<\/p>\n<\/li>\n<li>\n<p class=\"my-0\"><strong>Pineapple Ice<\/strong>: Ein s\u00fc\u00dfer und eisiger Ananasgeschmack, der sowohl erfrischend als auch belebend ist.<\/p>\n<\/li>\n<li>\n<p class=\"my-0\"><strong>Cola Ice<\/strong>: Eine k\u00fchle Variante der klassischen Cola, bietet einen vertrauten, aber erfrischenden Geschmack.<\/p>\n<\/li>\n<li>\n<p class=\"my-0\"><strong>Guava<\/strong>: Exotic guava flavor provides a sweet yet slightly tangy tropical experience.<\/p>\n<\/li>\n<\/ol>\n<h2 class=\"mb-2 mt-6 text-lg font-[500] first:mt-3\">Warum <a href=\"https:\/\/widevape.com\/\">WideVape<\/a> f\u00fcr Ihre Disposable Vape-Bed\u00fcrfnisse w\u00e4hlen?<\/h2>\n<p class=\"my-0\">WideVape ist der f\u00fchrende Online-Gro\u00dfhandelsplattform f\u00fcr <a href=\"https:\/\/widevape.com\/\">Einweg-Vape<\/a> in Europa, bedient M\u00e4rkte wie Deutschland, Niederlande, Belgien und Spanien. Wir bieten ein umfangreiches Sortiment an Top-Marken wie RandM Tornado, FIZZY, Al Fakher, Waspe, Vapme, Bang Box, Bang King, Doloda, Elf Box, Vapsolo, FluuM, BIMO, Smokman, Kangertech, Aupo, Old School, Waspe, Vapsolo und SFOG. Unser Engagement f\u00fcr Qualit\u00e4t, wettbewerbsf\u00e4hige Preise und schnelle Lieferungen stellt sicher, dass Sie die besten Produkte f\u00fcr Ihr Gesch\u00e4ft erhalten.<\/p>\n<h2 class=\"mb-xs mt-5 text-base font-[525] first:mt-3\">Zahlungsoptionen<\/h2>\n<p class=\"my-0\">Wir bieten bequeme Zahlungsoptionen wie PayPal, Kreditkarten, iDEAL f\u00fcr die Niederlande, Bancontact f\u00fcr Belgien und SEPA-Bank\u00fcberweisungen f\u00fcr andere europ\u00e4ische L\u00e4nder an.<\/p>\n<h2 class=\"mb-xs mt-5 text-base font-[525] first:mt-3\">Vorteile beim Gro\u00dfkauf<\/h2>\n<p class=\"my-0\">Bei WideVape bedienen wir sowohl Einzel- als auch Gro\u00dfkunden und bieten Rabatte bei Gro\u00dfbestellungen sowie schnelle, versicherte Lieferungen in die gesamte EU. Ob Sie nach den neuesten Einweg-Vape suchen oder neue Geschmacksrichtungen erkunden m\u00f6chten, wir haben alles, was Sie ben\u00f6tigen, um die Bed\u00fcrfnisse Ihrer Kunden zu erf\u00fcllen.<\/p>\n<h2 class=\"mb-2 mt-6 text-lg font-[500] first:mt-3\">Fazit<\/h2>\n<p class=\"my-0\">Die\u00a0<strong>Bang Starry 25000 Z\u00fcge<\/strong> ist eine au\u00dfergew\u00f6hnliche Wahl f\u00fcr diejenigen, die nach einer zuverl\u00e4ssigen, funktionsreichen Disposable Vape suchen. Mit ihrer beeindruckenden Haltbarkeit, Anpassungsm\u00f6glichkeiten und breiten Palette an Geschmacksrichtungen ist sie ideal sowohl f\u00fcr den pers\u00f6nlichen Gebrauch als auch f\u00fcr den Gro\u00dfkauf. Besuchen Sie WideVape heute, um unser umfangreiches Angebot an <a href=\"https:\/\/widevape.com\/\">Einweg-Vape<\/a> zu erkunden und den Vorteil des Gro\u00dfkaufs mit Sicherheit zu nutzen.<\/p>\n<p><img loading=\"lazy\" decoding=\"async\" class=\"alignnone wp-image-25378 size-full\" src=\"https:\/\/widevape.com\/wp-content\/uploads\/2025\/02\/Bang_Starry_250001.webp\" alt=\"Bang Starry 25000 Z\u00fcge 3D-Kurvenbildschirm 0% 2% 3% 5% Niedriger Nikotin Gro\u00dfhandel Mehrere Geschmacksrichtungen Aufladbare Einweg-Vape-Stifte\" width=\"1000\" height=\"1000\" srcset=\"https:\/\/widevape.com\/wp-content\/uploads\/2025\/02\/Bang_Starry_250001.webp 1000w, https:\/\/widevape.com\/wp-content\/uploads\/2025\/02\/Bang_Starry_250001-247x247.webp 247w, https:\/\/widevape.com\/wp-content\/uploads\/2025\/02\/Bang_Starry_250001-100x100.webp 100w, https:\/\/widevape.com\/wp-content\/uploads\/2025\/02\/Bang_Starry_250001-510x510.webp 510w, https:\/\/widevape.com\/wp-content\/uploads\/2025\/02\/Bang_Starry_250001-300x300.webp 300w, https:\/\/widevape.com\/wp-content\/uploads\/2025\/02\/Bang_Starry_250001-150x150.webp 150w, https:\/\/widevape.com\/wp-content\/uploads\/2025\/02\/Bang_Starry_250001-768x768.webp 768w\" sizes=\"auto, (max-width: 1000px) 100vw, 1000px\" \/><\/p>\n","protected":false},"excerpt":{"rendered":"<p>Die\u00a0<strong>Bang Starry 25000 tog<\/strong> er en innovativ engangs-vape, der kendetegnes ved sin imponerende holdbarhed, opladningsbar batteri og alsidige smagsmuligheder, ideel til l\u00e6ngerevarende brug og st\u00f8rre indk\u00f8b.<\/p>","protected":false},"featured_media":25381,"comment_status":"open","ping_status":"closed","template":"","meta":[],"product_brand":[],"product_cat":[108,33,92,37,94,90,96],"product_tag":[],"class_list":{"0":"post-25269","1":"product","2":"type-product","3":"status-publish","4":"has-post-thumbnail","6":"product_cat-25000-zuege-einweg-e-zigaretten","7":"product_cat-bang-einweg-e-zigaretten","8":"product_cat-digitale-box-einweg-e-zigaretten","9":"product_cat-einweg-e-zigaretten","10":"product_cat-einweg-e-zigaretten-mit-niedriger-nikotinstaerke","11":"product_cat-grosse-einweg-e-zigaretten","12":"product_cat-wiederaufladbare-einweg-e-zigaretten","14":"first","15":"outofstock","16":"shipping-taxable","17":"purchasable","18":"product-type-variable"},"_links":{"self":[{"href":"https:\/\/widevape.com\/da\/wp-json\/wp\/v2\/product\/25269","targetHints":{"allow":["GET"]}}],"collection":[{"href":"https:\/\/widevape.com\/da\/wp-json\/wp\/v2\/product"}],"about":[{"href":"https:\/\/widevape.com\/da\/wp-json\/wp\/v2\/types\/product"}],"replies":[{"embeddable":true,"href":"https:\/\/widevape.com\/da\/wp-json\/wp\/v2\/comments?post=25269"}],"wp:featuredmedia":[{"embeddable":true,"href":"https:\/\/widevape.com\/da\/wp-json\/wp\/v2\/media\/25381"}],"wp:attachment":[{"href":"https:\/\/widevape.com\/da\/wp-json\/wp\/v2\/media?parent=25269"}],"wp:term":[{"taxonomy":"product_brand","embeddable":true,"href":"https:\/\/widevape.com\/da\/wp-json\/wp\/v2\/product_brand?post=25269"},{"taxonomy":"product_cat","embeddable":true,"href":"https:\/\/widevape.com\/da\/wp-json\/wp\/v2\/product_cat?post=25269"},{"taxonomy":"product_tag","embeddable":true,"href":"https:\/\/widevape.com\/da\/wp-json\/wp\/v2\/product_tag?post=25269"}],"curies":[{"name":"wp","href":"https:\/\/api.w.org\/{rel}","templated":true}]}}