{"id":25792,"date":"2025-03-01T07:22:12","date_gmt":"2025-03-01T06:22:12","guid":{"rendered":"https:\/\/widevape.com\/?post_type=product&#038;p=25792"},"modified":"2026-01-19T02:21:11","modified_gmt":"2026-01-19T01:21:11","slug":"myde-crystal-bar-600-pufke-flere-smagsmuligheder-2-lav-nikotinindhold-engros-en-gangsbrugerdamp-stifter","status":"publish","type":"product","link":"https:\/\/widevape.com\/da\/product\/myde-crystal-bar-600-zuege-mehrere-geschmacksrichtungen-2-niedriger-nikotin-gehalt-grosshandel-einweg-dampfer-stifte\/","title":{"rendered":"MYDE Crystal Bar 600 puffs - Flere smagsmuligheder, 2% lav nikotinindhold, engros disponibel vape-penne"},"content":{"rendered":"<div style=\"width: 720px;\" class=\"wp-video\"><video class=\"wp-video-shortcode\" id=\"video-25792-1\" width=\"720\" height=\"1280\" preload=\"metadata\" controls=\"controls\"><source type=\"video\/mp4\" src=\"https:\/\/widevape.com\/wp-content\/uploads\/2025\/03\/MYDE-Crystal-Bar-600.mp4?_=1\" \/><a href=\"https:\/\/widevape.com\/wp-content\/uploads\/2025\/03\/MYDE-Crystal-Bar-600.mp4\">https:\/\/widevape.com\/wp-content\/uploads\/2025\/03\/MYDE-Crystal-Bar-600.mp4<\/a><\/video><\/div>\n<h2 class=\"mb-2 mt-6 text-lg font-[500] first:mt-3\"><strong>Entdecken Sie die <a href=\"https:\/\/widevape.com\/product-category\/myde-einweg-e-zigaretten\/\">MYDE<\/a> Crystal Bar 600 Z\u00fcge: Die ultimative L\u00f6sung f\u00fcr Einweg-Dampfer<\/strong><\/h2>\n<p class=\"my-0\">Die\u00a0<strong>MYDE Crystal Bar 600 Z\u00fcge<\/strong>\u00a0ist eine revolution\u00e4re Einweg-Dampfe, die die Dampfer-Welt im Sturm erobert hat. Mit ihrem schlanken Design, fortschrittlichen Funktionen und einer Vielzahl von Geschmacksrichtungen ist sie die perfekte Wahl f\u00fcr Anf\u00e4nger und erfahrene Dampfer gleicherma\u00dfen. Bei\u00a0<strong>WideVape<\/strong>\u00a0bieten wir die\u00a0<strong>MYDE Crystal Bar 600 Z\u00fcge<\/strong>\u00a0im Gro\u00dfhandel an, um sicherzustellen, dass Sie den besten Wert f\u00fcr Ihr Geld erhalten. Ob Sie als H\u00e4ndler nach einer gro\u00dfen Menge suchen oder als Verbraucher nach einer unkomplizierten Dampfer-Erfahrung, dieses Produkt erf\u00fcllt Ihre Bed\u00fcrfnisse.<\/p>\n<h2 class=\"mb-xs mt-5 text-base font-[525] first:mt-3\"><strong>Schl\u00fcsselmerkmale der MYDE Crystal Bar <a href=\"https:\/\/widevape.com\/product-category\/einweg-e-zigaretten-nach-zuegen\/600-zuege-einweg-e-zigaretten\/\">600 Z\u00fcge<\/a><\/strong><\/h2>\n<ul class=\"marker:text-textOff list-disc\">\n<li>\n<p class=\"my-0\"><strong>Verwendung<\/strong>: Jedes Ger\u00e4t bietet bis zu 600 Z\u00fcge, um eine lange Nutzung zu gew\u00e4hrleisten.<\/p>\n<\/li>\n<li>\n<p class=\"my-0\"><strong>E-Liquid-Vorrat<\/strong>: Enth\u00e4lt 2 ml hochwertigen E-Liquid.<\/p>\n<\/li>\n<li>\n<p class=\"my-0\"><strong>Nikotin-Gehalt<\/strong>: 2% (20 mg\/ml), ideal f\u00fcr Nutzer, die einen niedrigen Nikotin-Gehalt bevorzugen.<\/p>\n<\/li>\n<li>\n<p class=\"my-0\"><strong>Batterie<\/strong>: Ausgestattet mit einem 400mAh-Akku f\u00fcr eine konstante Leistung.<\/p>\n<\/li>\n<li>\n<p class=\"my-0\"><strong>Coil-Technologie<\/strong>: Verwendet fortschrittliche Mesh-Coil-Technologie f\u00fcr verbesserte Dampf- und Geschmackstransmission.<\/p>\n<\/li>\n<li>\n<p class=\"my-0\"><strong>Design<\/strong>: Leicht und kompakt, ideal f\u00fcr den t\u00e4glichen Gebrauch.<\/p>\n<\/li>\n<\/ul>\n<h2 class=\"mb-xs mt-5 text-base font-[525] first:mt-3\"><strong>Geschmacksrichtungen<\/strong><\/h2>\n<p class=\"my-0\">Die\u00a0<strong>MYDE Crystal Bar 600 Z\u00fcge<\/strong>\u00a0ist in einer Vielzahl von Geschmacksrichtungen erh\u00e4ltlich, jede sorgf\u00e4ltig entwickelt, um ein einzigartiges Dampfer-Erlebnis zu bieten:<\/p>\n<ol class=\"marker:text-textOff list-decimal\">\n<li>\n<p class=\"my-0\"><strong>Lemon Lime<\/strong>: Eine erfrischende Mischung aus Zitrus-Geschmacksnoten, die den Saft der Zitrone mit der S\u00fc\u00dfe der Limette kombiniert.<\/p>\n<\/li>\n<li>\n<p class=\"my-0\"><strong>Mad Blue<\/strong>: Eine fruchtige Mischung aus Beeren, die einen s\u00fc\u00dfen und leicht s\u00e4uerlichen Geschmack bietet.<\/p>\n<\/li>\n<li>\n<p class=\"my-0\"><strong>Skittles<\/strong>: Inspiriert von den klassischen S\u00fc\u00dfigkeiten, bietet dieser Geschmack einen s\u00fc\u00dfen und fruchtigen Geschmack, der an Kindheitserinnerungen erinnert.<\/p>\n<\/li>\n<li>\n<p class=\"my-0\"><strong>Apple Peach<\/strong>: Eine Kombination aus knackigem Apfel und saftigem Pfirsich, die einen glatten und befriedigenden Geschmack schafft.<\/p>\n<\/li>\n<li>\n<p class=\"my-0\"><strong>Blue Razz Lemonade<\/strong>: Eine erfrischende Kombination aus blauer Himbeere und Limonade, die einen s\u00fc\u00dfen und s\u00e4uerlichen Geschmack bietet.<\/p>\n<\/li>\n<li>\n<p class=\"my-0\"><strong>Strawberry Burst<\/strong>: Ein s\u00fc\u00dfer und intensiver Erdbeeren-Geschmack, der mit saftiger Frische \u00fcberzeugt.<\/p>\n<\/li>\n<li>\n<p class=\"my-0\"><strong>Watermelon Ice<\/strong>: Ein k\u00fchler und erfrischender Wassermelonen-Geschmack mit einer eisigen Note, perfekt f\u00fcr hei\u00dfe Sommertage.<\/p>\n<\/li>\n<li>\n<p class=\"my-0\"><strong>Watermelon Bubble Gum<\/strong>: Ein s\u00fc\u00dfer Wassermelonen-Geschmack kombiniert mit dem nostalgischen Geschmack von Kaugummi, der ein spa\u00dfiges und spielerisches Erlebnis bietet.<\/p>\n<\/li>\n<li>\n<p class=\"my-0\"><strong>Fizzy Cherry Cola<\/strong>: Ein sprudelnder und s\u00fc\u00dfer Kirsch-Cola-Geschmack, der an klassische Limonaden erinnert.<\/p>\n<\/li>\n<li>\n<p class=\"my-0\"><strong>Blue Raspberry<\/strong>: Ein s\u00fc\u00dfer und s\u00e4uerlicher blauer Himbeeren-Geschmack, der einen fruchtigen und erfrischenden Geschmack bietet.<\/p>\n<\/li>\n<\/ol>\n<h2 class=\"mb-xs mt-5 text-base font-[525] first:mt-3\"><strong>Warum <a href=\"https:\/\/widevape.com\/\">WideVape<\/a> f\u00fcr Ihre Einweg-Dampfer-Bed\u00fcrfnisse w\u00e4hlen?<\/strong><\/h2>\n<p class=\"my-0\">Bei\u00a0<strong>WideVape<\/strong>\u00a0sind wir stolz darauf, die gr\u00f6\u00dfte Online-Plattform f\u00fcr den Gro\u00dfhandel von Einweg-Dampfern in Europa zu sein, mit einem Fokus auf Deutschland, die Niederlande, Belgien und Spanien. Wir bieten eine breite Palette von Top-Marken an, darunter\u00a0<strong>RandM Tornado<\/strong>,\u00a0<strong>FIZZY<\/strong>,\u00a0<strong>Al Fakher<\/strong>,\u00a0<strong>Waspe<\/strong>,\u00a0<strong>Vapme<\/strong>,\u00a0<strong>Bang Box<\/strong>,\u00a0<strong>Bang King<\/strong>,\u00a0<strong>Doloda<\/strong>,\u00a0<strong>Elf Box<\/strong>,\u00a0<strong>Vapsolo<\/strong>,\u00a0<strong>FluuM<\/strong>,\u00a0<strong>BIMO<\/strong>,\u00a0<strong>Smokman<\/strong>,\u00a0<strong>Kangertech<\/strong>,\u00a0<strong>Aupo<\/strong>,\u00a0<strong>Old School<\/strong>,\u00a0<strong>Waspe<\/strong>,\u00a0<strong>Vapsolo<\/strong>\u00a0und\u00a0<strong>SFOG<\/strong>.<\/p>\n<p class=\"my-0\">Unser Engagement f\u00fcr Qualit\u00e4t und Kundenzufriedenheit ist un\u00fcbertroffen. Wir bieten Gro\u00dfhandelsrabatte auf alle unsere Produkte an, um sicherzustellen, dass Sie den besten Wert f\u00fcr Ihr Geld erhalten. Unsere schnellen und versicherten Versandoptionen garantieren, dass Ihre Bestellungen schnell und sicher bei Ihnen ankommen.<\/p>\n<h2 class=\"mb-xs mt-5 text-base font-[525] first:mt-3\"><strong>Zahlungsoptionen<\/strong><\/h2>\n<p class=\"my-0\">Wir bieten eine Vielzahl von Zahlungsoptionen an, um Ihren Einkaufsprozess reibungslos zu gestalten. Sie k\u00f6nnen mit\u00a0<strong>PayPal<\/strong>,\u00a0<strong>Kreditkarten<\/strong>\u00a0und beliebten lokalen Zahlungsmethoden wie\u00a0<strong>iDEAL<\/strong>\u00a0in den Niederlanden und\u00a0<strong>Bancontact<\/strong>\u00a0in Belgien bezahlen. Zus\u00e4tzlich akzeptieren wir\u00a0<strong>SEPA-Bank\u00fcberweisungen<\/strong>\u00a0f\u00fcr Kunden in ganz Europa.<\/p>\n<h2 class=\"mb-xs mt-5 text-base font-[525] first:mt-3\"><strong>Fazit<\/strong><\/h2>\n<p class=\"my-0\">Die\u00a0<strong>MYDE Crystal Bar 600 Z\u00fcge<\/strong>\u00a0ist eine au\u00dfergew\u00f6hnliche Wahl f\u00fcr alle, die nach einer unkomplizierten Dampfer-Erfahrung suchen. Mit ihren fortschrittlichen Funktionen, vielf\u00e4ltigen Geschmacksrichtungen und attraktiven Preisen ist sie das perfekte Produkt f\u00fcr den pers\u00f6nlichen Gebrauch und den Gro\u00dfhandel. Besuchen Sie\u00a0<a href=\"https:\/\/widevape.com\/\"><strong>WideVape<\/strong><\/a>\u00a0heute, um unsere umfangreiche Auswahl an Einweg-Dampfern zu erkunden und das Beste der Dampfer-Technologie zu erleben.<\/p>\n<p><img loading=\"lazy\" decoding=\"async\" class=\"alignnone wp-image-25842 size-full\" src=\"https:\/\/widevape.com\/wp-content\/uploads\/2025\/03\/MYDE_Crystal_Bar_6001.webp\" alt=\"MYDE Crystal Bar 600 Z\u00fcge - Mehrere Geschmacksrichtungen, 2% Niedriger Nikotin-Gehalt, Gro\u00dfhandel Einweg-Dampfer Stifte\" width=\"800\" height=\"800\" srcset=\"https:\/\/widevape.com\/wp-content\/uploads\/2025\/03\/MYDE_Crystal_Bar_6001.webp 800w, https:\/\/widevape.com\/wp-content\/uploads\/2025\/03\/MYDE_Crystal_Bar_6001-247x247.webp 247w, https:\/\/widevape.com\/wp-content\/uploads\/2025\/03\/MYDE_Crystal_Bar_6001-100x100.webp 100w, https:\/\/widevape.com\/wp-content\/uploads\/2025\/03\/MYDE_Crystal_Bar_6001-510x510.webp 510w, https:\/\/widevape.com\/wp-content\/uploads\/2025\/03\/MYDE_Crystal_Bar_6001-300x300.webp 300w, https:\/\/widevape.com\/wp-content\/uploads\/2025\/03\/MYDE_Crystal_Bar_6001-150x150.webp 150w, https:\/\/widevape.com\/wp-content\/uploads\/2025\/03\/MYDE_Crystal_Bar_6001-768x768.webp 768w\" sizes=\"auto, (max-width: 800px) 100vw, 800px\" \/> <img loading=\"lazy\" decoding=\"async\" class=\"alignnone wp-image-25840 size-full\" src=\"https:\/\/widevape.com\/wp-content\/uploads\/2025\/03\/MYDE_Crystal_Bar_600-9.webp\" alt=\"MYDE Crystal Bar 600 Z\u00fcge - Mehrere Geschmacksrichtungen, 2% Niedriger Nikotin-Gehalt, Gro\u00dfhandel Einweg-Dampfer Stifte\" width=\"800\" height=\"800\" srcset=\"https:\/\/widevape.com\/wp-content\/uploads\/2025\/03\/MYDE_Crystal_Bar_600-9.webp 800w, https:\/\/widevape.com\/wp-content\/uploads\/2025\/03\/MYDE_Crystal_Bar_600-9-247x247.webp 247w, https:\/\/widevape.com\/wp-content\/uploads\/2025\/03\/MYDE_Crystal_Bar_600-9-100x100.webp 100w, https:\/\/widevape.com\/wp-content\/uploads\/2025\/03\/MYDE_Crystal_Bar_600-9-510x510.webp 510w, https:\/\/widevape.com\/wp-content\/uploads\/2025\/03\/MYDE_Crystal_Bar_600-9-300x300.webp 300w, https:\/\/widevape.com\/wp-content\/uploads\/2025\/03\/MYDE_Crystal_Bar_600-9-150x150.webp 150w, https:\/\/widevape.com\/wp-content\/uploads\/2025\/03\/MYDE_Crystal_Bar_600-9-768x768.webp 768w\" sizes=\"auto, (max-width: 800px) 100vw, 800px\" \/><\/p>\n","protected":false},"excerpt":{"rendered":"<p>Die\u00a0<strong>MYDE Crystal Bar 600 Z\u00fcge \n\nbecomes \n\nMYDE Crystal Bar 600 tr\u00e6k \n\n No, \n\nMYDE Crystal Bar 600 Z\u00fcge \n\nremains \n\nMYDE Crystal Bar 600 Z\u00fcge<\/strong>\u00a0er en innovativ engangsdampper, der med sit slanke design, avancerede funktioner og en r\u00e6kke forskellige smagsmuligheder tilbyder en ukompliceret og behagelig damperoplevelse.<\/p>","protected":false},"featured_media":25833,"comment_status":"open","ping_status":"closed","template":"","meta":[],"product_brand":[],"product_cat":[115,91,37,94,95,55],"product_tag":[],"class_list":{"0":"post-25792","1":"product","2":"type-product","3":"status-publish","4":"has-post-thumbnail","6":"product_cat-600-zuege-einweg-e-zigaretten","7":"product_cat-crystal-einweg-e-zigaretten","8":"product_cat-einweg-e-zigaretten","9":"product_cat-einweg-e-zigaretten-mit-niedriger-nikotinstaerke","10":"product_cat-mini-einweg-e-zigaretten","11":"product_cat-myde-einweg-e-zigaretten","13":"first","14":"outofstock","15":"shipping-taxable","16":"purchasable","17":"product-type-variable"},"_links":{"self":[{"href":"https:\/\/widevape.com\/da\/wp-json\/wp\/v2\/product\/25792","targetHints":{"allow":["GET"]}}],"collection":[{"href":"https:\/\/widevape.com\/da\/wp-json\/wp\/v2\/product"}],"about":[{"href":"https:\/\/widevape.com\/da\/wp-json\/wp\/v2\/types\/product"}],"replies":[{"embeddable":true,"href":"https:\/\/widevape.com\/da\/wp-json\/wp\/v2\/comments?post=25792"}],"wp:featuredmedia":[{"embeddable":true,"href":"https:\/\/widevape.com\/da\/wp-json\/wp\/v2\/media\/25833"}],"wp:attachment":[{"href":"https:\/\/widevape.com\/da\/wp-json\/wp\/v2\/media?parent=25792"}],"wp:term":[{"taxonomy":"product_brand","embeddable":true,"href":"https:\/\/widevape.com\/da\/wp-json\/wp\/v2\/product_brand?post=25792"},{"taxonomy":"product_cat","embeddable":true,"href":"https:\/\/widevape.com\/da\/wp-json\/wp\/v2\/product_cat?post=25792"},{"taxonomy":"product_tag","embeddable":true,"href":"https:\/\/widevape.com\/da\/wp-json\/wp\/v2\/product_tag?post=25792"}],"curies":[{"name":"wp","href":"https:\/\/api.w.org\/{rel}","templated":true}]}}