{"id":21737,"date":"2025-02-22T17:02:23","date_gmt":"2025-02-22T16:02:23","guid":{"rendered":"https:\/\/widevape.com\/?post_type=product&#038;p=21737"},"modified":"2025-10-22T04:33:55","modified_gmt":"2025-10-22T02:33:55","slug":"arymi-ifun-28000-zuege-dual-mesh-dual-pod-system-5-nicotine-wholesale-rechargeable-disposable-vape-pens","status":"publish","type":"product","link":"https:\/\/widevape.com\/en\/product\/arymi-ifun-28000-zuege-dual-mesh-dual-pod-system-5-nikotin-grosshandel-wiederaufladbare-einweg-vape-pens\/","title":{"rendered":"ARYMI IFun 28000 Puffs - Dual Mesh Dual Pod System, 5 % Nicotine, Wholesale &amp; Rechargeable Disposable Vape Pens"},"content":{"rendered":"<div style=\"width: 1020px;\" class=\"wp-video\"><video class=\"wp-video-shortcode\" id=\"video-21737-1\" width=\"1020\" height=\"574\" preload=\"metadata\" controls=\"controls\"><source type=\"video\/mp4\" src=\"https:\/\/widevape.com\/wp-content\/uploads\/2025\/02\/ARYMI-IFun-28000-.mp4?_=1\" \/><a href=\"https:\/\/widevape.com\/wp-content\/uploads\/2025\/02\/ARYMI-IFun-28000-.mp4\">https:\/\/widevape.com\/wp-content\/uploads\/2025\/02\/ARYMI-IFun-28000-.mp4<\/a><\/video><\/div>\n<h2><a href=\"https:\/\/widevape.com\/en\/product-category\/arymi-disposable-e-cigarettes\/\">ARYMI<\/a> IFun 28000 puffs: A milestone in the world of disposable vaping<\/h2>\n<p>The\u00a0<strong>ARYMI IFun 28000 trains<\/strong>\u00a0is a revolutionary disposable vape designed for users who value longevity, flavour and convenience. With an impressive 28,000 puffs per device, this rechargeable vape pen is ideal for casual users and wholesalers alike. Whether you're a retailer or a vaping enthusiast, the ARYMI IFun 28000 puffs offers unrivalled performance and versatility.<\/p>\n<p>With\u00a0<strong>WideVape<\/strong>\u00a0we are proud to be Europe's largest online wholesale platform for disposable vapes, serving customers in Germany, the Netherlands, Belgium, Spain and beyond. Our commitment to quality and affordability makes us the first port of call for bulk orders of top brands like ARYMI.<\/p>\n<h2>Main features of the ARYMI IFun <a href=\"https:\/\/widevape.com\/en\/product-category\/28000-single-use-e-cigarettes\/\">28000 trains<\/a><\/h2>\n<p>The ARYMI IFun 28000 hoists impress with advanced functions and a user-friendly design. Here are the highlights:<\/p>\n<ul>\n<li><strong>High number of trains:<\/strong>\u00a0Up to 28,000 puffs per appliance - less refilling, more enjoyment.<\/li>\n<li><strong>Rechargeable battery:<\/strong>\u00a0Equipped with an 850 mAh USB-C battery for fast charging and a long service life.<\/li>\n<li><strong>Dual mesh coil system:<\/strong>\u00a0Intense flavour and voluminous vapour thanks to dual mesh coils for an even vaping experience.<\/li>\n<li><strong>Adjustable air flow control:<\/strong>\u00a0Adjust the air flow to your preferences - from gentle puffs to dense clouds of vapour.<\/li>\n<li><strong>5 % Nicotine:<\/strong>\u00a0Perfect for users looking for a moderate throat hit without overwhelming intensity.<\/li>\n<li><strong>Slim and portable design:<\/strong>\u00a0At just 122 g, the ARYMI IFun 28000 trains are lightweight and ideal for travelling.<\/li>\n<li><strong>Dual pod system:<\/strong>\u00a0Switch effortlessly between two different flavours.<\/li>\n<li><strong>Liquid coil separation technology:<\/strong>\u00a0Prevents leaks and extends the service life of the appliance while maintaining the same flavour.<\/li>\n<\/ul>\n<h2>Discover the variety of flavours<\/h2>\n<p>The ARYMI IFun 28000 puffs is available in a variety of flavours, each offering a unique vaping experience, here is the full list:<\/p>\n<ol start=\"1\">\n<li><strong>Icy Watermelon &amp; Kiwi Passionfruit Guava:<\/strong> Diese erfrischende Mischung vereint die S\u00fc\u00dfe der Wassermelone mit der S\u00e4ure der Kiwi und der tropischen Note der Passionsfrucht-Guave.<\/li>\n<li><strong>Icy Peach &amp; Strawberry Watermelon:<\/strong> Eiskalter Pfirsich &amp; Erdbeer-Wassermelone: \u200b\u200bEine s\u00fc\u00df-eisige Mischung aus Pfirsich und Erdbeere, abgerundet durch den erfrischenden Geschmack der Wassermelone.<\/li>\n<li><strong>Bubbly Cherry &amp; Blueberry Lemon Soda:<\/strong>Inspiriert von Limonaden vereint dieser Geschmack die S\u00e4ure von Kirsche und Blaubeere mit der spritzigen Note von Zitronenlimonade.<\/li>\n<li><strong>Mixed Berries &amp; Pineapple Coconut Rum:<\/strong> Ein tropischer Kurzurlaub mit jedem Zug. Dieser Geschmack vereint die S\u00fc\u00dfe gemischter Beeren mit der cremigen F\u00fclle von Ananas-Kokos-Rum.<\/li>\n<li><strong>Lemon Lime &amp; Blueberry Gummies:<\/strong> Diese Geschmacksrichtung f\u00e4ngt das Aroma saurer Bonbons mit einer Mischung aus Zitrone-Limette und Blaubeer-Gummib\u00e4rchen ein.<\/li>\n<li><strong>Raspberry Grape &amp; Strawberry Dragonfruit:<\/strong>Eine fruchtige Explosion aus Himbeere, Traube und Erdbeere, abgerundet durch den exotischen Geschmack der Drachenfrucht.<\/li>\n<li><strong>Blueberry Raspberry &amp; Mojito Mint:<\/strong> Eine erfrischende Variante des klassischen Mojito. Diese Geschmacksrichtung vereint die S\u00fc\u00dfe von Blaubeere und Himbeere mit dem k\u00fchlenden Gef\u00fchl von Minze.<\/li>\n<li><strong>Double Apple &amp; Blueberry Cherry Cranberry:<\/strong>Eine komplexe Mischung aus Doppelapfel, Blaubeere, Kirsche und Cranberry f\u00fcr ein reichhaltiges und fruchtiges Erlebnis.<\/li>\n<li><strong>Icy Red Apple &amp; Vimto Juice Drink:<\/strong> Inspiriert vom klassischen Vimto-Getr\u00e4nk vereint dieser Geschmack die eisige K\u00fchle des roten Apfels mit der fruchtigen Note von Vimto.<\/li>\n<li><strong>Cherry Cola &amp; Strawberry Ice Cream:<\/strong>Eine nostalgische Mischung aus Kirsch-Cola und Erdbeereis \u2013 perfekt f\u00fcr alle, die s\u00fc\u00dfe und cremige Aromen m\u00f6gen.<\/li>\n<li><strong>Rainbow Candy &amp; Energy Drink:<\/strong> Eine lebendige Mischung aus Regenbogenbonbons und Energydrink-Aromen f\u00fcr ein s\u00fc\u00dfes und belebendes Dampferlebnis.<\/li>\n<li><strong>Mint Ice &amp; Banana Milkshake:<\/strong> Eine erfrischende Mischung aus Minzeis und Bananenmilchshake \u2013 perfekt f\u00fcr alle, die k\u00fchlende und cremige Aromen m\u00f6gen.<\/li>\n<\/ol>\n<h2>Packaging and wholesale options<\/h2>\n<p>The ARYMI IFun 28000 trains are available in practical packaging options for wholesalers:<\/p>\n<ul>\n<li><strong>Weight per unit:<\/strong>\u00a0122 g<\/li>\n<li><strong>Pack size:<\/strong>\u00a010 units per pack<\/li>\n<li><strong>Carton contents:<\/strong>\u00a015 packs per carton (total weight: 19.5 kg)<\/li>\n<li><strong>Carton dimensions:<\/strong>\u00a0504 x 355 x 235 mm<\/li>\n<\/ul>\n<h2>Why <a href=\"https:\/\/widevape.com\/en\/\">WideVape<\/a> for bulk orders?<\/h2>\n<p>As Europe's leading wholesaler for <a href=\"https:\/\/widevape.com\/en\/\">Disposable vapes<\/a> offers\u00a0<strong>WideVape<\/strong>\u00a0With over 10 years of experience in the industry, we supply high-quality products from top brands such as ARYMI, RandM Tornado, FIZZY, Al Fakher and more.<\/p>\n<p>Our platform supports various payment methods, including PayPal, credit cards, iDEAL (Netherlands), Bancontact (Belgium) and SEPA transfers to ensure a smooth shopping experience.<\/p>\n<h2>Conclusion<\/h2>\n<p>The\u00a0<strong>ARYMI IFun 28000 trains<\/strong>\u00a0is the ultimate disposable vape for those looking for longevity, flavour variety and premium performance. With its advanced features and modern design, it's no wonder this device is a bestseller across Europe.<\/p>\n<p>Visit today\u00a0<strong>WideVape.com<\/strong>to showcase our extensive collection of <a href=\"https:\/\/widevape.com\/en\/\">Disposable vapes<\/a> As Europe's leading wholesale supplier, we guarantee the lowest prices, fast shipping and excellent customer service. Don't miss the opportunity to order ARYMI IFun 28000 trains and other top brands at favourable conditions.<\/p>\n<p><img loading=\"lazy\" decoding=\"async\" class=\"alignnone wp-image-21765 size-full\" src=\"https:\/\/widevape.com\/wp-content\/uploads\/2025\/02\/ARYMI_IFun_28000-1.webp\" alt=\"ARYMI IFun 28000 Puffs - Dual Mesh Dual Pod System, 5 % Nicotine, Wholesale &amp; Rechargeable Disposable Vape Pens\" width=\"1618\" height=\"1534\" srcset=\"https:\/\/widevape.com\/wp-content\/uploads\/2025\/02\/ARYMI_IFun_28000-1.webp 1618w, https:\/\/widevape.com\/wp-content\/uploads\/2025\/02\/ARYMI_IFun_28000-1-510x484.webp 510w, https:\/\/widevape.com\/wp-content\/uploads\/2025\/02\/ARYMI_IFun_28000-1-300x284.webp 300w, https:\/\/widevape.com\/wp-content\/uploads\/2025\/02\/ARYMI_IFun_28000-1-1024x971.webp 1024w, https:\/\/widevape.com\/wp-content\/uploads\/2025\/02\/ARYMI_IFun_28000-1-768x728.webp 768w, https:\/\/widevape.com\/wp-content\/uploads\/2025\/02\/ARYMI_IFun_28000-1-1536x1456.webp 1536w\" sizes=\"auto, (max-width: 1618px) 100vw, 1618px\" \/><\/p>","protected":false},"excerpt":{"rendered":"<p>The\u00a0<strong>ARYMI IFun 28000 trains<\/strong>\u00a0is a high-quality, rechargeable disposable vape with 28,000 puffs, dual mesh coils and 12 unique flavours - perfect for wholesalers and vaping enthusiasts who value longevity and flavour variety.<\/p>","protected":false},"featured_media":21767,"comment_status":"open","ping_status":"closed","template":"","meta":[],"product_brand":[],"product_cat":[151,150,92,93,37,94,90,96],"product_tag":[],"class_list":{"0":"post-21737","1":"product","2":"type-product","3":"status-publish","4":"has-post-thumbnail","6":"product_cat-28000-zuege-einweg-e-zigaretten","7":"product_cat-arymi-einweg-e-zigaretten","8":"product_cat-digitale-box-einweg-e-zigaretten","9":"product_cat-dual-mesh-einweg-e-zigaretten","10":"product_cat-einweg-e-zigaretten","11":"product_cat-einweg-e-zigaretten-mit-niedriger-nikotinstaerke","12":"product_cat-grosse-einweg-e-zigaretten","13":"product_cat-wiederaufladbare-einweg-e-zigaretten","15":"first","16":"outofstock","17":"shipping-taxable","18":"product-type-variable"},"_links":{"self":[{"href":"https:\/\/widevape.com\/en\/wp-json\/wp\/v2\/product\/21737","targetHints":{"allow":["GET"]}}],"collection":[{"href":"https:\/\/widevape.com\/en\/wp-json\/wp\/v2\/product"}],"about":[{"href":"https:\/\/widevape.com\/en\/wp-json\/wp\/v2\/types\/product"}],"replies":[{"embeddable":true,"href":"https:\/\/widevape.com\/en\/wp-json\/wp\/v2\/comments?post=21737"}],"wp:featuredmedia":[{"embeddable":true,"href":"https:\/\/widevape.com\/en\/wp-json\/wp\/v2\/media\/21767"}],"wp:attachment":[{"href":"https:\/\/widevape.com\/en\/wp-json\/wp\/v2\/media?parent=21737"}],"wp:term":[{"taxonomy":"product_brand","embeddable":true,"href":"https:\/\/widevape.com\/en\/wp-json\/wp\/v2\/product_brand?post=21737"},{"taxonomy":"product_cat","embeddable":true,"href":"https:\/\/widevape.com\/en\/wp-json\/wp\/v2\/product_cat?post=21737"},{"taxonomy":"product_tag","embeddable":true,"href":"https:\/\/widevape.com\/en\/wp-json\/wp\/v2\/product_tag?post=21737"}],"curies":[{"name":"wp","href":"https:\/\/api.w.org\/{rel}","templated":true}]}}