{"id":23531,"date":"2025-02-26T08:29:33","date_gmt":"2025-02-26T07:29:33","guid":{"rendered":"https:\/\/widevape.com\/?post_type=product&#038;p=23531"},"modified":"2026-04-18T14:13:03","modified_gmt":"2026-04-18T12:13:03","slug":"vapen-mrs-pro-15000-puffs-digital-display-adjustable-air-supply-2-low-nicotine-wholesale-purchase-at-wholesale-rechargeable-disposable-e-cigarette-pens","status":"publish","type":"product","link":"https:\/\/widevape.com\/en\/product\/vapen-mrs-pro-15000-zuege-digitales-display-einstellbare-luftzufuhr-2-niedriger-nikotin-grosshandelskauf-im-grosshandel-wiederaufladbare-einweg-e-zigaretten-stifte\/","title":{"rendered":"VAPEN Mrs Pro 15000 Puffs Digital Display Adjustable Air Supply 2% Low Nicotine Wholesale Buy Wholesale Rechargeable Disposable E-cigarette Pens"},"content":{"rendered":"<div style=\"width: 1020px;\" class=\"wp-video\"><video class=\"wp-video-shortcode\" id=\"video-23531-1\" width=\"1020\" height=\"1813\" preload=\"metadata\" controls=\"controls\"><source type=\"video\/mp4\" src=\"https:\/\/widevape.com\/wp-content\/uploads\/2025\/02\/VAPEN-Mrs-Pro-15000.mp4?_=1\" \/><a href=\"https:\/\/widevape.com\/wp-content\/uploads\/2025\/02\/VAPEN-Mrs-Pro-15000.mp4\">https:\/\/widevape.com\/wp-content\/uploads\/2025\/02\/VAPEN-Mrs-Pro-15000.mp4<\/a><\/video><\/div>\n<h2 class=\"mb-2 mt-6 text-lg font-[500] first:mt-3\"><a href=\"https:\/\/widevape.com\/product-category\/vapen-einweg-e-zigarette\/\">VAPEN<\/a> Mrs Pro 15000 Z\u00fcge: Die ultimative Einweg-E-Zigarette f\u00fcr Gro\u00dfhandelsk\u00e4ufer<\/h2>\n<p class=\"my-0\">Die\u00a0<strong>VAPEN Mrs Pro 15000 Z\u00fcge<\/strong>\u00a0ist eine hochwertige, wiederaufladbare Einweg-E-Zigarette, die eine unvergleichliche Vaping-Erfahrung bietet. Mit ihrer beeindruckenden Z\u00fcgezahl, der einstellbaren Luftzufuhr und dem schlanken Design ist dieses Ger\u00e4t ideal f\u00fcr sowohl gelegentliche als auch erfahrene Vaper. Bei WideVape bieten wir dieses Produkt in Gro\u00dfhandelsmengen zu wettbewerbsf\u00e4higen Preisen an. Als gr\u00f6\u00dfte Online-Plattform f\u00fcr den Gro\u00dfhandel von Einweg-E-Zigaretten in den Niederlanden, Deutschland, Belgien und Spanien gew\u00e4hrleisten wir schnellen Versand und hervorragenden Kundenservice f\u00fcr alle Ihre Vaping-Bed\u00fcrfnisse.<\/p>\n<h2 class=\"mb-xs mt-5 text-base font-[525] first:mt-3\"><strong>Schl\u00fcsselmerkmale<\/strong><\/h2>\n<ul class=\"marker:text-textOff list-disc\">\n<li>\n<p class=\"my-0\"><strong>Nikotinst\u00e4rke:<\/strong>\u00a02% f\u00fcr einen sanften und befriedigenden Zug.<\/p>\n<\/li>\n<li>\n<p class=\"my-0\"><strong>Z\u00fcgezahl:<\/strong>\u00a0Bis zu<a href=\"https:\/\/widevape.com\/product-category\/einweg-e-zigaretten-nach-zuegen\/15000-zuege-einweg-e-zigaretten\/\"> 15.000 Z\u00fcge<\/a> pro Ger\u00e4t.<\/p>\n<\/li>\n<li>\n<p class=\"my-0\"><strong>E-Liquid-Kapazit\u00e4t:<\/strong>\u00a024 ml f\u00fcr eine lange Nutzung.<\/p>\n<\/li>\n<li>\n<p class=\"my-0\"><strong>Batteriekapazit\u00e4t:<\/strong>\u00a0850 mAh wiederaufladbare Batterie mit Type-C-Ladeanschluss.<\/p>\n<\/li>\n<li>\n<p class=\"my-0\"><strong>Einstellbare Luftzufuhr:<\/strong>\u00a0Passen Sie Ihre Vaping-Erfahrung an.<\/p>\n<\/li>\n<li>\n<p class=\"my-0\"><strong>Technologie zur Trennung des \u00d6lkernteils:<\/strong>\u00a0Gew\u00e4hrleistet reine Aromen und verhindert Lecks.<\/p>\n<\/li>\n<li>\n<p class=\"my-0\"><strong>Verpackung:<\/strong>\u00a0In Gro\u00dfhandelsmengen erh\u00e4ltlich \u2013 10 St\u00fcck pro Anzeigekarton und 200 St\u00fcck pro Karton.<\/p>\n<\/li>\n<li>\n<p class=\"my-0\"><strong>Kompaktes Design:<\/strong>\u00a0Leichtgewichtig bei nur 105 g pro Ger\u00e4t.<\/p>\n<\/li>\n<li>\n<p class=\"my-0\"><strong>Abmessungen &amp; Gewicht:<\/strong>\u00a0Au\u00dfenkartongr\u00f6\u00dfe: 38x38x31 cm; Gesamtgewicht: 22,7 kg (200 St\u00fcck).<\/p>\n<\/li>\n<\/ul>\n<h2 class=\"mb-2 mt-6 text-lg font-[500] first:mt-3\"><strong>Geschmacksauswahl<\/strong><\/h2>\n<p>Die VAPEN Mrs Pro bietet eine spannende Vielfalt an Geschmacksrichtungen, die unterschiedliche Geschmacksvorlieben ansprechen. Jeder Geschmack ist sorgf\u00e4ltig entwickelt, um reiche und authentische Geschmacksprofile zu liefern, die eine erfreuliche Erfahrung bei jedem Zug garantieren.<\/p>\n<ol class=\"marker:text-textOff list-decimal\">\n<li>\n<p class=\"my-0\"><strong>Strawberry Watermelon:<\/strong>Eine erfrischende Mischung aus saftigen Erdbeeren und s\u00fc\u00dfer Wassermelone, perfekt f\u00fcr den Sommer.<\/p>\n<\/li>\n<li>\n<p class=\"my-0\"><strong>Cherry:<\/strong>Ein kr\u00e4ftiger und saurer Kirschgeschmack, der eine Fruchtexplosion liefert.<\/p>\n<\/li>\n<li>\n<p class=\"my-0\"><strong>Kiwi Passion Fruit Guava:<\/strong>Eine exotische Mischung aus pikanter Kiwi, s\u00fc\u00dfer Passionsfrucht und tropischer Guave. Dieser Geschmack ist mit jedem Zug ein wahrer tropischer Kurzurlaub<strong>.<\/strong><\/p>\n<\/li>\n<li>\n<p class=\"my-0\"><strong>Mr. Blue:<\/strong>Ein mysteri\u00f6ses Gemisch aus Beeren mit einer Note von erfrischender K\u00fchle.<\/p>\n<\/li>\n<li>\n<p class=\"my-0\"><strong>Lush Ice:<\/strong>Ein klassischer Wassermelonen-Geschmack mit einer eisigen Note f\u00fcr einen k\u00fchlen und erfrischenden Zug.<\/p>\n<\/li>\n<li>\n<p class=\"my-0\"><strong>Mixed Berries:<\/strong>Eine harmonische Mischung aus reifen Beeren, die einen s\u00fc\u00dfen und sauren Geschmack bietet.<\/p>\n<\/li>\n<li>\n<p class=\"my-0\"><strong>Blueberry Raspberry:<\/strong>Die perfekte Kombination aus sauren Himbeeren und s\u00fc\u00dfen Blaubeeren.<\/p>\n<\/li>\n<li>\n<p class=\"my-0\"><strong>Black Dragon Ice:<\/strong>Ein einzigartiger Geschmack mit dunklen Beeren und einem k\u00fchlen Menthol-Finish.<\/p>\n<\/li>\n<li>\n<p class=\"my-0\"><strong>Peach Ice:<\/strong>Saftiger Pfirsich-Geschmack mit einer erfrischenden eisigen Unternote.<\/p>\n<\/li>\n<li>\n<p class=\"my-0\"><strong>Love 66:<\/strong>Eine raffinierte Mischung aus Fruchtnoten mit einer subtilen k\u00fchlenden Wirkung.<\/p>\n<\/li>\n<li>\n<p class=\"my-0\"><strong>Haway:<\/strong>Ein tropisches Paradies in jedem Zug \u2013 s\u00fc\u00df, fruchtig und vollkommen befriedigend.<\/p>\n<\/li>\n<li>\n<p class=\"my-0\"><strong>Lady Killa:<\/strong>Ein kr\u00e4ftiges Geschmacksprofil, das S\u00fc\u00dfe mit einer unwiderstehlichen k\u00fchlenden Empfindung kombiniert.<\/p>\n<\/li>\n<\/ol>\n<h2 class=\"mb-2 mt-6 text-lg font-[500] first:mt-3\"><strong>Warum bei <a href=\"https:\/\/widevape.com\/\">WideVape<\/a> kaufen?<\/strong><\/h2>\n<p class=\"my-0\">Bei WideVape spezialisieren wir uns auf den Verkauf hochwertiger Einweg-E-Zigaretten zu Gro\u00dfhandelspreisen in ganz Europa. Mit \u00fcber zehn Jahren Erfahrung in der Vaping-Industrie haben wir uns als f\u00fchrende Plattform f\u00fcr Gro\u00dfhandelsk\u00e4ufe in L\u00e4ndern wie Deutschland, den Niederlanden, Belgien, Spanien, Frankreich, Italien, Portugal und Polen etabliert.<\/p>\n<p class=\"my-0\">Hier sind einige Gr\u00fcnde, warum Sie WideVape w\u00e4hlen sollten:<\/p>\n<ul class=\"marker:text-textOff list-disc\">\n<li>\n<p class=\"my-0\"><strong>Gr\u00f6\u00dfte Auswahl an Einweg-E-Zigaretten-Marken<\/strong>\u00a0wie RandM Tornado, Elf Box, FIZZY, Al Fakher, Vapme, Bang Box, Doloda, Vapsolo, FluuM, BIMO, Smokman, Kangertech, Aupo, Old School, SFOG &amp; mehr.<\/p>\n<\/li>\n<li>\n<p class=\"my-0\"><strong>Wettbewerbsf\u00e4hige Gro\u00dfhandelspreise<\/strong>\u00a0mit Rabatten auf Gro\u00dfbestellungen.<\/p>\n<\/li>\n<li>\n<p class=\"my-0\"><strong>Schneller und versicherter Versand<\/strong>\u00a0in ganz Europa.<\/p>\n<\/li>\n<li>\n<p class=\"my-0\"><strong>Mehrere Zahlungsoptionen<\/strong>\u00a0einschlie\u00dflich PayPal, Kreditkarten, iDEAL (Niederlande), Bancontact (Belgien) und SEPA-Bank\u00fcberweisungen.<\/p>\n<\/li>\n<li>\n<p class=\"my-0\"><strong>Dediziertes Kundensupport-Team<\/strong>, das Ihnen bei jedem Schritt zur Seite steht.<\/p>\n<\/li>\n<\/ul>\n<h2 class=\"mb-2 mt-6 text-lg font-[500] first:mt-3\"><strong>Bestellen Sie Ihre VAPEN Mrs Pro 15000 Z\u00fcge heute<\/strong><\/h2>\n<p class=\"my-0\">Egal, ob Sie Ihren Einzelhandelsbestand auff\u00fcllen oder in gro\u00dfen Mengen f\u00fcr den pers\u00f6nlichen Gebrauch kaufen m\u00f6chten, die\u00a0<strong>VAPEN Mrs Pro 15000 Z\u00fcge<\/strong>\u00a0ist die ultimative Wahl f\u00fcr Qualit\u00e4t und Wert. Besuchen Sie WideVape heute, um Ihre Bestellung aufzugeben und die besten Preise f\u00fcr Europas meistverkaufte Einweg-E-Zigaretten zu genie\u00dfen!<\/p>\n<h2 class=\"mb-2 mt-6 text-lg font-[500] first:mt-3\"><strong>Zusammenfassung<\/strong><\/h2>\n<p class=\"my-0\">Zusammenfassend ist die\u00a0<strong>VAPEN Mrs Pro 15000 Z\u00fcge<\/strong>\u00a0eine unvergleichliche wiederaufladbare Einweg-E-Zigarette, die speziell f\u00fcr Gro\u00dfhandelsk\u00e4ufer entwickelt wurde. Mit ihren beeindruckenden Funktionen, vielf\u00e4ltigen Geschmacksrichtungen und wettbewerbsf\u00e4higen Gro\u00dfhandelspreisen ist sie eine der beliebtesten Optionen auf dem europ\u00e4ischen Markt. Bei <a href=\"https:\/\/widevape.com\/\">WideVape<\/a> bieten wir Ihnen diese Produkte in gro\u00dfen Mengen an und gew\u00e4hrleisten schnellen Versand sowie hervorragenden Kundenservice. Ob Sie als H\u00e4ndler oder Einzelperson kaufen, die\u00a0<strong>VAPEN Mrs Pro 15000 Z\u00fcge<\/strong>\u00a0ist eine Wahl, die Sie nicht verpassen sollten. Besuchen Sie WideVape heute und erleben Sie die Qualit\u00e4t der besten Einweg-E-Zigaretten Europas!<\/p>\n<p><img loading=\"lazy\" decoding=\"async\" class=\"alignnone wp-image-23543 size-full\" src=\"https:\/\/widevape.com\/wp-content\/uploads\/2025\/02\/VAPEN_Mrs_Pro_150002.webp\" alt=\"VAPEN Mrs Pro 15000 Z\u00fcge Digitales Display Einstellbare Luftzufuhr 2% Niedriger Nikotin Gro\u00dfhandelskauf im Gro\u00dfhandel Wiederaufladbare Einweg-E-Zigaretten-Stifte\" width=\"1000\" height=\"1000\" srcset=\"https:\/\/widevape.com\/wp-content\/uploads\/2025\/02\/VAPEN_Mrs_Pro_150002.webp 1000w, https:\/\/widevape.com\/wp-content\/uploads\/2025\/02\/VAPEN_Mrs_Pro_150002-247x247.webp 247w, https:\/\/widevape.com\/wp-content\/uploads\/2025\/02\/VAPEN_Mrs_Pro_150002-100x100.webp 100w, https:\/\/widevape.com\/wp-content\/uploads\/2025\/02\/VAPEN_Mrs_Pro_150002-510x510.webp 510w, https:\/\/widevape.com\/wp-content\/uploads\/2025\/02\/VAPEN_Mrs_Pro_150002-300x300.webp 300w, https:\/\/widevape.com\/wp-content\/uploads\/2025\/02\/VAPEN_Mrs_Pro_150002-150x150.webp 150w, https:\/\/widevape.com\/wp-content\/uploads\/2025\/02\/VAPEN_Mrs_Pro_150002-768x768.webp 768w\" sizes=\"auto, (max-width: 1000px) 100vw, 1000px\" \/> <img loading=\"lazy\" decoding=\"async\" class=\"alignnone wp-image-23541 size-full\" src=\"https:\/\/widevape.com\/wp-content\/uploads\/2025\/02\/VAPEN_Mrs_Pro_15000.webp\" alt=\"VAPEN Mrs Pro 15000 Z\u00fcge Digitales Display Einstellbare Luftzufuhr 2% Niedriger Nikotin Gro\u00dfhandelskauf im Gro\u00dfhandel Wiederaufladbare Einweg-E-Zigaretten-Stifte\" width=\"1000\" height=\"1000\" srcset=\"https:\/\/widevape.com\/wp-content\/uploads\/2025\/02\/VAPEN_Mrs_Pro_15000.webp 1000w, https:\/\/widevape.com\/wp-content\/uploads\/2025\/02\/VAPEN_Mrs_Pro_15000-247x247.webp 247w, https:\/\/widevape.com\/wp-content\/uploads\/2025\/02\/VAPEN_Mrs_Pro_15000-100x100.webp 100w, https:\/\/widevape.com\/wp-content\/uploads\/2025\/02\/VAPEN_Mrs_Pro_15000-510x510.webp 510w, https:\/\/widevape.com\/wp-content\/uploads\/2025\/02\/VAPEN_Mrs_Pro_15000-300x300.webp 300w, https:\/\/widevape.com\/wp-content\/uploads\/2025\/02\/VAPEN_Mrs_Pro_15000-150x150.webp 150w, https:\/\/widevape.com\/wp-content\/uploads\/2025\/02\/VAPEN_Mrs_Pro_15000-768x768.webp 768w\" sizes=\"auto, (max-width: 1000px) 100vw, 1000px\" \/> <img loading=\"lazy\" decoding=\"async\" class=\"alignnone wp-image-23539 size-full\" src=\"https:\/\/widevape.com\/wp-content\/uploads\/2025\/02\/VAPEN_Mrs_Pro_15000-9.webp\" alt=\"VAPEN Mrs Pro 15000 Z\u00fcge Digitales Display Einstellbare Luftzufuhr 2% Niedriger Nikotin Gro\u00dfhandelskauf im Gro\u00dfhandel Wiederaufladbare Einweg-E-Zigaretten-Stifte\" width=\"1000\" height=\"1000\" srcset=\"https:\/\/widevape.com\/wp-content\/uploads\/2025\/02\/VAPEN_Mrs_Pro_15000-9.webp 1000w, https:\/\/widevape.com\/wp-content\/uploads\/2025\/02\/VAPEN_Mrs_Pro_15000-9-247x247.webp 247w, https:\/\/widevape.com\/wp-content\/uploads\/2025\/02\/VAPEN_Mrs_Pro_15000-9-100x100.webp 100w, https:\/\/widevape.com\/wp-content\/uploads\/2025\/02\/VAPEN_Mrs_Pro_15000-9-510x510.webp 510w, https:\/\/widevape.com\/wp-content\/uploads\/2025\/02\/VAPEN_Mrs_Pro_15000-9-300x300.webp 300w, https:\/\/widevape.com\/wp-content\/uploads\/2025\/02\/VAPEN_Mrs_Pro_15000-9-150x150.webp 150w, https:\/\/widevape.com\/wp-content\/uploads\/2025\/02\/VAPEN_Mrs_Pro_15000-9-768x768.webp 768w\" sizes=\"auto, (max-width: 1000px) 100vw, 1000px\" \/><\/p>\n<p>&nbsp;<\/p>\n","protected":false},"excerpt":{"rendered":"<p>The\u00a0<strong>VAPEN Mrs Pro 15000 puffs<\/strong>\u00a0is a high-quality, rechargeable disposable e-cigarette that offers an unrivalled vaping experience with its impressive puff count, adjustable airflow and variety of flavours.<\/p>","protected":false},"featured_media":23542,"comment_status":"open","ping_status":"closed","template":"","meta":[],"product_brand":[],"product_cat":[103,92,37,94,90,153,96],"product_tag":[],"class_list":{"0":"post-23531","1":"product","2":"type-product","3":"status-publish","4":"has-post-thumbnail","6":"product_cat-15000-zuege-einweg-e-zigaretten","7":"product_cat-digitale-box-einweg-e-zigaretten","8":"product_cat-einweg-e-zigaretten","9":"product_cat-einweg-e-zigaretten-mit-niedriger-nikotinstaerke","10":"product_cat-grosse-einweg-e-zigaretten","11":"product_cat-vapen-einweg-e-zigarette","12":"product_cat-wiederaufladbare-einweg-e-zigaretten","14":"first","15":"instock","16":"shipping-taxable","17":"purchasable","18":"product-type-variable","19":"has-default-attributes"},"_links":{"self":[{"href":"https:\/\/widevape.com\/en\/wp-json\/wp\/v2\/product\/23531","targetHints":{"allow":["GET"]}}],"collection":[{"href":"https:\/\/widevape.com\/en\/wp-json\/wp\/v2\/product"}],"about":[{"href":"https:\/\/widevape.com\/en\/wp-json\/wp\/v2\/types\/product"}],"replies":[{"embeddable":true,"href":"https:\/\/widevape.com\/en\/wp-json\/wp\/v2\/comments?post=23531"}],"wp:featuredmedia":[{"embeddable":true,"href":"https:\/\/widevape.com\/en\/wp-json\/wp\/v2\/media\/23542"}],"wp:attachment":[{"href":"https:\/\/widevape.com\/en\/wp-json\/wp\/v2\/media?parent=23531"}],"wp:term":[{"taxonomy":"product_brand","embeddable":true,"href":"https:\/\/widevape.com\/en\/wp-json\/wp\/v2\/product_brand?post=23531"},{"taxonomy":"product_cat","embeddable":true,"href":"https:\/\/widevape.com\/en\/wp-json\/wp\/v2\/product_cat?post=23531"},{"taxonomy":"product_tag","embeddable":true,"href":"https:\/\/widevape.com\/en\/wp-json\/wp\/v2\/product_tag?post=23531"}],"curies":[{"name":"wp","href":"https:\/\/api.w.org\/{rel}","templated":true}]}}