{"id":23939,"date":"2025-02-26T13:38:39","date_gmt":"2025-02-26T12:38:39","guid":{"rendered":"https:\/\/widevape.com\/?post_type=product&#038;p=23939"},"modified":"2026-01-04T04:05:46","modified_gmt":"2026-01-04T03:05:46","slug":"aivono-aim-boom-25000-zuege-dual-mesh-digital-screen-0-2-3-5-low-nicotine-content-wholesale-disposable-vaporiser-with-child-safety-rechargeable-pen","status":"publish","type":"product","link":"https:\/\/widevape.com\/en\/product\/aivono-aim-boom-25000-zuege-dual-mesh-digitalscreen-0-2-3-5-niedriger-nikotingehalt-grosshandel-einweg-dampfer-mit-kindersicherung-wiederaufladbarer-stift\/","title":{"rendered":"AIVONO AIM BOOM 25000 puffs dual mesh digital display 0% 2% 3% 5% Low nicotine wholesale disposable vaporiser with child safety rechargeable battery"},"content":{"rendered":"<div style=\"width: 480px;\" class=\"wp-video\"><video class=\"wp-video-shortcode\" id=\"video-23939-1\" width=\"480\" height=\"480\" preload=\"metadata\" controls=\"controls\"><source type=\"video\/mp4\" src=\"https:\/\/widevape.com\/wp-content\/uploads\/2025\/02\/AIVONO-AIM-BOOM-25000-.mp4?_=1\" \/><a href=\"https:\/\/widevape.com\/wp-content\/uploads\/2025\/02\/AIVONO-AIM-BOOM-25000-.mp4\">https:\/\/widevape.com\/wp-content\/uploads\/2025\/02\/AIVONO-AIM-BOOM-25000-.mp4<\/a><\/video><\/div>\n<h2 class=\"mb-2 mt-6 text-lg font-[500] first:mt-3\">Einf\u00fchrung in die <a href=\"https:\/\/widevape.com\/product-category\/aivono-einweg-e-zigaretten\/\">AIVONO<\/a> AIM BOOM 25000 Z\u00fcge Einweg-Dampfer<\/h2>\n<p class=\"my-0\">Die\u00a0<strong>AIVONO AIM BOOM 25000 Z\u00fcge<\/strong>\u00a0Einweg-Dampfer sind ein revolution\u00e4res Produkt, das eine unvergleichliche Dampferfahrung bietet. Mit ihrem schlanken Design und fortschrittlichen Funktionen ist es eine Top-Wahl f\u00fcr sowohl Anf\u00e4nger als auch erfahrene Dampfer. Dieses Ger\u00e4t ist Teil unseres umfangreichen Angebots an Einweg-Dampfern, das auf\u00a0<strong>WideVape<\/strong>, der gr\u00f6\u00dften Online-Wholesale-Plattform f\u00fcr Einweg-Dampfer in Europa, erh\u00e4ltlich ist. Wir bedienen M\u00e4rkte in den Niederlanden, Deutschland, Belgien, Spanien und vielen anderen L\u00e4ndern.<\/p>\n<h2 class=\"mb-xs mt-5 text-base font-[525] first:mt-3\">Schl\u00fcsselmerkmale der AIVONO AIM BOOM <a href=\"https:\/\/widevape.com\/product-category\/einweg-e-zigaretten-nach-zuegen\/25000-zuege-einweg-e-zigaretten\/\">25000 Z\u00fcge<\/a><\/h2>\n<ul class=\"marker:text-textOff list-disc\">\n<li>\n<p class=\"my-0\"><strong>Anzahl der Z\u00fcge<\/strong>: 25.000, was f\u00fcr eine lange Dampferfahrung sorgt.<\/p>\n<\/li>\n<li>\n<p class=\"my-0\"><strong>E-Liquid-Kapazit\u00e4t<\/strong>: 28ml, bietet reichlich Dampf\u00f6l f\u00fcr den langen Einsatz.<\/p>\n<\/li>\n<li>\n<p class=\"my-0\"><strong>Batterie<\/strong>: Ausgestattet mit einer 13450 reinen Kobaltbatterie, die zuverl\u00e4ssige Leistung bietet.<\/p>\n<\/li>\n<li>\n<p class=\"my-0\"><strong>Batteriekapazit\u00e4t<\/strong>: 650mA, aufladbar \u00fcber eine Type-C-Schnittstelle f\u00fcr Bequemlichkeit.<\/p>\n<\/li>\n<li>\n<p class=\"my-0\"><strong>Heizdrahtwiderstand<\/strong>: 1,0\u03a9 Dual-Mesh-Kern, verbessert den Geschmack und die Dampfproduktion.<\/p>\n<\/li>\n<li>\n<p class=\"my-0\"><strong>Produktgr\u00f6\u00dfe<\/strong>: Kompakt mit 60*90mm, ideal f\u00fcr den Einsatz unterwegs.<\/p>\n<\/li>\n<li>\n<p class=\"my-0\"><strong>Nikotinsalzgehalt<\/strong>: Verf\u00fcgbar in 0%, 2%, 3% und 5% Optionen, um unterschiedliche Vorlieben zu bedienen.<\/p>\n<\/li>\n<\/ul>\n<ul class=\"marker:text-textOff list-disc\">\n<li>\n<p class=\"my-0\"><strong>E-Liquid-Anzeige<\/strong>: Zeigt den verbleibenden E-Liquid-F\u00fcllstand an, damit Sie nie \u00fcberrascht werden.<\/p>\n<\/li>\n<li>\n<p class=\"my-0\"><strong>Batteriestandanzeige<\/strong>: Informiert \u00fcber den aktuellen Batteriestatus f\u00fcr eine unterbrechungsfreie Nutzung.<\/p>\n<\/li>\n<li>\n<p class=\"my-0\"><strong>Flexibles Logo-Display<\/strong>: Anpassbares Sternenhimmel-Display f\u00fcr individuelle Gestaltungsm\u00f6glichkeiten.<\/p>\n<\/li>\n<li>\n<p class=\"my-0\"><strong>Einstellbare Luftstromregelung<\/strong>: Zwei Geschwindigkeitsstufen erm\u00f6glichen eine personalisierte Dampferfahrung.<\/p>\n<\/li>\n<li>\n<p class=\"my-0\"><strong>Kindersicherung<\/strong>: Erh\u00f6hte Sicherheit durch Schutz vor unbeabsichtigtem Gebrauch.<\/p>\n<\/li>\n<li>\n<p class=\"my-0\"><strong>Schnellladefunktion<\/strong>: Reduziert Ausfallzeiten dank schneller Ladegeschwindigkeit.<\/p>\n<\/li>\n<\/ul>\n<h2 class=\"mb-2 mt-6 text-lg font-[500] first:mt-3\">Geschmacksrichtungen der AIVONO AIM BOOM 25000 Z\u00fcge<\/h2>\n<p class=\"my-0\">Unsere AIVONO AIM BOOM 25000 Z\u00fcge Einweg-Dampfer sind in einer Vielzahl von Geschmacksrichtungen erh\u00e4ltlich, jede sorgf\u00e4ltig entwickelt, um eine einzigartige Dampferfahrung zu bieten:<\/p>\n<ol class=\"marker:text-textOff list-decimal\">\n<li>\n<p class=\"my-0\"><strong>Miami Mint<\/strong>: Erfrischend und belebend, kombiniert diese Geschmacksrichtung die K\u00fchle von Minze mit einem Hauch von tropischem Geschmack, ideal f\u00fcr diejenigen, die einen knackigen, erfrischenden Dampf bevorzugen.<\/p>\n<\/li>\n<li>\n<p class=\"my-0\"><strong>Watermelon Ice<\/strong>: Eine s\u00fc\u00dfe und erfrischende Mischung, die den Geschmack von Wassermelone einf\u00e4ngt, mit einem k\u00fchlenden Eiseffekt, um eine sommerliche Atmosph\u00e4re zu schaffen.<\/p>\n<\/li>\n<li>\n<p class=\"my-0\"><strong>Blue Razz Ice<\/strong>: Eine fruchtige und eisige Variante des klassischen Blaubeeren-Geschmacks, bietet einen s\u00fc\u00dfen und sauren Geschmack mit einem k\u00fchlenden Abschluss.<\/p>\n<\/li>\n<li>\n<p class=\"my-0\"><strong>Raspberry Peach Lime<\/strong>: Eine komplexe Mischung aus s\u00fc\u00dfen Himbeeren, saftigen Pfirsichen und einer spritzigen Limette, schafft ein Geschmacksprofil, das sowohl fruchtig als auch erfrischend ist.<\/p>\n<\/li>\n<li>\n<p class=\"my-0\"><strong>Blue Rancher<\/strong>: Eine einzigartige Mischung, die die S\u00fc\u00dfe von Blaubeeren mit der S\u00e4ure von Zitrusfr\u00fcchten kombiniert, bietet einen Geschmack, der sowohl mutig als auch erfrischend ist.<\/p>\n<\/li>\n<li>\n<p class=\"my-0\"><strong>Sour Mango Pineapple<\/strong>: Eine tropische Mischung aus saurer Mango und s\u00fc\u00dfer Ananas, bietet einen Geschmack, der sowohl sauer als auch fruchtig ist.<\/p>\n<\/li>\n<li>\n<p class=\"my-0\"><strong>Strawberry B-Pop<\/strong>: Inspiriert von dem klassischen Erdbeeren-Kaugummi, bietet dieser Geschmack einen s\u00fc\u00dfen und nostalgischen Geschmack mit einem Hauch von Fruchtigkeit.<\/p>\n<\/li>\n<li>\n<p class=\"my-0\"><strong>Green Apple Grape<\/strong>: Eine erfrischende Mischung aus gr\u00fcnem Apfel und Traube, kombiniert die Sch\u00e4rfe des Apfels mit der S\u00fc\u00dfe der Traube f\u00fcr ein angenehmes Dampferlebnis.<\/p>\n<\/li>\n<li>\n<p class=\"my-0\"><strong>Melon Lemon<\/strong>: Eine erfrischende Mischung aus Melone und Zitrone, bietet einen s\u00fc\u00dfen und zitrusartigen Geschmack, der ideal f\u00fcr Fr\u00fchling und Sommer ist.<\/p>\n<\/li>\n<li>\n<p class=\"my-0\"><strong>Iced Watermelon Cherry<\/strong>: Eine Variante des klassischen Wassermelonen-Geschmacks, mit Kirsche und einem k\u00fchlenden Eiseffekt, schafft einen s\u00fc\u00dfen und erfrischenden Dampf.<\/p>\n<\/li>\n<\/ol>\n<h2 class=\"mb-2 mt-6 text-lg font-[500] first:mt-3\">Warum <a href=\"https:\/\/widevape.com\/\">WideVape<\/a> f\u00fcr Ihre Einweg-Dampfer-Bed\u00fcrfnisse w\u00e4hlen?<\/h2>\n<p class=\"my-0\">Bei\u00a0<strong>WideVape<\/strong>\u00a0sind wir stolz darauf, Europas f\u00fchrende Wholesale-Plattform f\u00fcr Einweg-Dampfer zu sein. Wir bieten eine breite Palette von Top-Marken an, darunter RandM Tornado, FIZZY, Al Fakher, Waspe, Vapme, Bang Box, Bang King, Doloda, Elf Box, Vapsolo, FluuM, BIMO, Smokman, Kangertech, Aupo, Old School und SFOG. Unsere umfangreiche Erfahrung in der Branche stellt sicher, dass wir hochwertige Produkte zu wettbewerbsf\u00e4higen Preisen anbieten, mit schnellem und versichertem Versand in alle EU-L\u00e4nder.<\/p>\n<h2 class=\"mb-xs mt-5 text-base font-[525] first:mt-3\">Zahlungsoptionen<\/h2>\n<p class=\"my-0\">Wir bieten eine Vielzahl von Zahlungsmethoden an, um Ihren Bed\u00fcrfnissen gerecht zu werden, darunter PayPal, Kreditkarten, iDEAL f\u00fcr die Niederlande, Bancontact f\u00fcr Belgien und SEPA-Bank\u00fcberweisungen f\u00fcr andere europ\u00e4ische L\u00e4nder.<\/p>\n<h2 class=\"mb-xs mt-5 text-base font-[525] first:mt-3\">Fazit<\/h2>\n<p class=\"my-0\">Die AIVONO AIM BOOM 25000 Z\u00fcge Einweg-Dampfer sind eine hervorragende Wahl f\u00fcr jeden, der nach einer wartungsfreien, hochwertigen Dampferfahrung sucht. Mit ihren fortschrittlichen Funktionen und der breiten Palette an Geschmacksrichtungen sind sie ideal f\u00fcr den pers\u00f6nlichen Gebrauch und den Gro\u00dfhandel. Besuchen Sie\u00a0<a href=\"https:\/\/widevape.com\/\"><strong>WideVape<\/strong><\/a>\u00a0heute, um unsere umfangreiche Sammlung an Einweg-Dampfern zu erkunden und das Beste der Dampftechnologie zu erleben.<\/p>\n<p><img loading=\"lazy\" decoding=\"async\" class=\"alignnone wp-image-23996 size-full\" src=\"https:\/\/widevape.com\/wp-content\/uploads\/2025\/02\/AIVONO_AIM_BOOM_25000-4.jpg\" alt=\"AIVONO AIM BOOM 25000 Z\u00fcge Dual-Mesh-Digitalanzeige 0% 2% 3% 5% Niedriger Nikotin Gro\u00dfhandel Einweg-Dampfer mit Kindersicherung Aufladba\" width=\"800\" height=\"1194\" srcset=\"https:\/\/widevape.com\/wp-content\/uploads\/2025\/02\/AIVONO_AIM_BOOM_25000-4.jpg 800w, https:\/\/widevape.com\/wp-content\/uploads\/2025\/02\/AIVONO_AIM_BOOM_25000-4-510x761.jpg 510w, https:\/\/widevape.com\/wp-content\/uploads\/2025\/02\/AIVONO_AIM_BOOM_25000-4-201x300.jpg 201w, https:\/\/widevape.com\/wp-content\/uploads\/2025\/02\/AIVONO_AIM_BOOM_25000-4-686x1024.jpg 686w, https:\/\/widevape.com\/wp-content\/uploads\/2025\/02\/AIVONO_AIM_BOOM_25000-4-768x1146.jpg 768w\" sizes=\"auto, (max-width: 800px) 100vw, 800px\" \/> <img loading=\"lazy\" decoding=\"async\" class=\"alignnone wp-image-23995 size-full\" src=\"https:\/\/widevape.com\/wp-content\/uploads\/2025\/02\/AIVONO_AIM_BOOM_25000-3.jpg\" alt=\"AIVONO AIM BOOM 25000 Z\u00fcge Dual-Mesh-Digitalanzeige 0% 2% 3% 5% Niedriger Nikotin Gro\u00dfhandel Einweg-Dampfer mit Kindersicherung Aufladba\" width=\"800\" height=\"800\" srcset=\"https:\/\/widevape.com\/wp-content\/uploads\/2025\/02\/AIVONO_AIM_BOOM_25000-3.jpg 800w, https:\/\/widevape.com\/wp-content\/uploads\/2025\/02\/AIVONO_AIM_BOOM_25000-3-247x247.jpg 247w, https:\/\/widevape.com\/wp-content\/uploads\/2025\/02\/AIVONO_AIM_BOOM_25000-3-100x100.jpg 100w, https:\/\/widevape.com\/wp-content\/uploads\/2025\/02\/AIVONO_AIM_BOOM_25000-3-510x510.jpg 510w, https:\/\/widevape.com\/wp-content\/uploads\/2025\/02\/AIVONO_AIM_BOOM_25000-3-300x300.jpg 300w, https:\/\/widevape.com\/wp-content\/uploads\/2025\/02\/AIVONO_AIM_BOOM_25000-3-150x150.jpg 150w, https:\/\/widevape.com\/wp-content\/uploads\/2025\/02\/AIVONO_AIM_BOOM_25000-3-768x768.jpg 768w\" sizes=\"auto, (max-width: 800px) 100vw, 800px\" \/><\/p>\n<div style=\"width: 480px;\" class=\"wp-video\"><video class=\"wp-video-shortcode\" id=\"video-23939-2\" width=\"480\" height=\"480\" preload=\"metadata\" controls=\"controls\"><source type=\"video\/mp4\" src=\"https:\/\/widevape.com\/wp-content\/uploads\/2025\/02\/AIVONO-AIM-BOOM-25000-.mp4?_=2\" \/><a href=\"https:\/\/widevape.com\/wp-content\/uploads\/2025\/02\/AIVONO-AIM-BOOM-25000-.mp4\">https:\/\/widevape.com\/wp-content\/uploads\/2025\/02\/AIVONO-AIM-BOOM-25000-.mp4<\/a><\/video><\/div>\n","protected":false},"excerpt":{"rendered":"<p>The\u00a0<strong>AIVONO AIM BOOM 25000 Trains<\/strong>\u00a0Disposable vaporisers are an advanced product with a long vaping experience of 25,000 puffs, which impresses with its multiple functions such as e-liquid indicator, battery level indicator and adjustable airflow control as well as a wide range of flavours.<\/p>","protected":false},"featured_media":23997,"comment_status":"open","ping_status":"closed","template":"","meta":[],"product_brand":[],"product_cat":[108,28,92,93,37,94,90,96],"product_tag":[],"class_list":{"0":"post-23939","1":"product","2":"type-product","3":"status-publish","4":"has-post-thumbnail","6":"product_cat-25000-zuege-einweg-e-zigaretten","7":"product_cat-aivono-einweg-e-zigaretten","8":"product_cat-digitale-box-einweg-e-zigaretten","9":"product_cat-dual-mesh-einweg-e-zigaretten","10":"product_cat-einweg-e-zigaretten","11":"product_cat-einweg-e-zigaretten-mit-niedriger-nikotinstaerke","12":"product_cat-grosse-einweg-e-zigaretten","13":"product_cat-wiederaufladbare-einweg-e-zigaretten","15":"first","16":"outofstock","17":"shipping-taxable","18":"purchasable","19":"product-type-variable"},"_links":{"self":[{"href":"https:\/\/widevape.com\/en\/wp-json\/wp\/v2\/product\/23939","targetHints":{"allow":["GET"]}}],"collection":[{"href":"https:\/\/widevape.com\/en\/wp-json\/wp\/v2\/product"}],"about":[{"href":"https:\/\/widevape.com\/en\/wp-json\/wp\/v2\/types\/product"}],"replies":[{"embeddable":true,"href":"https:\/\/widevape.com\/en\/wp-json\/wp\/v2\/comments?post=23939"}],"wp:featuredmedia":[{"embeddable":true,"href":"https:\/\/widevape.com\/en\/wp-json\/wp\/v2\/media\/23997"}],"wp:attachment":[{"href":"https:\/\/widevape.com\/en\/wp-json\/wp\/v2\/media?parent=23939"}],"wp:term":[{"taxonomy":"product_brand","embeddable":true,"href":"https:\/\/widevape.com\/en\/wp-json\/wp\/v2\/product_brand?post=23939"},{"taxonomy":"product_cat","embeddable":true,"href":"https:\/\/widevape.com\/en\/wp-json\/wp\/v2\/product_cat?post=23939"},{"taxonomy":"product_tag","embeddable":true,"href":"https:\/\/widevape.com\/en\/wp-json\/wp\/v2\/product_tag?post=23939"}],"curies":[{"name":"wp","href":"https:\/\/api.w.org\/{rel}","templated":true}]}}