{"id":24066,"date":"2025-02-27T03:41:26","date_gmt":"2025-02-27T02:41:26","guid":{"rendered":"https:\/\/widevape.com\/?post_type=product&#038;p=24066"},"modified":"2026-01-19T02:28:05","modified_gmt":"2026-01-19T01:28:05","slug":"moti-duoplus-25000-dual-mesh-technology-smart-max-screen-3-nicotine-wholesale-for-large-capacity-rechargeable-disposable-e-cigarettes","status":"publish","type":"product","link":"https:\/\/widevape.com\/en\/product\/moti-duoplus-25000-zuege-dual-mesh-technologie-smart-max-screen-3-nikotin-grosshandel-fuer-wiederaufladbare-einweg-e-zigaretten-mit-grosser-kapazitaet\/","title":{"rendered":"MOTI Duoplus 25000 puffs dual mesh technology, smart max screen, 3% nicotine, wholesale for large capacity rechargeable disposable e-cigarettes"},"content":{"rendered":"<div style=\"width: 1020px;\" class=\"wp-video\"><video class=\"wp-video-shortcode\" id=\"video-24066-1\" width=\"1020\" height=\"574\" preload=\"metadata\" controls=\"controls\"><source type=\"video\/mp4\" src=\"https:\/\/widevape.com\/wp-content\/uploads\/2025\/02\/MOTI-Duoplus-25000.mp4?_=1\" \/><a href=\"https:\/\/widevape.com\/wp-content\/uploads\/2025\/02\/MOTI-Duoplus-25000.mp4\">https:\/\/widevape.com\/wp-content\/uploads\/2025\/02\/MOTI-Duoplus-25000.mp4<\/a><\/video><\/div>\n<h1 class=\"mb-3 mt-8 text-[1.4rem] font-[475] leading-[1.5em] first:mt-3\"><a href=\"https:\/\/widevape.com\/product-category\/moti-einweg-e-zigaretten\/\">MOTI<\/a> Duoplus 25000 Z\u00fcge: Die beste Wahl f\u00fcr wiederaufladbare Einweg-Vapes im Gro\u00dfhandel<\/h1>\n<p class=\"my-0\">Der\u00a0<strong>MOTI Duoplus 25000 Z\u00fcge<\/strong>\u00a0ist ein innovatives Einweg-Vape-Ger\u00e4t, das die Grenzen von Design, Technologie und Funktionalit\u00e4t neu definiert. Mit seiner beeindruckenden Kapazit\u00e4t von bis zu 25.000 Z\u00fcgen, einem intelligenten Max-Screen und dualer Wattsteuerung bietet dieses Ger\u00e4t eine unvergleichliche Vaping-Erfahrung. Bei WideVape, der f\u00fchrenden Plattform f\u00fcr den Gro\u00dfhandel mit Einweg-Vapes in Deutschland, den Niederlanden, Belgien und Spanien, k\u00f6nnen Sie dieses au\u00dfergew\u00f6hnliche Produkt zu unschlagbaren Preisen erwerben.<\/p>\n<h2 class=\"mb-2 mt-6 text-lg font-[500] first:mt-3\"><strong>Hauptmerkmale<\/strong><\/h2>\n<ol class=\"marker:text-textOff list-decimal\">\n<li>\n<p class=\"my-0\"><strong>Dual-Wattsteuerung<\/strong><\/p>\n<ul class=\"marker:text-textOff list-disc\">\n<li>\n<p class=\"my-0\">Normalmodus (11W): Bis zu <a href=\"https:\/\/widevape.com\/product-category\/einweg-e-zigaretten-nach-zuegen\/25000-zuege-einweg-e-zigaretten\/\">25.000 Z\u00fcge<\/a>.<\/p>\n<\/li>\n<li>\n<p class=\"my-0\">Boost-Modus (20W): Bis zu 15.000 Z\u00fcge f\u00fcr ein intensives Dampferlebnis.<\/p>\n<\/li>\n<\/ul>\n<\/li>\n<li>\n<p class=\"my-0\"><strong>Intelligenter Max-Screen<\/strong><\/p>\n<ul class=\"marker:text-textOff list-disc\">\n<li>\n<p class=\"my-0\">Echtzeit-Anzeige von Zuganzahl, Akkustand und Leistungsabgabe.<\/p>\n<\/li>\n<\/ul>\n<\/li>\n<li>\n<p class=\"my-0\"><strong>Verstellbarer Luftstrom<\/strong><\/p>\n<ul class=\"marker:text-textOff list-disc\">\n<li>\n<p class=\"my-0\">Der Schieberegler an der Unterseite erm\u00f6glicht es den Nutzern, zwischen Restriktivem Direkt-Lungenzug (RDL) und Mund-zu-Lunge-Zug (MTL) zu wechseln.<\/p>\n<\/li>\n<\/ul>\n<\/li>\n<li>\n<p class=\"my-0\"><strong>Wiederaufladbarer Akku<\/strong><\/p>\n<ul class=\"marker:text-textOff list-disc\">\n<li>\n<p class=\"my-0\">Ausgestattet mit einem langlebigen 650mAh-Akku, der auch w\u00e4hrend des Ladens genutzt werden kann.<\/p>\n<\/li>\n<\/ul>\n<\/li>\n<li>\n<p class=\"my-0\"><strong>Dual-Mesh-Coil-Technologie<\/strong><\/p>\n<ul class=\"marker:text-textOff list-disc\">\n<li>\n<p class=\"my-0\">Wechselnde Heizspulen im Normalmodus sorgen f\u00fcr Frische.<\/p>\n<\/li>\n<li>\n<p class=\"my-0\">Gleichzeitiges Erhitzen im Boost-Modus maximiert die Dampfproduktion.<\/p>\n<\/li>\n<\/ul>\n<\/li>\n<li>\n<p class=\"my-0\"><strong>Intelligente Temperaturregelung<\/strong><\/p>\n<ul class=\"marker:text-textOff list-disc\">\n<li>\n<p class=\"my-0\">Der integrierte MCU-Chip verhindert \u00dcberhitzung und reduziert Kondensation f\u00fcr einen reinen Geschmack.<\/p>\n<\/li>\n<\/ul>\n<\/li>\n<li>\n<p class=\"my-0\"><strong>Gro\u00dfe E-Liquid-Kapazit\u00e4t<\/strong><\/p>\n<ul class=\"marker:text-textOff list-disc\">\n<li>\n<p class=\"my-0\">Mit 18mL vorgef\u00fclltem E-Liquid bietet das Ger\u00e4t eine langanhaltende Nutzung ohne h\u00e4ufiges Nachf\u00fcllen.<\/p>\n<\/li>\n<\/ul>\n<\/li>\n<li>\n<p class=\"my-0\"><strong>Niedriger Nikotingehalt<\/strong><\/p>\n<ul class=\"marker:text-textOff list-disc\">\n<li>\n<p class=\"my-0\">Mit einem Nikotingehalt von 3% (30mg\/mL) eignet sich das Ger\u00e4t ideal f\u00fcr Nutzer, die einen sanfteren Zug bevorzugen.<\/p>\n<\/li>\n<\/ul>\n<\/li>\n<\/ol>\n<h2 class=\"mb-2 mt-6 text-lg font-[500] first:mt-3\"><strong>Geschmacksrichtungen<\/strong><\/h2>\n<p class=\"my-0\">Der MOTI Duoplus 25000 Z\u00fcge ist in einer Vielzahl exquisiter Geschmacksrichtungen erh\u00e4ltlich, die jeden Geschmack treffen:<\/p>\n<ol class=\"marker:text-textOff list-decimal\">\n<li>\n<p class=\"my-0\"><strong>Banana Energy:<\/strong>\u00a0Eine tropische Mischung aus reifen Bananen mit einem belebenden Energieschub.<\/p>\n<\/li>\n<li>\n<p class=\"my-0\"><strong>Blue Razz Ice:<\/strong>\u00a0Eine erfrischende Kombination aus s\u00fc\u00df-saurer blauer Himbeere und einer k\u00fchlen Mentholnote.<\/p>\n<\/li>\n<li>\n<p class=\"my-0\"><strong>Blueberry Mango:<\/strong>\u00a0Ein harmonisches Zusammenspiel von saftigen Blaubeeren und exotischer Mango.<\/p>\n<\/li>\n<li>\n<p class=\"my-0\"><strong>Cherry Cola:<\/strong>\u00a0Der klassische Cola-Geschmack, verfeinert mit einer s\u00fc\u00dfen Kirsch-Note.<\/p>\n<\/li>\n<li>\n<p class=\"my-0\"><strong>Grape Ice:<\/strong>\u00a0S\u00fc\u00dfe, saftige Trauben kombiniert mit einer erfrischenden Mentholbrise.<\/p>\n<\/li>\n<li>\n<p class=\"my-0\"><strong>Miami Mint:<\/strong>\u00a0Frische und k\u00fchle Minze, inspiriert von der lebendigen Atmosph\u00e4re Miamis.<\/p>\n<\/li>\n<li>\n<p class=\"my-0\"><strong>Peach Ice:<\/strong>\u00a0Saftige Pfirsiche mit einem Hauch von eisiger Frische f\u00fcr ein belebendes Erlebnis.<\/p>\n<\/li>\n<li>\n<p class=\"my-0\"><strong>Peach Paradise:<\/strong>\u00a0Eine tropische Geschmacksexplosion aus reifen Pfirsichen mit exotischen Untert\u00f6nen.<\/p>\n<\/li>\n<li>\n<p class=\"my-0\"><strong>Pink Lemonade:<\/strong>\u00a0Eine spritzige Mischung aus s\u00fc\u00dfer und s\u00e4uerlicher Limonade mit einem Hauch von Beerenaromen.<\/p>\n<\/li>\n<li>\n<p class=\"my-0\"><strong>Strawberry Ice:<\/strong>\u00a0Frische Erdbeeren, abgerundet durch eine k\u00fchle Mentholnote f\u00fcr ein erfrischendes Finish.<\/p>\n<\/li>\n<li>\n<p class=\"my-0\"><strong>Watermelon Bubblegum:<\/strong>\u00a0Der nostalgische Geschmack von Kaugummi kombiniert mit der S\u00fc\u00dfe frischer Wassermelone.<\/p>\n<\/li>\n<li>\n<p class=\"my-0\"><strong>Watermelon Ice:<\/strong>\u00a0Saftige Wassermelone trifft auf eine erfrischende und eisige Mentholnote.<\/p>\n<\/li>\n<\/ol>\n<p class=\"my-0\">Jede Geschmacksrichtung wurde sorgf\u00e4ltig entwickelt, um ein konsistentes und angenehmes Dampferlebnis von Anfang bis Ende zu gew\u00e4hrleisten.<\/p>\n<h2 class=\"mb-2 mt-6 text-lg font-[500] first:mt-3\"><strong>Warum <a href=\"https:\/\/widevape.com\/\">WideVape<\/a> w\u00e4hlen?<\/strong><\/h2>\n<p class=\"my-0\">WideVape ist Europas f\u00fchrende Online-Gro\u00dfhandelsplattform f\u00fcr <a href=\"https:\/\/widevape.com\/\">Einweg-Vapes<\/a> und bietet seit \u00fcber zehn Jahren hochwertige Produkte und exzellenten Kundenservice an. Hier sind einige Gr\u00fcnde, warum Sie sich f\u00fcr WideVape entscheiden sollten:<\/p>\n<ol class=\"marker:text-textOff list-decimal\">\n<li>\n<p class=\"my-0\"><strong>Umfangreiches Produktsortiment:<\/strong>\u00a0Wir f\u00fchren f\u00fchrende Marken wie RandM Tornado, Al Fakher, FIZZY, Waspe, Vapme, Bang Box und mehr.<\/p>\n<\/li>\n<li>\n<p class=\"my-0\"><strong>Konkurrenzf\u00e4hige Preise:<\/strong>\u00a0Profitieren Sie von unschlagbaren Gro\u00dfhandelsrabatten auf Premium-Produkte wie den MOTI Duoplus 25000 Z\u00fcge.<\/p>\n<\/li>\n<li>\n<p class=\"my-0\"><strong>Schneller &amp; sicherer Versand:<\/strong>\u00a0Wir bieten versicherten Versand in ganz Europa an, damit Ihre Bestellung sicher und p\u00fcnktlich ankommt.<\/p>\n<\/li>\n<li>\n<p class=\"my-0\"><strong>Flexible Zahlungsmethoden:<\/strong>\u00a0Neben PayPal und Kreditkarten akzeptieren wir lokale Zahlungsmethoden wie iDEAL (Niederlande), Bancontact (Belgien) und SEPA-Bank\u00fcberweisungen in Europa.<\/p>\n<\/li>\n<li>\n<p class=\"my-0\"><strong>Erfahrung &amp; Vertrauen:<\/strong>\u00a0Mit \u00fcber einem Jahrzehnt Erfahrung in der Branche stehen wir Ihnen als verl\u00e4sslicher Partner zur Seite.<\/p>\n<\/li>\n<\/ol>\n<h2 class=\"mb-2 mt-6 text-lg font-[500] first:mt-3\"><strong>Jetzt bei WideVape bestellen<\/strong><\/h2>\n<p class=\"my-0\">Der MOTI Duoplus 25000 Z\u00fcge ist die perfekte Kombination aus Innovation und Komfort \u2013 ideal f\u00fcr Einzelh\u00e4ndler oder Privatpersonen, die hochwertige Einweg-Vapes in gro\u00dfen Mengen suchen. Seine fortschrittlichen Funktionen garantieren ein unvergleichliches Dampferlebnis, das Ihre Kunden begeistern wird.<\/p>\n<p class=\"my-0\">Besuchen Sie WideVape noch heute und sichern Sie sich dieses revolution\u00e4re Produkt zu Gro\u00dfhandelspreisen! Mit schnellem Versand direkt nach Deutschland, die Niederlande, Belgien oder Spanien sorgen wir daf\u00fcr, dass Ihre Bestellung schnell und zuverl\u00e4ssig bei Ihnen ankommt.<\/p>\n<h2 class=\"mb-xs mt-5 text-base font-[525] first:mt-3\"><strong>Fazit<\/strong><\/h2>\n<p class=\"my-0\">Der MOTI Duoplus 25000 Z\u00fcge ist mehr als nur ein <a href=\"https:\/\/widevape.com\/\">Einweg-Vape<\/a> \u2013 er ist eine Revolution in der Vaping-Technologie und bietet eine unvergleichliche Kombination aus Leistung und Komfort. Mit seinen dualen Wattmodi, dem intelligenten Max-Screen, dem verstellbaren Luftstromsystem und einer Vielzahl exquisiter Geschmacksrichtungen setzt er neue Ma\u00dfst\u00e4be in der Branche.<\/p>\n<p class=\"my-0\">WideVape ist stolz darauf, dieses au\u00dfergew\u00f6hnliche Produkt als f\u00fchrender Gro\u00dfh\u00e4ndler in Europa anzubieten. Bestellen Sie jetzt bei WideVape und erleben Sie die Zukunft des Vapings!<\/p>\n<p><img loading=\"lazy\" decoding=\"async\" class=\"alignnone wp-image-24110 size-full\" src=\"https:\/\/widevape.com\/wp-content\/uploads\/2025\/02\/MOTI_Duoplus_25000-14.webp\" alt=\"MOTI Duoplus 25000 Z\u00fcge Dual-Mesh-Technologie, Smart-Max-Screen, 3% Nikotin, Gro\u00dfhandel f\u00fcr wiederaufladbare Einweg-E-Zigaretten mit gro\u00dfer Kapazit\u00e4t\" width=\"2048\" height=\"2048\" srcset=\"https:\/\/widevape.com\/wp-content\/uploads\/2025\/02\/MOTI_Duoplus_25000-14.webp 2048w, https:\/\/widevape.com\/wp-content\/uploads\/2025\/02\/MOTI_Duoplus_25000-14-247x247.webp 247w, https:\/\/widevape.com\/wp-content\/uploads\/2025\/02\/MOTI_Duoplus_25000-14-100x100.webp 100w, https:\/\/widevape.com\/wp-content\/uploads\/2025\/02\/MOTI_Duoplus_25000-14-510x510.webp 510w, https:\/\/widevape.com\/wp-content\/uploads\/2025\/02\/MOTI_Duoplus_25000-14-300x300.webp 300w, https:\/\/widevape.com\/wp-content\/uploads\/2025\/02\/MOTI_Duoplus_25000-14-1024x1024.webp 1024w, https:\/\/widevape.com\/wp-content\/uploads\/2025\/02\/MOTI_Duoplus_25000-14-150x150.webp 150w, https:\/\/widevape.com\/wp-content\/uploads\/2025\/02\/MOTI_Duoplus_25000-14-768x768.webp 768w, https:\/\/widevape.com\/wp-content\/uploads\/2025\/02\/MOTI_Duoplus_25000-14-1536x1536.webp 1536w\" sizes=\"auto, (max-width: 2048px) 100vw, 2048px\" \/> <img loading=\"lazy\" decoding=\"async\" class=\"alignnone wp-image-24113 size-full\" src=\"https:\/\/widevape.com\/wp-content\/uploads\/2025\/02\/MOTI_Duoplus_25000-17.webp\" alt=\"MOTI Duoplus 25000 Z\u00fcge Dual-Mesh-Technologie, Smart-Max-Screen, 3% Nikotin, Gro\u00dfhandel f\u00fcr wiederaufladbare Einweg-E-Zigaretten mit gro\u00dfer Kapazit\u00e4t\" width=\"2048\" height=\"2048\" srcset=\"https:\/\/widevape.com\/wp-content\/uploads\/2025\/02\/MOTI_Duoplus_25000-17.webp 2048w, https:\/\/widevape.com\/wp-content\/uploads\/2025\/02\/MOTI_Duoplus_25000-17-247x247.webp 247w, https:\/\/widevape.com\/wp-content\/uploads\/2025\/02\/MOTI_Duoplus_25000-17-100x100.webp 100w, https:\/\/widevape.com\/wp-content\/uploads\/2025\/02\/MOTI_Duoplus_25000-17-510x510.webp 510w, https:\/\/widevape.com\/wp-content\/uploads\/2025\/02\/MOTI_Duoplus_25000-17-300x300.webp 300w, https:\/\/widevape.com\/wp-content\/uploads\/2025\/02\/MOTI_Duoplus_25000-17-1024x1024.webp 1024w, https:\/\/widevape.com\/wp-content\/uploads\/2025\/02\/MOTI_Duoplus_25000-17-150x150.webp 150w, https:\/\/widevape.com\/wp-content\/uploads\/2025\/02\/MOTI_Duoplus_25000-17-768x768.webp 768w, https:\/\/widevape.com\/wp-content\/uploads\/2025\/02\/MOTI_Duoplus_25000-17-1536x1536.webp 1536w\" sizes=\"auto, (max-width: 2048px) 100vw, 2048px\" \/> <img loading=\"lazy\" decoding=\"async\" class=\"alignnone wp-image-24107 size-full\" src=\"https:\/\/widevape.com\/wp-content\/uploads\/2025\/02\/MOTI_Duoplus_25000-11.webp\" alt=\"MOTI Duoplus 25000 Z\u00fcge Dual-Mesh-Technologie, Smart-Max-Screen, 3% Nikotin, Gro\u00dfhandel f\u00fcr wiederaufladbare Einweg-E-Zigaretten mit gro\u00dfer Kapazit\u00e4t\" width=\"2084\" height=\"2084\" srcset=\"https:\/\/widevape.com\/wp-content\/uploads\/2025\/02\/MOTI_Duoplus_25000-11.webp 2084w, https:\/\/widevape.com\/wp-content\/uploads\/2025\/02\/MOTI_Duoplus_25000-11-247x247.webp 247w, https:\/\/widevape.com\/wp-content\/uploads\/2025\/02\/MOTI_Duoplus_25000-11-100x100.webp 100w, https:\/\/widevape.com\/wp-content\/uploads\/2025\/02\/MOTI_Duoplus_25000-11-510x510.webp 510w, https:\/\/widevape.com\/wp-content\/uploads\/2025\/02\/MOTI_Duoplus_25000-11-300x300.webp 300w, https:\/\/widevape.com\/wp-content\/uploads\/2025\/02\/MOTI_Duoplus_25000-11-1024x1024.webp 1024w, https:\/\/widevape.com\/wp-content\/uploads\/2025\/02\/MOTI_Duoplus_25000-11-150x150.webp 150w, https:\/\/widevape.com\/wp-content\/uploads\/2025\/02\/MOTI_Duoplus_25000-11-768x768.webp 768w, https:\/\/widevape.com\/wp-content\/uploads\/2025\/02\/MOTI_Duoplus_25000-11-1536x1536.webp 1536w, https:\/\/widevape.com\/wp-content\/uploads\/2025\/02\/MOTI_Duoplus_25000-11-2048x2048.webp 2048w\" sizes=\"auto, (max-width: 2084px) 100vw, 2084px\" \/><\/p>\n","protected":false},"excerpt":{"rendered":"<p>The\u00a0<strong>MOTI Duoplus 25000 trains<\/strong>\u00a0is an innovative, rechargeable disposable vape with up to 25,000 puffs, dual power modes, intelligent max-screen and exquisite flavours - perfect for wholesale buyers at\u00a0<strong>WideVape<\/strong>Europe's leading platform for disposable vapes.<\/p>","protected":false},"featured_media":24111,"comment_status":"open","ping_status":"closed","template":"","meta":[],"product_brand":[],"product_cat":[108,92,93,37,94,90,53,96],"product_tag":[],"class_list":{"0":"post-24066","1":"product","2":"type-product","3":"status-publish","4":"has-post-thumbnail","6":"product_cat-25000-zuege-einweg-e-zigaretten","7":"product_cat-digitale-box-einweg-e-zigaretten","8":"product_cat-dual-mesh-einweg-e-zigaretten","9":"product_cat-einweg-e-zigaretten","10":"product_cat-einweg-e-zigaretten-mit-niedriger-nikotinstaerke","11":"product_cat-grosse-einweg-e-zigaretten","12":"product_cat-moti-einweg-e-zigaretten","13":"product_cat-wiederaufladbare-einweg-e-zigaretten","15":"first","16":"outofstock","17":"shipping-taxable","18":"purchasable","19":"product-type-variable"},"_links":{"self":[{"href":"https:\/\/widevape.com\/en\/wp-json\/wp\/v2\/product\/24066","targetHints":{"allow":["GET"]}}],"collection":[{"href":"https:\/\/widevape.com\/en\/wp-json\/wp\/v2\/product"}],"about":[{"href":"https:\/\/widevape.com\/en\/wp-json\/wp\/v2\/types\/product"}],"replies":[{"embeddable":true,"href":"https:\/\/widevape.com\/en\/wp-json\/wp\/v2\/comments?post=24066"}],"wp:featuredmedia":[{"embeddable":true,"href":"https:\/\/widevape.com\/en\/wp-json\/wp\/v2\/media\/24111"}],"wp:attachment":[{"href":"https:\/\/widevape.com\/en\/wp-json\/wp\/v2\/media?parent=24066"}],"wp:term":[{"taxonomy":"product_brand","embeddable":true,"href":"https:\/\/widevape.com\/en\/wp-json\/wp\/v2\/product_brand?post=24066"},{"taxonomy":"product_cat","embeddable":true,"href":"https:\/\/widevape.com\/en\/wp-json\/wp\/v2\/product_cat?post=24066"},{"taxonomy":"product_tag","embeddable":true,"href":"https:\/\/widevape.com\/en\/wp-json\/wp\/v2\/product_tag?post=24066"}],"curies":[{"name":"wp","href":"https:\/\/api.w.org\/{rel}","templated":true}]}}