{"id":24120,"date":"2025-02-27T03:46:12","date_gmt":"2025-02-27T02:46:12","guid":{"rendered":"https:\/\/widevape.com\/?post_type=product&#038;p=24120"},"modified":"2026-01-19T02:24:45","modified_gmt":"2026-01-19T01:24:45","slug":"moti-meta-ultra-max-10000-cigarette-rechargeable-disposable-e-cigarette-with-smart-led-display-and-3-nicotine-wholesale-bulk-buy","status":"publish","type":"product","link":"https:\/\/widevape.com\/en\/product\/moti-meta-ultra-max-10000-zuege-wiederaufladbare-einweg-e-zigarette-mit-smart-led-display-und-3-nikotin-grosshandel-bulk-buy\/","title":{"rendered":"MOTI Meta Ultra Max 10000 Puffs Rechargeable Disposable E-Cigarette with Smart LED Display and 3% Nicotine - Wholesale &amp; Bulk Buy"},"content":{"rendered":"<div style=\"width: 1020px;\" class=\"wp-video\"><video class=\"wp-video-shortcode\" id=\"video-24120-1\" width=\"1020\" height=\"574\" preload=\"metadata\" controls=\"controls\"><source type=\"video\/mp4\" src=\"https:\/\/widevape.com\/wp-content\/uploads\/2025\/02\/MOTI-Meta-Ultra-Max-10000-.mp4?_=1\" \/><a href=\"https:\/\/widevape.com\/wp-content\/uploads\/2025\/02\/MOTI-Meta-Ultra-Max-10000-.mp4\">https:\/\/widevape.com\/wp-content\/uploads\/2025\/02\/MOTI-Meta-Ultra-Max-10000-.mp4<\/a><\/video><\/div>\n<h1 class=\"first:mt-xs mb-3 mt-8 text-[1.4rem] font-[475] leading-[1.5em]\"><a href=\"https:\/\/widevape.com\/product-category\/moti-einweg-e-zigaretten\/\">MOTI<\/a> Meta Ultra Max 10000 Z\u00fcge: Die Revolution der Einweg-E-Zigaretten f\u00fcr Gro\u00dfabnehmer<\/h1>\n<p class=\"my-0\">Die\u00a0<strong>MOTI Meta Ultra Max <a href=\"https:\/\/widevape.com\/product-category\/einweg-e-zigaretten-nach-zuegen\/10000-zuege-einweg-e-zigaretten\/\">10000 Z\u00fcge<\/a><\/strong>\u00a0ist eine bahnbrechende Innovation im Bereich der Einweg-E-Zigaretten, die sowohl f\u00fcr Einzelanwender als auch f\u00fcr Gro\u00dfh\u00e4ndler entwickelt wurde. Mit modernster Technologie, einer beeindruckenden Auswahl an Geschmacksrichtungen und herausragender Leistung ist dieses wiederaufladbare Einwegger\u00e4t perfekt f\u00fcr H\u00e4ndler und Endkunden.\u00a0<strong>Widevape<\/strong>, Europas gr\u00f6\u00dfter Online-Gro\u00dfhandelsplattform f\u00fcr Einweg-E-Zigaretten, bietet Ihnen die besten Preise und schnellen Versand nach Deutschland, Niederlande, Belgien, Spanien und weitere L\u00e4nder.<\/p>\n<h2 class=\"mb-2 mt-6 text-lg font-[500] first:mt-3\"><strong>Produktmerkmale<\/strong><\/h2>\n<p class=\"my-0\">Hier sind die einzigartigen Eigenschaften der MOTI Meta Ultra Max im \u00dcberblick:<\/p>\n<ul class=\"marker:text-textOff list-disc\">\n<li>\n<p class=\"my-0\"><strong>Au\u00dfergew\u00f6hnliche Zugkapazit\u00e4t<\/strong>: Bis zu\u00a0<strong>10.000 Z\u00fcge<\/strong>, ideal f\u00fcr langfristige Nutzung.<\/p>\n<\/li>\n<li>\n<p class=\"my-0\"><strong>Gro\u00dfer Liquid-Tank<\/strong>: Der gro\u00dfz\u00fcgige\u00a0<strong>16-mL-Tank<\/strong>\u00a0reduziert den Nachf\u00fcllbedarf erheblich.<\/p>\n<\/li>\n<li>\n<p class=\"my-0\"><strong>Niedriger Nikotingehalt<\/strong>: Enth\u00e4lt nur\u00a0<strong>3 % Nikotin<\/strong>, f\u00fcr ein sanftes und angenehmes Dampferlebnis.<\/p>\n<\/li>\n<li>\n<p class=\"my-0\"><strong>Intelligentes LED-Display<\/strong>: Zeigt Batteriestatus und Liquidstand in Echtzeit an.<\/p>\n<\/li>\n<li>\n<p class=\"my-0\"><strong>Wiederaufladbare Batterie<\/strong>: Die integrierte\u00a0<strong>500-mAh-Batterie<\/strong>\u00a0erm\u00f6glicht schnelles Aufladen.<\/p>\n<\/li>\n<li>\n<p class=\"my-0\"><strong>Optimierter Widerstand<\/strong>: Mit einem Widerstand von\u00a0<strong>1,0 \u03a9<\/strong>\u00a0wird dichter Dampf und intensiver Geschmack erzeugt.<\/p>\n<\/li>\n<li>\n<p class=\"my-0\"><strong>Auslaufsicheres Design<\/strong>: Fortschrittliche Anti-Leck-Technologie verhindert Fl\u00fcssigkeitsverluste.<\/p>\n<\/li>\n<li>\n<p class=\"my-0\"><strong>Ger\u00e4uscharmes Dampfen<\/strong>: Ger\u00e4uschreduzierungstechnologie sorgt f\u00fcr diskretes Dampfen.<\/p>\n<\/li>\n<li>\n<p class=\"my-0\"><strong>Hygienisches Mundst\u00fcck<\/strong>: Das transparente Doppel-Schicht-Mundst\u00fcck bietet Komfort und Sicherheit.<\/p>\n<\/li>\n<li>\n<p class=\"my-0\"><strong>Kompakte Bauweise<\/strong>: Mit den Ma\u00dfen von nur\u00a0<strong>93 x 44,5 x 19,5 mm<\/strong>\u00a0ist das Ger\u00e4t \u00e4u\u00dferst tragbar.<\/p>\n<\/li>\n<\/ul>\n<h2 class=\"mb-2 mt-6 text-lg font-[500] first:mt-3\"><strong>Verf\u00fcgbare Geschmacksrichtungen<\/strong><\/h2>\n<p class=\"my-0\">Die MOTI Meta Ultra Max bietet eine breite Auswahl an sorgf\u00e4ltig abgestimmten Geschmacksrichtungen, die jeden Geschmack treffen. Jede Sorte wurde entwickelt, um ein intensives und gleichbleibendes Aroma zu gew\u00e4hrleisten:<\/p>\n<ol class=\"marker:text-textOff list-decimal\">\n<li>\n<p class=\"my-0\"><strong>Cherry Banana<\/strong>: Eine harmonische Mischung aus s\u00fc\u00dfen Kirschen und cremigen Bananen \u2013 tropisch und k\u00f6stlich.<\/p>\n<\/li>\n<li>\n<p class=\"my-0\"><strong>Mixed Fruit<\/strong>: Ein fruchtiger Cocktail aus verschiedenen saftigen Fr\u00fcchten f\u00fcr ein erfrischendes Erlebnis.<\/p>\n<\/li>\n<li>\n<p class=\"my-0\"><strong>Citrus Gin Tonic<\/strong>: Spritzige Zitrusnoten kombiniert mit dem klassischen Geschmack eines Gin Tonics \u2013 elegant und erfrischend.<\/p>\n<\/li>\n<li>\n<p class=\"my-0\"><strong>Peach Lemon<\/strong>: S\u00fc\u00dfe Pfirsiche treffen auf spritzige Zitronen \u2013 perfekt ausbalanciert.<\/p>\n<\/li>\n<li>\n<p class=\"my-0\"><strong>Kiwi Passionfruit Guava<\/strong>: Eine exotische Kombination aus Kiwi, Passionsfrucht und Guave \u2013 tropisch-fruchtig.<\/p>\n<\/li>\n<li>\n<p class=\"my-0\"><strong>Mango Orange<\/strong>: Reife Mangos verschmelzen mit spritzigen Orangen zu einem fruchtigen Genuss.<\/p>\n<\/li>\n<li>\n<p class=\"my-0\"><strong>Fresh Mint<\/strong>: Ein k\u00fchler Minzgeschmack, der die Sinne belebt \u2013 frisch und klar.<\/p>\n<\/li>\n<li>\n<p class=\"my-0\"><strong>Lush Ice<\/strong>: Saftige Wassermelone mit einem Hauch Menthol \u2013 ideal f\u00fcr hei\u00dfe Tage.<\/p>\n<\/li>\n<li>\n<p class=\"my-0\"><strong>Grape Ice<\/strong>: S\u00fc\u00dfe Trauben mit einer erfrischenden Mentholnote \u2013 fruchtig und k\u00fchl zugleich.<\/p>\n<\/li>\n<li>\n<p class=\"my-0\"><strong>Citrus Raspberry Soda<\/strong>: Sprudelnde Limonaden-Aromen mit Zitrusfr\u00fcchten und Himbeeren \u2013 prickelnd und lebendig.<\/p>\n<\/li>\n<li>\n<p class=\"my-0\"><strong>Mango Peach Watermelon<\/strong><strong>Mango Peach Watermelon<\/strong>: Eine fruchtige Explosion aus Mango, Pfirsich und Wassermelone \u2013 unwiderstehlich lecker.<\/p>\n<\/li>\n<li>\n<p class=\"my-0\"><strong>Blue Razz Ice<\/strong>: Intensiver Blaubeer-Himbeer-Geschmack mit einem eisigen Finish \u2013 s\u00fc\u00df-sauer und erfrischend.<\/p>\n<\/li>\n<\/ol>\n<h2 class=\"mb-2 mt-6 text-lg font-[500] first:mt-3\">Warum bei <a href=\"https:\/\/widevape.com\/\">Widevape<\/a> kaufen?<\/h2>\n<p class=\"my-0\">Widevape ist Europas f\u00fchrende Gro\u00dfhandelsplattform f\u00fcr Einweg-E-Zigaretten, einschlie\u00dflich der MOTI Meta Ultra Max 10000 Z\u00fcge. Hier sind einige Gr\u00fcnde, warum Sie uns w\u00e4hlen sollten:<\/p>\n<ul class=\"marker:text-textOff list-disc\">\n<li>\n<p class=\"my-0\">Wir bieten Gro\u00dfbestellungen zu konkurrenzf\u00e4higen Preisen an \u2013 maximale Wertsch\u00f6pfung garantiert!<\/p>\n<\/li>\n<li>\n<p class=\"my-0\">Unser umfangreicher Produktkatalog umfasst Top-Marken wie RandM Tornado, Elf Box, Vapme, Bang Box, FIZZY, BIMO, Smokman, Kangertech und viele mehr.<\/p>\n<\/li>\n<li>\n<p class=\"my-0\">Mit \u00fcber 10 Jahren Erfahrung in der Branche verstehen wir die Bed\u00fcrfnisse unserer europ\u00e4ischen Kunden in Deutschland, Niederlande, Belgien, Spanien, Frankreich, Italien, Portugal, Polen usw.<\/p>\n<\/li>\n<\/ul>\n<h2 class=\"mb-2 mt-6 text-lg font-[500] first:mt-3\">Bequeme Zahlungsmethoden<\/h2>\n<p class=\"my-0\">Um Ihren Einkauf so einfach wie m\u00f6glich zu gestalten, bieten wir verschiedene Zahlungsmethoden an:<\/p>\n<ul class=\"marker:text-textOff list-disc\">\n<li>\n<p class=\"my-0\">PayPal<\/p>\n<\/li>\n<li>\n<p class=\"my-0\">Kreditkarten<\/p>\n<\/li>\n<li>\n<p class=\"my-0\">Lokale Zahlungsmethoden wie iDEAL in den Niederlanden oder Bancontact in Belgien<\/p>\n<\/li>\n<li>\n<p class=\"my-0\">SEPA-Bank\u00fcberweisungen innerhalb Europas<\/p>\n<\/li>\n<\/ul>\n<h2 class=\"mb-2 mt-6 text-lg font-[500] first:mt-3\">Fazit<\/h2>\n<p class=\"my-0\">Die MOTI Meta Ultra Max 10000 Z\u00fcge ist die perfekte Wahl f\u00fcr alle, die hochwertige Einweg-E-Zigaretten in gro\u00dfen Mengen suchen. Mit ihren fortschrittlichen Funktionen, ihrer breiten Geschmacksvielfalt und ihrer au\u00dfergew\u00f6hnlichen Leistung erf\u00fcllt sie sowohl individuelle Vorlieben als auch Gro\u00dfhandelsanforderungen.<\/p>\n<p class=\"my-0\">Besuchen Sie <a href=\"https:\/\/widevape.com\/\">Widevape<\/a> noch heute und entdecken Sie unser umfassendes Sortiment an Einweg-E-Zigaretten! Nutzen Sie unsere attraktiven Gro\u00dfhandelsrabatte!<\/p>\n<p><img loading=\"lazy\" decoding=\"async\" class=\"alignnone wp-image-24124 size-full\" src=\"https:\/\/widevape.com\/wp-content\/uploads\/2025\/02\/MOTI_Meta_Ultra_Max_10000-41.webp\" alt=\"MOTI Meta Ultra Max 10000 Z\u00fcge Wiederaufladbare Einweg-E-Zigarette mit Smart-LED-Display und 3% Nikotin \u2013 Gro\u00dfhandel &amp; Bulk BuyMOTI Meta Ultra Max 10000 Z\u00fcge Wiederaufladbare Einweg-E-Zigarette mit Smart-LED-Display und 3% Nikotin \u2013 Gro\u00dfhandel &amp; Bulk Buy\" width=\"2048\" height=\"2048\" srcset=\"https:\/\/widevape.com\/wp-content\/uploads\/2025\/02\/MOTI_Meta_Ultra_Max_10000-41.webp 2048w, https:\/\/widevape.com\/wp-content\/uploads\/2025\/02\/MOTI_Meta_Ultra_Max_10000-41-247x247.webp 247w, https:\/\/widevape.com\/wp-content\/uploads\/2025\/02\/MOTI_Meta_Ultra_Max_10000-41-100x100.webp 100w, https:\/\/widevape.com\/wp-content\/uploads\/2025\/02\/MOTI_Meta_Ultra_Max_10000-41-510x510.webp 510w, https:\/\/widevape.com\/wp-content\/uploads\/2025\/02\/MOTI_Meta_Ultra_Max_10000-41-300x300.webp 300w, https:\/\/widevape.com\/wp-content\/uploads\/2025\/02\/MOTI_Meta_Ultra_Max_10000-41-1024x1024.webp 1024w, https:\/\/widevape.com\/wp-content\/uploads\/2025\/02\/MOTI_Meta_Ultra_Max_10000-41-150x150.webp 150w, https:\/\/widevape.com\/wp-content\/uploads\/2025\/02\/MOTI_Meta_Ultra_Max_10000-41-768x768.webp 768w, https:\/\/widevape.com\/wp-content\/uploads\/2025\/02\/MOTI_Meta_Ultra_Max_10000-41-1536x1536.webp 1536w\" sizes=\"auto, (max-width: 2048px) 100vw, 2048px\" \/> <img loading=\"lazy\" decoding=\"async\" class=\"alignnone wp-image-24138 size-full\" src=\"https:\/\/widevape.com\/wp-content\/uploads\/2025\/02\/MOTI_Meta_Ultra_Max_10000-21.webp\" alt=\"MOTI Meta Ultra Max 10000 Z\u00fcge Wiederaufladbare Einweg-E-Zigarette mit Smart-LED-Display und 3% Nikotin \u2013 Gro\u00dfhandel &amp; Bulk Buy\" width=\"2048\" height=\"2048\" srcset=\"https:\/\/widevape.com\/wp-content\/uploads\/2025\/02\/MOTI_Meta_Ultra_Max_10000-21.webp 2048w, https:\/\/widevape.com\/wp-content\/uploads\/2025\/02\/MOTI_Meta_Ultra_Max_10000-21-247x247.webp 247w, https:\/\/widevape.com\/wp-content\/uploads\/2025\/02\/MOTI_Meta_Ultra_Max_10000-21-100x100.webp 100w, https:\/\/widevape.com\/wp-content\/uploads\/2025\/02\/MOTI_Meta_Ultra_Max_10000-21-510x510.webp 510w, https:\/\/widevape.com\/wp-content\/uploads\/2025\/02\/MOTI_Meta_Ultra_Max_10000-21-300x300.webp 300w, https:\/\/widevape.com\/wp-content\/uploads\/2025\/02\/MOTI_Meta_Ultra_Max_10000-21-1024x1024.webp 1024w, https:\/\/widevape.com\/wp-content\/uploads\/2025\/02\/MOTI_Meta_Ultra_Max_10000-21-150x150.webp 150w, https:\/\/widevape.com\/wp-content\/uploads\/2025\/02\/MOTI_Meta_Ultra_Max_10000-21-768x768.webp 768w, https:\/\/widevape.com\/wp-content\/uploads\/2025\/02\/MOTI_Meta_Ultra_Max_10000-21-1536x1536.webp 1536w\" sizes=\"auto, (max-width: 2048px) 100vw, 2048px\" \/> <img loading=\"lazy\" decoding=\"async\" class=\"alignnone wp-image-24121 size-full\" src=\"https:\/\/widevape.com\/wp-content\/uploads\/2025\/02\/MOTI_Meta_Ultra_Max_10000-3.webp\" alt=\"MOTI Meta Ultra Max 10000 Z\u00fcge Wiederaufladbare Einweg-E-Zigarette mit Smart-LED-Display und 3% Nikotin \u2013 Gro\u00dfhandel &amp; Bulk Buy\" width=\"2048\" height=\"2048\" srcset=\"https:\/\/widevape.com\/wp-content\/uploads\/2025\/02\/MOTI_Meta_Ultra_Max_10000-3.webp 2048w, https:\/\/widevape.com\/wp-content\/uploads\/2025\/02\/MOTI_Meta_Ultra_Max_10000-3-247x247.webp 247w, https:\/\/widevape.com\/wp-content\/uploads\/2025\/02\/MOTI_Meta_Ultra_Max_10000-3-100x100.webp 100w, https:\/\/widevape.com\/wp-content\/uploads\/2025\/02\/MOTI_Meta_Ultra_Max_10000-3-510x510.webp 510w, https:\/\/widevape.com\/wp-content\/uploads\/2025\/02\/MOTI_Meta_Ultra_Max_10000-3-300x300.webp 300w, https:\/\/widevape.com\/wp-content\/uploads\/2025\/02\/MOTI_Meta_Ultra_Max_10000-3-1024x1024.webp 1024w, https:\/\/widevape.com\/wp-content\/uploads\/2025\/02\/MOTI_Meta_Ultra_Max_10000-3-150x150.webp 150w, https:\/\/widevape.com\/wp-content\/uploads\/2025\/02\/MOTI_Meta_Ultra_Max_10000-3-768x768.webp 768w, https:\/\/widevape.com\/wp-content\/uploads\/2025\/02\/MOTI_Meta_Ultra_Max_10000-3-1536x1536.webp 1536w\" sizes=\"auto, (max-width: 2048px) 100vw, 2048px\" \/> <img loading=\"lazy\" decoding=\"async\" class=\"alignnone wp-image-24134 size-full\" src=\"https:\/\/widevape.com\/wp-content\/uploads\/2025\/02\/MOTI_Meta_Ultra_Max_100001.webp\" alt=\"MOTI Meta Ultra Max 10000 Z\u00fcge Wiederaufladbare Einweg-E-Zigarette mit Smart-LED-Display und 3% Nikotin \u2013 Gro\u00dfhandel &amp; Bulk Buy\" width=\"2048\" height=\"2048\" srcset=\"https:\/\/widevape.com\/wp-content\/uploads\/2025\/02\/MOTI_Meta_Ultra_Max_100001.webp 2048w, https:\/\/widevape.com\/wp-content\/uploads\/2025\/02\/MOTI_Meta_Ultra_Max_100001-247x247.webp 247w, https:\/\/widevape.com\/wp-content\/uploads\/2025\/02\/MOTI_Meta_Ultra_Max_100001-100x100.webp 100w, https:\/\/widevape.com\/wp-content\/uploads\/2025\/02\/MOTI_Meta_Ultra_Max_100001-510x510.webp 510w, https:\/\/widevape.com\/wp-content\/uploads\/2025\/02\/MOTI_Meta_Ultra_Max_100001-300x300.webp 300w, https:\/\/widevape.com\/wp-content\/uploads\/2025\/02\/MOTI_Meta_Ultra_Max_100001-1024x1024.webp 1024w, https:\/\/widevape.com\/wp-content\/uploads\/2025\/02\/MOTI_Meta_Ultra_Max_100001-150x150.webp 150w, https:\/\/widevape.com\/wp-content\/uploads\/2025\/02\/MOTI_Meta_Ultra_Max_100001-768x768.webp 768w, https:\/\/widevape.com\/wp-content\/uploads\/2025\/02\/MOTI_Meta_Ultra_Max_100001-1536x1536.webp 1536w\" sizes=\"auto, (max-width: 2048px) 100vw, 2048px\" \/><\/p>\n","protected":false},"excerpt":{"rendered":"<p>The\u00a0<strong>MOTI Meta Ultra Max 10000 Trains<\/strong> is a rechargeable disposable e-cigarette with up to 10,000 puffs, a 16 mL liquid tank, an intelligent LED display and a wide selection of flavours - ideal for wholesalers and discerning vapers.<\/p>","protected":false},"featured_media":24136,"comment_status":"open","ping_status":"closed","template":"","meta":[],"product_brand":[],"product_cat":[99,92,37,94,90,53,96],"product_tag":[],"class_list":{"0":"post-24120","1":"product","2":"type-product","3":"status-publish","4":"has-post-thumbnail","6":"product_cat-10000-zuege-einweg-e-zigaretten","7":"product_cat-digitale-box-einweg-e-zigaretten","8":"product_cat-einweg-e-zigaretten","9":"product_cat-einweg-e-zigaretten-mit-niedriger-nikotinstaerke","10":"product_cat-grosse-einweg-e-zigaretten","11":"product_cat-moti-einweg-e-zigaretten","12":"product_cat-wiederaufladbare-einweg-e-zigaretten","14":"first","15":"instock","16":"shipping-taxable","17":"purchasable","18":"product-type-variable","19":"has-default-attributes"},"_links":{"self":[{"href":"https:\/\/widevape.com\/en\/wp-json\/wp\/v2\/product\/24120","targetHints":{"allow":["GET"]}}],"collection":[{"href":"https:\/\/widevape.com\/en\/wp-json\/wp\/v2\/product"}],"about":[{"href":"https:\/\/widevape.com\/en\/wp-json\/wp\/v2\/types\/product"}],"replies":[{"embeddable":true,"href":"https:\/\/widevape.com\/en\/wp-json\/wp\/v2\/comments?post=24120"}],"wp:featuredmedia":[{"embeddable":true,"href":"https:\/\/widevape.com\/en\/wp-json\/wp\/v2\/media\/24136"}],"wp:attachment":[{"href":"https:\/\/widevape.com\/en\/wp-json\/wp\/v2\/media?parent=24120"}],"wp:term":[{"taxonomy":"product_brand","embeddable":true,"href":"https:\/\/widevape.com\/en\/wp-json\/wp\/v2\/product_brand?post=24120"},{"taxonomy":"product_cat","embeddable":true,"href":"https:\/\/widevape.com\/en\/wp-json\/wp\/v2\/product_cat?post=24120"},{"taxonomy":"product_tag","embeddable":true,"href":"https:\/\/widevape.com\/en\/wp-json\/wp\/v2\/product_tag?post=24120"}],"curies":[{"name":"wp","href":"https:\/\/api.w.org\/{rel}","templated":true}]}}