{"id":24166,"date":"2025-02-27T04:29:16","date_gmt":"2025-02-27T03:29:16","guid":{"rendered":"https:\/\/widevape.com\/?post_type=product&#038;p=24166"},"modified":"2026-01-19T02:22:11","modified_gmt":"2026-01-19T01:22:11","slug":"cloud-nine-d33-20000-zuege-dual-mesh-immersive-screen-5-low-nicotine-content-wholesale-rechargeable-disposable-e-cigarette","status":"publish","type":"product","link":"https:\/\/widevape.com\/en\/product\/cloud-nine-d33-20000-zuege-dual-mesh-immersive-screen-5-niedriger-nikotingehalt-grosshandel-wiederaufladbare-einweg-e-zigarette\/","title":{"rendered":"CLOUD NINE D33 20000 Puffs Dual-Mesh Immersive Screen 5% Low Nicotine Wholesale Rechargeable Disposable E-Cigarette"},"content":{"rendered":"<div style=\"width: 1020px;\" class=\"wp-video\"><video class=\"wp-video-shortcode\" id=\"video-24166-1\" width=\"1020\" height=\"574\" preload=\"metadata\" controls=\"controls\"><source type=\"video\/mp4\" src=\"https:\/\/widevape.com\/wp-content\/uploads\/2025\/02\/CLOUD-NINE-D33-20000.mp4?_=1\" \/><a href=\"https:\/\/widevape.com\/wp-content\/uploads\/2025\/02\/CLOUD-NINE-D33-20000.mp4\">https:\/\/widevape.com\/wp-content\/uploads\/2025\/02\/CLOUD-NINE-D33-20000.mp4<\/a><\/video><\/div>\n<h1 class=\"first:mt-xs mb-3 mt-8 text-[1.4rem] font-[475] leading-[1.5em]\"><a href=\"https:\/\/widevape.com\/product-category\/cloud-nine-einweg-e-zigaretten\/\">CLOUD NINE<\/a> D33 20000 Z\u00fcge: Die ultimative L\u00f6sung f\u00fcr Gro\u00dfhandel Einweg-E-Zigaretten<\/h1>\n<h2 class=\"mb-2 mt-6 text-lg font-[500] first:mt-3\">Einf\u00fchrung in CLOUD NINE D33 <a href=\"https:\/\/widevape.com\/product-category\/einweg-e-zigaretten-nach-zuegen\/20000-zuege-einweg-e-zigaretten\/\">20000 Z\u00fcge<\/a><\/h2>\n<p class=\"my-0\">Die\u00a0<strong>CLOUD NINE D33 20000 Z\u00fcge<\/strong>\u00a0ist eine bahnbrechende Einweg-E-Zigarette, die f\u00fcr h\u00f6chste Qualit\u00e4t, au\u00dfergew\u00f6hnliche Leistung und unvergleichlichen Komfort steht. Mit innovativen Funktionen, stilvollem Design und einer beeindruckenden Auswahl an Geschmacksrichtungen definiert dieses Ger\u00e4t das Dampferlebnis neu. Egal, ob Sie Einzelh\u00e4ndler oder Gro\u00dfabnehmer sind \u2013 dieses Produkt ist die perfekte Wahl f\u00fcr Ihr Sortiment. Als gr\u00f6\u00dfte Online-Gro\u00dfhandelsplattform f\u00fcr Einweg-E-Zigaretten in Deutschland, den Niederlanden, Belgien und Spanien bietet\u00a0<strong>Widevape<\/strong>\u00a0unschlagbare Preise und schnellen Versand f\u00fcr die CLOUD NINE D33 20000 Z\u00fcge.<\/p>\n<h2 class=\"mb-xs mt-5 text-base font-[525] first:mt-3\"><strong>Wichtige Highlights<\/strong>:<\/h2>\n<ul class=\"marker:text-textOff list-disc\">\n<li>\n<p class=\"my-0\"><strong>Enorme Anzahl an Z\u00fcgen<\/strong>: Mit bis zu 20.000 Z\u00fcgen pro Ger\u00e4t garantiert die CLOUD NINE D33 eine langanhaltende Nutzung ohne h\u00e4ufigen Austausch \u2013 ideal f\u00fcr intensive Dampfer oder l\u00e4ngere Nutzung.<\/p>\n<\/li>\n<li>\n<p class=\"my-0\"><strong>Gro\u00dfe E-Liquid-Kapazit\u00e4t<\/strong>: Der 26ml E-Liquid-Tank sorgt f\u00fcr gleichbleibende Geschmacksqualit\u00e4t w\u00e4hrend der gesamten Lebensdauer des Ger\u00e4ts.<\/p>\n<\/li>\n<li>\n<p class=\"my-0\"><strong>Wiederaufladbarer Akku<\/strong>: Ausgestattet mit einem 500mAh-Akku (Type-C-Ladung) erm\u00f6glicht er eine unterbrechungsfreie Nutzung bis zum letzten Tropfen des Liquids.<\/p>\n<\/li>\n<li>\n<p class=\"my-0\"><strong>Dual-Mesh-Coil-Technologie<\/strong>: Das Dual-Mesh-Coil-System sorgt f\u00fcr intensivere Geschmacksentfaltung und h\u00f6here Dampfproduktion durch gleichm\u00e4\u00dfiges Erhitzen des Liquids.<\/p>\n<\/li>\n<li>\n<p class=\"my-0\"><strong>5% Nikotinst\u00e4rke<\/strong>: Mit einem niedrigeren Nikotingehalt von 5% bietet es ein sanfteres Dampferlebnis bei gleichzeitig effektiver Befriedigung des Nikotinbedarfs.<\/p>\n<\/li>\n<li>\n<p class=\"my-0\"><strong>Anpassbare Luftstromkontrolle<\/strong>: Der einstellbare Luftstrom erm\u00f6glicht es den Nutzern, den Zugwiderstand individuell anzupassen \u2013 ob straff oder luftig.Geeignet f\u00fcr MTL (Mund-zu-Lunge) und DTL (Direkt-Lunge)-Dampfstile.<\/p>\n<\/li>\n<li>\n<p class=\"my-0\"><strong>LED-Display-Bildschirm<\/strong>: Das immersive LED-Display zeigt den Akkustand und die verbleibende Liquidmenge in Echtzeit an und sorgt so f\u00fcr zus\u00e4tzlichen Komfort.<\/p>\n<\/li>\n<li>\n<p class=\"my-0\"><strong>Sicherheitsfunktionen<\/strong>: Eingebaute Schutzmechanismen wie Kurzschlussschutz und \u00dcberladungsschutz gew\u00e4hrleisten eine sorgenfreie Nutzung.<\/p>\n<\/li>\n<\/ul>\n<p class=\"my-0\">Die CLOUD NINE D33 ist mehr als nur eine E-Zigarette \u2013 sie ist ein hochentwickeltes Ger\u00e4t, das modernste Technologie mit benutzerorientiertem Design vereint.<\/p>\n<h2 class=\"mb-xs mt-5 text-base font-[525] first:mt-3\"><strong>Geschmacksrichtungen der CLOUD NINE D33<\/strong><\/h2>\n<p class=\"my-0\">Die CLOUD NINE D33 bietet eine breite Auswahl an sorgf\u00e4ltig komponierten Geschmacksrichtungen, die jeden Geschmack treffen:<\/p>\n<ol class=\"marker:text-textOff list-decimal\">\n<li>\n<p class=\"my-0\"><strong>Miami Mint:<\/strong>\u00a0Erfrischender Minzgeschmack, der eine k\u00fchle Brise und einen Hauch von Sommer vermittelt.<\/p>\n<\/li>\n<li>\n<p class=\"my-0\"><strong>Blueberry Raz Bubble Gum:<\/strong>\u00a0Eine s\u00fc\u00df-saure Kombination aus Blaubeeren und Himbeeren, erg\u00e4nzt durch den nostalgischen Geschmack von Kaugummi.<\/p>\n<\/li>\n<li>\n<p class=\"my-0\"><strong>Watermelon Blueberry:<\/strong>\u00a0Saftige Wassermelone trifft auf die S\u00fc\u00dfe von Blaubeeren \u2013 ein fruchtiger Genuss.<\/p>\n<\/li>\n<li>\n<p class=\"my-0\"><strong>Blueberry Marshmallow:<\/strong>\u00a0Cremiger Marshmallow-Geschmack kombiniert mit der Fruchtigkeit von Blaubeeren \u2013 eine himmlische Leckerei.<\/p>\n<\/li>\n<li>\n<p class=\"my-0\"><strong>Juicy Peach:<\/strong>\u00a0Der authentische Geschmack von reifen, saftigen Pfirsichen \u2013 s\u00fc\u00df und unwiderstehlich.<\/p>\n<\/li>\n<li>\n<p class=\"my-0\"><strong>Blueberry Peach:<\/strong>\u00a0Eine harmonische Mischung aus Blaubeeren und Pfirsichen f\u00fcr ein perfekt ausgewogenes Fruchterlebnis.<\/p>\n<\/li>\n<li>\n<p class=\"my-0\"><strong>Blueberry Raspberry:<\/strong>\u00a0Ein Klassiker unter den Fruchtkombinationen \u2013 die perfekte Balance aus s\u00fc\u00df und sauer.<\/p>\n<\/li>\n<li>\n<p class=\"my-0\"><strong>Blue Raz Ice:<\/strong>\u00a0Der frische Geschmack von blauen Himbeeren mit einem k\u00fchlenden Menthol-Finish.<\/p>\n<\/li>\n<li>\n<p class=\"my-0\"><strong>Watermelon Ice:<\/strong>\u00a0Saftige Wassermelone kombiniert mit eisiger Frische \u2013 ideal f\u00fcr hei\u00dfe Sommertage.<\/p>\n<\/li>\n<li>\n<p class=\"my-0\"><strong>Grape Ice:<\/strong>\u00a0S\u00fc\u00dfer Traubengeschmack mit einem Hauch von eisiger Frische \u2013 ein erfrischender Genuss.<\/p>\n<\/li>\n<\/ol>\n<h2 class=\"mb-2 mt-6 text-lg font-[500] first:mt-3\">Warum <a href=\"https:\/\/widevape.com\/\">Widevape<\/a> w\u00e4hlen?<\/h2>\n<p class=\"my-0\">Widevape ist Europas f\u00fchrender Gro\u00dfh\u00e4ndler f\u00fcr Einweg-E-Zigaretten und spezialisiert auf Marken wie RandM Tornado, Elf Box, Vapsolo, FIZZY, Bang Box und viele mehr! Wir bieten wettbewerbsf\u00e4hige Mengenrabatte, schnellen Versand innerhalb der EU (einschlie\u00dflich Deutschland, Niederlande, Belgien und Spanien) sowie sichere Zahlungsm\u00f6glichkeiten wie PayPal, iDEAL (Niederlande), Bancontact (Belgien), SEPA-Bank\u00fcberweisung und Kreditkarten.<\/p>\n<p class=\"my-0\">Durch den Kauf der CLOUD NINE D33 20000 Z\u00fcge bei Widevape profitieren Sie von:<\/p>\n<ul class=\"marker:text-textOff list-disc\">\n<li>\n<p class=\"my-0\">Der niedrigsten Preisgarantie bei Gro\u00dfbestellungen.<\/p>\n<\/li>\n<li>\n<p class=\"my-0\">Exklusivem Zugang zu Europas meistverkauften Einweg-E-Zigarettenmarken.<\/p>\n<\/li>\n<li>\n<p class=\"my-0\">Zuverl\u00e4ssigem Kundensupport speziell f\u00fcr Gro\u00dfabnehmer.<\/p>\n<\/li>\n<\/ul>\n<h2 class=\"mb-2 mt-6 text-lg font-[500] first:mt-3\">Fazit<\/h2>\n<p class=\"my-0\">Die CLOUD NINE D33 20000 Z\u00fcge ist nicht nur eine weitere Einweg-E-Zigarette \u2013 sie ist ein Meilenstein in der Vape-Branche! Mit innovativer Technologie, hochwertiger Verarbeitung und benutzerfreundlichen Funktionen hebt dieses Ger\u00e4t das Dampfen auf ein neues Niveau!<\/p>\n<p class=\"my-0\">Besuchen Sie <a href=\"https:\/\/widevape.com\/\">Widevape<\/a> noch heute, um Ihre Gro\u00dfbestellung der CLOUD NINE D33 20000 Z\u00fcge aufzugeben! Lassen Sie uns Ihnen helfen, Ihr Gesch\u00e4ft mit Europas gefragtesten Einweg-Dampfger\u00e4ten zu erweitern!<\/p>\n<p><img loading=\"lazy\" decoding=\"async\" class=\"alignnone wp-image-24192 size-full\" src=\"https:\/\/widevape.com\/wp-content\/uploads\/2025\/02\/CLOUD_NINE_D33_20000-9.webp\" alt=\"CLOUD NINE D33 20000 Z\u00fcge Dual-Mesh Immersive Screen 5% Niedriger Nikotingehalt Gro\u00dfhandel Wiederaufladbare Einweg-E-Zigarette\" width=\"1521\" height=\"2560\" srcset=\"https:\/\/widevape.com\/wp-content\/uploads\/2025\/02\/CLOUD_NINE_D33_20000-9.webp 1521w, https:\/\/widevape.com\/wp-content\/uploads\/2025\/02\/CLOUD_NINE_D33_20000-9-510x858.webp 510w, https:\/\/widevape.com\/wp-content\/uploads\/2025\/02\/CLOUD_NINE_D33_20000-9-178x300.webp 178w, https:\/\/widevape.com\/wp-content\/uploads\/2025\/02\/CLOUD_NINE_D33_20000-9-608x1024.webp 608w, https:\/\/widevape.com\/wp-content\/uploads\/2025\/02\/CLOUD_NINE_D33_20000-9-768x1293.webp 768w, https:\/\/widevape.com\/wp-content\/uploads\/2025\/02\/CLOUD_NINE_D33_20000-9-913x1536.webp 913w, https:\/\/widevape.com\/wp-content\/uploads\/2025\/02\/CLOUD_NINE_D33_20000-9-1217x2048.webp 1217w\" sizes=\"auto, (max-width: 1521px) 100vw, 1521px\" \/><\/p>\n","protected":false},"excerpt":{"rendered":"<p>The\u00a0<strong>CLOUD NINE D33 20000 Trains<\/strong>\u00a0is an advanced disposable e-cigarette with up to 20,000 puffs, dual mesh coil technology, rechargeable battery and a wide range of exquisite flavours that offers a premium vaping experience.<\/p>","protected":false},"featured_media":24193,"comment_status":"open","ping_status":"closed","template":"","meta":[],"product_brand":[],"product_cat":[106,35,92,93,37,94,90,96],"product_tag":[],"class_list":{"0":"post-24166","1":"product","2":"type-product","3":"status-publish","4":"has-post-thumbnail","6":"product_cat-20000-zuege-einweg-e-zigaretten","7":"product_cat-cloud-nine-einweg-e-zigaretten","8":"product_cat-digitale-box-einweg-e-zigaretten","9":"product_cat-dual-mesh-einweg-e-zigaretten","10":"product_cat-einweg-e-zigaretten","11":"product_cat-einweg-e-zigaretten-mit-niedriger-nikotinstaerke","12":"product_cat-grosse-einweg-e-zigaretten","13":"product_cat-wiederaufladbare-einweg-e-zigaretten","15":"first","16":"outofstock","17":"shipping-taxable","18":"purchasable","19":"product-type-variable"},"_links":{"self":[{"href":"https:\/\/widevape.com\/en\/wp-json\/wp\/v2\/product\/24166","targetHints":{"allow":["GET"]}}],"collection":[{"href":"https:\/\/widevape.com\/en\/wp-json\/wp\/v2\/product"}],"about":[{"href":"https:\/\/widevape.com\/en\/wp-json\/wp\/v2\/types\/product"}],"replies":[{"embeddable":true,"href":"https:\/\/widevape.com\/en\/wp-json\/wp\/v2\/comments?post=24166"}],"wp:featuredmedia":[{"embeddable":true,"href":"https:\/\/widevape.com\/en\/wp-json\/wp\/v2\/media\/24193"}],"wp:attachment":[{"href":"https:\/\/widevape.com\/en\/wp-json\/wp\/v2\/media?parent=24166"}],"wp:term":[{"taxonomy":"product_brand","embeddable":true,"href":"https:\/\/widevape.com\/en\/wp-json\/wp\/v2\/product_brand?post=24166"},{"taxonomy":"product_cat","embeddable":true,"href":"https:\/\/widevape.com\/en\/wp-json\/wp\/v2\/product_cat?post=24166"},{"taxonomy":"product_tag","embeddable":true,"href":"https:\/\/widevape.com\/en\/wp-json\/wp\/v2\/product_tag?post=24166"}],"curies":[{"name":"wp","href":"https:\/\/api.w.org\/{rel}","templated":true}]}}