{"id":16464,"date":"2023-04-19T13:48:44","date_gmt":"2023-04-19T13:48:44","guid":{"rendered":"https:\/\/shopkeeper-demo.getbowtied.com\/electronics\/?page_id=16464"},"modified":"2025-09-16T10:46:11","modified_gmt":"2025-09-16T08:46:11","slug":"acerca-de-nosotros","status":"publish","type":"page","link":"https:\/\/widevape.com\/es\/ueber-uns\/","title":{"rendered":"Qui\u00e9nes somos"},"content":{"rendered":"<h1 style=\"text-align: center;\" data-start=\"144\" data-end=\"156\">Sobre WideVape<\/h1>\n<p data-start=\"157\" data-end=\"667\">Fundado en 2021, WideVape es una tienda en l\u00ednea de cigarrillos electr\u00f3nicos especializada en vapeadores desechables de alta calidad, l\u00edquidos electr\u00f3nicos, bolsitas de nicotina y accesorios. Estamos orgullosos de ofrecer marcas l\u00edderes como <a href=\"https:\/\/widevape.com\/es\/categoria-de-productos\/cigarrillos-electronicos-desechables-bang\/\">BANG<\/a>, <a href=\"https:\/\/widevape.com\/es\/categoria-de-productos\/randm-tornado-cigarrillos-electronicos-desechables\/\">Tornado RandM<\/a>, <a href=\"https:\/\/widevape.com\/es\/categoria-de-productos\/waspe-cigarrillos-electronicos-desechables\/\">Waspe<\/a>\u00a0y muchos m\u00e1s, y actualmente atienden a miles de clientes leales en Europa. Dirigidos por un equipo comprometido de entusiastas apasionados de vapeo, WideVape se ha propuesto como objetivo brindar a nuestros clientes la mejor experiencia de vapeo posible.<\/p>\n<hr data-start=\"669\" data-end=\"672\" \/>\n<h2 style=\"text-align: center;\" data-start=\"674\" data-end=\"699\">Calidad y servicio<\/h2>\n<p data-start=\"700\" data-end=\"1185\">En WideVape, la calidad y la satisfacci\u00f3n del cliente son nuestra m\u00e1xima prioridad. Nuestra amplia selecci\u00f3n de productos es cuidadosamente elegida para satisfacer las diversas necesidades y preferencias de nuestros clientes. Cada producto proviene de fabricantes reputados y cumple con los est\u00e1ndares m\u00e1s altos en t\u00e9rminos de seguridad y calidad. Ya sea que sea un vapeador experimentado o est\u00e9 empezando, seguro que encontrar\u00e1 el producto adecuado para enriquecer su experiencia con nosotros.<\/p>\n<p data-start=\"1187\" data-end=\"1522\">Nuestro equipo de servicio dedicado y competente apoya en todo momento a los clientes con sus preguntas o preocupaciones y garantiza que su compra sea fluida y agradable. Adem\u00e1s, ofrecemos un derecho flexible de devoluci\u00f3n y cambio, para que pueda devolver o cambiar art\u00edculos sin problemas en caso de que no est\u00e9 satisfecho.<\/p>\n<hr data-start=\"1524\" data-end=\"1527\" \/>\n<h2 style=\"text-align: center;\" data-start=\"1529\" data-end=\"1568\">R\u00e1pido, fiable y asequible<\/h2>\n<p data-start=\"1569\" data-end=\"1868\">Una de nuestras principales fortalezas es nuestro enfoque en la entrega r\u00e1pida. Sabemos lo importante que es recibir tus productos a tiempo. Por eso nos aseguramos de que todos los pedidos sean procesados y enviados con rapidez. As\u00ed podr\u00e1s disfrutar de tus compras sin demoras innecesarias.<\/p>\n<p data-start=\"1870\" data-end=\"2194\">Con WideVape no tiene que elegir entre calidad y precio, ofrecemos ambas. Gracias a nuestros precios competitivos, puede disfrutar de productos de vapeo premium sin gastar demasiado. Al mismo tiempo, estamos trabajando constantemente para traer los \u00faltimos y mejores productos de vapeo al mercado europeo.<\/p>\n<hr data-start=\"2196\" data-end=\"2199\" \/>\n<p data-start=\"2201\" data-end=\"2431\">T\u00f3mese su tiempo para descubrir nuestra variada selecci\u00f3n y encuentre el vape perfecto para sus necesidades. Con WideVape puede estar seguro de obtener siempre productos de primera calidad y un servicio excelente.<\/p>\n<p data-start=\"2433\" data-end=\"2505\"><a class=\"decorated-link cursor-pointer\" target=\"_new\" rel=\"noopener\" data-start=\"2447\" data-end=\"2463\">\u00a0<\/a>Correo electr\u00f3nico: <a class=\"decorated-link cursor-pointer\" rel=\"noopener\" data-start=\"2481\" data-end=\"2501\">info@widevape.com<\/a><\/p>","protected":false},"excerpt":{"rendered":"<p>\u00dcber WideVape Gegr\u00fcndet im Jahr 2021 ist WideVape ein Online-Shop f\u00fcr E-Zigaretten, der sich auf hochwertige Disposable Vapes, E-Liquids, Nikotinbeutel und Zubeh\u00f6r spezialisiert hat. Wir sind stolz darauf, Top-Marken wie BANG, RandM Tornado, Waspe\u00a0und viele mehr anbieten zu k\u00f6nnen und bedienen inzwischen tausende treue Kunden in Europa. Geleitet von einem engagierten Team leidenschaftlicher Vape-Enthusiasten hat[Erfahren Sie mehr&#8230;]\n","protected":false},"author":1,"featured_media":0,"parent":0,"menu_order":0,"comment_status":"closed","ping_status":"closed","template":"","meta":{"footnotes":""},"class_list":["post-16464","page","type-page","status-publish","hentry"],"_links":{"self":[{"href":"https:\/\/widevape.com\/es\/wp-json\/wp\/v2\/pages\/16464","targetHints":{"allow":["GET"]}}],"collection":[{"href":"https:\/\/widevape.com\/es\/wp-json\/wp\/v2\/pages"}],"about":[{"href":"https:\/\/widevape.com\/es\/wp-json\/wp\/v2\/types\/page"}],"author":[{"embeddable":true,"href":"https:\/\/widevape.com\/es\/wp-json\/wp\/v2\/users\/1"}],"replies":[{"embeddable":true,"href":"https:\/\/widevape.com\/es\/wp-json\/wp\/v2\/comments?post=16464"}],"version-history":[{"count":2,"href":"https:\/\/widevape.com\/es\/wp-json\/wp\/v2\/pages\/16464\/revisions"}],"predecessor-version":[{"id":28063,"href":"https:\/\/widevape.com\/es\/wp-json\/wp\/v2\/pages\/16464\/revisions\/28063"}],"wp:attachment":[{"href":"https:\/\/widevape.com\/es\/wp-json\/wp\/v2\/media?parent=16464"}],"curies":[{"name":"wp","href":"https:\/\/api.w.org\/{rel}","templated":true}]}}