{"id":21814,"date":"2025-02-23T14:33:14","date_gmt":"2025-02-23T13:33:14","guid":{"rendered":"https:\/\/widevape.com\/?page_id=21814"},"modified":"2025-02-23T14:33:14","modified_gmt":"2025-02-23T13:33:14","slug":"preguntas-frecuentes","status":"publish","type":"page","link":"https:\/\/widevape.com\/es\/faqs\/","title":{"rendered":"Preguntas frecuentes"},"content":{"rendered":"<h3 data-start=\"0\" data-end=\"67\">Preguntas frecuentes sobre Wide Vape - cigarrillos electr\u00f3nicos desechables de primera calidad de Alemania<\/h3>\n<p data-start=\"69\" data-end=\"399\"><strong data-start=\"69\" data-end=\"94\">1. \u00bfqu\u00e9 es el wide vape?<\/strong><br data-start=\"94\" data-end=\"97\" \/>Wide Vape es un proveedor l\u00edder de cigarrillos electr\u00f3nicos desechables de primera calidad vendidos exclusivamente en Europa, que ofrece una amplia gama de marcas de alta calidad como Bang Box, RandM, Waspe, Elf Box, Al Fakher, VOPK y Vozol, principalmente disponibles al por mayor o para pedidos al por mayor.<\/p>\n<p data-start=\"401\" data-end=\"523\"><strong data-start=\"401\" data-end=\"454\">2. \u00bfqu\u00e9 marcas vende en su sitio web?<\/strong><br data-start=\"454\" data-end=\"457\" \/>En Wide Vape encontrar\u00e1s una gran variedad de marcas populares, incluyendo:<\/p>\n<ul data-start=\"524\" data-end=\"615\">\n<li data-start=\"524\" data-end=\"538\"><strong data-start=\"526\" data-end=\"538\">Bang Box<\/strong><\/li>\n<li data-start=\"539\" data-end=\"550\"><strong data-start=\"541\" data-end=\"550\">RandM<\/strong><\/li>\n<li data-start=\"551\" data-end=\"564\"><strong data-start=\"553\" data-end=\"564\">Caja de los Elfos<\/strong><\/li>\n<li data-start=\"565\" data-end=\"580\"><strong data-start=\"567\" data-end=\"580\">Al Fakher<\/strong><\/li>\n<li data-start=\"581\" data-end=\"591\"><strong data-start=\"583\" data-end=\"591\">VOPK<\/strong><\/li>\n<li data-start=\"592\" data-end=\"603\"><strong data-start=\"594\" data-end=\"603\">Waspe<\/strong><\/li>\n<li data-start=\"604\" data-end=\"615\"><strong data-start=\"606\" data-end=\"615\">Vozol<\/strong><\/li>\n<\/ul>\n<p data-start=\"617\" data-end=\"749\">Estas marcas ofrecen cigarrillos electr\u00f3nicos desechables de alta calidad con diferentes sabores que son ideales para el mercado mayorista.<\/p>\n<p data-start=\"751\" data-end=\"1089\"><strong data-start=\"751\" data-end=\"794\">3. \u00bfc\u00f3mo funciona el proceso de pedido?<\/strong><br data-start=\"794\" data-end=\"797\" \/>Puede realizar pedidos a partir de 10 piezas (1 caja) en nuestro sitio web. Los pedidos se env\u00edan desde nuestro almac\u00e9n en Europa (plazo de entrega de 3 a 7 d\u00edas) o desde nuestro almac\u00e9n en China (plazo de entrega de 12 a 15 d\u00edas). Le ofrecemos una entrega r\u00e1pida y fiable directamente a usted.<\/p>\n<p data-start=\"1091\" data-end=\"1244\"><strong data-start=\"1091\" data-end=\"1138\">4. \u00bfqu\u00e9 m\u00e9todos de pago aceptan?<\/strong><br data-start=\"1138\" data-end=\"1141\" \/>Ofrecemos varios m\u00e9todos de pago para facilitarle al m\u00e1ximo la compra:<\/p>\n<ul data-start=\"1245\" data-end=\"1523\">\n<li data-start=\"1245\" data-end=\"1287\"><strong data-start=\"1247\" data-end=\"1262\">Tarjeta de cr\u00e9dito<\/strong> (Visa, MasterCard, etc.)<\/li>\n<li data-start=\"1288\" data-end=\"1337\"><strong data-start=\"1290\" data-end=\"1309\">Transferencia bancaria<\/strong> (transferencia bancaria electr\u00f3nica)<\/li>\n<li data-start=\"1338\" data-end=\"1388\"><strong data-start=\"1340\" data-end=\"1359\">Criptomonedas<\/strong> (Bitcoin, Ethereum y m\u00e1s)<\/li>\n<li data-start=\"1389\" data-end=\"1430\"><strong data-start=\"1391\" data-end=\"1400\">iDEAL<\/strong> (popular en los Pa\u00edses Bajos)<\/li>\n<li data-start=\"1431\" data-end=\"1468\"><strong data-start=\"1433\" data-end=\"1447\">Bancontact<\/strong> (popular en B\u00e9lgica)<\/li>\n<li data-start=\"1469\" data-end=\"1523\"><strong data-start=\"1471\" data-end=\"1495\">Transferencia bancaria SEPA<\/strong> (para pagos europeos)<\/li>\n<\/ul>\n<p data-start=\"1525\" data-end=\"1844\"><strong data-start=\"1525\" data-end=\"1569\">5. \u00bfhay descuentos por pedidos al por mayor?<\/strong><br data-start=\"1569\" data-end=\"1572\" \/>S\u00ed, en Wide Vape ofrecemos precios especialmente atractivos para pedidos al por mayor. Cuantos m\u00e1s cigarrillos electr\u00f3nicos desechables pida, m\u00e1s barato le saldr\u00e1 el precio por unidad. Para obtener informaci\u00f3n detallada sobre descuentos y ofertas especiales, no dude en ponerse en contacto con nosotros por correo electr\u00f3nico.<\/p>\n<p data-start=\"1846\" data-end=\"1937\"><strong data-start=\"1846\" data-end=\"1884\">6. \u00bfcu\u00e1nto tarda la entrega?<\/strong><br data-start=\"1884\" data-end=\"1887\" \/>Los plazos de entrega dependen del m\u00e9todo de env\u00edo:<\/p>\n<ul data-start=\"1938\" data-end=\"2002\">\n<li data-start=\"1938\" data-end=\"1972\"><strong data-start=\"1940\" data-end=\"1963\">Campamento europeo:<\/strong> 3-7 d\u00edas<\/li>\n<li data-start=\"1973\" data-end=\"2002\"><strong data-start=\"1975\" data-end=\"1991\">Almac\u00e9n de China:<\/strong> 12-15 d\u00edas<\/li>\n<\/ul>\n<p data-start=\"2004\" data-end=\"2144\">Todos los pedidos se embalan y env\u00edan de forma r\u00e1pida y segura para garantizar que sus productos lleguen en perfectas condiciones.<\/p>\n<p data-start=\"2146\" data-end=\"2416\"><strong data-start=\"2146\" data-end=\"2205\">7. \u00bfc\u00f3mo puedo ponerme en contacto con ustedes si tengo alguna pregunta?<\/strong><br data-start=\"2205\" data-end=\"2208\" \/>Puede ponerse en contacto con nosotros en cualquier momento por correo electr\u00f3nico en la direcci\u00f3n <strong data-start=\"2250\" data-end=\"2271\"><a rel=\"noopener\" data-start=\"2252\" data-end=\"2269\">info@widevape.com<\/a><\/strong> Nuestro equipo de atenci\u00f3n al cliente estar\u00e1 encantado de responder a sus preguntas y ayudarle con su compra.<\/p>\n<p data-start=\"2418\" data-end=\"2651\"><strong data-start=\"2418\" data-end=\"2453\">8 \u00bfDe d\u00f3nde proceden sus productos?<\/strong><br data-start=\"2453\" data-end=\"2456\" \/>Nuestros productos proceden de nuestro almac\u00e9n en Europa o directamente de China. Garantizamos la calidad de nuestros productos y el cumplimiento de todas las normas europeas relativas a los cigarrillos electr\u00f3nicos.<\/p>\n<p data-start=\"2653\" data-end=\"2942\"><strong data-start=\"2653\" data-end=\"2711\">9. \u00bfpuedo hacerles tambi\u00e9n un pedido como particular?<\/strong><br data-start=\"2711\" data-end=\"2714\" \/>Normalmente es posible hacer pedidos individuales, pero recomendamos encargar cantidades mayores para beneficiarse de precios m\u00e1s favorables.<\/p>\n<p data-start=\"2944\" data-end=\"3282\"><strong data-start=\"2944\" data-end=\"2997\">10. \u00bfqu\u00e9 garant\u00eda ofrecen en sus productos?<\/strong><br data-start=\"2997\" data-end=\"3000\" \/>Ofrecemos una garant\u00eda de calidad en todos los productos vendidos a trav\u00e9s de nuestro sitio web. Si tiene alg\u00fan problema con los productos que recibe, p\u00f3ngase en contacto con nuestro equipo de atenci\u00f3n al cliente para encontrar una soluci\u00f3n. Encontrar\u00e1 m\u00e1s detalles sobre la garant\u00eda en nuestros t\u00e9rminos y condiciones.<\/p>","protected":false},"excerpt":{"rendered":"<p>FAQ f\u00fcr Wide Vape \u2013 Premium Einweg E-Zigaretten aus Deutschland 1. Was ist Wide Vape?Wide Vape ist ein f\u00fchrender Anbieter von Premium Einweg E-Zigaretten, die exklusiv in Europa verkauft werden. Wir bieten eine gro\u00dfe Auswahl an hochwertigen Marken wie Bang Box, RandM, Waspe, Elf Box, Al Fakher, VOPK und Vozol, die haupts\u00e4chlich im Gro\u00dfhandel oder[Erfahren Sie mehr&#8230;]\n","protected":false},"author":1,"featured_media":0,"parent":0,"menu_order":0,"comment_status":"closed","ping_status":"closed","template":"","meta":{"footnotes":""},"class_list":["post-21814","page","type-page","status-publish","hentry"],"_links":{"self":[{"href":"https:\/\/widevape.com\/es\/wp-json\/wp\/v2\/pages\/21814","targetHints":{"allow":["GET"]}}],"collection":[{"href":"https:\/\/widevape.com\/es\/wp-json\/wp\/v2\/pages"}],"about":[{"href":"https:\/\/widevape.com\/es\/wp-json\/wp\/v2\/types\/page"}],"author":[{"embeddable":true,"href":"https:\/\/widevape.com\/es\/wp-json\/wp\/v2\/users\/1"}],"replies":[{"embeddable":true,"href":"https:\/\/widevape.com\/es\/wp-json\/wp\/v2\/comments?post=21814"}],"version-history":[{"count":0,"href":"https:\/\/widevape.com\/es\/wp-json\/wp\/v2\/pages\/21814\/revisions"}],"wp:attachment":[{"href":"https:\/\/widevape.com\/es\/wp-json\/wp\/v2\/media?parent=21814"}],"curies":[{"name":"wp","href":"https:\/\/api.w.org\/{rel}","templated":true}]}}