{"id":16859,"date":"2025-02-12T04:21:39","date_gmt":"2025-02-12T03:21:39","guid":{"rendered":"https:\/\/widevape.com\/?post_type=product&#038;p=16859"},"modified":"2026-01-19T07:51:43","modified_gmt":"2026-01-19T06:51:43","slug":"waspe-crystal-40000-zuege-dual-flavour-digital-screen-0-2-5-low-nicotine-rechargeable-e-cigarette-wholesale","status":"publish","type":"product","link":"https:\/\/widevape.com\/es\/product\/waspe-crystal-40000-zuege-doppelgeschmack-digitaler-bildschirm-0-2-5-niedriger-nikotinanteil-wiederaufladbare-einweg-e-zigarette-grosshandel\/","title":{"rendered":"WASPE Crystal 40000 Puffs Dual Flavour Digital Screen 0%, 2%, 5% Low Nicotine Rechargeable Disposable E-Cigarette Wholesale"},"content":{"rendered":"<h2><\/h2>\n<div style=\"width: 1020px;\" class=\"wp-video\"><video class=\"wp-video-shortcode\" id=\"video-16859-1\" width=\"1020\" height=\"1020\" preload=\"metadata\" controls=\"controls\"><source type=\"video\/mp4\" src=\"https:\/\/widevape.com\/wp-content\/uploads\/2025\/02\/WASPE-Crystal-40000.mp4?_=1\" \/><a href=\"https:\/\/widevape.com\/wp-content\/uploads\/2025\/02\/WASPE-Crystal-40000.mp4\">https:\/\/widevape.com\/wp-content\/uploads\/2025\/02\/WASPE-Crystal-40000.mp4<\/a><\/video><\/div>\n<h2><a href=\"https:\/\/widevape.com\/es\/categoria-de-productos\/waspe-cigarrillos-electronicos-desechables\/\">WASPE<\/a> Cristal 40000 caladas: la experiencia de vapeo desechable definitiva<\/h2>\n<p>\u00bfEst\u00e1 buscando un vapeador desechable de primera calidad que ofrezca una experiencia duradera con composiciones de sabor excepcionales? <strong>WASPE Cristal 40000 bocanadas<\/strong> Este innovador vapeador desechable ofrece la incre\u00edble cifra de 40.000 caladas, lo que lo convierte en una de las opciones m\u00e1s duraderas del mercado. Combina caracter\u00edsticas de \u00faltima generaci\u00f3n como la opci\u00f3n de doble sabor, la capacidad de recarga y una pantalla LED para mejorar la experiencia de vapeo. Disponible en diferentes potencias de nicotina (0%, 2% y 5%) y una variedad de sabores emocionantes, este vapeador es perfecto para vapeadores ocasionales y vapeadores experimentados que buscan lo \u00faltimo en comodidad y rendimiento.<\/p>\n<p>Como una de las mayores plataformas online de vapes desechables de Europa, incluyendo Alemania, Pa\u00edses Bajos, B\u00e9lgica y Espa\u00f1a, ofrecemos <b>Widevape <\/b>Nuestra plataforma ofrece precios al por mayor competitivos y una experiencia f\u00e1cil de usar tanto para los minoristas como para los clientes finales.<\/p>\n<h2>Principales caracter\u00edsticas del WASPE Crystal <a href=\"https:\/\/widevape.com\/es\/categoria-de-productos\/cigarrillos-electronicos-desechables-en-tren\/40000-cigarrillos-electronicos-de-un-solo-uso\/\">40000 trenes<\/a><\/h2>\n<p>En <strong>WASPE Cristal 40000 bocanadas<\/strong> <a href=\"https:\/\/widevape.com\/es\/\">Vape desechable<\/a> destaca por sus impresionantes especificaciones y dise\u00f1o. A continuaci\u00f3n encontrar\u00e1 las caracter\u00edsticas clave de este producto que lo convierten en una elecci\u00f3n imprescindible para los amantes del vapor:<\/p>\n<ul>\n<li><strong>Trenes<\/strong>40.000 caladas para una experiencia de vapor de larga duraci\u00f3n.<\/li>\n<li><strong>Doble sabor<\/strong>Ofrece dos sabores diferentes en un solo dispositivo, para que puedas disfrutar de una experiencia de sabor variada e intensa con cada calada.<\/li>\n<li><strong>Bobina de malla<\/strong>Las dos bobinas de malla de 0,9 ohmios (cada una para un sabor) garantizan una producci\u00f3n de vapor uniforme y continua y un vapeo agradable.<\/li>\n<li><strong>Capacidad de e-l\u00edquido<\/strong>Cada dispositivo est\u00e1 precargado con 32 ml de e-l\u00edquido para que pueda disfrutar de vapear durante m\u00e1s tiempo.<\/li>\n<li><strong>Nicotina<\/strong>Elija entre tres potencias de nicotina - 0%, 2% y 5% - para adaptarse a sus preferencias individuales.<\/li>\n<li><strong>Capacidad de la bater\u00eda<\/strong>Equipado con una potente bater\u00eda de 850mAh que permite tiempos de uso m\u00e1s largos entre cargas.<\/li>\n<li><strong>Recargable mediante Type-C<\/strong>A diferencia de la mayor\u00eda de los vapes desechables, este modelo es recargable a trav\u00e9s de Type-C, lo que prolonga la vida \u00fatil del dispositivo y garantiza que aproveches al m\u00e1ximo cada calada.<\/li>\n<li><strong>Pantalla LED<\/strong>La pantalla LED integrada muestra informaci\u00f3n importante, como el estado de la bater\u00eda, para que puedas controlar en todo momento el uso y las necesidades de carga.<\/li>\n<li><strong>Ligero y compacto<\/strong>Con un peso de s\u00f3lo 105 gramos y unas dimensiones de 61 mm x 31 mm x 115 mm, este vape es f\u00e1cil de transportar sin comprometer el rendimiento.<\/li>\n<li><strong>Paquete a granel<\/strong>Cada caja contiene 200 dispositivos, 10 dispositivos por caja: ideal para compradores al por mayor y minoristas.<\/li>\n<li><strong>Construcci\u00f3n duradera<\/strong>Los trenes WASPE Crystal 40000 est\u00e1n dise\u00f1ados para un uso regular y se caracterizan por su durabilidad y calidad.<\/li>\n<\/ul>\n<h2>Sabores del WASPE Crystal 40000 puffs<\/h2>\n<p>En <strong>WASPE Cristal 40000 bocanadas<\/strong> ofrece una variedad de excitantes y equilibradas opciones de sabor que llevar\u00e1n tu experiencia de vapeo al siguiente nivel. Cada sabor ha sido creado para proporcionar una intensa y agradable experiencia que satisfar\u00e1 los deseos de todos los vapeadores. Aqu\u00ed tienes un resumen detallado de los sabores disponibles:<\/p>\n<h4>1. <strong>Hielo de sand\u00eda y lima lim\u00f3n<\/strong><\/h4>\n<p>Una refrescante mezcla de jugoso sabor a sand\u00eda y la sabrosa frescura de la lima y el lim\u00f3n. El sabor a sand\u00eda proporciona una base dulce, mientras que la lima a\u00f1ade una nota \u00e1cida y refrescante, \u00a1perfecta para el verano!<\/p>\n<h4>2. <strong>Red Bull Ice &amp; Mango Fresa<\/strong><\/h4>\n<p>Una vigorizante combinaci\u00f3n del sabor familiar de Red Bull y la dulzura tropical de la fresa y el mango, el acabado fresco proporciona una sensaci\u00f3n refrescante y es ideal para cualquiera que busque una experiencia de vapeo vigorizante.<\/p>\n<h4>3. <strong>Red Bull fresa y cereza ar\u00e1ndano<\/strong><\/h4>\n<p>Un d\u00fao intenso que combina el en\u00e9rgico sabor de Red Bull con la dulzura de la fresa, complementado con ar\u00e1ndano y cereza para una compleja combinaci\u00f3n de sabores afrutados que es a la vez vigorizante y deliciosa.<\/p>\n<h4>4. <strong>Caramelo de ar\u00e1ndano y sand\u00eda con fresa<\/strong><\/h4>\n<p>Para los amantes de los sabores dulces, esta mezcla ofrece una combinaci\u00f3n de ar\u00e1ndanos y fresas mezclados con un toque de glaseado que recuerda a los caramelos. Las notas dulces y afrutadas ofrecen una experiencia de vapeo nost\u00e1lgica y dulce.<\/p>\n<h4>5. <strong>Fresa Kiwi y Fresa Cereza<\/strong><\/h4>\n<p>Las fresas y el kiwi se combinan para crear una mezcla refrescante, mientras que la cereza dulce redondea el conjunto. Este sabor ofrece el equilibrio perfecto entre sabor afrutado y un ligero toque \u00e1cido.<\/p>\n<h4>6. <strong>Helado de ar\u00e1ndano, frambuesa y melocot\u00f3n<\/strong><\/h4>\n<p>Una experiencia afrutada que combina la dulzura de los ar\u00e1ndanos y las frambuesas con el sabor fresco y fresco de las bayas de melocot\u00f3n. El final fresco proporciona una impresi\u00f3n de vapor refrescante y agradable.<\/p>\n<h4>7. <strong>Fresa Frambuesa Cereza y Amor 666<\/strong><\/h4>\n<p>Un seductor tr\u00edo de fresas, frambuesas y cerezas, redondeado con el misterioso sabor \"Love 666\". Esta mezcla es dulce, afrutada y excitante al mismo tiempo.<\/p>\n<h4>8. <strong>Melocot\u00f3n Helado y Sand\u00eda Mango Melocot\u00f3n<\/strong><\/h4>\n<p>Una experiencia de sabor tropical que combina melocotones dulces con sand\u00eda y mango. El final helado proporciona un toque fresco y hace de esta mezcla una elecci\u00f3n perfecta para los calurosos d\u00edas de verano.<\/p>\n<h4>9. <strong>Helado de fresa, pl\u00e1tano y pi\u00f1a y coco<\/strong><\/h4>\n<p>Una cremosa mezcla tropical de fresas y pl\u00e1tanos realzada con un refrescante sabor a helado de pi\u00f1a y coco, esta combinaci\u00f3n ofrece una experiencia de vapeo suave pero fresca.<\/p>\n<h4>10. <strong>Hielo de uva y hielo de drag\u00f3n negro<\/strong><\/h4>\n<p>Un sabor intenso con el dulzor de la uva y el ex\u00f3tico aroma de \"Black Dragon\". El final mentolado y helado lo convierte en un vape refrescante y vigorizante que encantar\u00e1 a los aficionados al mentol.<\/p>\n<h4>11. <strong>Mezcla de bayas y limonada de frambuesa<\/strong><\/h4>\n<p>Una mezcla afrutada de bayas mixtas y limonada de frambuesa, esta combinaci\u00f3n de sabores a\u00fana dulzor y acidez para una experiencia de vapeo refrescante con un toque \u00e1cido.<\/p>\n<h4>12. <strong>Hielo de ar\u00e1ndano y hielo de cereza y cola<\/strong><\/h4>\n<p>La mezcla perfecta de ar\u00e1ndanos dulces y el sabor cl\u00e1sico de la cereza cola, combinada con un acabado mentolado helado, esta combinaci\u00f3n refrescante y chispeante har\u00e1 las delicias de los amantes de los sabores de cola y mentol.<\/p>\n<h2>Por qu\u00e9 <strong>WASPE Cristal 40000 bocanadas<\/strong> \u00bfpara mayoristas?<\/h2>\n<ul>\n<li><strong>Valor inigualable<\/strong>Con hasta 40.000 caladas por unidad, la WASPE Crystal ofrece un valor excepcional, especialmente cuando se compra al por mayor.<\/li>\n<li><strong>Descuentos al por mayor<\/strong>Widevape ofrece precios competitivos para compradores al por mayor y a granel en Alemania, Pa\u00edses Bajos, B\u00e9lgica y Espa\u00f1a - ideal para minoristas y revendedores.<\/li>\n<li><strong>Recargable<\/strong>La recargabilidad Type-C garantiza una mayor duraci\u00f3n del dispositivo y le permite maximizar su inversi\u00f3n.<\/li>\n<li><strong>Alta calidad<\/strong>El WASPE Crystal 40000 puffs es un producto de alta calidad dise\u00f1ado para un uso regular y apreciado por los vapers m\u00e1s exigentes.<\/li>\n<\/ul>\n<h2>Pida el <strong>WASPE Cristal 40000 bocanadas<\/strong> con <a href=\"https:\/\/widevape.com\/es\/\">Widevape<\/a><\/h2>\n<p>Las mejores ofertas para <strong>WASPE Cristal 40000 bocanadas<\/strong> Vape desechable visita Widevape. Como plataforma l\u00edder en Europa para la venta al por mayor de vape desechables, ofrecemos precios inmejorables y entregas r\u00e1pidas y aseguradas a pa\u00edses como Alemania, Pa\u00edses Bajos, B\u00e9lgica y Espa\u00f1a. Tanto si haces un pedido para uso personal como si buscas reponer tu stock de venta al por menor, con nosotros encontrar\u00e1s todo lo que necesitas.<\/p>\n<p>Admitimos varios m\u00e9todos de pago, como PayPal, tarjetas de cr\u00e9dito, iDEAL (para los Pa\u00edses Bajos), Bancontact (para B\u00e9lgica) y transferencias bancarias SEPA para facilitar el pago.<\/p>\n<p>eme transacci\u00f3n en toda Europa.<\/p>\n<h2>Conclusi\u00f3n<\/h2>\n<p>En <strong>WASPE Cristal 40000 bocanadas<\/strong> El vape desechable es un producto revolucionario que ofrece un rendimiento excepcional, variedad de sabores y facilidad de uso. Con su larga duraci\u00f3n, sabores duales y recargabilidad, es la elecci\u00f3n perfecta para los vapeadores que valoran la calidad y la comodidad. Visite Widevape para hacer su pedido hoy mismo y recibir descuentos exclusivos en pedidos al por mayor de este vape desechable esencial.<\/p>\n<p><img loading=\"lazy\" decoding=\"async\" class=\"alignnone wp-image-17211 size-full\" src=\"https:\/\/widevape.com\/wp-content\/uploads\/2025\/02\/WASPE_Crysta-9.webp\" alt=\"WASPE Crystal 40000 Puffs Dual Flavour Digital Screen 0%, 2%, 5% Low Nicotine Rechargeable Disposable E-Cigarette Wholesale\" width=\"1060\" height=\"1060\" srcset=\"https:\/\/widevape.com\/wp-content\/uploads\/2025\/02\/WASPE_Crysta-9.webp 1060w, https:\/\/widevape.com\/wp-content\/uploads\/2025\/02\/WASPE_Crysta-9-247x247.webp 247w, https:\/\/widevape.com\/wp-content\/uploads\/2025\/02\/WASPE_Crysta-9-100x100.webp 100w, https:\/\/widevape.com\/wp-content\/uploads\/2025\/02\/WASPE_Crysta-9-510x510.webp 510w, https:\/\/widevape.com\/wp-content\/uploads\/2025\/02\/WASPE_Crysta-9-300x300.webp 300w, https:\/\/widevape.com\/wp-content\/uploads\/2025\/02\/WASPE_Crysta-9-1024x1024.webp 1024w, https:\/\/widevape.com\/wp-content\/uploads\/2025\/02\/WASPE_Crysta-9-150x150.webp 150w, https:\/\/widevape.com\/wp-content\/uploads\/2025\/02\/WASPE_Crysta-9-768x768.webp 768w\" sizes=\"auto, (max-width: 1060px) 100vw, 1060px\" \/> <img loading=\"lazy\" decoding=\"async\" class=\"alignnone wp-image-17210 size-full\" src=\"https:\/\/widevape.com\/wp-content\/uploads\/2025\/02\/WASPE_Crysta-8.webp\" alt=\"WASPE Crystal 40000 Puffs Dual Flavour Digital Screen 0%, 2%, 5% Low Nicotine Rechargeable Disposable E-Cigarette Wholesale\" width=\"1060\" height=\"1060\" srcset=\"https:\/\/widevape.com\/wp-content\/uploads\/2025\/02\/WASPE_Crysta-8.webp 1060w, https:\/\/widevape.com\/wp-content\/uploads\/2025\/02\/WASPE_Crysta-8-247x247.webp 247w, https:\/\/widevape.com\/wp-content\/uploads\/2025\/02\/WASPE_Crysta-8-100x100.webp 100w, https:\/\/widevape.com\/wp-content\/uploads\/2025\/02\/WASPE_Crysta-8-510x510.webp 510w, https:\/\/widevape.com\/wp-content\/uploads\/2025\/02\/WASPE_Crysta-8-300x300.webp 300w, https:\/\/widevape.com\/wp-content\/uploads\/2025\/02\/WASPE_Crysta-8-1024x1024.webp 1024w, https:\/\/widevape.com\/wp-content\/uploads\/2025\/02\/WASPE_Crysta-8-150x150.webp 150w, https:\/\/widevape.com\/wp-content\/uploads\/2025\/02\/WASPE_Crysta-8-768x768.webp 768w\" sizes=\"auto, (max-width: 1060px) 100vw, 1060px\" \/> <img loading=\"lazy\" decoding=\"async\" class=\"alignnone wp-image-17209 size-full\" src=\"https:\/\/widevape.com\/wp-content\/uploads\/2025\/02\/WASPE_Crysta-7.webp\" alt=\"WASPE Crystal 40000 Puffs Dual Flavour Digital Screen 0%, 2%, 5% Low Nicotine Rechargeable Disposable E-Cigarette Wholesale\" width=\"1060\" height=\"1060\" srcset=\"https:\/\/widevape.com\/wp-content\/uploads\/2025\/02\/WASPE_Crysta-7.webp 1060w, https:\/\/widevape.com\/wp-content\/uploads\/2025\/02\/WASPE_Crysta-7-247x247.webp 247w, https:\/\/widevape.com\/wp-content\/uploads\/2025\/02\/WASPE_Crysta-7-100x100.webp 100w, https:\/\/widevape.com\/wp-content\/uploads\/2025\/02\/WASPE_Crysta-7-510x510.webp 510w, https:\/\/widevape.com\/wp-content\/uploads\/2025\/02\/WASPE_Crysta-7-300x300.webp 300w, https:\/\/widevape.com\/wp-content\/uploads\/2025\/02\/WASPE_Crysta-7-1024x1024.webp 1024w, https:\/\/widevape.com\/wp-content\/uploads\/2025\/02\/WASPE_Crysta-7-150x150.webp 150w, https:\/\/widevape.com\/wp-content\/uploads\/2025\/02\/WASPE_Crysta-7-768x768.webp 768w\" sizes=\"auto, (max-width: 1060px) 100vw, 1060px\" \/> <img loading=\"lazy\" decoding=\"async\" class=\"alignnone wp-image-17208 size-full\" src=\"https:\/\/widevape.com\/wp-content\/uploads\/2025\/02\/WASPE_Crysta-6.webp\" alt=\"WASPE Crystal 40000 Puffs Dual Flavour Digital Screen 0%, 2%, 5% Low Nicotine Rechargeable Disposable E-Cigarette Wholesale\" width=\"1060\" height=\"1060\" srcset=\"https:\/\/widevape.com\/wp-content\/uploads\/2025\/02\/WASPE_Crysta-6.webp 1060w, https:\/\/widevape.com\/wp-content\/uploads\/2025\/02\/WASPE_Crysta-6-247x247.webp 247w, https:\/\/widevape.com\/wp-content\/uploads\/2025\/02\/WASPE_Crysta-6-100x100.webp 100w, https:\/\/widevape.com\/wp-content\/uploads\/2025\/02\/WASPE_Crysta-6-510x510.webp 510w, https:\/\/widevape.com\/wp-content\/uploads\/2025\/02\/WASPE_Crysta-6-300x300.webp 300w, https:\/\/widevape.com\/wp-content\/uploads\/2025\/02\/WASPE_Crysta-6-1024x1024.webp 1024w, https:\/\/widevape.com\/wp-content\/uploads\/2025\/02\/WASPE_Crysta-6-150x150.webp 150w, https:\/\/widevape.com\/wp-content\/uploads\/2025\/02\/WASPE_Crysta-6-768x768.webp 768w\" sizes=\"auto, (max-width: 1060px) 100vw, 1060px\" \/><\/p>","protected":false},"excerpt":{"rendered":"<p>En <strong>WASPE Cristal 40000 bocanadas<\/strong> es un avanzado vaporizador desechable recargable con una capacidad de 40.000 caladas, opci\u00f3n de doble sabor, 32 ml de e-l\u00edquido, potencias de nicotina variables (0%, 2%, 5%) y una pr\u00e1ctica pantalla LED, disponible en varias combinaciones de sabores emocionantes y perfecto para mayoristas.<\/p>","protected":false},"featured_media":17202,"comment_status":"open","ping_status":"closed","template":"","meta":[],"product_brand":[],"product_cat":[112,92,93,37,94,61,90,71,96],"product_tag":[],"class_list":{"0":"post-16859","1":"product","2":"type-product","3":"status-publish","4":"has-post-thumbnail","6":"product_cat-40000-zuege-einweg-e-zigaretten","7":"product_cat-digitale-box-einweg-e-zigaretten","8":"product_cat-dual-mesh-einweg-e-zigaretten","9":"product_cat-einweg-e-zigaretten","10":"product_cat-einweg-e-zigaretten-mit-niedriger-nikotinstaerke","11":"product_cat-einweg-e-zigaretten-nach-zuegen","12":"product_cat-grosse-einweg-e-zigaretten","13":"product_cat-waspe-einweg-e-zigaretten","14":"product_cat-wiederaufladbare-einweg-e-zigaretten","16":"first","17":"outofstock","18":"shipping-taxable","19":"purchasable","20":"product-type-variable"},"_links":{"self":[{"href":"https:\/\/widevape.com\/es\/wp-json\/wp\/v2\/product\/16859","targetHints":{"allow":["GET"]}}],"collection":[{"href":"https:\/\/widevape.com\/es\/wp-json\/wp\/v2\/product"}],"about":[{"href":"https:\/\/widevape.com\/es\/wp-json\/wp\/v2\/types\/product"}],"replies":[{"embeddable":true,"href":"https:\/\/widevape.com\/es\/wp-json\/wp\/v2\/comments?post=16859"}],"wp:featuredmedia":[{"embeddable":true,"href":"https:\/\/widevape.com\/es\/wp-json\/wp\/v2\/media\/17202"}],"wp:attachment":[{"href":"https:\/\/widevape.com\/es\/wp-json\/wp\/v2\/media?parent=16859"}],"wp:term":[{"taxonomy":"product_brand","embeddable":true,"href":"https:\/\/widevape.com\/es\/wp-json\/wp\/v2\/product_brand?post=16859"},{"taxonomy":"product_cat","embeddable":true,"href":"https:\/\/widevape.com\/es\/wp-json\/wp\/v2\/product_cat?post=16859"},{"taxonomy":"product_tag","embeddable":true,"href":"https:\/\/widevape.com\/es\/wp-json\/wp\/v2\/product_tag?post=16859"}],"curies":[{"name":"wp","href":"https:\/\/api.w.org\/{rel}","templated":true}]}}