{"id":23643,"date":"2025-02-26T10:21:40","date_gmt":"2025-02-26T09:21:40","guid":{"rendered":"https:\/\/widevape.com\/?post_type=product&#038;p=23643"},"modified":"2026-01-04T03:47:39","modified_gmt":"2026-01-04T02:47:39","slug":"vopk-shisha-bar-20000-cono-aceite-y-poder-doble-pantalla-0-2-3-5-bajo-nicotina-al-por-mayor-recargable-pluma-de-vapor-desechable-al-por-mayor","status":"publish","type":"product","link":"https:\/\/widevape.com\/es\/product\/vopk-shisha-bar-20000-zuege-oel-und-strom-doppelanzeige-0-2-3-5-niedriger-nikotin-grosshandel-aufladbarer-einweg-dampfpen-im-grosshandel\/","title":{"rendered":"VOPK Hookah BAR 20000 Puffs Aceite y Potencia Doble Pantalla 0% 2% 3% 5% Low Nicotine Venta al por mayor Bol\u00edgrafo de Vapor Recargable Desechable"},"content":{"rendered":"<div style=\"width: 720px;\" class=\"wp-video\"><video class=\"wp-video-shortcode\" id=\"video-23643-1\" width=\"720\" height=\"1280\" preload=\"metadata\" controls=\"controls\"><source type=\"video\/mp4\" src=\"https:\/\/widevape.com\/wp-content\/uploads\/2025\/02\/VOPK-Shisha-BAR-20000.mp4?_=1\" \/><a href=\"https:\/\/widevape.com\/wp-content\/uploads\/2025\/02\/VOPK-Shisha-BAR-20000.mp4\">https:\/\/widevape.com\/wp-content\/uploads\/2025\/02\/VOPK-Shisha-BAR-20000.mp4<\/a><\/video><\/div>\n<h1 class=\"first:mt-xs mb-3 mt-8 text-[1.4rem] font-[475] leading-[1.5em]\"><a href=\"https:\/\/widevape.com\/product-category\/vopk-einweg-e-zigaretten\/\">VOPK<\/a> Shisha BAR 20000 Z\u00fcge: Die perfekte Wahl f\u00fcr Gro\u00dfhandel und Bulk-Bestellungen<\/h1>\n<p class=\"my-0\">Die\u00a0<strong>VOPK Shisha BAR 20000 Z\u00fcge<\/strong>\u00a0ist eine bahnbrechende Einweg-E-Zigarette, die das Dampferlebnis auf ein neues Niveau hebt. Mit innovativen Funktionen, einem stilvollen Design und einer beeindruckenden Auswahl an Geschmacksrichtungen ist sie sowohl f\u00fcr Gelegenheitsdampfer als auch f\u00fcr erfahrene Nutzer geeignet. Als einer der gr\u00f6\u00dften Online-Gro\u00dfhandelsplattformen f\u00fcr Einweg-E-Zigaretten in Europa bietet\u00a0<strong>widevape.com<\/strong>\u00a0dieses Premium-Produkt exklusiv an Kunden in Deutschland, den Niederlanden, Belgien, Spanien und weiteren L\u00e4ndern. Egal, ob Sie Gro\u00dfbestellungen oder Einzelhandelsmengen ben\u00f6tigen \u2013 die VOPK Shisha BAR 20000 Z\u00fcge ist die ideale Wahl.<\/p>\n<h2 class=\"mb-2 mt-6 text-lg font-[500] first:mt-3\">Warum die VOPK Shisha BAR <a href=\"https:\/\/widevape.com\/product-category\/einweg-e-zigaretten-nach-zuegen\/20000-zuege-einweg-e-zigaretten\/\">20000 Z\u00fcge<\/a>?<\/h2>\n<p class=\"my-0\">Die VOPK Shisha BAR 20000 Z\u00fcge kombiniert modernste Technologie mit benutzerfreundlichen Funktionen und bietet ein unvergleichliches Dampferlebnis. Ihre hochwertigen Komponenten und das durchdachte Design machen sie zu einem herausragenden Produkt auf dem Markt f\u00fcr Einweg-E-Zigaretten. Hier sind die wichtigsten Vorteile:<\/p>\n<ul class=\"marker:text-textOff list-disc\">\n<li>\n<p class=\"my-0\"><strong>Un\u00fcbertroffene Zuganzahl<\/strong>: Mit bis zu\u00a0<strong>20.000 Z\u00fcgen<\/strong>\u00a0garantiert dieses Ger\u00e4t eine langanhaltende Nutzung \u2013 ideal f\u00fcr Vielnutzer und kosteneffizient f\u00fcr Bulk-Bestellungen.<\/p>\n<\/li>\n<li>\n<p class=\"my-0\"><strong>Individuelle Nikotinst\u00e4rken<\/strong>: Erh\u00e4ltlich in\u00a0<strong>0%, 2%, 3% und 5% Nikotin<\/strong>, um unterschiedliche Vorlieben zu bedienen.<\/p>\n<\/li>\n<li>\n<p class=\"my-0\"><strong>Wiederaufladbare Batterie<\/strong>: Die leistungsstarke\u00a0<strong>850mAh-Batterie<\/strong>\u00a0mit\u00a0<strong>Type-C-Ladeanschluss<\/strong>\u00a0sorgt f\u00fcr Komfort und Nachhaltigkeit.<\/p>\n<\/li>\n<li>\n<p class=\"my-0\"><strong>Mesh Coil Technologie<\/strong>: Die\u00a0<strong>0,6ohm Mesh Coil<\/strong>\u00a0verbessert den Geschmack und die Dampfproduktion.<\/p>\n<\/li>\n<li>\n<p class=\"my-0\"><strong>Gro\u00dfe E-Liquid-Kapazit\u00e4t<\/strong>: Mit einem gro\u00dfz\u00fcgigen\u00a0<strong>28ML E-Liquid-Tank<\/strong>\u00a0reduziert sie den Bedarf an h\u00e4ufigem Nachf\u00fcllen.<\/p>\n<\/li>\n<li>\n<p class=\"my-0\"><strong>Dual-Anzeige<\/strong>: Eine seitliche Anzeige informiert \u00fcber den \u00d6lstand und die Batteriekapazit\u00e4t.<\/p>\n<\/li>\n<li>\n<p class=\"my-0\"><strong>Direkt-Lungen-Inhalation (DTL)<\/strong>: Entwickelt f\u00fcr ein sanftes und befriedigendes DTL-Dampfen.<\/p>\n<\/li>\n<\/ul>\n<h2 class=\"mb-xs mt-5 text-base font-[525] first:mt-3\">Verpackung und Gro\u00dfhandelsinformationen<\/h2>\n<p class=\"my-0\">F\u00fcr Gro\u00dfh\u00e4ndler und Bulk-K\u00e4ufer wird die\u00a0<strong>VOPK Shisha BAR 20000 Z\u00fcge<\/strong>\u00a0effizient verpackt. Jede Mittelbox enth\u00e4lt 10 Einheiten, w\u00e4hrend eine volle Kiste 20 Mittelboxen umfasst, insgesamt 200 Dampfer. Die Au\u00dfenboxenma\u00dfe betragen\u00a0<strong>458<em>416<\/em>344mm<\/strong>, mit einem Gewicht von etwa\u00a0<strong>24kg<\/strong>. Diese Verpackung stellt sicher, dass die Produkte w\u00e4hrend des Versands und der Lagerung gut gesch\u00fctzt sind.<\/p>\n<h2 class=\"mb-xs mt-5 text-base font-[525] first:mt-3\">Geschmacksrichtungen<\/h2>\n<p class=\"my-0\">Die\u00a0<strong>VOPK Shisha BAR 20000 Z\u00fcge<\/strong>\u00a0bietet eine vielf\u00e4ltige Palette von Geschmacksrichtungen, um unterschiedliche Geschmacksvorlieben zu erf\u00fcllen:<\/p>\n<ol class=\"marker:text-textOff list-decimal\">\n<li>\n<p class=\"my-0\"><strong>Blueberry on Ice<\/strong>: Eine erfrischende Mischung aus s\u00fc\u00dfen Blaubeeren mit einer k\u00fchlen, eisigen Note.<\/p>\n<\/li>\n<li>\n<p class=\"my-0\"><strong>Strawberry Kiwi<\/strong>: Kombiniert die S\u00fc\u00dfe der Erdbeeren mit der Sch\u00e4rfe der Kiwi, was ein einzigartiges und fruchtiges Erlebnis bietet.<\/p>\n<\/li>\n<li>\n<p class=\"my-0\"><strong>Mixed Berries<\/strong>: Eine Mischung aus verschiedenen Beeren, die ein komplexes und befriedigendes Geschmackserlebnis bietet.<\/p>\n<\/li>\n<li>\n<p class=\"my-0\"><strong>Strawberry Watermelon<\/strong>: Eine s\u00fc\u00dfe und erfrischende Kombination aus Erdbeeren und Wassermelone, ideal f\u00fcr warme Tage.<\/p>\n<\/li>\n<li>\n<p class=\"my-0\"><strong>Watermelon Ice<\/strong>: F\u00e4ngt die Essenz der Wassermelone mit einer k\u00fchlen, eisigen Note ein.<\/p>\n<\/li>\n<li>\n<p class=\"my-0\"><strong>Peach Mango Pineapple<\/strong>: Eine tropische Mischung aus Pfirsichen, Mangos und Ananas, die einen s\u00fc\u00dfen und exotischen Geschmack bietet.<\/p>\n<\/li>\n<li>\n<p class=\"my-0\"><strong>Blueberry Raspberry<\/strong>: Kombiniert die S\u00fc\u00dfe der Blaubeeren mit der Sch\u00e4rfe der Himbeeren, was ein ausgewogenes Geschmackserlebnis bietet.<\/p>\n<\/li>\n<li>\n<p class=\"my-0\"><strong>Strawberry Raspberry Candy<\/strong>: Ein s\u00fc\u00dfer und fruchtiger Geschmack, der an Bonbons erinnert, mit Erdbeeren und Himbeeren als Hauptgeschmacksnoten.<\/p>\n<\/li>\n<li>\n<p class=\"my-0\"><strong>Watermelon Cherry<\/strong>: Eine erfrischende Mischung aus Wassermelone und Kirsche, die ein s\u00fc\u00dfes und fruchtiges Erlebnis bietet.<\/p>\n<\/li>\n<li>\n<p class=\"my-0\"><strong>Blackcurrant Ice<\/strong>: Bietet die Sch\u00e4rfe der schwarzen Johannisbeeren mit einer k\u00fchlen, eisigen Note.<\/p>\n<\/li>\n<\/ol>\n<h2 class=\"mb-2 mt-6 text-lg font-[500] first:mt-3\">Warum bei <a href=\"https:\/\/widevape.com\/\">Widevape<\/a> kaufen?<\/h2>\n<p class=\"my-0\">Widevape ist Europas f\u00fchrende Online-Gro\u00dfhandelsplattform f\u00fcr Einweg-E-Zigaretten. Mit \u00fcber zehn Jahren Erfahrung in der Branche bieten wir:<\/p>\n<ul class=\"marker:text-textOff list-disc\">\n<li>\n<p class=\"my-0\">Attraktive Preise f\u00fcr Bulk-Bestellungen von Top-Marken wie RandM Tornado, Elf Box, Bang King, Doloda und mehr.<\/p>\n<\/li>\n<li>\n<p class=\"my-0\">Schnellen und versicherten Versand in ganz Europa, einschlie\u00dflich Deutschland, Niederlande, Belgien, Spanien, Frankreich, Italien, Polen, Portugal und weiteren L\u00e4ndern.<\/p>\n<\/li>\n<li>\n<p class=\"my-0\">Sichere Zahlungsmethoden wie PayPal, Kreditkarten sowie iDEAL (Niederlande), Bancontact (Belgien) und SEPA-Bank\u00fcberweisung (Europa).<\/p>\n<\/li>\n<li>\n<p class=\"my-0\">Exzellenten Kundenservice, der auf Ihre Bed\u00fcrfnisse zugeschnitten ist.<\/p>\n<\/li>\n<\/ul>\n<h2 class=\"mb-2 mt-6 text-lg font-[500] first:mt-3\">Fazit<\/h2>\n<p class=\"my-0\">Die VOPK Shisha BAR 20000 Z\u00fcge ist mehr als nur eine Einweg-E-Zigarette \u2013 sie ist ein Meilenstein in der Dampfindustrie. Von ihren fortschrittlichen Funktionen bis hin zur umfangreichen Auswahl an Geschmacksrichtungen bietet sie alles, was Sie brauchen, w\u00e4hrend sie gleichzeitig einen hervorragenden Wert f\u00fcr Gro\u00dfhandelskunden liefert. Besuchen Sie unsere Website unter <a href=\"https:\/\/widevape.com\/\">widevape.com<\/a> noch heute, um Ihre Bestellung aufzugeben und Europas beste Einweg-E-Zigaretten zu entdecken!<\/p>\n<p><img loading=\"lazy\" decoding=\"async\" class=\"alignnone wp-image-23781 size-full\" src=\"https:\/\/widevape.com\/wp-content\/uploads\/2025\/02\/VOPK_Shisha_BAR_20000-11.webp\" alt=\"VOPK Shisha BAR 20000 Z\u00fcge \u00d6l- und Strom-Doppelanzeige 0% 2% 3% 5% Niedriger Nikotin Gro\u00dfhandel Aufladbarer Einweg-Dampfpen im Gro\u00dfhandel\" width=\"1599\" height=\"2560\" srcset=\"https:\/\/widevape.com\/wp-content\/uploads\/2025\/02\/VOPK_Shisha_BAR_20000-11.webp 1599w, https:\/\/widevape.com\/wp-content\/uploads\/2025\/02\/VOPK_Shisha_BAR_20000-11-510x817.webp 510w, https:\/\/widevape.com\/wp-content\/uploads\/2025\/02\/VOPK_Shisha_BAR_20000-11-187x300.webp 187w, https:\/\/widevape.com\/wp-content\/uploads\/2025\/02\/VOPK_Shisha_BAR_20000-11-640x1024.webp 640w, https:\/\/widevape.com\/wp-content\/uploads\/2025\/02\/VOPK_Shisha_BAR_20000-11-768x1230.webp 768w, https:\/\/widevape.com\/wp-content\/uploads\/2025\/02\/VOPK_Shisha_BAR_20000-11-959x1536.webp 959w, https:\/\/widevape.com\/wp-content\/uploads\/2025\/02\/VOPK_Shisha_BAR_20000-11-1279x2048.webp 1279w\" sizes=\"auto, (max-width: 1599px) 100vw, 1599px\" \/> <img loading=\"lazy\" decoding=\"async\" class=\"alignnone wp-image-23780 size-full\" src=\"https:\/\/widevape.com\/wp-content\/uploads\/2025\/02\/VOPK_Shisha_BAR_20000-10.webp\" alt=\"VOPK Shisha BAR 20000 Z\u00fcge \u00d6l- und Strom-Doppelanzeige 0% 2% 3% 5% Niedriger Nikotin Gro\u00dfhandel Aufladbarer Einweg-Dampfpen im Gro\u00dfhandel\" width=\"1598\" height=\"2560\" srcset=\"https:\/\/widevape.com\/wp-content\/uploads\/2025\/02\/VOPK_Shisha_BAR_20000-10.webp 1598w, https:\/\/widevape.com\/wp-content\/uploads\/2025\/02\/VOPK_Shisha_BAR_20000-10-510x817.webp 510w, https:\/\/widevape.com\/wp-content\/uploads\/2025\/02\/VOPK_Shisha_BAR_20000-10-187x300.webp 187w, https:\/\/widevape.com\/wp-content\/uploads\/2025\/02\/VOPK_Shisha_BAR_20000-10-639x1024.webp 639w, https:\/\/widevape.com\/wp-content\/uploads\/2025\/02\/VOPK_Shisha_BAR_20000-10-768x1230.webp 768w, https:\/\/widevape.com\/wp-content\/uploads\/2025\/02\/VOPK_Shisha_BAR_20000-10-959x1536.webp 959w, https:\/\/widevape.com\/wp-content\/uploads\/2025\/02\/VOPK_Shisha_BAR_20000-10-1278x2048.webp 1278w\" sizes=\"auto, (max-width: 1598px) 100vw, 1598px\" \/><\/p>\n","protected":false},"excerpt":{"rendered":"<p>En\u00a0<strong>VOPK Shisha BAR 20000 caladas<\/strong>\u00a0ist eine hochwertige, wiederaufladbare Einweg-E-Zigarette mit bis zu 20.000 Z\u00fcgen, gro\u00dfer Geschmacksvielfalt, individuell w\u00e4hlbaren Nikotinst\u00e4rken und innovativen Funktionen wie einer \u00d6l- und Stromanzeige \u2013 ideal f\u00fcr Gro\u00dfhandelskunden bei\u00a0<strong>widevape.com<\/strong>.<\/p>","protected":false},"featured_media":23783,"comment_status":"open","ping_status":"closed","template":"","meta":[],"product_brand":[],"product_cat":[106,92,37,94,90,97,68,96],"product_tag":[],"class_list":{"0":"post-23643","1":"product","2":"type-product","3":"status-publish","4":"has-post-thumbnail","6":"product_cat-20000-zuege-einweg-e-zigaretten","7":"product_cat-digitale-box-einweg-e-zigaretten","8":"product_cat-einweg-e-zigaretten","9":"product_cat-einweg-e-zigaretten-mit-niedriger-nikotinstaerke","10":"product_cat-grosse-einweg-e-zigaretten","11":"product_cat-shisha-hookah-einweg-e-zigaretten","12":"product_cat-vopk-einweg-e-zigaretten","13":"product_cat-wiederaufladbare-einweg-e-zigaretten","15":"first","16":"outofstock","17":"shipping-taxable","18":"purchasable","19":"product-type-variable","20":"has-default-attributes"},"_links":{"self":[{"href":"https:\/\/widevape.com\/es\/wp-json\/wp\/v2\/product\/23643","targetHints":{"allow":["GET"]}}],"collection":[{"href":"https:\/\/widevape.com\/es\/wp-json\/wp\/v2\/product"}],"about":[{"href":"https:\/\/widevape.com\/es\/wp-json\/wp\/v2\/types\/product"}],"replies":[{"embeddable":true,"href":"https:\/\/widevape.com\/es\/wp-json\/wp\/v2\/comments?post=23643"}],"wp:featuredmedia":[{"embeddable":true,"href":"https:\/\/widevape.com\/es\/wp-json\/wp\/v2\/media\/23783"}],"wp:attachment":[{"href":"https:\/\/widevape.com\/es\/wp-json\/wp\/v2\/media?parent=23643"}],"wp:term":[{"taxonomy":"product_brand","embeddable":true,"href":"https:\/\/widevape.com\/es\/wp-json\/wp\/v2\/product_brand?post=23643"},{"taxonomy":"product_cat","embeddable":true,"href":"https:\/\/widevape.com\/es\/wp-json\/wp\/v2\/product_cat?post=23643"},{"taxonomy":"product_tag","embeddable":true,"href":"https:\/\/widevape.com\/es\/wp-json\/wp\/v2\/product_tag?post=23643"}],"curies":[{"name":"wp","href":"https:\/\/api.w.org\/{rel}","templated":true}]}}