{"id":26552,"date":"2025-03-03T04:58:27","date_gmt":"2025-03-03T03:58:27","guid":{"rendered":"https:\/\/widevape.com\/?post_type=product&#038;p=26552"},"modified":"2025-10-22T05:42:17","modified_gmt":"2025-10-22T03:42:17","slug":"bang-box-vape-rocket-18000-cono-led-pantalla-varios-sabores-0-2-3-5-nicotina-al-por-mayor-vaporizador-desechable-al-por-mayor","status":"publish","type":"product","link":"https:\/\/widevape.com\/es\/product\/bang-box-vape-rocket-18000-zuege-led-anzeige-vielfaeltige-geschmacksrichtungen-0-2-3-5-nikotin-grosshandel-einweg-dampfer-im-grossverkauf\/","title":{"rendered":"Bang Box Vape Rocket 18000 caladas Pantalla LED Variedad de sabores 0% 2% 3% 5% Nicotina al por mayor vaporizador desechable en venta al por mayor"},"content":{"rendered":"<div style=\"width: 720px;\" class=\"wp-video\"><video class=\"wp-video-shortcode\" id=\"video-26552-1\" width=\"720\" height=\"1280\" preload=\"metadata\" controls=\"controls\"><source type=\"video\/mp4\" src=\"https:\/\/widevape.com\/wp-content\/uploads\/2025\/03\/Bang-Box-Vape-Rocket-18000.mp4?_=1\" \/><a href=\"https:\/\/widevape.com\/wp-content\/uploads\/2025\/03\/Bang-Box-Vape-Rocket-18000.mp4\">https:\/\/widevape.com\/wp-content\/uploads\/2025\/03\/Bang-Box-Vape-Rocket-18000.mp4<\/a><\/video><\/div>\n<h2 class=\"mb-2 mt-6 text-lg font-[500] first:mt-3\">Einf\u00fchrung in die <a href=\"https:\/\/widevape.com\/product-category\/bang-einweg-e-zigaretten\/\">Bang<\/a> Box Vape Rocket 18000 Z\u00fcge<\/h2>\n<p class=\"my-0\">Die\u00a0<strong>Bang Box Vape Rocket 18000 Z\u00fcge<\/strong>\u00a0ist eine bahnbrechende Einweg-E-Zigarette, die Langlebigkeit, Vielseitigkeit und eine breite Palette an Geschmacksrichtungen bietet, um unterschiedliche Vaping-Vorlieben zu erf\u00fcllen. Dieses Produkt ist f\u00fcr den langfristigen Gebrauch konzipiert und bietet bis zu 18.000 Z\u00fcge, was es zu einer idealen Wahl f\u00fcr diejenigen macht, die nach einer zuverl\u00e4ssigen Vaping-Erfahrung suchen, ohne h\u00e4ufige Austauschnotwendigkeiten. Mit seinen fortschrittlichen Funktionen und verschiedenen Nikotinoptionen hebt es sich im Markt der Einweg-E-Zigaretten hervor.<\/p>\n<h2 class=\"mb-xs mt-5 text-base font-[525] first:mt-3\">Hauptmerkmale der Bang Box Vape Rocket <a href=\"https:\/\/widevape.com\/product-category\/einweg-e-zigaretten-nach-zuegen\/18000-zuege-einweg-e-zigaretten\/\">18000 Z\u00fcge<\/a><\/h2>\n<ul class=\"marker:text-textOff list-disc\">\n<li>\n<p class=\"my-0\"><strong>Langlebige Leistung<\/strong>: Bietet bis zu 18.000 Z\u00fcge, was eine lange Nutzung ohne h\u00e4ufige Erneuerung erm\u00f6glicht.<\/p>\n<\/li>\n<li>\n<p class=\"my-0\"><strong>Aufladbarer Akku<\/strong>: Ausgestattet mit einem 650mAh-Akku, der Type-C-Schnellladefunktion unterst\u00fctzt, was Komfort und Effizienz bietet.<\/p>\n<\/li>\n<li>\n<p class=\"my-0\"><strong>LED-Anzeige<\/strong>: Verf\u00fcgt \u00fcber eine LED-Anzeige, die die Akkulaufzeit und die Anzahl der Z\u00fcge in Echtzeit anzeigt, sodass Nutzer ihren Verbrauch \u00fcberwachen k\u00f6nnen.<\/p>\n<\/li>\n<li>\n<p class=\"my-0\"><strong>Doppelmesh-Heizspule<\/strong>: Verbessert den Geschmack und die Dampfdichte, was zu einer befriedigenderen Vaping-Erfahrung f\u00fchrt.<\/p>\n<\/li>\n<li>\n<p class=\"my-0\"><strong>Nikotinoptionen<\/strong>: Verf\u00fcgbar in 0%, 2%, 3% und 5% Nikotinkonzentrationen, um unterschiedliche Nutzerpr\u00e4ferenzen zu bedienen.<\/p>\n<\/li>\n<li>\n<p class=\"my-0\"><strong>Vielf\u00e4ltige Geschmacksrichtungen<\/strong>: Bietet eine breite Palette an Geschmacksrichtungen, sodass f\u00fcr jeden etwas dabei ist.<\/p>\n<\/li>\n<\/ul>\n<h2 class=\"mb-2 mt-6 text-lg font-[500] first:mt-3\">Geschmacksrichtungen der Bang Box Vape Rocket 18000 Z\u00fcge<\/h2>\n<p class=\"my-0\">Die Bang Box Vape Rocket 18000 Z\u00fcge ist in einer Vielzahl von Geschmacksrichtungen erh\u00e4ltlich, jede sorgf\u00e4ltig entwickelt, um eine einzigartige Vaping-Erfahrung zu bieten. Hier ist eine detaillierte Beschreibung der verf\u00fcgbaren Geschmacksrichtungen:<\/p>\n<ol class=\"marker:text-textOff list-decimal\">\n<li>\n<p class=\"my-0\"><strong>Strawberry Banana<\/strong>: Diese Geschmacksrichtung kombiniert die S\u00fc\u00dfe reifer Erdbeeren mit der cremigen F\u00fclle von Bananen, was zu einem glatten und fruchtigen Geschmackserlebnis f\u00fchrt.<\/p>\n<\/li>\n<li>\n<p class=\"my-0\"><strong>Watermelon Ice<\/strong>: Erfrischend und k\u00fchl, diese Geschmacksrichtung f\u00e4ngt die Essenz der Wassermelone mit einer Note von eisiger Frische ein, ideal f\u00fcr hei\u00dfe Sommertage.<\/p>\n<\/li>\n<li>\n<p class=\"my-0\"><strong>Strawberry Kiwi<\/strong>: Eine Mischung aus s\u00fc\u00dfen Erdbeeren und sauren Kiwis, die ein ausgewogenes Geschmackserlebnis bietet, das Ihre Geschmacksknospen erfreuen wird.<\/p>\n<\/li>\n<li>\n<p class=\"my-0\"><strong>Strawberry Mango<\/strong>: Kombiniert die Saftigkeit von Erdbeeren mit der tropischen S\u00fc\u00dfe von Mango, was zu einem Geschmackserlebnis f\u00fchrt, das Sie in ein tropisches Paradies entf\u00fchrt.<\/p>\n<\/li>\n<li>\n<p class=\"my-0\"><strong>Meta Moon<\/strong>: Eine einzigartige und geheimnisvolle Geschmacksrichtung, die Sie in eine Welt ihrer eigenen entf\u00fchrt, mit Noten von S\u00fc\u00dfe und einem Hauch des Unbekannten.<\/p>\n<\/li>\n<li>\n<p class=\"my-0\"><strong>Blueberry Ice<\/strong>: K\u00fchl und fruchtig, diese Geschmacksrichtung bringt die S\u00fc\u00dfe von Blaubeeren mit einer erfrischenden eisigen Note, perfekt f\u00fcr diejenigen, die eine gek\u00fchlte Vaping-Erfahrung bevorzugen.<\/p>\n<\/li>\n<li>\n<p class=\"my-0\"><strong>Mexico Mango<\/strong>: F\u00e4ngt den lebhaften Geist Mexikos mit der reichen, tropischen Geschmacksrichtung von Mango ein, was Ihnen einen Geschmack von exotischem Paradies bietet.<\/p>\n<\/li>\n<li>\n<p class=\"my-0\"><strong>Juicy Peach Ice<\/strong>: Kombiniert die S\u00fc\u00dfe von Pfirsichen mit einer erfrischenden eisigen K\u00fchlheit, was zu einem Geschmack f\u00fchrt, der sowohl beruhigend als auch anregend ist.<\/p>\n<\/li>\n<li>\n<p class=\"my-0\"><strong>Sour Apple Ice<\/strong>: Eine saure und k\u00fchlende Geschmacksrichtung, die die S\u00e4ure von \u00c4pfeln mit einer erfrischenden eisigen Note kombiniert, ideal f\u00fcr diejenigen, die ein bisschen Sch\u00e4rfe in ihrem Vape bevorzugen.<\/p>\n<\/li>\n<li>\n<p class=\"my-0\"><strong>White Gummy Ice<\/strong>: Inspiriert von der S\u00fc\u00dfe von Gummib\u00e4rchen, f\u00fcgt diese Geschmacksrichtung eine k\u00fchlende eisige Note hinzu, was zu einem angenehmen Genuss f\u00fcr die Sinne f\u00fchrt.<\/p>\n<\/li>\n<li>\n<p class=\"my-0\"><strong>Blue Razz Ice<\/strong>: Fruchtig und k\u00fchl, diese Geschmacksrichtung f\u00e4ngt die Essenz von blauen Himbeeren mit einer erfrischenden eisigen Note ein, was zu einem s\u00fc\u00dfen und anregenden Vaping-Erlebnis f\u00fchrt.<\/p>\n<\/li>\n<li>\n<p class=\"my-0\"><strong>Tropical Rainbow Blast<\/strong>: Eine lebendige Mischung aus tropischen Fr\u00fcchten, diese Geschmacksrichtung ist eine farbenfrohe Explosion von Geschmacksnoten, die Sie mit jedem Zug in ein tropisches Paradies entf\u00fchrt.<\/p>\n<\/li>\n<\/ol>\n<h2 class=\"mb-2 mt-6 text-lg font-[500] first:mt-3\">Kauf der Bang Box Vape Rocket 18000 Z\u00fcge<\/h2>\n<p class=\"my-0\">F\u00fcr diejenigen, die die\u00a0<strong>Bang Box Vape Rocket 18000 Z\u00fcge<\/strong>\u00a0oder andere hochwertige Einweg-E-Zigaretten erwerben m\u00f6chten, ist\u00a0<a href=\"https:\/\/widevape.com\/\"><strong>WideVape<\/strong><\/a>\u00a0die f\u00fchrende Online-Plattform f\u00fcr Gro\u00df- und Einzelhandelsk\u00e4ufe. Mit Sitz in Europa spezialisiert sich WideVape auf den Vertrieb der besten Einweg-E-Zigaretten von renommierten Marken wie Bang Box, Vapsolo und mehr. Durch den Fokus auf Qualit\u00e4t, Zuverl\u00e4ssigkeit und Kundenzufriedenheit bietet WideVape wettbewerbsf\u00e4hige Preise, schnelle Lieferungen und sichere Zahlungsoptionen, darunter PayPal, Kreditkarten, iDEAL, Bancontact und SEPA-Bank\u00fcberweisungen.<\/p>\n<p class=\"my-0\">WideVape bedient haupts\u00e4chlich den europ\u00e4ischen Markt, einschlie\u00dflich L\u00e4nder wie Deutschland, Niederlande, Belgien, Spanien, Frankreich, Portugal, Polen und Italien. Ob Sie ein H\u00e4ndler sind, der sich mit beliebten Einweg-E-Zigaretten eindecken m\u00f6chte, oder ein Verbraucher, der nach der besten Vaping-Erfahrung sucht, WideVape ist Ihre erste Adresse f\u00fcr alle Vaping-Bed\u00fcrfnisse.<\/p>\n<h2 class=\"mb-2 mt-6 text-lg font-[500] first:mt-3\">Fazit<\/h2>\n<p class=\"my-0\">Die\u00a0<strong>Bang Box Vape Rocket 18000 Z\u00fcge<\/strong>\u00a0ist eine herausragende Wahl f\u00fcr alle, die eine zuverl\u00e4ssige, funktionsreiche und vielf\u00e4ltige Einweg-E-Zigarette suchen. Mit ihrer beeindruckenden Leistung, dem aufladbaren Akku und den zahlreichen Geschmacksrichtungen hebt sie sich im Markt hervor. F\u00fcr den Kauf dieses Produkts oder das Erkunden anderer Top-Marken bietet <a href=\"https:\/\/widevape.com\/\">WideVape<\/a> die beste Plattform f\u00fcr Gro\u00df- und Einzelhandelsk\u00e4ufe, was zu einem reibungslosen und zufriedenstellenden Einkaufserlebnis f\u00fchrt.<\/p>\n<div style=\"width: 720px;\" class=\"wp-video\"><video class=\"wp-video-shortcode\" id=\"video-26552-2\" width=\"720\" height=\"1280\" preload=\"metadata\" controls=\"controls\"><source type=\"video\/mp4\" src=\"https:\/\/widevape.com\/wp-content\/uploads\/2025\/03\/Bang-Box-Vape-Rocket-18000\uff081\uff09.mp4?_=2\" \/><a href=\"https:\/\/widevape.com\/wp-content\/uploads\/2025\/03\/Bang-Box-Vape-Rocket-18000\uff081\uff09.mp4\">https:\/\/widevape.com\/wp-content\/uploads\/2025\/03\/Bang-Box-Vape-Rocket-18000\uff081\uff09.mp4<\/a><\/video><\/div>\n<p><img loading=\"lazy\" decoding=\"async\" class=\"alignnone wp-image-26564 size-full\" src=\"https:\/\/widevape.com\/wp-content\/uploads\/2025\/03\/Bang_Box_Vape_Rocket_18000-2.webp\" alt=\"Bang Box Vape Rocket 18000 Z\u00fcge LED-Anzeige Vielf\u00e4ltige Geschmacksrichtungen 0% 2% 3% 5% Nikotin Gro\u00dfhandel Einweg-Dampfer im Gro\u00dfverkauf\" width=\"1000\" height=\"1058\" srcset=\"https:\/\/widevape.com\/wp-content\/uploads\/2025\/03\/Bang_Box_Vape_Rocket_18000-2.webp 1000w, https:\/\/widevape.com\/wp-content\/uploads\/2025\/03\/Bang_Box_Vape_Rocket_18000-2-510x540.webp 510w, https:\/\/widevape.com\/wp-content\/uploads\/2025\/03\/Bang_Box_Vape_Rocket_18000-2-284x300.webp 284w, https:\/\/widevape.com\/wp-content\/uploads\/2025\/03\/Bang_Box_Vape_Rocket_18000-2-968x1024.webp 968w, https:\/\/widevape.com\/wp-content\/uploads\/2025\/03\/Bang_Box_Vape_Rocket_18000-2-768x813.webp 768w\" sizes=\"auto, (max-width: 1000px) 100vw, 1000px\" \/><\/p>\n","protected":false},"excerpt":{"rendered":"<p>En\u00a0<strong>Bang Box Vape Rocket 18000 trenes<\/strong>\u00a0es un innovador cigarrillo electr\u00f3nico desechable que impresiona por su durabilidad, versatilidad y amplia gama de sabores, y es ideal para aquellos que buscan una experiencia de vapeo fiable y satisfactoria.<\/p>","protected":false},"featured_media":26561,"comment_status":"open","ping_status":"closed","template":"","meta":[],"product_brand":[],"product_cat":[105,33,37,94,90,96],"product_tag":[],"class_list":{"0":"post-26552","1":"product","2":"type-product","3":"status-publish","4":"has-post-thumbnail","6":"product_cat-18000-zuege-einweg-e-zigaretten","7":"product_cat-bang-einweg-e-zigaretten","8":"product_cat-einweg-e-zigaretten","9":"product_cat-einweg-e-zigaretten-mit-niedriger-nikotinstaerke","10":"product_cat-grosse-einweg-e-zigaretten","11":"product_cat-wiederaufladbare-einweg-e-zigaretten","13":"first","14":"outofstock","15":"featured","16":"shipping-taxable","17":"product-type-variable"},"_links":{"self":[{"href":"https:\/\/widevape.com\/es\/wp-json\/wp\/v2\/product\/26552","targetHints":{"allow":["GET"]}}],"collection":[{"href":"https:\/\/widevape.com\/es\/wp-json\/wp\/v2\/product"}],"about":[{"href":"https:\/\/widevape.com\/es\/wp-json\/wp\/v2\/types\/product"}],"replies":[{"embeddable":true,"href":"https:\/\/widevape.com\/es\/wp-json\/wp\/v2\/comments?post=26552"}],"wp:featuredmedia":[{"embeddable":true,"href":"https:\/\/widevape.com\/es\/wp-json\/wp\/v2\/media\/26561"}],"wp:attachment":[{"href":"https:\/\/widevape.com\/es\/wp-json\/wp\/v2\/media?parent=26552"}],"wp:term":[{"taxonomy":"product_brand","embeddable":true,"href":"https:\/\/widevape.com\/es\/wp-json\/wp\/v2\/product_brand?post=26552"},{"taxonomy":"product_cat","embeddable":true,"href":"https:\/\/widevape.com\/es\/wp-json\/wp\/v2\/product_cat?post=26552"},{"taxonomy":"product_tag","embeddable":true,"href":"https:\/\/widevape.com\/es\/wp-json\/wp\/v2\/product_tag?post=26552"}],"curies":[{"name":"wp","href":"https:\/\/api.w.org\/{rel}","templated":true}]}}