{"id":26899,"date":"2025-03-03T09:30:46","date_gmt":"2025-03-03T08:30:46","guid":{"rendered":"https:\/\/widevape.com\/?post_type=product&#038;p=26899"},"modified":"2026-04-18T13:53:05","modified_gmt":"2026-04-18T11:53:05","slug":"26899","status":"publish","type":"product","link":"https:\/\/widevape.com\/es\/product\/26899\/","title":{"rendered":"ZGAR NEO 10000 Puffs M\u00faltiples Sabores 3% Nicotina Recargable Vape Desechable al por mayor"},"content":{"rendered":"<h2 class=\"mb-2 mt-6 text-lg font-[500] first:mt-3\">Einf\u00fchrung in <a href=\"https:\/\/widevape.com\/product-category\/zgar-einweg-e-zigaretten\/\">ZGAR<\/a> NEO 10000 Z\u00fcge Einweg-Vapes<\/h2>\n<p class=\"my-0\">Die\u00a0ZGAR NEO 10000 Z\u00fcge\u00a0Einweg-Vapes sind eine revolution\u00e4re Wahl f\u00fcr alle, die nach einem bequemen und vielseitigen Vaping-Erlebnis suchen. Mit einer beeindruckenden Kapazit\u00e4t von 10.000 Z\u00fcgen und einem Nikotin-Gehalt von 3% bietet dieses Ger\u00e4t eine erweiterte und befriedigende Erfahrung. Als gr\u00f6\u00dfte Online-Plattform f\u00fcr den Gro\u00dfhandel von Einweg-Vapes in den Niederlanden, Deutschland, Belgien und Spanien bietet WideVape die\u00a0ZGAR NEO 10000 Z\u00fcge\u00a0zu wettbewerbsf\u00e4higen Preisen an, damit Sie das Beste aus Ihrem Vaping-Erlebnis herausholen k\u00f6nnen.<\/p>\n<h2 class=\"mb-xs mt-5 text-base font-[525] first:mt-3\">Hauptmerkmale der ZGAR NEO <a href=\"https:\/\/widevape.com\/product-category\/einweg-e-zigaretten-nach-zuegen\/10000-zuege-einweg-e-zigaretten\/\">10000 Z\u00fcge<\/a><\/h2>\n<ul class=\"marker:text-textOff list-disc\">\n<li>\n<p class=\"my-0\">Modellnummer:\u00a0NEO 10000<\/p>\n<\/li>\n<li>\n<p class=\"my-0\">Marke:\u00a0ZGAR<\/p>\n<\/li>\n<li>\n<p class=\"my-0\">Herstellungsland:\u00a0Shenzhen, China<\/p>\n<\/li>\n<li>\n<p class=\"my-0\">Akkukapazit\u00e4t:\u00a0550mAh<\/p>\n<\/li>\n<li>\n<p class=\"my-0\">Nikotin-Gehalt:\u00a03%<\/p>\n<\/li>\n<li>\n<p class=\"my-0\">Z\u00fcge:\u00a010.000<\/p>\n<\/li>\n<li>\n<p class=\"my-0\">E-Liquid-Kapazit\u00e4t:\u00a016ml<\/p>\n<\/li>\n<li>\n<p class=\"my-0\">Ladef\u00e4higkeit:\u00a0Wiederaufladbar<\/p>\n<\/li>\n<\/ul>\n<h2 class=\"mb-xs mt-5 text-base font-[525] first:mt-3\">Vorteile von Einweg-Vapes<\/h2>\n<p class=\"my-0\">Einweg-Vapes wie die\u00a0ZGAR NEO 10000 Z\u00fcge\u00a0bieten mehrere Vorteile gegen\u00fcber herk\u00f6mmlichen Vaping-Setups:<\/p>\n<ul class=\"marker:text-textOff list-disc\">\n<li>\n<p class=\"my-0\">Bequemlichkeit:\u00a0Keine Sorge um das Nachf\u00fcllen von E-Liquids oder das Reinigen von Tanks.<\/p>\n<\/li>\n<li>\n<p class=\"my-0\">Portabilit\u00e4t:\u00a0Kompakt und leicht, ideal f\u00fcr unterwegs oder den t\u00e4glichen Gebrauch.<\/p>\n<\/li>\n<li>\n<p class=\"my-0\">Wenig Wartung:\u00a0Sobald das E-Liquid aufgebraucht ist, einfach das Ger\u00e4t entsorgen.<\/p>\n<\/li>\n<li>\n<p class=\"my-0\">Vielfalt an Geschmacksrichtungen:\u00a0Bietet eine breite Palette von Geschmacksrichtungen, um unterschiedliche Vorlieben zu erf\u00fcllen.<\/p>\n<\/li>\n<\/ul>\n<h2 class=\"mb-2 mt-6 text-lg font-[500] first:mt-3\">Geschmacksrichtungen der ZGAR NEO 10000 Z\u00fcge<\/h2>\n<p class=\"my-0\">Die\u00a0ZGAR NEO 10000 Z\u00fcge\u00a0sind in einer Vielzahl von Geschmacksrichtungen erh\u00e4ltlich, jede sorgf\u00e4ltig entwickelt, um ein einzigartiges Vaping-Erlebnis zu bieten:<\/p>\n<ol class=\"marker:text-textOff list-decimal\">\n<li>\n<p class=\"my-0\">Watermelon Bubble Gum:\u00a0Diese Geschmacksrichtung kombiniert die S\u00fc\u00dfe von Wassermelonen mit dem spielerischen Twist von Bubblegum, was zu einem erfrischenden und unterhaltsamen Erlebnis f\u00fchrt.<\/p>\n<\/li>\n<li>\n<p class=\"my-0\">Strawberry Kiwi:\u00a0Ein harmonischer Mix aus saftigen Erdbeeren und scharfem Kiwi, der eine Fruchtexplosion bietet, die Ihren Geschmackssinn erfreut.<\/p>\n<\/li>\n<li>\n<p class=\"my-0\">Pineapple Coconut:\u00a0Diese tropische Mischung transportiert Sie in ein Paradies aus Ananas und Kokosnuss, was ein unvergleichliches Vaping-Erlebnis bietet.<\/p>\n<\/li>\n<li>\n<p class=\"my-0\">Blackcurrant Grape:\u00a0Eine reiche und fruchtige Geschmacksrichtung, die die Tiefe von schwarzen Johannisbeeren mit der S\u00fc\u00dfe von Trauben kombiniert, was zu einem zufriedenstellenden Vaping-Erlebnis f\u00fchrt.<\/p>\n<\/li>\n<li>\n<p class=\"my-0\">Mixed Fruits:\u00a0Ein Konzert aus verschiedenen Fr\u00fcchten, das Ihre Sinne mit jedem Zug erfreut und Ihr Vaping-Erlebnis frisch und spannend h\u00e4lt.<\/p>\n<\/li>\n<li>\n<p class=\"my-0\">Menthol:\u00a0F\u00fcr diejenigen, die eine erfrischende und k\u00fchlende Vape bevorzugen, bietet diese pfefferminzige Geschmacksrichtung eine beruhigende Erfahrung, die zu jeder Tageszeit geeignet ist.<\/p>\n<\/li>\n<li>\n<p class=\"my-0\">Mango:\u00a0F\u00e4ngt die s\u00fc\u00dfe Essenz reifer Mangos ein, was ein tropisches und sinnliches Vaping-Erlebnis bietet.<\/p>\n<\/li>\n<li>\n<p class=\"my-0\">Gummy Bear:\u00a0Inspiriert von den klassischen S\u00fc\u00dfigkeiten, bringt diese Geschmacksrichtung einen spielerischen und s\u00fc\u00dfen Twist in Ihr Vaping-Routinen.<\/p>\n<\/li>\n<li>\n<p class=\"my-0\">Icy Lemon Bubble Milkshake:\u00a0Kombiniert die cremige Textur eines Milchshakes mit der prickelnden Aufregung von Limonade, was ein einzigartiges und erfrischendes Geschmackserlebnis schafft.<\/p>\n<\/li>\n<li>\n<p class=\"my-0\">Blueberry Sour Raspberry:\u00a0Eine k\u00f6stliche Kombination aus sauren Blaubeeren und s\u00fc\u00dfen Himbeeren, die Sie auf eine beerevolle Reise entf\u00fchrt.<\/p>\n<\/li>\n<\/ol>\n<h2 class=\"mb-2 mt-6 text-lg font-[500] first:mt-3\">Warum <a href=\"https:\/\/widevape.com\/\">WideVape<\/a> f\u00fcr Ihre Einweg-Vape-Bed\u00fcrfnisse w\u00e4hlen?<\/h2>\n<p class=\"my-0\">WideVape ist die f\u00fchrende Online-Plattform f\u00fcr den Gro\u00dfhandel von <a href=\"https:\/\/widevape.com\/\">Einweg-Vapes<\/a> in Europa, mit einer breiten Palette von Top-Marken und Modellen, darunter die\u00a0ZGAR NEO 10000 Z\u00fcge. Mit einem Fokus auf Qualit\u00e4t, Preiswettbewerbsf\u00e4higkeit und Kundenzufriedenheit stellt WideVape sicher, dass Sie die besten Produkte mit schneller und versicherter Lieferung in ganz Europa erhalten.<\/p>\n<h2 class=\"mb-xs mt-5 text-base font-[525] first:mt-3\">Zahlungsoptionen<\/h2>\n<p class=\"my-0\">WideVape bietet verschiedene Zahlungsoptionen, um unterschiedliche Regionen zu bedienen:<\/p>\n<ul class=\"marker:text-textOff list-disc\">\n<li>\n<p class=\"my-0\">PayPal und Kreditkarten:\u00a0Bequem f\u00fcr internationale Transaktionen.<\/p>\n<\/li>\n<li>\n<p class=\"my-0\">iDEAL:\u00a0Beliebt in den Niederlanden f\u00fcr sichere Online-Zahlungen.<\/p>\n<\/li>\n<li>\n<p class=\"my-0\">Bancontact:\u00a0Vorzugsweise in Belgien f\u00fcr einfache Transaktionen.<\/p>\n<\/li>\n<li>\n<p class=\"my-0\">SEPA-Bank\u00fcberweisungen:\u00a0Verf\u00fcgbar f\u00fcr Kunden in ganz Europa.<\/p>\n<\/li>\n<\/ul>\n<h2 class=\"mb-xs mt-5 text-base font-[525] first:mt-3\">Fazit<\/h2>\n<p class=\"my-0\">Die\u00a0ZGAR NEO 10000 Z\u00fcge\u00a0sind eine hervorragende Wahl f\u00fcr alle, die nach einem bequemen, hochwertigen Einweg-Vape mit einer breiten Palette von Geschmacksrichtungen suchen. Bei WideVape k\u00f6nnen Sie dieses Produkt im Gro\u00dfhandel zu wettbewerbsf\u00e4higen Preisen erwerben und von unseren zuverl\u00e4ssigen Versand- und Kundenservice profitieren. Besuchen Sie WideVape heute, um unsere umfangreiche Sammlung von <a href=\"https:\/\/widevape.com\/\">Einweg-Vapes<\/a> zu erkunden und von unseren Rabatten f\u00fcr Gro\u00dfbestellungen zu profitieren.<\/p>\n<p><img loading=\"lazy\" decoding=\"async\" class=\"alignnone wp-image-26917 size-full\" src=\"https:\/\/widevape.com\/wp-content\/uploads\/2025\/03\/ZGAR_NEO_10000-1.webp\" alt=\"ZGAR NEO 10000 Z\u00fcge Mehrere Geschmacksrichtungen 3% Nikotin Wiederaufladbarer Einweg-Vape Gro\u00dfhandel\" width=\"670\" height=\"936\" srcset=\"https:\/\/widevape.com\/wp-content\/uploads\/2025\/03\/ZGAR_NEO_10000-1.webp 670w, https:\/\/widevape.com\/wp-content\/uploads\/2025\/03\/ZGAR_NEO_10000-1-510x712.webp 510w, https:\/\/widevape.com\/wp-content\/uploads\/2025\/03\/ZGAR_NEO_10000-1-215x300.webp 215w\" sizes=\"auto, (max-width: 670px) 100vw, 670px\" \/> <img loading=\"lazy\" decoding=\"async\" class=\"alignnone wp-image-26915 size-full\" src=\"https:\/\/widevape.com\/wp-content\/uploads\/2025\/03\/ZGAR_NEO_100001.webp\" alt=\"ZGAR NEO 10000 Z\u00fcge Mehrere Geschmacksrichtungen 3% Nikotin Wiederaufladbarer Einweg-Vape Gro\u00dfhandel\" width=\"1000\" height=\"1000\" srcset=\"https:\/\/widevape.com\/wp-content\/uploads\/2025\/03\/ZGAR_NEO_100001.webp 1000w, https:\/\/widevape.com\/wp-content\/uploads\/2025\/03\/ZGAR_NEO_100001-247x247.webp 247w, https:\/\/widevape.com\/wp-content\/uploads\/2025\/03\/ZGAR_NEO_100001-100x100.webp 100w, https:\/\/widevape.com\/wp-content\/uploads\/2025\/03\/ZGAR_NEO_100001-510x510.webp 510w, https:\/\/widevape.com\/wp-content\/uploads\/2025\/03\/ZGAR_NEO_100001-300x300.webp 300w, https:\/\/widevape.com\/wp-content\/uploads\/2025\/03\/ZGAR_NEO_100001-150x150.webp 150w, https:\/\/widevape.com\/wp-content\/uploads\/2025\/03\/ZGAR_NEO_100001-768x768.webp 768w\" sizes=\"auto, (max-width: 1000px) 100vw, 1000px\" \/><\/p>\n","protected":false},"excerpt":{"rendered":"<table>\n<thead>\n<tr>\n<th><strong>Caracter\u00edstica<\/strong><\/th>\n<th><strong>Descripci\u00f3n<\/strong><\/th>\n<\/tr>\n<\/thead>\n<tbody>\n<tr>\n<td><strong>N\u00famero de modelo<\/strong><\/td>\n<td>NEO 10000<\/td>\n<\/tr>\n<tr>\n<td><strong>Marca<\/strong><\/td>\n<td>ZGAR<\/td>\n<\/tr>\n<tr>\n<td><strong>Pa\u00eds de fabricaci\u00f3n<\/strong><\/td>\n<td>Shenzhen, China<\/td>\n<\/tr>\n<tr>\n<td><strong>Capacidad de la bater\u00eda<\/strong><\/td>\n<td>550 mAh<\/td>\n<\/tr>\n<tr>\n<td><strong>Contenido de nicotina<\/strong><\/td>\n<td>3%<\/td>\n<\/tr>\n<tr>\n<td><strong>Trenes<\/strong><\/td>\n<td>10.000<\/td>\n<\/tr>\n<tr>\n<td><strong>Capacidad de e-l\u00edquido<\/strong><\/td>\n<td>16 ml<\/td>\n<\/tr>\n<tr>\n<td><strong>Capacidad de carga<\/strong><\/td>\n<td>Recargable<\/td>\n<\/tr>\n<\/tbody>\n<\/table>","protected":false},"featured_media":26916,"comment_status":"open","ping_status":"closed","template":"","meta":[],"product_brand":[],"product_cat":[99,37,96,72],"product_tag":[],"class_list":{"0":"post-26899","1":"product","2":"type-product","3":"status-publish","4":"has-post-thumbnail","6":"product_cat-10000-zuege-einweg-e-zigaretten","7":"product_cat-einweg-e-zigaretten","8":"product_cat-wiederaufladbare-einweg-e-zigaretten","9":"product_cat-zgar-einweg-e-zigaretten","11":"first","12":"instock","13":"shipping-taxable","14":"purchasable","15":"product-type-variable","16":"has-default-attributes"},"_links":{"self":[{"href":"https:\/\/widevape.com\/es\/wp-json\/wp\/v2\/product\/26899","targetHints":{"allow":["GET"]}}],"collection":[{"href":"https:\/\/widevape.com\/es\/wp-json\/wp\/v2\/product"}],"about":[{"href":"https:\/\/widevape.com\/es\/wp-json\/wp\/v2\/types\/product"}],"replies":[{"embeddable":true,"href":"https:\/\/widevape.com\/es\/wp-json\/wp\/v2\/comments?post=26899"}],"wp:featuredmedia":[{"embeddable":true,"href":"https:\/\/widevape.com\/es\/wp-json\/wp\/v2\/media\/26916"}],"wp:attachment":[{"href":"https:\/\/widevape.com\/es\/wp-json\/wp\/v2\/media?parent=26899"}],"wp:term":[{"taxonomy":"product_brand","embeddable":true,"href":"https:\/\/widevape.com\/es\/wp-json\/wp\/v2\/product_brand?post=26899"},{"taxonomy":"product_cat","embeddable":true,"href":"https:\/\/widevape.com\/es\/wp-json\/wp\/v2\/product_cat?post=26899"},{"taxonomy":"product_tag","embeddable":true,"href":"https:\/\/widevape.com\/es\/wp-json\/wp\/v2\/product_tag?post=26899"}],"curies":[{"name":"wp","href":"https:\/\/api.w.org\/{rel}","templated":true}]}}