{"id":27315,"date":"2025-03-04T02:47:04","date_gmt":"2025-03-04T01:47:04","guid":{"rendered":"https:\/\/widevape.com\/?post_type=product&#038;p=27315"},"modified":"2025-10-22T05:32:24","modified_gmt":"2025-10-22T03:32:24","slug":"bang-king-smartscreen-15000-zuege-smart-screen-0-2-3-5-nicotina-recargable-e-cigarrillo-desechable-al-por-mayor","status":"publish","type":"product","link":"https:\/\/widevape.com\/es\/product\/bang-king-smartscreen-15000-zuege-smart-screen-0-2-3-5-nikotin-wiederaufladbare-einweg-e-zigarette-grosshandel\/","title":{"rendered":"Bang King Smartscreen 15000 caladas | Pantalla inteligente | 0%, 2%, 3%, 5% nicotina | Cigarrillo electr\u00f3nico desechable recargable al por mayor"},"content":{"rendered":"<div style=\"width: 1020px;\" class=\"wp-video\"><video class=\"wp-video-shortcode\" id=\"video-27315-1\" width=\"1020\" height=\"765\" preload=\"metadata\" controls=\"controls\"><source type=\"video\/mp4\" src=\"https:\/\/widevape.com\/wp-content\/uploads\/2025\/03\/Bang-King-smartscreen-15000.mp4?_=1\" \/><a href=\"https:\/\/widevape.com\/wp-content\/uploads\/2025\/03\/Bang-King-smartscreen-15000.mp4\">https:\/\/widevape.com\/wp-content\/uploads\/2025\/03\/Bang-King-smartscreen-15000.mp4<\/a><\/video><\/div>\n<h2 class=\"mb-2 mt-6 text-lg font-[500] first:mt-3\">Einf\u00fchrung in den <a href=\"https:\/\/widevape.com\/product-category\/bang-einweg-e-zigaretten\/\">Bang<\/a> King Smartscreen 15000 Z\u00fcge<\/h2>\n<p class=\"my-0\">Der\u00a0<strong>Bang King Smartscreen 15000 Z\u00fcge<\/strong>\u00a0ist eine bahnbrechende Einweg-E-Zigarette, die innovative Technologie mit einem stilvollen Design kombiniert, um den Nutzern ein unvergleichliches Erlebnis zu bieten. Dieses Ger\u00e4t ist Teil einer umfassenden Palette von Einweg-E-Zigaretten, die auf\u00a0<strong>widevape.com<\/strong>\u00a0im Gro\u00dfhandel erh\u00e4ltlich sind. Widevape ist die gr\u00f6\u00dfte Online-Plattform f\u00fcr den Gro\u00dfhandel von Einweg-E-Zigaretten in Europa, mit einem Fokus auf Deutschland, die Niederlande, Belgien und Spanien. Unsere Plattform bietet f\u00fchrende Marken wie Bang Box, Vapsolo und viele mehr, mit schneller und versicherter Lieferung in die gesamte EU.<\/p>\n<h2 class=\"mb-2 mt-6 text-lg font-[500] first:mt-3\">Hauptmerkmale des Bang King Smartscreen <a href=\"https:\/\/widevape.com\/product-category\/einweg-e-zigaretten-nach-zuegen\/15000-zuege-einweg-e-zigaretten\/\">15000 Z\u00fcge<\/a><\/h2>\n<p class=\"my-0\">Der\u00a0<strong>Bang King Smartscreen 15000 Z\u00fcge<\/strong>\u00a0zeichnet sich durch beeindruckende Merkmale aus, die ihn zu einem Favoriten unter Vape-Enthusiasten machen:<\/p>\n<ul class=\"marker:text-textOff list-disc\">\n<li>\n<p class=\"my-0\"><strong>E-Liquid-Kapazit\u00e4t<\/strong>: Mit einer gro\u00dfz\u00fcgigen Kapazit\u00e4t von 25 ml E-Liquid, die eine lange Nutzung ohne h\u00e4ufiges Nachf\u00fcllen erm\u00f6glicht.<\/p>\n<\/li>\n<li>\n<p class=\"my-0\"><strong>Nikotinkonzentrationsoptionen<\/strong>: Bietet eine Vielzahl von Nikotinkonzentrationsstufen an: 0%, 2%, 3% und 5%, um unterschiedliche Nutzerpr\u00e4ferenzen zu erf\u00fcllen.<\/p>\n<\/li>\n<li>\n<p class=\"my-0\"><strong>Batterielebensdauer<\/strong>: Ausgestattet mit einer wiederaufladbaren 650mAh-Batterie und einem Type-C-Anschluss, was f\u00fcr Effizienz und Bequemlichkeit sorgt.<\/p>\n<\/li>\n<li>\n<p class=\"my-0\"><strong>Zuganzahl<\/strong>: Liefert bis zu 15.000 Z\u00fcge, was es zu einer langanhaltenden Option f\u00fcr h\u00e4ufige Nutzer macht.<\/p>\n<\/li>\n<li>\n<p class=\"my-0\"><strong>Heizelement<\/strong>: Verf\u00fcgt \u00fcber einen 1,0\u03a9-Mesh-Kern, der die Verdampfung optimiert und ein reines und befriedigendes Vape-Erlebnis bietet.<\/p>\n<\/li>\n<li>\n<p class=\"my-0\"><strong>Smart-Display<\/strong>: Enth\u00e4lt ein Smart-Display, das den E-Liquid- und Batteriestatus in Echtzeit anzeigt, um die Nutzer informiert und im Kommando zu halten.<\/p>\n<\/li>\n<\/ul>\n<h2 class=\"mb-2 mt-6 text-lg font-[500] first:mt-3\"><strong>Geschmacksauswahl<\/strong><\/h2>\n<p class=\"my-0\">Der Bang King Smartscreen bietet eine beeindruckende Auswahl an Aromen, die jeden Gaumen ansprechen. Jeder Geschmack wurde sorgf\u00e4ltig kreiert, um ein einzigartiges und befriedigendes Erlebnis zu bieten:<\/p>\n<ul class=\"marker:text-textOff list-disc\">\n<li>\n<p class=\"my-0\"><strong>Blue Freeze:<\/strong>\u00a0Eine erfrischende Mischung aus Blaubeeren und Minze, die Ihre Sinne bei jedem Zug belebt.<\/p>\n<\/li>\n<li>\n<p class=\"my-0\"><strong>Berry Blast:<\/strong>\u00a0Ein s\u00fc\u00dfes und w\u00fcrziges Medley gemischter Beeren f\u00fcr Fruchtliebhaber.<\/p>\n<\/li>\n<li>\n<p class=\"my-0\"><strong>Blue Cherry Lemon:<\/strong>\u00a0Eine einzigartige Fusion aus Blaubeeren, Kirschen und zitroniger Frische f\u00fcr ein k\u00fchnes Geschmacksabenteuer.<\/p>\n<\/li>\n<li>\n<p class=\"my-0\"><strong>Peach Freeze:<\/strong>\u00a0Saftige Pfirsiche gepaart mit einem k\u00fchlen Minz-Finish &#8211; perfekt ausbalanciert.<\/p>\n<\/li>\n<li>\n<p class=\"my-0\"><strong>Grape Freeze:<\/strong>\u00a0Reichhaltiger Traubengeschmack, verst\u00e4rkt durch eine frische Minznote.<\/p>\n<\/li>\n<li>\n<p class=\"my-0\"><strong>Peach Berry:<\/strong>\u00a0Eine harmonische Mischung aus reifen Pfirsichen und verschiedenen Beeren.<\/p>\n<\/li>\n<li>\n<p class=\"my-0\"><strong>Sour Apple Razberry :<\/strong>\u00a0Eine k\u00f6stliche Kollision von sauren gr\u00fcnen \u00c4pfeln und s\u00fc\u00dfen Himbeeren.<\/p>\n<\/li>\n<li>\n<p class=\"my-0\"><strong>Triple Fruit:<\/strong>\u00a0Ein tropisches Trio exotischer Fr\u00fcchte, das Schichten von Komplexit\u00e4t bietet.<\/p>\n<\/li>\n<li>\n<p class=\"my-0\"><strong>Lush Ice:<\/strong>\u00a0Wassermelone trifft auf eisige Minze f\u00fcr ein erfrischendes Sommer-Feeling.<\/p>\n<\/li>\n<li>\n<p class=\"my-0\"><strong>Strawberry Watermelon:<\/strong>\u00a0Die klassische Kombination von Erdbeeren und Wassermelone weckt pure Nostalgie.<\/p>\n<\/li>\n<li>\n<p class=\"my-0\"><strong>Cool Mint :<\/strong>\u00a0Frischer, reiner Minzgeschmack, der Ihren Gaumen erfrischt.<\/p>\n<\/li>\n<li>\n<p class=\"my-0\"><strong>Strawberry Lychee:<\/strong>\u00a0S\u00fc\u00dfe Erdbeeren erg\u00e4nzt durch die exotische Essenz von Litschi.<\/p>\n<\/li>\n<\/ul>\n<h2 class=\"mb-2 mt-6 text-lg font-[500] first:mt-3\">Kauf von Einweg-E-Zigaretten bei <a href=\"https:\/\/widevape.com\/\">Widevape<\/a><\/h2>\n<p class=\"my-0\">F\u00fcr diejenigen, die den\u00a0<strong>Bang King Smartscreen 15000 Z\u00fcge<\/strong>\u00a0oder andere hochwertige Einweg-E-Zigaretten im Gro\u00dfhandel erwerben m\u00f6chten, bietet\u00a0<strong>widevape.com<\/strong>\u00a0ein unvergleichliches Erlebnis. Als f\u00fchrende Online-Plattform f\u00fcr den Gro\u00dfhandel von Einweg-E-Zigaretten in Europa bietet Widevape:<\/p>\n<ul class=\"marker:text-textOff list-disc\">\n<li>\n<p class=\"my-0\"><strong>Gro\u00dfhandelsrabatte<\/strong>: Genie\u00dfen Sie erhebliche Ersparnisse bei Gro\u00dfbestellungen von Top-Marken wie Bang Box und Vapsolo.<\/p>\n<\/li>\n<li>\n<p class=\"my-0\"><strong>Schnelle Lieferung<\/strong>: Schnelle und versicherte Lieferung in die gesamte EU stellt sicher, dass Ihre Produkte schnell und sicher ankommen.<\/p>\n<\/li>\n<li>\n<p class=\"my-0\"><strong>Zahlungsoptionen<\/strong>: Widevape akzeptiert eine Vielzahl von Zahlungsmethoden, darunter PayPal, Kreditkarten, iDEAL f\u00fcr die Niederlande, Bancontact f\u00fcr Belgien und SEPA-Bank\u00fcberweisungen f\u00fcr andere europ\u00e4ische L\u00e4nder.<\/p>\n<\/li>\n<\/ul>\n<p class=\"my-0\">Ob Sie ein H\u00e4ndler sind, der sich auf beliebte Einweg-E-Zigaretten eindecken m\u00f6chte, oder ein Verbraucher, der nach den besten Angeboten sucht,\u00a0<strong>widevape.com<\/strong>\u00a0ist Ihre erste Adresse f\u00fcr alle Vape-Bed\u00fcrfnisse. Mit einem Fokus auf Qualit\u00e4t, Zuverl\u00e4ssigkeit und Kundenzufriedenheit ist Widevape bestens ger\u00fcstet, um die wachsende Nachfrage nach Einweg-E-Zigaretten in Europa zu decken.<\/p>\n<h2 class=\"mb-2 mt-6 text-lg font-[500] first:mt-3\">Fazit<\/h2>\n<p class=\"my-0\">Der\u00a0<strong>Bang King Smartscreen 15000 Z\u00fcge<\/strong>\u00a0repr\u00e4sentiert den H\u00f6hepunkt der Innovation bei Einweg-E-Zigaretten, indem er den Nutzern ein raffiniertes Vape-Erlebnis mit seinem Smart-Display und der langen Batterielebensdauer bietet. Kombiniert mit der Bequemlichkeit und Zuverl\u00e4ssigkeit des Kaufs bei\u00a0<a href=\"https:\/\/widevape.com\/\"><strong>widevape.com<\/strong><\/a>, ist dieses Produkt ein Muss f\u00fcr jeden, der sein Vape-Erlebnis auf ein neues Level heben m\u00f6chte. Ob Sie ein erfahrener Vaper sind oder gerade erst beginnen, der\u00a0<strong>Bang King Smartscreen 15000 Z\u00fcge<\/strong>\u00a0wird sicherlich beeindrucken mit seinen beeindruckenden Merkmalen und vielf\u00e4ltigen Geschmacksrichtungen.<\/p>\n<p><img loading=\"lazy\" decoding=\"async\" class=\"alignnone wp-image-27218 size-full\" src=\"https:\/\/widevape.com\/wp-content\/uploads\/2025\/03\/Bang_King_smartscreen_15000-8.webp\" alt=\"Bang King Smartscreen 15000 Z\u00fcge | Smart Screen | 0%, 2%, 3%, 5% Nikotin | Wiederaufladbare Einweg-E-Zigarette Gro\u00dfhandel\" width=\"2560\" height=\"1200\" srcset=\"https:\/\/widevape.com\/wp-content\/uploads\/2025\/03\/Bang_King_smartscreen_15000-8.webp 2560w, https:\/\/widevape.com\/wp-content\/uploads\/2025\/03\/Bang_King_smartscreen_15000-8-510x239.webp 510w, https:\/\/widevape.com\/wp-content\/uploads\/2025\/03\/Bang_King_smartscreen_15000-8-300x141.webp 300w, https:\/\/widevape.com\/wp-content\/uploads\/2025\/03\/Bang_King_smartscreen_15000-8-1024x480.webp 1024w, https:\/\/widevape.com\/wp-content\/uploads\/2025\/03\/Bang_King_smartscreen_15000-8-768x360.webp 768w, https:\/\/widevape.com\/wp-content\/uploads\/2025\/03\/Bang_King_smartscreen_15000-8-1536x720.webp 1536w, https:\/\/widevape.com\/wp-content\/uploads\/2025\/03\/Bang_King_smartscreen_15000-8-2048x960.webp 2048w\" sizes=\"auto, (max-width: 2560px) 100vw, 2560px\" \/><\/p>\n","protected":false},"excerpt":{"rendered":"<p>En\u00a0<strong>Trenes Bang King Smartscreen 15000<\/strong>\u00a0ist eine innovative Einweg-E-Zigarette, die mit einem Smart-Display, einer wiederaufladbaren Batterie und bis zu 15.000 Z\u00fcgen \u00fcberzeugt, und auf\u00a0<strong>widevape.com<\/strong>\u00a0est\u00e1 disponible al por mayor.<\/p>","protected":false},"featured_media":27217,"comment_status":"open","ping_status":"closed","template":"","meta":[],"product_brand":[],"product_cat":[103,33,37,94,96],"product_tag":[],"class_list":{"0":"post-27315","1":"product","2":"type-product","3":"status-publish","4":"has-post-thumbnail","6":"product_cat-15000-zuege-einweg-e-zigaretten","7":"product_cat-bang-einweg-e-zigaretten","8":"product_cat-einweg-e-zigaretten","9":"product_cat-einweg-e-zigaretten-mit-niedriger-nikotinstaerke","10":"product_cat-wiederaufladbare-einweg-e-zigaretten","12":"first","13":"outofstock","14":"shipping-taxable","15":"product-type-variable"},"_links":{"self":[{"href":"https:\/\/widevape.com\/es\/wp-json\/wp\/v2\/product\/27315","targetHints":{"allow":["GET"]}}],"collection":[{"href":"https:\/\/widevape.com\/es\/wp-json\/wp\/v2\/product"}],"about":[{"href":"https:\/\/widevape.com\/es\/wp-json\/wp\/v2\/types\/product"}],"replies":[{"embeddable":true,"href":"https:\/\/widevape.com\/es\/wp-json\/wp\/v2\/comments?post=27315"}],"wp:featuredmedia":[{"embeddable":true,"href":"https:\/\/widevape.com\/es\/wp-json\/wp\/v2\/media\/27217"}],"wp:attachment":[{"href":"https:\/\/widevape.com\/es\/wp-json\/wp\/v2\/media?parent=27315"}],"wp:term":[{"taxonomy":"product_brand","embeddable":true,"href":"https:\/\/widevape.com\/es\/wp-json\/wp\/v2\/product_brand?post=27315"},{"taxonomy":"product_cat","embeddable":true,"href":"https:\/\/widevape.com\/es\/wp-json\/wp\/v2\/product_cat?post=27315"},{"taxonomy":"product_tag","embeddable":true,"href":"https:\/\/widevape.com\/es\/wp-json\/wp\/v2\/product_tag?post=27315"}],"curies":[{"name":"wp","href":"https:\/\/api.w.org\/{rel}","templated":true}]}}