{"id":29034,"date":"2026-01-15T09:10:15","date_gmt":"2026-01-15T08:10:15","guid":{"rendered":"https:\/\/widevape.com\/?post_type=product&#038;p=29034"},"modified":"2026-04-18T13:56:01","modified_gmt":"2026-04-18T11:56:01","slug":"fihp-90000-caladas-3en1-cigarrillo-electronico-desechable-3-sabores-conmutable-pantalla-led-bobina-de-malla","status":"publish","type":"product","link":"https:\/\/widevape.com\/es\/product\/fihp-90000-puffs-3in1-einweg-e-zigarette-3-geschmaecker-umschaltbar-led-display-mesh-coil\/","title":{"rendered":"FIHP 90000 Puffs 3 en 1 Cigarrillo electr\u00f3nico desechable - 3 sabores conmutables, pantalla LED y bobina de malla"},"content":{"rendered":"<article style=\"font-family: Arial, sans-serif; line-height: 1.6; color: #333; max-width: 100%; margin: 0 auto;\">\n<h2 style=\"color: #2c3e50; text-align: center; font-size: 2.2rem; margin-bottom: 20px;\"><a href=\"https:\/\/widevape.com\/es\/categoria-de-productos\/fihp-cigarrillos-electronicos-desechables\/\">FIHP<\/a> 90000 Puffs 3in1 <a href=\"https:\/\/widevape.com\/es\/\">El incre\u00edble gigante del vapeo<\/a>!<\/h2>\n<p style=\"font-size: 1.1rem; text-align: center; margin-bottom: 30px;\">Imagina que tienes un cigarrillo electr\u00f3nico que casi nunca se agota. El FIHP 90000 Puffs 3 en 1 es como una peque\u00f1a caja m\u00e1gica. \u00bfPor qu\u00e9? Porque no solo tiene un sabor, sino que tiene varios <strong>tres sabores diferentes<\/strong> en un solo dispositivo escondido! Con incre\u00edbles 90.000 tiradas, es la mejor amiga para todos los que quieren divertirse durante mucho tiempo. En <strong>WideVape<\/strong>, De tu mayorista en Europa, obtienes esta maravilla al mejor precio.<\/p>\n<p><!-- Product Comparison Cards --><\/p>\n<div style=\"display: flex; gap: 20px; justify-content: center; flex-wrap: wrap; margin-bottom: 40px;\">\n<p><!-- Old Card --><\/p>\n<div style=\"flex: 1; min-width: 280px; border: 2px solid #e0e0e0; border-radius: 15px; padding: 20px; background-color: #f9f9f9; box-shadow: 0 4px 6px rgba(0,0,0,0.05);\">\n<h3 style=\"color: #7f8c8d; text-align: center; margin-top: 0;\">Viejos dispositivos aburridos<\/h3>\n<ul style=\"list-style: none; padding: 0;\">\n<li style=\"margin-bottom: 10px;\">\u274c Un solo sabor<\/li>\n<li style=\"margin-bottom: 10px;\">R\u00e1pidamente vac\u00edo y basura<\/li>\n<li style=\"margin-bottom: 10px;\">Nunca se sabe cu\u00e1n llena est\u00e1<\/li>\n<li style=\"margin-bottom: 10px;\">Tecnolog\u00eda antigua de ayer<\/li>\n<\/ul>\n<\/div>\n<p><!-- New Card --><\/p>\n<div style=\"flex: 1; min-width: 280px; border: 2px solid #27ae60; border-radius: 15px; padding: 20px; background-color: #e8f8f5; box-shadow: 0 4px 10px rgba(39, 174, 96, 0.2);\">\n<h3 style=\"color: #27ae60; text-align: center; margin-top: 0;\">FIHP 90000 Puffs 3in1<\/h3>\n<ul style=\"list-style: none; padding: 0;\">\n<li style=\"margin-bottom: 10px;\">\u2705 <strong>3 sabores<\/strong> \u00a1para cambiar!<\/li>\n<li style=\"margin-bottom: 10px;\">\u2705 Dura para siempre: 90.000 trenes<\/li>\n<li style=\"margin-bottom: 10px;\">\u2705 La pantalla inteligente muestra todo<\/li>\n<li style=\"margin-bottom: 10px;\">\u2705 Enorme tanque de 42ml<\/li>\n<\/ul>\n<\/div>\n<\/div>\n<h2 style=\"color: #e67e22; border-bottom: 3px solid #e67e22; padding-bottom: 10px; margin-top: 40px;\">Por qu\u00e9 este dispositivo es tan especial FIHP 90000 Puffs 3en1<\/h2>\n<h3 style=\"color: #d35400; margin-top: 25px;\">Doble diversi\u00f3n con s\u00f3lo pulsar un bot\u00f3n<\/h3>\n<p>Lo m\u00e1s genial de este dispositivo es el interruptor m\u00e1gico. \u00bfTe has aburrido de un sabor? \u00a1Clic! Simplemente c\u00e1mbialo y ya sabr\u00e1s algo completamente nuevo. Es como si tuvieras tres vaporizadores diferentes en el bolsillo, pero solo necesitas llevar uno.<\/p>\n<h3 style=\"color: #2980b9; margin-top: 25px;\">Un tanque tan grande como un oc\u00e9ano<\/h3>\n<p>Los vaporizadores normales se vac\u00edan r\u00e1pidamente. Pero el FIHP 90000 tiene un tanque enorme con un contenido de 42 ml. Esto significa que puedes vapear, vapear y vapear de nuevo sin preocuparte. Perfecto para todos los que est\u00e1n mucho en movimiento.<\/p>\n<h3 style=\"color: #8e44ad; margin-top: 25px;\">Un pantalla que piensa consigo misma \ud83d\udcf1<\/h3>\n<p>\u00a1Adi\u00f3s a las sorpresas! Una pantalla LED brillante te muestra exactamente cu\u00e1nto jugo queda en la bater\u00eda de 650mAh y cu\u00e1nto l\u00edquido a\u00fan tienes. Y cuando la bater\u00eda se agote, simplemente carga con un cable Type-C - \u00a1eso es rapid\u00edsimo!<\/p>\n<h3 style=\"color: #27ae60; margin-top: 25px;\">Super vapor suave \u2601\ufe0f<\/h3>\n<p>En el interior funciona una peque\u00f1a \u201eMesh Coil\u201c (que es como una red diminuta), que calienta el l\u00edquido de manera muy uniforme. \u00bfEl resultado? Cada nube es s\u00faper suave, enormemente grande y sabe fant\u00e1stico.<\/p>\n<p><!-- Knowledge Box \/ Analysis Table --><\/p>\n<div style=\"background-color: #f0f4f8; border-left: 5px solid #3498db; padding: 20px; margin: 40px 0; border-radius: 5px;\">\n<h3 style=\"color: #2c3e50; margin-top: 0;\">\ud83d\udd0d Datos t\u00e9cnicos de un vistazo<\/h3>\n<table style=\"width: 100%; border-collapse: collapse; margin-top: 15px; background: white;\">\n<tbody>\n<tr style=\"background-color: #ecf0f1;\">\n<td style=\"padding: 12px; border: 1px solid #bdc3c7; font-weight: bold;\">Propiedad<\/td>\n<td style=\"padding: 12px; border: 1px solid #bdc3c7; font-weight: bold;\">FIHP 90000 Puffs 3in1 Detalles<\/td>\n<\/tr>\n<tr>\n<td style=\"padding: 12px; border: 1px solid #bdc3c7;\">N\u00famero de tiradas (Puffs)<\/td>\n<td style=\"padding: 12px; border: 1px solid #bdc3c7;\">Hasta 90.000<\/td>\n<\/tr>\n<tr>\n<td style=\"padding: 12px; border: 1px solid #bdc3c7;\">Sistema de gusto<\/td>\n<td style=\"padding: 12px; border: 1px solid #bdc3c7;\">Sistema de conmutaci\u00f3n 3 en 1<\/td>\n<\/tr>\n<tr>\n<td style=\"padding: 12px; border: 1px solid #bdc3c7;\">Tama\u00f1o del tanque<\/td>\n<td style=\"padding: 12px; border: 1px solid #bdc3c7;\">42ml (\u00a1Gigantesco!)<\/td>\n<\/tr>\n<tr>\n<td style=\"padding: 12px; border: 1px solid #bdc3c7;\">Heizelement<\/td>\n<td style=\"padding: 12px; border: 1px solid #bdc3c7;\">Bobina de malla 0,9 ohmios<\/td>\n<\/tr>\n<tr>\n<td style=\"padding: 12px; border: 1px solid #bdc3c7;\">Bater\u00eda<\/td>\n<td style=\"padding: 12px; border: 1px solid #bdc3c7;\">650mAh (Recargable)<\/td>\n<\/tr>\n<tr>\n<td style=\"padding: 12px; border: 1px solid #bdc3c7;\">Mostrar<\/td>\n<td style=\"padding: 12px; border: 1px solid #bdc3c7;\">Pantalla digital LED<\/td>\n<\/tr>\n<\/tbody>\n<\/table>\n<\/div>\n<h2 style=\"color: #c0392b; margin-top: 40px;\">Las 10 deliciosas combinaciones de sabores<\/h2>\n<p>Cada dispositivo contiene 3 variedades diferentes. Aqu\u00ed est\u00e1 la lista de lo que se corresponde:<\/p>\n<div style=\"background-color: #fff8e1; padding: 20px; border-radius: 10px; border: 1px solid #f1c40f;\">\n<p style=\"margin-bottom: 10px;\"><strong>1.<\/strong> Fizzy Cherry &amp; Lady Killer &amp; Gummy Bear (cereza, mezcla de bayas y ositos de goma)<\/p>\n<p style=\"margin-bottom: 10px;\"><strong>2.<\/strong> Ar\u00e1ndano Frambuesa &amp; Love 666 &amp; Durazno Hielo (Ar\u00e1ndano-Frambuesa, Mezcla de Frutas &amp; Hielo de Durazno)<\/p>\n<p style=\"margin-bottom: 10px;\"><strong>3.<\/strong> Frambuesa Sand\u00eda &amp; Bayas Mixtas &amp; Mango Melocot\u00f3n<\/p>\n<p style=\"margin-bottom: 10px;\"><strong>4.<\/strong> Blue Razz Limonada y Fresa Frambuesa y Dulces Arco\u00edris<\/p>\n<p style=\"margin-bottom: 10px;\"><strong>5.<\/strong> Sand\u00eda Chicle &amp; Hielo de Uva &amp; Hielo de Fruta Drag\u00f3n Negra (Wassermelonen-Kaugummi, Traube Eis &amp; Drachenfrucht Eis) \n\n correction \nSand\u00eda Chicle &amp; Hielo de Uva &amp; Hielo de Fruta de Drag\u00f3n Negro<\/p>\n<p style=\"margin-bottom: 10px;\"><strong>6.<\/strong> Pi\u00f1a Coco &amp; Frutas Mixtas &amp; Lim\u00f3n Melocot\u00f3n (Ananas-Kokos, Fruchtmischung &amp; Zitrone Pfirsich) \n\n becomes \n\nPi\u00f1a Coco &amp; Frutas Mixtas &amp; Lim\u00f3n Durazno<\/p>\n<p style=\"margin-bottom: 10px;\"><strong>7.<\/strong> Doble Manzana &amp; Fresa Pl\u00e1tano &amp; Frambuesa Sand\u00eda (Doppel-Apfel, Erdbeer-Banane &amp; Himbeer-Wassermelone)<\/p>\n<p style=\"margin-bottom: 10px;\"><strong>8.<\/strong> Sand\u00eda Hielo &amp; Red Bull &amp; Fresa Kiwi (Wassermelone Eis, Energy Drink &amp; Erdbeer-Kiwi) \n\nbecomes \n\n Sand\u00eda Hielo &amp; Red Bull &amp; Fresa Kiwi<\/p>\n<p style=\"margin-bottom: 10px;\"><strong>9.<\/strong> Blueberry Hielo &amp; Fresa Sand\u00eda &amp; Lim\u00f3n Lima<\/p>\n<p style=\"margin-bottom: 0;\"><strong>10.<\/strong> Hielo de Mel\u00f3n Triple y Frambuesa y Durazno (Peach Berry &amp; Triple Melon &amp; Watermelon Ice) \n\n becomes \n\nHielo de durazno-fresa, mezcla de melones y sand\u00eda<\/p>\n<\/div>\n<h2 style=\"color: #2c3e50; margin-top: 40px;\">Preguntas frecuentes (FAQ)<\/h2>\n<div style=\"margin-bottom: 20px;\">\n<h3 style=\"font-size: 1.2rem; color: #e67e22; margin-bottom: 5px;\">\u2753 \u00bfC\u00f3mo cambio el sabor?<\/h3>\n<p style=\"margin-top: 0;\">\u00a1Muy f\u00e1cil! En el dispositivo hay un peque\u00f1o interruptor o mecanismo giratorio. Simplemente mu\u00e9velo, y ya se activar\u00e1 el siguiente tanque. As\u00ed tendr\u00e1s inmediatamente un nuevo sabor en la boca.<\/p>\n<\/div>\n<div style=\"margin-bottom: 20px;\">\n<h3 style=\"font-size: 1.2rem; color: #e67e22; margin-bottom: 5px;\">\u2753 \u00bfQu\u00e9 muestra la pantalla?<\/h3>\n<p style=\"margin-top: 0;\">La pantalla es tu mejor amigo. Te muestra dos cosas: Cu\u00e1n lleno est\u00e1 todav\u00eda tu bater\u00eda (para que sepas cu\u00e1ndo debes cargar) y cu\u00e1nto l\u00edquido queda en el tanque.<\/p>\n<\/div>\n<div style=\"margin-bottom: 20px;\">\n<h3 style=\"font-size: 1.2rem; color: #e67e22; margin-bottom: 5px;\">\u00bfD\u00f3nde compro mejor grandes cantidades?<\/h3>\n<p style=\"margin-top: 0;\">Si deseas comprar muchos dispositivos a la vez, es <strong>WideVape<\/strong> La mejor direcci\u00f3n. Estamos especializados en mayorista en Europa y entregamos super r\u00e1pido a Alemania, Francia y a otros pa\u00edses.<\/p>\n<\/div>\n<div style=\"text-align: center; margin-top: 50px; padding: 30px; background-color: #e8f6f3; border-radius: 20px; border: 2px dashed #1abc9c;\">\n<h2 style=\"color: #16a085; margin-top: 0;\">\u00bfListo para el gran vapeo?<\/h2>\n<p style=\"font-size: 1.2rem;\">No esperes m\u00e1s. \u00a1Visita ahora! <strong>WideVape<\/strong> y aseg\u00farate la FIHP 90000 Puffs 3in1 para tu tienda o para ti mismo. \u00a1Nos alegra verte!<\/p>\n<\/div>\n<p><img loading=\"lazy\" decoding=\"async\" class=\"size-full wp-image-29067 aligncenter\" src=\"https:\/\/widevape.com\/wp-content\/uploads\/2026\/01\/FIHP-90000-Puffs-3in1-Einweg-E-Zigarette-\u2013-3-Geschmaecker-umschaltbar-LED-Display-Mesh-Coil.webp\" alt=\"FIHP 90000 Puffs 3 en 1 Cigarrillo electr\u00f3nico desechable - 3 sabores conmutables, pantalla LED y bobina de malla\" width=\"1500\" height=\"1150\" srcset=\"https:\/\/widevape.com\/wp-content\/uploads\/2026\/01\/FIHP-90000-Puffs-3in1-Einweg-E-Zigarette-\u2013-3-Geschmaecker-umschaltbar-LED-Display-Mesh-Coil.webp 1500w, https:\/\/widevape.com\/wp-content\/uploads\/2026\/01\/FIHP-90000-Puffs-3in1-Einweg-E-Zigarette-\u2013-3-Geschmaecker-umschaltbar-LED-Display-Mesh-Coil-300x230.webp 300w, https:\/\/widevape.com\/wp-content\/uploads\/2026\/01\/FIHP-90000-Puffs-3in1-Einweg-E-Zigarette-\u2013-3-Geschmaecker-umschaltbar-LED-Display-Mesh-Coil-1024x785.webp 1024w, https:\/\/widevape.com\/wp-content\/uploads\/2026\/01\/FIHP-90000-Puffs-3in1-Einweg-E-Zigarette-\u2013-3-Geschmaecker-umschaltbar-LED-Display-Mesh-Coil-768x589.webp 768w, https:\/\/widevape.com\/wp-content\/uploads\/2026\/01\/FIHP-90000-Puffs-3in1-Einweg-E-Zigarette-\u2013-3-Geschmaecker-umschaltbar-LED-Display-Mesh-Coil-16x12.webp 16w, https:\/\/widevape.com\/wp-content\/uploads\/2026\/01\/FIHP-90000-Puffs-3in1-Einweg-E-Zigarette-\u2013-3-Geschmaecker-umschaltbar-LED-Display-Mesh-Coil-510x391.webp 510w\" sizes=\"auto, (max-width: 1500px) 100vw, 1500px\" \/><\/p>\n<h2>Gu\u00eda del producto:<\/h2>\n<\/article>\n<p><a href=\"https:\/\/widevape.com\/wp-content\/uploads\/2026\/01\/FIHP-90000-Puffs-3in1-Technisches-Datenblatt-PDF.pdf\">FIHP 90000 Puffs 3in1 Hoja de Datos T\u00e9cnicos PDF<\/a><\/p>","protected":false},"excerpt":{"rendered":"<table style=\"width: 100%; max-width: 600px; border-collapse: collapse; font-family: 'Helvetica Neue', Arial, sans-serif; font-size: 14px; color: #333; margin: 20px 0;\">\n<tbody>\n<tr style=\"border-bottom: 1px solid #eee;\">\n<td style=\"padding: 12px 0; font-weight: 600; color: #555;\">Modelo<\/td>\n<td style=\"padding: 12px 0; text-align: right;\">FIHP 90000 Puffs 3in1<\/td>\n<\/tr>\n<tr style=\"border-bottom: 1px solid #eee;\">\n<td style=\"padding: 12px 0; font-weight: 600; color: #555;\">Capacidad de l\u00edquido<\/td>\n<td style=\"padding: 12px 0; text-align: right;\">42 ml (Tanque gigante)<\/td>\n<\/tr>\n<tr style=\"border-bottom: 1px solid #eee;\">\n<td style=\"padding: 12px 0; font-weight: 600; color: #555;\">N\u00famero de trenes<\/td>\n<td style=\"padding: 12px 0; text-align: right;\">Hasta 90.000 Puffs<\/td>\n<\/tr>\n<tr style=\"border-bottom: 1px solid #eee;\">\n<td style=\"padding: 12px 0; font-weight: 600; color: #555;\">Bater\u00eda<\/td>\n<td style=\"padding: 12px 0; text-align: right;\">650mAh (Recargable)<\/td>\n<\/tr>\n<tr style=\"border-bottom: 1px solid #eee;\">\n<td style=\"padding: 12px 0; font-weight: 600; color: #555;\">Conexi\u00f3n de carga<\/td>\n<td style=\"padding: 12px 0; text-align: right;\">USB tipo C<\/td>\n<\/tr>\n<tr style=\"border-bottom: 1px solid #eee;\">\n<td style=\"padding: 12px 0; font-weight: 600; color: #555;\">Tecnolog\u00eda de bobinas<\/td>\n<td style=\"padding: 12px 0; text-align: right;\">Bobina de malla 0,9\u03a9<\/td>\n<\/tr>\n<tr style=\"border-bottom: 1px solid #eee;\">\n<td style=\"padding: 12px 0; font-weight: 600; color: #555;\">Pantalla<\/td>\n<td style=\"padding: 12px 0; text-align: right;\">LED (nivel de bater\u00eda y l\u00edquido)<\/td>\n<\/tr>\n<tr>\n<td style=\"padding: 12px 0; font-weight: 600; color: #555;\">Particularidad<\/td>\n<td style=\"padding: 12px 0; text-align: right;\">3 sabores en 1 aparato<\/td>\n<\/tr>\n<\/tbody>\n<\/table>","protected":false},"featured_media":29060,"comment_status":"open","ping_status":"closed","template":"","meta":[],"product_brand":[],"product_cat":[43,233,91,92,93,37,94,61,183,187,193,185,181,184,186,188,182,189,190,192,191,90],"product_tag":[],"class_list":{"0":"post-29034","1":"product","2":"type-product","3":"status-publish","4":"has-post-thumbnail","6":"product_cat-fihp-einweg-e-zigaretten","7":"product_cat-9000090kzuege-einweg-e-zigaretten","8":"product_cat-crystal-einweg-e-zigaretten","9":"product_cat-digitale-box-einweg-e-zigaretten","10":"product_cat-dual-mesh-einweg-e-zigaretten","11":"product_cat-einweg-e-zigaretten","12":"product_cat-einweg-e-zigaretten-mit-niedriger-nikotinstaerke","13":"product_cat-einweg-e-zigaretten-nach-zuegen","14":"product_cat-einweg-e-zigaretten-in-belgien","15":"product_cat-einweg-e-zigaretten-in-den-niederlanden","16":"product_cat-einweg-e-zigaretten-in-der-schweiz","17":"product_cat-einweg-e-zigaretten-in-deutschland","18":"product_cat-einweg-e-zigaretten-in-europa","19":"product_cat-einweg-e-zigaretten-in-frankreich","20":"product_cat-einweg-e-zigaretten-in-italien","21":"product_cat-einweg-e-zigaretten-in-norwegen","22":"product_cat-einweg-e-zigaretten-in-oesterreich","23":"product_cat-einweg-e-zigaretten-in-polen","24":"product_cat-einweg-e-zigaretten-in-portugal","25":"product_cat-einweg-e-zigaretten-in-schweden","26":"product_cat-einweg-e-zigaretten-in-spanien","27":"product_cat-grosse-einweg-e-zigaretten","29":"first","30":"instock","31":"shipping-taxable","32":"purchasable","33":"product-type-variable","34":"has-default-attributes"},"_links":{"self":[{"href":"https:\/\/widevape.com\/es\/wp-json\/wp\/v2\/product\/29034","targetHints":{"allow":["GET"]}}],"collection":[{"href":"https:\/\/widevape.com\/es\/wp-json\/wp\/v2\/product"}],"about":[{"href":"https:\/\/widevape.com\/es\/wp-json\/wp\/v2\/types\/product"}],"replies":[{"embeddable":true,"href":"https:\/\/widevape.com\/es\/wp-json\/wp\/v2\/comments?post=29034"}],"wp:featuredmedia":[{"embeddable":true,"href":"https:\/\/widevape.com\/es\/wp-json\/wp\/v2\/media\/29060"}],"wp:attachment":[{"href":"https:\/\/widevape.com\/es\/wp-json\/wp\/v2\/media?parent=29034"}],"wp:term":[{"taxonomy":"product_brand","embeddable":true,"href":"https:\/\/widevape.com\/es\/wp-json\/wp\/v2\/product_brand?post=29034"},{"taxonomy":"product_cat","embeddable":true,"href":"https:\/\/widevape.com\/es\/wp-json\/wp\/v2\/product_cat?post=29034"},{"taxonomy":"product_tag","embeddable":true,"href":"https:\/\/widevape.com\/es\/wp-json\/wp\/v2\/product_tag?post=29034"}],"curies":[{"name":"wp","href":"https:\/\/api.w.org\/{rel}","templated":true}]}}