{"id":16464,"date":"2023-04-19T13:48:44","date_gmt":"2023-04-19T13:48:44","guid":{"rendered":"https:\/\/shopkeeper-demo.getbowtied.com\/electronics\/?page_id=16464"},"modified":"2025-09-16T10:46:11","modified_gmt":"2025-09-16T08:46:11","slug":"a-propos-de-nous","status":"publish","type":"page","link":"https:\/\/widevape.com\/fr\/ueber-uns\/","title":{"rendered":"Ueber Uns"},"content":{"rendered":"<h1 style=\"text-align: center;\" data-start=\"144\" data-end=\"156\">\u00c0 propos de WideVape<\/h1>\n<p data-start=\"157\" data-end=\"667\">Fond\u00e9 en 2021, WideVape est une boutique en ligne de cigarettes \u00e9lectroniques sp\u00e9cialis\u00e9e dans les vapes jetables de haute qualit\u00e9, les e-liquides, les sachets de nicotine et les accessoires. Nous sommes fiers de proposer des marques de premier plan telles que <a href=\"https:\/\/widevape.com\/fr\/categorie-de-produits\/e-cigarettes-jetables-bang\/\">BANG<\/a>, <a href=\"https:\/\/widevape.com\/fr\/categorie-de-produits\/randm-tornado-e-cigarettes-jetables\/\">RandM Tornado<\/a>, <a href=\"https:\/\/widevape.com\/fr\/categorie-de-produits\/waspe-e-cigarettes-jetables\/\">Waspe<\/a>\u00a0et bien d'autres encore, et desservent d\u00e9sormais des milliers de clients fid\u00e8les en Europe. Dirig\u00e9 par une \u00e9quipe engag\u00e9e de passionn\u00e9s de vape, WideVape s'est donn\u00e9 pour mission d'offrir \u00e0 nos clients la meilleure exp\u00e9rience de vapotage possible.<\/p>\n<hr data-start=\"669\" data-end=\"672\" \/>\n<h2 style=\"text-align: center;\" data-start=\"674\" data-end=\"699\">Qualit\u00e9 et service<\/h2>\n<p data-start=\"700\" data-end=\"1185\">Chez WideVape, la qualit\u00e9 et la satisfaction du client sont primordiales. Notre large gamme de produits est soigneusement s\u00e9lectionn\u00e9e pour r\u00e9pondre aux besoins et aux pr\u00e9f\u00e9rences vari\u00e9s de nos clients. Chaque produit provient de fabricants r\u00e9put\u00e9s et r\u00e9pond aux normes les plus \u00e9lev\u00e9es en mati\u00e8re de s\u00e9curit\u00e9 et de qualit\u00e9. Que vous soyez un vapoteur exp\u00e9riment\u00e9 ou que vous commenciez tout juste, vous trouverez chez nous le produit adapt\u00e9 pour enrichir votre exp\u00e9rience.<\/p>\n<p data-start=\"1187\" data-end=\"1522\">Notre \u00e9quipe de service engag\u00e9e vous soutient \u00e0 tout moment de mani\u00e8re comp\u00e9tente pour r\u00e9pondre \u00e0 vos questions ou pr\u00e9occupations et veille \u00e0 ce que votre achat se d\u00e9roule de mani\u00e8re fluide et agr\u00e9able. En outre, nous offrons un droit de retour et d'\u00e9change flexible, afin que vous puissiez retourner ou \u00e9changer des articles sans probl\u00e8me si vous n'\u00eates pas satisfait.<\/p>\n<hr data-start=\"1524\" data-end=\"1527\" \/>\n<h2 style=\"text-align: center;\" data-start=\"1529\" data-end=\"1568\">Rapide, fiable et abordable<\/h2>\n<p data-start=\"1569\" data-end=\"1868\">L'un de nos plus grands atouts est notre focalisation sur la livraison rapide. Nous savons combien il est important de recevoir vos produits \u00e0 temps. C'est pourquoi nous nous assurons que toutes les commandes soient trait\u00e9es et exp\u00e9di\u00e9es rapidement. Vous pouvez ainsi profiter de vos achats sans retard inutile.<\/p>\n<p data-start=\"1870\" data-end=\"2194\">Avec WideVape, vous n'avez pas \u00e0 choisir entre la qualit\u00e9 et le prix - nous offrons les deux. Gr\u00e2ce \u00e0 nos prix comp\u00e9titifs, vous pouvez profiter de produits de vapotage premium sans vous ruiner. Dans le m\u00eame temps, nous travaillons constamment pour apporter les derniers et meilleurs produits de vapotage sur le march\u00e9 europ\u00e9en.<\/p>\n<hr data-start=\"2196\" data-end=\"2199\" \/>\n<p data-start=\"2201\" data-end=\"2431\">Prenez votre temps pour d\u00e9couvrir notre large gamme et trouver le vape parfait pour vos besoins. Avec WideVape, vous pouvez \u00eatre s\u00fbr de toujours obtenir des produits de premi\u00e8re qualit\u00e9 et un service excellent.<\/p>\n<p data-start=\"2433\" data-end=\"2505\"><a class=\"decorated-link cursor-pointer\" target=\"_new\" rel=\"noopener\" data-start=\"2447\" data-end=\"2463\">\u00a0<\/a>E-Mail: <a class=\"decorated-link cursor-pointer\" rel=\"noopener\" data-start=\"2481\" data-end=\"2501\">info@widevape.com<\/a><\/p>","protected":false},"excerpt":{"rendered":"<p>\u00dcber WideVape Gegr\u00fcndet im Jahr 2021 ist WideVape ein Online-Shop f\u00fcr E-Zigaretten, der sich auf hochwertige Disposable Vapes, E-Liquids, Nikotinbeutel und Zubeh\u00f6r spezialisiert hat. Wir sind stolz darauf, Top-Marken wie BANG, RandM Tornado, Waspe\u00a0und viele mehr anbieten zu k\u00f6nnen und bedienen inzwischen tausende treue Kunden in Europa. Geleitet von einem engagierten Team leidenschaftlicher Vape-Enthusiasten hat[Erfahren Sie mehr&#8230;]\n","protected":false},"author":1,"featured_media":0,"parent":0,"menu_order":0,"comment_status":"closed","ping_status":"closed","template":"","meta":{"footnotes":""},"class_list":["post-16464","page","type-page","status-publish","hentry"],"_links":{"self":[{"href":"https:\/\/widevape.com\/fr\/wp-json\/wp\/v2\/pages\/16464","targetHints":{"allow":["GET"]}}],"collection":[{"href":"https:\/\/widevape.com\/fr\/wp-json\/wp\/v2\/pages"}],"about":[{"href":"https:\/\/widevape.com\/fr\/wp-json\/wp\/v2\/types\/page"}],"author":[{"embeddable":true,"href":"https:\/\/widevape.com\/fr\/wp-json\/wp\/v2\/users\/1"}],"replies":[{"embeddable":true,"href":"https:\/\/widevape.com\/fr\/wp-json\/wp\/v2\/comments?post=16464"}],"version-history":[{"count":2,"href":"https:\/\/widevape.com\/fr\/wp-json\/wp\/v2\/pages\/16464\/revisions"}],"predecessor-version":[{"id":28063,"href":"https:\/\/widevape.com\/fr\/wp-json\/wp\/v2\/pages\/16464\/revisions\/28063"}],"wp:attachment":[{"href":"https:\/\/widevape.com\/fr\/wp-json\/wp\/v2\/media?parent=16464"}],"curies":[{"name":"wp","href":"https:\/\/api.w.org\/{rel}","templated":true}]}}