{"id":21814,"date":"2025-02-23T14:33:14","date_gmt":"2025-02-23T13:33:14","guid":{"rendered":"https:\/\/widevape.com\/?page_id=21814"},"modified":"2025-02-23T14:33:14","modified_gmt":"2025-02-23T13:33:14","slug":"faqs","status":"publish","type":"page","link":"https:\/\/widevape.com\/fr\/faqs\/","title":{"rendered":"FAQs"},"content":{"rendered":"<h3 data-start=\"0\" data-end=\"67\">FAQ pour Wide Vape - E-cigarette jetable premium d'Allemagne<\/h3>\n<p data-start=\"69\" data-end=\"399\"><strong data-start=\"69\" data-end=\"94\">1. qu'est-ce que la large vape ?<\/strong><br data-start=\"94\" data-end=\"97\" \/>Wide Vape est un fournisseur leader d'e-cigarettes jetables haut de gamme, vendues exclusivement en Europe. Nous proposons une large gamme de marques de qualit\u00e9 telles que Bang Box, RandM, Waspe, Elf Box, Al Fakher, VOPK et Vozol, principalement disponibles en gros ou pour des commandes en vrac.<\/p>\n<p data-start=\"401\" data-end=\"523\"><strong data-start=\"401\" data-end=\"454\">2. quelles marques vendez-vous sur votre site web ?<\/strong><br data-start=\"454\" data-end=\"457\" \/>Sur Wide Vape, vous trouverez un grand nombre de marques populaires, dont :<\/p>\n<ul data-start=\"524\" data-end=\"615\">\n<li data-start=\"524\" data-end=\"538\"><strong data-start=\"526\" data-end=\"538\">Bo\u00eete de bang<\/strong><\/li>\n<li data-start=\"539\" data-end=\"550\"><strong data-start=\"541\" data-end=\"550\">RandM<\/strong><\/li>\n<li data-start=\"551\" data-end=\"564\"><strong data-start=\"553\" data-end=\"564\">Onze bo\u00eete<\/strong><\/li>\n<li data-start=\"565\" data-end=\"580\"><strong data-start=\"567\" data-end=\"580\">Al Fakher<\/strong><\/li>\n<li data-start=\"581\" data-end=\"591\"><strong data-start=\"583\" data-end=\"591\">VOPK<\/strong><\/li>\n<li data-start=\"592\" data-end=\"603\"><strong data-start=\"594\" data-end=\"603\">Waspe<\/strong><\/li>\n<li data-start=\"604\" data-end=\"615\"><strong data-start=\"606\" data-end=\"615\">Vozol<\/strong><\/li>\n<\/ul>\n<p data-start=\"617\" data-end=\"749\">Ces marques proposent des e-cigarettes jetables de haute qualit\u00e9 avec diff\u00e9rentes saveurs, id\u00e9ales pour le march\u00e9 de gros.<\/p>\n<p data-start=\"751\" data-end=\"1089\"><strong data-start=\"751\" data-end=\"794\">3. comment fonctionne le processus de commande ?<\/strong><br data-start=\"794\" data-end=\"797\" \/>Vous pouvez passer des commandes sur notre site web \u00e0 partir de 10 pi\u00e8ces (1 bo\u00eete). Les commandes sont exp\u00e9di\u00e9es soit depuis notre entrep\u00f4t en Europe (d\u00e9lai de livraison de 3 \u00e0 7 jours), soit depuis notre entrep\u00f4t en Chine (d\u00e9lai de livraison de 12 \u00e0 15 jours). Nous offrons une livraison rapide et fiable directement chez vous.<\/p>\n<p data-start=\"1091\" data-end=\"1244\"><strong data-start=\"1091\" data-end=\"1138\">4. quelles m\u00e9thodes de paiement acceptez-vous ?<\/strong><br data-start=\"1138\" data-end=\"1141\" \/>Nous proposons un grand nombre de m\u00e9thodes de paiement afin de rendre votre achat aussi simple que possible :<\/p>\n<ul data-start=\"1245\" data-end=\"1523\">\n<li data-start=\"1245\" data-end=\"1287\"><strong data-start=\"1247\" data-end=\"1262\">Carte de cr\u00e9dit<\/strong> (Visa, MasterCard, etc.)<\/li>\n<li data-start=\"1288\" data-end=\"1337\"><strong data-start=\"1290\" data-end=\"1309\">Virement bancaire<\/strong> (virement \u00e9lectronique)<\/li>\n<li data-start=\"1338\" data-end=\"1388\"><strong data-start=\"1340\" data-end=\"1359\">Crypto-monnaies<\/strong> (Bitcoin, Ethereum et plus)<\/li>\n<li data-start=\"1389\" data-end=\"1430\"><strong data-start=\"1391\" data-end=\"1400\">iDEAL<\/strong> (populaire aux Pays-Bas)<\/li>\n<li data-start=\"1431\" data-end=\"1468\"><strong data-start=\"1433\" data-end=\"1447\">Bancontact<\/strong> (populaire en Belgique)<\/li>\n<li data-start=\"1469\" data-end=\"1523\"><strong data-start=\"1471\" data-end=\"1495\">Virement bancaire SEPA<\/strong> (pour les paiements europ\u00e9ens)<\/li>\n<\/ul>\n<p data-start=\"1525\" data-end=\"1844\"><strong data-start=\"1525\" data-end=\"1569\">5. existe-t-il des r\u00e9ductions pour les commandes en gros ?<\/strong><br data-start=\"1569\" data-end=\"1572\" \/>Oui, chez Wide Vape, nous proposons des prix particuli\u00e8rement attractifs pour les commandes en gros. Plus vous commandez d'e-cigarettes jetables, moins le prix unitaire est \u00e9lev\u00e9. Pour obtenir des informations d\u00e9taill\u00e9es sur les remises et les offres sp\u00e9ciales, n'h\u00e9sitez pas \u00e0 nous contacter par e-mail.<\/p>\n<p data-start=\"1846\" data-end=\"1937\"><strong data-start=\"1846\" data-end=\"1884\">6. quel est le d\u00e9lai de livraison ?<\/strong><br data-start=\"1884\" data-end=\"1887\" \/>Les d\u00e9lais de livraison d\u00e9pendent de la m\u00e9thode d'exp\u00e9dition :<\/p>\n<ul data-start=\"1938\" data-end=\"2002\">\n<li data-start=\"1938\" data-end=\"1972\"><strong data-start=\"1940\" data-end=\"1963\">Camp europ\u00e9en :<\/strong> 3-7 jours<\/li>\n<li data-start=\"1973\" data-end=\"2002\"><strong data-start=\"1975\" data-end=\"1991\">Entrep\u00f4t de Chine :<\/strong> 12-15 jours<\/li>\n<\/ul>\n<p data-start=\"2004\" data-end=\"2144\">Toutes les commandes sont emball\u00e9es et exp\u00e9di\u00e9es rapidement et en toute s\u00e9curit\u00e9 afin de garantir que vos produits arrivent en parfait \u00e9tat.<\/p>\n<p data-start=\"2146\" data-end=\"2416\"><strong data-start=\"2146\" data-end=\"2205\">7. comment puis-je vous contacter si j'ai des questions ?<\/strong><br data-start=\"2205\" data-end=\"2208\" \/>Vous pouvez nous contacter \u00e0 tout moment par e-mail \u00e0 <strong data-start=\"2250\" data-end=\"2271\"><a rel=\"noopener\" data-start=\"2252\" data-end=\"2269\">info@widevape.com<\/a><\/strong> Notre \u00e9quipe du service client\u00e8le se tient \u00e0 votre disposition pour r\u00e9pondre \u00e0 toutes vos questions et vous aider dans vos achats.<\/p>\n<p data-start=\"2418\" data-end=\"2651\"><strong data-start=\"2418\" data-end=\"2453\">8. d'o\u00f9 proviennent vos produits ?<\/strong><br data-start=\"2453\" data-end=\"2456\" \/>Nos produits proviennent soit de notre entrep\u00f4t en Europe, soit directement de Chine. Nous garantissons la qualit\u00e9 de nos produits et le respect de toutes les normes europ\u00e9ennes en mati\u00e8re d'e-cigarettes.<\/p>\n<p data-start=\"2653\" data-end=\"2942\"><strong data-start=\"2653\" data-end=\"2711\">9. est-ce que je peux aussi commander chez vous en tant qu'individu ?<\/strong><br data-start=\"2711\" data-end=\"2714\" \/>Notre site web est principalement con\u00e7u pour les commandes en gros et en vrac. Les commandes individuelles sont g\u00e9n\u00e9ralement possibles, mais nous vous recommandons de commander en plus grande quantit\u00e9 afin de b\u00e9n\u00e9ficier de prix plus avantageux.<\/p>\n<p data-start=\"2944\" data-end=\"3282\"><strong data-start=\"2944\" data-end=\"2997\">10. quelle garantie offrez-vous sur vos produits ?<\/strong><br data-start=\"2997\" data-end=\"3000\" \/>Nous offrons une garantie de qualit\u00e9 pour tous les produits vendus sur notre site. En cas de probl\u00e8me avec les produits re\u00e7us, veuillez contacter notre service client\u00e8le pour trouver une solution. Vous trouverez plus de d\u00e9tails sur la garantie dans nos conditions g\u00e9n\u00e9rales de vente.<\/p>","protected":false},"excerpt":{"rendered":"<p>FAQ f\u00fcr Wide Vape \u2013 Premium Einweg E-Zigaretten aus Deutschland 1. Was ist Wide Vape?Wide Vape ist ein f\u00fchrender Anbieter von Premium Einweg E-Zigaretten, die exklusiv in Europa verkauft werden. Wir bieten eine gro\u00dfe Auswahl an hochwertigen Marken wie Bang Box, RandM, Waspe, Elf Box, Al Fakher, VOPK und Vozol, die haupts\u00e4chlich im Gro\u00dfhandel oder[Erfahren Sie mehr&#8230;]\n","protected":false},"author":1,"featured_media":0,"parent":0,"menu_order":0,"comment_status":"closed","ping_status":"closed","template":"","meta":{"footnotes":""},"class_list":["post-21814","page","type-page","status-publish","hentry"],"_links":{"self":[{"href":"https:\/\/widevape.com\/fr\/wp-json\/wp\/v2\/pages\/21814","targetHints":{"allow":["GET"]}}],"collection":[{"href":"https:\/\/widevape.com\/fr\/wp-json\/wp\/v2\/pages"}],"about":[{"href":"https:\/\/widevape.com\/fr\/wp-json\/wp\/v2\/types\/page"}],"author":[{"embeddable":true,"href":"https:\/\/widevape.com\/fr\/wp-json\/wp\/v2\/users\/1"}],"replies":[{"embeddable":true,"href":"https:\/\/widevape.com\/fr\/wp-json\/wp\/v2\/comments?post=21814"}],"version-history":[{"count":0,"href":"https:\/\/widevape.com\/fr\/wp-json\/wp\/v2\/pages\/21814\/revisions"}],"wp:attachment":[{"href":"https:\/\/widevape.com\/fr\/wp-json\/wp\/v2\/media?parent=21814"}],"curies":[{"name":"wp","href":"https:\/\/api.w.org\/{rel}","templated":true}]}}