{"id":23598,"date":"2025-02-26T08:54:38","date_gmt":"2025-02-26T07:54:38","guid":{"rendered":"https:\/\/widevape.com\/?page_id=23598"},"modified":"2025-02-26T08:54:38","modified_gmt":"2025-02-26T07:54:38","slug":"methodes-de-paiement","status":"publish","type":"page","link":"https:\/\/widevape.com\/fr\/zahlungsmethoden\/","title":{"rendered":"Zahlungsmethoden"},"content":{"rendered":"<h3 data-start=\"0\" data-end=\"64\">M\u00e9thodes de paiement chez Wide Vape - Acheter en toute s\u00e9curit\u00e9 et confortablement<\/h3>\n<p data-start=\"66\" data-end=\"463\">Wide Vape vous offre un moyen simple et s\u00fbr de payer vos commandes afin que vous puissiez vous concentrer sur l'essentiel : la s\u00e9lection des meilleures e-cigarettes jetables premium d'Allemagne. Nous acceptons diff\u00e9rentes m\u00e9thodes de paiement, ce qui vous permet de payer de mani\u00e8re pratique et flexible, que vous soyez bas\u00e9 en Europe ou que vous commandiez \u00e0 l'international.<\/p>\n<h4 data-start=\"465\" data-end=\"526\">1. <strong data-start=\"473\" data-end=\"526\">Cartes de cr\u00e9dit (Visa, MasterCard, American Express)<\/strong><\/h4>\n<p data-start=\"527\" data-end=\"862\">Pour un paiement rapide et facile, nous acceptons les cartes de cr\u00e9dit les plus courantes telles que Visa, MasterCard et American Express. Ce mode de paiement est disponible dans le monde entier et garantit un r\u00e8glement s\u00fbr et imm\u00e9diat. Chez nous, vos donn\u00e9es sont prot\u00e9g\u00e9es par les protocoles de s\u00e9curit\u00e9 les plus r\u00e9cents, ce qui vous permet de faire vos achats en toute s\u00e9curit\u00e9.<\/p>\n<h4 data-start=\"864\" data-end=\"921\">2. <strong data-start=\"872\" data-end=\"921\">Virement bancaire (\u00dcberweisung \/ Bank Transfer)<\/strong><\/h4>\n<p data-start=\"922\" data-end=\"1278\">Pour les commandes importantes, nous vous offrons la possibilit\u00e9 de payer par virement bancaire. Cette m\u00e9thode est particuli\u00e8rement adapt\u00e9e aux commandes en gros ou en vrac, car elle offre une grande s\u00e9curit\u00e9 de transaction et une grande flexibilit\u00e9. Notez que les paiements par virement bancaire peuvent g\u00e9n\u00e9ralement prendre quelques jours ouvrables, en fonction de votre banque.<\/p>\n<h4 data-start=\"1280\" data-end=\"1307\">3. <strong data-start=\"1288\" data-end=\"1307\">Crypto-monnaies<\/strong><\/h4>\n<p data-start=\"1308\" data-end=\"1638\">Pour les clients qui pr\u00e9f\u00e8rent l'anonymat et la s\u00e9curit\u00e9 des crypto-monnaies, nous offrons la possibilit\u00e9 de payer avec les principales crypto-monnaies telles que Bitcoin et Ethereum. Ce mode de paiement offre non seulement la protection des donn\u00e9es, mais aussi des transactions rapides sans avoir besoin d'un compte bancaire traditionnel.<\/p>\n<h4 data-start=\"1640\" data-end=\"1691\">4. <strong data-start=\"1648\" data-end=\"1691\">iDEAL (pour les clients des Pays-Bas)<\/strong><\/h4>\n<p data-start=\"1692\" data-end=\"1973\">Si vous r\u00e9sidez aux Pays-Bas, vous pouvez facilement payer avec iDEAL - l'une des m\u00e9thodes de paiement les plus populaires dans ce pays. iDEAL vous permet de payer directement depuis votre compte bancaire et la transaction est trait\u00e9e imm\u00e9diatement. Simple, rapide et s\u00fbr !<\/p>\n<h4 data-start=\"1975\" data-end=\"2022\">5. <strong data-start=\"1983\" data-end=\"2022\">Bancontact (pour les clients de Belgique)<\/strong><\/h4>\n<p data-start=\"2023\" data-end=\"2301\">Pour nos clients belges, nous proposons le paiement via Bancontact. Ce mode de paiement est tr\u00e8s r\u00e9pandu en Belgique et permet un paiement rapide et s\u00e9curis\u00e9 directement depuis votre compte bancaire. Avec Bancontact, vous pouvez payer vos achats sans probl\u00e8me et sans vous d\u00e9placer.<\/p>\n<h4 data-start=\"2303\" data-end=\"2356\">6. <strong data-start=\"2311\" data-end=\"2356\">Virement SEPA (pour les clients europ\u00e9ens)<\/strong><\/h4>\n<p data-start=\"2357\" data-end=\"2694\">Pour les clients au sein de l'Union europ\u00e9enne, nous proposons le virement SEPA comme option de paiement suppl\u00e9mentaire. Cette m\u00e9thode permet d'effectuer un virement bancaire rapide et \u00e9conomique au sein de l'espace de paiement europ\u00e9en. Le r\u00e8glement s'effectue g\u00e9n\u00e9ralement dans un d\u00e9lai de 1 \u00e0 2 jours ouvrables, ce qui vous permet de recevoir votre commande rapidement.<\/p>\n<hr data-start=\"2696\" data-end=\"2699\" \/>\n<h3 data-start=\"2701\" data-end=\"2733\">Vos avantages chez Wide Vape :<\/h3>\n<ul data-start=\"2734\" data-end=\"3133\">\n<li data-start=\"2734\" data-end=\"2833\"><strong data-start=\"2736\" data-end=\"2751\">la s\u00e9curit\u00e9 :<\/strong> Tous les paiements sont effectu\u00e9s via des canaux s\u00e9curis\u00e9s afin de prot\u00e9ger vos donn\u00e9es.<\/li>\n<li data-start=\"2834\" data-end=\"2914\"><strong data-start=\"2836\" data-end=\"2849\">la diversit\u00e9 :<\/strong> Un large choix de m\u00e9thodes de paiement pour votre confort.<\/li>\n<li data-start=\"2915\" data-end=\"3012\"><strong data-start=\"2917\" data-end=\"2935\">La rapidit\u00e9 :<\/strong> Traitement rapide des paiements, en particulier pour les cartes de cr\u00e9dit et les crypto-monnaies.<\/li>\n<li data-start=\"3013\" data-end=\"3133\"><strong data-start=\"3015\" data-end=\"3032\">la flexibilit\u00e9 :<\/strong> Parfait pour les achats en gros ou en vrac - choisissez la m\u00e9thode qui vous convient le mieux.<\/li>\n<\/ul>\n<p data-start=\"3135\" data-end=\"3474\">Gr\u00e2ce \u00e0 notre large choix de m\u00e9thodes de paiement, il n'a jamais \u00e9t\u00e9 aussi facile de commander des e-cigarettes jetables premium et de b\u00e9n\u00e9ficier des meilleurs prix en Europe. Que vous soyez originaire d'Allemagne, des Pays-Bas, de Belgique ou d'un autre pays europ\u00e9en, nous vous proposons la solution adapt\u00e9e pour un paiement simple et s\u00e9curis\u00e9.<\/p>\n<hr data-start=\"3476\" data-end=\"3479\" \/>\n<p data-start=\"3481\" data-end=\"3759\">Si vous avez encore des questions sur nos m\u00e9thodes de paiement ou si vous avez besoin d'aide pour votre commande, nous sommes toujours \u00e0 votre disposition. Il vous suffit de nous contacter \u00e0 l'adresse suivante <a rel=\"noopener\" data-start=\"3665\" data-end=\"3710\">info@widevape.com<\/a>Notre \u00e9quipe vous aidera rapidement.<\/p>\n<h4 data-start=\"3761\" data-end=\"3818\">Foire aux questions sur nos m\u00e9thodes de paiement :<\/h4>\n<ol data-start=\"3819\" data-end=\"4227\">\n<li data-start=\"3819\" data-end=\"3970\">\n<p data-start=\"3822\" data-end=\"3970\"><strong data-start=\"3822\" data-end=\"3864\">Combien de temps prend un virement bancaire ?<\/strong> Les virements bancaires prennent en g\u00e9n\u00e9ral 1 \u00e0 3 jours ouvrables. Les virements internationaux peuvent prendre plus de temps.<\/p>\n<\/li>\n<li data-start=\"3972\" data-end=\"4094\">\n<p data-start=\"3975\" data-end=\"4094\"><strong data-start=\"3975\" data-end=\"4020\">Quelles sont les crypto-monnaies accept\u00e9es ?<\/strong> Nous acceptons le bitcoin, l'ethereum et d'autres crypto-monnaies courantes.<\/p>\n<\/li>\n<li data-start=\"4096\" data-end=\"4227\">\n<p data-start=\"4099\" data-end=\"4227\"><strong data-start=\"4099\" data-end=\"4149\">Puis-je combiner plusieurs modes de paiement ?<\/strong> Malheureusement, vous ne pouvez utiliser qu'un seul mode de paiement lors d'une commande.<\/p>\n<\/li>\n<\/ol>","protected":false},"excerpt":{"rendered":"<p>Zahlungsmethoden bei Wide Vape \u2013 Sicher und bequem einkaufen Wide Vape bietet Ihnen eine einfache und sichere M\u00f6glichkeit, Ihre Bestellungen zu bezahlen, damit Sie sich auf das Wesentliche konzentrieren k\u00f6nnen: die Auswahl der besten Premium Einweg E-Zigaretten aus Deutschland. Wir akzeptieren verschiedene Zahlungsmethoden, die Ihnen eine bequeme und flexible Bezahlung erm\u00f6glichen, ganz gleich, ob Sie[Erfahren Sie mehr&#8230;]\n","protected":false},"author":1,"featured_media":0,"parent":0,"menu_order":0,"comment_status":"closed","ping_status":"closed","template":"","meta":{"footnotes":""},"class_list":["post-23598","page","type-page","status-publish","hentry"],"_links":{"self":[{"href":"https:\/\/widevape.com\/fr\/wp-json\/wp\/v2\/pages\/23598","targetHints":{"allow":["GET"]}}],"collection":[{"href":"https:\/\/widevape.com\/fr\/wp-json\/wp\/v2\/pages"}],"about":[{"href":"https:\/\/widevape.com\/fr\/wp-json\/wp\/v2\/types\/page"}],"author":[{"embeddable":true,"href":"https:\/\/widevape.com\/fr\/wp-json\/wp\/v2\/users\/1"}],"replies":[{"embeddable":true,"href":"https:\/\/widevape.com\/fr\/wp-json\/wp\/v2\/comments?post=23598"}],"version-history":[{"count":0,"href":"https:\/\/widevape.com\/fr\/wp-json\/wp\/v2\/pages\/23598\/revisions"}],"wp:attachment":[{"href":"https:\/\/widevape.com\/fr\/wp-json\/wp\/v2\/media?parent=23598"}],"curies":[{"name":"wp","href":"https:\/\/api.w.org\/{rel}","templated":true}]}}