{"id":9,"date":"2025-02-07T09:27:25","date_gmt":"2025-02-07T08:27:25","guid":{"rendered":"https:\/\/widevape.com\/cart\/"},"modified":"2025-02-07T09:44:30","modified_gmt":"2025-02-07T08:44:30","slug":"cart","status":"publish","type":"page","link":"https:\/\/widevape.com\/fr\/cart\/","title":{"rendered":"Cart"},"content":{"rendered":"<div data-block-name=\"woocommerce\/cart\" class=\"wp-block-woocommerce-cart alignwide is-loading\">\n<div data-block-name=\"woocommerce\/filled-cart-block\" class=\"wp-block-woocommerce-filled-cart-block\">\n<div data-block-name=\"woocommerce\/cart-items-block\" class=\"wp-block-woocommerce-cart-items-block\">\n<div data-block-name=\"woocommerce\/cart-line-items-block\" class=\"wp-block-woocommerce-cart-line-items-block\"><\/div>\n\n\n\n<div data-block-name=\"woocommerce\/cart-cross-sells-block\" class=\"wp-block-woocommerce-cart-cross-sells-block\">\n<h2 class=\"wp-block-heading has-large-font-size\">Vous pourriez \u00eatre int\u00e9ress\u00e9 par...<\/h2>\n\n\n\n<div data-block-name=\"woocommerce\/cart-cross-sells-products-block\" class=\"wp-block-woocommerce-cart-cross-sells-products-block\"><\/div>\n<\/div>\n<\/div>\n\n\n\n<div data-block-name=\"woocommerce\/cart-totals-block\" class=\"wp-block-woocommerce-cart-totals-block\">\n<div data-block-name=\"woocommerce\/cart-order-summary-block\" class=\"wp-block-woocommerce-cart-order-summary-block\">\n<div data-block-name=\"woocommerce\/cart-order-summary-heading-block\" class=\"wp-block-woocommerce-cart-order-summary-heading-block\"><\/div><div data-block-name=\"woocommerce\/cart-order-summary-coupon-form-block\" class=\"wp-block-woocommerce-cart-order-summary-coupon-form-block\"><\/div><div data-block-name=\"woocommerce\/cart-order-summary-totals-block\" class=\"wp-block-woocommerce-cart-order-summary-totals-block\">\n<div data-block-name=\"woocommerce\/cart-order-summary-subtotal-block\" class=\"wp-block-woocommerce-cart-order-summary-subtotal-block\"><\/div>\n<div data-block-name=\"woocommerce\/cart-order-summary-discount-block\" class=\"wp-block-woocommerce-cart-order-summary-discount-block\"><\/div>\n<div data-block-name=\"woocommerce\/cart-order-summary-fee-block\" class=\"wp-block-woocommerce-cart-order-summary-fee-block\"><\/div>\n<div data-block-name=\"woocommerce\/cart-order-summary-shipping-block\" class=\"wp-block-woocommerce-cart-order-summary-shipping-block\"><\/div>\n<div data-block-name=\"woocommerce\/cart-order-summary-taxes-block\" class=\"wp-block-woocommerce-cart-order-summary-taxes-block\"><\/div><\/div>\n<\/div>\n\n\n\n<div data-block-name=\"woocommerce\/cart-express-payment-block\" class=\"wp-block-woocommerce-cart-express-payment-block\"><\/div>\n\n\n\n<div data-block-name=\"woocommerce\/proceed-to-checkout-block\" class=\"wp-block-woocommerce-proceed-to-checkout-block\"><\/div>\n\n\n\n<div data-block-name=\"woocommerce\/cart-accepted-payment-methods-block\" class=\"wp-block-woocommerce-cart-accepted-payment-methods-block\"><\/div>\n<\/div>\n<\/div>\n\n\n\n<div data-block-name=\"woocommerce\/empty-cart-block\" class=\"wp-block-woocommerce-empty-cart-block\">\n<h2 class=\"wp-block-heading has-text-align-center with-empty-cart-icon wc-block-cart__empty-cart__title\">Votre panier est actuellement vide !<\/h2>\n\n\n\n<hr class=\"wp-block-separator has-alpha-channel-opacity is-style-dots\"\/>\n\n\n\n<h2 class=\"wp-block-heading has-text-align-center\">Nouveau en magasin<\/h2>\n\n\n<div data-block-name=\"woocommerce\/product-new\" data-columns=\"4\" data-rows=\"1\" class=\"wc-block-grid wp-block-product-new wp-block-woocommerce-product-new wc-block-product-new has-4-columns\"><ul class=\"wc-block-grid__products\"><li class=\"wc-block-grid__product\">\n\t\t\t\t<a href=\"https:\/\/widevape.com\/fr\/product\/olit-hookalit-40000-zuege-40k-puffs-mit-dual-power-modus-einweg-e-zigaretten-im-grosshandel\/\" class=\"wc-block-grid__product-link\">\n\t\t\t\t\t\n\t\t\t\t\t<div class=\"wc-block-grid__product-image\"><img loading=\"lazy\" decoding=\"async\" width=\"247\" height=\"247\" src=\"https:\/\/widevape.com\/wp-content\/uploads\/2026\/04\/OLIT-HOOKALIT-40000-Zuege-40K-Puffs-mit-Dual-Power-Modus-Einweg-E-Zigaretten-im-Grosshandel-2-247x247.webp\" class=\"attachment-woocommerce_thumbnail size-woocommerce_thumbnail\" alt=\"Hookalit OLIT 40 000 bouff\u00e9es - E-cigarettes jetables en gros avec double puissance\" srcset=\"https:\/\/widevape.com\/wp-content\/uploads\/2026\/04\/OLIT-HOOKALIT-40000-Zuege-40K-Puffs-mit-Dual-Power-Modus-Einweg-E-Zigaretten-im-Grosshandel-2-247x247.webp 247w, https:\/\/widevape.com\/wp-content\/uploads\/2026\/04\/OLIT-HOOKALIT-40000-Zuege-40K-Puffs-mit-Dual-Power-Modus-Einweg-E-Zigaretten-im-Grosshandel-2-300x300.webp 300w, https:\/\/widevape.com\/wp-content\/uploads\/2026\/04\/OLIT-HOOKALIT-40000-Zuege-40K-Puffs-mit-Dual-Power-Modus-Einweg-E-Zigaretten-im-Grosshandel-2-150x150.webp 150w, https:\/\/widevape.com\/wp-content\/uploads\/2026\/04\/OLIT-HOOKALIT-40000-Zuege-40K-Puffs-mit-Dual-Power-Modus-Einweg-E-Zigaretten-im-Grosshandel-2-768x768.webp 768w, https:\/\/widevape.com\/wp-content\/uploads\/2026\/04\/OLIT-HOOKALIT-40000-Zuege-40K-Puffs-mit-Dual-Power-Modus-Einweg-E-Zigaretten-im-Grosshandel-2-12x12.webp 12w, https:\/\/widevape.com\/wp-content\/uploads\/2026\/04\/OLIT-HOOKALIT-40000-Zuege-40K-Puffs-mit-Dual-Power-Modus-Einweg-E-Zigaretten-im-Grosshandel-2-510x510.webp 510w, https:\/\/widevape.com\/wp-content\/uploads\/2026\/04\/OLIT-HOOKALIT-40000-Zuege-40K-Puffs-mit-Dual-Power-Modus-Einweg-E-Zigaretten-im-Grosshandel-2-100x100.webp 100w, https:\/\/widevape.com\/wp-content\/uploads\/2026\/04\/OLIT-HOOKALIT-40000-Zuege-40K-Puffs-mit-Dual-Power-Modus-Einweg-E-Zigaretten-im-Grosshandel-2.webp 1000w\" sizes=\"auto, (max-width: 247px) 100vw, 247px\" \/><\/div>\n\t\t\t\t\t<div class=\"wc-block-grid__product-title\">Hookalit OLIT 40 000 bouff\u00e9es - E-cigarettes jetables en gros avec double puissance<\/div>\n\t\t\t\t<\/a>\n\t\t\t\t<div class=\"wc-block-grid__product-price price\"><span class=\"woocommerce-Price-amount amount\">11,99&nbsp;<span class=\"woocommerce-Price-currencySymbol\">\u20ac<\/span><\/span><\/div>\n\t\t\t\t\n\t\t\t\t<div class=\"wp-block-button wc-block-grid__product-add-to-cart\"><a href=\"https:\/\/widevape.com\/fr\/product\/olit-hookalit-40000-zuege-40k-puffs-mit-dual-power-modus-einweg-e-zigaretten-im-grosshandel\/\" aria-label=\"Choisissez les options pour \u201cOLIT HOOKALIT 40000 Z\u00fcge 40K Puffs avec mode double puissance - E-cigarettes jetables en gros\u201d\" data-quantity=\"1\" data-product_id=\"30205\" data-product_sku=\"OLIT-HOOKALIT-40000\" data-price=\"11.99\" rel=\"nofollow\" class=\"wp-block-button__link  add_to_cart_button\">S\u00e9lectionner les options<\/a><\/div>\n\t\t\t<\/li><li class=\"wc-block-grid__product\">\n\t\t\t\t<a href=\"https:\/\/widevape.com\/fr\/product\/uzy-crystal-star-60000-zuege-smart-led-display-einweg-vape-guenstig-kaufen\/\" class=\"wc-block-grid__product-link\">\n\t\t\t\t\t\n\t\t\t\t\t<div class=\"wc-block-grid__product-image\"><img loading=\"lazy\" decoding=\"async\" width=\"247\" height=\"247\" src=\"https:\/\/widevape.com\/wp-content\/uploads\/2026\/04\/UZY-CRYSTAL-STAR-60000-Zuege-Smart-LED-Display-Einweg-Vape-Guenstig-Kaufen-1-247x247.webp\" class=\"attachment-woocommerce_thumbnail size-woocommerce_thumbnail\" alt=\"Achetez facilement l&#039;e-cigarette jetable UZY CRYSTAL STAR 60000 bouffs avec \u00e9cran LED intelligent \u00e0 prix comp\u00e9titif\" srcset=\"https:\/\/widevape.com\/wp-content\/uploads\/2026\/04\/UZY-CRYSTAL-STAR-60000-Zuege-Smart-LED-Display-Einweg-Vape-Guenstig-Kaufen-1-247x247.webp 247w, https:\/\/widevape.com\/wp-content\/uploads\/2026\/04\/UZY-CRYSTAL-STAR-60000-Zuege-Smart-LED-Display-Einweg-Vape-Guenstig-Kaufen-1-300x300.webp 300w, https:\/\/widevape.com\/wp-content\/uploads\/2026\/04\/UZY-CRYSTAL-STAR-60000-Zuege-Smart-LED-Display-Einweg-Vape-Guenstig-Kaufen-1-1024x1024.webp 1024w, https:\/\/widevape.com\/wp-content\/uploads\/2026\/04\/UZY-CRYSTAL-STAR-60000-Zuege-Smart-LED-Display-Einweg-Vape-Guenstig-Kaufen-1-150x150.webp 150w, https:\/\/widevape.com\/wp-content\/uploads\/2026\/04\/UZY-CRYSTAL-STAR-60000-Zuege-Smart-LED-Display-Einweg-Vape-Guenstig-Kaufen-1-768x768.webp 768w, https:\/\/widevape.com\/wp-content\/uploads\/2026\/04\/UZY-CRYSTAL-STAR-60000-Zuege-Smart-LED-Display-Einweg-Vape-Guenstig-Kaufen-1-1536x1536.webp 1536w, https:\/\/widevape.com\/wp-content\/uploads\/2026\/04\/UZY-CRYSTAL-STAR-60000-Zuege-Smart-LED-Display-Einweg-Vape-Guenstig-Kaufen-1-2048x2048.webp 2048w, https:\/\/widevape.com\/wp-content\/uploads\/2026\/04\/UZY-CRYSTAL-STAR-60000-Zuege-Smart-LED-Display-Einweg-Vape-Guenstig-Kaufen-1-12x12.webp 12w, https:\/\/widevape.com\/wp-content\/uploads\/2026\/04\/UZY-CRYSTAL-STAR-60000-Zuege-Smart-LED-Display-Einweg-Vape-Guenstig-Kaufen-1-510x510.webp 510w, https:\/\/widevape.com\/wp-content\/uploads\/2026\/04\/UZY-CRYSTAL-STAR-60000-Zuege-Smart-LED-Display-Einweg-Vape-Guenstig-Kaufen-1-100x100.webp 100w\" sizes=\"auto, (max-width: 247px) 100vw, 247px\" \/><\/div>\n\t\t\t\t\t<div class=\"wc-block-grid__product-title\">Achetez facilement l'e-cigarette jetable UZY CRYSTAL STAR 60000 bouffs avec \u00e9cran LED intelligent \u00e0 prix comp\u00e9titif<\/div>\n\t\t\t\t<\/a>\n\t\t\t\t<div class=\"wc-block-grid__product-price price\"><span class=\"woocommerce-Price-amount amount\">9,59&nbsp;<span class=\"woocommerce-Price-currencySymbol\">\u20ac<\/span><\/span><\/div>\n\t\t\t\t\n\t\t\t\t<div class=\"wp-block-button wc-block-grid__product-add-to-cart\"><a href=\"https:\/\/widevape.com\/fr\/product\/uzy-crystal-star-60000-zuege-smart-led-display-einweg-vape-guenstig-kaufen\/\" aria-label=\"S\u00e9lectionnez vos options pour \u201cUZY CRYSTAL STAR 60000 bouff\u00e9es Affichage LED intelligent Vape jetable Acheter \u00e0 petit prix\u201d\" data-quantity=\"1\" data-product_id=\"30179\" data-product_sku=\"UZY-CRYSTAL-STAR-60K\" data-price=\"9.59\" rel=\"nofollow\" class=\"wp-block-button__link  add_to_cart_button\">S\u00e9lectionner les options<\/a><\/div>\n\t\t\t<\/li><li class=\"wc-block-grid__product\">\n\t\t\t\t<a href=\"https:\/\/widevape.com\/fr\/product\/okso-switch-kit-50000-zuege-dual-mesh-50k-einweg-e-zigarette-grosshandel\/\" class=\"wc-block-grid__product-link\">\n\t\t\t\t\t\n\t\t\t\t\t<div class=\"wc-block-grid__product-image\"><img loading=\"lazy\" decoding=\"async\" width=\"247\" height=\"247\" src=\"https:\/\/widevape.com\/wp-content\/uploads\/2026\/04\/OKSO-SWITCH-KIT-50000-Zuege-Dual-Mesh-50K-Einweg-E-Zigarette-Grosshandel-1-247x247.webp\" class=\"attachment-woocommerce_thumbnail size-woocommerce_thumbnail\" alt=\"Kit OKSO SWITCH 50 000 tirages - Double maille, cigarette \u00e9lectronique jetable 50K en gros\" srcset=\"https:\/\/widevape.com\/wp-content\/uploads\/2026\/04\/OKSO-SWITCH-KIT-50000-Zuege-Dual-Mesh-50K-Einweg-E-Zigarette-Grosshandel-1-247x247.webp 247w, https:\/\/widevape.com\/wp-content\/uploads\/2026\/04\/OKSO-SWITCH-KIT-50000-Zuege-Dual-Mesh-50K-Einweg-E-Zigarette-Grosshandel-1-300x300.webp 300w, https:\/\/widevape.com\/wp-content\/uploads\/2026\/04\/OKSO-SWITCH-KIT-50000-Zuege-Dual-Mesh-50K-Einweg-E-Zigarette-Grosshandel-1-150x150.webp 150w, https:\/\/widevape.com\/wp-content\/uploads\/2026\/04\/OKSO-SWITCH-KIT-50000-Zuege-Dual-Mesh-50K-Einweg-E-Zigarette-Grosshandel-1-768x768.webp 768w, https:\/\/widevape.com\/wp-content\/uploads\/2026\/04\/OKSO-SWITCH-KIT-50000-Zuege-Dual-Mesh-50K-Einweg-E-Zigarette-Grosshandel-1-12x12.webp 12w, https:\/\/widevape.com\/wp-content\/uploads\/2026\/04\/OKSO-SWITCH-KIT-50000-Zuege-Dual-Mesh-50K-Einweg-E-Zigarette-Grosshandel-1-510x510.webp 510w, https:\/\/widevape.com\/wp-content\/uploads\/2026\/04\/OKSO-SWITCH-KIT-50000-Zuege-Dual-Mesh-50K-Einweg-E-Zigarette-Grosshandel-1-100x100.webp 100w, https:\/\/widevape.com\/wp-content\/uploads\/2026\/04\/OKSO-SWITCH-KIT-50000-Zuege-Dual-Mesh-50K-Einweg-E-Zigarette-Grosshandel-1.webp 1000w\" sizes=\"auto, (max-width: 247px) 100vw, 247px\" \/><\/div>\n\t\t\t\t\t<div class=\"wc-block-grid__product-title\">Kit OKSO SWITCH 50 000 tirages - Double maille, cigarette \u00e9lectronique jetable 50K en gros<\/div>\n\t\t\t\t<\/a>\n\t\t\t\t<div class=\"wc-block-grid__product-price price\"><span class=\"woocommerce-Price-amount amount\">11,50&nbsp;<span class=\"woocommerce-Price-currencySymbol\">\u20ac<\/span><\/span><\/div>\n\t\t\t\t\n\t\t\t\t<div class=\"wp-block-button wc-block-grid__product-add-to-cart\"><a href=\"https:\/\/widevape.com\/fr\/product\/okso-switch-kit-50000-zuege-dual-mesh-50k-einweg-e-zigarette-grosshandel\/\" aria-label=\"Choisissez les options pour le kit \u201cOKSO SWITCH KIT 50000 tirages Double Maille 50K E-cigarette jetable en gros\u201d\" data-quantity=\"1\" data-product_id=\"30251\" data-product_sku=\"OKSO-SWITCH-KIT-50000\" data-price=\"11.5\" rel=\"nofollow\" class=\"wp-block-button__link  add_to_cart_button\">S\u00e9lectionner les options<\/a><\/div>\n\t\t\t<\/li><li class=\"wc-block-grid__product\">\n\t\t\t\t<a href=\"https:\/\/widevape.com\/fr\/product\/okso-60-000-zuege-60k-2in1-mit-umschaltbarem-zwei-tank-system-einweg-e-zigaretten-im-grosshandel\/\" class=\"wc-block-grid__product-link\">\n\t\t\t\t\t\n\t\t\t\t\t<div class=\"wc-block-grid__product-image\"><img loading=\"lazy\" decoding=\"async\" width=\"100\" height=\"100\" src=\"https:\/\/widevape.com\/wp-content\/uploads\/2026\/04\/OKSO-60.000-Zuege-60K-2in1-mit-umschaltbarem-Zwei-Tank-System-Einweg-E-Zigaretten-im-Grosshandel.webp\" class=\"attachment-woocommerce_thumbnail size-woocommerce_thumbnail\" alt=\"OKSO 60 000 tirages 60K 2 en 1 avec syst\u00e8me \u00e0 deux r\u00e9servoirs interchangeable - E-cigarettes jetables en gros\" srcset=\"https:\/\/widevape.com\/wp-content\/uploads\/2026\/04\/OKSO-60.000-Zuege-60K-2in1-mit-umschaltbarem-Zwei-Tank-System-Einweg-E-Zigaretten-im-Grosshandel.webp 100w, https:\/\/widevape.com\/wp-content\/uploads\/2026\/04\/OKSO-60.000-Zuege-60K-2in1-mit-umschaltbarem-Zwei-Tank-System-Einweg-E-Zigaretten-im-Grosshandel-12x12.webp 12w\" sizes=\"auto, (max-width: 100px) 100vw, 100px\" \/><\/div>\n\t\t\t\t\t<div class=\"wc-block-grid__product-title\">OKSO 60 000 tirages 60K 2 en 1 avec syst\u00e8me \u00e0 deux r\u00e9servoirs interchangeable - E-cigarettes jetables en gros<\/div>\n\t\t\t\t<\/a>\n\t\t\t\t<div class=\"wc-block-grid__product-price price\"><span class=\"woocommerce-Price-amount amount\">8,88&nbsp;<span class=\"woocommerce-Price-currencySymbol\">\u20ac<\/span><\/span><\/div>\n\t\t\t\t\n\t\t\t\t<div class=\"wp-block-button wc-block-grid__product-add-to-cart\"><a href=\"https:\/\/widevape.com\/fr\/product\/okso-60-000-zuege-60k-2in1-mit-umschaltbarem-zwei-tank-system-einweg-e-zigaretten-im-grosshandel\/\" aria-label=\"S\u00e9lectionnez les options pour \u201cOKSO 60 000 tirages 60K 2 en 1 avec syst\u00e8me de double r\u00e9servoir interchangeable E-cigarettes jetables en gros\u201d\" data-quantity=\"1\" data-product_id=\"30278\" data-product_sku=\"OKSO-Double-Tastes-60000\" data-price=\"8.88\" rel=\"nofollow\" class=\"wp-block-button__link  add_to_cart_button\">S\u00e9lectionner les options<\/a><\/div>\n\t\t\t<\/li><\/ul><\/div><\/div>\n<\/div>","protected":false},"excerpt":{"rendered":"","protected":false},"author":1,"featured_media":0,"parent":0,"menu_order":0,"comment_status":"closed","ping_status":"closed","template":"","meta":{"footnotes":""},"class_list":["post-9","page","type-page","status-publish","hentry"],"_links":{"self":[{"href":"https:\/\/widevape.com\/fr\/wp-json\/wp\/v2\/pages\/9","targetHints":{"allow":["GET"]}}],"collection":[{"href":"https:\/\/widevape.com\/fr\/wp-json\/wp\/v2\/pages"}],"about":[{"href":"https:\/\/widevape.com\/fr\/wp-json\/wp\/v2\/types\/page"}],"author":[{"embeddable":true,"href":"https:\/\/widevape.com\/fr\/wp-json\/wp\/v2\/users\/1"}],"replies":[{"embeddable":true,"href":"https:\/\/widevape.com\/fr\/wp-json\/wp\/v2\/comments?post=9"}],"version-history":[{"count":0,"href":"https:\/\/widevape.com\/fr\/wp-json\/wp\/v2\/pages\/9\/revisions"}],"wp:attachment":[{"href":"https:\/\/widevape.com\/fr\/wp-json\/wp\/v2\/media?parent=9"}],"curies":[{"name":"wp","href":"https:\/\/api.w.org\/{rel}","templated":true}]}}