{"id":16859,"date":"2025-02-12T04:21:39","date_gmt":"2025-02-12T03:21:39","guid":{"rendered":"https:\/\/widevape.com\/?post_type=product&#038;p=16859"},"modified":"2026-01-19T07:51:43","modified_gmt":"2026-01-19T06:51:43","slug":"waspe-crystal-40000-cigarette-electronique-double-saveur-ecran-numerique-0-2-5-faible-teneur-en-nicotine-rechargeable-jetable-en-gros","status":"publish","type":"product","link":"https:\/\/widevape.com\/fr\/product\/waspe-crystal-40000-zuege-doppelgeschmack-digitaler-bildschirm-0-2-5-niedriger-nikotinanteil-wiederaufladbare-einweg-e-zigarette-grosshandel\/","title":{"rendered":"WASPE Crystal 40000 bouff\u00e9es double saveur \u00c9cran num\u00e9rique 0%, 2%, 5% Faible taux de nicotine Rechargeable E-cigarette jetable en gros"},"content":{"rendered":"<h2><\/h2>\n<div style=\"width: 1020px;\" class=\"wp-video\"><video class=\"wp-video-shortcode\" id=\"video-16859-1\" width=\"1020\" height=\"1020\" preload=\"metadata\" controls=\"controls\"><source type=\"video\/mp4\" src=\"https:\/\/widevape.com\/wp-content\/uploads\/2025\/02\/WASPE-Crystal-40000.mp4?_=1\" \/><a href=\"https:\/\/widevape.com\/wp-content\/uploads\/2025\/02\/WASPE-Crystal-40000.mp4\">https:\/\/widevape.com\/wp-content\/uploads\/2025\/02\/WASPE-Crystal-40000.mp4<\/a><\/video><\/div>\n<h2><a href=\"https:\/\/widevape.com\/fr\/categorie-de-produits\/waspe-e-cigarettes-jetables\/\">WASPE<\/a> Crystal 40000 bouff\u00e9es : l'exp\u00e9rience ultime de la vape jetable<\/h2>\n<p>Vous recherchez une vape jetable haut de gamme qui offre une exp\u00e9rience durable avec des compositions gustatives exceptionnelles ? Alors les <strong>WASPE Crystal 40000 bouff\u00e9es<\/strong> exactement ce qu'il vous faut ! Cette vape jetable innovante offre un nombre incroyable de 40 000 bouff\u00e9es, ce qui en fait l'une des options les plus durables du march\u00e9. Elle combine des caract\u00e9ristiques de pointe telles qu'une double option de saveur, la possibilit\u00e9 de recharger et un \u00e9cran LED pour am\u00e9liorer l'exp\u00e9rience de vapotage. Disponible en plusieurs taux de nicotine (0%, 2% et 5%) et dans une vari\u00e9t\u00e9 de saveurs passionnantes, cette vape est parfaite pour les vapoteurs occasionnels et les vapoteurs exp\u00e9riment\u00e9s qui recherchent le nec plus ultra en mati\u00e8re de confort et de performance.<\/p>\n<p>En tant que l'une des plus grandes plateformes en ligne pour la vape jetable en Europe, y compris en Allemagne, aux Pays-Bas, en Belgique et en Espagne, offre <b>Widevape <\/b>Notre plateforme offre des prix de gros comp\u00e9titifs et une exp\u00e9rience conviviale pour les d\u00e9taillants et les utilisateurs finaux.<\/p>\n<h2>Principales caract\u00e9ristiques du WASPE Crystal <a href=\"https:\/\/widevape.com\/fr\/categorie-de-produits\/e-cigarettes-jetables-a-la-volee\/40000-cartouches-de-cigarettes-jetables\/\">40000 trains<\/a><\/h2>\n<p>Das <strong>WASPE Crystal 40000 bouff\u00e9es<\/strong> <a href=\"https:\/\/widevape.com\/fr\/\">Vaporisateur jetable<\/a> se distingue par ses sp\u00e9cifications et son design impressionnants. Vous trouverez ci-dessous les principales caract\u00e9ristiques de ce produit, qui en fait un choix incontournable pour les amateurs de vapeur :<\/p>\n<ul>\n<li><strong>Trains<\/strong>: 40.000 bouff\u00e9es pour une exp\u00e9rience vapeur durable.<\/li>\n<li><strong>Double go\u00fbt<\/strong>: Offre deux saveurs diff\u00e9rentes dans un seul appareil, ce qui permet de profiter d'une exp\u00e9rience gustative vari\u00e9e et intense \u00e0 chaque bouff\u00e9e.<\/li>\n<li><strong>Bobine de maille<\/strong>: Les doubles coils en maille de 0,9 ohm (chacun pour une saveur) assurent une production de vapeur r\u00e9guli\u00e8re et continue et un vapotage agr\u00e9able.<\/li>\n<li><strong>Capacit\u00e9 d'e-liquide<\/strong>Chaque appareil est pr\u00e9-rempli avec 32 ml d'e-liquide, ce qui vous permet de profiter du vapotage pendant une p\u00e9riode prolong\u00e9e.<\/li>\n<li><strong>Nicotine<\/strong>Choisissez parmi trois taux de nicotine - 0%, 2% et 5% - pour r\u00e9pondre \u00e0 vos pr\u00e9f\u00e9rences individuelles.<\/li>\n<li><strong>Capacit\u00e9 de la batterie<\/strong>: \u00c9quip\u00e9 d'une puissante batterie de 850mAh qui permet des dur\u00e9es d'utilisation plus longues entre les recharges.<\/li>\n<li><strong>Rechargeable via Type-C<\/strong>Contrairement \u00e0 la plupart des vapes jetables, ce mod\u00e8le est rechargeable via Type-C, ce qui prolonge la dur\u00e9e de vie de l'appareil et vous permet de tirer le meilleur parti de chaque bouff\u00e9e.<\/li>\n<li><strong>\u00c9cran LED<\/strong>: l'\u00e9cran LED int\u00e9gr\u00e9 affiche des informations importantes telles que l'\u00e9tat de la batterie, ce qui vous permet de garder un \u0153il sur l'utilisation et les besoins de charge \u00e0 tout moment.<\/li>\n<li><strong>L\u00e9ger et compact<\/strong>: Avec un poids de seulement 105 grammes et des dimensions de 61 mm x 31 mm x 115 mm, cette vape est facile \u00e0 transporter, sans pour autant renoncer \u00e0 la performance.<\/li>\n<li><strong>Emballage en gros<\/strong>Chaque bo\u00eete en carton contient 200 appareils, 10 appareils par bo\u00eete - id\u00e9al pour les acheteurs en gros et les d\u00e9taillants.<\/li>\n<li><strong>Construction durable<\/strong>: Le train WASPE Crystal 40000 est con\u00e7u pour un usage r\u00e9gulier et se distingue par sa long\u00e9vit\u00e9 et sa qualit\u00e9.<\/li>\n<\/ul>\n<h2>Saveurs du WASPE Crystal 40000 bouff\u00e9es<\/h2>\n<p>Das <strong>WASPE Crystal 40000 bouff\u00e9es<\/strong> offre une multitude d'options passionnantes et \u00e9quilibr\u00e9es en termes de go\u00fbt, qui font passer votre exp\u00e9rience de vapotage au niveau sup\u00e9rieur. Chaque saveur a \u00e9t\u00e9 cr\u00e9\u00e9e pour offrir une exp\u00e9rience intense et agr\u00e9able, qui r\u00e9pond aux souhaits de tous les vapoteurs. Voici un aper\u00e7u d\u00e9taill\u00e9 des saveurs disponibles :<\/p>\n<h4>1. <strong>Past\u00e8que Ice &amp; Citron vert<\/strong><\/h4>\n<p>Un m\u00e9lange rafra\u00eechissant de go\u00fbt juteux de past\u00e8que et de fra\u00eecheur p\u00e9tillante de citron vert et de citron. Le go\u00fbt de past\u00e8que offre une base sucr\u00e9e, tandis que le citron vert ajoute une note p\u00e9tillante et rafra\u00eechissante - parfait pour l'\u00e9t\u00e9 !<\/p>\n<h4>2. <strong>Red Bull Ice &amp; Strawberry Mango<\/strong><\/h4>\n<p>Une combinaison vivifiante de la c\u00e9l\u00e8bre saveur Red Bull et de la douceur tropicale de la fraise et de la mangue. La fin de bouche fra\u00eeche procure une sensation de fra\u00eecheur et est id\u00e9ale pour ceux qui recherchent une exp\u00e9rience de vapotage vivifiante.<\/p>\n<h4>3. <strong>Strawberry Red Bull &amp; Blueberry Cherry<\/strong><\/h4>\n<p>Un duo intense qui associe le go\u00fbt \u00e9nergique de Red Bull \u00e0 la douceur de la fraise. La myrtille et la cerise compl\u00e8tent le tout pour offrir une combinaison de saveurs complexes et fruit\u00e9es, \u00e0 la fois vivifiantes et d\u00e9licieuses.<\/p>\n<h4>4. <strong>Blueberry Candy &amp; Strawberry Watermelon (Past\u00e8que aux fraises)<\/strong><\/h4>\n<p>Pour les amateurs d'ar\u00f4mes sucr\u00e9s, ce m\u00e9lange offre une combinaison de myrtilles et de fraises, m\u00e9lang\u00e9e \u00e0 une touche de gla\u00e7age qui rappelle les bonbons. Les notes douces et fruit\u00e9es offrent une exp\u00e9rience de vapotage nostalgique et sucr\u00e9e.<\/p>\n<h4>5. <strong>Fraise kiwi &amp; fraise cerise<\/strong><\/h4>\n<p>Les fraises et le kiwi s'unissent pour former un m\u00e9lange rafra\u00eechissant, tandis que la cerise sucr\u00e9e vient compl\u00e9ter l'ensemble. Cette saveur offre un \u00e9quilibre parfait entre le fruit\u00e9 et un coup de fouet l\u00e9g\u00e8rement acidul\u00e9.<\/p>\n<h4>6. <strong>Blueberry Raspberry &amp; Peach Berry Ice<\/strong><\/h4>\n<p>Une exp\u00e9rience fruit\u00e9e qui combine la douceur des myrtilles et des framboises avec le go\u00fbt frais et rafra\u00eechissant des baies de p\u00eache. La fin de bouche fra\u00eeche donne une impression de vapeur rafra\u00eechissante et agr\u00e9able.<\/p>\n<h4>7. <strong>Fraise Framboise Cerise &amp; Amour 666<\/strong><\/h4>\n<p>Un trio s\u00e9duisant de fraises, de framboises et de cerises, compl\u00e9t\u00e9 par la myst\u00e9rieuse saveur \"Love 666\". Ce m\u00e9lange est \u00e0 la fois doux, fruit\u00e9 et excitant.<\/p>\n<h4>8. <strong>Peach Ice &amp; Watermelon Mango Peach<\/strong><\/h4>\n<p>Une exp\u00e9rience gustative tropicale qui combine des p\u00eaches sucr\u00e9es avec de la past\u00e8que et de la mangue. La finale glac\u00e9e donne un coup de fouet frais et fait de ce m\u00e9lange un choix parfait pour les chaudes journ\u00e9es d'\u00e9t\u00e9.<\/p>\n<h4>9. <strong>Strawberry Banana &amp; Pineapple Coconut Ice<\/strong><\/h4>\n<p>Un m\u00e9lange tropical cr\u00e9meux de fraises et de bananes, agr\u00e9ment\u00e9 d'une note glac\u00e9e rafra\u00eechissante d'ananas et de noix de coco. Cette combinaison offre une exp\u00e9rience de vapotage \u00e0 la fois souple et fra\u00eeche.<\/p>\n<h4>10. <strong>Glace au raisin &amp; glace au dragon noir<\/strong><\/h4>\n<p>Un go\u00fbt intense avec la douceur du raisin et l'ar\u00f4me exotique \"Black Dragon\". La fin de bouche glac\u00e9e au menthol assure un vapotage rafra\u00eechissant et vivifiant que les fans de menthol adoreront.<\/p>\n<h4>11. <strong>Mixed Berries &amp; Raspberry Lemonade (Lemonade de framboises)<\/strong><\/h4>\n<p>Un m\u00e9lange fruit\u00e9 de baies m\u00e9lang\u00e9es et de limonade \u00e0 la framboise. Cette combinaison de saveurs associe douceur et acidit\u00e9 pour offrir une exp\u00e9rience de vapotage rafra\u00eechissante avec un coup de fouet p\u00e9tillant.<\/p>\n<h4>12. <strong>Blueberry Ice &amp; Cherry Cola Ice<\/strong><\/h4>\n<p>Le m\u00e9lange parfait de myrtilles sucr\u00e9es et du go\u00fbt classique du cola \u00e0 la cerise, combin\u00e9 \u00e0 une finale glac\u00e9e au menthol. Cette combinaison rafra\u00eechissante et p\u00e9tillante ravira les amateurs de saveurs de cola et de menthol.<\/p>\n<h2>Warum <strong>WASPE Crystal 40000 bouff\u00e9es<\/strong> pour les grossistes ?<\/h2>\n<ul>\n<li><strong>Une valeur in\u00e9gal\u00e9e<\/strong>: Avec jusqu'\u00e0 40.000 bouff\u00e9es par appareil, le WASPE Crystal offre une valeur exceptionnelle, en particulier lors d'un achat en gros.<\/li>\n<li><strong>Remises en gros<\/strong>: Widevape propose des prix comp\u00e9titifs aux grossistes et aux acheteurs en gros en Allemagne, aux Pays-Bas, en Belgique et en Espagne - id\u00e9al pour les d\u00e9taillants et les revendeurs.<\/li>\n<li><strong>Rechargeable<\/strong>: La rechargeabilit\u00e9 de type C garantit une plus longue dur\u00e9e de vie de l'appareil et vous permet de maximiser votre investissement.<\/li>\n<li><strong>Haute qualit\u00e9<\/strong>: La bouff\u00e9e WASPE Crystal 40000 est un produit de haute qualit\u00e9, con\u00e7u pour un usage r\u00e9gulier et appr\u00e9ci\u00e9 des vapoteurs exigeants.<\/li>\n<\/ul>\n<h2>Commandez le <strong>WASPE Crystal 40000 bouff\u00e9es<\/strong> chez <a href=\"https:\/\/widevape.com\/fr\/\">Widevape<\/a><\/h2>\n<p>Pour les meilleures offres de <strong>WASPE Crystal 40000 bouff\u00e9es<\/strong> Vapes jetables visitez Widevape. En tant que premi\u00e8re plateforme europ\u00e9enne de vente en gros de vapes jetables, nous proposons des prix imbattables et des livraisons rapides et assur\u00e9es dans des pays comme l'Allemagne, les Pays-Bas, la Belgique et l'Espagne. Que vous commandiez pour votre usage personnel ou que vous souhaitiez reconstituer vos stocks de d\u00e9tail, vous trouverez chez nous tout ce dont vous avez besoin.<\/p>\n<p>Nous prenons en charge plusieurs m\u00e9thodes de paiement, dont PayPal, les cartes de cr\u00e9dit, iDEAL (pour les Pays-Bas), Bancontact (pour la Belgique) et les virements bancaires SEPA pour une gestion rapide des paiements.<\/p>\n<p>eme transaction dans toute l'Europe.<\/p>\n<h2>Fazit<\/h2>\n<p>Das <strong>WASPE Crystal 40000 bouff\u00e9es<\/strong> La vape jetable est un produit r\u00e9volutionnaire qui offre des performances exceptionnelles, une grande vari\u00e9t\u00e9 de saveurs et une grande facilit\u00e9 d'utilisation. Avec sa longue dur\u00e9e de vie, ses doubles saveurs et sa rechargeabilit\u00e9, c'est le choix parfait pour les vapoteurs qui recherchent la qualit\u00e9 et le confort. Rendez-vous sur Widevape pour passer votre commande d\u00e8s aujourd'hui et b\u00e9n\u00e9ficier de remises exclusives sur les commandes en gros de cette indispensable vape jetable !<\/p>\n<p><img loading=\"lazy\" decoding=\"async\" class=\"alignnone wp-image-17211 size-full\" src=\"https:\/\/widevape.com\/wp-content\/uploads\/2025\/02\/WASPE_Crysta-9.webp\" alt=\"WASPE Crystal 40000 bouff\u00e9es double saveur \u00c9cran num\u00e9rique 0%, 2%, 5% Faible taux de nicotine Rechargeable E-cigarette jetable en gros\" width=\"1060\" height=\"1060\" srcset=\"https:\/\/widevape.com\/wp-content\/uploads\/2025\/02\/WASPE_Crysta-9.webp 1060w, https:\/\/widevape.com\/wp-content\/uploads\/2025\/02\/WASPE_Crysta-9-247x247.webp 247w, https:\/\/widevape.com\/wp-content\/uploads\/2025\/02\/WASPE_Crysta-9-100x100.webp 100w, https:\/\/widevape.com\/wp-content\/uploads\/2025\/02\/WASPE_Crysta-9-510x510.webp 510w, https:\/\/widevape.com\/wp-content\/uploads\/2025\/02\/WASPE_Crysta-9-300x300.webp 300w, https:\/\/widevape.com\/wp-content\/uploads\/2025\/02\/WASPE_Crysta-9-1024x1024.webp 1024w, https:\/\/widevape.com\/wp-content\/uploads\/2025\/02\/WASPE_Crysta-9-150x150.webp 150w, https:\/\/widevape.com\/wp-content\/uploads\/2025\/02\/WASPE_Crysta-9-768x768.webp 768w\" sizes=\"auto, (max-width: 1060px) 100vw, 1060px\" \/> <img loading=\"lazy\" decoding=\"async\" class=\"alignnone wp-image-17210 size-full\" src=\"https:\/\/widevape.com\/wp-content\/uploads\/2025\/02\/WASPE_Crysta-8.webp\" alt=\"WASPE Crystal 40000 bouff\u00e9es double saveur \u00c9cran num\u00e9rique 0%, 2%, 5% Faible taux de nicotine Rechargeable E-cigarette jetable en gros\" width=\"1060\" height=\"1060\" srcset=\"https:\/\/widevape.com\/wp-content\/uploads\/2025\/02\/WASPE_Crysta-8.webp 1060w, https:\/\/widevape.com\/wp-content\/uploads\/2025\/02\/WASPE_Crysta-8-247x247.webp 247w, https:\/\/widevape.com\/wp-content\/uploads\/2025\/02\/WASPE_Crysta-8-100x100.webp 100w, https:\/\/widevape.com\/wp-content\/uploads\/2025\/02\/WASPE_Crysta-8-510x510.webp 510w, https:\/\/widevape.com\/wp-content\/uploads\/2025\/02\/WASPE_Crysta-8-300x300.webp 300w, https:\/\/widevape.com\/wp-content\/uploads\/2025\/02\/WASPE_Crysta-8-1024x1024.webp 1024w, https:\/\/widevape.com\/wp-content\/uploads\/2025\/02\/WASPE_Crysta-8-150x150.webp 150w, https:\/\/widevape.com\/wp-content\/uploads\/2025\/02\/WASPE_Crysta-8-768x768.webp 768w\" sizes=\"auto, (max-width: 1060px) 100vw, 1060px\" \/> <img loading=\"lazy\" decoding=\"async\" class=\"alignnone wp-image-17209 size-full\" src=\"https:\/\/widevape.com\/wp-content\/uploads\/2025\/02\/WASPE_Crysta-7.webp\" alt=\"WASPE Crystal 40000 bouff\u00e9es double saveur \u00c9cran num\u00e9rique 0%, 2%, 5% Faible taux de nicotine Rechargeable E-cigarette jetable en gros\" width=\"1060\" height=\"1060\" srcset=\"https:\/\/widevape.com\/wp-content\/uploads\/2025\/02\/WASPE_Crysta-7.webp 1060w, https:\/\/widevape.com\/wp-content\/uploads\/2025\/02\/WASPE_Crysta-7-247x247.webp 247w, https:\/\/widevape.com\/wp-content\/uploads\/2025\/02\/WASPE_Crysta-7-100x100.webp 100w, https:\/\/widevape.com\/wp-content\/uploads\/2025\/02\/WASPE_Crysta-7-510x510.webp 510w, https:\/\/widevape.com\/wp-content\/uploads\/2025\/02\/WASPE_Crysta-7-300x300.webp 300w, https:\/\/widevape.com\/wp-content\/uploads\/2025\/02\/WASPE_Crysta-7-1024x1024.webp 1024w, https:\/\/widevape.com\/wp-content\/uploads\/2025\/02\/WASPE_Crysta-7-150x150.webp 150w, https:\/\/widevape.com\/wp-content\/uploads\/2025\/02\/WASPE_Crysta-7-768x768.webp 768w\" sizes=\"auto, (max-width: 1060px) 100vw, 1060px\" \/> <img loading=\"lazy\" decoding=\"async\" class=\"alignnone wp-image-17208 size-full\" src=\"https:\/\/widevape.com\/wp-content\/uploads\/2025\/02\/WASPE_Crysta-6.webp\" alt=\"WASPE Crystal 40000 bouff\u00e9es double saveur \u00c9cran num\u00e9rique 0%, 2%, 5% Faible taux de nicotine Rechargeable E-cigarette jetable en gros\" width=\"1060\" height=\"1060\" srcset=\"https:\/\/widevape.com\/wp-content\/uploads\/2025\/02\/WASPE_Crysta-6.webp 1060w, https:\/\/widevape.com\/wp-content\/uploads\/2025\/02\/WASPE_Crysta-6-247x247.webp 247w, https:\/\/widevape.com\/wp-content\/uploads\/2025\/02\/WASPE_Crysta-6-100x100.webp 100w, https:\/\/widevape.com\/wp-content\/uploads\/2025\/02\/WASPE_Crysta-6-510x510.webp 510w, https:\/\/widevape.com\/wp-content\/uploads\/2025\/02\/WASPE_Crysta-6-300x300.webp 300w, https:\/\/widevape.com\/wp-content\/uploads\/2025\/02\/WASPE_Crysta-6-1024x1024.webp 1024w, https:\/\/widevape.com\/wp-content\/uploads\/2025\/02\/WASPE_Crysta-6-150x150.webp 150w, https:\/\/widevape.com\/wp-content\/uploads\/2025\/02\/WASPE_Crysta-6-768x768.webp 768w\" sizes=\"auto, (max-width: 1060px) 100vw, 1060px\" \/><\/p>","protected":false},"excerpt":{"rendered":"<p>Das <strong>WASPE Crystal 40000 bouff\u00e9es<\/strong> est une vape sophistiqu\u00e9e, rechargeable et jetable, avec une capacit\u00e9 de 40 000 bouff\u00e9es, une option de go\u00fbt dual, 32 ml d'e-liquide, des taux de nicotine variables (0%, 2%, 5%) et un \u00e9cran LED pratique, disponible en plusieurs combinaisons de go\u00fbts excitantes et parfaitement adapt\u00e9e aux grossistes.<\/p>","protected":false},"featured_media":17202,"comment_status":"open","ping_status":"closed","template":"","meta":[],"product_brand":[],"product_cat":[112,92,93,37,94,61,90,71,96],"product_tag":[],"class_list":{"0":"post-16859","1":"product","2":"type-product","3":"status-publish","4":"has-post-thumbnail","6":"product_cat-40000-zuege-einweg-e-zigaretten","7":"product_cat-digitale-box-einweg-e-zigaretten","8":"product_cat-dual-mesh-einweg-e-zigaretten","9":"product_cat-einweg-e-zigaretten","10":"product_cat-einweg-e-zigaretten-mit-niedriger-nikotinstaerke","11":"product_cat-einweg-e-zigaretten-nach-zuegen","12":"product_cat-grosse-einweg-e-zigaretten","13":"product_cat-waspe-einweg-e-zigaretten","14":"product_cat-wiederaufladbare-einweg-e-zigaretten","16":"first","17":"outofstock","18":"shipping-taxable","19":"purchasable","20":"product-type-variable"},"_links":{"self":[{"href":"https:\/\/widevape.com\/fr\/wp-json\/wp\/v2\/product\/16859","targetHints":{"allow":["GET"]}}],"collection":[{"href":"https:\/\/widevape.com\/fr\/wp-json\/wp\/v2\/product"}],"about":[{"href":"https:\/\/widevape.com\/fr\/wp-json\/wp\/v2\/types\/product"}],"replies":[{"embeddable":true,"href":"https:\/\/widevape.com\/fr\/wp-json\/wp\/v2\/comments?post=16859"}],"wp:featuredmedia":[{"embeddable":true,"href":"https:\/\/widevape.com\/fr\/wp-json\/wp\/v2\/media\/17202"}],"wp:attachment":[{"href":"https:\/\/widevape.com\/fr\/wp-json\/wp\/v2\/media?parent=16859"}],"wp:term":[{"taxonomy":"product_brand","embeddable":true,"href":"https:\/\/widevape.com\/fr\/wp-json\/wp\/v2\/product_brand?post=16859"},{"taxonomy":"product_cat","embeddable":true,"href":"https:\/\/widevape.com\/fr\/wp-json\/wp\/v2\/product_cat?post=16859"},{"taxonomy":"product_tag","embeddable":true,"href":"https:\/\/widevape.com\/fr\/wp-json\/wp\/v2\/product_tag?post=16859"}],"curies":[{"name":"wp","href":"https:\/\/api.w.org\/{rel}","templated":true}]}}