{"id":17218,"date":"2025-02-12T07:35:39","date_gmt":"2025-02-12T06:35:39","guid":{"rendered":"https:\/\/widevape.com\/?post_type=product&#038;p=17218"},"modified":"2026-01-19T07:47:08","modified_gmt":"2026-01-19T06:47:08","slug":"jnr-vape-watch-30000-allumee-10-saveurs-technologie-dual-mesh-2-nicotine-e-cigarette-rechargeable-jetable-pour-grossiste","status":"publish","type":"product","link":"https:\/\/widevape.com\/fr\/product\/jnr-vape-watch-30000-zuege-10-geschmacksrichtungen-dual-mesh-technologie-2-nikotin-wiederaufladbare-einweg-e-zigarette-fuer-grosshandel\/","title":{"rendered":"JNR Vape Watch 30000 bouff\u00e9es - 10 saveurs, technologie double maille, 2% de nicotine, e-cigarette rechargeable jetable pour le commerce de gros"},"content":{"rendered":"<div style=\"width: 1020px;\" class=\"wp-video\"><video class=\"wp-video-shortcode\" id=\"video-17218-1\" width=\"1020\" height=\"574\" preload=\"metadata\" controls=\"controls\"><source type=\"video\/mp4\" src=\"https:\/\/widevape.com\/wp-content\/uploads\/2025\/02\/JNR-Vape-Watch-30000.mp4?_=1\" \/><a href=\"https:\/\/widevape.com\/wp-content\/uploads\/2025\/02\/JNR-Vape-Watch-30000.mp4\">https:\/\/widevape.com\/wp-content\/uploads\/2025\/02\/JNR-Vape-Watch-30000.mp4<\/a><\/video><\/div>\n<h2 class=\"mb-2 mt-6 text-lg first:mt-3\"><strong><a href=\"https:\/\/widevape.com\/fr\/categorie-de-produits\/jnr-e-cigarettes-jetables\/\">JNR<\/a> Vape Watch 30000 bouff\u00e9es : l'avenir du vapotage<\/strong><\/h2>\n<p>Die\u00a0<strong>JNR Vape Watch 30000 bouff\u00e9es<\/strong>\u00a0est une e-cigarette jetable r\u00e9volutionnaire qui allie design, fonctionnalit\u00e9 et performance dans un produit unique. Avec une capacit\u00e9 impressionnante de 30 000 bouff\u00e9es, une technologie innovante de bobine \u00e0 double maille et une fonction pratique de smartwatch, cet appareil \u00e9tablit de nouvelles normes dans le domaine de la vape jetable. Disponible exclusivement sur\u00a0<strong>WideVape<\/strong>JNR Vape Watch offre une exp\u00e9rience de vapotage incomparable aux clients exigeants.<\/p>\n<h2 class=\"mb-2 mt-6 text-lg first:mt-3\"><strong>Caract\u00e9ristiques principales de la JNR Vape Watch <a href=\"https:\/\/widevape.com\/fr\/categorie-de-produits\/e-cigarettes-jetables-a-la-volee\/30000-cartouches-de-cigarettes-jetables\/\">30000 trains<\/a><\/strong><\/h2>\n<ol class=\"marker:text-textOff list-decimal\">\n<li><strong>Fonctionnalit\u00e9 Smartwatch<\/strong><br \/>\nOutre le vapotage, les utilisateurs peuvent passer des appels, recevoir des messages texte et m\u00eame contr\u00f4ler \u00e0 distance l'appareil photo de leur smartphone - un v\u00e9ritable appareil multit\u00e2che.<\/li>\n<li><strong>30.000 trains Capacit\u00e9<\/strong><br \/>\nAvec un nombre record de 30 000 bouff\u00e9es, la JNR Vape Watch est id\u00e9ale pour les utilisateurs \u00e0 long terme et r\u00e9duit le besoin de remplacement fr\u00e9quent.<\/li>\n<li><strong>Technologie Dual-Mesh-Coil<\/strong><br \/>\nLe coil Dual-Mesh avanc\u00e9 assure un go\u00fbt intense et une production de vapeur r\u00e9guli\u00e8re \u00e0 chaque bouff\u00e9e.<\/li>\n<li><strong>19ml d'e-liquide avec 2 % de nicotine<\/strong><br \/>\nL'appareil est pr\u00e9-rempli de liquide de haute qualit\u00e9 \u00e0 faible concentration de nicotine, parfait pour une exp\u00e9rience de vapotage en douceur.<\/li>\n<li><strong>Batterie rechargeable avec fonction de charge rapide<\/strong><br \/>\nLa puissante batterie de 1000 mAh prend en charge la recharge rapide via USB-C et garantit une longue dur\u00e9e d'utilisation.<\/li>\n<li><strong>Design de montre amovible<\/strong><br \/>\nLa JNR Vape Watch peut \u00eatre port\u00e9e comme une smartwatch styl\u00e9e ou \u00eatre retir\u00e9e du bracelet - une flexibilit\u00e9 maximale pour les d\u00e9placements.<\/li>\n<li><strong>Int\u00e9gration conviviale de l'application<\/strong><br \/>\nDes fonctions telles que \"Find My Phone\" et une fonction de verrouillage priv\u00e9 font de cet appareil un v\u00e9ritable appareil polyvalent.<\/li>\n<li><strong>L\u00e9ger et portable<\/strong><br \/>\nMalgr\u00e9 sa polyvalence, la JNR Vape Watch reste compacte et facile \u00e0 transporter.<\/li>\n<\/ol>\n<h2 class=\"mb-2 mt-6 text-lg first:mt-3\"><strong>Pourquoi utiliser la JNR Vape Watch chez <a href=\"https:\/\/widevape.com\/fr\/\">WideVape<\/a> acheter ?<\/strong><\/h2>\n<p>WideVape est le leader europ\u00e9en de la vente en gros de vape jetable. Notre plateforme offre non seulement les meilleurs prix, mais aussi un service de qualit\u00e9 sup\u00e9rieure :<\/p>\n<ul class=\"marker:text-textOff list-disc\">\n<li><strong>Livraison rapide :<\/strong>\u00a0Exp\u00e9dition fiable dans tous les pays de l'UE.<\/li>\n<li><strong>Possibilit\u00e9s de paiement flexibles :<\/strong>\u00a0Outre PayPal et les cartes de cr\u00e9dit, nous acceptons iDEAL (Pays-Bas), Bancontact (Belgique) et les virements bancaires SEPA.<\/li>\n<li><strong>Des r\u00e9ductions exclusives :<\/strong>\u00a0Offres attractives pour les gros clients.<\/li>\n<li><strong>exp\u00e9rience :<\/strong>\u00a0Avec plus de dix ans d'exp\u00e9rience dans la distribution d'e-cigarettes, nous garantissons la meilleure qualit\u00e9.<\/li>\n<\/ul>\n<h2 class=\"mb-2 mt-6 text-lg first:mt-3\"><strong>Saveurs : une diversit\u00e9 pour tous les go\u00fbts<\/strong><\/h2>\n<p>La JNR Vape Watch est disponible en dix saveurs soigneusement s\u00e9lectionn\u00e9es, offrant \u00e0 la fois des ar\u00f4mes classiques et exotiques :<\/p>\n<ol class=\"marker:text-textOff list-decimal\">\n<li><strong>Blue Razz Ice :<\/strong>\u00a0Un m\u00e9lange rafra\u00eechissant de myrtille sucr\u00e9e et de menthol frais - parfait pour les chaudes journ\u00e9es d'\u00e9t\u00e9.<\/li>\n<li><strong>Glace \u00e0 la fraise :<\/strong>\u00a0Des fraises juteuses combin\u00e9es \u00e0 un soup\u00e7on de fra\u00eecheur.<\/li>\n<li><strong>Glace \u00e0 la past\u00e8que :<\/strong>\u00a0Le go\u00fbt de la past\u00e8que m\u00fbre rencontre la fra\u00eecheur glac\u00e9e.<\/li>\n<li><strong>Miami Mint :<\/strong>\u00a0Go\u00fbt de menthe tropicale inspir\u00e9 de l'atmosph\u00e8re anim\u00e9e de Miami.<\/li>\n<li><strong>Strawberry Banana :<\/strong>\u00a0Une combinaison cr\u00e9meuse de fraises sucr\u00e9es et de bananes m\u00fbres.<\/li>\n<li><strong>Triple Berry :<\/strong>\u00a0Un m\u00e9lange fruit\u00e9 de framboises, de myrtilles et de m\u00fbres.<\/li>\n<li><strong>Glace \u00e0 la pomme acidul\u00e9e :<\/strong>\u00a0Pomme verte croquante avec une note l\u00e9g\u00e8rement acide et une finition givr\u00e9e.<\/li>\n<li><strong>Blueberry Watermelon :<\/strong>\u00a0Un m\u00e9lange harmonieux de myrtilles juteuses et de past\u00e8que rafra\u00eechissante.<\/li>\n<li><strong>Georgia Peach :<\/strong>\u00a0Le go\u00fbt authentique des p\u00eaches de G\u00e9orgie m\u00fbries au soleil.<\/li>\n<li><strong>Orange mangue :<\/strong>\u00a0Une combinaison exotique d'orange p\u00e9tillante et de mangue sucr\u00e9e.<\/li>\n<\/ol>\n<p>Chaque saveur a \u00e9t\u00e9 con\u00e7ue pour offrir un ar\u00f4me intense et une exp\u00e9rience de vapotage agr\u00e9able.<\/p>\n<h2 class=\"mb-2 mt-6 text-lg first:mt-3\"><strong>Avantages de <a href=\"https:\/\/widevape.com\/fr\/\">Einweg-Vapes<\/a><\/strong><\/h2>\n<p>Les e-cigarettes jetables comme la JNR Vape Watch sont de plus en plus populaires en raison de leur facilit\u00e9 d'utilisation :<\/p>\n<ul class=\"marker:text-textOff list-disc\">\n<li>Aucun entretien ou rechargement n\u00e9cessaire.<\/li>\n<li>Design compact - id\u00e9al pour les d\u00e9placements.<\/li>\n<li>Pr\u00e9-rempli avec un liquide de haute qualit\u00e9 pour des performances coh\u00e9rentes.<\/li>\n<li>Options plus \u00e9cologiques disponibles.<\/li>\n<\/ul>\n<p>Ces caract\u00e9ristiques font des vapes jetables le choix privil\u00e9gi\u00e9 des vapoteurs d\u00e9butants comme exp\u00e9riment\u00e9s.<\/p>\n<h2 class=\"mb-2 mt-6 text-lg first:mt-3\"><strong>Conclusion : votre meilleur choix dans le commerce de gros<\/strong><\/h2>\n<p>La JNR Vape Watch 30000 bouff\u00e9es n'est pas seulement une e-cigarette jetable, mais un appareil multifonctionnel de style de vie qui allie confort, style et performance. Que vous soyez un d\u00e9taillant ou un utilisateur final souhaitant acheter en grande quantit\u00e9, WideVape vous offre les meilleures conditions du march\u00e9.<\/p>\n<p>Visitez Widevape aujourd'hui pour abandonner votre commande et vivre la principale plate-forme d'Europe pour en gros des vapes jetables!<\/p>\n<p><img loading=\"lazy\" decoding=\"async\" class=\"alignnone wp-image-17240 size-full\" src=\"https:\/\/widevape.com\/wp-content\/uploads\/2025\/02\/JNR_Vape_Watch_30000-6-2.webp\" alt=\"JNR Vape Watch 30000 bouff\u00e9es - 10 saveurs, technologie double maille, 2% de nicotine, e-cigarette rechargeable jetable pour le commerce de gros\" width=\"1080\" height=\"1080\" srcset=\"https:\/\/widevape.com\/wp-content\/uploads\/2025\/02\/JNR_Vape_Watch_30000-6-2.webp 1080w, https:\/\/widevape.com\/wp-content\/uploads\/2025\/02\/JNR_Vape_Watch_30000-6-2-247x247.webp 247w, https:\/\/widevape.com\/wp-content\/uploads\/2025\/02\/JNR_Vape_Watch_30000-6-2-100x100.webp 100w, https:\/\/widevape.com\/wp-content\/uploads\/2025\/02\/JNR_Vape_Watch_30000-6-2-510x510.webp 510w, https:\/\/widevape.com\/wp-content\/uploads\/2025\/02\/JNR_Vape_Watch_30000-6-2-300x300.webp 300w, https:\/\/widevape.com\/wp-content\/uploads\/2025\/02\/JNR_Vape_Watch_30000-6-2-1024x1024.webp 1024w, https:\/\/widevape.com\/wp-content\/uploads\/2025\/02\/JNR_Vape_Watch_30000-6-2-150x150.webp 150w, https:\/\/widevape.com\/wp-content\/uploads\/2025\/02\/JNR_Vape_Watch_30000-6-2-768x768.webp 768w\" sizes=\"auto, (max-width: 1080px) 100vw, 1080px\" \/> <img loading=\"lazy\" decoding=\"async\" class=\"alignnone wp-image-17239 size-full\" src=\"https:\/\/widevape.com\/wp-content\/uploads\/2025\/02\/JNR_Vape_Watch_30000-5.webp\" alt=\"JNR Vape Watch 30000 bouff\u00e9es - 10 saveurs, technologie double maille, 2% de nicotine, e-cigarette rechargeable jetable pour le commerce de gros\" width=\"1060\" height=\"596\" srcset=\"https:\/\/widevape.com\/wp-content\/uploads\/2025\/02\/JNR_Vape_Watch_30000-5.webp 1060w, https:\/\/widevape.com\/wp-content\/uploads\/2025\/02\/JNR_Vape_Watch_30000-5-510x287.webp 510w, https:\/\/widevape.com\/wp-content\/uploads\/2025\/02\/JNR_Vape_Watch_30000-5-300x169.webp 300w, https:\/\/widevape.com\/wp-content\/uploads\/2025\/02\/JNR_Vape_Watch_30000-5-1024x576.webp 1024w, https:\/\/widevape.com\/wp-content\/uploads\/2025\/02\/JNR_Vape_Watch_30000-5-768x432.webp 768w\" sizes=\"auto, (max-width: 1060px) 100vw, 1060px\" \/><\/p>\n<p><img loading=\"lazy\" decoding=\"async\" class=\"alignnone\" src=\"https:\/\/widevape.com\/wp-content\/uploads\/2025\/02\/JNR_Vape_Watch_30000-1-2.webp\" alt=\"JNR Vape Watch 30000 bouff\u00e9es - 10 saveurs, technologie double maille, 2% de nicotine, e-cigarette rechargeable jetable pour le commerce de gros\" width=\"1059\" height=\"596\" \/><\/p>\n<p><img loading=\"lazy\" decoding=\"async\" class=\"alignnone wp-image-17247 size-full\" src=\"https:\/\/widevape.com\/wp-content\/uploads\/2025\/02\/JNR_Vape_Watch_30000-1.webp\" alt=\"JNR Vape Watch 30000 bouff\u00e9es - 10 saveurs, technologie double maille, 2% de nicotine, e-cigarette rechargeable jetable pour le commerce de gros\" width=\"1920\" height=\"1080\" srcset=\"https:\/\/widevape.com\/wp-content\/uploads\/2025\/02\/JNR_Vape_Watch_30000-1.webp 1920w, https:\/\/widevape.com\/wp-content\/uploads\/2025\/02\/JNR_Vape_Watch_30000-1-510x287.webp 510w, https:\/\/widevape.com\/wp-content\/uploads\/2025\/02\/JNR_Vape_Watch_30000-1-300x169.webp 300w, https:\/\/widevape.com\/wp-content\/uploads\/2025\/02\/JNR_Vape_Watch_30000-1-1024x576.webp 1024w, https:\/\/widevape.com\/wp-content\/uploads\/2025\/02\/JNR_Vape_Watch_30000-1-768x432.webp 768w, https:\/\/widevape.com\/wp-content\/uploads\/2025\/02\/JNR_Vape_Watch_30000-1-1536x864.webp 1536w\" sizes=\"auto, (max-width: 1920px) 100vw, 1920px\" \/><\/p>","protected":false},"excerpt":{"rendered":"<p>Die\u00a0<strong>JNR Vape Watch 30000 bouff\u00e9es<\/strong>\u00a0est une e-cigarette jetable innovante dot\u00e9e d'une fonction smartwatch, de la technologie dual-mesh coil et d'une capacit\u00e9 impressionnante de 30 000 bouff\u00e9es, qui allie un design \u00e9l\u00e9gant \u00e0 des performances de premier ordre - disponible en exclusivit\u00e9 chez WideVape, votre expert en vente en gros en Europe.<\/p>","protected":false},"featured_media":17240,"comment_status":"open","ping_status":"closed","template":"","meta":[],"product_brand":[],"product_cat":[109,92,93,94,90,49,96],"product_tag":[],"class_list":{"0":"post-17218","1":"product","2":"type-product","3":"status-publish","4":"has-post-thumbnail","6":"product_cat-30000-zuege-einweg-e-zigaretten","7":"product_cat-digitale-box-einweg-e-zigaretten","8":"product_cat-dual-mesh-einweg-e-zigaretten","9":"product_cat-einweg-e-zigaretten-mit-niedriger-nikotinstaerke","10":"product_cat-grosse-einweg-e-zigaretten","11":"product_cat-jnr-einweg-e-zigaretten","12":"product_cat-wiederaufladbare-einweg-e-zigaretten","14":"first","15":"outofstock","16":"shipping-taxable","17":"purchasable","18":"product-type-variable"},"_links":{"self":[{"href":"https:\/\/widevape.com\/fr\/wp-json\/wp\/v2\/product\/17218","targetHints":{"allow":["GET"]}}],"collection":[{"href":"https:\/\/widevape.com\/fr\/wp-json\/wp\/v2\/product"}],"about":[{"href":"https:\/\/widevape.com\/fr\/wp-json\/wp\/v2\/types\/product"}],"replies":[{"embeddable":true,"href":"https:\/\/widevape.com\/fr\/wp-json\/wp\/v2\/comments?post=17218"}],"wp:featuredmedia":[{"embeddable":true,"href":"https:\/\/widevape.com\/fr\/wp-json\/wp\/v2\/media\/17240"}],"wp:attachment":[{"href":"https:\/\/widevape.com\/fr\/wp-json\/wp\/v2\/media?parent=17218"}],"wp:term":[{"taxonomy":"product_brand","embeddable":true,"href":"https:\/\/widevape.com\/fr\/wp-json\/wp\/v2\/product_brand?post=17218"},{"taxonomy":"product_cat","embeddable":true,"href":"https:\/\/widevape.com\/fr\/wp-json\/wp\/v2\/product_cat?post=17218"},{"taxonomy":"product_tag","embeddable":true,"href":"https:\/\/widevape.com\/fr\/wp-json\/wp\/v2\/product_tag?post=17218"}],"curies":[{"name":"wp","href":"https:\/\/api.w.org\/{rel}","templated":true}]}}