{"id":17489,"date":"2025-02-13T09:33:49","date_gmt":"2025-02-13T08:33:49","guid":{"rendered":"https:\/\/widevape.com\/?post_type=product&#038;p=17489"},"modified":"2026-01-19T07:42:42","modified_gmt":"2026-01-19T06:42:42","slug":"fihp-9000-zuege-rechargeable-e-cigarette-jetable-avec-lumiere-rgb-2-5-nicotine-gros-achat-en-vrac","status":"publish","type":"product","link":"https:\/\/widevape.com\/fr\/product\/fihp-9000-zuege-wiederaufladbare-einweg-e-zigarette-mit-rgb-licht-2-5-nikotin-grosshandel-bulk-buy\/","title":{"rendered":"FIHP 9000 bouff\u00e9es Rechargeable jetable E-cigarette avec lumi\u00e8re RGB | 2% &amp; 5% nicotine | Vente en gros &amp; en vrac"},"content":{"rendered":"<div class=\"border-borderMain\/50 ring-borderMain\/50 divide-borderMain\/50 dark:divide-borderMainDark\/50 dark:ring-borderMainDark\/50 dark:border-borderMainDark\/50 bg-transparent\">\n<div class=\"mb-md\">\n<div class=\"relative default font-sans text-base text-textMain dark:text-textMainDark selection:bg-super\/50 selection:text-textMain dark:selection:bg-superDuper\/10 dark:selection:text-superDark\">\n<div class=\"min-w-0 break-words [word-break:break-word]\">\n<div dir=\"auto\">\n<div class=\"prose text-pretty dark:prose-invert inline leading-normal break-words min-w-0 [word-break:break-word]\">\n<div style=\"width: 1020px;\" class=\"wp-video\"><video class=\"wp-video-shortcode\" id=\"video-17489-1\" width=\"1020\" height=\"1020\" preload=\"metadata\" controls=\"controls\"><source type=\"video\/mp4\" src=\"https:\/\/widevape.com\/wp-content\/uploads\/2025\/02\/FIHP-9000-Puffs.mp4?_=1\" \/><a href=\"https:\/\/widevape.com\/wp-content\/uploads\/2025\/02\/FIHP-9000-Puffs.mp4\">https:\/\/widevape.com\/wp-content\/uploads\/2025\/02\/FIHP-9000-Puffs.mp4<\/a><\/video><\/div>\n<h2><a href=\"https:\/\/widevape.com\/product-category\/fihp-einweg-e-zigaretten\/\">FIHP<\/a> 9000 Z\u00fcge RGB-Light Wiederaufladbare Einweg-E-Zigarette \u2013 Gro\u00dfhandel f\u00fcr Europa<\/h2>\n<h2 class=\"mb-xs mt-5 text-base font-[525] first:mt-3\">Einf\u00fchrung in die FIHP 9000 Z\u00fcge Einweg-E-Zigarette<\/h2>\n<p class=\"mb-xs mt-5 text-base font-[525] first:mt-3\">Die FIHP 9000 Z\u00fcge RGB-Light Wiederaufladbare Einweg-E-Zigarette ist eine bahnbrechende Innovation im Bereich des Dampfens. Mit einer beeindruckenden Kapazit\u00e4t von 9000 Z\u00fcgen, modernster Mesh-Coil-Technologie und einem stilvollen RGB-Lichtdesign bietet dieses Produkt ein unvergleichliches Dampferlebnis. Bei WideVape, dem f\u00fchrenden Online-Gro\u00dfh\u00e4ndler f\u00fcr Einweg-E-Zigaretten in Deutschland, den Niederlanden, Belgien und Spanien, k\u00f6nnen Sie dieses Premium-Produkt zu unschlagbaren Preisen erwerben. Egal ob f\u00fcr Einzelh\u00e4ndler oder Gro\u00dfabnehmer \u2013 WideVape ist Ihre zuverl\u00e4ssige Quelle f\u00fcr hochwertige E-Zigaretten.<\/p>\n<h2 class=\"mb-xs mt-5 text-base font-[525] first:mt-3\"><strong>Hauptmerkmale der FIHP <a href=\"https:\/\/widevape.com\/product-category\/einweg-e-zigaretten-nach-zuegen\/9000-zuege-einweg-e-zigaretten\/\">9000 Z\u00fcge<\/a> Einweg-E-Zigarette<\/strong><\/h2>\n<p>Die FIHP 9000 Z\u00fcge ist nicht nur eine Einweg-E-Zigarette, sondern ein durchdachtes Produkt, das sich durch folgende Eigenschaften auszeichnet:<\/p>\n<ul class=\"marker:text-textOff list-disc\">\n<li><strong>Zug-Kapazit\u00e4t<\/strong>: Bis zu\u00a0<strong>9000 Z\u00fcge<\/strong>, ideal f\u00fcr langfristigen Gebrauch ohne h\u00e4ufigen Austausch.<\/li>\n<li><strong>Mesh Coil Technologie<\/strong>: Mit einem\u00a0<strong>1.0 Ohm Mesh Coil<\/strong>\u00a0ausgestattet, sorgt sie f\u00fcr eine gleichm\u00e4\u00dfige und intensive Geschmacksentfaltung.<\/li>\n<li><strong>E-Liquid-Kapazit\u00e4t<\/strong>: Enth\u00e4lt\u00a0<strong>18 ml hochwertiges E-Liquid<\/strong>, das \u00fcber die gesamte Lebensdauer des Ger\u00e4ts konstant bleibt.<\/li>\n<li><strong>Nikotinoptionen<\/strong>: Verf\u00fcgbar mit\u00a0<strong>2 % (20 mg)<\/strong>\u00a0oder\u00a0<strong>5 % (50 mg)<\/strong>\u00a0Nikotin, um verschiedene Nutzerbed\u00fcrfnisse zu erf\u00fcllen.<\/li>\n<li><strong>Wiederaufladbarer Akku<\/strong>: Der integrierte\u00a0<strong>650 mAh Akku<\/strong>\u00a0erm\u00f6glicht eine lange Betriebszeit und kann bequem \u00fcber einen modernen\u00a0<strong>Type-C-Anschluss<\/strong>\u00a0aufgeladen werden.<\/li>\n<li><strong>RGB-Lichtdesign<\/strong>: Verleiht dem Ger\u00e4t ein einzigartiges Aussehen und sorgt f\u00fcr ein visuelles Highlight beim Dampfen.<\/li>\n<li><strong>Gro\u00dfhandelsverpackung<\/strong>: In Kartons mit jeweils 200 St\u00fcck verpackt (Gesamtgewicht: 21 kg), ideal f\u00fcr den Gro\u00dfhandel.<\/li>\n<\/ul>\n<h2 class=\"mb-xs mt-5 text-base font-[525] first:mt-3\"><strong>Warum bei WideVape kaufen?<\/strong><\/h2>\n<p>WideVape ist der gr\u00f6\u00dfte Online-Gro\u00dfh\u00e4ndler f\u00fcr <a href=\"https:\/\/widevape.com\/\">Einweg-Vapes<\/a> in Europa. Unsere Vorteile:<\/p>\n<ol class=\"marker:text-textOff list-decimal\">\n<li><strong>Attraktive Gro\u00dfhandelspreise<\/strong>: Profitieren Sie von unseren Mengenrabatten und konkurrenzf\u00e4higen Preisen.<\/li>\n<li><strong>Schneller Versand in die EU<\/strong>: Wir bieten versicherten und schnellen Versand nach Deutschland, Belgien, Spanien und die Niederlande.<\/li>\n<li><strong>Sichere Zahlungsmethoden<\/strong>: Neben PayPal und Kreditkarten akzeptieren wir auch beliebte lokale Zahlungsmethoden wie iDEAL (Niederlande) und Bancontact (Belgien).<\/li>\n<li><strong>Breite Produktauswahl<\/strong>: Neben der FIHP 9000 f\u00fchren wir Top-Marken wie RandM Tornado, Elf Box, FIZZY und viele mehr.<\/li>\n<\/ol>\n<h2 class=\"mb-xs mt-5 text-base font-[525] first:mt-3\"><strong>Geschmacksrichtungen \u2013 Vielfalt f\u00fcr jeden Geschmack<\/strong><\/h2>\n<p>Die FIHP 9000 Z\u00fcge bietet eine breite Auswahl an sorgf\u00e4ltig entwickelten Aromen, die jeden Dampfer begeistern werden:<\/p>\n<ol class=\"marker:text-textOff list-decimal\">\n<li><strong>Strawberry Kiwi<\/strong>: Eine erfrischende Kombination aus s\u00fc\u00dfen Erdbeeren und s\u00e4uerlichem Kiwi \u2013 perfekt f\u00fcr einen sommerlichen Genuss.<\/li>\n<li><strong>Kiwi Passion Fruit Guava<\/strong>: Exotischer Geschmacksmix aus Kiwi, Passionsfrucht und Guave \u2013 tropisches Flair garantiert.<\/li>\n<li><strong>Mango Ice<\/strong>: Saftige Mango mit einem Hauch von Menthol \u2013 ein k\u00fchler Tropenurlaub in jedem Zug.<\/li>\n<li><strong>Mixed Berries<\/strong>: Eine fruchtige Explosion aus verschiedenen Beeren \u2013 s\u00fc\u00df und leicht s\u00e4uerlich zugleich.<\/li>\n<li><strong>Watermelon Ice<\/strong>: Frische Wassermelone trifft auf k\u00fchlendes Menthol \u2013 ideal f\u00fcr hei\u00dfe Tage.<\/li>\n<li><strong>Energy Drink<\/strong>: Spritziger Geschmack eines Energydrinks \u2013 belebt die Sinne mit jedem Zug.<\/li>\n<li><strong>Strawberry Banana<\/strong>: Cremige Mischung aus reifen Erdbeeren und Bananen \u2013 wie ein Smoothie zum Dampfen.<\/li>\n<li><strong>Strawberry Dragon Fruit<\/strong>: Exotischer Drachenfruchtgeschmack gepaart mit s\u00fc\u00dfer Erdbeere \u2013 einzigartig und aufregend.<\/li>\n<li><strong>Strawberry Watermelon<\/strong>: Harmonische Verbindung von saftiger Wassermelone und s\u00fc\u00dfer Erdbeere \u2013 ein Klassiker unter den Fruchtaromen.<\/li>\n<li><strong>Mango Peach<\/strong>: Tropische Mango vereint mit samtigem Pfirsich \u2013 sanft und fruchtig zugleich.<\/li>\n<li><strong>Blueberry Lemonade<\/strong>: Spritzige Limonade mit Blaubeeren \u2013 erfrischend und belebend.<\/li>\n<li><strong>Cool Mint<\/strong>: Klassischer Minzgeschmack mit einem eisigen Kick \u2013 perfekt f\u00fcr Liebhaber von Menthol.<\/li>\n<\/ol>\n<h2 class=\"mb-xs mt-5 text-base font-[525] first:mt-3\"><strong>Warum ist die FIHP 9000 ideal f\u00fcr den Gro\u00dfhandel?<\/strong><\/h2>\n<p>Die FIHP 9000 Z\u00fcge ist speziell darauf ausgelegt, sowohl Anf\u00e4nger als auch erfahrene Dampfer zufriedenzustellen. Ihre hohe Zugkapazit\u00e4t macht sie besonders wirtschaftlich, w\u00e4hrend die gro\u00dfe Auswahl an Geschmacksrichtungen eine breite Zielgruppe anspricht.F\u00fcr H\u00e4ndler bietet WideVape unschlagbare Vorteile:<\/p>\n<ul class=\"marker:text-textOff list-disc\">\n<li>Gro\u00dfe Bestellmengen direkt ab Werk verf\u00fcgbar.<\/li>\n<li>Attraktive Margen dank exklusiver Gro\u00dfhandelspreise.<\/li>\n<li>Zuverl\u00e4ssige Lieferung innerhalb Europas.<\/li>\n<\/ul>\n<h2 class=\"mb-xs mt-5 text-base font-[525] first:mt-3\">So bestellen Sie bei <a href=\"https:\/\/widevape.com\/\">WideVape<\/a><\/h2>\n<p>Der Bestellprozess bei WideVape ist einfach und sicher:<\/p>\n<ol class=\"marker:text-textOff list-decimal\">\n<li>Besuchen Sie unsere Website unter WideVape.com.<\/li>\n<li>W\u00e4hlen Sie die gew\u00fcnschte Menge der FIHP 9000 Z\u00fcge sowie Ihre bevorzugten Geschmacksrichtungen aus.<\/li>\n<li>Schlie\u00dfen Sie den Kauf mit Ihrer bevorzugten Zahlungsmethode ab (PayPal, Kreditkarte, iDEAL oder Bancontact).<\/li>\n<\/ol>\n<p>Mit unserem schnellen Versandservice k\u00f6nnen Sie sicher sein, dass Ihre Bestellung p\u00fcnktlich ankommt.<\/p>\n<h2 class=\"mb-xs mt-5 text-base font-[525] first:mt-3\">Fazit<\/h2>\n<p>Die FIHP 9000 Z\u00fcge RGB-Light Wiederaufladbare Einweg-E-Zigarette ist ein Spitzenprodukt im Bereich des Dampfens. Mit ihrer beeindruckenden Leistung, innovativen Features und vielf\u00e4ltigen Geschmacksrichtungen setzt sie neue Ma\u00dfst\u00e4be.<\/p>\n<\/div>\n<div class=\"prose text-pretty dark:prose-invert inline leading-normal break-words min-w-0 [word-break:break-word]\">Bei WideVape erhalten Sie dieses Produkt zu besten Konditionen im Gro\u00dfhandel \u2013 ideal f\u00fcr H\u00e4ndler in Deutschland, den Niederlanden, Belgien und Spanien. Besuchen Sie noch heute unsere Website WideVape.com und entdecken Sie die Vorteile eines zuverl\u00e4ssigen Partners f\u00fcr Ihre E-Zigaretten-Bed\u00fcrfnisse!<\/div>\n<div><img loading=\"lazy\" decoding=\"async\" class=\"alignnone wp-image-17544 size-full\" src=\"https:\/\/widevape.com\/wp-content\/uploads\/2025\/02\/FIHP_9000-7.webp\" alt=\"FIHP 9000 Z\u00fcge Wiederaufladbare Einweg E-Zigarette mit RGB-Licht | 2% &amp; 5% Nikotin | Gro\u00dfhandel &amp; Bulk-Buy\" width=\"800\" height=\"800\" srcset=\"https:\/\/widevape.com\/wp-content\/uploads\/2025\/02\/FIHP_9000-7.webp 800w, https:\/\/widevape.com\/wp-content\/uploads\/2025\/02\/FIHP_9000-7-247x247.webp 247w, https:\/\/widevape.com\/wp-content\/uploads\/2025\/02\/FIHP_9000-7-100x100.webp 100w, https:\/\/widevape.com\/wp-content\/uploads\/2025\/02\/FIHP_9000-7-510x510.webp 510w, https:\/\/widevape.com\/wp-content\/uploads\/2025\/02\/FIHP_9000-7-300x300.webp 300w, https:\/\/widevape.com\/wp-content\/uploads\/2025\/02\/FIHP_9000-7-150x150.webp 150w, https:\/\/widevape.com\/wp-content\/uploads\/2025\/02\/FIHP_9000-7-768x768.webp 768w\" sizes=\"auto, (max-width: 800px) 100vw, 800px\" \/> <img loading=\"lazy\" decoding=\"async\" class=\"alignnone wp-image-17543 size-full\" src=\"https:\/\/widevape.com\/wp-content\/uploads\/2025\/02\/FIHP_9000-6.webp\" alt=\"FIHP 9000 Z\u00fcge Wiederaufladbare Einweg E-Zigarette mit RGB-Licht | 2% &amp; 5% Nikotin | Gro\u00dfhandel &amp; Bulk-Buy\" width=\"800\" height=\"800\" srcset=\"https:\/\/widevape.com\/wp-content\/uploads\/2025\/02\/FIHP_9000-6.webp 800w, https:\/\/widevape.com\/wp-content\/uploads\/2025\/02\/FIHP_9000-6-247x247.webp 247w, https:\/\/widevape.com\/wp-content\/uploads\/2025\/02\/FIHP_9000-6-100x100.webp 100w, https:\/\/widevape.com\/wp-content\/uploads\/2025\/02\/FIHP_9000-6-510x510.webp 510w, https:\/\/widevape.com\/wp-content\/uploads\/2025\/02\/FIHP_9000-6-300x300.webp 300w, https:\/\/widevape.com\/wp-content\/uploads\/2025\/02\/FIHP_9000-6-150x150.webp 150w, https:\/\/widevape.com\/wp-content\/uploads\/2025\/02\/FIHP_9000-6-768x768.webp 768w\" sizes=\"auto, (max-width: 800px) 100vw, 800px\" \/><\/div>\n<\/div>\n<\/div>\n<\/div>\n<\/div>\n<\/div>\n","protected":false},"excerpt":{"rendered":"<p>L'e-cigarette rechargeable jetable FIHP 9000 bouff\u00e9es RGB-Light offre une exp\u00e9rience de vapotage haut de gamme avec 9000 bouff\u00e9es, 12 saveurs aromatiques et la technologie de pointe Mesh Coil - maintenant disponible chez WideVape, le leader europ\u00e9en de la vente en gros d'e-cigarettes jetables, \u00e0 des prix de gros attractifs pour les revendeurs en Allemagne, aux Pays-Bas, en Belgique et en Espagne.<\/p>","protected":false},"featured_media":17541,"comment_status":"open","ping_status":"closed","template":"","meta":[],"product_brand":[],"product_cat":[120,37,94,43,90,96],"product_tag":[],"class_list":{"0":"post-17489","1":"product","2":"type-product","3":"status-publish","4":"has-post-thumbnail","6":"product_cat-9000-zuege-einweg-e-zigaretten","7":"product_cat-einweg-e-zigaretten","8":"product_cat-einweg-e-zigaretten-mit-niedriger-nikotinstaerke","9":"product_cat-fihp-einweg-e-zigaretten","10":"product_cat-grosse-einweg-e-zigaretten","11":"product_cat-wiederaufladbare-einweg-e-zigaretten","13":"first","14":"outofstock","15":"shipping-taxable","16":"purchasable","17":"product-type-variable"},"_links":{"self":[{"href":"https:\/\/widevape.com\/fr\/wp-json\/wp\/v2\/product\/17489","targetHints":{"allow":["GET"]}}],"collection":[{"href":"https:\/\/widevape.com\/fr\/wp-json\/wp\/v2\/product"}],"about":[{"href":"https:\/\/widevape.com\/fr\/wp-json\/wp\/v2\/types\/product"}],"replies":[{"embeddable":true,"href":"https:\/\/widevape.com\/fr\/wp-json\/wp\/v2\/comments?post=17489"}],"wp:featuredmedia":[{"embeddable":true,"href":"https:\/\/widevape.com\/fr\/wp-json\/wp\/v2\/media\/17541"}],"wp:attachment":[{"href":"https:\/\/widevape.com\/fr\/wp-json\/wp\/v2\/media?parent=17489"}],"wp:term":[{"taxonomy":"product_brand","embeddable":true,"href":"https:\/\/widevape.com\/fr\/wp-json\/wp\/v2\/product_brand?post=17489"},{"taxonomy":"product_cat","embeddable":true,"href":"https:\/\/widevape.com\/fr\/wp-json\/wp\/v2\/product_cat?post=17489"},{"taxonomy":"product_tag","embeddable":true,"href":"https:\/\/widevape.com\/fr\/wp-json\/wp\/v2\/product_tag?post=17489"}],"curies":[{"name":"wp","href":"https:\/\/api.w.org\/{rel}","templated":true}]}}