{"id":22975,"date":"2025-02-25T13:19:23","date_gmt":"2025-02-25T12:19:23","guid":{"rendered":"https:\/\/widevape.com\/?post_type=product&#038;p=22975"},"modified":"2026-01-19T03:13:40","modified_gmt":"2026-01-19T02:13:40","slug":"acheter-en-gros-iqte-50000-zuege-dual-mesh-rgb-full-image-0-2-5-nikotinarm-rechargeable-jetable-vape-stick","status":"publish","type":"product","link":"https:\/\/widevape.com\/fr\/product\/iqte-50000-zuege-dual-mesh-rgb-vollbild-0-2-5-nikotinarm-wiederaufladbarer-einweg-vape-stift-im-grosshandel-kaufen\/","title":{"rendered":"IQTE 50000 bouff\u00e9es double maille RGB plein \u00e9cran 0% 2% 5% Nikotinarm Rechargeable jetable Vapo-stylo acheter en gros"},"content":{"rendered":"<div style=\"width: 720px;\" class=\"wp-video\"><video class=\"wp-video-shortcode\" id=\"video-22975-1\" width=\"720\" height=\"1280\" preload=\"metadata\" controls=\"controls\"><source type=\"video\/mp4\" src=\"https:\/\/widevape.com\/wp-content\/uploads\/2025\/02\/IQTE-50000.mp4?_=1\" \/><a href=\"https:\/\/widevape.com\/wp-content\/uploads\/2025\/02\/IQTE-50000.mp4\">https:\/\/widevape.com\/wp-content\/uploads\/2025\/02\/IQTE-50000.mp4<\/a><\/video><\/div>\n<h2 class=\"mb-2 mt-6 text-lg font-[500] first:mt-3\"><strong>Entdecken Sie das <a href=\"https:\/\/widevape.com\/product-category\/iqte-einweg-e-zigaretten\/\">IQTE<\/a> 50000 Z\u00fcge: Die ultimative Einweg-Vape-Erfahrung<\/strong><\/h2>\n<p class=\"my-0\">Bei\u00a0<strong>WideVape<\/strong>, dem gr\u00f6\u00dften Online-Wholesale-Plattform f\u00fcr Einweg-Vapes in Europa, bieten wir das\u00a0<strong>IQTE 50000 Z\u00fcge Dual Mesh RGB Full Screen<\/strong>\u00a0an. Dieses innovative Ger\u00e4t kombiniert fortschrittliche Technologie mit unvergleichlichem Komfort und ist ideal f\u00fcr den deutschen Markt.<\/p>\n<h2 class=\"mb-xs mt-5 text-base font-[525] first:mt-3\"><strong>Hauptmerkmale des IQTE<a href=\"https:\/\/widevape.com\/product-category\/einweg-e-zigaretten-nach-zuegen\/50000-zuege-einweg-e-zigaretten\/\"> 50000 Z\u00fcge<\/a><\/strong><\/h2>\n<ul class=\"marker:text-textOff list-disc\">\n<li>\n<p class=\"my-0\"><strong>Doppel-Mesh-Spulentechnologie<\/strong>: Verbessert den Geschmack und die Dampfproduktion f\u00fcr ein authentisches Erlebnis.<\/p>\n<\/li>\n<li>\n<p class=\"my-0\"><strong>RGB-Vollbildanzeige<\/strong>: Bietet ein visuell ansprechendes Erlebnis mit verschiedenen Farben.<\/p>\n<\/li>\n<li>\n<p class=\"my-0\"><strong>Anzeige f\u00fcr Akku- und E-Liquid-Stand<\/strong>: H\u00e4lt Sie \u00fcber den Status Ihres Ger\u00e4ts informiert.<\/p>\n<\/li>\n<li>\n<p class=\"my-0\"><strong>38 ml E-Liquid-Kapazit\u00e4t<\/strong>: L\u00e4ngere Vapingsessions ohne h\u00e4ufiges Nachf\u00fcllen.<\/p>\n<\/li>\n<li>\n<p class=\"my-0\"><strong>800 mAh wiederaufladbarer Akku<\/strong>: Mit Type-C-Schnellladefunktion f\u00fcr zus\u00e4tzlichen Komfort.<\/p>\n<\/li>\n<li>\n<p class=\"my-0\"><strong>W\u00e4hlbare Nikotinkonzentration<\/strong>: Verf\u00fcgbar in 0%, 2% oder 5% Nikotin, um unterschiedlichen Vorlieben gerecht zu werden.<\/p>\n<\/li>\n<li>\n<p class=\"my-0\"><strong>50000 Z\u00fcge<\/strong>: Bietet eine beeindruckende Anzahl an Z\u00fcgen pro Ger\u00e4t.<\/p>\n<\/li>\n<li>\n<p class=\"my-0\"><strong>Verpackung<\/strong>: 200 St\u00fcck pro Karton, Kartongr\u00f6\u00dfe 510<em>293<\/em>260mm, Gewicht 19 kg.<\/p>\n<\/li>\n<\/ul>\n<h2 class=\"mb-xs mt-5 text-base font-[525] first:mt-3\"><strong>Geschmacksvarianten<\/strong><\/h2>\n<p class=\"my-0\">Unser\u00a0<strong>IQTE 50000 Z\u00fcge<\/strong>\u00a0ist in einer Vielzahl von Geschmacksrichtungen erh\u00e4ltlich, jede sorgf\u00e4ltig ausgew\u00e4hlt, um ein einzigartiges Vape-Erlebnis zu bieten:<\/p>\n<ol class=\"marker:text-textOff list-decimal\">\n<li>\n<p class=\"my-0\"><strong>Watermelon Ice<\/strong>: Eine erfrischende Mischung aus s\u00fc\u00dfen Wassermelonen und eisiger K\u00fchle, ideal f\u00fcr hei\u00dfe Sommertage.<\/p>\n<\/li>\n<li>\n<p class=\"my-0\"><strong>Strawbamy Ice<\/strong>:S\u00fc\u00dfe Erdbeere gemischt mit cremigen Untert\u00f6nen und einem Hauch von Frostigkeit.<\/p>\n<\/li>\n<li>\n<p class=\"my-0\"><strong>Strawbamy Watermelon Ice<\/strong>: Kombiniert die S\u00fc\u00dfe von Erdbeeren und Wassermelonen mit einer Hauch von Eis f\u00fcr eine erfrischende Note.<\/p>\n<\/li>\n<li>\n<p class=\"my-0\"><strong>Strawbamy Kiwi<\/strong>: Eine tropische Mischung aus Erdbeeren und Kiwi, bietet einen saftigen und fruchtigen Geschmack.<\/p>\n<\/li>\n<li>\n<p class=\"my-0\"><strong>Pineapple Mango<\/strong>: Eine tropische Kombination aus Ananas und Mango, bietet einen s\u00fc\u00dfen und exotischen Geschmack.<\/p>\n<\/li>\n<li>\n<p class=\"my-0\"><strong>Blueberry Ice<\/strong>: Ein k\u00fchler und fruchtiger Geschmack, der die Essenz von Blaubeeren mit einer erfrischenden eisigen Note einf\u00e4ngt.<\/p>\n<\/li>\n<li>\n<p class=\"my-0\"><strong>Mint Mori<\/strong>: Ein erfrischender Minzgeschmack, der die Sinne belebt und eine k\u00fchlende Wirkung hinterl\u00e4sst.<\/p>\n<\/li>\n<li>\n<p class=\"my-0\"><strong>Watermelon Bubble Gum<\/strong>: Ein spa\u00dfiger und spielerischer Geschmack, der die S\u00fc\u00dfe von Wassermelonen mit dem klassischen Geschmack von Bubblegum kombiniert.<\/p>\n<\/li>\n<li>\n<p class=\"my-0\"><strong>Strawberry Raspberry Cherry<\/strong>: Eine komplexe Mischung aus Erdbeeren, Rosen und Kirschen, bietet einen reichen und fruchtigen Geschmack.<\/p>\n<\/li>\n<li>\n<p class=\"my-0\"><strong>Cherry Lemon<\/strong>: Eine zitronige Mischung aus Kirsche und Zitrone, bietet einen saftigen und zitrusartigen Geschmack.<\/p>\n<\/li>\n<li>\n<p class=\"my-0\"><strong>Blue Razz Lemon<\/strong>: Eine s\u00fc\u00dfe und saure Kombination aus blauer Himbeere und Zitrone, bietet einen einzigartigen Geschmack.<\/p>\n<\/li>\n<li>\n<p class=\"my-0\"><strong>Mixture<\/strong>: Eine Kombination verschiedener Fr\u00fcchte, schafft ein komplexes und faszinierendes Geschmackserlebnis.<\/p>\n<\/li>\n<li>\n<p class=\"my-0\"><strong>Green Tea Grape Ice<\/strong>: Eine erfrischende Kombination aus gr\u00fcnem Tee und Trauben mit einer k\u00fchlen eisigen Note.<\/p>\n<\/li>\n<li>\n<p class=\"my-0\"><strong>Lemon Lime<\/strong>: Eine klassische Zitrusmischung aus Zitrone und Limette, bietet einen zitronigen und belebenden Geschmack.<\/p>\n<\/li>\n<li>\n<p class=\"my-0\"><strong>Peach Ice<\/strong>: Ein s\u00fc\u00dfer und erfrischender Geschmack, der die Essenz von Pfirsichen mit einer k\u00fchlen eisigen Note einf\u00e4ngt.<\/p>\n<\/li>\n<\/ol>\n<h2 class=\"mb-xs mt-5 text-base font-[525] first:mt-3\"><strong>Warum <a href=\"https:\/\/widevape.com\/\">WideVape<\/a> f\u00fcr Ihre Einweg-Vape-Bed\u00fcrfnisse w\u00e4hlen?<\/strong><\/h2>\n<p class=\"my-0\">Bei\u00a0<strong>WideVape<\/strong>\u00a0sind wir Europas f\u00fchrender Gro\u00dfh\u00e4ndler f\u00fcr<a href=\"https:\/\/widevape.com\/\"> Einweg-Vapes<\/a>. Unser umfangreiches Sortiment umfasst Top-Marken wie Al Fakher, Waspe, Vapme, Bang Box und viele mehr. Wir bieten wettbewerbsf\u00e4hige Gro\u00dfhandelsrabatte, um Ihnen den besten Wert f\u00fcr Ihr Geld zu bieten. Unsere schnelle und versicherte Lieferung stellt sicher, dass Ihre Produkte sicher und p\u00fcnktlich in allen EU-L\u00e4ndern ankommen.<\/p>\n<h2 class=\"mb-xs mt-5 text-base font-[525] first:mt-3\"><strong>Zahlungsoptionen<\/strong><\/h2>\n<p class=\"my-0\">Wir machen Transaktionen einfach mit einer Vielzahl von Zahlungsmethoden. Neben PayPal und Kreditkarten akzeptieren wir beliebte lokale Zahlungsoptionen wie iDEAL in den Niederlanden und Bancontact in Belgien. F\u00fcr den Komfort in ganz Europa bieten wir auch SEPA-Bank\u00fcberweisungen an.<\/p>\n<h2 class=\"mb-xs mt-5 text-base font-[525] first:mt-3\"><strong>Fazit<\/strong><\/h2>\n<p class=\"my-0\">Das\u00a0<strong>IQTE 50000 Z\u00fcge<\/strong>\u00a0ist ein Meilenstein in der Welt der Vapes, das fortschrittliche Technologie mit au\u00dfergew\u00f6hnlicher Leistung kombiniert. Ob Sie ein erfahrener Vaper sind oder gerade erst anfangen, dieses Ger\u00e4t erf\u00fcllt Ihre Bed\u00fcrfnisse. Besuchen Sie\u00a0<strong>WideVape<\/strong>\u00a0heute, um unsere umfangreiche Auswahl an <a href=\"https:\/\/widevape.com\/\">Einweg-Vapes<\/a> zu erkunden und das Beste des europ\u00e4ischen Vapings zu erleben, zu unschlagbaren Preisen.<\/p>\n<p>\u00a0<img loading=\"lazy\" decoding=\"async\" class=\"alignnone wp-image-23031 size-full\" src=\"https:\/\/widevape.com\/wp-content\/uploads\/2025\/02\/IQTE_500009.webp\" alt=\"IQTE 50000 Z\u00fcge Dual-Mesh RGB Vollbild 0% 2% 5% Nikotinarm Wiederaufladbarer Einweg-Vape-Stift im Gro\u00dfhandel kaufen\" width=\"992\" height=\"2560\" srcset=\"https:\/\/widevape.com\/wp-content\/uploads\/2025\/02\/IQTE_500009.webp 992w, https:\/\/widevape.com\/wp-content\/uploads\/2025\/02\/IQTE_500009-510x1316.webp 510w, https:\/\/widevape.com\/wp-content\/uploads\/2025\/02\/IQTE_500009-116x300.webp 116w, https:\/\/widevape.com\/wp-content\/uploads\/2025\/02\/IQTE_500009-397x1024.webp 397w, https:\/\/widevape.com\/wp-content\/uploads\/2025\/02\/IQTE_500009-768x1982.webp 768w, https:\/\/widevape.com\/wp-content\/uploads\/2025\/02\/IQTE_500009-595x1536.webp 595w, https:\/\/widevape.com\/wp-content\/uploads\/2025\/02\/IQTE_500009-794x2048.webp 794w\" sizes=\"auto, (max-width: 992px) 100vw, 992px\" \/><\/p>\n","protected":false},"excerpt":{"rendered":"<p>Das\u00a0<strong>IQTE 50000 trains<\/strong>\u00a0est une machine \u00e0 vape jetable innovante, dot\u00e9e d'une technologie de bobines \u00e0 double maillage, d'un affichage plein \u00e9cran RVB et d'une capacit\u00e9 impressionnante de 50000 bouff\u00e9es. Elle est disponible dans une grande vari\u00e9t\u00e9 de saveurs.<\/p>","protected":false},"featured_media":23033,"comment_status":"open","ping_status":"closed","template":"","meta":[],"product_brand":[],"product_cat":[114,92,93,37,94,90,48,96],"product_tag":[],"class_list":{"0":"post-22975","1":"product","2":"type-product","3":"status-publish","4":"has-post-thumbnail","6":"product_cat-50000-zuege-einweg-e-zigaretten","7":"product_cat-digitale-box-einweg-e-zigaretten","8":"product_cat-dual-mesh-einweg-e-zigaretten","9":"product_cat-einweg-e-zigaretten","10":"product_cat-einweg-e-zigaretten-mit-niedriger-nikotinstaerke","11":"product_cat-grosse-einweg-e-zigaretten","12":"product_cat-iqte-einweg-e-zigaretten","13":"product_cat-wiederaufladbare-einweg-e-zigaretten","15":"first","16":"outofstock","17":"shipping-taxable","18":"purchasable","19":"product-type-variable"},"_links":{"self":[{"href":"https:\/\/widevape.com\/fr\/wp-json\/wp\/v2\/product\/22975","targetHints":{"allow":["GET"]}}],"collection":[{"href":"https:\/\/widevape.com\/fr\/wp-json\/wp\/v2\/product"}],"about":[{"href":"https:\/\/widevape.com\/fr\/wp-json\/wp\/v2\/types\/product"}],"replies":[{"embeddable":true,"href":"https:\/\/widevape.com\/fr\/wp-json\/wp\/v2\/comments?post=22975"}],"wp:featuredmedia":[{"embeddable":true,"href":"https:\/\/widevape.com\/fr\/wp-json\/wp\/v2\/media\/23033"}],"wp:attachment":[{"href":"https:\/\/widevape.com\/fr\/wp-json\/wp\/v2\/media?parent=22975"}],"wp:term":[{"taxonomy":"product_brand","embeddable":true,"href":"https:\/\/widevape.com\/fr\/wp-json\/wp\/v2\/product_brand?post=22975"},{"taxonomy":"product_cat","embeddable":true,"href":"https:\/\/widevape.com\/fr\/wp-json\/wp\/v2\/product_cat?post=22975"},{"taxonomy":"product_tag","embeddable":true,"href":"https:\/\/widevape.com\/fr\/wp-json\/wp\/v2\/product_tag?post=22975"}],"curies":[{"name":"wp","href":"https:\/\/api.w.org\/{rel}","templated":true}]}}