{"id":25623,"date":"2025-03-01T03:50:16","date_gmt":"2025-03-01T02:50:16","guid":{"rendered":"https:\/\/widevape.com\/?post_type=product&#038;p=25623"},"modified":"2026-01-17T09:53:38","modified_gmt":"2026-01-17T08:53:38","slug":"vookbar-coco-6600-zuege-digital-smart-display-3-nicotine-rechargeable-jetable-vape-avec-style-pour-la-vente-en-gros","status":"publish","type":"product","link":"https:\/\/widevape.com\/fr\/product\/vookbar-coco-6600-zuege-digitales-smart-display-3-nikotin-wiederaufladbares-einweg-vape-mit-stil-fuer-den-grosshandel\/","title":{"rendered":"bouff\u00e9es Vookbar Coco 6600 : \u00e9cran digital intelligent, 3% de nicotine, rechargeable Vape jetable avec style pour la vente en gros"},"content":{"rendered":"<div style=\"width: 1020px;\" class=\"wp-video\"><video class=\"wp-video-shortcode\" id=\"video-25623-1\" width=\"1020\" height=\"574\" preload=\"metadata\" controls=\"controls\"><source type=\"video\/mp4\" src=\"https:\/\/widevape.com\/wp-content\/uploads\/2025\/03\/Vookbar-Coco-6600.mp4?_=1\" \/><a href=\"https:\/\/widevape.com\/wp-content\/uploads\/2025\/03\/Vookbar-Coco-6600.mp4\">https:\/\/widevape.com\/wp-content\/uploads\/2025\/03\/Vookbar-Coco-6600.mp4<\/a><\/video><\/div>\n<h1 class=\"mb-3 mt-8 text-[1.4rem] font-[475] leading-[1.5em] first:mt-3\"><a href=\"https:\/\/widevape.com\/product-category\/vookbar-einweg-e-zigaretten\/\">Vookbar<\/a> Coco 6600 Z\u00fcge: Die perfekte Wahl f\u00fcr wiederaufladbare Einweg-Vapes im Gro\u00dfhandel<\/h1>\n<p class=\"my-0\">Die\u00a0<strong>Vookbar Coco 6600 Z\u00fcge<\/strong>\u00a0bietet eine ideale Kombination aus modernem Design, innovativer Technologie und herausragender Leistung. Mit einer beeindruckenden Anzahl an Z\u00fcgen, einem wiederaufladbaren Akku und einer intelligenten digitalen Anzeige hebt sich dieses Ger\u00e4t deutlich von anderen Einweg-Vapes ab. Ob f\u00fcr den Einzelhandel oder den Gro\u00dfhandel \u2013 die Vookbar Coco ist die perfekte Wahl f\u00fcr alle, die hochwertige Produkte suchen. Bei\u00a0<strong>WideVape<\/strong>, Europas f\u00fchrender Plattform f\u00fcr den Gro\u00dfhandel mit Einweg-Vapes, k\u00f6nnen Sie dieses Modell in gro\u00dfen Mengen zu unschlagbaren Preisen bestellen.<\/p>\n<h2 class=\"mb-xs mt-5 text-base font-[525] first:mt-3\"><strong>Hauptmerkmale der Vookbar Coco <a href=\"https:\/\/widevape.com\/product-category\/6600-zuege-einweg-e-zigaretten\/\">6600 Z\u00fcge<\/a><\/strong><\/h2>\n<ol class=\"marker:text-textOff list-decimal\">\n<li>\n<p class=\"my-0\"><strong>Enorme Zuganzahl<\/strong><\/p>\n<ul class=\"marker:text-textOff list-disc\">\n<li>\n<p class=\"my-0\">Mit bis zu\u00a0<strong>6600 Z\u00fcgen<\/strong>\u00a0bietet dieses Vape eine au\u00dfergew\u00f6hnlich lange Lebensdauer \u2013 ideal f\u00fcr Vielnutzer oder l\u00e4ngere Reisen.<\/p>\n<\/li>\n<\/ul>\n<\/li>\n<li>\n<p class=\"my-0\"><strong>Gro\u00dfes E-Liquid-Volumen<\/strong><\/p>\n<ul class=\"marker:text-textOff list-disc\">\n<li>\n<p class=\"my-0\">Gef\u00fcllt mit\u00a0<strong>12 ml E-Liquid<\/strong>, sorgt das Ger\u00e4t f\u00fcr anhaltenden Genuss ohne st\u00e4ndiges Nachf\u00fcllen.<\/p>\n<\/li>\n<\/ul>\n<\/li>\n<li>\n<p class=\"my-0\"><strong>Niedriger Nikotingehalt (3%)<\/strong><\/p>\n<ul class=\"marker:text-textOff list-disc\">\n<li>\n<p class=\"my-0\">Perfekt ausbalanciert mit einem Nikotingehalt von\u00a0<strong>3%<\/strong>, bietet es ein sanftes und dennoch befriedigendes Dampferlebnis.<\/p>\n<\/li>\n<\/ul>\n<\/li>\n<li>\n<p class=\"my-0\"><strong>Hochleistungs-Coil<\/strong><\/p>\n<ul class=\"marker:text-textOff list-disc\">\n<li>\n<p class=\"my-0\">Der integrierte\u00a0<strong>1,0-Ohm-Coil<\/strong>\u00a0garantiert eine gleichm\u00e4\u00dfige Dampfproduktion und intensiven Geschmack.<\/p>\n<\/li>\n<\/ul>\n<\/li>\n<li>\n<p class=\"my-0\"><strong>Wiederaufladbarer Akku<\/strong><\/p>\n<ul class=\"marker:text-textOff list-disc\">\n<li>\n<p class=\"my-0\">Der langlebige\u00a0<strong>500-mAh-Akku<\/strong>\u00a0unterst\u00fctzt ganzt\u00e4giges Dampfen, w\u00e4hrend der\u00a0<strong>Type-C-Ladeanschluss<\/strong>\u00a0schnelles Aufladen erm\u00f6glicht.<\/p>\n<\/li>\n<\/ul>\n<\/li>\n<li>\n<p class=\"my-0\"><strong>Intelligente digitale Anzeige<\/strong><\/p>\n<ul class=\"marker:text-textOff list-disc\">\n<li>\n<p class=\"my-0\">Ein eingebauter Bildschirm zeigt den Batteriestatus und den verbleibenden E-Liquid-Stand in Echtzeit an \u2013 maximale Kontrolle f\u00fcr den Nutzer.<\/p>\n<\/li>\n<\/ul>\n<\/li>\n<li>\n<p class=\"my-0\"><strong>Ergonomisches und modernes Design<\/strong><\/p>\n<ul class=\"marker:text-textOff list-disc\">\n<li>\n<p class=\"my-0\">Leicht, tragbar und mit einem ergonomischen Griff ausgestattet, bietet das Ger\u00e4t sowohl Komfort als auch Stil.<\/p>\n<\/li>\n<\/ul>\n<\/li>\n<\/ol>\n<h2 class=\"mb-2 mt-6 text-lg font-[500] first:mt-3\"><strong>Verf\u00fcgbare Geschmacksrichtungen: Vielfalt f\u00fcr jeden Geschmack<\/strong><\/h2>\n<p class=\"my-0\">Die Vookbar Coco 6600 Z\u00fcge ist in f\u00fcnf sorgf\u00e4ltig entwickelten Geschmacksrichtungen erh\u00e4ltlich, die jeden Dampfer begeistern werden:<\/p>\n<ul class=\"marker:text-textOff list-disc\">\n<li>\n<p class=\"my-0\"><strong>1.Watermelon Chill :<\/strong>Eine erfrischende Mischung aus s\u00fc\u00dfer Wassermelone und k\u00fchlender Minze \u2013 perfekt f\u00fcr hei\u00dfe Sommertage oder einen belebenden Genussmoment.<\/p>\n<\/li>\n<li>\n<p class=\"my-0\"><strong>2.Strawberry Burst:<\/strong>Der Geschmack von reifen Erdbeeren mit einer ausgewogenen Kombination aus S\u00fc\u00dfe und leichter S\u00e4ure \u2013 ein fruchtiger Klassiker.<\/p>\n<\/li>\n<li>\n<p class=\"my-0\"><strong>3. Sparkling Cola:<\/strong>Eine prickelnde Cola-Note, die das Gef\u00fchl eines erfrischenden Softdrinks nachahmt \u2013 ideal f\u00fcr Liebhaber von spritzigen Aromen.<\/p>\n<\/li>\n<li>\n<p class=\"my-0\"><strong>4.Grape Burst:<\/strong>Der intensive Geschmack von reifen Trauben sorgt f\u00fcr ein vollmundiges und s\u00fc\u00dfes Dampferlebnis.<\/p>\n<\/li>\n<li>\n<p class=\"my-0\"><strong>5.Miami Mint <\/strong><strong>:<\/strong>Eine tropische Variante des klassischen Minzgeschmacks \u2013 frisch, exotisch und unverwechselbar.<\/p>\n<\/li>\n<\/ul>\n<h2 class=\"mb-2 mt-6 text-lg font-[500] first:mt-3\"><strong>Verpackungsspezifikationen<\/strong><\/h2>\n<p class=\"my-0\">Die Verpackung der Vookbar Coco 6600 Z\u00fcge ist speziell auf Gro\u00dfhandelskunden abgestimmt:<\/p>\n<ul class=\"marker:text-textOff list-disc\">\n<li>\n<p class=\"my-0\">Jede Box enth\u00e4lt\u00a0<strong>10 Ger\u00e4te<\/strong>, was eine einfache Lagerung und Verteilung erm\u00f6glicht.<\/p>\n<\/li>\n<li>\n<p class=\"my-0\">F\u00fcr gr\u00f6\u00dfere Bestellungen stehen Kartons mit jeweils\u00a0<strong>200 Ger\u00e4ten<\/strong>\u00a0zur Verf\u00fcgung \u2013 optimal f\u00fcr H\u00e4ndler und Distributoren.<\/p>\n<\/li>\n<\/ul>\n<h2 class=\"mb-2 mt-6 text-lg font-[500] first:mt-3\"><strong>Warum bei <a href=\"https:\/\/widevape.com\/\">WideVape<\/a> bestellen?<\/strong><\/h2>\n<p class=\"my-0\">WideVape ist Europas f\u00fchrender Gro\u00dfh\u00e4ndler f\u00fcr <a href=\"https:\/\/widevape.com\/\">Einweg-Vapes<\/a> und bietet Ihnen zahlreiche Vorteile:<\/p>\n<ul class=\"marker:text-textOff list-disc\">\n<li>\n<p class=\"my-0\"><strong>Attraktive Preise:<\/strong>\u00a0Profitieren Sie von unseren unschlagbaren Gro\u00dfhandelsrabatten, um Ihre Gewinnspanne zu maximieren.<\/p>\n<\/li>\n<li>\n<p class=\"my-0\"><strong>Schnelle Lieferung:<\/strong>\u00a0Wir garantieren schnellen Versand in alle EU-L\u00e4nder wie Deutschland, Belgien, Spanien und die Niederlande.<\/p>\n<\/li>\n<li>\n<p class=\"my-0\"><strong>Sichere Zahlungsmethoden:<\/strong>\u00a0Neben PayPal und Kreditkarten akzeptieren wir auch lokale Zahlungsmethoden wie iDEAL (Niederlande), Bancontact (Belgien) und SEPA-Bank\u00fcberweisungen.<\/p>\n<\/li>\n<li>\n<p class=\"my-0\"><strong>10 Jahre Erfahrung:<\/strong>\u00a0Mit \u00fcber einem Jahrzehnt Erfahrung im Vape-Markt verstehen wir Ihre Bed\u00fcrfnisse besser als jeder andere Anbieter.<\/p>\n<\/li>\n<\/ul>\n<h2 class=\"mb-2 mt-6 text-lg font-[500] first:mt-3\"><strong>So bestellen Sie die Vookbar Coco 6600 Z\u00fcge bei WideVape<\/strong><\/h2>\n<p class=\"my-0\">Der Bestellprozess bei WideVape ist einfach und benutzerfreundlich:<\/p>\n<ol class=\"marker:text-textOff list-decimal\">\n<li>\n<p class=\"my-0\">Besuchen Sie unsere Website unter WideVape \u2013 Europas f\u00fchrender Gro\u00dfhandelsplattform f\u00fcr Einweg-Vapes.<\/p>\n<\/li>\n<li>\n<p class=\"my-0\">W\u00e4hlen Sie die gew\u00fcnschte Menge der Vookbar Coco 6600 Z\u00fcge aus unserem Sortiment aus.<\/p>\n<\/li>\n<li>\n<p class=\"my-0\">Schlie\u00dfen Sie Ihre Bestellung mit Ihrer bevorzugten Zahlungsmethode ab.<\/p>\n<\/li>\n<li>\n<p class=\"my-0\">Freuen Sie sich auf eine schnelle Lieferung direkt zu Ihrer Adresse \u2013 sicher verpackt und versichert.<\/p>\n<\/li>\n<\/ol>\n<h2 class=\"mb-2 mt-6 text-lg font-[500] first:mt-3\"><strong>Fazit: Die beste Wahl f\u00fcr Ihr Vape-Gesch\u00e4ft<\/strong><\/h2>\n<p class=\"my-0\">Die Vookbar Coco 6600 Z\u00fcge setzt neue Ma\u00dfst\u00e4be in der Welt der Einweg-Vapes mit ihren innovativen Funktionen, hochwertigen Geschmacksrichtungen und ihrem modernen Design. Egal ob Sie Einzelh\u00e4ndler oder Distributor sind \u2013 dieses Produkt wird Ihre Kunden begeistern und Ihre Ums\u00e4tze steigern.<\/p>\n<p class=\"my-0\">Bestellen Sie noch heute bei WideVape, Europas f\u00fchrendem Gro\u00dfh\u00e4ndler f\u00fcr <a href=\"https:\/\/widevape.com\/\">Einweg-Vapes<\/a>, und erleben Sie erstklassigen Service sowie unschlagbare Preise!<\/p>\n<p><img loading=\"lazy\" decoding=\"async\" class=\"alignnone\" src=\"https:\/\/widevape.com\/wp-content\/uploads\/2025\/03\/Vookbar_Coco_6600-1.webp\" alt=\"Vookbar Coco 6600 Z\u00fcge: Digitales Smart-Display, 3% Nikotin, Wiederaufladbares Einweg-Vape mit Stil f\u00fcr den Gro\u00dfhandel\" width=\"1060\" height=\"596\" \/><\/p>\n<p><img loading=\"lazy\" decoding=\"async\" class=\"alignnone\" src=\"https:\/\/widevape.com\/wp-content\/uploads\/2025\/03\/Vookbar_Coco_6600-3.webp\" alt=\"Vookbar Coco 6600 Z\u00fcge: Digitales Smart-Display, 3% Nikotin, Wiederaufladbares Einweg-Vape mit Stil f\u00fcr den Gro\u00dfhandel\" width=\"1060\" height=\"596\" \/><\/p>\n<p><img loading=\"lazy\" decoding=\"async\" class=\"alignnone wp-image-25663 size-full\" src=\"https:\/\/widevape.com\/wp-content\/uploads\/2025\/03\/Vookbar_Coco_6600-4.webp\" alt=\"Vookbar Coco 6600 Z\u00fcge: Digitales Smart-Display, 3% Nikotin, Wiederaufladbares Einweg-Vape mit Stil f\u00fcr den Gro\u00dfhandel\" width=\"1060\" height=\"596\" srcset=\"https:\/\/widevape.com\/wp-content\/uploads\/2025\/03\/Vookbar_Coco_6600-4.webp 1060w, https:\/\/widevape.com\/wp-content\/uploads\/2025\/03\/Vookbar_Coco_6600-4-510x287.webp 510w, https:\/\/widevape.com\/wp-content\/uploads\/2025\/03\/Vookbar_Coco_6600-4-300x169.webp 300w, https:\/\/widevape.com\/wp-content\/uploads\/2025\/03\/Vookbar_Coco_6600-4-1024x576.webp 1024w, https:\/\/widevape.com\/wp-content\/uploads\/2025\/03\/Vookbar_Coco_6600-4-768x432.webp 768w\" sizes=\"auto, (max-width: 1060px) 100vw, 1060px\" \/> \u00a0<img loading=\"lazy\" decoding=\"async\" class=\"alignnone wp-image-25661 size-full\" src=\"https:\/\/widevape.com\/wp-content\/uploads\/2025\/03\/Vookbar_Coco_6600-2.webp\" alt=\"Vookbar Coco 6600 Z\u00fcge: Digitales Smart-Display, 3% Nikotin, Wiederaufladbares Einweg-Vape mit Stil f\u00fcr den Gro\u00dfhandel\" width=\"1060\" height=\"596\" srcset=\"https:\/\/widevape.com\/wp-content\/uploads\/2025\/03\/Vookbar_Coco_6600-2.webp 1060w, https:\/\/widevape.com\/wp-content\/uploads\/2025\/03\/Vookbar_Coco_6600-2-510x287.webp 510w, https:\/\/widevape.com\/wp-content\/uploads\/2025\/03\/Vookbar_Coco_6600-2-300x169.webp 300w, https:\/\/widevape.com\/wp-content\/uploads\/2025\/03\/Vookbar_Coco_6600-2-1024x576.webp 1024w, https:\/\/widevape.com\/wp-content\/uploads\/2025\/03\/Vookbar_Coco_6600-2-768x432.webp 768w\" sizes=\"auto, (max-width: 1060px) 100vw, 1060px\" \/><\/p>\n","protected":false},"excerpt":{"rendered":"<p>Die\u00a0<strong>Trains Vookbar Coco 6600<\/strong>\u00a0est une vape rechargeable jetable de haute qualit\u00e9 au design moderne, 6600 bouff\u00e9es, 12 ml d'e-liquide, 3 % de nicotine et un affichage num\u00e9rique intelligent - id\u00e9al pour les grossistes et les vapoteurs exigeants.<\/p>","protected":false},"featured_media":25658,"comment_status":"open","ping_status":"closed","template":"","meta":[],"product_brand":[],"product_cat":[92,37,94,90,67,96],"product_tag":[],"class_list":{"0":"post-25623","1":"product","2":"type-product","3":"status-publish","4":"has-post-thumbnail","6":"product_cat-digitale-box-einweg-e-zigaretten","7":"product_cat-einweg-e-zigaretten","8":"product_cat-einweg-e-zigaretten-mit-niedriger-nikotinstaerke","9":"product_cat-grosse-einweg-e-zigaretten","10":"product_cat-vookbar-einweg-e-zigaretten","11":"product_cat-wiederaufladbare-einweg-e-zigaretten","13":"first","14":"outofstock","15":"shipping-taxable","16":"purchasable","17":"product-type-variable"},"_links":{"self":[{"href":"https:\/\/widevape.com\/fr\/wp-json\/wp\/v2\/product\/25623","targetHints":{"allow":["GET"]}}],"collection":[{"href":"https:\/\/widevape.com\/fr\/wp-json\/wp\/v2\/product"}],"about":[{"href":"https:\/\/widevape.com\/fr\/wp-json\/wp\/v2\/types\/product"}],"replies":[{"embeddable":true,"href":"https:\/\/widevape.com\/fr\/wp-json\/wp\/v2\/comments?post=25623"}],"wp:featuredmedia":[{"embeddable":true,"href":"https:\/\/widevape.com\/fr\/wp-json\/wp\/v2\/media\/25658"}],"wp:attachment":[{"href":"https:\/\/widevape.com\/fr\/wp-json\/wp\/v2\/media?parent=25623"}],"wp:term":[{"taxonomy":"product_brand","embeddable":true,"href":"https:\/\/widevape.com\/fr\/wp-json\/wp\/v2\/product_brand?post=25623"},{"taxonomy":"product_cat","embeddable":true,"href":"https:\/\/widevape.com\/fr\/wp-json\/wp\/v2\/product_cat?post=25623"},{"taxonomy":"product_tag","embeddable":true,"href":"https:\/\/widevape.com\/fr\/wp-json\/wp\/v2\/product_tag?post=25623"}],"curies":[{"name":"wp","href":"https:\/\/api.w.org\/{rel}","templated":true}]}}