{"id":26885,"date":"2025-03-03T09:24:42","date_gmt":"2025-03-03T08:24:42","guid":{"rendered":"https:\/\/widevape.com\/?post_type=product&#038;p=26885"},"modified":"2026-04-18T13:52:43","modified_gmt":"2026-04-18T11:52:43","slug":"vente-en-gros-de-cigarettes-jetables-pour-zgar-pcc-premium-pod-e-cigarettes-en-gros","status":"publish","type":"product","link":"https:\/\/widevape.com\/fr\/product\/grosshandel-fuer-zgar-pcc-premium-pod-geraet-einweg-e-zigaretten-im-grosshandel-kaufen\/","title":{"rendered":"Vente en gros de l'appareil ZGAR PCC Premium Pod : E-cigarettes jetables en gros"},"content":{"rendered":"<div style=\"width: 1020px;\" class=\"wp-video\"><video class=\"wp-video-shortcode\" id=\"video-26885-1\" width=\"1020\" height=\"574\" preload=\"metadata\" controls=\"controls\"><source type=\"video\/mp4\" src=\"https:\/\/widevape.com\/wp-content\/uploads\/2025\/03\/ZGAR-PCC-Premium-Pod-Device.mp4?_=1\" \/><a href=\"https:\/\/widevape.com\/wp-content\/uploads\/2025\/03\/ZGAR-PCC-Premium-Pod-Device.mp4\">https:\/\/widevape.com\/wp-content\/uploads\/2025\/03\/ZGAR-PCC-Premium-Pod-Device.mp4<\/a><\/video><\/div>\n<h2 class=\"mb-2 mt-6 text-lg font-[500] first:mt-3\"><strong>Entdecken Sie die Macht von Einweg-E-Zigaretten: <a href=\"https:\/\/widevape.com\/product-category\/zgar-einweg-e-zigaretten\/\">ZGAR<\/a> PCC Premium Pod Ger\u00e4t Gro\u00dfhandel<\/strong><\/h2>\n<p class=\"my-0\">In der schnelllebigen Welt der E-Zigaretten sind Bequemlichkeit und Qualit\u00e4t entscheidend. Bei WideVape konzentrieren wir uns darauf, den europ\u00e4ischen Markt mit hochwertigen Einweg-E-Zigaretten zu versorgen, darunter das\u00a0<strong>ZGAR PCC Premium Pod Ger\u00e4t<\/strong>. Als gr\u00f6\u00dfte Online-Gro\u00dfhandelsplattform f\u00fcr Einweg-E-Zigaretten in den Niederlanden, Deutschland, Belgien und Spanien bieten wir eine Vielzahl von Produkten von renommierten Marken wie RandM Tornado, FIZZY, Al Fakher, Waspe, Vapme und mehr an.<\/p>\n<h2 class=\"mb-xs mt-5 text-base font-[525] first:mt-3\"><strong>Schl\u00fcsselmerkmale des ZGAR PCC Premium<a href=\"https:\/\/widevape.com\/product-category\/pod-system-e-zigaretten\/\"> Pod<\/a> Ger\u00e4ts<\/strong><\/h2>\n<ul class=\"marker:text-textOff list-disc\">\n<li>\n<p class=\"my-0\"><strong>Batteriekapazit\u00e4t<\/strong>: Ausgestattet mit einer 380mAh-Batterie, die einen langen Gebrauch ohne h\u00e4ufiges Aufladen erm\u00f6glicht.<\/p>\n<\/li>\n<li>\n<p class=\"my-0\"><strong>Leistungsausgang<\/strong>: Bietet eine stabile Leistung von 7,2 W, die eine konsistente und angenehme Raucherfahrung gew\u00e4hrleistet.<\/p>\n<\/li>\n<li>\n<p class=\"my-0\"><strong>Material<\/strong>: Hergestellt aus hochwertigem Porzellan, das die Haltbarkeit und \u00c4sthetik verbessert.<\/p>\n<\/li>\n<li>\n<p class=\"my-0\"><strong>Ladestecker<\/strong>: Verf\u00fcgt \u00fcber einen Type-C-Ladestecker f\u00fcr schnelles und bequemes Aufladen.<\/p>\n<\/li>\n<li>\n<p class=\"my-0\"><strong>Farboptionen<\/strong>: Verf\u00fcgbar in Gr\u00fcn, Schwarz und Wei\u00df, um individuelle Bed\u00fcrfnisse zu erf\u00fcllen.<\/p>\n<\/li>\n<li>\n<p class=\"my-0\"><strong>Gewicht<\/strong>: Wiegt nur 37 g, leicht und tragbar.<\/p>\n<\/li>\n<li>\n<p class=\"my-0\"><strong>Zertifizierungen<\/strong>: Konform mit CE\/ROHS\/FCC\/MSDS-Standards, die hohe Qualit\u00e4tsstandards gew\u00e4hrleisten.<\/p>\n<\/li>\n<li>\n<p class=\"my-0\"><strong>Produktionskapazit\u00e4t<\/strong>: Kann monatlich 5 Millionen Einheiten produzieren, um hohe Nachfrage effizient zu decken.<\/p>\n<\/li>\n<\/ul>\n<h2 class=\"mb-xs mt-5 text-base font-[525] first:mt-3\"><strong>Vorteile von Einweg-E-Zigaretten<\/strong><\/h2>\n<p class=\"my-0\">Einweg-E-Zigaretten haben die Branche mit ihrer Bequemlichkeit, Tragbarkeit und Benutzerfreundlichkeit revolutioniert. Hier sind einige der Hauptvorteile:<\/p>\n<ul class=\"marker:text-textOff list-disc\">\n<li>\n<p class=\"my-0\"><strong>Bequemlichkeit<\/strong>: Direkt verwendbar, ohne Wartung oder Nachf\u00fcllen erforderlich.<\/p>\n<\/li>\n<li>\n<p class=\"my-0\"><strong>Tragbarkeit<\/strong>: Kompakt und leicht, ideal f\u00fcr den Gebrauch unterwegs.<\/p>\n<\/li>\n<li>\n<p class=\"my-0\"><strong>Kein Aufladen erforderlich<\/strong>: Mit einer vorgef\u00fcllten Batterie, kein Kabel oder Stecker ben\u00f6tigt.<\/p>\n<\/li>\n<li>\n<p class=\"my-0\"><strong>Vielfalt an Optionen<\/strong>: Bietet eine Vielzahl von Auswahlm\u00f6glichkeiten, um unterschiedliche Bed\u00fcrfnisse zu erf\u00fcllen.<\/p>\n<\/li>\n<li>\n<p class=\"my-0\"><strong>Keine Wartung<\/strong>: Nach Gebrauch einfach entsorgen und durch ein neues Ger\u00e4t ersetzen.<\/p>\n<\/li>\n<\/ul>\n<h2 class=\"mb-xs mt-5 text-base font-[525] first:mt-3\"><strong>Warum <a href=\"https:\/\/widevape.com\/\">WideVape<\/a> w\u00e4hlen?<\/strong><\/h2>\n<p class=\"my-0\">Bei WideVape sind wir stolz darauf, Europas f\u00fchrender Gro\u00dfh\u00e4ndler f\u00fcr Einweg-E-Zigaretten zu sein. Hier sind einige Gr\u00fcnde, warum Sie uns w\u00e4hlen sollten:<\/p>\n<ul class=\"marker:text-textOff list-disc\">\n<li>\n<p class=\"my-0\"><strong>Breites Sortiment an Marken<\/strong>: Wir bieten eine Vielzahl von Top-Marken an, um sicherzustellen, dass Sie die besten Produkte erhalten.<\/p>\n<\/li>\n<li>\n<p class=\"my-0\"><strong>Wettbewerbsf\u00e4hige Preise<\/strong>: Genie\u00dfen Sie Rabatte bei Gro\u00dfbestellungen und die Garantie f\u00fcr den niedrigsten Preis auf alle Bestellungen.<\/p>\n<\/li>\n<li>\n<p class=\"my-0\"><strong>Schnelle und versicherte Lieferung<\/strong>: Wir gew\u00e4hrleisten eine zeitnahe und sichere Lieferung in alle EU-L\u00e4nder.<\/p>\n<\/li>\n<li>\n<p class=\"my-0\"><strong>Flexible Zahlungsm\u00f6glichkeiten<\/strong>: Neben PayPal und Kreditkarten akzeptieren wir auch beliebte lokale Zahlungsmethoden wie iDEAL und Bancontact sowie SEPA-Bank\u00fcberweisungen.<\/p>\n<\/li>\n<\/ul>\n<h2 class=\"mb-xs mt-5 text-base font-[525] first:mt-3\"><strong>Zum Abschluss<\/strong><\/h2>\n<p class=\"my-0\">Zusammenfassend ist die Wahl des\u00a0<strong>ZGAR PCC Premium Pod Ger\u00e4ts<\/strong>\u00a0nicht nur ein Versprechen von Qualit\u00e4t und Bequemlichkeit, sondern auch ein Bekenntnis zu einem herausragenden Raucherlebnis. Bei WideVape sind wir bestrebt, unseren Kunden die besten Einweg-E-Zigarettenprodukte zu bieten, um die sich \u00e4ndernden Marktnachfragen zu erf\u00fcllen. Unsere umfassende Auswahl an Marken, wettbewerbsf\u00e4hige Preise und flexible Zahlungsm\u00f6glichkeiten machen uns zu Ihrem zuverl\u00e4ssigen Partner im europ\u00e4ischen Markt.<\/p>\n<p class=\"my-0\">Besuchen Sie <a href=\"https:\/\/widevape.com\/\">WideVape<\/a> heute, um unsere Produktpalette zu erkunden und das Raucherlebnis mit Einweg-E-Zigaretten zu genie\u00dfen. Ob Sie H\u00e4ndler oder Endverbraucher sind, wir freuen uns darauf, Ihnen zu dienen. W\u00e4hlen Sie WideVape, um Ihr Raucherlebnis auf ein neues Level zu heben!<\/p>\n<p><img loading=\"lazy\" decoding=\"async\" class=\"alignnone wp-image-26887 size-full\" src=\"https:\/\/widevape.com\/wp-content\/uploads\/2025\/03\/ZGAR_PCC_Premium_Pod_Device-3.webp\" alt=\"Gro\u00dfhandel f\u00fcr ZGAR PCC Premium Pod Ger\u00e4t: Einweg-E-Zigaretten im Gro\u00dfhandel kaufen\" width=\"1920\" height=\"1080\" srcset=\"https:\/\/widevape.com\/wp-content\/uploads\/2025\/03\/ZGAR_PCC_Premium_Pod_Device-3.webp 1920w, https:\/\/widevape.com\/wp-content\/uploads\/2025\/03\/ZGAR_PCC_Premium_Pod_Device-3-510x287.webp 510w, https:\/\/widevape.com\/wp-content\/uploads\/2025\/03\/ZGAR_PCC_Premium_Pod_Device-3-300x169.webp 300w, https:\/\/widevape.com\/wp-content\/uploads\/2025\/03\/ZGAR_PCC_Premium_Pod_Device-3-1024x576.webp 1024w, https:\/\/widevape.com\/wp-content\/uploads\/2025\/03\/ZGAR_PCC_Premium_Pod_Device-3-768x432.webp 768w, https:\/\/widevape.com\/wp-content\/uploads\/2025\/03\/ZGAR_PCC_Premium_Pod_Device-3-1536x864.webp 1536w\" sizes=\"auto, (max-width: 1920px) 100vw, 1920px\" \/><\/p>\n<p><img loading=\"lazy\" decoding=\"async\" class=\"alignnone wp-image-26890 size-full\" src=\"https:\/\/widevape.com\/wp-content\/uploads\/2025\/03\/ZGAR_PCC_Premium_Pod_Device-1.webp\" alt=\"Gro\u00dfhandel f\u00fcr ZGAR PCC Premium Pod Ger\u00e4t: Einweg-E-Zigaretten im Gro\u00dfhandel kaufen\" width=\"1920\" height=\"1080\" srcset=\"https:\/\/widevape.com\/wp-content\/uploads\/2025\/03\/ZGAR_PCC_Premium_Pod_Device-1.webp 1920w, https:\/\/widevape.com\/wp-content\/uploads\/2025\/03\/ZGAR_PCC_Premium_Pod_Device-1-510x287.webp 510w, https:\/\/widevape.com\/wp-content\/uploads\/2025\/03\/ZGAR_PCC_Premium_Pod_Device-1-300x169.webp 300w, https:\/\/widevape.com\/wp-content\/uploads\/2025\/03\/ZGAR_PCC_Premium_Pod_Device-1-1024x576.webp 1024w, https:\/\/widevape.com\/wp-content\/uploads\/2025\/03\/ZGAR_PCC_Premium_Pod_Device-1-768x432.webp 768w, https:\/\/widevape.com\/wp-content\/uploads\/2025\/03\/ZGAR_PCC_Premium_Pod_Device-1-1536x864.webp 1536w\" sizes=\"auto, (max-width: 1920px) 100vw, 1920px\" \/><\/p>\n<p><img loading=\"lazy\" decoding=\"async\" class=\"alignnone\" src=\"https:\/\/widevape.com\/wp-content\/uploads\/2025\/03\/ZGAR_PCC_Premium_Pod_Device-2.webp\" alt=\"Gro\u00dfhandel f\u00fcr ZGAR PCC Premium Pod Ger\u00e4t: Einweg-E-Zigaretten im Gro\u00dfhandel kaufen\" width=\"1440\" height=\"810\" \/><\/p>\n<p><img loading=\"lazy\" decoding=\"async\" class=\"alignnone wp-image-26888 size-full\" src=\"https:\/\/widevape.com\/wp-content\/uploads\/2025\/03\/ZGAR_PCC_Premium_Pod_Device.webp\" alt=\"Gro\u00dfhandel f\u00fcr ZGAR PCC Premium Pod Ger\u00e4t: Einweg-E-Zigaretten im Gro\u00dfhandel kaufen\" width=\"1920\" height=\"1000\" srcset=\"https:\/\/widevape.com\/wp-content\/uploads\/2025\/03\/ZGAR_PCC_Premium_Pod_Device.webp 1920w, https:\/\/widevape.com\/wp-content\/uploads\/2025\/03\/ZGAR_PCC_Premium_Pod_Device-510x266.webp 510w, https:\/\/widevape.com\/wp-content\/uploads\/2025\/03\/ZGAR_PCC_Premium_Pod_Device-300x156.webp 300w, https:\/\/widevape.com\/wp-content\/uploads\/2025\/03\/ZGAR_PCC_Premium_Pod_Device-1024x533.webp 1024w, https:\/\/widevape.com\/wp-content\/uploads\/2025\/03\/ZGAR_PCC_Premium_Pod_Device-768x400.webp 768w, https:\/\/widevape.com\/wp-content\/uploads\/2025\/03\/ZGAR_PCC_Premium_Pod_Device-1536x800.webp 1536w\" sizes=\"auto, (max-width: 1920px) 100vw, 1920px\" \/><\/p>\n","protected":false},"excerpt":{"rendered":"<p>Das\u00a0<strong>Appareil ZGAR PCC Premium Pod<\/strong>\u00a0est un produit d'e-cigarette jetable de haute qualit\u00e9, qui se distingue par ses fonctions robustes, son design \u00e9l\u00e9gant et sa grande qualit\u00e9. Il est propos\u00e9 par WideVape dans le cadre d'une offre compl\u00e8te d'e-cigarettes jetables pour le march\u00e9 europ\u00e9en.<\/p>","protected":false},"featured_media":26891,"comment_status":"open","ping_status":"closed","template":"","meta":[],"product_brand":[],"product_cat":[91,37,96,72],"product_tag":[],"class_list":{"0":"post-26885","1":"product","2":"type-product","3":"status-publish","4":"has-post-thumbnail","6":"product_cat-crystal-einweg-e-zigaretten","7":"product_cat-einweg-e-zigaretten","8":"product_cat-wiederaufladbare-einweg-e-zigaretten","9":"product_cat-zgar-einweg-e-zigaretten","11":"first","12":"instock","13":"shipping-taxable","14":"purchasable","15":"product-type-variable","16":"has-default-attributes"},"_links":{"self":[{"href":"https:\/\/widevape.com\/fr\/wp-json\/wp\/v2\/product\/26885","targetHints":{"allow":["GET"]}}],"collection":[{"href":"https:\/\/widevape.com\/fr\/wp-json\/wp\/v2\/product"}],"about":[{"href":"https:\/\/widevape.com\/fr\/wp-json\/wp\/v2\/types\/product"}],"replies":[{"embeddable":true,"href":"https:\/\/widevape.com\/fr\/wp-json\/wp\/v2\/comments?post=26885"}],"wp:featuredmedia":[{"embeddable":true,"href":"https:\/\/widevape.com\/fr\/wp-json\/wp\/v2\/media\/26891"}],"wp:attachment":[{"href":"https:\/\/widevape.com\/fr\/wp-json\/wp\/v2\/media?parent=26885"}],"wp:term":[{"taxonomy":"product_brand","embeddable":true,"href":"https:\/\/widevape.com\/fr\/wp-json\/wp\/v2\/product_brand?post=26885"},{"taxonomy":"product_cat","embeddable":true,"href":"https:\/\/widevape.com\/fr\/wp-json\/wp\/v2\/product_cat?post=26885"},{"taxonomy":"product_tag","embeddable":true,"href":"https:\/\/widevape.com\/fr\/wp-json\/wp\/v2\/product_tag?post=26885"}],"curies":[{"name":"wp","href":"https:\/\/api.w.org\/{rel}","templated":true}]}}