{"id":28659,"date":"2026-01-05T03:29:17","date_gmt":"2026-01-05T02:29:17","guid":{"rendered":"https:\/\/widevape.com\/?post_type=product&#038;p=28659"},"modified":"2026-04-18T13:54:42","modified_gmt":"2026-04-18T11:54:42","slug":"waspe-aiviou-6-saveurs-en-1-150-000-bouffees-150k-vape-jetable-gros-technologie-a-triple-maille","status":"publish","type":"product","link":"https:\/\/widevape.com\/fr\/product\/waspe-aiviou-6-in-1-geschmacksrichtungen-150-000-zuege-150k-einweg-vape-grosshandel-dreifach-mesh-technologie\/","title":{"rendered":"WASPE AIVIOU 6 saveurs en 1, 150 000 bouff\u00e9es 150K Vape jetable en gros Technologie \u00e0 triple maille"},"content":{"rendered":"<article>\n<h2 style=\"color: #e91e63; text-align: center;\">\ud83d\ude80 <a href=\"https:\/\/widevape.com\/fr\/categorie-de-produits\/waspe-e-cigarettes-jetables\/\">WASPE AIVIOU<\/a> 6 en 1 \u2013 Votre grande f\u00eate des saveurs avec 150 000 bouff\u00e9es !<\/h2>\n<p>Bonjour ! Cherchez-vous l'exp\u00e9rience de vapotage la plus cool que l'on puisse imaginer ? Alors attachez votre ceinture ! Le WASPE AIVIOU 6 en 1 n'est pas simplement une cigarette \u00e9lectronique - c'est comme un v\u00e9ritable magasin de bonbons dans votre poche. Avec des incroyables <strong>150 000 trains<\/strong> Il t'accompagne pendant une \u00e9ternit\u00e9. Le meilleur ? Tu peux passer facilement d'une saveur \u00e0 l'autre, comme si tu faisais tourner une roue de la chance !<\/p>\n<p>Sur <strong>WideVape<\/strong>, De votre expert en gros en Europe, vous recevez ce paquet de force directement chez vous. Nous sommes la premi\u00e8re adresse si vous recherchez des produits de haute qualit\u00e9 <a href=\"https:\/\/widevape.com\/fr\/\">Vous souhaitez acheter de grandes quantit\u00e9s de vapes jetables<\/a>. .<\/p>\n<div style=\"display: flex; gap: 20px; justify-content: center; margin: 20px 0; flex-wrap: wrap;\">\n<div style=\"border: 2px solid #2196f3; border-radius: 15px; padding: 15px; width: 45%; background-color: #f0f8ff; box-shadow: 5px 5px 10px #ccc;\">\n<h3 style=\"color: #2196f3; margin-top: 0;\">\u274c Vieilles Vapes<\/h3>\n<ul style=\"padding-left: 20px;\">\n<li>Uniquement un go\u00fbt<\/li>\n<li>Rapidement vide (600 coups)<\/li>\n<li>Aucun affichage<\/li>\n<li>Souvent ennuyeux<\/li>\n<\/ul>\n<\/div>\n<div style=\"border: 2px solid #e91e63; border-radius: 15px; padding: 15px; width: 45%; background-color: #fff0f5; box-shadow: 5px 5px 10px #ccc;\">\n<h3 style=\"color: #e91e63; margin-top: 0;\">\u2705 WASPE AIVIOU 6 en 1<\/h3>\n<ul style=\"padding-left: 20px;\">\n<li><strong>6 saveurs<\/strong> En un !<\/li>\n<li><strong>150 000 trains<\/strong> Puissance<\/li>\n<li>Bel affichage LED<\/li>\n<li>Triple Mesh Coil pour vapeur super<\/li>\n<\/ul>\n<\/div>\n<\/div>\n<h2 style=\"color: #673ab7;\">\ud83c\udf1f Qu'est-ce qui rend ce Vape si sp\u00e9cial ?<\/h2>\n<p><img loading=\"lazy\" decoding=\"async\" class=\"size-full wp-image-28662 aligncenter\" src=\"https:\/\/widevape.com\/wp-content\/uploads\/2026\/01\/WASPE-AIVIOU-6-in-1-Geschmacksrichtungen-150.000-Zuege-150K-Einweg-Vape-Grosshandel-Dreifach-Mesh-Technologie-3.webp\" alt=\"\" width=\"2000\" height=\"1444\" srcset=\"https:\/\/widevape.com\/wp-content\/uploads\/2026\/01\/WASPE-AIVIOU-6-in-1-Geschmacksrichtungen-150.000-Zuege-150K-Einweg-Vape-Grosshandel-Dreifach-Mesh-Technologie-3.webp 2000w, https:\/\/widevape.com\/wp-content\/uploads\/2026\/01\/WASPE-AIVIOU-6-in-1-Geschmacksrichtungen-150.000-Zuege-150K-Einweg-Vape-Grosshandel-Dreifach-Mesh-Technologie-3-300x217.webp 300w, https:\/\/widevape.com\/wp-content\/uploads\/2026\/01\/WASPE-AIVIOU-6-in-1-Geschmacksrichtungen-150.000-Zuege-150K-Einweg-Vape-Grosshandel-Dreifach-Mesh-Technologie-3-1024x739.webp 1024w, https:\/\/widevape.com\/wp-content\/uploads\/2026\/01\/WASPE-AIVIOU-6-in-1-Geschmacksrichtungen-150.000-Zuege-150K-Einweg-Vape-Grosshandel-Dreifach-Mesh-Technologie-3-768x554.webp 768w, https:\/\/widevape.com\/wp-content\/uploads\/2026\/01\/WASPE-AIVIOU-6-in-1-Geschmacksrichtungen-150.000-Zuege-150K-Einweg-Vape-Grosshandel-Dreifach-Mesh-Technologie-3-1536x1109.webp 1536w, https:\/\/widevape.com\/wp-content\/uploads\/2026\/01\/WASPE-AIVIOU-6-in-1-Geschmacksrichtungen-150.000-Zuege-150K-Einweg-Vape-Grosshandel-Dreifach-Mesh-Technologie-3-18x12.webp 18w, https:\/\/widevape.com\/wp-content\/uploads\/2026\/01\/WASPE-AIVIOU-6-in-1-Geschmacksrichtungen-150.000-Zuege-150K-Einweg-Vape-Grosshandel-Dreifach-Mesh-Technologie-3-510x368.webp 510w\" sizes=\"auto, (max-width: 2000px) 100vw, 2000px\" \/><\/p>\n<h3 style=\"color: #ff5722;\">\ud83c\udf6cROUE DES SAVEURS WASPE AIVIOU 6 en 1<\/h3>\n<p>Imaginez que vous ayez envie de fraise, mais cinq minutes plus tard, vous pr\u00e9f\u00e9rez la past\u00e8que fra\u00eeche. Aucun probl\u00e8me ! Vous tournez simplement la buse et vous avez d\u00e9j\u00e0 un nouveau go\u00fbt. C'est comme si vous aviez six vapes diff\u00e9rents avec vous, mais vous n'avez qu'un seul \u00e0 porter. Cela \u00e9conomise de l'espace et c'est vraiment amusant !<\/p>\n<h3 style=\"color: #4caf50;\">\ud83d\udca8 Trois moteurs pour une vapeur parfaite (Triple Mesh)<\/h3>\n<p>\u00c0 l'int\u00e9rieur, trois r\u00e9seaux sp\u00e9ciaux (Mesh Coils) fonctionnent simultan\u00e9ment. Cela signifie : la vapeur est particuli\u00e8rement douce, a un go\u00fbt beaucoup plus intense et il en sort une bonne quantit\u00e9 ! C'est comme une voiture de course parmi les vapes - rapide, puissante et fiable.<\/p>\n<h3 style=\"color: #00bcd4;\">\ud83d\udcf1 Un \u00e9cran qui te parle<\/h3>\n<p>Vous n'avez jamais \u00e0 deviner combien de jus il reste. L'\u00e9cran LED intelligent vous indique exactement combien la batterie est pleine et combien de liquide d\u00e9licieux il reste. Il n'y a pas de mauvaises surprises !<\/p>\n<div style=\"background-color: #fff3e0; border-left: 6px solid #ff9800; padding: 15px; margin: 20px 0; border-radius: 5px;\">\n<h4 style=\"margin-top: 0; color: #e65100;\">\ud83d\udca1 Petite connaissance pour toi : Qu'est-ce qu'une Mesh Coil ?<\/h4>\n<p style=\"margin-bottom: 0;\">Un Mesh Coil est comme une fine passoire en m\u00e9tal. Il chauffe de mani\u00e8re plus uniforme qu'un vieux fil. C'est pourquoi ta vapeur a toujours un go\u00fbt frais et ne br\u00fble jamais. Le WASPE en a m\u00eame trois !<\/p>\n<\/div>\n<h2 style=\"color: #3f51b5;\">\ud83c\udfa8 Choisissez votre package pr\u00e9f\u00e9r\u00e9<\/h2>\n<p>Voici les combinaisons incroyables que vous pouvez commander chez WideVape. Chaque num\u00e9ro est une petite aventure en soi :<\/p>\n<div>Glace \u00e0 la past\u00e8que &amp; Citron-Lime &amp; P\u00eache au citron<\/div>\n<div><\/div>\n<div>Glace aux bleuets &amp; Kiwi aux fraises &amp; Glace aux cerises et aux fraises<\/div>\n<div><\/div>\n<div>Red Bull Glace &amp; Framboise-Pompon &amp; Mangue-Fraise Acide<\/div>\n<div><\/div>\n<div>Glace aux fraises, past\u00e8que &amp; p\u00eaches et glace aux trois baies<\/div>\n<div><\/div>\n<div>Glace \u00e0 la cerise et \u00e0 la cola &amp; Glace \u00e0 la fraise et au Red Bull &amp; Past\u00e8que et framboise<\/div>\n<div><\/div>\n<div>Glace aux raisins &amp; Myrtilles bleues &amp; Glace aux fraises<\/div>\n<div><\/div>\n<div>Baies m\u00e9lang\u00e9es &amp; Glace aux fruits du dragon noir &amp; Cola aux fraises et aux cerises<\/div>\n<div><\/div>\n<div>Sprudel-Cola-Glace &amp; Energy-Drink-Glace &amp; Glace de cerise<\/div>\n<div><\/div>\n<div>Fraise-Banane &amp; Kiwi-Melon &amp; Coco-Fraise<\/div>\n<div><\/div>\n<div>Red Bull Cola Glace &amp; Fraise-Framboise &amp; M\u00fbre-Dragon Fruit<\/div>\n<div><\/div>\n<div>Gomme \u00e0 m\u00e2cher aux fraises et \u00e0 la past\u00e8que &amp; Glace \u00e0 la mangue aigre &amp; Glace aux fraises et aux raisins<\/div>\n<div><\/div>\n<div>Melon-Passionfruit &amp; M\u00fbre-Glace &amp; Pomme-Kiwi<\/div>\n<div><\/div>\n<h2 style=\"color: #009688;\">\ud83d\udcca Toutes les informations en un coup d'\u0153il<\/h2>\n<div style=\"overflow-x: auto;\">\n<table style=\"width: 100%; border-collapse: collapse; margin: 20px 0; font-family: sans-serif;\">\n<thead>\n<tr style=\"background-color: #009688; color: white;\">\n<th style=\"padding: 12px; border: 1px solid #ddd; text-align: left;\">Propri\u00e9t\u00e9<\/th>\n<th style=\"padding: 12px; border: 1px solid #ddd; text-align: left;\">D\u00e9tails<\/th>\n<\/tr>\n<\/thead>\n<tbody>\n<tr>\n<td style=\"padding: 10px; border: 1px solid #ddd; font-weight: bold;\">Trains (Puffs)<\/td>\n<td style=\"padding: 10px; border: 1px solid #ddd;\">Jusqu'\u00e0 150 000 (\u00c9norme !)<\/td>\n<\/tr>\n<tr style=\"background-color: #f9f9f9;\">\n<td style=\"padding: 10px; border: 1px solid #ddd; font-weight: bold;\">Syst\u00e8me de chauffage<\/td>\n<td style=\"padding: 10px; border: 1px solid #ddd;\">Triple Mesh Coil (1,0 \u03a9 x 3)<\/td>\n<\/tr>\n<tr>\n<td style=\"padding: 10px; border: 1px solid #ddd; font-weight: bold;\">R\u00e9serve de liquide<\/td>\n<td style=\"padding: 10px; border: 1px solid #ddd;\">64 ml (Beaucoup !)<\/td>\n<\/tr>\n<tr style=\"background-color: #f9f9f9;\">\n<td style=\"padding: 10px; border: 1px solid #ddd; font-weight: bold;\">Batterie<\/td>\n<td style=\"padding: 10px; border: 1px solid #ddd;\">650 mAh (rechargeable)<\/td>\n<\/tr>\n<tr>\n<td style=\"padding: 10px; border: 1px solid #ddd; font-weight: bold;\">Raccordement<\/td>\n<td style=\"padding: 10px; border: 1px solid #ddd;\">USB Type-C rapide<\/td>\n<\/tr>\n<tr style=\"background-color: #f9f9f9;\">\n<td style=\"padding: 10px; border: 1px solid #ddd; font-weight: bold;\">Nicotine<\/td>\n<td style=\"padding: 10px; border: 1px solid #ddd;\">W\u00e4hlbar: 0% \/ 2% \/ 5%<\/td>\n<\/tr>\n<\/tbody>\n<\/table>\n<\/div>\n<h2 style=\"color: #607d8b;\">\u2753 Foire aux questions (FAQ)<\/h2>\n<div style=\"background-color: #eceff1; padding: 15px; border-radius: 10px;\">\n<p style=\"margin-bottom: 10px;\"><strong>1. Comment changer le go\u00fbt ?<\/strong><\/p>\n<p>C'est enfantin ! Il suffit de tourner la partie sup\u00e9rieure de l'appareil (l'embout buccal) pour choisir entre les 6 r\u00e9glages. Chaque niveau vous offre une nouvelle saveur d\u00e9licieuse !<\/p>\n<p style=\"margin-bottom: 10px;\"><strong>2. Dois-je jeter l'appareil lorsque la batterie est vide ?<\/strong><br \/>\nNon ! Tu peux le recharger tr\u00e8s simplement avec un c\u00e2ble de type C, exactement comme ton t\u00e9l\u00e9phone. Ce n'est qu'une fois que le liquide (les 64 ml) est compl\u00e8tement \u00e9puis\u00e9 que c'est le moment de renouveler ton WASPE de WideVape.<\/p>\n<p style=\"margin-bottom: 0;\"><strong>3. Pourquoi acheter chez WideVape ?<\/strong><br \/>\nNous sommes les professionnels en Europe ! Nous livrons rapidement, en toute s\u00e9curit\u00e9 et avec les meilleurs prix pour les grossistes. Si vous voulez de la qualit\u00e9, vous \u00eates chez nous exactement \u00e0 la bonne place.<\/p>\n<\/div>\n<div style=\"text-align: center; margin-top: 30px; padding: 20px; border: 3px dashed #e91e63; border-radius: 20px; background-color: #fff;\">\n<h2 style=\"color: #e91e63;\">\ud83d\uded2 Frappe maintenant !<\/h2>\n<p style=\"font-size: 1.2em;\">Es-tu pr\u00eat pour le plus grand plaisir de vape de ta vie ?  Ache\u00e8te le WASPE AIVIOU 6 en 1 maintenant sur <strong>WideVape<\/strong>. Que ce soit pour toi ou pour ton magasin \u2013 nous avons les meilleures offres pour toi !<\/p>\n<p><strong>WideVape - Votre num\u00e9ro 1 pour les vapes jetables en Europe !<\/strong><\/p>\n<\/div>\n<p><img loading=\"lazy\" decoding=\"async\" class=\"size-full wp-image-28665 aligncenter\" src=\"https:\/\/widevape.com\/wp-content\/uploads\/2026\/01\/WASPE-AIVIOU-6-in-1-Geschmacksrichtungen-150.000-Zuege-150K-Einweg-Vape-Grosshandel-Dreifach-Mesh-Technologie-6.webp\" alt=\"WASPE AIVIOU 6 saveurs en 1, 150 000 bouff\u00e9es 150K Vape jetable en gros Technologie \u00e0 triple maille\" width=\"2500\" height=\"1875\" srcset=\"https:\/\/widevape.com\/wp-content\/uploads\/2026\/01\/WASPE-AIVIOU-6-in-1-Geschmacksrichtungen-150.000-Zuege-150K-Einweg-Vape-Grosshandel-Dreifach-Mesh-Technologie-6.webp 2500w, https:\/\/widevape.com\/wp-content\/uploads\/2026\/01\/WASPE-AIVIOU-6-in-1-Geschmacksrichtungen-150.000-Zuege-150K-Einweg-Vape-Grosshandel-Dreifach-Mesh-Technologie-6-300x225.webp 300w, https:\/\/widevape.com\/wp-content\/uploads\/2026\/01\/WASPE-AIVIOU-6-in-1-Geschmacksrichtungen-150.000-Zuege-150K-Einweg-Vape-Grosshandel-Dreifach-Mesh-Technologie-6-1024x768.webp 1024w, https:\/\/widevape.com\/wp-content\/uploads\/2026\/01\/WASPE-AIVIOU-6-in-1-Geschmacksrichtungen-150.000-Zuege-150K-Einweg-Vape-Grosshandel-Dreifach-Mesh-Technologie-6-768x576.webp 768w, https:\/\/widevape.com\/wp-content\/uploads\/2026\/01\/WASPE-AIVIOU-6-in-1-Geschmacksrichtungen-150.000-Zuege-150K-Einweg-Vape-Grosshandel-Dreifach-Mesh-Technologie-6-1536x1152.webp 1536w, https:\/\/widevape.com\/wp-content\/uploads\/2026\/01\/WASPE-AIVIOU-6-in-1-Geschmacksrichtungen-150.000-Zuege-150K-Einweg-Vape-Grosshandel-Dreifach-Mesh-Technologie-6-2048x1536.webp 2048w, https:\/\/widevape.com\/wp-content\/uploads\/2026\/01\/WASPE-AIVIOU-6-in-1-Geschmacksrichtungen-150.000-Zuege-150K-Einweg-Vape-Grosshandel-Dreifach-Mesh-Technologie-6-16x12.webp 16w, https:\/\/widevape.com\/wp-content\/uploads\/2026\/01\/WASPE-AIVIOU-6-in-1-Geschmacksrichtungen-150.000-Zuege-150K-Einweg-Vape-Grosshandel-Dreifach-Mesh-Technologie-6-510x383.webp 510w\" sizes=\"auto, (max-width: 2500px) 100vw, 2500px\" \/><\/p>\n<h2>Guide produit :<\/h2>\n<p><a href=\"https:\/\/widevape.com\/wp-content\/uploads\/2026\/01\/WASPE-AIVIOU-6-in-1-Product-Guide.pdf\" target=\"_blank\" rel=\"noopener\">Guide produit WASPE AIVIOU 6 en 1<\/a><\/p>\n<\/article>","protected":false},"excerpt":{"rendered":"<table class=\"vape-specs-table\">\n<thead>\n<tr>\n<th>Sp\u00e9cification<\/th>\n<th>D\u00e9tails de WASPE AIVIOU<\/th>\n<\/tr>\n<\/thead>\n<tbody>\n<tr>\n<td>Trains (Puffs)<\/td>\n<td>150 000 bouff\u00e9es<\/td>\n<\/tr>\n<tr>\n<td>R\u00e9sistance chauffante (\u00e9l\u00e9ment chauffant)<\/td>\n<td>1,0\u03a9 \u00d7 3 Mesh-Coil \n\n(or) \n Bobine Mesh 3 \u00d7 1,0 \u03a9<\/td>\n<\/tr>\n<tr>\n<td>Capacit\u00e9 d'e-liquide<\/td>\n<td>64ml<\/td>\n<\/tr>\n<tr>\n<td>Teneur en nicotine<\/td>\n<td>0% \/ 2% \/ 5%<\/td>\n<\/tr>\n<tr>\n<td>Batterie<\/td>\n<td>650mAh (rechargeable)<\/td>\n<\/tr>\n<tr>\n<td>Prise de charge<\/td>\n<td>Type-C<\/td>\n<\/tr>\n<tr>\n<td>Affichage<\/td>\n<td>\u00c9cran LED<\/td>\n<\/tr>\n<tr>\n<td>Abmessungen<\/td>\n<td>53 \u00d7 46 \u00d7 138 mm<\/td>\n<\/tr>\n<tr>\n<td>Poids (appareil individuel)<\/td>\n<td>140g par pi\u00e8ce<\/td>\n<\/tr>\n<tr>\n<td>Unit\u00e9 d'emballage<\/td>\n<td>10 pi\u00e8ces\/bo\u00eete, 160 pi\u00e8ces\/carton<\/td>\n<\/tr>\n<tr>\n<td>Poids total<\/td>\n<td>23kg\/bo\u00eete<\/td>\n<\/tr>\n<\/tbody>\n<\/table>","protected":false},"featured_media":28661,"comment_status":"open","ping_status":"closed","template":"","meta":[],"product_brand":[],"product_cat":[71,199,92,93,37,94,61,183,187,193,185,181,184,186,182,189,190,192,191,42,90,96],"product_tag":[],"class_list":{"0":"post-28659","1":"product","2":"type-product","3":"status-publish","4":"has-post-thumbnail","6":"product_cat-waspe-einweg-e-zigaretten","7":"product_cat-150000150k-zuege-einweg-e-zigaretten","8":"product_cat-digitale-box-einweg-e-zigaretten","9":"product_cat-dual-mesh-einweg-e-zigaretten","10":"product_cat-einweg-e-zigaretten","11":"product_cat-einweg-e-zigaretten-mit-niedriger-nikotinstaerke","12":"product_cat-einweg-e-zigaretten-nach-zuegen","13":"product_cat-einweg-e-zigaretten-in-belgien","14":"product_cat-einweg-e-zigaretten-in-den-niederlanden","15":"product_cat-einweg-e-zigaretten-in-der-schweiz","16":"product_cat-einweg-e-zigaretten-in-deutschland","17":"product_cat-einweg-e-zigaretten-in-europa","18":"product_cat-einweg-e-zigaretten-in-frankreich","19":"product_cat-einweg-e-zigaretten-in-italien","20":"product_cat-einweg-e-zigaretten-in-oesterreich","21":"product_cat-einweg-e-zigaretten-in-polen","22":"product_cat-einweg-e-zigaretten-in-portugal","23":"product_cat-einweg-e-zigaretten-in-schweden","24":"product_cat-einweg-e-zigaretten-in-spanien","25":"product_cat-europaeisches-vape-lager","26":"product_cat-grosse-einweg-e-zigaretten","27":"product_cat-wiederaufladbare-einweg-e-zigaretten","29":"first","30":"instock","31":"featured","32":"shipping-taxable","33":"purchasable","34":"product-type-variable","35":"has-default-attributes"},"_links":{"self":[{"href":"https:\/\/widevape.com\/fr\/wp-json\/wp\/v2\/product\/28659","targetHints":{"allow":["GET"]}}],"collection":[{"href":"https:\/\/widevape.com\/fr\/wp-json\/wp\/v2\/product"}],"about":[{"href":"https:\/\/widevape.com\/fr\/wp-json\/wp\/v2\/types\/product"}],"replies":[{"embeddable":true,"href":"https:\/\/widevape.com\/fr\/wp-json\/wp\/v2\/comments?post=28659"}],"wp:featuredmedia":[{"embeddable":true,"href":"https:\/\/widevape.com\/fr\/wp-json\/wp\/v2\/media\/28661"}],"wp:attachment":[{"href":"https:\/\/widevape.com\/fr\/wp-json\/wp\/v2\/media?parent=28659"}],"wp:term":[{"taxonomy":"product_brand","embeddable":true,"href":"https:\/\/widevape.com\/fr\/wp-json\/wp\/v2\/product_brand?post=28659"},{"taxonomy":"product_cat","embeddable":true,"href":"https:\/\/widevape.com\/fr\/wp-json\/wp\/v2\/product_cat?post=28659"},{"taxonomy":"product_tag","embeddable":true,"href":"https:\/\/widevape.com\/fr\/wp-json\/wp\/v2\/product_tag?post=28659"}],"curies":[{"name":"wp","href":"https:\/\/api.w.org\/{rel}","templated":true}]}}