{"id":21814,"date":"2025-02-23T14:33:14","date_gmt":"2025-02-23T13:33:14","guid":{"rendered":"https:\/\/widevape.com\/?page_id=21814"},"modified":"2025-02-23T14:33:14","modified_gmt":"2025-02-23T13:33:14","slug":"gyik","status":"publish","type":"page","link":"https:\/\/widevape.com\/hu\/faqs\/","title":{"rendered":"GYIK"},"content":{"rendered":"<h3 data-start=\"0\" data-end=\"67\">GYIK - Wide Vape \u2013 Pr\u00e9mium eldobhat\u00f3 e-cigarett\u00e1k N\u00e9metorsz\u00e1gb\u00f3l<\/h3>\n<p data-start=\"69\" data-end=\"399\"><strong data-start=\"69\" data-end=\"94\">1. Mi az a Wide Vape?<\/strong><br data-start=\"94\" data-end=\"97\" \/>A Wide Vape vezet\u0151 szerepl\u0151 az eur\u00f3pai piacon forgalmazott pr\u00e9mium eldobhat\u00f3 e-cigarett\u00e1k ter\u00e9n.  Nagy v\u00e1laszt\u00e9kban k\u00edn\u00e1lunk magas sz\u00ednvonal\u00fa m\u00e1rk\u00e1kat, mint p\u00e9ld\u00e1ul a Bang Box, a RandM, a Waspe, az Elf Box, az Al Fakher, a VOPK \u00e9s a Vozol, amelyek els\u0151sorban nagykereskedelmi vagy nagy mennyis\u00e9g\u0171 rendel\u00e9s eset\u00e9n \u00e9rhet\u0151k el.<\/p>\n<p data-start=\"401\" data-end=\"523\"><strong data-start=\"401\" data-end=\"454\">Milyen m\u00e1rk\u00e1kat \u00e1rulnak a weboldalukon?<\/strong><br data-start=\"454\" data-end=\"457\" \/>A Wide Vape-on sz\u00e1mos n\u00e9pszer\u0171 m\u00e1rk\u00e1t tal\u00e1l, bele\u00e9rtve:<\/p>\n<ul data-start=\"524\" data-end=\"615\">\n<li data-start=\"524\" data-end=\"538\"><strong data-start=\"526\" data-end=\"538\">Bang Box<\/strong><\/li>\n<li data-start=\"539\" data-end=\"550\"><strong data-start=\"541\" data-end=\"550\">RandM<\/strong><\/li>\n<li data-start=\"551\" data-end=\"564\"><strong data-start=\"553\" data-end=\"564\">Tizenegyes Doboz<\/strong><\/li>\n<li data-start=\"565\" data-end=\"580\"><strong data-start=\"567\" data-end=\"580\">Al Fakher<\/strong><\/li>\n<li data-start=\"581\" data-end=\"591\"><strong data-start=\"583\" data-end=\"591\">VOPK<\/strong><\/li>\n<li data-start=\"592\" data-end=\"603\"><strong data-start=\"594\" data-end=\"603\">Dar\u00e1zs<\/strong><\/li>\n<li data-start=\"604\" data-end=\"615\"><strong data-start=\"606\" data-end=\"615\">Vozol<\/strong><\/li>\n<\/ul>\n<p data-start=\"617\" data-end=\"749\">Ezek a m\u00e1rk\u00e1k kiv\u00e1l\u00f3 min\u0151s\u00e9g\u0171, eldobhat\u00f3 e-cigarett\u00e1kat k\u00edn\u00e1lnak k\u00fcl\u00f6nb\u00f6z\u0151 \u00edzes\u00edt\u00e9sekben, amelyek ide\u00e1lisak a nagykereskedelmi piacra.<\/p>\n<p data-start=\"751\" data-end=\"1089\"><strong data-start=\"751\" data-end=\"794\">3. Hogyan m\u0171k\u00f6dik a rendel\u00e9si folyamat?<\/strong><br data-start=\"794\" data-end=\"797\" \/>K\u00f6zlem\u00e9ny\u00fcnk\u00f6n 10 darabt\u00f3l (1 doboz) leadhatja rendel\u00e9s\u00e9t.  A rendel\u00e9seket vagy eur\u00f3pai rakt\u00e1runkb\u00f3l (sz\u00e1ll\u00edt\u00e1si id\u0151 3-7 nap) vagy k\u00ednai rakt\u00e1runkb\u00f3l (sz\u00e1ll\u00edt\u00e1si id\u0151 12-15 nap) k\u00fcldj\u00fck. Gyors \u00e9s megb\u00edzhat\u00f3 sz\u00e1ll\u00edt\u00e1st k\u00edn\u00e1lunk k\u00f6zvetlen\u00fcl \u00d6nnek.<\/p>\n<p data-start=\"1091\" data-end=\"1244\"><strong data-start=\"1091\" data-end=\"1138\">4. Milyen fizet\u00e9si m\u00f3dokat fogadj\u00e1k el?<\/strong><br data-start=\"1138\" data-end=\"1141\" \/>Sz\u00e1mos fizet\u00e9si m\u00f3dot k\u00edn\u00e1lunk, hogy a v\u00e1s\u00e1rl\u00e1st a lehet\u0151 legegyszer\u0171bb\u00e9 tegy\u00fck \u00d6nnek:<\/p>\n<ul data-start=\"1245\" data-end=\"1523\">\n<li data-start=\"1245\" data-end=\"1287\"><strong data-start=\"1247\" data-end=\"1262\">Hitelk\u00e1rtya<\/strong> (Visa, MasterCard, stb.)<\/li>\n<li data-start=\"1288\" data-end=\"1337\"><strong data-start=\"1290\" data-end=\"1309\">Banksz\u00e1mla-\u00e1tutal\u00e1s<\/strong> elektronikus \u00e1tutal\u00e1s<\/li>\n<li data-start=\"1338\" data-end=\"1388\"><strong data-start=\"1340\" data-end=\"1359\">Kriptovalut\u00e1k<\/strong> (Bitcoin, Ethereum \u00e9s t\u00f6bb)<\/li>\n<li data-start=\"1389\" data-end=\"1430\"><strong data-start=\"1391\" data-end=\"1400\">iDEAL<\/strong> (n\u00e9pszer\u0171 Hollandi\u00e1ban)<\/li>\n<li data-start=\"1431\" data-end=\"1468\"><strong data-start=\"1433\" data-end=\"1447\">Bancontact<\/strong> (n\u00e9pszer\u0171 Belgiumban)<\/li>\n<li data-start=\"1469\" data-end=\"1523\"><strong data-start=\"1471\" data-end=\"1495\">SEPA banksz\u00e1mla-\u00e1tutal\u00e1s<\/strong> (Eur\u00f3pai fizet\u00e9sekhez)<\/li>\n<\/ul>\n<p data-start=\"1525\" data-end=\"1844\"><strong data-start=\"1525\" data-end=\"1569\">5. Vannak kedvezm\u00e9nyek nagy mennyis\u00e9g\u0171 rendel\u00e9s eset\u00e9n?<\/strong><br data-start=\"1569\" data-end=\"1572\" \/>Igen, a Wide Vape-n\u00e1l k\u00fcl\u00f6n\u00f6sen vonz\u00f3 \u00e1rakat k\u00edn\u00e1lunk nagy mennyis\u00e9g\u0171 rendel\u00e9s eset\u00e9n. Min\u00e9l t\u00f6bb eldobhat\u00f3 e-cigarett\u00e1t rendel, ann\u00e1l olcs\u00f3bb lesz az \u00e1r darabonk\u00e9nt. A kedvezm\u00e9nyekr\u0151l \u00e9s a k\u00fcl\u00f6nleges aj\u00e1nlatokr\u00f3l sz\u00f3l\u00f3 r\u00e9szletes inform\u00e1ci\u00f3k\u00e9rt k\u00e9rj\u00fck, b\u00e1tran l\u00e9pjen kapcsolatba vel\u00fcnk e-mailben.<\/p>\n<p data-start=\"1846\" data-end=\"1937\"><strong data-start=\"1846\" data-end=\"1884\">6. Mennyi ideig tart a sz\u00e1ll\u00edt\u00e1s?<\/strong><br data-start=\"1884\" data-end=\"1887\" \/>A sz\u00e1ll\u00edt\u00e1si id\u0151k a sz\u00e1ll\u00edt\u00e1si m\u00f3dt\u00f3l f\u00fcggenek:<\/p>\n<ul data-start=\"1938\" data-end=\"2002\">\n<li data-start=\"1938\" data-end=\"1972\"><strong data-start=\"1940\" data-end=\"1963\">Eur\u00f3pai rakt\u00e1r:<\/strong> 3-7 nap<\/li>\n<li data-start=\"1973\" data-end=\"2002\"><strong data-start=\"1975\" data-end=\"1991\">K\u00edna-lager:<\/strong> 12-15 nap<\/li>\n<\/ul>\n<p data-start=\"2004\" data-end=\"2144\">Minden rendel\u00e9st gyorsan \u00e9s biztons\u00e1gosan csomagolunk \u00e9s sz\u00e1ll\u00edtunk, hogy biztos\u00edtsuk, a term\u00e9kek hib\u00e1tlan \u00e1llapotban \u00e9rkeznek meg.<\/p>\n<p data-start=\"2146\" data-end=\"2416\"><strong data-start=\"2146\" data-end=\"2205\">7. Hogyan vehetem fel a kapcsolatot \u00d6nnel, ha k\u00e9rd\u00e9sem van?<\/strong><br data-start=\"2205\" data-end=\"2208\" \/>B\u00e1rmikor el\u00e9rhet minket e-mailben a k\u00f6vetkez\u0151 c\u00edmen: <strong data-start=\"2250\" data-end=\"2271\"><a rel=\"noopener\" data-start=\"2252\" data-end=\"2269\">info@widevape.com<\/a><\/strong> Vegye fel a kapcsolatot. \u00dcgyf\u00e9lszolg\u00e1lati csapatunk sz\u00edvesen \u00e1ll rendelkez\u00e9s\u00e9re, hogy megv\u00e1laszolja minden k\u00e9rd\u00e9s\u00e9t \u00e9s seg\u00edtse a v\u00e1s\u00e1rl\u00e1s\u00e1t.<\/p>\n<p data-start=\"2418\" data-end=\"2651\"><strong data-start=\"2418\" data-end=\"2453\">8. Honnan sz\u00e1rmaznak a term\u00e9keik?<\/strong><br data-start=\"2453\" data-end=\"2456\" \/>Term\u00e9keink vagy eur\u00f3pai rakt\u00e1runkb\u00f3l, vagy k\u00f6zvetlen\u00fcl K\u00edn\u00e1b\u00f3l sz\u00e1rmaznak. Garant\u00e1ljuk term\u00e9keink min\u0151s\u00e9g\u00e9t \u00e9s az eur\u00f3pai e-cigarett\u00e1kra vonatkoz\u00f3 \u00f6sszes szabv\u00e1ny betart\u00e1s\u00e1t.<\/p>\n<p data-start=\"2653\" data-end=\"2942\"><strong data-start=\"2653\" data-end=\"2711\">9. Egy\u00e9nileg is tudok n\u00e1luk rendelni?<\/strong><br data-start=\"2711\" data-end=\"2714\" \/>Weboldalunk f\u0151leg nagy rendel\u00e9sekhez \u00e9s \u00f6mlesztett megrendel\u00e9sekhez k\u00e9sz\u00fclt.  Az egyedi rendel\u00e9sek \u00e1ltal\u00e1ban lehets\u00e9gesek, de javasoljuk, hogy nagyobb mennyis\u00e9geket rendeljenek, hogy profit\u00e1ljanak az alacsonyabb \u00e1rakb\u00f3l.<\/p>\n<p data-start=\"2944\" data-end=\"3282\"><strong data-start=\"2944\" data-end=\"2997\">10. Milyen garanci\u00e1t v\u00e1llalnak term\u00e9keikre?<\/strong><br data-start=\"2997\" data-end=\"3000\" \/>Min\u0151s\u00e9gi garanci\u00e1t v\u00e1llalunk minden olyan term\u00e9kre, amelyet weboldalunkon kereszt\u00fcl \u00e9rt\u00e9kes\u00edt\u00fcnk. Ha probl\u00e9ma mer\u00fcl fel a kapott term\u00e9kekkel kapcsolatban, k\u00e9rj\u00fck, forduljon \u00fcgyf\u00e9lszolg\u00e1latunkhoz a megold\u00e1s \u00e9rdek\u00e9ben. A garanci\u00e1val kapcsolatos tov\u00e1bbi r\u00e9szleteket az \u00c1ltal\u00e1nos Szerz\u0151d\u00e9si Felt\u00e9teleinkben tal\u00e1lja.<\/p>","protected":false},"excerpt":{"rendered":"<p>FAQ f\u00fcr Wide Vape \u2013 Premium Einweg E-Zigaretten aus Deutschland 1. Was ist Wide Vape?Wide Vape ist ein f\u00fchrender Anbieter von Premium Einweg E-Zigaretten, die exklusiv in Europa verkauft werden. Wir bieten eine gro\u00dfe Auswahl an hochwertigen Marken wie Bang Box, RandM, Waspe, Elf Box, Al Fakher, VOPK und Vozol, die haupts\u00e4chlich im Gro\u00dfhandel oder[Erfahren Sie mehr&#8230;]\n","protected":false},"author":1,"featured_media":0,"parent":0,"menu_order":0,"comment_status":"closed","ping_status":"closed","template":"","meta":{"footnotes":""},"class_list":["post-21814","page","type-page","status-publish","hentry"],"_links":{"self":[{"href":"https:\/\/widevape.com\/hu\/wp-json\/wp\/v2\/pages\/21814","targetHints":{"allow":["GET"]}}],"collection":[{"href":"https:\/\/widevape.com\/hu\/wp-json\/wp\/v2\/pages"}],"about":[{"href":"https:\/\/widevape.com\/hu\/wp-json\/wp\/v2\/types\/page"}],"author":[{"embeddable":true,"href":"https:\/\/widevape.com\/hu\/wp-json\/wp\/v2\/users\/1"}],"replies":[{"embeddable":true,"href":"https:\/\/widevape.com\/hu\/wp-json\/wp\/v2\/comments?post=21814"}],"version-history":[{"count":0,"href":"https:\/\/widevape.com\/hu\/wp-json\/wp\/v2\/pages\/21814\/revisions"}],"wp:attachment":[{"href":"https:\/\/widevape.com\/hu\/wp-json\/wp\/v2\/media?parent=21814"}],"curies":[{"name":"wp","href":"https:\/\/api.w.org\/{rel}","templated":true}]}}