{"id":23598,"date":"2025-02-26T08:54:38","date_gmt":"2025-02-26T07:54:38","guid":{"rendered":"https:\/\/widevape.com\/?page_id=23598"},"modified":"2025-02-26T08:54:38","modified_gmt":"2025-02-26T07:54:38","slug":"fizetesi-modok","status":"publish","type":"page","link":"https:\/\/widevape.com\/hu\/zahlungsmethoden\/","title":{"rendered":"Fizet\u00e9si m\u00f3dok"},"content":{"rendered":"<h3 data-start=\"0\" data-end=\"64\">Fizet\u00e9si m\u00f3dok a Wide Vape-n\u00e1l \u2013 Biztons\u00e1gos \u00e9s k\u00e9nyelmes v\u00e1s\u00e1rl\u00e1s<\/h3>\n<p data-start=\"66\" data-end=\"463\">A Wide Vape egyszer\u0171 \u00e9s biztons\u00e1gos fizet\u00e9si lehet\u0151s\u00e9get k\u00edn\u00e1l a rendel\u00e9sek kifizet\u00e9s\u00e9re, hogy \u00d6n a l\u00e9nyegre koncentr\u00e1lhasson: a legjobb pr\u00e9mium eldobhat\u00f3 e-cigarett\u00e1k kiv\u00e1laszt\u00e1s\u00e1ra N\u00e9metorsz\u00e1gb\u00f3l. K\u00fcl\u00f6nb\u00f6z\u0151 fizet\u00e9si m\u00f3dokat fogadunk el, amelyek k\u00e9nyelmes \u00e9s rugalmas fizet\u00e9st tesznek lehet\u0151v\u00e9, legyen sz\u00f3 ak\u00e1r eur\u00f3pai, ak\u00e1r nemzetk\u00f6zi rendel\u00e9sr\u0151l.<\/p>\n<h4 data-start=\"465\" data-end=\"526\">1. <strong data-start=\"473\" data-end=\"526\">Hitelk\u00e1rty\u00e1k (Visa, MasterCard, American Express)<\/strong><\/h4>\n<p data-start=\"527\" data-end=\"862\">A gyors \u00e9s egyszer\u0171 fizet\u00e9s \u00e9rdek\u00e9ben elfogadjuk a gyakori hitelk\u00e1rty\u00e1kat, mint a Visa, a MasterCard \u00e9s az American Express. Ez a fizet\u00e9si m\u00f3dszer vil\u00e1gszerte el\u00e9rhet\u0151, \u00e9s biztons\u00e1gos, azonnali feldolgoz\u00e1st garant\u00e1l. Az \u00d6n adatai n\u00e1lunk a leg\u00fajabb biztons\u00e1gi protokollokkal v\u00e9dettek, \u00edgy biztons\u00e1gosan v\u00e1s\u00e1rolhat.<\/p>\n<h4 data-start=\"864\" data-end=\"921\">2. <strong data-start=\"872\" data-end=\"921\">Banksz\u00e1mla-\u00e1tutal\u00e1s (\u00e1tutal\u00e1s \/ banki \u00e1tutal\u00e1s)<\/strong><\/h4>\n<p data-start=\"922\" data-end=\"1278\">Nagyobb megrendel\u00e9sek eset\u00e9n aj\u00e1nljuk, hogy banksz\u00e1mla-\u00e1tutal\u00e1ssal fizessen. Ez a m\u00f3dszer k\u00fcl\u00f6n\u00f6sen alkalmas nagykereskedelmi vagy \u00f6mlesztett megrendel\u00e9sekre, mivel magas tranzakci\u00f3s biztons\u00e1got \u00e9s rugalmass\u00e1got ny\u00fajt. K\u00e9rj\u00fck, vegye figyelembe, hogy a banksz\u00e1mla-\u00e1tutal\u00e1ssal t\u00f6rt\u00e9n\u0151 fizet\u00e9sek \u00e1ltal\u00e1ban n\u00e9h\u00e1ny munkanapot vehetnek ig\u00e9nybe, bankj\u00e1t\u00f3l f\u00fcgg\u0151en.<\/p>\n<h4 data-start=\"1280\" data-end=\"1307\">3. <strong data-start=\"1288\" data-end=\"1307\">Kriptovalut\u00e1k<\/strong><\/h4>\n<p data-start=\"1308\" data-end=\"1638\">A kriptovalut\u00e1k anonimit\u00e1s\u00e1t \u00e9s biztons\u00e1g\u00e1t el\u0151nyben r\u00e9szes\u00edt\u0151 \u00fcgyfelek sz\u00e1m\u00e1ra lehet\u0151s\u00e9get ny\u00fajtunk arra, hogy olyan vezet\u0151 kriptovalut\u00e1kkal fizessenek, mint a Bitcoin \u00e9s az Ethereum. Ez a fizet\u00e9si m\u00f3dszer nemcsak adatv\u00e9delmet ny\u00fajt, hanem gyors tranzakci\u00f3kat is lehet\u0151v\u00e9 tesz an\u00e9lk\u00fcl, hogy hagyom\u00e1nyos banksz\u00e1mla kapcsolat sz\u00fcks\u00e9ges lenne.<\/p>\n<h4 data-start=\"1640\" data-end=\"1691\">4. <strong data-start=\"1648\" data-end=\"1691\">iDEAL (hollandiai \u00fcgyfelek sz\u00e1m\u00e1ra)<\/strong><\/h4>\n<p data-start=\"1692\" data-end=\"1973\">Ha a Holl\u00f3di\u00e1ban lakik, akkor k\u00e9nyelmesen fizethet az iDEAL seg\u00edts\u00e9g\u00e9vel - az egyik legn\u00e9pszer\u0171bb fizet\u00e9si m\u00f3dszer ebben az orsz\u00e1gban. Az iDEAL lehet\u0151v\u00e9 teszi, hogy k\u00f6zvetlen\u00fcl a banksz\u00e1ml\u00e1j\u00e1r\u00f3l fizessen, \u00e9s a tranzakci\u00f3 azonnal feldolgoz\u00e1sra ker\u00fcl. Egyszer\u0171, gyors \u00e9s biztons\u00e1gos!<\/p>\n<h4 data-start=\"1975\" data-end=\"2022\">5. <strong data-start=\"1983\" data-end=\"2022\">Bancontact (belgiumi \u00fcgyfelek sz\u00e1m\u00e1ra)<\/strong><\/h4>\n<p data-start=\"2023\" data-end=\"2301\">Belga \u00fcgyfeleink sz\u00e1m\u00e1ra a Bancontacton kereszt\u00fcl t\u00f6rt\u00e9n\u0151 fizet\u00e9st k\u00edn\u00e1ljuk. Ez a fizet\u00e9si m\u00f3dszer Belgiumban nagyon elterjedt, \u00e9s lehet\u0151v\u00e9 teszi a gyors \u00e9s biztons\u00e1gos fizet\u00e9st k\u00f6zvetlen\u00fcl a banksz\u00e1ml\u00e1j\u00e1r\u00f3l. A Bancontact seg\u00edts\u00e9g\u00e9vel k\u00f6nnyed\u00e9n \u00e9s ker\u00fcl\u0151utak n\u00e9lk\u00fcl fizethet v\u00e1s\u00e1rl\u00e1sait.<\/p>\n<h4 data-start=\"2303\" data-end=\"2356\">6. <strong data-start=\"2311\" data-end=\"2356\">SEPA-\u00e1tutal\u00e1s (eur\u00f3pai \u00fcgyfelek sz\u00e1m\u00e1ra)<\/strong><\/h4>\n<p data-start=\"2357\" data-end=\"2694\">Az Eur\u00f3pai Uni\u00f3n bel\u00fcli \u00fcgyfelek sz\u00e1m\u00e1ra tov\u00e1bbi fizet\u00e9si lehet\u0151s\u00e9gk\u00e9nt a SEPA-\u00e1tutal\u00e1st k\u00edn\u00e1ljuk. Ez a m\u00f3dszer gyors \u00e9s k\u00f6lts\u00e9ghat\u00e9kony banki \u00e1tutal\u00e1st tesz lehet\u0151v\u00e9 az eur\u00f3pai fizet\u00e9si t\u00e9rs\u00e9gben. A feldolgoz\u00e1s \u00e1ltal\u00e1ban 1-2 munkanapon bel\u00fcl t\u00f6rt\u00e9nik, \u00edgy gyorsan megkaphatja rendel\u00e9s\u00e9t.<\/p>\n<hr data-start=\"2696\" data-end=\"2699\" \/>\n<h3 data-start=\"2701\" data-end=\"2733\">Az \u00d6n el\u0151nyei a Wide Vape-n\u00e9l:<\/h3>\n<ul data-start=\"2734\" data-end=\"3133\">\n<li data-start=\"2734\" data-end=\"2833\"><strong data-start=\"2736\" data-end=\"2751\">Biztons\u00e1g:<\/strong> Minden fizet\u00e9s biztons\u00e1gos csatorn\u00e1kon kereszt\u00fcl t\u00f6rt\u00e9nik, hogy v\u00e9dje adatait.<\/li>\n<li data-start=\"2834\" data-end=\"2914\"><strong data-start=\"2836\" data-end=\"2849\">Soksz\u00edn\u0171s\u00e9g:<\/strong> Sz\u00e9lesk\u00f6r\u0171 fizet\u00e9si lehet\u0151s\u00e9gek a k\u00e9nyelme \u00e9rdek\u00e9ben.<\/li>\n<li data-start=\"2915\" data-end=\"3012\"><strong data-start=\"2917\" data-end=\"2935\">Gyorsas\u00e1g:<\/strong> Gyors fizet\u00e9si feldolgoz\u00e1s, k\u00fcl\u00f6n\u00f6sen a hitelk\u00e1rty\u00e1k \u00e9s a kriptovalut\u00e1k eset\u00e9ben.<\/li>\n<li data-start=\"3013\" data-end=\"3133\"><strong data-start=\"3015\" data-end=\"3032\">Rugalmass\u00e1g:<\/strong> T\u00f6k\u00e9letes a nagykereskedelmi vagy \u00f6mlesztett v\u00e1s\u00e1rl\u00e1sokhoz - v\u00e1lassza ki az \u00d6n sz\u00e1m\u00e1ra legmegfelel\u0151bb m\u00f3dszert.<\/li>\n<\/ul>\n<p data-start=\"3135\" data-end=\"3474\">Sz\u00e9les fizet\u00e9si m\u00f3d v\u00e1laszt\u00e9kunkkal m\u00e9g soha nem volt ilyen egyszer\u0171 a pr\u00e9mium eldobhat\u00f3 e-cigarett\u00e1k rendel\u00e9se \u00e9s Eur\u00f3pa legjobb \u00e1rainak kihaszn\u00e1l\u00e1sa. Legyen ak\u00e1r N\u00e9metorsz\u00e1g, Hollandia, Belgium vagy b\u00e1rmely m\u00e1s eur\u00f3pai orsz\u00e1g lakosa, mi biztos\u00edtjuk a megfelel\u0151 megold\u00e1st az egyszer\u0171 \u00e9s biztons\u00e1gos fizet\u00e9shez.<\/p>\n<hr data-start=\"3476\" data-end=\"3479\" \/>\n<p data-start=\"3481\" data-end=\"3759\">Ha m\u00e9g k\u00e9rd\u00e9sei vannak fizet\u00e9si m\u00f3djainkkal kapcsolatban, vagy seg\u00edts\u00e9gre van sz\u00fcks\u00e9ge a rendel\u00e9s\u00e9vel kapcsolatban, akkor b\u00e1rmikor rendelkez\u00e9s\u00e9re \u00e1llunk. Egyszer\u0171en vegye fel vel\u00fcnk a kapcsolatot az al\u00e1bbi c\u00edmen: <a rel=\"noopener\" data-start=\"3665\" data-end=\"3710\">info@widevape.com<\/a>, \u00e9s csapatunk gyorsan tov\u00e1bb seg\u00edt \u00d6nnek.<\/p>\n<h4 data-start=\"3761\" data-end=\"3818\">Gyakran ism\u00e9telt k\u00e9rd\u00e9sek fizet\u00e9si m\u00f3djainkr\u00f3l:<\/h4>\n<ol data-start=\"3819\" data-end=\"4227\">\n<li data-start=\"3819\" data-end=\"3970\">\n<p data-start=\"3822\" data-end=\"3970\"><strong data-start=\"3822\" data-end=\"3864\">Mennyi ideig tart egy banki \u00e1tutal\u00e1s?<\/strong> A banksz\u00e1mla-\u00e1tutal\u00e1sok \u00e1ltal\u00e1ban 1-3 munkanapot vesznek ig\u00e9nybe. A nemzetk\u00f6zi \u00e1tutal\u00e1sok hosszabb id\u0151t vehetnek ig\u00e9nybe.<\/p>\n<\/li>\n<li data-start=\"3972\" data-end=\"4094\">\n<p data-start=\"3975\" data-end=\"4094\"><strong data-start=\"3975\" data-end=\"4020\">Mely kriptovalut\u00e1kat fogadj\u00e1k el?<\/strong> Elfogadjuk a Bitcoint, az Ethereumot \u00e9s tov\u00e1bbi gyakori kriptovalut\u00e1kat.<\/p>\n<\/li>\n<li data-start=\"4096\" data-end=\"4227\">\n<p data-start=\"4099\" data-end=\"4227\"><strong data-start=\"4099\" data-end=\"4149\">Kombin\u00e1lhatok t\u00f6bb fizet\u00e9si m\u00f3dot?<\/strong> Sajn\u00e1ljuk, de egy rendel\u00e9sn\u00e9l csak egy fizet\u00e9si m\u00f3dot haszn\u00e1lhat.<\/p>\n<\/li>\n<\/ol>","protected":false},"excerpt":{"rendered":"<p>Zahlungsmethoden bei Wide Vape \u2013 Sicher und bequem einkaufen Wide Vape bietet Ihnen eine einfache und sichere M\u00f6glichkeit, Ihre Bestellungen zu bezahlen, damit Sie sich auf das Wesentliche konzentrieren k\u00f6nnen: die Auswahl der besten Premium Einweg E-Zigaretten aus Deutschland. Wir akzeptieren verschiedene Zahlungsmethoden, die Ihnen eine bequeme und flexible Bezahlung erm\u00f6glichen, ganz gleich, ob Sie[Erfahren Sie mehr&#8230;]\n","protected":false},"author":1,"featured_media":0,"parent":0,"menu_order":0,"comment_status":"closed","ping_status":"closed","template":"","meta":{"footnotes":""},"class_list":["post-23598","page","type-page","status-publish","hentry"],"_links":{"self":[{"href":"https:\/\/widevape.com\/hu\/wp-json\/wp\/v2\/pages\/23598","targetHints":{"allow":["GET"]}}],"collection":[{"href":"https:\/\/widevape.com\/hu\/wp-json\/wp\/v2\/pages"}],"about":[{"href":"https:\/\/widevape.com\/hu\/wp-json\/wp\/v2\/types\/page"}],"author":[{"embeddable":true,"href":"https:\/\/widevape.com\/hu\/wp-json\/wp\/v2\/users\/1"}],"replies":[{"embeddable":true,"href":"https:\/\/widevape.com\/hu\/wp-json\/wp\/v2\/comments?post=23598"}],"version-history":[{"count":0,"href":"https:\/\/widevape.com\/hu\/wp-json\/wp\/v2\/pages\/23598\/revisions"}],"wp:attachment":[{"href":"https:\/\/widevape.com\/hu\/wp-json\/wp\/v2\/media?parent=23598"}],"curies":[{"name":"wp","href":"https:\/\/api.w.org\/{rel}","templated":true}]}}