{"id":23719,"date":"2025-02-26T10:11:05","date_gmt":"2025-02-26T09:11:05","guid":{"rendered":"https:\/\/widevape.com\/?page_id=23719"},"modified":"2025-02-26T10:11:05","modified_gmt":"2025-02-26T09:11:05","slug":"szallitasi-iranyelvek","status":"publish","type":"page","link":"https:\/\/widevape.com\/hu\/versandrichtlinien\/","title":{"rendered":"Sz\u00e1ll\u00edt\u00e1si ir\u00e1nyelvek"},"content":{"rendered":"<p>\u00dcdv\u00f6z\u00f6lj\u00fck a Wide Vape-n\u00e1l, a pr\u00e9mium eldobhat\u00f3 e-cigarett\u00e1k n\u00e9metorsz\u00e1gi partner\u00e9n\u00e9l. Sz\u00e9les v\u00e1laszt\u00e9kot k\u00edn\u00e1lunk olyan kiv\u00e1l\u00f3 min\u0151s\u00e9g\u0171 m\u00e1rk\u00e1kb\u00f3l, mint a Bang Box, RandM, Waspe, Al Fakher \u00e9s sok m\u00e1s. Sz\u00e1ll\u00edt\u00e1si ir\u00e1nyelveink c\u00e9lja annak biztos\u00edt\u00e1sa, hogy term\u00e9keink gyorsan \u00e9s megb\u00edzhat\u00f3an meg\u00e9rkezzenek \u00d6nh\u00f6z.<\/p>\n<h3>1. Sz\u00e1ll\u00edt\u00e1si inform\u00e1ci\u00f3k<\/h3>\n<p>Sz\u00e1ll\u00edtm\u00e1nyoz\u00e1si helyek: Term\u00e9keinket minden EU-orsz\u00e1gba sz\u00e1ll\u00edtjuk.<br \/>\nSz\u00e1ll\u00edt\u00e1si id\u0151:<br \/>\nEur\u00f3p\u00e1b\u00f3l: 3-7 munkanap<br \/>\nK\u00edn\u00e1b\u00f3l: 12-15 munkanap<\/p>\n<h3>2. A rendel\u00e9s felt\u00e9telei<\/h3>\n<p>Minim\u00e1lis rendel\u00e9si mennyis\u00e9g: 10 darab (1 doboz)<br \/>\nC\u00e9lcsoport: ** Nagy mennyis\u00e9g\u0171 rendel\u00e9sekre \u00e9s nagykereskedelmi \/ \u00f6mlesztett v\u00e1s\u00e1rl\u00e1sra \u00f6sszpontos\u00edtunk.<\/p>\n<p>3. Fizet\u00e9si m\u00f3dok<\/p>\n<p>K\u00fcl\u00f6nb\u00f6z\u0151 fizet\u00e9si m\u00f3dokat fogadunk el, hogy a v\u00e1s\u00e1rl\u00e1st a lehet\u0151 legegyszer\u0171bb\u00e9 tegy\u00fck. K\u00e9rj\u00fck, vegye fel vel\u00fcnk a kapcsolatot a rendelkez\u00e9sre \u00e1ll\u00f3 fizet\u00e9si lehet\u0151s\u00e9gekre vonatkoz\u00f3 speci\u00e1lis inform\u00e1ci\u00f3k\u00e9rt.<\/p>\n<h3>4. Korhat\u00e1r<\/h3>\n<p>Az e-cigarett\u00e1k v\u00e1s\u00e1rl\u00e1sa csak a legal\u00e1bb 18 \u00e9ves szem\u00e9lyek sz\u00e1m\u00e1ra enged\u00e9lyezett. Szigor\u00fa \u00e9letkor-ellen\u0151rz\u00e9si elj\u00e1r\u00e1st vezet\u00fcnk be a fiatalok v\u00e9delm\u00e9nek biztos\u00edt\u00e1sa \u00e9rdek\u00e9ben.<\/p>\n<h3>5. Term\u00e9kjel\u00f6l\u00e9s \u00e9s biztons\u00e1g<\/h3>\n<p>Minden term\u00e9k\u00fcnk megfelel a jogszab\u00e1lyi k\u00f6vetelm\u00e9nyeknek \u00e9s rendelkezik a sz\u00fcks\u00e9ges figyelmeztet\u00e9sekkel. Garant\u00e1ljuk, hogy eldobhat\u00f3 e-cigarett\u00e1ink biztons\u00e1gosak \u00e9s min\u0151s\u00e9gi szempontb\u00f3l magas sz\u00ednvonal\u00faak.<\/p>\n<h3>6. Kapcsolat \u00e9s t\u00e1mogat\u00e1s<\/h3>\n<p>Tov\u00e1bbi inform\u00e1ci\u00f3\u00e9rt vagy k\u00e9rd\u00e9sek\u00e9rt a sz\u00e1ll\u00edt\u00e1si ir\u00e1nyelveinkkel kapcsolatban, k\u00e9rj\u00fck, vegye fel vel\u00fcnk a kapcsolatot az al\u00e1bbi c\u00edmen:<br \/>\nE-Mail: info@widevape.com<\/p>\n<p>\u00d6r\u00f6mmel v\u00e1rjuk, hogy a legjobb szolg\u00e1ltat\u00e1st ny\u00fajthassuk \u00d6nnek.<\/p>","protected":false},"excerpt":{"rendered":"<p>Willkommen bei Wide Vape, Ihrem Partner f\u00fcr Premium Einweg E-Zigaretten aus Deutschland. Wir bieten eine breite Palette an hochwertigen Marken wie Bang Box, RandM, Waspe, Al Fakher und vielen mehr. Unsere Versandrichtlinien sind darauf ausgerichtet, sicherzustellen, dass unsere Produkte schnell und zuverl\u00e4ssig bei Ihnen ankommen. 1. Versandinformationen Versandorte: Wir versenden unsere Produkte in alle EU-L\u00e4nder.[Erfahren Sie mehr&#8230;]\n","protected":false},"author":1,"featured_media":0,"parent":0,"menu_order":0,"comment_status":"closed","ping_status":"closed","template":"","meta":{"footnotes":""},"class_list":["post-23719","page","type-page","status-publish","hentry"],"_links":{"self":[{"href":"https:\/\/widevape.com\/hu\/wp-json\/wp\/v2\/pages\/23719","targetHints":{"allow":["GET"]}}],"collection":[{"href":"https:\/\/widevape.com\/hu\/wp-json\/wp\/v2\/pages"}],"about":[{"href":"https:\/\/widevape.com\/hu\/wp-json\/wp\/v2\/types\/page"}],"author":[{"embeddable":true,"href":"https:\/\/widevape.com\/hu\/wp-json\/wp\/v2\/users\/1"}],"replies":[{"embeddable":true,"href":"https:\/\/widevape.com\/hu\/wp-json\/wp\/v2\/comments?post=23719"}],"version-history":[{"count":0,"href":"https:\/\/widevape.com\/hu\/wp-json\/wp\/v2\/pages\/23719\/revisions"}],"wp:attachment":[{"href":"https:\/\/widevape.com\/hu\/wp-json\/wp\/v2\/media?parent=23719"}],"curies":[{"name":"wp","href":"https:\/\/api.w.org\/{rel}","templated":true}]}}