{"id":23770,"date":"2025-02-26T10:21:52","date_gmt":"2025-02-26T09:21:52","guid":{"rendered":"https:\/\/widevape.com\/?page_id=23770"},"modified":"2025-02-26T10:21:52","modified_gmt":"2025-02-26T09:21:52","slug":"visszakueldesi-feltetelek","status":"publish","type":"page","link":"https:\/\/widevape.com\/hu\/rueckgabebedingungen\/","title":{"rendered":"Visszak\u00fcld\u00e9si felt\u00e9telek"},"content":{"rendered":"<p data-start=\"113\" data-end=\"207\"><strong data-start=\"113\" data-end=\"207\">K\u00f6sz\u00f6nj\u00fck sz\u00e9pen a v\u00e1s\u00e1rl\u00e1st a Wide Vape-n\u00e1l - Pr\u00e9mium eldobhat\u00f3 e-cigarett\u00e1k N\u00e9metorsz\u00e1gb\u00f3l.<\/strong><\/p>\n<p data-start=\"209\" data-end=\"418\">Szeretn\u00e9nk, ha teljesen el\u00e9gedett lenne v\u00e1s\u00e1rl\u00e1s\u00e1val. Ha azonban b\u00e1rmilyen okb\u00f3l sz\u00fcks\u00e9ges a visszak\u00fcld\u00e9s, itt tal\u00e1lja a r\u00e9szletes visszak\u00fcld\u00e9si felt\u00e9teleket:<\/p>\n<h4 data-start=\"420\" data-end=\"441\">Visszak\u00fcld\u00e9si hat\u00e1rid\u0151<\/h4>\n<p data-start=\"442\" data-end=\"732\">Visszat\u00e9r\u00edt\u00e9seket elfogadunk bel\u00fcl <strong data-start=\"482\" data-end=\"527\">A megrendel\u00e9s k\u00e9zhezv\u00e9tel\u00e9t k\u00f6vet\u0151 14 napon bel\u00fcl<\/strong>, felt\u00e9ve, ha az \u00e1ru kifog\u00e1stalan \u00e1llapotban \u00e9s bontatlanul van. K\u00e9rj\u00fck, vegye figyelembe, hogy higi\u00e9niai \u00e9s biztons\u00e1gi okokb\u00f3l nem tudjuk visszavenni a nyitott vagy haszn\u00e1lt term\u00e9keket.<\/p>\n<h4 data-start=\"734\" data-end=\"761\">2. Visszak\u00fcld\u00e9si felt\u00e9telek<\/h4>\n<p data-start=\"762\" data-end=\"889\">A visszat\u00e9r\u00edt\u00e9s kezdem\u00e9nyez\u00e9s\u00e9hez k\u00e9rj\u00fck, vegye fel vel\u00fcnk a kapcsolatot az al\u00e1bbi e-mail c\u00edmen <strong data-start=\"835\" data-end=\"856\"><a rel=\"noopener\" data-start=\"837\" data-end=\"854\">info@widevape.com<\/a><\/strong> a k\u00f6vetkez\u0151 inform\u00e1ci\u00f3kkal:<\/p>\n<ul data-start=\"890\" data-end=\"947\">\n<li data-start=\"890\" data-end=\"905\">Megrendel\u00e9si sz\u00e1m<\/li>\n<li data-start=\"906\" data-end=\"926\">Term\u00e9kmegnevez\u00e9s<\/li>\n<li data-start=\"927\" data-end=\"947\">A visszak\u00fcld\u00e9s oka<\/li>\n<\/ul>\n<p data-start=\"949\" data-end=\"1093\">A visszak\u00fcld\u00e9s az \u00d6n k\u00f6lts\u00e9g\u00e9n t\u00f6rt\u00e9nik, kiv\u00e9ve, ha a term\u00e9k hib\u00e1s vagy s\u00e9r\u00fclt. Ebben az esetben mi v\u00e1llaljuk a visszak\u00fcld\u00e9si k\u00f6lts\u00e9geket.<\/p>\n<h4 data-start=\"1095\" data-end=\"1117\">3. visszat\u00e9r\u00edt\u00e9s<\/h4>\n<p data-start=\"1118\" data-end=\"1331\">A visszak\u00fcld\u00e9s be\u00e9rkez\u00e9se \u00e9s ellen\u0151rz\u00e9se ut\u00e1n a v\u00e1s\u00e1rl\u00e1si \u00f6sszeget bel\u00fcl visszater\u00edtj\u00fck \u00d6nnek <strong data-start=\"1205\" data-end=\"1220\">7 munkanapon bel\u00fcl<\/strong> a eredeti fizet\u00e9si m\u00f3dra visszat\u00e9r\u00edteni, levonva ebb\u0151l a visszak\u00fcld\u00e9si k\u00f6lts\u00e9geket (ha alkalmazand\u00f3).<\/p>\n<h4 data-start=\"1333\" data-end=\"1378\">4. S\u00e9r\u00fclt vagy hib\u00e1s term\u00e9kek<\/h4>\n<p data-start=\"1379\" data-end=\"1679\">Ha s\u00e9r\u00fclt vagy hib\u00e1s term\u00e9ket kapott, k\u00e9rj\u00fck, halad\u00e9ktalanul vegye fel vel\u00fcnk a kapcsolatot, hogy megold\u00e1st tal\u00e1lhassunk. Csere term\u00e9ket vagy teljes visszat\u00e9r\u00edt\u00e9st aj\u00e1nlunk fel. Ebben az esetben term\u00e9szetesen mi v\u00e1llaljuk a visszasz\u00e1ll\u00edt\u00e1s k\u00f6lts\u00e9geit.<\/p>\n<h4 data-start=\"1681\" data-end=\"1717\">5. A rendel\u00e9sek t\u00f6rl\u00e9se<\/h4>\n<p data-start=\"1718\" data-end=\"2042\">Mivel term\u00e9keink nagy mennyis\u00e9g\u0171 rendel\u00e9sre \u00e9s \u00f6mlesztett v\u00e1s\u00e1rl\u00e1sra vannak tervezve, k\u00e9rj\u00fck, ellen\u0151rizze a rendel\u00e9s\u00e9t, miel\u0151tt befejezn\u00e9. A rendel\u00e9s t\u00f6rl\u00e9se csak akkor lehets\u00e9ges, ha a rendel\u00e9s m\u00e9g nem ker\u00fclt elk\u00fcld\u00e9sre. Miut\u00e1n az \u00e1rut elk\u00fcldt\u00fck, a fent eml\u00edtett visszak\u00fcld\u00e9si felt\u00e9telek vonatkoznak r\u00e1.<\/p>\n<h4 data-start=\"2044\" data-end=\"2063\">6. Visszak\u00fcld\u00e9s<\/h4>\n<p data-start=\"2064\" data-end=\"2294\">K\u00e9rj\u00fck, hogy a visszak\u00fcld\u00f6tt term\u00e9keket biztons\u00e1gosan csomagolja be, hogy elker\u00fclje a sz\u00e1ll\u00edt\u00e1s k\u00f6zbeni s\u00e9r\u00fcl\u00e9seket. Aj\u00e1nljuk, hogy nyomon k\u00f6vethet\u0151 sz\u00e1ll\u00edt\u00e1si szolg\u00e1ltat\u00e1st v\u00e1lasszon, hogy biztos\u00edtsa a visszak\u00fcld\u00f6tt term\u00e9k meg\u00e9rkez\u00e9s\u00e9t hozz\u00e1nk.<\/p>\n<h4 data-start=\"2296\" data-end=\"2311\">7. Kapcsolat<\/h4>\n<p data-start=\"2312\" data-end=\"2456\">Ha k\u00e9rd\u00e9se van vagy visszak\u00fcld\u00e9st szeretne kezdem\u00e9nyezni, k\u00e9rj\u00fck, vegye fel vel\u00fcnk a kapcsolatot az al\u00e1bbi c\u00edmen: <strong data-start=\"2399\" data-end=\"2410\">E-mail:<\/strong> <a rel=\"noopener\" data-start=\"2411\" data-end=\"2456\">info@widevape.com<\/a><\/p>\n<p data-start=\"2458\" data-end=\"2536\"><strong data-start=\"2458\" data-end=\"2488\">C\u00edm a visszak\u00fcld\u00e9sekhez:<\/strong><br data-start=\"2488\" data-end=\"2491\" \/>Wide Vape<br data-start=\"2500\" data-end=\"2503\" \/>A c\u00edm a kapcsolatfelv\u00e9telkor ker\u00fcl megad\u00e1sra<\/p>","protected":false},"excerpt":{"rendered":"<p>Vielen Dank f\u00fcr Ihren Einkauf bei Wide Vape \u2013 Premium Einweg E-Zigaretten aus Deutschland. Wir m\u00f6chten, dass Sie mit Ihrem Einkauf vollkommen zufrieden sind. Sollte es jedoch aus irgendeinem Grund erforderlich sein, eine R\u00fcckgabe zu veranlassen, finden Sie hier die detaillierten R\u00fcckgabebedingungen: 1. R\u00fcckgabefrist Wir akzeptieren R\u00fcckgaben innerhalb von 14 Tagen nach dem Erhalt Ihrer[Erfahren Sie mehr&#8230;]\n","protected":false},"author":1,"featured_media":0,"parent":0,"menu_order":0,"comment_status":"closed","ping_status":"closed","template":"","meta":{"footnotes":""},"class_list":["post-23770","page","type-page","status-publish","hentry"],"_links":{"self":[{"href":"https:\/\/widevape.com\/hu\/wp-json\/wp\/v2\/pages\/23770","targetHints":{"allow":["GET"]}}],"collection":[{"href":"https:\/\/widevape.com\/hu\/wp-json\/wp\/v2\/pages"}],"about":[{"href":"https:\/\/widevape.com\/hu\/wp-json\/wp\/v2\/types\/page"}],"author":[{"embeddable":true,"href":"https:\/\/widevape.com\/hu\/wp-json\/wp\/v2\/users\/1"}],"replies":[{"embeddable":true,"href":"https:\/\/widevape.com\/hu\/wp-json\/wp\/v2\/comments?post=23770"}],"version-history":[{"count":0,"href":"https:\/\/widevape.com\/hu\/wp-json\/wp\/v2\/pages\/23770\/revisions"}],"wp:attachment":[{"href":"https:\/\/widevape.com\/hu\/wp-json\/wp\/v2\/media?parent=23770"}],"curies":[{"name":"wp","href":"https:\/\/api.w.org\/{rel}","templated":true}]}}