{"id":16859,"date":"2025-02-12T04:21:39","date_gmt":"2025-02-12T03:21:39","guid":{"rendered":"https:\/\/widevape.com\/?post_type=product&#038;p=16859"},"modified":"2026-01-19T07:51:43","modified_gmt":"2026-01-19T06:51:43","slug":"waspe-crystal-40000-huzas-dupla-iz-digitalis-kepernyo-02-5-alacsony-nikotintartalom-ujratoeltheto-eldobhato-e-cigaretta-nagykereskedelem","status":"publish","type":"product","link":"https:\/\/widevape.com\/hu\/product\/waspe-crystal-40000-zuege-doppelgeschmack-digitaler-bildschirm-0-2-5-niedriger-nikotinanteil-wiederaufladbare-einweg-e-zigarette-grosshandel\/","title":{"rendered":"WASPE Crystal 40000 h\u00faz\u00e1s dupla \u00edz digit\u00e1lis kijelz\u0151 0%, 2%, 5% alacsony nikotintartalom \u00fajrat\u00f6lthet\u0151 eldobhat\u00f3 e-cigaretta nagykereskedelem"},"content":{"rendered":"<h2><\/h2>\n<div style=\"width: 1020px;\" class=\"wp-video\"><video class=\"wp-video-shortcode\" id=\"video-16859-1\" width=\"1020\" height=\"1020\" preload=\"metadata\" controls=\"controls\"><source type=\"video\/mp4\" src=\"https:\/\/widevape.com\/wp-content\/uploads\/2025\/02\/WASPE-Crystal-40000.mp4?_=1\" \/><a href=\"https:\/\/widevape.com\/wp-content\/uploads\/2025\/02\/WASPE-Crystal-40000.mp4\">https:\/\/widevape.com\/wp-content\/uploads\/2025\/02\/WASPE-Crystal-40000.mp4<\/a><\/video><\/div>\n<h2><a href=\"https:\/\/widevape.com\/hu\/termekkategoria-2\/waspe-egyutas-e-cigarettak\/\">WASPE<\/a> Krist\u00e1ly 40000 h\u00faz\u00e1sok: A v\u00e9gs\u0151 eldobhat\u00f3 vape-\u00e9lm\u00e9ny<\/h2>\n<p>Keres egy pr\u00e9mium eldobhat\u00f3 vape-ot, amely hossz\u00fa t\u00e1v\u00fa \u00e9lm\u00e9nyt ny\u00fajt kiv\u00e9teles \u00edzkompoz\u00edci\u00f3kkal? Akkor ezek a <strong>WASPE Crystal 40 000 h\u00faz\u00e1s<\/strong> pontosan az \u00d6n sz\u00e1m\u00e1ra megfelel\u0151! Ez az innovat\u00edv eldobhat\u00f3 vape 40 000 sz\u00edv\u00e1st k\u00edn\u00e1l, ami a piacon el\u00e9rhet\u0151 egyik legtart\u00f3sabb lehet\u0151s\u00e9gg\u00e9 teszi. A legmodernebb funkci\u00f3kat \u00f6tv\u00f6zi, mint p\u00e9ld\u00e1ul a dupla \u00edzopci\u00f3, a t\u00f6lt\u00e9s lehet\u0151s\u00e9ge \u00e9s az LED kijelz\u0151, hogy jav\u00edtsa a g\u0151z\u00f6l\u00e9si \u00e9lm\u00e9nyt. El\u00e9rhet\u0151 k\u00fcl\u00f6nb\u00f6z\u0151 nikotiner\u0151ss\u00e9gekben (0%, 2% \u00e9s 5%) \u00e9s sz\u00e1mos izgalmas \u00edzes\u00edt\u00e9sben, ez a vape t\u00f6k\u00e9letes alkalmi g\u0151z\u00f6l\u0151k \u00e9s tapasztalt vaperek sz\u00e1m\u00e1ra, akik a v\u00e9gs\u0151 k\u00e9nyelmi \u00e9s teljes\u00edtm\u00e9nyszintet keresik.<\/p>\n<p>Mint egyike Eur\u00f3pa,  N\u00e9metorsz\u00e1g, Hollandia, Belgium \u00e9s Spanyolorsz\u00e1g legnagyobb egyszer haszn\u00e1latos vape online platformjainak, aj\u00e1nlja <b>Widevape <\/b>Nagkereskedelmi lehet\u0151s\u00e9gek a WASPE Crystal 40000 h\u00faz\u00e1s\u00e1hoz. Platformunk versenyk\u00e9pes nagykereskedelmi \u00e1rakat \u00e9s felhaszn\u00e1l\u00f3bar\u00e1t \u00e9lm\u00e9nyt ny\u00fajt mind a kiskeresked\u0151k, mind a v\u00e9gfelhaszn\u00e1l\u00f3k sz\u00e1m\u00e1ra.<\/p>\n<h2>A WASPE Crystal f\u0151bb jellemz\u0151i <a href=\"https:\/\/widevape.com\/hu\/termekkategoria-2\/egyszer-hasznalatos-e-cigarettak-utan\/40-000-darab-eldobhato-e-cigaretta\/\">40 000 vonat<\/a><\/h2>\n<p>Az <strong>WASPE Crystal 40 000 h\u00faz\u00e1s<\/strong> <a href=\"https:\/\/widevape.com\/hu\/\">Egyszer haszn\u00e1latos vape<\/a> Kit\u0171nik leny\u0171g\u00f6z\u0151 specifik\u00e1ci\u00f3ival \u00e9s diz\u00e1jnj\u00e1val. Az al\u00e1bbiakban megtal\u00e1lhat\u00f3ak ennek a term\u00e9knek a legfontosabb jellemz\u0151i, amelyek elengedhetetlen v\u00e1laszt\u00e1ss\u00e1 teszik a g\u0151z szerelmeseinek:<\/p>\n<ul>\n<li><strong>Vonatok<\/strong>40 000 von vonat egy hossz\u00fa g\u0151z\u00f6s utaz\u00e1shoz.<\/li>\n<li><strong>Dupla \u00edzes\u00edt\u00e9s<\/strong>K\u00e9t k\u00fcl\u00f6nb\u00f6z\u0151 \u00edzt k\u00edn\u00e1l egy k\u00e9sz\u00fcl\u00e9kben, \u00edgy minden h\u00faz\u00e1sn\u00e1l v\u00e1ltozatos \u00e9s intenz\u00edv \u00edz\u00e9lm\u00e9nyt \u00e9lvezhet.<\/li>\n<li><strong>H\u00e1l\u00f3s tekercs<\/strong>A kett\u0151s 0,9 ohmos mesh tekercsek (mindegyik \u00edzhez k\u00fcl\u00f6n) egyenletes \u00e9s folyamatos g\u0151ztermel\u00e9st \u00e9s kellemes g\u0151z\u00f6l\u00e9st biztos\u00edtanak.<\/li>\n<li><strong>E-Liquid kapacit\u00e1s<\/strong>Minden k\u00e9sz\u00fcl\u00e9k 32 ml e-folyad\u00e9kkal van el\u0151t\u00f6ltve, \u00edgy hosszabb ideig \u00e9lvezheti a g\u0151z\u00f6l\u00e9st.<\/li>\n<li><strong>Nikotin<\/strong>V\u00e1lasszon h\u00e1rom nikotiner\u0151ss\u00e9g k\u00f6z\u00fcl - 0%, 2% \u00e9s 5% - hogy megfeleljen az \u00d6n egy\u00e9ni preferenci\u00e1inak.<\/li>\n<li><strong>Akkumul\u00e1tor kapacit\u00e1s<\/strong>Er\u0151s, 850mAh-s akkumul\u00e1torral van felszerelve, amely hosszabb haszn\u00e1lati id\u0151t tesz lehet\u0151v\u00e9 a t\u00f6lt\u00e9sek k\u00f6z\u00f6tt.<\/li>\n<li><strong>\u00dajrat\u00f6lthet\u0151 Type-C-n kereszt\u00fcl<\/strong>A legt\u00f6bb eldobhat\u00f3 vape-dal szemben ez a modell Type-C-n kereszt\u00fcl \u00fajrat\u00f6lthet\u0151, ami meghosszabb\u00edtja az eszk\u00f6z \u00e9lettartam\u00e1t, \u00e9s biztos\u00edtja, hogy minden sz\u00edv\u00e1sb\u00f3l a legt\u00f6bbet hozza ki.<\/li>\n<li><strong>LED-kijelz\u0151<\/strong>A be\u00e9p\u00edtett LED-kijelz\u0151 fontos inform\u00e1ci\u00f3kat jelen\u00edt meg, p\u00e9ld\u00e1ul az akkumul\u00e1tor \u00e1llapot\u00e1t, \u00edgy mindig szemmel tarthatja a haszn\u00e1latot \u00e9s a t\u00f6lt\u00e9si ig\u00e9nyeket.<\/li>\n<li><strong>K\u00f6nny\u0171 \u00e9s kompakt<\/strong>Csak 105 gramm t\u00f6meg\u00e9vel \u00e9s 61 mm x 31 mm x 115 mm-es m\u00e9reteivel ez a vape k\u00f6nnyen sz\u00e1ll\u00edthat\u00f3, teljes\u00edtm\u00e9ny n\u00e9lk\u00fcl.<\/li>\n<li><strong>Nagy csomag<\/strong>Minden kartondoboz 200 k\u00e9sz\u00fcl\u00e9ket tartalmaz, 10 k\u00e9sz\u00fcl\u00e9ket dobozonk\u00e9nt - ide\u00e1lis nagykeresked\u0151k \u00e9s viszontelad\u00f3k sz\u00e1m\u00e1ra.<\/li>\n<li><strong>Tart\u00f3s konstrukci\u00f3<\/strong>A WASPE Crystal 40000 h\u00faz\u00f3 alkalmas rendszeres haszn\u00e1latra, \u00e9s tart\u00f3ss\u00e1g\u00e1r\u00f3l \u00e9s min\u0151s\u00e9g\u00e9r\u0151l nevezetes.<\/li>\n<\/ul>\n<h2>\u00cdzek a WASPE Crystal 40000 sz\u00edv\u00e1sb\u00f3l<\/h2>\n<p>Az <strong>WASPE Crystal 40 000 h\u00faz\u00e1s<\/strong> Sz\u00e1mos izgalmas \u00e9s \u00edzl\u00e9sesen kiegyens\u00falyozott lehet\u0151s\u00e9get k\u00edn\u00e1l, amelyek a k\u00f6vetkez\u0151 szintre emelik a g\u0151z\u00f6l\u00e9si \u00e9lm\u00e9nyt. Minden \u00edzvil\u00e1got \u00fagy hoztak l\u00e9tre, hogy intenz\u00edv \u00e9s kellemes \u00e9lm\u00e9nyt ny\u00fajtson, amely minden g\u0151z\u00f6l\u0151 v\u00e1gy\u00e1t kiel\u00e9g\u00edti. Itt van egy r\u00e9szletes \u00e1ttekint\u00e9s a rendelkez\u00e9sre \u00e1ll\u00f3 \u00edzvil\u00e1gokr\u00f3l:<\/p>\n<h4>1. <strong>V\u00edzimelon J\u00e9g &amp; Citrom Lime<\/strong><\/h4>\n<p>Egy friss\u00edt\u0151 kever\u00e9k az l\u00e9d\u00fas g\u00f6r\u00f6gdinnye \u00edz\u00e9b\u0151l \u00e9s a lime \u00e9s citrom frissess\u00e9g\u00e9b\u0151l. A g\u00f6r\u00f6gdinnye \u00edz egy \u00e9des alapot ny\u00fajt, m\u00edg a lime egy spricces \u00e9s h\u0171s\u00edt\u0151 hangot ad hozz\u00e1 - t\u00f6k\u00e9letes a ny\u00e1rra!<\/p>\n<h4>2. <strong>Red Bull J\u00e9g &amp; Eper Mang\u00f3<\/strong><\/h4>\n<p>Egy \u00e9l\u00e9nk\u00edt\u0151 kombin\u00e1ci\u00f3 a j\u00f3l ismert Red Bull \u00edz \u00e9s a tr\u00f3pusi \u00e9des eper \u00e9s mang\u00f3 \u00edz\u00e9b\u0151l. A h\u0171s lecseng\u00e9s friss\u00edt\u0151 \u00e9rz\u00e9st ny\u00fajt \u00e9s ide\u00e1lis mindazok sz\u00e1m\u00e1ra, akik \u00e9l\u00e9nk\u00edt\u0151 p\u00e1rologtat\u00e1si \u00e9lm\u00e9nyt keresnek.<\/p>\n<h4>3. <strong>Eper V\u00f6r\u00f6s Bika &amp; \u00c1fonya Cseresznye<\/strong><\/h4>\n<p>Egy intenz\u00edv du\u00f3, amely a Red Bull energikus \u00edz\u00e9t kombin\u00e1lja az \u00e9des eperrel. A szilva \u00e9s a cseresznye kieg\u00e9sz\u00edtik az eg\u00e9szet, \u00e9s komplex, gy\u00fcm\u00f6lcs\u00f6s \u00edzkombin\u00e1ci\u00f3t k\u00edn\u00e1lnak, amely egyszerre \u00e9l\u00e9nk\u00edt\u0151 \u00e9s finom.<\/p>\n<h4>4. <strong>\u00c1fonya Cukorka &amp; Eper S\u00e1rgadinnye<\/strong><\/h4>\n<p>A \u00e9des arom\u00e1k szerelmeseinek ez a kever\u00e9k \u00e1fony\u00e1t \u00e9s epret tartalmaz, cukorm\u00e1zas be\u00fct\u00e9ssel, amely a cukork\u00e1kra eml\u00e9keztet. Az \u00e9des \u00e9s gy\u00fcm\u00f6lcs\u00f6s jegyek nosztalgikus, \u00e9des g\u0151z\u00f6l\u00e9si \u00e9lm\u00e9nyt ny\u00fajtanak.<\/p>\n<h4>5. <strong>Eper Kiwi &amp; Eper Cseresznye<\/strong><\/h4>\n<p>Az eper \u00e9s a kivi egyes\u00fcl, hogy friss\u00edt\u0151 kever\u00e9ket hozzon l\u00e9tre, m\u00edg az \u00e9des cseresznye kieg\u00e9sz\u00edti az \u00f6sszk\u00e9pet. Ez az \u00edzvil\u00e1g t\u00f6k\u00e9letes egyens\u00falyt k\u00edn\u00e1l a gy\u00fcm\u00f6lcs\u00f6ss\u00e9g \u00e9s a k\u00f6nnyed savanyk\u00e1s hat\u00e1s k\u00f6z\u00f6tt.<\/p>\n<h4>6. <strong>\u00c1fonya M\u00e1lna &amp; \u0150szibar\u00e1t Gy\u00fcm\u00f6lcs J\u00e9g<\/strong><\/h4>\n<p>Egy gy\u00fcm\u00f6lcs\u00f6s \u00e9lm\u00e9ny, amely \u00f6tv\u00f6zi a szilva \u00e9s a m\u00e1lna \u00e9dess\u00e9g\u00e9t a barackszilva friss, h\u0171s\u00edt\u0151 \u00edz\u00e9vel. A h\u0171s lecseng\u00e9s friss\u00edt\u0151 \u00e9s kellemes g\u0151z benyom\u00e1st kelt.<\/p>\n<h4>7. <strong>Eper M\u00e1lna Cseresznye &amp; Szerelem 666<\/strong><\/h4>\n<p>Egy cs\u00e1b\u00edt\u00f3 tri\u00f3 eperb\u0151l, m\u00e1ln\u00e1b\u00f3l \u00e9s csereszny\u00e9b\u0151l, kieg\u00e9sz\u00edtve a titokzatos \u201eLove 666\u201c \u00edzes\u00edt\u00e9ssel. Ez a kever\u00e9k egyszerre \u00e9des, gy\u00fcm\u00f6lcs\u00f6s \u00e9s izgalmas.<\/p>\n<h4>8. <strong>\u0150szibar\u00e1t J\u00e9g &amp; S\u00e1rgadinnye Mang\u00f3 \u0150szibar\u00e1t<\/strong><\/h4>\n<p>Egy tr\u00f3pusi \u00edz\u00e9lm\u00e9ny, amely az \u00e9des \u0151szibar\u00e1tot a g\u00f6r\u00f6gdinny\u00e9vel \u00e9s a mang\u00f3val \u00f6tv\u00f6zi. A j\u00e9ghideg lecseng\u00e9s frissess\u00e9get k\u00f6lcs\u00f6n\u00f6z \u00e9s t\u00f6k\u00e9letes v\u00e1laszt\u00e1ss\u00e1 teszi ezt a kever\u00e9ket a forr\u00f3 ny\u00e1ri napokra.<\/p>\n<h4>9. <strong>Eper Ban\u00e1n &amp; Anan\u00e1sz K\u00f3kusz J\u00e9g<\/strong><\/h4>\n<p>Egy kr\u00e9mes, tr\u00f3pusi eper \u00e9s ban\u00e1n kever\u00e9k, amelyet egy friss\u00edt\u0151 anan\u00e1sz-k\u00f3kusz j\u00e9gkr\u00e9m \u00e1rnyalat\u00e1val eg\u00e9sz\u00edt\u00fcnk ki. Ez a kombin\u00e1ci\u00f3 sima \u00e9s h\u0171s\u00edt\u0151 p\u00e1rol\u00e1si \u00e9lm\u00e9nyt ny\u00fajt.<\/p>\n<h4>10. <strong>Sz\u0151l\u0151 J\u00e9g &amp; Fekete S\u00e1rk\u00e1ny J\u00e9g<\/strong><\/h4>\n<p>Intenz\u00edv \u00edz, sz\u0151l\u0151 \u00e9dess\u00e9ge \u00e9s az egzotikus \u201eBlack Dragon\u201c aroma. A j\u00e9ghideg mentol ut\u00f3\u00edz friss\u00edt\u0151 \u00e9s \u00e9l\u00e9nk\u00edt\u0151 hat\u00e1st kelt, amit a mentol rajong\u00f3k im\u00e1dni fognak.<\/p>\n<h4>11. <strong>Vegyes Bogy\u00f3s Gy\u00fcm\u00f6lcs\u00f6k &amp; M\u00e1lna Citroml\u00e9<\/strong><\/h4>\n<p>Egy gy\u00fcm\u00f6lcs\u00f6s kever\u00e9k vegyes bogy\u00f3kb\u00f3l \u00e9s m\u00e1lna-limon\u00e1d\u00e9. Ez az \u00edzkombin\u00e1ci\u00f3 \u00f6sszehozza az \u00e9dess\u00e9get \u00e9s a savass\u00e1got, \u00e9s friss\u00edt\u0151 g\u0151z\u00f6l\u00e9si \u00e9lm\u00e9nyt ny\u00fajt egy spriccel\u0151s r\u00fag\u00e1ssal.<\/p>\n<h4>12. <strong>\u00c1fonya J\u00e9g &amp; Cseresznye K\u00f3la J\u00e9g<\/strong><\/h4>\n<p>A t\u00f6k\u00e9letes kever\u00e9k az \u00e9des \u00e1fony\u00e1b\u00f3l \u00e9s a klasszikus cseresznye-k\u00f3la \u00edz\u00e9b\u0151l, kombin\u00e1lva egy j\u00e9ghideg mentol ut\u00f3\u00edzzel. Ez az \u00fcd\u00edt\u0151 \u00e9s pezsg\u0151 kombin\u00e1ci\u00f3 biztosan elragadja a k\u00f3la \u00edzrajong\u00f3kat \u00e9s a mentol szerelmeseit.<\/p>\n<h2>Mi\u00e9rt <strong>WASPE Crystal 40 000 h\u00faz\u00e1s<\/strong> nagykeresked\u0151k sz\u00e1m\u00e1ra?<\/h2>\n<ul>\n<li><strong>Unverl\u00e1that\u00f3 \u00e9rt\u00e9k<\/strong>: Ak\u00e1r 40 000 h\u00faz\u00e1ssal k\u00e9sz\u00fcl\u00e9kenk\u00e9nt, a WASPE Crystal rendk\u00edv\u00fcl nagy \u00e9rt\u00e9ket k\u00edn\u00e1l, k\u00fcl\u00f6n\u00f6sen nagykereskedelmi v\u00e1s\u00e1rl\u00e1s eset\u00e9n.<\/li>\n<li><strong>Nagykereskedelmi kedvezm\u00e9nyek<\/strong>A Widevape versenyk\u00e9pes \u00e1rakat k\u00edn\u00e1l nagy- \u00e9s viszontelad\u00f3k sz\u00e1m\u00e1ra N\u00e9metorsz\u00e1gban, Hollandi\u00e1ban, Belgiumban \u00e9s Spanyolorsz\u00e1gban - ide\u00e1lis kiskeresked\u0151k \u00e9s viszontelad\u00f3k sz\u00e1m\u00e1ra.<\/li>\n<li><strong>\u00dajrat\u00f6lthet\u0151<\/strong>A Type-C \u00fajrat\u00f6lthet\u0151s\u00e9g biztos\u00edtja, hogy az eszk\u00f6z tov\u00e1bb tartson, \u00e9s maximaliz\u00e1lhassa a befektet\u00e9st.<\/li>\n<li><strong>Magas min\u0151s\u00e9g<\/strong>A WASPE Crystal 40000 h\u00faz\u00f3 egy kiv\u00e1l\u00f3 min\u0151s\u00e9g\u0171 term\u00e9k, amelyet rendszeres haszn\u00e1latra terveztek \u00e9s ig\u00e9nyes g\u0151z\u00f6l\u0151 k\u00e9sz\u00fcl\u00e9kek felhaszn\u00e1l\u00f3i \u00e9rt\u00e9kelnek.<\/li>\n<\/ul>\n<h2>Rendelje meg ezt <strong>WASPE Crystal 40 000 h\u00faz\u00e1s<\/strong> n\u00e1l <a href=\"https:\/\/widevape.com\/hu\/\">Widevape<\/a><\/h2>\n<p>A legjobb aj\u00e1nlatok\u00e9rt <strong>WASPE Crystal 40 000 h\u00faz\u00e1s<\/strong> Egyszeri haszn\u00e1latos vape v\u00e1s\u00e1rl\u00e1s\u00e1hoz l\u00e1togasson el a Widevape-ra.  Eur\u00f3pa vezet\u0151 nagykereskedelmi platformjak\u00e9nt az egyszeri haszn\u00e1latos vape term\u00e9kekre, versenyk\u00e9pes \u00e1rakat \u00e9s gyors, biztos\u00edtott sz\u00e1ll\u00edt\u00e1st k\u00edn\u00e1lunk olyan orsz\u00e1gokba, mint N\u00e9metorsz\u00e1g, Hollandia, Belgium \u00e9s Spanyolorsz\u00e1g.  Ak\u00e1r szem\u00e9lyes haszn\u00e1latra rendel, ak\u00e1r kiskereskedelmi k\u00e9szleteit szeretn\u00e9 felt\u00f6lteni, n\u00e1lunk mindent megtal\u00e1l, amit keres.<\/p>\n<p>T\u00f6bbf\u00e9le fizet\u00e9si m\u00f3dot t\u00e1mogatunk, bele\u00e9rtve a PayPalt, a hitelk\u00e1rty\u00e1kat, az iDEAL-t (Hollandia eset\u00e9ben), a Bancontact-ot (Belgium eset\u00e9ben) \u00e9s a SEPA banksz\u00e1mla-\u00e1tutal\u00e1sokat a k\u00e9nyelme \u00e9rdek\u00e9ben<\/p>\n<p>Ez a tranzakci\u00f3 eg\u00e9sz Eur\u00f3p\u00e1ban.<\/p>\n<h2>K\u00f6vetkeztet\u00e9s<\/h2>\n<p>Az <strong>WASPE Crystal 40 000 h\u00faz\u00e1s<\/strong> Egyszeri haszn\u00e1latos vape egy forradalmi term\u00e9k, amely kiv\u00e9teles teljes\u00edtm\u00e9nyt, \u00edzv\u00e1laszt\u00e9kot \u00e9s felhaszn\u00e1l\u00f3bar\u00e1t kialak\u00edt\u00e1st k\u00edn\u00e1l. Hossz\u00fa \u00e9lettartam\u00e1val, dupla \u00edz\u00e9vel \u00e9s \u00fajrat\u00f6lthet\u0151s\u00e9g\u00e9vel t\u00f6k\u00e9letes v\u00e1laszt\u00e1s a min\u0151s\u00e9get \u00e9s a k\u00e9nyelmet \u00e9rt\u00e9kel\u0151 g\u0151z\u00f6l\u0151k sz\u00e1m\u00e1ra. L\u00e1togasson el a Widevape-ba, hogy ma leadja rendel\u00e9s\u00e9t, \u00e9s exkluz\u00edv kedvezm\u00e9nyeket kapjon nagy mennyis\u00e9g\u0171 rendel\u00e9s eset\u00e9n ezzel a n\u00e9lk\u00fcl\u00f6zhetetlen egyszeri haszn\u00e1latos vape-val kapcsolatban!<\/p>\n<p><img loading=\"lazy\" decoding=\"async\" class=\"alignnone wp-image-17211 size-full\" src=\"https:\/\/widevape.com\/wp-content\/uploads\/2025\/02\/WASPE_Crysta-9.webp\" alt=\"WASPE Crystal 40000 h\u00faz\u00e1s dupla \u00edz digit\u00e1lis kijelz\u0151 0%, 2%, 5% alacsony nikotintartalom \u00fajrat\u00f6lthet\u0151 eldobhat\u00f3 e-cigaretta nagykereskedelem\" width=\"1060\" height=\"1060\" srcset=\"https:\/\/widevape.com\/wp-content\/uploads\/2025\/02\/WASPE_Crysta-9.webp 1060w, https:\/\/widevape.com\/wp-content\/uploads\/2025\/02\/WASPE_Crysta-9-247x247.webp 247w, https:\/\/widevape.com\/wp-content\/uploads\/2025\/02\/WASPE_Crysta-9-100x100.webp 100w, https:\/\/widevape.com\/wp-content\/uploads\/2025\/02\/WASPE_Crysta-9-510x510.webp 510w, https:\/\/widevape.com\/wp-content\/uploads\/2025\/02\/WASPE_Crysta-9-300x300.webp 300w, https:\/\/widevape.com\/wp-content\/uploads\/2025\/02\/WASPE_Crysta-9-1024x1024.webp 1024w, https:\/\/widevape.com\/wp-content\/uploads\/2025\/02\/WASPE_Crysta-9-150x150.webp 150w, https:\/\/widevape.com\/wp-content\/uploads\/2025\/02\/WASPE_Crysta-9-768x768.webp 768w\" sizes=\"auto, (max-width: 1060px) 100vw, 1060px\" \/> <img loading=\"lazy\" decoding=\"async\" class=\"alignnone wp-image-17210 size-full\" src=\"https:\/\/widevape.com\/wp-content\/uploads\/2025\/02\/WASPE_Crysta-8.webp\" alt=\"WASPE Crystal 40000 h\u00faz\u00e1s dupla \u00edz digit\u00e1lis kijelz\u0151 0%, 2%, 5% alacsony nikotintartalom \u00fajrat\u00f6lthet\u0151 eldobhat\u00f3 e-cigaretta nagykereskedelem\" width=\"1060\" height=\"1060\" srcset=\"https:\/\/widevape.com\/wp-content\/uploads\/2025\/02\/WASPE_Crysta-8.webp 1060w, https:\/\/widevape.com\/wp-content\/uploads\/2025\/02\/WASPE_Crysta-8-247x247.webp 247w, https:\/\/widevape.com\/wp-content\/uploads\/2025\/02\/WASPE_Crysta-8-100x100.webp 100w, https:\/\/widevape.com\/wp-content\/uploads\/2025\/02\/WASPE_Crysta-8-510x510.webp 510w, https:\/\/widevape.com\/wp-content\/uploads\/2025\/02\/WASPE_Crysta-8-300x300.webp 300w, https:\/\/widevape.com\/wp-content\/uploads\/2025\/02\/WASPE_Crysta-8-1024x1024.webp 1024w, https:\/\/widevape.com\/wp-content\/uploads\/2025\/02\/WASPE_Crysta-8-150x150.webp 150w, https:\/\/widevape.com\/wp-content\/uploads\/2025\/02\/WASPE_Crysta-8-768x768.webp 768w\" sizes=\"auto, (max-width: 1060px) 100vw, 1060px\" \/> <img loading=\"lazy\" decoding=\"async\" class=\"alignnone wp-image-17209 size-full\" src=\"https:\/\/widevape.com\/wp-content\/uploads\/2025\/02\/WASPE_Crysta-7.webp\" alt=\"WASPE Crystal 40000 h\u00faz\u00e1s dupla \u00edz digit\u00e1lis kijelz\u0151 0%, 2%, 5% alacsony nikotintartalom \u00fajrat\u00f6lthet\u0151 eldobhat\u00f3 e-cigaretta nagykereskedelem\" width=\"1060\" height=\"1060\" srcset=\"https:\/\/widevape.com\/wp-content\/uploads\/2025\/02\/WASPE_Crysta-7.webp 1060w, https:\/\/widevape.com\/wp-content\/uploads\/2025\/02\/WASPE_Crysta-7-247x247.webp 247w, https:\/\/widevape.com\/wp-content\/uploads\/2025\/02\/WASPE_Crysta-7-100x100.webp 100w, https:\/\/widevape.com\/wp-content\/uploads\/2025\/02\/WASPE_Crysta-7-510x510.webp 510w, https:\/\/widevape.com\/wp-content\/uploads\/2025\/02\/WASPE_Crysta-7-300x300.webp 300w, https:\/\/widevape.com\/wp-content\/uploads\/2025\/02\/WASPE_Crysta-7-1024x1024.webp 1024w, https:\/\/widevape.com\/wp-content\/uploads\/2025\/02\/WASPE_Crysta-7-150x150.webp 150w, https:\/\/widevape.com\/wp-content\/uploads\/2025\/02\/WASPE_Crysta-7-768x768.webp 768w\" sizes=\"auto, (max-width: 1060px) 100vw, 1060px\" \/> <img loading=\"lazy\" decoding=\"async\" class=\"alignnone wp-image-17208 size-full\" src=\"https:\/\/widevape.com\/wp-content\/uploads\/2025\/02\/WASPE_Crysta-6.webp\" alt=\"WASPE Crystal 40000 h\u00faz\u00e1s dupla \u00edz digit\u00e1lis kijelz\u0151 0%, 2%, 5% alacsony nikotintartalom \u00fajrat\u00f6lthet\u0151 eldobhat\u00f3 e-cigaretta nagykereskedelem\" width=\"1060\" height=\"1060\" srcset=\"https:\/\/widevape.com\/wp-content\/uploads\/2025\/02\/WASPE_Crysta-6.webp 1060w, https:\/\/widevape.com\/wp-content\/uploads\/2025\/02\/WASPE_Crysta-6-247x247.webp 247w, https:\/\/widevape.com\/wp-content\/uploads\/2025\/02\/WASPE_Crysta-6-100x100.webp 100w, https:\/\/widevape.com\/wp-content\/uploads\/2025\/02\/WASPE_Crysta-6-510x510.webp 510w, https:\/\/widevape.com\/wp-content\/uploads\/2025\/02\/WASPE_Crysta-6-300x300.webp 300w, https:\/\/widevape.com\/wp-content\/uploads\/2025\/02\/WASPE_Crysta-6-1024x1024.webp 1024w, https:\/\/widevape.com\/wp-content\/uploads\/2025\/02\/WASPE_Crysta-6-150x150.webp 150w, https:\/\/widevape.com\/wp-content\/uploads\/2025\/02\/WASPE_Crysta-6-768x768.webp 768w\" sizes=\"auto, (max-width: 1060px) 100vw, 1060px\" \/><\/p>","protected":false},"excerpt":{"rendered":"<p>Az <strong>WASPE Crystal 40 000 h\u00faz\u00e1s<\/strong> Egy fejlett, \u00fajrat\u00f6lthet\u0151, eldobhat\u00f3 vape 40 000 sz\u00edv\u00e1ssal, kett\u0151s \u00edz opci\u00f3val, 32ml e-folyad\u00e9kkal, v\u00e1ltoz\u00f3 nikotin er\u0151ss\u00e9gekkel (0%, 2%, 5%) \u00e9s egy praktikus LED kijelz\u0151vel, amely t\u00f6bb izgalmas \u00edzkombin\u00e1ci\u00f3ban kaphat\u00f3 \u00e9s t\u00f6k\u00e9letes a nagykeresked\u0151k sz\u00e1m\u00e1ra.<\/p>","protected":false},"featured_media":17202,"comment_status":"open","ping_status":"closed","template":"","meta":[],"product_brand":[],"product_cat":[112,92,93,37,94,61,90,71,96],"product_tag":[],"class_list":{"0":"post-16859","1":"product","2":"type-product","3":"status-publish","4":"has-post-thumbnail","6":"product_cat-40000-zuege-einweg-e-zigaretten","7":"product_cat-digitale-box-einweg-e-zigaretten","8":"product_cat-dual-mesh-einweg-e-zigaretten","9":"product_cat-einweg-e-zigaretten","10":"product_cat-einweg-e-zigaretten-mit-niedriger-nikotinstaerke","11":"product_cat-einweg-e-zigaretten-nach-zuegen","12":"product_cat-grosse-einweg-e-zigaretten","13":"product_cat-waspe-einweg-e-zigaretten","14":"product_cat-wiederaufladbare-einweg-e-zigaretten","16":"first","17":"outofstock","18":"shipping-taxable","19":"purchasable","20":"product-type-variable"},"_links":{"self":[{"href":"https:\/\/widevape.com\/hu\/wp-json\/wp\/v2\/product\/16859","targetHints":{"allow":["GET"]}}],"collection":[{"href":"https:\/\/widevape.com\/hu\/wp-json\/wp\/v2\/product"}],"about":[{"href":"https:\/\/widevape.com\/hu\/wp-json\/wp\/v2\/types\/product"}],"replies":[{"embeddable":true,"href":"https:\/\/widevape.com\/hu\/wp-json\/wp\/v2\/comments?post=16859"}],"wp:featuredmedia":[{"embeddable":true,"href":"https:\/\/widevape.com\/hu\/wp-json\/wp\/v2\/media\/17202"}],"wp:attachment":[{"href":"https:\/\/widevape.com\/hu\/wp-json\/wp\/v2\/media?parent=16859"}],"wp:term":[{"taxonomy":"product_brand","embeddable":true,"href":"https:\/\/widevape.com\/hu\/wp-json\/wp\/v2\/product_brand?post=16859"},{"taxonomy":"product_cat","embeddable":true,"href":"https:\/\/widevape.com\/hu\/wp-json\/wp\/v2\/product_cat?post=16859"},{"taxonomy":"product_tag","embeddable":true,"href":"https:\/\/widevape.com\/hu\/wp-json\/wp\/v2\/product_tag?post=16859"}],"curies":[{"name":"wp","href":"https:\/\/api.w.org\/{rel}","templated":true}]}}