{"id":18759,"date":"2025-02-15T09:45:58","date_gmt":"2025-02-15T08:45:58","guid":{"rendered":"https:\/\/widevape.com\/?post_type=product&#038;p=18759"},"modified":"2025-10-22T05:57:25","modified_gmt":"2025-10-22T03:57:25","slug":"bang-bc-5000-huzott-kueloenboezo-izek-0-2-3-5-alacsony-nikotintartalom-ujratoeltheto-eldobhato-e-cigaretta-nagykereskedelem","status":"publish","type":"product","link":"https:\/\/widevape.com\/hu\/product\/bang-bc-5000-zuege-verschiedene-geschmacksrichtungen-0-2-3-5-niedriger-nikotingehalt-wiederaufladbare-einweg-e-zigaretten-grosshandel\/","title":{"rendered":"Bang BC 5000 vonatok k\u00fcl\u00f6nb\u00f6z\u0151 \u00edzekben 0% 2% 3% 5% alacsony nikotintartalom \u00fajrat\u00f6lthet\u0151 eldobhat\u00f3 e-cigaretta nagykereskedelem"},"content":{"rendered":"<div style=\"width: 960px;\" class=\"wp-video\"><video class=\"wp-video-shortcode\" id=\"video-18759-1\" width=\"960\" height=\"720\" preload=\"metadata\" controls=\"controls\"><source type=\"video\/mp4\" src=\"https:\/\/widevape.com\/wp-content\/uploads\/2025\/02\/Bang-BC-5000.mp4?_=1\" \/><a href=\"https:\/\/widevape.com\/wp-content\/uploads\/2025\/02\/Bang-BC-5000.mp4\">https:\/\/widevape.com\/wp-content\/uploads\/2025\/02\/Bang-BC-5000.mp4<\/a><\/video><\/div>\n<h2 class=\"my-0\"><strong><a href=\"https:\/\/widevape.com\/product-category\/bang-einweg-e-zigaretten\/\">Bang<\/a> BC 5000 Z\u00fcge: Die perfekte Wahl f\u00fcr Gro\u00dfhandel und Bulk-K\u00e4ufer<\/strong><\/h2>\n<p class=\"my-0\">Der\u00a0<strong>Bang BC 5000 Z\u00fcge<\/strong>\u00a0ist ein hochwertiger, wiederaufladbarer Einweg-Vape, der f\u00fcr ein au\u00dfergew\u00f6hnliches Dampferlebnis entwickelt wurde. Mit seinen fortschrittlichen Funktionen, einer breiten Auswahl an Geschmacksrichtungen und individuell anpassbaren Nikotinst\u00e4rken ist er die ideale Wahl f\u00fcr Einzelanwender sowie Gro\u00dfh\u00e4ndler. Bei WideVape, der gr\u00f6\u00dften Online-Gro\u00dfhandelsplattform f\u00fcr Einweg-Vapes in den Niederlanden, Deutschland, Belgien und Spanien, k\u00f6nnen Sie den Bang BC 5000 Z\u00fcge in gro\u00dfen Mengen zu unschlagbaren Preisen erwerben.<\/p>\n<h2 class=\"mb-2 mt-6 text-lg font-[500] first:mt-3\"><strong>Hauptmerkmale<\/strong><\/h2>\n<ul class=\"marker:text-textOff list-disc\">\n<li>\n<p class=\"my-0\"><strong>Hohe Zuganzahl:<\/strong>\u00a0Bis zu <a href=\"https:\/\/widevape.com\/product-category\/einweg-e-zigaretten-nach-zuegen\/5000-zuege-einweg-e-zigaretten\/\">5000 Z\u00fcge<\/a> pro Ger\u00e4t f\u00fcr langanhaltenden Genuss.<\/p>\n<\/li>\n<li>\n<p class=\"my-0\"><strong>Gro\u00dfer E-Liquid-Tank:<\/strong>\u00a0Vorbef\u00fcllt mit 13ml hochwertigem E-Liquid.<\/p>\n<\/li>\n<li>\n<p class=\"my-0\"><strong>Wiederaufladbare Batterie:<\/strong>\u00a0650mAh Akku mit Typ-C-Schnellladefunktion.<\/p>\n<\/li>\n<li>\n<p class=\"my-0\"><strong>Flexible Nikotinst\u00e4rken:<\/strong>\u00a0Verf\u00fcgbar in 0%, 2%, 3% und 5%.<\/p>\n<\/li>\n<li>\n<p class=\"my-0\"><strong>Optimierte Spule:<\/strong>\u00a01,1-Ohm-Widerstand f\u00fcr sanfte Dampfwolken und intensiven Geschmack.<\/p>\n<\/li>\n<li>\n<p class=\"my-0\"><strong>Leichtes Design:<\/strong>\u00a0Kompakt und tragbar mit nur 50g Gewicht.<\/p>\n<\/li>\n<li>\n<p class=\"my-0\"><strong>Effiziente Verpackung:<\/strong>\u00a0Perfekt f\u00fcr Gro\u00dfh\u00e4ndler (10 Ger\u00e4te pro Packung; bis zu 300 Ger\u00e4te pro Karton).<\/p>\n<\/li>\n<\/ul>\n<h2 class=\"mb-2 mt-6 text-lg font-[500] first:mt-3\"><strong>Geschmacksrichtungen<\/strong><\/h2>\n<p class=\"my-0\">Der Bang BC 5000 Z\u00fcge bietet eine beeindruckende Auswahl an Geschmacksrichtungen, die sorgf\u00e4ltig entwickelt wurden, um verschiedene Vorlieben zu erf\u00fcllen. Hier sind die verf\u00fcgbaren Geschm\u00e4cker im Detail:<\/p>\n<ol class=\"marker:text-textOff list-decimal\">\n<li>\n<p class=\"my-0\"><strong> Strawberry Mango:<\/strong>\u00a0Eine tropische Mischung aus s\u00fc\u00dfen Erdbeeren und saftigen Mangos \u2013 erfrischend und fruchtig.<\/p>\n<\/li>\n<li>\n<p class=\"my-0\"><strong>Strawberry Ice Cream:<\/strong>\u00a0Cremige Vanille-Eiscreme kombiniert mit reifen Erdbeeren f\u00fcr ein Dessert-Erlebnis.<\/p>\n<\/li>\n<li>\n<p class=\"my-0\"><strong>Sakura Grape:<\/strong>\u00a0Die zarte S\u00fc\u00dfe von Kirschbl\u00fcten trifft auf den kr\u00e4ftigen Geschmack von Trauben \u2013 einzigartig und aromatisch.<\/p>\n<\/li>\n<li>\n<p class=\"my-0\"><strong>Watermelon Ice:<\/strong>\u00a0Frische Wassermelone gepaart mit k\u00fchlendem Menthol f\u00fcr ein belebendes Dampferlebnis.<\/p>\n<\/li>\n<li>\n<p class=\"my-0\"><strong>Blueberry Raspberry Ice:<\/strong>\u00a0Eine spritzige Mischung aus Blaubeeren und Himbeeren mit einem frostigen Abgang.<\/p>\n<\/li>\n<li>\n<p class=\"my-0\"><strong>Kiwi Fruit Passion Fruit Guava:<\/strong>\u00a0Eine exotische Kombination aus Kiwi, Passionsfrucht und Guave \u2013 tropisch und erfrischend.<\/p>\n<\/li>\n<li>\n<p class=\"my-0\"><strong>Strawberry Kiwi Fruit:<\/strong>\u00a0Eine harmonische Balance aus saftigen Erdbeeren und spritziger Kiwi.<\/p>\n<\/li>\n<li>\n<p class=\"my-0\"><strong>Energy Drink:<\/strong>\u00a0Ein lebhafter Geschmack inspiriert von beliebten Energy-Drinks \u2013 perfekt f\u00fcr einen Energieschub.<\/p>\n<\/li>\n<li>\n<p class=\"my-0\"><strong>Peach Mango Watermelon:<\/strong>\u00a0Eine k\u00f6stliche Dreierkombination aus Pfirsich, Mango und Wassermelone \u2013 s\u00fc\u00df und fruchtig.<\/p>\n<\/li>\n<li>\n<p class=\"my-0\"><strong>Cool Mint:<\/strong>\u00a0Ein klassischer Minzgeschmack mit einer eisigen Note \u2013 frisch und belebend.<\/p>\n<\/li>\n<li>\n<p class=\"my-0\"><strong> Blueberry Ice:<\/strong>\u00a0S\u00fc\u00dfe Blaubeeren kombiniert mit Menthol f\u00fcr ein k\u00fchles Fruchterlebnis.<\/p>\n<\/li>\n<li>\n<p class=\"my-0\"><strong>Pineapple Coconut Ice:<\/strong>\u00a0Tropischer Ananas-Kokos-Geschmack mit einem erfrischenden Hauch von Eis.<\/p>\n<\/li>\n<li>\n<p class=\"my-0\"><strong>Strawberry Guava:<\/strong>\u00a0Die perfekte Kombination aus s\u00fc\u00dfen Erdbeeren und exotischer Guave.<\/p>\n<\/li>\n<li>\n<p class=\"my-0\"><strong>Mixed Fruit:<\/strong>\u00a0Eine lebhafte Mischung verschiedener Fr\u00fcchte \u2013 ein Geschmackserlebnis in jeder Wolke.<\/p>\n<\/li>\n<li>\n<p class=\"my-0\"><strong>Black Ice:<\/strong>\u00a0Dunkle Beeren treffen auf einen k\u00fchlen Menthol-Abgang \u2013 intensiv und erfrischend.<\/p>\n<\/li>\n<\/ol>\n<h2 class=\"mb-2 mt-6 text-lg font-[500] first:mt-3\"><strong>Warum <a href=\"https:\/\/widevape.com\/\">WideVape<\/a> w\u00e4hlen?<\/strong><\/h2>\n<p class=\"my-0\">WideVape ist Ihr vertrauensw\u00fcrdiger Partner f\u00fcr den Gro\u00dfhandel mit <a href=\"https:\/\/widevape.com\/\">Einweg-Vapes<\/a> in Europa. Hier sind einige Gr\u00fcnde, warum Sie bei uns einkaufen sollten:<\/p>\n<ul class=\"marker:text-textOff list-disc\">\n<li>\n<p class=\"my-0\">Wir sind der f\u00fchrende Distributor in Europa mit Fokus auf M\u00e4rkte in Deutschland, den Niederlanden, Belgien, Spanien und weiteren L\u00e4ndern.<\/p>\n<\/li>\n<li>\n<p class=\"my-0\">Mit \u00fcber 10 Jahren Erfahrung in der Vape-Branche garantieren wir Zuverl\u00e4ssigkeit und Fachkompetenz bei jeder Bestellung.<\/p>\n<\/li>\n<li>\n<p class=\"my-0\">Unsere Preise sind wettbewerbsf\u00e4hig, insbesondere bei Gro\u00dfbestellungen oder Bulk-K\u00e4ufen.<\/p>\n<\/li>\n<li>\n<p class=\"my-0\">Sichere Zahlungsmethoden wie PayPal, Kreditkarte sowie lokale Optionen wie iDEAL (Niederlande), Bancontact (Belgien) oder SEPA-Bank\u00fcberweisungen stehen zur Verf\u00fcgung.<\/p>\n<\/li>\n<\/ul>\n<h2 class=\"mb-2 mt-6 text-lg font-[500] first:mt-3\"><strong>Fazit<\/strong><\/h2>\n<p class=\"my-0\">Der Bang BC 5000 Z\u00fcge ist nicht nur ein Einweg-Vape \u2013 er ist ein Premiumprodukt, das Zufriedenheit bei jedem Zug garantiert. Mit seiner umfangreichen Geschmacksvielfalt, flexiblen Nikotinoptionen und benutzerfreundlichem Design ist er die ideale Wahl f\u00fcr alle Dampfer.<\/p>\n<p class=\"my-0\">Bestellen Sie noch heute Ihren Bang BC 5000 Z\u00fcge bei WideVape \u2013 Ihrer Nummer eins f\u00fcr Gro\u00dfhandel mit <a href=\"https:\/\/widevape.com\/\">Einweg-Vapes<\/a> in Europa!<\/p>\n<p><img loading=\"lazy\" decoding=\"async\" class=\"alignnone wp-image-18765 size-full\" src=\"https:\/\/widevape.com\/wp-content\/uploads\/2025\/02\/Bang_BC_5000-6.webp\" alt=\"Bang BC 5000 Z\u00fcge Verschiedene Geschmacksrichtungen 0% 2% 3% 5% Niedriger Nikotingehalt Wiederaufladbare Einweg E-Zigaretten Gro\u00dfhandel\" width=\"1080\" height=\"1236\" srcset=\"https:\/\/widevape.com\/wp-content\/uploads\/2025\/02\/Bang_BC_5000-6.webp 1080w, https:\/\/widevape.com\/wp-content\/uploads\/2025\/02\/Bang_BC_5000-6-510x584.webp 510w, https:\/\/widevape.com\/wp-content\/uploads\/2025\/02\/Bang_BC_5000-6-262x300.webp 262w, https:\/\/widevape.com\/wp-content\/uploads\/2025\/02\/Bang_BC_5000-6-895x1024.webp 895w, https:\/\/widevape.com\/wp-content\/uploads\/2025\/02\/Bang_BC_5000-6-768x879.webp 768w\" sizes=\"auto, (max-width: 1080px) 100vw, 1080px\" \/><\/p>\n","protected":false},"excerpt":{"rendered":"<p>A\u00a0<strong>Bang BC 5000 Z\u00fcge \n\nmagyar ford\u00edt\u00e1s:\nBang BC 5000 vonatok<\/strong>\u00a0Egy kiv\u00e1l\u00f3 min\u0151s\u00e9g\u0171, \u00fajrat\u00f6lthet\u0151 egyszer haszn\u00e1latos vape ak\u00e1r 5000 sz\u00edv\u00e1sig, 13ml e-liquid, rugalmas nikotintartalmak (0, 3, 6, 12 mg) \u00e9s sz\u00e9les \u00edzv\u00e1laszt\u00e9k - ide\u00e1lis nagykereskedelem \u00e9s nagy mennyis\u00e9g\u0171 v\u00e1s\u00e1rl\u00f3k sz\u00e1m\u00e1ra a WideVape-n\u00e1l.<\/p>","protected":false},"featured_media":18771,"comment_status":"open","ping_status":"closed","template":"","meta":[],"product_brand":[],"product_cat":[113,33,37,94,96],"product_tag":[],"class_list":{"0":"post-18759","1":"product","2":"type-product","3":"status-publish","4":"has-post-thumbnail","6":"product_cat-5000-zuege-einweg-e-zigaretten","7":"product_cat-bang-einweg-e-zigaretten","8":"product_cat-einweg-e-zigaretten","9":"product_cat-einweg-e-zigaretten-mit-niedriger-nikotinstaerke","10":"product_cat-wiederaufladbare-einweg-e-zigaretten","12":"first","13":"instock","14":"shipping-taxable","15":"purchasable","16":"product-type-variable"},"_links":{"self":[{"href":"https:\/\/widevape.com\/hu\/wp-json\/wp\/v2\/product\/18759","targetHints":{"allow":["GET"]}}],"collection":[{"href":"https:\/\/widevape.com\/hu\/wp-json\/wp\/v2\/product"}],"about":[{"href":"https:\/\/widevape.com\/hu\/wp-json\/wp\/v2\/types\/product"}],"replies":[{"embeddable":true,"href":"https:\/\/widevape.com\/hu\/wp-json\/wp\/v2\/comments?post=18759"}],"wp:featuredmedia":[{"embeddable":true,"href":"https:\/\/widevape.com\/hu\/wp-json\/wp\/v2\/media\/18771"}],"wp:attachment":[{"href":"https:\/\/widevape.com\/hu\/wp-json\/wp\/v2\/media?parent=18759"}],"wp:term":[{"taxonomy":"product_brand","embeddable":true,"href":"https:\/\/widevape.com\/hu\/wp-json\/wp\/v2\/product_brand?post=18759"},{"taxonomy":"product_cat","embeddable":true,"href":"https:\/\/widevape.com\/hu\/wp-json\/wp\/v2\/product_cat?post=18759"},{"taxonomy":"product_tag","embeddable":true,"href":"https:\/\/widevape.com\/hu\/wp-json\/wp\/v2\/product_tag?post=18759"}],"curies":[{"name":"wp","href":"https:\/\/api.w.org\/{rel}","templated":true}]}}