{"id":21737,"date":"2025-02-22T17:02:23","date_gmt":"2025-02-22T16:02:23","guid":{"rendered":"https:\/\/widevape.com\/?post_type=product&#038;p=21737"},"modified":"2025-10-22T04:33:55","modified_gmt":"2025-10-22T02:33:55","slug":"arymi-ifun-28000-huzza-kettos-halo-kettos-pod-rendszer-5-nikotin-nagykereskedelem-ujratoeltheto-eldobhato-vape-tollak","status":"publish","type":"product","link":"https:\/\/widevape.com\/hu\/product\/arymi-ifun-28000-zuege-dual-mesh-dual-pod-system-5-nikotin-grosshandel-wiederaufladbare-einweg-vape-pens\/","title":{"rendered":"ARYMI IFun 28000 h\u00faz\u00e1s - Dual-Mesh-Dual-Pod rendszer, 5 % nikotin, nagykereskedelem \u00e9s \u00fajrat\u00f6lthet\u0151 eldobhat\u00f3 vape tollak"},"content":{"rendered":"<div style=\"width: 1020px;\" class=\"wp-video\"><video class=\"wp-video-shortcode\" id=\"video-21737-1\" width=\"1020\" height=\"574\" preload=\"metadata\" controls=\"controls\"><source type=\"video\/mp4\" src=\"https:\/\/widevape.com\/wp-content\/uploads\/2025\/02\/ARYMI-IFun-28000-.mp4?_=1\" \/><a href=\"https:\/\/widevape.com\/wp-content\/uploads\/2025\/02\/ARYMI-IFun-28000-.mp4\">https:\/\/widevape.com\/wp-content\/uploads\/2025\/02\/ARYMI-IFun-28000-.mp4<\/a><\/video><\/div>\n<h2><a href=\"https:\/\/widevape.com\/hu\/termekkategoria-2\/arymi-eldobhato-e-cigarettak\/\">ARYMI<\/a> Az IFun 28000 h\u00faz\u00e1sok: M\u00e9rf\u00f6ldk\u0151 az eldobhat\u00f3 Vaping vil\u00e1g\u00e1ban<\/h2>\n<p>A\u00a0<strong>ARYMI IFun 28000 vonatok<\/strong>\u00a0Egy forradalmi, egyszer haszn\u00e1latos vape, amelyet olyan felhaszn\u00e1l\u00f3k sz\u00e1m\u00e1ra fejlesztettek ki, akik \u00e9rt\u00e9kelik a tart\u00f3ss\u00e1got, az \u00edzt \u00e9s a k\u00e9nyelmet.  Leny\u0171g\u00f6z\u0151 28 000 sz\u00edv\u00e1sk\u00e9sz\u00fcl\u00e9kenk\u00e9nt, ez az \u00fajrat\u00f6lthet\u0151 vape toll ide\u00e1lis alkalmi felhaszn\u00e1l\u00f3k \u00e9s nagykeresked\u0151k sz\u00e1m\u00e1ra egyar\u00e1nt.  Legyen \u00d6n kiskeresked\u0151 vagy e-cigaretta lelkes - az ARYMI IFun 28000 sz\u00edv\u00e1s p\u00e1ratlan teljes\u00edtm\u00e9nyt \u00e9s sokoldal\u00fas\u00e1got k\u00edn\u00e1l.<\/p>\n<p>N\u00e1l\u00a0<strong>WideVape<\/strong>\u00a0B\u00fcszk\u00e9k vagyunk arra, hogy Eur\u00f3pa legnagyobb online nagykereskedelmi platformja vagyunk az eldobhat\u00f3 vape term\u00e9kekre.  N\u00e9metorsz\u00e1gban, Hollandi\u00e1ban, Belgiumban, Spanyolorsz\u00e1gban \u00e9s azon t\u00fal szolg\u00e1ljuk ki az \u00fcgyfeleket.  A min\u0151s\u00e9g \u00e9s a megfizethet\u0151s\u00e9g ir\u00e1nti elk\u00f6telezetts\u00e9g\u00fcnk teszi minket az els\u0151 sz\u00e1m\u00fa c\u00edmm\u00e9 olyan nagy m\u00e1rk\u00e1k nagy mennyis\u00e9g\u0171 rendel\u00e9seihez, mint az ARYMI.<\/p>\n<h2>F\u0151 jellemz\u0151k  ARYMI IFun <a href=\"https:\/\/widevape.com\/hu\/termekkategoria-2\/28-000-darab-egyszer-hasznalatos-e-cigaretta\/\">28 000 vonat<\/a><\/h2>\n<p>Az ARYMI IFun 28000 vonalk\u00f6vet\u0151je  halad\u00f3 funkci\u00f3kkal \u00e9s felhaszn\u00e1l\u00f3bar\u00e1t kialak\u00edt\u00e1ssal rendelkezik. Itt vannak a f\u0151bb jellemz\u0151k:<\/p>\n<ul>\n<li><strong>Magas vonatsz\u00e1m:<\/strong>\u00a0Legfeljebb 28 000 vonat k\u00e9sz\u00fcl\u00e9kenk\u00e9nt - kevesebb ut\u00e1nt\u00f6lt\u00e9s, t\u00f6bb \u00e9lvezet.<\/li>\n<li><strong>\u00fajrat\u00f6lthet\u0151 akkumul\u00e1tor<\/strong>\u00a0850 mAh-s USB-C akkumul\u00e1torral van ell\u00e1tva a gyors t\u00f6lt\u00e9shez \u00e9s hossz\u00fa haszn\u00e1lathoz.<\/li>\n<li><strong>Kett\u0151s h\u00e1l\u00f3tekercs rendszer:<\/strong>\u00a0Intenz\u00edv \u00edz \u00e9s nagy mennyis\u00e9g\u0171 g\u0151z k\u00f6sz\u00f6nhet\u0151en a kett\u0151s h\u00e1l\u00f3zat\u00fa tekercseknek a egyenletes p\u00e1rologtat\u00e1si \u00e9lm\u00e9ny \u00e9rdek\u00e9ben.<\/li>\n<li><strong>Be\u00e1ll\u00edthat\u00f3 l\u00e9g\u00e1raml\u00e1s szab\u00e1lyoz\u00e1s:<\/strong>\u00a0\u00c1ll\u00edtsa be a l\u00e9g\u00e1raml\u00e1st az \u00d6n preferenci\u00e1i szerint - az enyhe f\u00faj\u00e1st\u00f3l a s\u0171r\u0171 g\u0151zp\u00e1r\u00e1ig.<\/li>\n<li><strong>5 % Nikotin: \n5 % nikotin<\/strong>\u00a0T\u00f6k\u00e9letes azok sz\u00e1m\u00e1ra, akik m\u00e9rs\u00e9kelt torok\u00fct\u00e9st keresnek t\u00falzott intenzit\u00e1s n\u00e9lk\u00fcl.<\/li>\n<li><strong>Karcs\u00fa \u00e9s hordozhat\u00f3 kialak\u00edt\u00e1s:<\/strong>\u00a0Csak 122 g-os s\u00faly\u00e1val az ARYMI IFun 28000 nagyon k\u00f6nny\u0171 \u00e9s ide\u00e1lis \u00fatk\u00f6zben.<\/li>\n<li><strong>Kett\u0151s pod rendszer:<\/strong>\u00a0K\u00f6nnyed\u00e9n v\u00e1ltson k\u00e9t k\u00fcl\u00f6nb\u00f6z\u0151 \u00edz k\u00f6z\u00f6tt.<\/li>\n<li><strong>Folyad\u00e9k-tekercs elv\u00e1laszt\u00e1si technol\u00f3gia:<\/strong>\u00a0Megakad\u00e1lyozza a sziv\u00e1rg\u00e1st \u00e9s meghosszabb\u00edtja az eszk\u00f6z \u00e9lettartam\u00e1t, fenntartva az \u00e1lland\u00f3 \u00edzt.<\/li>\n<\/ul>\n<h2>Fedezze fel az \u00edzvil\u00e1got<\/h2>\n<p>Az ARYMI IFun 28000 h\u00faz\u00e1sok sz\u00e1mos \u00edzes\u00edt\u00e9sben kaphat\u00f3k, amelyek mindegyike egyedi vape-\u00e9lm\u00e9nyt ny\u00fajt. Itt van a teljes lista:<\/p>\n<ol start=\"1\">\n<li><strong>J\u00e9ghideg g\u00f6r\u00f6gdinnye &amp; Kivi Passi\u00f3gy\u00fcm\u00f6lcs Guava:<\/strong> Ez a friss\u00edt\u0151 kever\u00e9k egyes\u00edti a g\u00f6r\u00f6gdinnye \u00e9dess\u00e9g\u00e9t a kivi savass\u00e1g\u00e1val \u00e9s a passi\u00f3gy\u00fcm\u00f6lcs-guava tr\u00f3pusi jegyeivel.<\/li>\n<li><strong>J\u00e9ghideg \u0150szibar\u00e1t &amp; Eper S\u00e1rgadinnye:<\/strong> J\u00e9ghideg \u0151szibar\u00e1t &amp; eperdinnye: \u00c9des \u00e9s jeges kever\u00e9k \u0151szibar\u00e1tb\u00f3l \u00e9s eperb\u0151l, kieg\u00e9sz\u00edtve a dinnye friss\u00edt\u0151 \u00edz\u00e9vel.<\/li>\n<li><strong>Habos Cherry &amp; Blueberry Lemon Soda:<\/strong>Ez a \u00edz a limon\u00e1dok ihlet\u00e9s\u00e9vel egyes\u00edti a cseresznye \u00e9s a fekete \u00e1fonya savass\u00e1g\u00e1t a citromos limon\u00e1d\u00e9 szikr\u00e1z\u00f3 jegy\u00e9vel.<\/li>\n<li><strong>T\u00f6bbf\u00e9le Bogy\u00f3s Gy\u00fcm\u00f6lcs \u00e9s Anan\u00e1sz K\u00f3kuszos Rum:<\/strong> Egy tr\u00f3pusi r\u00f6vid vak\u00e1ci\u00f3 minden vonattal. Ez az \u00edz egyes\u00edti a vegyes bogy\u00f3k \u00e9dess\u00e9g\u00e9t az anan\u00e1sz-k\u00f3kusz-rum kr\u00e9mes teljess\u00e9g\u00e9vel.<\/li>\n<li><strong>Lemon Lime &amp; Blueberry Gummies:\nCitrom Lime \u00e9s \u00c1fonya Gummies:<\/strong> Ez az \u00edzlel\u0151 \u00e9rz\u00e9s elkapja a savany\u00fa cukork\u00e1k arom\u00e1j\u00e1t, egy citrom-lime \u00e9s \u00e1fonya-gumicukorka kever\u00e9k\u00e9vel.<\/li>\n<li><strong>M\u00e1lna Sz\u0151l\u0151 &amp; Eper S\u00e1rk\u00e1nygy\u00fcm\u00f6lcs:<\/strong>Egy gy\u00fcm\u00f6lcs\u00f6s robban\u00e1s, amely m\u00e1ln\u00e1t, sz\u0151l\u0151t \u00e9s epret tartalmaz, amelyet a s\u00e1rk\u00e1nygy\u00fcm\u00f6lcs egzotikus \u00edze eg\u00e9sz\u00edt ki.<\/li>\n<li><strong>\u00c1fonya M\u00e1lna &amp; Mojito Menta:<\/strong> Egy friss\u00edt\u0151 v\u00e1ltozata a klasszikus Mojit\u00f3nak. Ez az \u00edzkombin\u00e1ci\u00f3 egyes\u00edti a fekete\u00e1fonya \u00e9s a m\u00e1lna \u00e9dess\u00e9g\u00e9t a menta h\u0171s\u00edt\u0151 \u00e9rz\u00e9s\u00e9vel.<\/li>\n<li><strong>Dupla Alma \u00e9s \u00c1fonya Meggy\u00e1fonya:<\/strong>Egy \u00f6sszetett kever\u00e9k dupla alm\u00e1b\u00f3l, \u00e1fony\u00e1b\u00f3l, csereszny\u00e9b\u0151l \u00e9s \u00e1fonya a gazdag \u00e9s gy\u00fcm\u00f6lcs\u00f6s \u00e9lm\u00e9ny\u00e9rt.<\/li>\n<li><strong>J\u00e9ghideg V\u00f6r\u00f6s Alma \u00e9s Vimto Gy\u00fcm\u00f6lcsl\u00e9 Ital:<\/strong> A klasszikus Vimto ital ihlette ez az \u00edz egyes\u00edti a v\u00f6r\u00f6s alma jeges h\u0171v\u00f6ss\u00e9g\u00e9t a Vimto gy\u00fcm\u00f6lcs\u00f6s jegyeivel.<\/li>\n<li><strong>Cseresznye Kola \u00e9s Eper J\u00e9gkr\u00e9m:<\/strong>Egy nosztalgikus cseresznye-k\u00f3la \u00e9s eperfagylalt kever\u00e9k - t\u00f6k\u00e9letes mindazok sz\u00e1m\u00e1ra, akik szeretik az \u00e9des \u00e9s kr\u00e9mes arom\u00e1kat.<\/li>\n<li><strong>Sziv\u00e1rv\u00e1nyos Cukorka \u00e9s Energiaital:<\/strong> \u00c9l\u00e9nk sz\u00ednek \u00e9s \u00edzek kever\u00e9ke a cukorka \u00e9s az energiaital arom\u00e1j\u00e1b\u00f3l egy \u00e9des \u00e9s \u00e9l\u00e9nk\u00edt\u0151 g\u0151z\u00e9lm\u00e9nyhez.<\/li>\n<li><strong>Ment\u00e1s J\u00e9g &amp; Ban\u00e1n Turmix:<\/strong> Egy friss\u00edt\u0151 mentaleves \u00e9s ban\u00e1ntejturmix kever\u00e9k - t\u00f6k\u00e9letes mindazok sz\u00e1m\u00e1ra, akik a h\u0171s\u00edt\u0151 \u00e9s kr\u00e9mes arom\u00e1kat szeretik.<\/li>\n<\/ol>\n<h2>Csomagol\u00e1s \u00e9s nagykereskedelmi lehet\u0151s\u00e9gek<\/h2>\n<p>Az ARYMI IFun 28000 h\u00faz\u00e1sok praktikus csomagol\u00e1si lehet\u0151s\u00e9gekben \u00e9rhet\u0151k el a nagykeresked\u0151k sz\u00e1m\u00e1ra:<\/p>\n<ul>\n<li><strong>S\u00faly egys\u00e9genk\u00e9nt:<\/strong>\u00a0122 g<\/li>\n<li><strong>Csomagm\u00e9ret:<\/strong>\u00a010 egys\u00e9g csomagonk\u00e9nt<\/li>\n<li><strong>Kartontartalma:<\/strong>\u00a015 csomag\/karton (\u00f6sszes t\u00f6meg: 19,5 kg)<\/li>\n<li><strong>Karton m\u00e9retei:<\/strong>\u00a0504 x 355 x 235 mm<\/li>\n<\/ul>\n<h2>Mi\u00e9rt <a href=\"https:\/\/widevape.com\/hu\/\">WideVape<\/a> nagy mennyis\u00e9g\u0171 rendel\u00e9shez v\u00e1lasszon<\/h2>\n<p>Eur\u00f3pa vezet\u0151 nagykeresked\u0151jek\u00e9nt <a href=\"https:\/\/widevape.com\/hu\/\">Egyszer haszn\u00e1latos g\u0151z\u00f6l\u0151k<\/a> k\u00edn\u00e1l\u00a0<strong>WideVape<\/strong>\u00a0Verhetetlen \u00e1rak \u00e9s gyors, biztos\u00edtott sz\u00e1ll\u00edt\u00e1s az \u00f6sszes EU-orsz\u00e1gba. T\u00f6bb mint 10 \u00e9ves ipar\u00e1gi tapasztalattal magas min\u0151s\u00e9g\u0171 term\u00e9keket sz\u00e1ll\u00edtunk olyan vezet\u0151 m\u00e1rk\u00e1kt\u00f3l, mint az ARYMI, RandM Tornado, FIZZY, Al Fakher \u00e9s m\u00e9g sok m\u00e1s.<\/p>\n<p>Platform\u00e1nk k\u00fcl\u00f6nb\u00f6z\u0151 fizet\u00e9si m\u00f3dokat t\u00e1mogat, bele\u00e9rtve a PayPalt, hitelk\u00e1rty\u00e1kat, iDEAL-t (Hollandia), Bancontactot (Belgium) \u00e9s SEPA-\u00e1tutal\u00e1sokat a z\u00f6kken\u0151mentes v\u00e1s\u00e1rl\u00e1si \u00e9lm\u00e9ny \u00e9rdek\u00e9ben.<\/p>\n<h2>K\u00f6vetkeztet\u00e9s<\/h2>\n<p>A\u00a0<strong>ARYMI IFun 28000 vonatok<\/strong>\u00a0Ez az ultimat\u00edv eldobhat\u00f3 vape mindazok sz\u00e1m\u00e1ra, akik tart\u00f3ss\u00e1got, \u00edzvari\u00e1ci\u00f3t \u00e9s els\u0151 oszt\u00e1ly\u00fa teljes\u00edtm\u00e9nyt keresnek.  Halad\u00f3 funkci\u00f3ival \u00e9s modern diz\u00e1jnj\u00e1val nem meglep\u0151, hogy ez az eszk\u00f6z eg\u00e9sz Eur\u00f3p\u00e1ban bestseller.<\/p>\n<p>L\u00e1togasson el m\u00e9g ma\u00a0<strong>WideVape.com<\/strong>, hogy sz\u00e9lesk\u00f6r\u0171 kollekci\u00f3nkat <a href=\"https:\/\/widevape.com\/hu\/\">Egyszer haszn\u00e1latos g\u0151z\u00f6l\u0151k<\/a> Fedezze fel \u00e9s haszn\u00e1lja ki nagykereskedelmi kedvezm\u00e9nyeinket. Eur\u00f3pa vezet\u0151 nagykereskedelmi sz\u00e1ll\u00edt\u00f3jak\u00e9nt garant\u00e1ljuk a legalacsonyabb \u00e1rakat, gyors sz\u00e1ll\u00edt\u00e1st \u00e9s kiv\u00e1l\u00f3 \u00fcgyf\u00e9lszolg\u00e1latot. Ne hagyja ki a lehet\u0151s\u00e9get, hogy kedvez\u0151 felt\u00e9telekkel rendelje meg az ARYMI IFun 28000 cigarett\u00e1t \u00e9s m\u00e1s legjobb m\u00e1rk\u00e1kat.<\/p>\n<p><img loading=\"lazy\" decoding=\"async\" class=\"alignnone wp-image-21765 size-full\" src=\"https:\/\/widevape.com\/wp-content\/uploads\/2025\/02\/ARYMI_IFun_28000-1.webp\" alt=\"ARYMI IFun 28000 Z\u00fcge \u2013 Dual-Mesh-Dual-Pod-System, 5 % Nikotin, Gro\u00dfhandel &amp; Wiederaufladbare Einweg-Vape-Pens  becomes ARYMI IFun 28000 h\u00faz\u00e1sok \u2013 Dual-Mesh-Dual-Pod rendszer, 5 % nikotin, nagykereskedelem \u00e9s \u00fajrat\u00f6lthet\u0151 eldobhat\u00f3 vape tollak\" width=\"1618\" height=\"1534\" srcset=\"https:\/\/widevape.com\/wp-content\/uploads\/2025\/02\/ARYMI_IFun_28000-1.webp 1618w, https:\/\/widevape.com\/wp-content\/uploads\/2025\/02\/ARYMI_IFun_28000-1-510x484.webp 510w, https:\/\/widevape.com\/wp-content\/uploads\/2025\/02\/ARYMI_IFun_28000-1-300x284.webp 300w, https:\/\/widevape.com\/wp-content\/uploads\/2025\/02\/ARYMI_IFun_28000-1-1024x971.webp 1024w, https:\/\/widevape.com\/wp-content\/uploads\/2025\/02\/ARYMI_IFun_28000-1-768x728.webp 768w, https:\/\/widevape.com\/wp-content\/uploads\/2025\/02\/ARYMI_IFun_28000-1-1536x1456.webp 1536w\" sizes=\"auto, (max-width: 1618px) 100vw, 1618px\" \/><\/p>","protected":false},"excerpt":{"rendered":"<p>A\u00a0<strong>ARYMI IFun 28000 vonatok<\/strong>\u00a0Egy kiv\u00e1l\u00f3 min\u0151s\u00e9g\u0171, \u00fajrat\u00f6lthet\u0151 egyszerhaszn\u00e1latos vape 28 000 sz\u00edv\u00e1ssal, kett\u0151s h\u00e1l\u00f3sz\u00f6vet \u00e9s 12 egyedi \u00edzes\u00edt\u00e9s - t\u00f6k\u00e9letes nagykeresked\u0151knek \u00e9s vape rajong\u00f3knak, akik \u00e9rt\u00e9kelik a tart\u00f3ss\u00e1got \u00e9s az \u00edzvari\u00e1ci\u00f3t.<\/p>","protected":false},"featured_media":21767,"comment_status":"open","ping_status":"closed","template":"","meta":[],"product_brand":[],"product_cat":[151,150,92,93,37,94,90,96],"product_tag":[],"class_list":{"0":"post-21737","1":"product","2":"type-product","3":"status-publish","4":"has-post-thumbnail","6":"product_cat-28000-zuege-einweg-e-zigaretten","7":"product_cat-arymi-einweg-e-zigaretten","8":"product_cat-digitale-box-einweg-e-zigaretten","9":"product_cat-dual-mesh-einweg-e-zigaretten","10":"product_cat-einweg-e-zigaretten","11":"product_cat-einweg-e-zigaretten-mit-niedriger-nikotinstaerke","12":"product_cat-grosse-einweg-e-zigaretten","13":"product_cat-wiederaufladbare-einweg-e-zigaretten","15":"first","16":"outofstock","17":"shipping-taxable","18":"product-type-variable"},"_links":{"self":[{"href":"https:\/\/widevape.com\/hu\/wp-json\/wp\/v2\/product\/21737","targetHints":{"allow":["GET"]}}],"collection":[{"href":"https:\/\/widevape.com\/hu\/wp-json\/wp\/v2\/product"}],"about":[{"href":"https:\/\/widevape.com\/hu\/wp-json\/wp\/v2\/types\/product"}],"replies":[{"embeddable":true,"href":"https:\/\/widevape.com\/hu\/wp-json\/wp\/v2\/comments?post=21737"}],"wp:featuredmedia":[{"embeddable":true,"href":"https:\/\/widevape.com\/hu\/wp-json\/wp\/v2\/media\/21767"}],"wp:attachment":[{"href":"https:\/\/widevape.com\/hu\/wp-json\/wp\/v2\/media?parent=21737"}],"wp:term":[{"taxonomy":"product_brand","embeddable":true,"href":"https:\/\/widevape.com\/hu\/wp-json\/wp\/v2\/product_brand?post=21737"},{"taxonomy":"product_cat","embeddable":true,"href":"https:\/\/widevape.com\/hu\/wp-json\/wp\/v2\/product_cat?post=21737"},{"taxonomy":"product_tag","embeddable":true,"href":"https:\/\/widevape.com\/hu\/wp-json\/wp\/v2\/product_tag?post=21737"}],"curies":[{"name":"wp","href":"https:\/\/api.w.org\/{rel}","templated":true}]}}