{"id":25791,"date":"2025-03-01T07:03:42","date_gmt":"2025-03-01T06:03:42","guid":{"rendered":"https:\/\/widevape.com\/?post_type=product&#038;p=25791"},"modified":"2026-04-18T14:18:38","modified_gmt":"2026-04-18T12:18:38","slug":"myde-ejszakai-klub-600-vonat-hordozhato-design-2-alacsony-nikotin-nagykereskedelem-eldobhato-vape-tollak-nagy-mennyisegben","status":"publish","type":"product","link":"https:\/\/widevape.com\/hu\/product\/myde-night-club-600-zuege-portables-design-2-niedriger-nikotin-grosshandel-einweg-vape-stifte-im-bulk\/","title":{"rendered":"MYDE Night Club 600 h\u00faz\u00f3port\u00e1s kialak\u00edt\u00e1s 2% Alacsony nikotin nagykereskedelmi eldobhat\u00f3 vape-tollak nagy mennyis\u00e9gben"},"content":{"rendered":"<div style=\"width: 1020px;\" class=\"wp-video\"><video class=\"wp-video-shortcode\" id=\"video-25791-1\" width=\"1020\" height=\"765\" preload=\"metadata\" controls=\"controls\"><source type=\"video\/mp4\" src=\"https:\/\/widevape.com\/wp-content\/uploads\/2025\/03\/MYDE-Night-Club-600.mp4?_=1\" \/><a href=\"https:\/\/widevape.com\/wp-content\/uploads\/2025\/03\/MYDE-Night-Club-600.mp4\">https:\/\/widevape.com\/wp-content\/uploads\/2025\/03\/MYDE-Night-Club-600.mp4<\/a><\/video><\/div>\n<h2 class=\"mb-2 mt-6 text-lg font-[500] first:mt-3\">Einf\u00fchrung in <a href=\"https:\/\/widevape.com\/product-category\/myde-einweg-e-zigaretten\/\">MYDE<\/a> Night Club 600 Z\u00fcge Einweg-Vapes<\/h2>\n<p class=\"my-0\">Die\u00a0<strong>MYDE Night Club 600 Z\u00fcge<\/strong>\u00a0Einweg-Vapes sind innovative Produkte, die f\u00fcr ein nahtloses Vaping-Erlebnis konzipiert wurden. Mit ihrem schlanken, portablen Design und fortschrittlichen Funktionen sind sie eine Top-Wahl f\u00fcr sowohl gelegentliche als auch h\u00e4ufige Nutzer. Diese Ger\u00e4te sind Teil unseres umfangreichen Angebots an Einweg-Vapes, das auf unserer Website\u00a0<strong>widevape.com<\/strong>\u00a0f\u00fcr den Gro\u00dfhandel erh\u00e4ltlich ist. Wir sind die gr\u00f6\u00dfte Online-Plattform f\u00fcr den Gro\u00dfhandel von Einweg-Vapes in den Niederlanden, Deutschland, Belgien und Spanien.<\/p>\n<h2 class=\"mb-xs mt-5 text-base font-[525] first:mt-3\">Schl\u00fcsselmerkmale der MYDE Night Club <a href=\"https:\/\/widevape.com\/product-category\/einweg-e-zigaretten-nach-zuegen\/600-zuege-einweg-e-zigaretten\/\">600 Z\u00fcge<\/a><\/h2>\n<ul class=\"marker:text-textOff list-disc\">\n<li>\n<p class=\"my-0\"><strong>Tragbares Design<\/strong>: Kompakt und leicht, perfekt f\u00fcr den Gebrauch unterwegs.<\/p>\n<\/li>\n<li>\n<p class=\"my-0\"><strong>Gro\u00dfe Batteriekapazit\u00e4t<\/strong>: 400mAh-Batterie f\u00fcr lange Nutzung ohne h\u00e4ufiges Aufladen.<\/p>\n<\/li>\n<li>\n<p class=\"my-0\"><strong>Vorgef\u00fclltes E-Liquid<\/strong>: 2.0ml Kapazit\u00e4t bietet bis zu 600 Z\u00fcge pro Ger\u00e4t.<\/p>\n<\/li>\n<li>\n<p class=\"my-0\"><strong>Fortschrittlicher Netzwerk-Coil<\/strong>: 1.2\u03a9 Widerstand f\u00fcr gleichm\u00e4\u00dfige Erhitzung und verbesserten Geschmack.<\/p>\n<\/li>\n<li>\n<p class=\"my-0\"><strong>Niedriger Nikotin-Gehalt<\/strong>: 2% Nikotinkonzentration, ideal f\u00fcr Nutzer, die eine sanfte Erfahrung bevorzugen.<\/p>\n<\/li>\n<li>\n<p class=\"my-0\"><strong>Gro\u00dfhandelsverpackung<\/strong>: Jede Schachtel enth\u00e4lt 10 Einheiten, mit 300 Einheiten pro Karton, ideal f\u00fcr Gro\u00dfbestellungen.<\/p>\n<\/li>\n<\/ul>\n<h2 class=\"mb-2 mt-6 text-lg font-[500] first:mt-3\">Geschmacksrichtungen der MYDE Night Club 600 Z\u00fcge<\/h2>\n<p class=\"my-0\">Die\u00a0<strong>MYDE Night Club 600 Z\u00fcge<\/strong>\u00a0Einweg-Vapes sind in einer Vielzahl von Geschmacksrichtungen erh\u00e4ltlich, jede sorgf\u00e4ltig entwickelt, um eine einzigartige und angenehme Erfahrung zu bieten:<\/p>\n<ol class=\"marker:text-textOff list-decimal\">\n<li>\n<p class=\"my-0\"><strong>Watermelon Bubblegum<\/strong>: Diese Geschmacksrichtung kombiniert die S\u00fc\u00dfe von Wassermelone mit dem nostalgischen Geschmack von Bubblegum, was eine erfrischende und spielerische Erfahrung schafft.<\/p>\n<\/li>\n<li>\n<p class=\"my-0\"><strong>Sour Apple<\/strong>: Bietet einen knackigen und sauren Apfelgeschmack, der eine erfrischende Erfahrung bietet, ideal f\u00fcr diejenigen, die ein bisschen S\u00e4ure m\u00f6gen.<\/p>\n<\/li>\n<li>\n<p class=\"my-0\"><strong>Strawberry Burst<\/strong>: Reichhaltiger Erdbeergeschmack, der s\u00fc\u00df und saftig ist, ideal f\u00fcr Fans von fruchtigen und intensiven Geschmacksrichtungen.<\/p>\n<\/li>\n<li>\n<p class=\"my-0\"><strong>Blue Raspberr<\/strong>: S\u00fc\u00dfe und leicht s\u00e4uerliche blaue Himbeeren-Mischung, die erfrischend und appetitlich ist.<\/p>\n<\/li>\n<li>\n<p class=\"my-0\"><strong>Triple Mango<\/strong>: Eine tropische Mischung aus drei verschiedenen Mangogeschmacksrichtungen, die eine reiche und s\u00fc\u00dfe Erfahrung bietet.<\/p>\n<\/li>\n<li>\n<p class=\"my-0\"><strong>Lemon &amp; Lime<\/strong>: Eine zitrusartige Kombination von Zitronen und Limetten, die eine erfrischende und anregende Geschmacksrichtung bietet.<\/p>\n<\/li>\n<li>\n<p class=\"my-0\"><strong>Blueberry Cherry Cranberry<\/strong>: Eine einzigartige Fusion aus Blaubeeren, Kirschen und Vaccinium, die ein ausgewogenes s\u00fc\u00df-s\u00e4uerliches Geschmacksprofil bietet.<\/p>\n<\/li>\n<li>\n<p class=\"my-0\"><strong>Mint<\/strong>: Bietet einen erfrischenden Minzgeschmack, ideal f\u00fcr diejenigen, die eine k\u00fchlende Erfahrung suchen.<\/p>\n<\/li>\n<li>\n<p class=\"my-0\"><strong>Mixed Berries<\/strong>: Eine reichhaltige Mischung aus verschiedenen Beeren, ideal f\u00fcr Frucht-Liebhaber, die eine vielf\u00e4ltige Geschmackserfahrung bevorzugen.<\/p>\n<\/li>\n<li>\n<p class=\"my-0\"><strong>Gummy Bear<\/strong>: S\u00fc\u00dfe und spielerische Frucht-Weichkaramell-Geschmacksrichtung, die Erinnerungen an die Kindheit hervorruft.<\/p>\n<\/li>\n<\/ol>\n<h2 class=\"mb-2 mt-6 text-lg font-[500] first:mt-3\">Kauf der MYDE Night Club 600 Z\u00fcge <a href=\"https:\/\/widevape.com\/\">Einweg-Vapes<\/a><\/h2>\n<p class=\"my-0\">F\u00fcr diejenigen, die die\u00a0<strong>MYDE Night Club 600 Z\u00fcge<\/strong>\u00a0Einweg-Vapes kaufen m\u00f6chten, bietet\u00a0<strong>widevape.com<\/strong>\u00a0die besten Gro\u00dfhandelsm\u00f6glichkeiten. Als gr\u00f6\u00dfte Online-Plattform f\u00fcr den Gro\u00dfhandel von Einweg-Vapes in den Niederlanden, Deutschland, Belgien und Spanien bieten wir ein breites Sortiment an Marken und Geschmacksrichtungen, darunter\u00a0<strong>RandM Tornado<\/strong>,\u00a0<strong>FIZZY<\/strong>,\u00a0<strong>Al Fakher<\/strong>,\u00a0<strong>Waspe<\/strong>,\u00a0<strong>Vapme<\/strong>,\u00a0<strong>Bang Box<\/strong>,\u00a0<strong>Bang King<\/strong>,\u00a0<strong>Doloda<\/strong>,\u00a0<strong>Elf Box<\/strong>,\u00a0<strong>Vapsolo<\/strong>,\u00a0<strong>FluuM<\/strong>,\u00a0<strong>BIMO<\/strong>,\u00a0<strong>Smokman<\/strong>,\u00a0<strong>Kangertech<\/strong>,\u00a0<strong>Aupo<\/strong>,\u00a0<strong>Old School<\/strong>,\u00a0<strong>Waspe<\/strong>,\u00a0<strong>Vapsolo<\/strong>\u00a0und\u00a0<strong>SFOG<\/strong>. Unsere Plattform gew\u00e4hrleistet schnellen und versicherten Versand in alle EU-L\u00e4nder, was sie zur bevorzugten Adresse f\u00fcr Einzelh\u00e4ndler und Gro\u00dfh\u00e4ndler macht.<\/p>\n<h2 class=\"mb-xs mt-5 text-base font-[525] first:mt-3\">Zahlungsm\u00f6glichkeiten<\/h2>\n<p class=\"my-0\">Wir bieten eine Vielzahl von Zahlungsmethoden, um unterschiedliche Vorlieben zu bedienen. Sie k\u00f6nnen mit\u00a0<strong>PayPal<\/strong>,\u00a0<strong>Kreditkarten<\/strong>,\u00a0<strong>iDEAL<\/strong>\u00a0f\u00fcr niederl\u00e4ndische Kunden,\u00a0<strong>Bancontact<\/strong>\u00a0f\u00fcr belgische Kunden und\u00a0<strong>SEPA-Bank\u00fcberweisungen<\/strong>\u00a0f\u00fcr Transaktionen in ganz Europa bezahlen.<\/p>\n<h2 class=\"mb-2 mt-6 text-lg font-[500] first:mt-3\">Fazit<\/h2>\n<p class=\"my-0\">Die\u00a0<strong>MYDE Night Club 600 Z\u00fcge<\/strong>\u00a0Einweg-Vapes sind eine hervorragende Wahl f\u00fcr alle, die ein bequemes und geschmackvolles Vaping-Erlebnis suchen. Mit ihren fortschrittlichen Funktionen und vielf\u00e4ltigen Geschmacksrichtungen sind sie ideal f\u00fcr den pers\u00f6nlichen Gebrauch und den Gro\u00dfhandel. Besuchen Sie\u00a0<a href=\"https:\/\/widevape.com\/\"><strong>widevape.com<\/strong><\/a>\u00a0heute, um unser umfangreiches Sortiment an<a href=\"https:\/\/widevape.com\/\"> Einweg-Vapes<\/a> zu erkunden und von unseren Gro\u00dfhandelsrabatten zu profitieren.<\/p>\n<p><img loading=\"lazy\" decoding=\"async\" class=\"alignnone wp-image-25806 size-full\" src=\"https:\/\/widevape.com\/wp-content\/uploads\/2025\/03\/MYDE_Night_Club_600-2.webp\" alt=\"MYDE Night Club 600 Z\u00fcge Portables Design 2% Niedriger Nikotin Gro\u00dfhandel Einweg-Vape-Stifte im Bulk\" width=\"1060\" height=\"636\" srcset=\"https:\/\/widevape.com\/wp-content\/uploads\/2025\/03\/MYDE_Night_Club_600-2.webp 1060w, https:\/\/widevape.com\/wp-content\/uploads\/2025\/03\/MYDE_Night_Club_600-2-510x306.webp 510w, https:\/\/widevape.com\/wp-content\/uploads\/2025\/03\/MYDE_Night_Club_600-2-300x180.webp 300w, https:\/\/widevape.com\/wp-content\/uploads\/2025\/03\/MYDE_Night_Club_600-2-1024x614.webp 1024w, https:\/\/widevape.com\/wp-content\/uploads\/2025\/03\/MYDE_Night_Club_600-2-768x461.webp 768w\" sizes=\"auto, (max-width: 1060px) 100vw, 1060px\" \/> <img loading=\"lazy\" decoding=\"async\" class=\"alignnone wp-image-25804 size-full\" src=\"https:\/\/widevape.com\/wp-content\/uploads\/2025\/03\/MYDE_Night_Club_600-1.webp\" alt=\"MYDE Night Club 600 Z\u00fcge Portables Design 2% Niedriger Nikotin Gro\u00dfhandel Einweg-Vape-Stifte im Bulk\" width=\"1060\" height=\"636\" srcset=\"https:\/\/widevape.com\/wp-content\/uploads\/2025\/03\/MYDE_Night_Club_600-1.webp 1060w, https:\/\/widevape.com\/wp-content\/uploads\/2025\/03\/MYDE_Night_Club_600-1-510x306.webp 510w, https:\/\/widevape.com\/wp-content\/uploads\/2025\/03\/MYDE_Night_Club_600-1-300x180.webp 300w, https:\/\/widevape.com\/wp-content\/uploads\/2025\/03\/MYDE_Night_Club_600-1-1024x614.webp 1024w, https:\/\/widevape.com\/wp-content\/uploads\/2025\/03\/MYDE_Night_Club_600-1-768x461.webp 768w\" sizes=\"auto, (max-width: 1060px) 100vw, 1060px\" \/> \u00a0<img loading=\"lazy\" decoding=\"async\" class=\"alignnone wp-image-25802 size-full\" src=\"https:\/\/widevape.com\/wp-content\/uploads\/2025\/03\/MYDE_Night_Club_600.webp\" alt=\"MYDE Night Club 600 Z\u00fcge Portables Design 2% Niedriger Nikotin Gro\u00dfhandel Einweg-Vape-Stifte im Bulk\" width=\"1060\" height=\"636\" srcset=\"https:\/\/widevape.com\/wp-content\/uploads\/2025\/03\/MYDE_Night_Club_600.webp 1060w, https:\/\/widevape.com\/wp-content\/uploads\/2025\/03\/MYDE_Night_Club_600-510x306.webp 510w, https:\/\/widevape.com\/wp-content\/uploads\/2025\/03\/MYDE_Night_Club_600-300x180.webp 300w, https:\/\/widevape.com\/wp-content\/uploads\/2025\/03\/MYDE_Night_Club_600-1024x614.webp 1024w, https:\/\/widevape.com\/wp-content\/uploads\/2025\/03\/MYDE_Night_Club_600-768x461.webp 768w\" sizes=\"auto, (max-width: 1060px) 100vw, 1060px\" \/><\/p>\n<p><img decoding=\"async\" src=\"https:\/\/widevape.com\/wp-content\/uploads\/2025\/03\/MYDE_Night_Club_600-11.webp\" alt=\"MYDE Night Club 600 Z\u00fcge Portables Design 2% Niedriger Nikotin Gro\u00dfhandel Einweg-Vape-Stifte im Bulk\" \/><\/p>\n","protected":false},"excerpt":{"rendered":"<p>A \n(nincs t\u00f6bb ford\u00edt\u00e1s)\u00a0<strong>MYDE Night Club 600 Z\u00fcge \n\n(Mivel a \"MYDE\" \u00e9s a \"Night Club\" tulajdonneveknek t\u0171nnek, valamint a \"600 Z\u00fcge\" sz\u00e1mokat tartalmaz, a ford\u00edt\u00e1s sz\u00f3 szerinti marad.)\n\nMYDE Night Club 600 h\u00faz\u00e1s<\/strong>\u00a0Egyszer haszn\u00e1latos vape term\u00e9kek k\u00edn\u00e1lnak egy z\u00f6kken\u0151mentes vaporiz\u00e1ci\u00f3s \u00e9lm\u00e9nyt fejlett funkci\u00f3kkal, mint p\u00e9ld\u00e1ul nagy akkumul\u00e1torkapacit\u00e1s, el\u0151re t\u00f6lt\u00f6tt e-folyad\u00e9k \u00e9s alacsony nikotintartalom, valamint sz\u00e1mos \u00edzes\u00edt\u00e9si lehet\u0151s\u00e9g, ide\u00e1lis nagykereskedelmi \u00e9rt\u00e9kes\u00edt\u00e9sre.\u00a0<strong>widevape.com<\/strong>.<\/p>","protected":false},"featured_media":25803,"comment_status":"open","ping_status":"closed","template":"","meta":[],"product_brand":[],"product_cat":[115,91,37,94,95,55],"product_tag":[],"class_list":{"0":"post-25791","1":"product","2":"type-product","3":"status-publish","4":"has-post-thumbnail","6":"product_cat-600-zuege-einweg-e-zigaretten","7":"product_cat-crystal-einweg-e-zigaretten","8":"product_cat-einweg-e-zigaretten","9":"product_cat-einweg-e-zigaretten-mit-niedriger-nikotinstaerke","10":"product_cat-mini-einweg-e-zigaretten","11":"product_cat-myde-einweg-e-zigaretten","13":"first","14":"instock","15":"shipping-taxable","16":"purchasable","17":"product-type-variable"},"_links":{"self":[{"href":"https:\/\/widevape.com\/hu\/wp-json\/wp\/v2\/product\/25791","targetHints":{"allow":["GET"]}}],"collection":[{"href":"https:\/\/widevape.com\/hu\/wp-json\/wp\/v2\/product"}],"about":[{"href":"https:\/\/widevape.com\/hu\/wp-json\/wp\/v2\/types\/product"}],"replies":[{"embeddable":true,"href":"https:\/\/widevape.com\/hu\/wp-json\/wp\/v2\/comments?post=25791"}],"wp:featuredmedia":[{"embeddable":true,"href":"https:\/\/widevape.com\/hu\/wp-json\/wp\/v2\/media\/25803"}],"wp:attachment":[{"href":"https:\/\/widevape.com\/hu\/wp-json\/wp\/v2\/media?parent=25791"}],"wp:term":[{"taxonomy":"product_brand","embeddable":true,"href":"https:\/\/widevape.com\/hu\/wp-json\/wp\/v2\/product_brand?post=25791"},{"taxonomy":"product_cat","embeddable":true,"href":"https:\/\/widevape.com\/hu\/wp-json\/wp\/v2\/product_cat?post=25791"},{"taxonomy":"product_tag","embeddable":true,"href":"https:\/\/widevape.com\/hu\/wp-json\/wp\/v2\/product_tag?post=25791"}],"curies":[{"name":"wp","href":"https:\/\/api.w.org\/{rel}","templated":true}]}}