{"id":26481,"date":"2025-03-03T04:27:51","date_gmt":"2025-03-03T03:27:51","guid":{"rendered":"https:\/\/widevape.com\/?post_type=product&#038;p=26481"},"modified":"2026-04-18T14:18:23","modified_gmt":"2026-04-18T12:18:23","slug":"veletlenszeru-digitalis-doboz-12000-huz-e-cigaretta-led-kijelzo-0-2-3-5-nikotin-ujratoeltheto-nagykereskedelem-eldobhato-vape","status":"publish","type":"product","link":"https:\/\/widevape.com\/hu\/product\/randm-digital-box-12000-zuege-e-zigarette-led-anzeige-0-2-3-5-nikotin-aufladbar-grosshandel-einweg-vape\/","title":{"rendered":"Randm Digit\u00e1lis Doboz 12000 h\u00faz\u00e1sok E-cigaretta | LED kijelz\u0151 | 0%, 2%, 3%, 5% Nikotin | \u00dajrat\u00f6lthet\u0151 | Nagykereskedelmi eldobhat\u00f3 Vape"},"content":{"rendered":"<div style=\"width: 1020px;\" class=\"wp-video\"><video class=\"wp-video-shortcode\" id=\"video-26481-1\" width=\"1020\" height=\"574\" preload=\"metadata\" controls=\"controls\"><source type=\"video\/mp4\" src=\"https:\/\/widevape.com\/wp-content\/uploads\/2025\/03\/RandM-Digital-Box-12000.mp4?_=1\" \/><a href=\"https:\/\/widevape.com\/wp-content\/uploads\/2025\/03\/RandM-Digital-Box-12000.mp4\">https:\/\/widevape.com\/wp-content\/uploads\/2025\/03\/RandM-Digital-Box-12000.mp4<\/a><\/video><\/div>\n<h2 class=\"mb-2 mt-6 text-lg font-[500] first:mt-3\">Einf\u00fchrung in die<a href=\"https:\/\/widevape.com\/product-category\/randm-tornado-einweg-e-zigaretten\/\"> Randm<\/a> Digital Box 12000 Z\u00fcge<\/h2>\n<p class=\"my-0\">Die\u00a0<strong>Randm Digital Box 12000 Z\u00fcge<\/strong>\u00a0ist eine revolution\u00e4re Einweg-E-Zigarette, die ein unvergleichliches Dampferlebnis bietet. Mit ihrem schlanken Design und fortschrittlichen Funktionen ist dieses Ger\u00e4t ideal f\u00fcr Anf\u00e4nger und erfahrene Dampfer. Bei\u00a0<strong>widevape.com<\/strong>\u00a0spezialisieren wir uns auf die Bereitstellung hochwertiger Einweg-E-Zigaretten, darunter die Randm Digital Box 12000 Z\u00fcge, f\u00fcr den europ\u00e4ischen Markt, insbesondere Deutschland, die Niederlande, Belgien und Spanien.<\/p>\n<h2 class=\"mb-2 mt-6 text-lg font-[500] first:mt-3\">Randm Digital Box <a href=\"https:\/\/widevape.com\/product-category\/einweg-e-zigaretten-nach-zuegen\/12000-zuege-einweg-e-zigaretten\/\">12000 Z\u00fcge<\/a>: Was sie so besonders macht<\/h2>\n<p class=\"my-0\">Die\u00a0<strong>Randm Digital Box 12000 Z\u00fcge<\/strong> wurde entwickelt, um dir das bestm\u00f6gliche Dampferlebnis zu bieten. Hier sind die Highlights:<\/p>\n<ul class=\"marker:text-textOff list-disc\">\n<li>\n<p class=\"my-0\"><strong>Extrem lange Haltbarkeit:<\/strong>\u00a0Bis zu 12000 Z\u00fcge \u2013 perfekt f\u00fcr unterwegs und lange Sessions.<\/p>\n<\/li>\n<li>\n<p class=\"my-0\"><strong>Riesiger Tank:<\/strong>\u00a020 ml Liquid f\u00fcr ausgiebiges Dampfvergn\u00fcgen ohne st\u00e4ndiges Nachf\u00fcllen.<\/p>\n<\/li>\n<li>\n<p class=\"my-0\"><strong>Verschiedene Nikotinst\u00e4rken:<\/strong>\u00a0W\u00e4hle zwischen 0%, 2%, 3% und 5% Nikotin, um deine perfekte St\u00e4rke zu finden.<\/p>\n<\/li>\n<li>\n<p class=\"my-0\"><strong>Intelligentes LED-Display:<\/strong>\u00a0Zeigt dir jederzeit Akkustand und Liquidlevel an.<\/p>\n<\/li>\n<li>\n<p class=\"my-0\"><strong>Aufladbar:<\/strong>\u00a0Mit dem integrierten 850 mAh Akku und dem USB-C Anschluss kannst du die Randm Digital Box 12000 Z\u00fcge ganz einfach wieder aufladen. Das schont die Umwelt und deinen Geldbeutel!<\/p>\n<\/li>\n<\/ul>\n<h2 class=\"mb-2 mt-6 text-lg font-[500] first:mt-3\">Randm Digital Box 12000 Z\u00fcge: Eine Geschmacksexplosion f\u00fcr deine Sinne<\/h2>\n<p class=\"my-0\">Die Randm Digital Box 12000 Z\u00fcge bietet dir eine unglaubliche Vielfalt an Aromen. Hier eine detaillierte Beschreibung aller 48 Geschmacksrichtungen:<\/p>\n<ol class=\"marker:text-textOff list-decimal\">\n<li>\n<p class=\"my-0\"><strong>Apple Berry Blast:<\/strong> Eine lebendige Mischung aus Apfel- und Beerenaromen f\u00fcr ein s\u00fc\u00df-s\u00e4uerliches Geschmackserlebnis.<\/p>\n<\/li>\n<li>\n<p class=\"my-0\"><strong>Apple Cinnamon:<\/strong>\u00a0Der warme, w\u00fcrzige Duft von Zimt trifft auf die S\u00fc\u00dfe reifer \u00c4pfel \u2013 ein Klassiker!<\/p>\n<\/li>\n<li>\n<p class=\"my-0\"><strong>Banana Ice:<\/strong>\u00a0Cremige Banane mit einem Hauch von erfrischendem Menthol.<\/p>\n<\/li>\n<li>\n<p class=\"my-0\"><strong>Berry Lemonade:<\/strong>\u00a0Spritzige Limonade mit einem Mix aus verschiedenen Beeren.<\/p>\n<\/li>\n<li>\n<p class=\"my-0\"><strong>Bingo Crush:<\/strong>\u00a0Eine geheimnisvolle und aufregende Mischung aus exotischen Fr\u00fcchten.<\/p>\n<\/li>\n<li>\n<p class=\"my-0\"><strong>Black Ice:<\/strong>\u00a0Dunkle, reife Brombeeren kombiniert mit eisiger Frische.<\/p>\n<\/li>\n<li>\n<p class=\"my-0\"><strong>Blue Razz Lemonade:<\/strong>\u00a0Blaue Himbeere trifft auf prickelnde Limonade \u2013 einfach unwiderstehlich!<\/p>\n<\/li>\n<li>\n<p class=\"my-0\"><strong>Blueberry Bubblegum:<\/strong>\u00a0Der s\u00fc\u00dfe Geschmack von Blaubeeren in Kombination mit dem nostalgischen Aroma von Kaugummi.<\/p>\n<\/li>\n<li>\n<p class=\"my-0\"><strong>Blueberry Cherry Cranberry:<\/strong>\u00a0Ein Trio aus Blaubeeren, Kirschen und Cranberries sorgt f\u00fcr ein komplexes und fruchtiges Geschmackserlebnis.<\/p>\n<\/li>\n<li>\n<p class=\"my-0\"><strong>Blueberry Kiwi:<\/strong>\u00a0S\u00fc\u00dfe Blaubeeren und saftige Kiwis \u2013 eine perfekte Kombination.<\/p>\n<\/li>\n<li>\n<p class=\"my-0\"><strong>Blueberry on Ice:<\/strong>\u00a0Saftige Blaubeeren mit einem eisigen Hauch.<\/p>\n<\/li>\n<li>\n<p class=\"my-0\"><strong>Blueberry Raspberry:<\/strong>\u00a0Der perfekte Mix aus s\u00fc\u00dfen Blaubeeren und leicht s\u00e4uerlichen Himbeeren.<\/p>\n<\/li>\n<li>\n<p class=\"my-0\"><strong>Bluesour Raspberry:<\/strong>Eine s\u00e4uerliche Variante der klassischen Himbeere f\u00fcr ein spritziges Dampferlebnis.<\/p>\n<\/li>\n<li>\n<p class=\"my-0\"><strong>Cherry:<\/strong>\u00a0Der klassische Geschmack von s\u00fc\u00dfen, reifen Kirschen.<\/p>\n<\/li>\n<li>\n<p class=\"my-0\"><strong>Cherry Berry:<\/strong>\u00a0Eine Kombination aus verschiedenen Beeren, abgerundet mit dem Geschmack von s\u00fc\u00dfen Kirschen.<\/p>\n<\/li>\n<li>\n<p class=\"my-0\"><strong>Cherry Cola:<\/strong>\u00a0Der Geschmack von spritziger Cola, verfeinert mit dem Aroma von Kirschen.<\/p>\n<\/li>\n<li>\n<p class=\"my-0\"><strong>Cool Mint:<\/strong>\u00a0Erfrischende Minze f\u00fcr einen k\u00fchlen Atem.<\/p>\n<\/li>\n<li>\n<p class=\"my-0\"><strong>Dr Blue:<\/strong>\u00a0Eine geheimnisvolle Mischung aus verschiedenen Beeren und einem Hauch von Menthol.<\/p>\n<\/li>\n<li>\n<p class=\"my-0\"><strong>Dragonfruit Ice:<\/strong>\u00a0Exotische Drachenfrucht mit einem eisigen Kick.<\/p>\n<\/li>\n<li>\n<p class=\"my-0\"><strong>Fruity Fusion:<\/strong>\u00a0Eine bunte Mischung aus verschiedenen tropischen Fr\u00fcchten.<\/p>\n<\/li>\n<li>\n<p class=\"my-0\"><strong>Grape Ice:<\/strong>\u00a0S\u00fc\u00dfe, saftige Trauben mit einem erfrischenden Hauch von Eis.<\/p>\n<\/li>\n<li>\n<p class=\"my-0\"><strong>Grape Mint:<\/strong>\u00a0Der s\u00fc\u00dfe Geschmack von Trauben, kombiniert mit erfrischender Minze.<\/p>\n<\/li>\n<li>\n<p class=\"my-0\"><strong>Ice Pop:<\/strong>\u00a0Der Geschmack von erfrischendem Wassereis aus deiner Kindheit.<\/p>\n<\/li>\n<li>\n<p class=\"my-0\"><strong>Kiwi Passion Fruit Guava:<\/strong>\u00a0Ein tropischer Cocktail aus Kiwi, Passionsfrucht und Guave.<\/p>\n<\/li>\n<li>\n<p class=\"my-0\"><strong>Lemon &amp; Lime:<\/strong>\u00a0Spritzige Zitrone und Limette f\u00fcr einen erfrischenden Dampf.<\/p>\n<\/li>\n<li>\n<p class=\"my-0\"><strong>Love 66:<\/strong>\u00a0Eine geheimnisvolle und exotische Mischung aus verschiedenen Fr\u00fcchten und einem Hauch von Minze.<\/p>\n<\/li>\n<li>\n<p class=\"my-0\"><strong>Lush Ice:<\/strong>\u00a0Saftige Wassermelone mit einem erfrischenden Hauch von Eis.<\/p>\n<\/li>\n<li>\n<p class=\"my-0\"><strong>Mango On Ice:<\/strong>\u00a0S\u00fc\u00dfe, reife Mango mit einem erfrischenden Hauch von Eis.<\/p>\n<\/li>\n<li>\n<p class=\"my-0\"><strong>Mixed Berries:<\/strong>\u00a0Eine Mischung aus verschiedenen Waldbeeren.<\/p>\n<\/li>\n<li>\n<p class=\"my-0\"><strong>Peach Ice:<\/strong>\u00a0S\u00fc\u00dfer, reifer Pfirsich mit einem erfrischenden Hauch von Eis.<\/p>\n<\/li>\n<li>\n<p class=\"my-0\"><strong>Peach Mango:<\/strong>\u00a0Saftiger Pfirsich kombiniert mit s\u00fc\u00dfer Mango.<\/p>\n<\/li>\n<li>\n<p class=\"my-0\"><strong>Pineapple Ice:<\/strong>\u00a0Exotische Ananas mit einem erfrischenden Hauch von Eis.<\/p>\n<\/li>\n<li>\n<p class=\"my-0\"><strong>Pink Lemonade:<\/strong>\u00a0Der Geschmack von erfrischender, pinker Limonade.<\/p>\n<\/li>\n<li>\n<p class=\"my-0\"><strong>Raspberry Watermelon:<\/strong>\u00a0Saure Himbeeren kombiniert mit saftiger Wassermelone.<\/p>\n<\/li>\n<li>\n<p class=\"my-0\"><strong>Red Apple Ice:<\/strong>\u00a0Knackiger, roter Apfel mit einem erfrischenden Hauch von Eis.<\/p>\n<\/li>\n<li>\n<p class=\"my-0\"><strong>Red Energy Ice:<\/strong>\u00a0Der Geschmack von Energy-Drink mit einem erfrischenden Hauch von Eis.<\/p>\n<\/li>\n<li>\n<p class=\"my-0\"><strong>Strawberry Banana:<\/strong>\u00a0S\u00fc\u00dfe Erdbeeren und cremige Banane \u2013 eine perfekte Kombination.<\/p>\n<\/li>\n<li>\n<p class=\"my-0\"><strong>Strawberry Donut:<\/strong>\u00a0Der Geschmack von einem s\u00fc\u00dfen Erdbeer-Donut.<\/p>\n<\/li>\n<li>\n<p class=\"my-0\"><strong>Strawberry Grape:<\/strong>\u00a0S\u00fc\u00dfe Erdbeeren kombiniert mit saftigen Trauben.<\/p>\n<\/li>\n<li>\n<p class=\"my-0\"><strong>Strawberry Ice:<\/strong>\u00a0S\u00fc\u00dfe Erdbeeren mit einem erfrischenden Hauch von Eis.<\/p>\n<\/li>\n<li>\n<p class=\"my-0\"><strong>Strawberry Kiwi:<\/strong>\u00a0S\u00fc\u00dfe Erdbeeren und exotische Kiwi \u2013 eine perfekte Kombination.<\/p>\n<\/li>\n<li>\n<p class=\"my-0\"><strong>Strawberry Pomp (Pomegranate):<\/strong>\u00a0S\u00fc\u00dfe Erdbeeren kombiniert mit dem leicht s\u00e4uerlichen Geschmack von Granatapfel.<\/p>\n<\/li>\n<li>\n<p class=\"my-0\"><strong>Strawberry Red Bull:<\/strong>\u00a0Der Geschmack von Energy-Drink, verfeinert mit s\u00fc\u00dfen Erdbeeren.<\/p>\n<\/li>\n<li>\n<p class=\"my-0\"><strong>Strawberry Watermelon:<\/strong>\u00a0S\u00fc\u00dfe Erdbeeren kombiniert mit saftiger Wassermelone.<\/p>\n<\/li>\n<li>\n<p class=\"my-0\"><strong>Two Apple:<\/strong>\u00a0Eine Mischung aus roten und gr\u00fcnen \u00c4pfeln.<\/p>\n<\/li>\n<li>\n<p class=\"my-0\"><strong>Vimto:<\/strong>\u00a0Saftige Wassermelone mit einem erfrischenden Hauch von Eis.<\/p>\n<\/li>\n<\/ol>\n<p>47.<strong>Watermelon Bubble Gum<\/strong>: Eine nostalgische Mischung aus Wassermelonen- und Kaugummiaromen, die an die Leckereien aus der Kindheit erinnert.<\/p>\n<p>48.<strong>Watermelon Ice<\/strong>: Eine k\u00fchle und erfrischende Variante der klassischen Wassermelone \u2013 perfekt f\u00fcr alle, die eisgek\u00fchlte Vapes m\u00f6gen.<\/p>\n<h2 class=\"mb-2 mt-6 text-lg font-[500] first:mt-3\">Warum <a href=\"https:\/\/widevape.com\/\">Widevape<\/a> f\u00fcr Ihre Einweg-E-Zigaretten-Bed\u00fcrfnisse w\u00e4hlen?<\/h2>\n<p class=\"my-0\">Bei\u00a0<strong>widevape.com<\/strong>\u00a0sind wir stolz darauf, die gr\u00f6\u00dfte Online-Gro\u00dfhandelsplattform f\u00fcr Einweg-E-Zigaretten in Europa zu sein, die Deutschland, die Niederlande, Belgien und Spanien bedient. Unser umfangreiches Sortiment umfasst Marken wie RandM Tornado, FIZZY, Al Fakher, Waspe, Vapme, Bang Box, Bang King, Doloda, Elf Box, Vapsolo, FluuM, BIMO, Smokman, Kangertech, Aupo, Old School und SFOG. Mit \u00fcber einem Jahrzehnt Erfahrung im Bereich bieten wir sowohl Einzel- als auch Gro\u00dfhandelsdienstleistungen an, um Ihnen die besten Produkte zu wettbewerbsf\u00e4higen Preisen anzubieten.<\/p>\n<h2 class=\"mb-xs mt-5 text-base font-[525] first:mt-3\">Zahlungsoptionen<\/h2>\n<p class=\"my-0\">Wir bieten eine Vielzahl von Zahlungsoptionen, um Ihren Einkaufsprozess reibungslos zu gestalten. Sie k\u00f6nnen mit PayPal, Kreditkarten, iDEAL (beliebt in den Niederlanden), Bancontact (beliebt in Belgien) und SEPA-Bank\u00fcberweisungen f\u00fcr Kunden in ganz Europa bezahlen.<\/p>\n<h2 class=\"mb-2 mt-6 text-lg font-[500] first:mt-3\">Fazit<\/h2>\n<p class=\"my-0\">Die\u00a0<strong>Randm Digital Box 12000 Z\u00fcge<\/strong>\u00a0ist eine hervorragende Wahl f\u00fcr alle, die nach einer zuverl\u00e4ssigen und funktionsreichen Einweg-E-Zigarette suchen. Mit ihrer langen Akkulaufzeit, dem gro\u00dfen Tankvolumen und der Vielzahl an Geschmacksrichtungen deckt sie alle Dampfbed\u00fcrfnisse ab. Besuchen Sie\u00a0<a href=\"https:\/\/widevape.com\/\"><strong>widevape.com<\/strong><\/a>\u00a0heute, um unsere umfangreiche Auswahl an Einweg-E-Zigaretten zu erkunden und die besten Mengenrabatte in Europa zu genie\u00dfen. Ob Sie H\u00e4ndler oder Verbraucher sind, wir haben Sie mit schnellem, versichertem Versand in alle EU-L\u00e4nder abgedeckt.<\/p>\n<p><img loading=\"lazy\" decoding=\"async\" class=\"alignnone wp-image-26497 size-full\" src=\"https:\/\/widevape.com\/wp-content\/uploads\/2025\/03\/Randm_Digital_Box_12000-18.webp\" alt=\"Randm Digital Box 12000 Z\u00fcge E-Zigarette | LED-Anzeige | 0%, 2%, 3%, 5% Nikotin | Aufladbar | Gro\u00dfhandel Einweg-Vape\" width=\"800\" height=\"800\" srcset=\"https:\/\/widevape.com\/wp-content\/uploads\/2025\/03\/Randm_Digital_Box_12000-18.webp 800w, https:\/\/widevape.com\/wp-content\/uploads\/2025\/03\/Randm_Digital_Box_12000-18-247x247.webp 247w, https:\/\/widevape.com\/wp-content\/uploads\/2025\/03\/Randm_Digital_Box_12000-18-100x100.webp 100w, https:\/\/widevape.com\/wp-content\/uploads\/2025\/03\/Randm_Digital_Box_12000-18-510x510.webp 510w, https:\/\/widevape.com\/wp-content\/uploads\/2025\/03\/Randm_Digital_Box_12000-18-300x300.webp 300w, https:\/\/widevape.com\/wp-content\/uploads\/2025\/03\/Randm_Digital_Box_12000-18-150x150.webp 150w, https:\/\/widevape.com\/wp-content\/uploads\/2025\/03\/Randm_Digital_Box_12000-18-768x768.webp 768w\" sizes=\"auto, (max-width: 800px) 100vw, 800px\" \/><\/p>\n","protected":false},"excerpt":{"rendered":"<p>A \n(nincs t\u00f6bb ford\u00edt\u00e1s)\u00a0<strong>Randm Digit\u00e1lis Doboz 12000 H\u00faz\u00e1s<\/strong>\u00a0egy innovat\u00edv, egyszer haszn\u00e1latos e-cigaretta, amely ak\u00e1r 12 000 sz\u00edv\u00e1st biztos\u00edt, nagy, 20 ml-es folyad\u00e9ktart\u00e1llyal, v\u00e1ltoz\u00f3 nikotintartalommal \u00e9s \u00fajrat\u00f6lthet\u0151 akkumul\u00e1torral, ide\u00e1lis az eur\u00f3pai piacra, k\u00fcl\u00f6n\u00f6sen N\u00e9metorsz\u00e1gba, Hollandi\u00e1ba, Belgiumba \u00e9s Spanyolorsz\u00e1gba.<\/p>","protected":false},"featured_media":26498,"comment_status":"open","ping_status":"closed","template":"","meta":[],"product_brand":[],"product_cat":[101,92,37,94,58,98,96],"product_tag":[],"class_list":{"0":"post-26481","1":"product","2":"type-product","3":"status-publish","4":"has-post-thumbnail","6":"product_cat-12000-zuege-einweg-e-zigaretten","7":"product_cat-digitale-box-einweg-e-zigaretten","8":"product_cat-einweg-e-zigaretten","9":"product_cat-einweg-e-zigaretten-mit-niedriger-nikotinstaerke","10":"product_cat-randm-tornado-einweg-e-zigaretten","11":"product_cat-tornado-einweg-e-zigaretten","12":"product_cat-wiederaufladbare-einweg-e-zigaretten","14":"first","15":"instock","16":"shipping-taxable","17":"purchasable","18":"product-type-variable","19":"has-default-attributes"},"_links":{"self":[{"href":"https:\/\/widevape.com\/hu\/wp-json\/wp\/v2\/product\/26481","targetHints":{"allow":["GET"]}}],"collection":[{"href":"https:\/\/widevape.com\/hu\/wp-json\/wp\/v2\/product"}],"about":[{"href":"https:\/\/widevape.com\/hu\/wp-json\/wp\/v2\/types\/product"}],"replies":[{"embeddable":true,"href":"https:\/\/widevape.com\/hu\/wp-json\/wp\/v2\/comments?post=26481"}],"wp:featuredmedia":[{"embeddable":true,"href":"https:\/\/widevape.com\/hu\/wp-json\/wp\/v2\/media\/26498"}],"wp:attachment":[{"href":"https:\/\/widevape.com\/hu\/wp-json\/wp\/v2\/media?parent=26481"}],"wp:term":[{"taxonomy":"product_brand","embeddable":true,"href":"https:\/\/widevape.com\/hu\/wp-json\/wp\/v2\/product_brand?post=26481"},{"taxonomy":"product_cat","embeddable":true,"href":"https:\/\/widevape.com\/hu\/wp-json\/wp\/v2\/product_cat?post=26481"},{"taxonomy":"product_tag","embeddable":true,"href":"https:\/\/widevape.com\/hu\/wp-json\/wp\/v2\/product_tag?post=26481"}],"curies":[{"name":"wp","href":"https:\/\/api.w.org\/{rel}","templated":true}]}}