{"id":28659,"date":"2026-01-05T03:29:17","date_gmt":"2026-01-05T02:29:17","guid":{"rendered":"https:\/\/widevape.com\/?post_type=product&#038;p=28659"},"modified":"2026-04-18T13:54:42","modified_gmt":"2026-04-18T11:54:42","slug":"waspe-aiviou-6-az-1-ben-izesitesu-150-000-huzas-150k-eldobhato-vape-nagykereskedelem-harmas-mesh-technologia","status":"publish","type":"product","link":"https:\/\/widevape.com\/hu\/product\/waspe-aiviou-6-in-1-geschmacksrichtungen-150-000-zuege-150k-einweg-vape-grosshandel-dreifach-mesh-technologie\/","title":{"rendered":"WASPE AIVIOU 6 \u00edzes\u00edt\u00e9sben, 150 000 sz\u00edv\u00e1s 150K eldobhat\u00f3 vape nagykereskedelem h\u00e1rmas h\u00e1l\u00f3 technol\u00f3gia"},"content":{"rendered":"<article>\n<h2 style=\"color: #e91e63; text-align: center;\">\ud83d\ude80 <a href=\"https:\/\/widevape.com\/hu\/termekkategoria-2\/waspe-egyutas-e-cigarettak\/\">WASPE AIVIOU<\/a> 6 az 1-ben \u2013 A hatalmas \u00edzparti 150 000 h\u00faz\u00e1ssal!<\/h2>\n<p>Szia! A lehet\u0151 legizgalmasabb g\u0151z\u00f6l\u00e9si \u00e9lm\u00e9nyt keresed? Akkor kapaszkodj! A WASPE AIVIOU 6 az 1-ben nem egyszer\u0171en csak egy e-cigaretta - hanem egy eg\u00e9sz cukorkabolt a zsebedben. Hihetetlen\u00fcl <strong>150 000 vonat<\/strong> K\u00eds\u00e9r majd egy \u00f6r\u00f6kk\u00e9val\u00f3s\u00e1gnak \u00e9rz\u0151d\u0151 id\u0151t. A legjobb ebben? Egyszer\u0171en v\u00e1ltogathatsz a k\u00fcl\u00f6nb\u00f6z\u0151 \u00edzek k\u00f6z\u00f6tt, mintha egy szerencseker\u00e9ken p\u00f6rgetn\u00e9l!<\/p>\n<p>N\u00e1l <strong>WideVape<\/strong>, Szak\u00e9rt\u0151dt\u0151l, az eur\u00f3pai nagykereskedelem specialist\u00e1j\u00e1t\u00f3l k\u00f6zvetlen\u00fcl az otthon\u00e1ba \u00e9rkezik ez az er\u0151csomag. Mi vagyunk az els\u0151 c\u00edm, ha \u00d6n magas sz\u00ednvonal\u00fa term\u00e9keket keres. <a href=\"https:\/\/widevape.com\/hu\/\">Egyszer haszn\u00e1latos vapeket nagy mennyis\u00e9gben v\u00e1s\u00e1rolni szeretn\u00e9l<\/a>. .<\/p>\n<div style=\"display: flex; gap: 20px; justify-content: center; margin: 20px 0; flex-wrap: wrap;\">\n<div style=\"border: 2px solid #2196f3; border-radius: 15px; padding: 15px; width: 45%; background-color: #f0f8ff; box-shadow: 5px 5px 10px #ccc;\">\n<h3 style=\"color: #2196f3; margin-top: 0;\">\u274c R\u00e9gi Vape-ek<\/h3>\n<ul style=\"padding-left: 20px;\">\n<li>Csak egy \u00edz<\/li>\n<li>Gyorsan \u00fcr\u00fcl (600 l\u00f6v\u00e9s)<\/li>\n<li>Nincs kijelz\u0151<\/li>\n<li>Gyakran unalmas<\/li>\n<\/ul>\n<\/div>\n<div style=\"border: 2px solid #e91e63; border-radius: 15px; padding: 15px; width: 45%; background-color: #fff0f5; box-shadow: 5px 5px 10px #ccc;\">\n<h3 style=\"color: #e91e63; margin-top: 0;\">\u2705 WASPE AIVIOU 6 az 1-ben<\/h3>\n<ul style=\"padding-left: 20px;\">\n<li><strong>6 \u00edzes\u00edt\u00e9s<\/strong> Egyben!<\/li>\n<li><strong>150 000 vonat<\/strong> Teljes\u00edtm\u00e9ny<\/li>\n<li>Sz\u00e9p LED-kijelz\u0151<\/li>\n<li>Triple Mesh Coil szuper g\u0151z\u00e9rt<\/li>\n<\/ul>\n<\/div>\n<\/div>\n<h2 style=\"color: #673ab7;\">\u2605 Mi teszi ezt a vape-ot olyan k\u00fcl\u00f6nlegess\u00e9?<\/h2>\n<p><img loading=\"lazy\" decoding=\"async\" class=\"size-full wp-image-28662 aligncenter\" src=\"https:\/\/widevape.com\/wp-content\/uploads\/2026\/01\/WASPE-AIVIOU-6-in-1-Geschmacksrichtungen-150.000-Zuege-150K-Einweg-Vape-Grosshandel-Dreifach-Mesh-Technologie-3.webp\" alt=\"\" width=\"2000\" height=\"1444\" srcset=\"https:\/\/widevape.com\/wp-content\/uploads\/2026\/01\/WASPE-AIVIOU-6-in-1-Geschmacksrichtungen-150.000-Zuege-150K-Einweg-Vape-Grosshandel-Dreifach-Mesh-Technologie-3.webp 2000w, https:\/\/widevape.com\/wp-content\/uploads\/2026\/01\/WASPE-AIVIOU-6-in-1-Geschmacksrichtungen-150.000-Zuege-150K-Einweg-Vape-Grosshandel-Dreifach-Mesh-Technologie-3-300x217.webp 300w, https:\/\/widevape.com\/wp-content\/uploads\/2026\/01\/WASPE-AIVIOU-6-in-1-Geschmacksrichtungen-150.000-Zuege-150K-Einweg-Vape-Grosshandel-Dreifach-Mesh-Technologie-3-1024x739.webp 1024w, https:\/\/widevape.com\/wp-content\/uploads\/2026\/01\/WASPE-AIVIOU-6-in-1-Geschmacksrichtungen-150.000-Zuege-150K-Einweg-Vape-Grosshandel-Dreifach-Mesh-Technologie-3-768x554.webp 768w, https:\/\/widevape.com\/wp-content\/uploads\/2026\/01\/WASPE-AIVIOU-6-in-1-Geschmacksrichtungen-150.000-Zuege-150K-Einweg-Vape-Grosshandel-Dreifach-Mesh-Technologie-3-1536x1109.webp 1536w, https:\/\/widevape.com\/wp-content\/uploads\/2026\/01\/WASPE-AIVIOU-6-in-1-Geschmacksrichtungen-150.000-Zuege-150K-Einweg-Vape-Grosshandel-Dreifach-Mesh-Technologie-3-18x12.webp 18w, https:\/\/widevape.com\/wp-content\/uploads\/2026\/01\/WASPE-AIVIOU-6-in-1-Geschmacksrichtungen-150.000-Zuege-150K-Einweg-Vape-Grosshandel-Dreifach-Mesh-Technologie-3-510x368.webp 510w\" sizes=\"auto, (max-width: 2000px) 100vw, 2000px\" \/><\/p>\n<h3 style=\"color: #ff5722;\">\ud83c\udf6cWASPE AIVIOU 6 az 1-ben \u00edzker\u00e9k<\/h3>\n<p>K\u00e9pzeld el, hogy v\u00e1gyakozol eperre, de \u00f6t perc m\u00falva ink\u00e1bb h\u0171s g\u00f6r\u00f6gdinny\u00e9re v\u00e1gysz. Semmi gond! Egyszer\u0171en elford\u00edtod a sz\u00e1jr\u00e9szt \u00e9s m\u00e1ris \u00faj \u00edzt kapsz. Olyan, mintha hat k\u00fcl\u00f6nb\u00f6z\u0151 vape-ot vinn\u00e9l magaddal, de csak egyet kellene hordanod. Ez helyet sp\u00f3rol \u00e9s nagyon sz\u00f3rakoztat\u00f3!<\/p>\n<h3 style=\"color: #4caf50;\">\ud83d\udca8 H\u00e1rom motor a t\u00f6k\u00e9letes g\u0151z\u00e9rt (Triple Mesh)<\/h3>\n<p>Bel\u00fcl h\u00e1rom speci\u00e1lis h\u00e1l\u00f3 (Mesh Coils) dolgozik egyszerre. Ez azt jelenti: a g\u0151z k\u00fcl\u00f6n\u00f6sen puha, sokkal intenz\u00edvebb az \u00edze \u00e9s rendesen kij\u00f6n! Olyan, mint egy versenyaut\u00f3 a vapes-ek k\u00f6z\u00f6tt - gyors, er\u0151s \u00e9s megb\u00edzhat\u00f3.<\/p>\n<h3 style=\"color: #00bcd4;\">\ud83d\udcf1 Kijelz\u0151, amely veled besz\u00e9l<\/h3>\n<p>Soha nem kell kital\u00e1lnod, mennyi l\u00e9 m\u00e9g benne.  Az intelligens LED-kijelz\u0151 pontosan mutatja, milyen t\u00f6lt\u00f6tts\u00e9g\u0171 az akkumul\u00e1tor \u00e9s mennyi van m\u00e9g a finom folyad\u00e9kb\u00f3l. \u00cdgy nincs rossz meglepet\u00e9s!<\/p>\n<div style=\"background-color: #fff3e0; border-left: 6px solid #ff9800; padding: 15px; margin: 20px 0; border-radius: 5px;\">\n<h4 style=\"margin-top: 0; color: #e65100;\">\ud83d\udca1 Kis tud\u00e1s neked: Mi az a Mesh Coil?<\/h4>\n<p style=\"margin-bottom: 0;\">Egy Mesh Coil olyan, mint egy finom f\u00e9m szita. Egyenletesebben melegszik fel, mint egy r\u00e9gi dr\u00f3t. Ez\u00e9rt a p\u00e1rod mindig frissnek t\u0171nik, \u00e9s soha nem \u00e9g meg. A WASPE-nek ebb\u0151l h\u00e1rom darabja van!<\/p>\n<\/div>\n<h2 style=\"color: #3f51b5;\">\ud83c\udfa8 V\u00e1laszd ki a kedvenc csomagodat<\/h2>\n<p>Itt vannak a nagyszer\u0171 kombin\u00e1ci\u00f3k, amelyeket a WideVape-n\u00e1l rendelhetsz. Minden sz\u00e1m egy saj\u00e1t kis kaland:<\/p>\n<div>V\u00edzimelonaglace &amp; Citrom-Lime &amp; Citrom-Pfirsich<\/div>\n<div><\/div>\n<div>K\u00e9k\u00e1fonagy\u00fcm\u00f6lcs fagylalt &amp; Eper-Kiwi &amp; Cseresznye-Eper fagylalt<\/div>\n<div><\/div>\n<div>Red Bull J\u00e9g &amp; M\u00e1lna-Pompon &amp; Savany\u00fa Mang\u00f3-Eper<\/div>\n<div><\/div>\n<div>Eper-v\u00edzimelone- \u00e9s \u0151szibar\u00e1t fagylalt \u00e9s h\u00e1rmas bogy\u00f3s fagylalt<\/div>\n<div><\/div>\n<div>Cseresznye-k\u00f3la j\u00e9g &amp; Eper-Red Bull j\u00e9g &amp; Dinnye-m\u00e1lna<\/div>\n<div><\/div>\n<div>Sz\u0151l\u0151 j\u00e9g &amp; K\u00e9k M\u00e1lna &amp; Eper j\u00e9g<\/div>\n<div><\/div>\n<div>Vegyes bogy\u00f3k &amp; Fekete s\u00e1rk\u00e1nygy\u00fcm\u00f6lcs j\u00e9g &amp; Eper-Cseresznye k\u00f3la<\/div>\n<div><\/div>\n<div>Sprudel-Cola-j\u00e9g &amp; Energia-ital-j\u00e9g &amp; Cseresznye j\u00e9g<\/div>\n<div><\/div>\n<div>Eper-ban\u00e1n &amp; Kivi-dinnye &amp; K\u00f3kusz-eper<\/div>\n<div><\/div>\n<div>Red Bull Cola j\u00e9g &amp; eper-m\u00e1lna &amp; szeder-s\u00e1rk\u00e1nygy\u00fcm\u00f6lcs<\/div>\n<div><\/div>\n<div>Eper-v\u00edzimelon\u00e1s r\u00e1g\u00f3gumi &amp; Savany\u00fa mang\u00f3 j\u00e9gkr\u00e9m &amp; Eper-sz\u0151l\u0151 j\u00e9gkr\u00e9m<\/div>\n<div><\/div>\n<div>Dinnye-Passi\u00f3gy\u00fcm\u00f6lcs &amp; M\u00e1lna-J\u00e9g &amp; Alma-Kivi<\/div>\n<div><\/div>\n<h2 style=\"color: #009688;\">\ud83d\udcca Minden t\u00e9ny egy pillanat alatt<\/h2>\n<div style=\"overflow-x: auto;\">\n<table style=\"width: 100%; border-collapse: collapse; margin: 20px 0; font-family: sans-serif;\">\n<thead>\n<tr style=\"background-color: #009688; color: white;\">\n<th style=\"padding: 12px; border: 1px solid #ddd; text-align: left;\">Tulajdons\u00e1g<\/th>\n<th style=\"padding: 12px; border: 1px solid #ddd; text-align: left;\">R\u00e9szletek<\/th>\n<\/tr>\n<\/thead>\n<tbody>\n<tr>\n<td style=\"padding: 10px; border: 1px solid #ddd; font-weight: bold;\">vonatok (puffok)<\/td>\n<td style=\"padding: 10px; border: 1px solid #ddd;\">Legfeljebb 150 000 (\u00d3ri\u00e1si!)<\/td>\n<\/tr>\n<tr style=\"background-color: #f9f9f9;\">\n<td style=\"padding: 10px; border: 1px solid #ddd; font-weight: bold;\">F\u0171t\u00e9si rendszer<\/td>\n<td style=\"padding: 10px; border: 1px solid #ddd;\">Triple Mesh Coil (1,0 \u03a9 x 3)<\/td>\n<\/tr>\n<tr>\n<td style=\"padding: 10px; border: 1px solid #ddd; font-weight: bold;\">Folyad\u00e9kk\u00e9szlet<\/td>\n<td style=\"padding: 10px; border: 1px solid #ddd;\">64 ml (Nagyon sok!)<\/td>\n<\/tr>\n<tr style=\"background-color: #f9f9f9;\">\n<td style=\"padding: 10px; border: 1px solid #ddd; font-weight: bold;\">Elem<\/td>\n<td style=\"padding: 10px; border: 1px solid #ddd;\">650 mAh (\u00fajrat\u00f6lthet\u0151)<\/td>\n<\/tr>\n<tr>\n<td style=\"padding: 10px; border: 1px solid #ddd; font-weight: bold;\">Anschluss<\/td>\n<td style=\"padding: 10px; border: 1px solid #ddd;\">Gyors USB Type-C<\/td>\n<\/tr>\n<tr style=\"background-color: #f9f9f9;\">\n<td style=\"padding: 10px; border: 1px solid #ddd; font-weight: bold;\">Nikotin<\/td>\n<td style=\"padding: 10px; border: 1px solid #ddd;\">V\u00e1laszthat\u00f3: 0% \/ 2% \/ 5%<\/td>\n<\/tr>\n<\/tbody>\n<\/table>\n<\/div>\n<h2 style=\"color: #607d8b;\">\u2753 Gyakran Ism\u00e9telt K\u00e9rd\u00e9sek (GYIK)<\/h2>\n<div style=\"background-color: #eceff1; padding: 15px; border-radius: 10px;\">\n<p style=\"margin-bottom: 10px;\"><strong>1. Hogyan v\u00e1ltoztathatom meg az \u00edzt?<\/strong><\/p>\n<p>Ez gyerekj\u00e1t\u00e9k! Egyszer\u0171en forgassa el az eszk\u00f6z fels\u0151 r\u00e9sz\u00e9t (a sz\u00e1jr\u00e9szt), hogy v\u00e1lasszon a 6 be\u00e1ll\u00edt\u00e1s k\u00f6z\u00fcl. Minden fokozat \u00fajabb nagyszer\u0171 \u00edzt mutat!<\/p>\n<p style=\"margin-bottom: 10px;\"><strong>2. El kell dobnom a k\u00e9sz\u00fcl\u00e9ket, ha lemer\u00fcl az akkumul\u00e1tor?<\/strong><br \/>\nNem! Egyszer\u0171en felt\u00f6ltheted egy Type-C k\u00e1bellel, ahogy a telefonodat is. Csak akkor van sz\u00fcks\u00e9g \u00faj WASPE-ra a WideVape-t\u0151l, ha a folyad\u00e9k (64ml) teljesen elfogy.<\/p>\n<p style=\"margin-bottom: 0;\"><strong>3. Mi\u00e9rt v\u00e1s\u00e1roljon a WideVape-n\u00e9l?<\/strong><br \/>\nMi vagyunk az eur\u00f3pai profik! Gyorsan, biztons\u00e1gosan sz\u00e1ll\u00edtunk, \u00e9s a legjobb \u00e1rakat k\u00edn\u00e1ljuk a nagykeresked\u0151k sz\u00e1m\u00e1ra. Ha min\u0151s\u00e9get szeretn\u00e9l, akkor n\u00e1lunk vagy pontosan j\u00f3 helyen! \ud83c\udfc6<\/p>\n<\/div>\n<div style=\"text-align: center; margin-top: 30px; padding: 20px; border: 3px dashed #e91e63; border-radius: 20px; background-color: #fff;\">\n<h2 style=\"color: #e91e63;\">\ud83d\uded2 Most v\u00e1s\u00e1roljon!<\/h2>\n<p style=\"font-size: 1.2em;\">K\u00e9szen \u00e1llsz \u00e9leted legnagyobb g\u0151z\u00f6s \u00e9lm\u00e9ny\u00e9re?  Szerezd meg a WASPE AIVIOU 6 az 1-ben most <strong>WideVape<\/strong>. Ak\u00e1r neked, ak\u00e1r az \u00fczletednek - a legjobb aj\u00e1nlatokat neked! \ud83c\udff0\ud83d\udce6<\/p>\n<p><strong>WideVape - A Te sz\u00e1mod 1 az eldobhat\u00f3 vape-ek\u00e9rt Eur\u00f3p\u00e1ban!<\/strong><\/p>\n<\/div>\n<p><img loading=\"lazy\" decoding=\"async\" class=\"size-full wp-image-28665 aligncenter\" src=\"https:\/\/widevape.com\/wp-content\/uploads\/2026\/01\/WASPE-AIVIOU-6-in-1-Geschmacksrichtungen-150.000-Zuege-150K-Einweg-Vape-Grosshandel-Dreifach-Mesh-Technologie-6.webp\" alt=\"WASPE AIVIOU 6 \u00edzes\u00edt\u00e9sben, 150 000 sz\u00edv\u00e1s 150K eldobhat\u00f3 vape nagykereskedelem h\u00e1rmas h\u00e1l\u00f3 technol\u00f3gia\" width=\"2500\" height=\"1875\" srcset=\"https:\/\/widevape.com\/wp-content\/uploads\/2026\/01\/WASPE-AIVIOU-6-in-1-Geschmacksrichtungen-150.000-Zuege-150K-Einweg-Vape-Grosshandel-Dreifach-Mesh-Technologie-6.webp 2500w, https:\/\/widevape.com\/wp-content\/uploads\/2026\/01\/WASPE-AIVIOU-6-in-1-Geschmacksrichtungen-150.000-Zuege-150K-Einweg-Vape-Grosshandel-Dreifach-Mesh-Technologie-6-300x225.webp 300w, https:\/\/widevape.com\/wp-content\/uploads\/2026\/01\/WASPE-AIVIOU-6-in-1-Geschmacksrichtungen-150.000-Zuege-150K-Einweg-Vape-Grosshandel-Dreifach-Mesh-Technologie-6-1024x768.webp 1024w, https:\/\/widevape.com\/wp-content\/uploads\/2026\/01\/WASPE-AIVIOU-6-in-1-Geschmacksrichtungen-150.000-Zuege-150K-Einweg-Vape-Grosshandel-Dreifach-Mesh-Technologie-6-768x576.webp 768w, https:\/\/widevape.com\/wp-content\/uploads\/2026\/01\/WASPE-AIVIOU-6-in-1-Geschmacksrichtungen-150.000-Zuege-150K-Einweg-Vape-Grosshandel-Dreifach-Mesh-Technologie-6-1536x1152.webp 1536w, https:\/\/widevape.com\/wp-content\/uploads\/2026\/01\/WASPE-AIVIOU-6-in-1-Geschmacksrichtungen-150.000-Zuege-150K-Einweg-Vape-Grosshandel-Dreifach-Mesh-Technologie-6-2048x1536.webp 2048w, https:\/\/widevape.com\/wp-content\/uploads\/2026\/01\/WASPE-AIVIOU-6-in-1-Geschmacksrichtungen-150.000-Zuege-150K-Einweg-Vape-Grosshandel-Dreifach-Mesh-Technologie-6-16x12.webp 16w, https:\/\/widevape.com\/wp-content\/uploads\/2026\/01\/WASPE-AIVIOU-6-in-1-Geschmacksrichtungen-150.000-Zuege-150K-Einweg-Vape-Grosshandel-Dreifach-Mesh-Technologie-6-510x383.webp 510w\" sizes=\"auto, (max-width: 2500px) 100vw, 2500px\" \/><\/p>\n<h2>Term\u00e9kmutat\u00f3:<\/h2>\n<p><a href=\"https:\/\/widevape.com\/wp-content\/uploads\/2026\/01\/WASPE-AIVIOU-6-in-1-Product-Guide.pdf\" target=\"_blank\" rel=\"noopener\">WASPE AIVIOU 6 az 1-ben term\u00e9k \u00fatmutat\u00f3<\/a><\/p>\n<\/article>","protected":false},"excerpt":{"rendered":"<table class=\"vape-specs-table\">\n<thead>\n<tr>\n<th>Specifik\u00e1ci\u00f3<\/th>\n<th>WASPE AIVIOU r\u00e9szletek<\/th>\n<\/tr>\n<\/thead>\n<tbody>\n<tr>\n<td>vonatok (puffok)<\/td>\n<td>150 000 Puff<\/td>\n<\/tr>\n<tr>\n<td>Tekercs (F\u0171t\u0151elem)<\/td>\n<td>1,0\u03a9 \u00d7 3 h\u00e1l\u00f3s tekercs<\/td>\n<\/tr>\n<tr>\n<td>E-Liquid kapacit\u00e1s<\/td>\n<td>64ml<\/td>\n<\/tr>\n<tr>\n<td>Nikotintartalom<\/td>\n<td>0% \/ 2% \/ 5%<\/td>\n<\/tr>\n<tr>\n<td>Akku<\/td>\n<td>650mAh (\u00fajrat\u00f6lthet\u0151)<\/td>\n<\/tr>\n<tr>\n<td>T\u00f6lt\u0151csatlakoz\u00f3<\/td>\n<td>C-t\u00edpus\u00fa<\/td>\n<\/tr>\n<tr>\n<td>Megjelen\u00edt\u00e9s<\/td>\n<td>LED kijelz\u0151<\/td>\n<\/tr>\n<tr>\n<td>M\u00e9retek<\/td>\n<td>53 \u00d7 46 \u00d7 138 mm<\/td>\n<\/tr>\n<tr>\n<td>S\u00faly (egyes k\u00e9sz\u00fcl\u00e9k)<\/td>\n<td>140g darabonk\u00e9nt<\/td>\n<\/tr>\n<tr>\n<td>Csomagol\u00e1si egys\u00e9g<\/td>\n<td>10 db\/doboz, 160 db\/karton<\/td>\n<\/tr>\n<tr>\n<td>Teljes s\u00faly<\/td>\n<td>23kg\/doboz<\/td>\n<\/tr>\n<\/tbody>\n<\/table>","protected":false},"featured_media":28661,"comment_status":"open","ping_status":"closed","template":"","meta":[],"product_brand":[],"product_cat":[71,199,92,93,37,94,61,183,187,193,185,181,184,186,182,189,190,192,191,42,90,96],"product_tag":[],"class_list":{"0":"post-28659","1":"product","2":"type-product","3":"status-publish","4":"has-post-thumbnail","6":"product_cat-waspe-einweg-e-zigaretten","7":"product_cat-150000150k-zuege-einweg-e-zigaretten","8":"product_cat-digitale-box-einweg-e-zigaretten","9":"product_cat-dual-mesh-einweg-e-zigaretten","10":"product_cat-einweg-e-zigaretten","11":"product_cat-einweg-e-zigaretten-mit-niedriger-nikotinstaerke","12":"product_cat-einweg-e-zigaretten-nach-zuegen","13":"product_cat-einweg-e-zigaretten-in-belgien","14":"product_cat-einweg-e-zigaretten-in-den-niederlanden","15":"product_cat-einweg-e-zigaretten-in-der-schweiz","16":"product_cat-einweg-e-zigaretten-in-deutschland","17":"product_cat-einweg-e-zigaretten-in-europa","18":"product_cat-einweg-e-zigaretten-in-frankreich","19":"product_cat-einweg-e-zigaretten-in-italien","20":"product_cat-einweg-e-zigaretten-in-oesterreich","21":"product_cat-einweg-e-zigaretten-in-polen","22":"product_cat-einweg-e-zigaretten-in-portugal","23":"product_cat-einweg-e-zigaretten-in-schweden","24":"product_cat-einweg-e-zigaretten-in-spanien","25":"product_cat-europaeisches-vape-lager","26":"product_cat-grosse-einweg-e-zigaretten","27":"product_cat-wiederaufladbare-einweg-e-zigaretten","29":"first","30":"instock","31":"featured","32":"shipping-taxable","33":"purchasable","34":"product-type-variable","35":"has-default-attributes"},"_links":{"self":[{"href":"https:\/\/widevape.com\/hu\/wp-json\/wp\/v2\/product\/28659","targetHints":{"allow":["GET"]}}],"collection":[{"href":"https:\/\/widevape.com\/hu\/wp-json\/wp\/v2\/product"}],"about":[{"href":"https:\/\/widevape.com\/hu\/wp-json\/wp\/v2\/types\/product"}],"replies":[{"embeddable":true,"href":"https:\/\/widevape.com\/hu\/wp-json\/wp\/v2\/comments?post=28659"}],"wp:featuredmedia":[{"embeddable":true,"href":"https:\/\/widevape.com\/hu\/wp-json\/wp\/v2\/media\/28661"}],"wp:attachment":[{"href":"https:\/\/widevape.com\/hu\/wp-json\/wp\/v2\/media?parent=28659"}],"wp:term":[{"taxonomy":"product_brand","embeddable":true,"href":"https:\/\/widevape.com\/hu\/wp-json\/wp\/v2\/product_brand?post=28659"},{"taxonomy":"product_cat","embeddable":true,"href":"https:\/\/widevape.com\/hu\/wp-json\/wp\/v2\/product_cat?post=28659"},{"taxonomy":"product_tag","embeddable":true,"href":"https:\/\/widevape.com\/hu\/wp-json\/wp\/v2\/product_tag?post=28659"}],"curies":[{"name":"wp","href":"https:\/\/api.w.org\/{rel}","templated":true}]}}