{"id":29481,"date":"2026-01-28T11:19:19","date_gmt":"2026-01-28T10:19:19","guid":{"rendered":"https:\/\/widevape.com\/?post_type=product&#038;p=29481"},"modified":"2026-03-09T11:29:52","modified_gmt":"2026-03-09T10:29:52","slug":"a-bang-vezetoje-60-000-60-ezer-darab-2-az-1-ben-kapcsolos-eldobhato-vape-termeket-forgalmaz-nagykereskedelmi-mennyisegben","status":"publish","type":"product","link":"https:\/\/widevape.com\/hu\/product\/bang-leader-stoll-60000-60k-zuege-mit-2-in-1-switch-einweg-vapes-im-grosshandel\/","title":{"rendered":"BANG VEZET\u0150 STOLL 60000 60K vonatok 2 az 1-ben Switch eldobhat\u00f3 Vapes nagykereskedelemben"},"content":{"rendered":"<article style=\"color: #161e54; font-family: sans-serif; line-height: 1.6; margin: auto;\">\n<h2 style=\"color: #ffcc00; text-align: center; background-color: #161e54; padding: 20px; border-radius: 10px;\"><a href=\"https:\/\/widevape.com\/hu\/termekkategoria-2\/bang-egyhasznalatos-e-cigarettak\/\">BANG VEZET\u0150 STOLL<\/a> 60000: A hatalmas bar\u00e1tod az \u00f6r\u00f6k felh\u0151 kalandokhoz \ud83d\ude80<\/h2>\n<p>Szia! Olyat keresel, ami teljesen k\u00fcl\u00f6nleges \u00e9s soha nem hagy cserben? Akkor ismerd meg a <strong>BANG VEZET\u0150 STOLL 60000<\/strong> ismerni. Ez nem egyszer\u0171en csak egy k\u00e9sz\u00fcl\u00e9k \u2013 igazi \u00f3ri\u00e1s a vil\u00e1gban, <strong>eldobhat\u00f3 vape-ok<\/strong>K\u00e9pzeld el, hogy van egy bar\u00e1tod, aki hihetetlen\u00fcl hossz\u00fa ideig marad n\u00e1lad. 60 000 hatalmas vonattal <strong>eldobhat\u00f3 vape<\/strong> Arra tervezt\u00e9k, hogy minden pillanatot kis partiv\u00e1 tegyen.<\/p>\n<p>Ez az eszk\u00f6z t\u00f6k\u00e9letes mindazok sz\u00e1m\u00e1ra, akik a legjobbat keresik <strong>eldobhat\u00f3 vape-ok<\/strong> Keress olyat, amelyhez nem kell minden nap \u00fajabb darabot v\u00e1s\u00e1rolnod.  Nagyon j\u00f3l n\u00e9z ki, szuper\u00fcl k\u00e9zbe illik \u00e9s meglepet\u00e9sekkel van tele!<\/p>\n<div style=\"display: flex; flex-wrap: wrap; gap: 20px; justify-content: center; margin: 30px 0;\">\n<div style=\"background-color: #bbe0ef; border-radius: 15px; padding: 20px; width: 300px; box-shadow: 0 4px 6px rgba(0,0,0,0.1); border: 2px solid #ffcc00;\">\n<h3 style=\"color: #161e54; margin-top: 0;\">\u26a1\ufe0f Egy kir\u00e1ly ereje<\/h3>\n<p>Ez a <strong>eldobhat\u00f3 vape<\/strong> Er\u0151s, 650mAh-s akkumul\u00e1torral rendelkezik, amelyet egyszer\u0171en t\u00f6lthetsz egy Type-C k\u00e1bellel. Mindig lesz el\u00e9g energi\u00e1ja sz\u00e1modra!<\/p>\n<\/div>\n<div style=\"background-color: #bbe0ef; border-radius: 15px; padding: 20px; width: 300px; box-shadow: 0 4px 6px rgba(0,0,0,0.1); border: 2px solid #ffcc00;\">\n<h3 style=\"color: #161e54; margin-top: 0;\">Kett\u0151s \u00f6r\u00f6m<\/h3>\n<p>Mi\u00e9rt csak egy lehet\u0151s\u00e9get v\u00e1lasztani? A-val <strong>BANG VEZET\u0150 STOLL 60000<\/strong> Egyszer\u0171en v\u00e1ltogathatsz k\u00e9t k\u00fcl\u00f6nb\u00f6z\u0151 \u00edz k\u00f6z\u00f6tt!<\/p>\n<\/div>\n<\/div>\n<h2 style=\"color: #ffcc00; background-color: #161e54; padding: 10px 20px; border-radius: 5px;\">WideVape: <span style=\"color: #00ffff;\"><a style=\"color: #00ffff;\" href=\"https:\/\/widevape.com\/hu\/\">Az \u00d6n nagykeresked\u0151je az eldobhat\u00f3 vapereknek Eur\u00f3p\u00e1ban<\/a><\/span><\/h2>\n<p>\u00dcdv\u00f6z\u00f6lj\u00fck a <strong>WideVape<\/strong>Mi vagyunk a nagy online \u00e1ruh\u00e1zad k\u00f6zvetlen\u00fcl Eur\u00f3p\u00e1ban, ha arr\u00f3l van sz\u00f3, hogy <strong>Nagykereskedelem<\/strong> Megy. N\u00e1lunk te <strong>eldobhat\u00f3 vape-ok<\/strong> nagy mennyis\u00e9gben (nagykereskedelmi v\u00e1s\u00e1rl\u00e1s) szuper \u00e1rakon v\u00e1s\u00e1rolni. Legyen sz\u00f3 arr\u00f3l, hogy N\u00e9metorsz\u00e1gban, Franciaorsz\u00e1gban vagy Spanyolorsz\u00e1gban \u00e9lsz \u2013 gyorsan \u00e9s biztons\u00e1gosan sz\u00e1ll\u00edtunk, hogy k\u00e9szleted soha ne legyen \u00fcres. <strong>WideVape<\/strong> Mindig a leg\u00fajabb \u00e9s legmen\u0151bb trendeket tal\u00e1ljuk ki neked!<\/p>\n<p><img loading=\"lazy\" decoding=\"async\" class=\"size-full wp-image-29485 aligncenter\" src=\"https:\/\/widevape.com\/wp-content\/uploads\/2026\/01\/BANG-LEADER-STOLL-60000-60K-Zuege-mit-2-in-1-Switch-Einweg-Vapes-im-Grosshandel-3.webp\" alt=\"BANG VEZET\u0150 STOLL 60000 60K Z\u00fcge 2 az 1-ben Switch eldobhat\u00f3 Vapes nagykereskedelem V\u00e1s\u00e1rl\u00e1s Bika\" width=\"1920\" height=\"700\" srcset=\"https:\/\/widevape.com\/wp-content\/uploads\/2026\/01\/BANG-LEADER-STOLL-60000-60K-Zuege-mit-2-in-1-Switch-Einweg-Vapes-im-Grosshandel-3.webp 1920w, https:\/\/widevape.com\/wp-content\/uploads\/2026\/01\/BANG-LEADER-STOLL-60000-60K-Zuege-mit-2-in-1-Switch-Einweg-Vapes-im-Grosshandel-3-300x109.webp 300w, https:\/\/widevape.com\/wp-content\/uploads\/2026\/01\/BANG-LEADER-STOLL-60000-60K-Zuege-mit-2-in-1-Switch-Einweg-Vapes-im-Grosshandel-3-1024x373.webp 1024w, https:\/\/widevape.com\/wp-content\/uploads\/2026\/01\/BANG-LEADER-STOLL-60000-60K-Zuege-mit-2-in-1-Switch-Einweg-Vapes-im-Grosshandel-3-768x280.webp 768w, https:\/\/widevape.com\/wp-content\/uploads\/2026\/01\/BANG-LEADER-STOLL-60000-60K-Zuege-mit-2-in-1-Switch-Einweg-Vapes-im-Grosshandel-3-1536x560.webp 1536w, https:\/\/widevape.com\/wp-content\/uploads\/2026\/01\/BANG-LEADER-STOLL-60000-60K-Zuege-mit-2-in-1-Switch-Einweg-Vapes-im-Grosshandel-3-18x7.webp 18w, https:\/\/widevape.com\/wp-content\/uploads\/2026\/01\/BANG-LEADER-STOLL-60000-60K-Zuege-mit-2-in-1-Switch-Einweg-Vapes-im-Grosshandel-3-510x186.webp 510w\" sizes=\"auto, (max-width: 1920px) 100vw, 1920px\" \/><\/p>\n<div style=\"background-color: #bbe0ef; border-left: 10px solid #7a9c59; padding: 20px; margin: 30px 0; border-radius: 5px;\">\n<h3 style=\"margin-top: 0;\">Tudtad m\u00e1r?<\/h3>\n<p>A <strong>BANG VEZET\u0150 STOLL 60000<\/strong> Egy \u201eMesh Coil\u201c-ot haszn\u00e1l. Ez olyan, mint egy m\u00e1gikus h\u00e1l\u00f3 bel\u00fcl, ami biztos\u00edtja, hogy a sz\u00edv\u00e1s sor\u00e1n a leveg\u0151 szuper puha legyen, \u00e9s minden lehet\u0151s\u00e9g igaz\u00e1n finom legyen. 1,0 Ohm ellen\u00e1ll\u00e1ssal minden sz\u00edv\u00e1s pontosan megfelel\u0151 - nem t\u00fal er\u0151s \u00e9s nem t\u00fal gyenge!<\/p>\n<\/div>\n<h2 style=\"color: #161e54; border-bottom: 3px solid #ffcc00;\">A fantasztikus \u00edzlelj lehet\u0151s\u00e9geid \ud83c\udf08<\/h2>\n<p>Itt vannak a nagyszer\u0171 kombin\u00e1ci\u00f3k, amelyeket v\u00e1laszthatsz. Minden sz\u00e1m k\u00e9t csod\u00e1latos \u00edzt tartalmaz a dupla \u00f6r\u00f6m\u00e9rt:<\/p>\n<div style=\"margin-bottom: 30px;\">\n<ul>\n<li>\n<p data-path-to-node=\"1,0,0\">V\u00edzimelone j\u00e9g &amp; Eper-v\u00edzimelone r\u00e1g\u00f3gumi<\/p>\n<\/li>\n<li>\n<p data-path-to-node=\"1,1,0\">Energiaital &amp; S\u00e1rk\u00e1nygy\u00fcm\u00f6lcs-Eper<\/p>\n<\/li>\n<li>\n<p data-path-to-node=\"1,2,0\">Van\u00edlia-Cola &amp; Citrom-Pfirsich-Eper-M\u00e1lna<\/p>\n<\/li>\n<li>\n<p data-path-to-node=\"1,3,0\">Cseresznye fagylalt &amp; Sz\u0151l\u0151 fagylalt<\/p>\n<\/li>\n<li>\n<p data-path-to-node=\"1,4,0\">V\u00edzimelone fagylalt &amp; Eper-Mango<\/p>\n<\/li>\n<li>\n<p data-path-to-node=\"1,5,0\">\u00c1fony\u00e1s fagylalt &amp; Friss cseresznye<\/p>\n<\/li>\n<li>\n<p data-path-to-node=\"1,6,0\">Eper - g\u00f6r\u00f6gdinnye \u00e9s cseresznye k\u00f3la<\/p>\n<\/li>\n<li>\n<p data-path-to-node=\"1,7,0\">L\u00e9d\u00fas \u0151szibar\u00e1t fagylalt &amp; Grapefruit friss\u00edt\u0151<\/p>\n<\/li>\n<li>\n<p data-path-to-node=\"1,8,0\">R\u00f3zsasz\u00edn limon\u00e1d\u00e9 &amp; Kivi-Passi\u00f3gy\u00fcm\u00f6lcs-Guava<\/p>\n<\/li>\n<li>\n<p data-path-to-node=\"1,9,0\">\u0150szibar\u00e1t - szam\u00f3ca \u00e9s eper - ban\u00e1n<\/p>\n<\/li>\n<li>\n<p data-path-to-node=\"1,10,0\">Minz-Mango &amp; Cseresznye-Citrom<\/p>\n<\/li>\n<li>\n<p data-path-to-node=\"1,11,0\">Eper-kivi \u00e9s eper-dinnye r\u00e1g\u00f3gumi<\/p>\n<\/li>\n<\/ul>\n<\/div>\n<h2 style=\"color: #161e54; border-bottom: 3px solid #ffcc00;\">M\u0171szaki r\u00e9szletek \u00e1ttekint\u00e9se<\/h2>\n<div style=\"overflow-x: auto;\">\n<table style=\"width: 100%; border-collapse: collapse; margin: 20px 0; background-color: #bbe0ef;\">\n<thead>\n<tr style=\"background-color: #ffcc00; color: #161e54;\">\n<th style=\"padding: 15px; border: 1px solid #161E54; text-align: left;\">Jellemz\u0151<\/th>\n<th style=\"padding: 15px; border: 1px solid #161E54; text-align: left;\">R\u00e9szletek<\/th>\n<\/tr>\n<\/thead>\n<tbody>\n<tr>\n<td style=\"padding: 12px; border: 1px solid #161E54;\"><strong>A vonatok sz\u00e1ma<\/strong><\/td>\n<td style=\"padding: 12px; border: 1px solid #161E54;\">60 000 Puff (\u00d3ri\u00e1si!)<\/td>\n<\/tr>\n<tr>\n<td style=\"padding: 12px; border: 1px solid #161E54;\"><strong>Elem<\/strong><\/td>\n<td style=\"padding: 12px; border: 1px solid #161E54;\">650mAh (\u00fajrat\u00f6lthet\u0151)<\/td>\n<\/tr>\n<tr>\n<td style=\"padding: 12px; border: 1px solid #161E54;\"><strong>T\u00f6lt\u0151csatlakoz\u00f3<\/strong><\/td>\n<td style=\"padding: 12px; border: 1px solid #161E54;\">Type-C gyors t\u00f6lt\u00e9s<\/td>\n<\/tr>\n<tr>\n<td style=\"padding: 12px; border: 1px solid #161E54;\"><strong>Technol\u00f3gia<\/strong><\/td>\n<td style=\"padding: 12px; border: 1px solid #161E54;\">1,0 Ohm h\u00e1l\u00f3 tekercs<\/td>\n<\/tr>\n<tr>\n<td style=\"padding: 12px; border: 1px solid #161E54;\"><strong>K\u00fcl\u00f6nlegess\u00e9g<\/strong><\/td>\n<td style=\"padding: 12px; border: 1px solid #161E54;\">2 az 1-ben kapcsol\u00f3 Tastes sz\u00e1m\u00e1ra<\/td>\n<\/tr>\n<\/tbody>\n<\/table>\n<\/div>\n<h2 style=\"color: #161e54; border-bottom: 3px solid #ffcc00;\">Gyik (Gyakran Ism\u00e9telt K\u00e9rd\u00e9sek)<\/h2>\n<div style=\"background-color: #bbe0ef; padding: 20px; border-radius: 10px; border: 2px dashed #7a9c59;\">\n<p><strong>\u2b50\ufe0f Mennyi ideig tart a BANG LEADER STOLL 60000?<\/strong><\/p>\n<p>Mivel 60 000 kilom\u00e9tert b\u00edr, ez\u00e9rt sok h\u00e9tig kitart!  A leghosszabb \u00e9lettartam\u00faak k\u00f6z\u00e9 tartozik <strong>eldobhat\u00f3 vape-ok<\/strong> a piacon.<\/p>\n<p><strong>Felt\u00f6lthetem a k\u00e9sz\u00fcl\u00e9ket?<\/strong><br \/>\nTerm\u00e9szetesen! Ha az akkumul\u00e1tor lemer\u00fcl, egyszer\u0171en csatlakoztasd a Type-C k\u00e1belt. Gyorsan \u00fajra k\u00e9szen \u00e1ll az \u00faj felh\u0151kh\u00f6z.<\/p>\n<p><strong>\ud83c\udf1f Hol lehet ezeket a vape-eket megv\u00e1s\u00e1rolni az \u00e9n boltomhoz?<\/strong><br \/>\nA legjobb k\u00f6zvetlen\u00fcl itt <strong>WideVape<\/strong>Mi vagyunk a partnered <strong>wholesale<\/strong> az eg\u00e9sz Eur\u00f3p\u00e1ban \u00e9s remek \u00e1rakat k\u00edn\u00e1lnak neked.<\/p>\n<p><strong>\u2b50\ufe0f Hogyan v\u00e1ltok a k\u00e9t billenty\u0171 k\u00f6z\u00f6tt?<\/strong><br \/>\nEz gyerekj\u00e1t\u00e9k! A k\u00e9sz\u00fcl\u00e9ken van egy kis kapcsol\u00f3. Egyszer\u0171en \u00e1tkapcsolni \u00e9s m\u00e1r meg is van a m\u00e1sik lehet\u0151s\u00e9g.<\/p>\n<\/div>\n<p style=\"text-align: center; margin-top: 40px; font-weight: bold; font-size: 1.2em;\">K\u00e9szen \u00e1llsz a k\u00f6vetkez\u0151 szintre? L\u00e1togass el most a WideVape-ba \u00e9s szerezd meg a BANG LEADER STOLL 60000-et a legjobbak\u00e9rt <strong>Nagykereskedelem<\/strong>Aj\u00e1nlatok Eur\u00f3p\u00e1ban! \ud83d\uded2\u2728<\/p>\n<p><img loading=\"lazy\" decoding=\"async\" class=\"size-full wp-image-29486 aligncenter\" src=\"https:\/\/widevape.com\/wp-content\/uploads\/2026\/01\/BANG-LEADER-STOLL-60000-60K-Zuege-mit-2-in-1-Switch-Einweg-Vapes-im-Grosshandel-4-scaled.webp\" alt=\"BANG VEZET\u0150 STOLL 60000 60K vonatok 2 az 1-ben Switch eldobhat\u00f3 Vapes nagykereskedelemben\" width=\"1487\" height=\"2560\" srcset=\"https:\/\/widevape.com\/wp-content\/uploads\/2026\/01\/BANG-LEADER-STOLL-60000-60K-Zuege-mit-2-in-1-Switch-Einweg-Vapes-im-Grosshandel-4-scaled.webp 1487w, https:\/\/widevape.com\/wp-content\/uploads\/2026\/01\/BANG-LEADER-STOLL-60000-60K-Zuege-mit-2-in-1-Switch-Einweg-Vapes-im-Grosshandel-4-174x300.webp 174w, https:\/\/widevape.com\/wp-content\/uploads\/2026\/01\/BANG-LEADER-STOLL-60000-60K-Zuege-mit-2-in-1-Switch-Einweg-Vapes-im-Grosshandel-4-595x1024.webp 595w, https:\/\/widevape.com\/wp-content\/uploads\/2026\/01\/BANG-LEADER-STOLL-60000-60K-Zuege-mit-2-in-1-Switch-Einweg-Vapes-im-Grosshandel-4-768x1322.webp 768w, https:\/\/widevape.com\/wp-content\/uploads\/2026\/01\/BANG-LEADER-STOLL-60000-60K-Zuege-mit-2-in-1-Switch-Einweg-Vapes-im-Grosshandel-4-892x1536.webp 892w, https:\/\/widevape.com\/wp-content\/uploads\/2026\/01\/BANG-LEADER-STOLL-60000-60K-Zuege-mit-2-in-1-Switch-Einweg-Vapes-im-Grosshandel-4-1189x2048.webp 1189w, https:\/\/widevape.com\/wp-content\/uploads\/2026\/01\/BANG-LEADER-STOLL-60000-60K-Zuege-mit-2-in-1-Switch-Einweg-Vapes-im-Grosshandel-4-7x12.webp 7w, https:\/\/widevape.com\/wp-content\/uploads\/2026\/01\/BANG-LEADER-STOLL-60000-60K-Zuege-mit-2-in-1-Switch-Einweg-Vapes-im-Grosshandel-4-510x878.webp 510w\" sizes=\"auto, (max-width: 1487px) 100vw, 1487px\" \/><\/p>\n<\/article>","protected":false},"excerpt":{"rendered":"<div style=\"width: 500px; border: 2px solid #ffcc00; border-radius: 12px; overflow: hidden; font-family: 'Arial', sans-serif; color: #161e54; box-shadow: 0 4px 8px rgba(0,0,0,0.05);\">\n<table style=\"width: 100%; border-collapse: collapse; background-color: #ffffff;\">\n<thead>\n<tr style=\"background-color: #ff9900; color: #ffffff;\">\n<th style=\"padding: 15px; font-size: 18px; text-align: center; letter-spacing: 1px;\" colspan=\"2\">BANG VEZET\u0150 STOLL 60000 Gyors Specifik\u00e1ci\u00f3k<\/th>\n<\/tr>\n<\/thead>\n<tbody>\n<tr style=\"background-color: #ffffff; border-bottom: 1px solid #BBE0EF;\">\n<td style=\"padding: 12px 20px; font-weight: bold; width: 40%;\">M\u00e1rka \u00e9s Modell<\/td>\n<td style=\"padding: 12px 20px;\">BANG VEZET\u0150 STOLL 60000<\/td>\n<\/tr>\n<tr style=\"background-color: #f9fbfd; border-bottom: 1px solid #BBE0EF;\">\n<td style=\"padding: 12px 20px; font-weight: bold;\">Sz\u00e1m\u00fa vonatok<\/td>\n<td style=\"padding: 12px 20px; font-weight: bold; color: #ff9900; font-size: 1.1em;\">60 000 Puff<\/td>\n<\/tr>\n<tr style=\"background-color: #ffffff; border-bottom: 1px solid #BBE0EF;\">\n<td style=\"padding: 12px 20px; font-weight: bold;\">Innov\u00e1ci\u00f3<\/td>\n<td style=\"padding: 12px 20px;\">2 az 1-ben \u00edzv\u00e1lt\u00f3 \u00e9s mesh tekercs<\/td>\n<\/tr>\n<tr style=\"background-color: #f9fbfd; border-bottom: 1px solid #BBE0EF;\">\n<td style=\"padding: 12px 20px; font-weight: bold;\">Kapacit\u00e1s<\/td>\n<td style=\"padding: 12px 20px;\">Maxim\u00e1lis kapacit\u00e1s<\/td>\n<\/tr>\n<tr style=\"background-color: #ffffff; border-bottom: 1px solid #BBE0EF;\">\n<td style=\"padding: 12px 20px; font-weight: bold;\">Elem<\/td>\n<td style=\"padding: 12px 20px;\">650mAh (Type-C t\u00f6lt\u00e9s\u0171)<\/td>\n<\/tr>\n<tr style=\"background-color: #f9fbfd;\">\n<td style=\"padding: 12px 20px; font-weight: bold;\">Nagykereskedelem<\/td>\n<td style=\"padding: 12px 20px;\"><a style=\"color: #7a9c59; font-weight: bold; text-decoration: none; border-bottom: 1px dashed #7a9c59;\" href=\"https:\/\/widevape.com\/hu\/\">Most v\u00e1s\u00e1roljon a WideVape-n\u00e1l<\/a><\/td>\n<\/tr>\n<\/tbody>\n<\/table>\n<\/div>","protected":false},"featured_media":29483,"comment_status":"open","ping_status":"closed","template":"","meta":[],"product_brand":[],"product_cat":[33,176,92,93,37,61,183,187,193,185,181,184,186,188,182,189,190,192,191,90],"product_tag":[],"class_list":{"0":"post-29481","1":"product","2":"type-product","3":"status-publish","4":"has-post-thumbnail","6":"product_cat-bang-einweg-e-zigaretten","7":"product_cat-60000-zuege-einweg-e-zigaretten","8":"product_cat-digitale-box-einweg-e-zigaretten","9":"product_cat-dual-mesh-einweg-e-zigaretten","10":"product_cat-einweg-e-zigaretten","11":"product_cat-einweg-e-zigaretten-nach-zuegen","12":"product_cat-einweg-e-zigaretten-in-belgien","13":"product_cat-einweg-e-zigaretten-in-den-niederlanden","14":"product_cat-einweg-e-zigaretten-in-der-schweiz","15":"product_cat-einweg-e-zigaretten-in-deutschland","16":"product_cat-einweg-e-zigaretten-in-europa","17":"product_cat-einweg-e-zigaretten-in-frankreich","18":"product_cat-einweg-e-zigaretten-in-italien","19":"product_cat-einweg-e-zigaretten-in-norwegen","20":"product_cat-einweg-e-zigaretten-in-oesterreich","21":"product_cat-einweg-e-zigaretten-in-polen","22":"product_cat-einweg-e-zigaretten-in-portugal","23":"product_cat-einweg-e-zigaretten-in-schweden","24":"product_cat-einweg-e-zigaretten-in-spanien","25":"product_cat-grosse-einweg-e-zigaretten","27":"first","28":"instock","29":"shipping-taxable","30":"purchasable","31":"product-type-variable","32":"has-default-attributes"},"_links":{"self":[{"href":"https:\/\/widevape.com\/hu\/wp-json\/wp\/v2\/product\/29481","targetHints":{"allow":["GET"]}}],"collection":[{"href":"https:\/\/widevape.com\/hu\/wp-json\/wp\/v2\/product"}],"about":[{"href":"https:\/\/widevape.com\/hu\/wp-json\/wp\/v2\/types\/product"}],"replies":[{"embeddable":true,"href":"https:\/\/widevape.com\/hu\/wp-json\/wp\/v2\/comments?post=29481"}],"wp:featuredmedia":[{"embeddable":true,"href":"https:\/\/widevape.com\/hu\/wp-json\/wp\/v2\/media\/29483"}],"wp:attachment":[{"href":"https:\/\/widevape.com\/hu\/wp-json\/wp\/v2\/media?parent=29481"}],"wp:term":[{"taxonomy":"product_brand","embeddable":true,"href":"https:\/\/widevape.com\/hu\/wp-json\/wp\/v2\/product_brand?post=29481"},{"taxonomy":"product_cat","embeddable":true,"href":"https:\/\/widevape.com\/hu\/wp-json\/wp\/v2\/product_cat?post=29481"},{"taxonomy":"product_tag","embeddable":true,"href":"https:\/\/widevape.com\/hu\/wp-json\/wp\/v2\/product_tag?post=29481"}],"curies":[{"name":"wp","href":"https:\/\/api.w.org\/{rel}","templated":true}]}}