{"id":16859,"date":"2025-02-12T04:21:39","date_gmt":"2025-02-12T03:21:39","guid":{"rendered":"https:\/\/widevape.com\/?post_type=product&#038;p=16859"},"modified":"2026-01-19T07:51:43","modified_gmt":"2026-01-19T06:51:43","slug":"waspe-crystal-40000-zuege-doppio-sapore-schermo-digitale-0-2-5-basso-nicotina-ricaricabile-monouso-e-sigaretta-allingrosso","status":"publish","type":"product","link":"https:\/\/widevape.com\/it\/product\/waspe-crystal-40000-zuege-doppelgeschmack-digitaler-bildschirm-0-2-5-niedriger-nikotinanteil-wiederaufladbare-einweg-e-zigarette-grosshandel\/","title":{"rendered":"WASPE Crystal 40000 soffi a doppio gusto schermo digitale 0%, 2%, 5% bassa nicotina ricaricabile sigaretta elettronica usa e getta all'ingrosso"},"content":{"rendered":"<h2><\/h2>\n<div style=\"width: 1020px;\" class=\"wp-video\"><video class=\"wp-video-shortcode\" id=\"video-16859-1\" width=\"1020\" height=\"1020\" preload=\"metadata\" controls=\"controls\"><source type=\"video\/mp4\" src=\"https:\/\/widevape.com\/wp-content\/uploads\/2025\/02\/WASPE-Crystal-40000.mp4?_=1\" \/><a href=\"https:\/\/widevape.com\/wp-content\/uploads\/2025\/02\/WASPE-Crystal-40000.mp4\">https:\/\/widevape.com\/wp-content\/uploads\/2025\/02\/WASPE-Crystal-40000.mp4<\/a><\/video><\/div>\n<h2><a href=\"https:\/\/widevape.com\/it\/categoria-di-prodotto\/sigarette-elettroniche-monouso-waspe\/\">WASPE<\/a> Crystal 40000 puff: l'esperienza di svapo usa e getta per eccellenza<\/h2>\n<p>Siete alla ricerca di un vape monouso di qualit\u00e0 superiore che offra un'esperienza di lunga durata con composizioni di aromi eccezionali? <strong>WASPE Crystal 40000 soffi<\/strong> Questa innovativa svapata monouso offre un'incredibile durata di 40.000 puff, che la rende una delle opzioni pi\u00f9 longeve sul mercato. Combina caratteristiche all'avanguardia come l'opzione a doppio aroma, la possibilit\u00e0 di ricaricare e un display a LED per migliorare l'esperienza di svapo. Disponibile in diverse gradazioni di nicotina (0%, 2% e 5%) e in una variet\u00e0 di gusti entusiasmanti, questa svapata \u00e8 perfetta per i vapers occasionali e per quelli esperti che cercano il massimo del comfort e delle prestazioni.<\/p>\n<p>Come una delle pi\u00f9 grandi piattaforme online per vapes monouso in Europa, tra cui Germania, Paesi Bassi, Belgio e Spagna, offre <b>Widevape <\/b>La nostra piattaforma offre prezzi all'ingrosso competitivi e un'esperienza facile da usare sia per i rivenditori che per i clienti finali.<\/p>\n<h2>Caratteristiche principali del cristallo WASPE <a href=\"https:\/\/widevape.com\/it\/categoria-di-prodotto\/sigarette-elettroniche-monouso-in-treno\/40000-sigarette-elettroniche-monouso\/\">40000 treni<\/a><\/h2>\n<p>Il <strong>WASPE Crystal 40000 soffi<\/strong> <a href=\"https:\/\/widevape.com\/it\/\">Vape usa e getta<\/a> Di seguito troverete le caratteristiche principali di questo prodotto che lo rendono una scelta obbligata per gli amanti del vapore:<\/p>\n<ul>\n<li><strong>Treni<\/strong>40.000 boccate per un'esperienza di vapore di lunga durata.<\/li>\n<li><strong>Doppio gusto<\/strong>Offre due gusti diversi in un unico dispositivo, in modo da poter godere di un'esperienza di gusto varia e intensa ad ogni boccata.<\/li>\n<li><strong>Bobina di rete<\/strong>Le doppie bobine a rete da 0,9 ohm (ciascuna per un aroma) assicurano una produzione di vapore uniforme e continua e una piacevole svapata.<\/li>\n<li><strong>Capacit\u00e0 del liquido elettronico<\/strong>Ogni dispositivo \u00e8 pre-riempito con 32 ml di e-liquid, in modo da poter svapare per un periodo di tempo pi\u00f9 lungo.<\/li>\n<li><strong>Nicotina<\/strong>Scegliete tra tre gradazioni di nicotina - 0%, 2% e 5% - per soddisfare le vostre preferenze individuali.<\/li>\n<li><strong>Capacit\u00e0 della batteria<\/strong>Dotato di una potente batteria da 850 mAh che consente tempi di utilizzo pi\u00f9 lunghi tra una ricarica e l'altra.<\/li>\n<li><strong>Ricaricabile via Type-C<\/strong>A differenza della maggior parte dei vapers usa e getta, questo modello \u00e8 ricaricabile tramite Type-C, il che prolunga la vita del dispositivo e garantisce di ottenere il massimo da ogni boccata.<\/li>\n<li><strong>Display a LED<\/strong>Il display a LED integrato mostra informazioni importanti come lo stato della batteria, in modo da poter tenere sempre sotto controllo l'utilizzo e le esigenze di ricarica.<\/li>\n<li><strong>Leggero e compatto<\/strong>Con un peso di soli 105 grammi e dimensioni di 61 mm x 31 mm x 115 mm, questa sigaretta \u00e8 facile da trasportare senza compromettere le prestazioni.<\/li>\n<li><strong>Confezione sfusa<\/strong>Ogni scatola contiene 200 dispositivi, 10 dispositivi per scatola: l'ideale per acquirenti e rivenditori all'ingrosso.<\/li>\n<li><strong>Costruzione resistente<\/strong>I treni WASPE Crystal 40000 sono progettati per un uso regolare e si distinguono per la loro durata e qualit\u00e0.<\/li>\n<\/ul>\n<h2>I gusti del WASPE Crystal 40000 puff<\/h2>\n<p>Il <strong>WASPE Crystal 40000 soffi<\/strong> offre una variet\u00e0 di opzioni eccitanti e bilanciate dal punto di vista del sapore che porteranno la vostra esperienza di svapo a un livello superiore. Ogni aroma \u00e8 stato creato per fornire un'esperienza intensa e piacevole che soddisfer\u00e0 i desideri di tutti i vapers. Ecco una panoramica dettagliata degli aromi disponibili:<\/p>\n<h4>1. <strong>Ghiaccio all'anguria e limone al lime<\/strong><\/h4>\n<p>Il sapore dell'anguria fornisce una base dolce, mentre il lime aggiunge una nota piccante e rinfrescante, perfetta per l'estate!<\/p>\n<h4>2. <strong>Red Bull Ice e Fragola Mango<\/strong><\/h4>\n<p>Una combinazione rinvigorente del noto sapore Red Bull e della dolcezza tropicale della fragola e del mango, il finale fresco offre una sensazione rinfrescante ed \u00e8 ideale per chi cerca un'esperienza di vaping rinvigorente.<\/p>\n<h4>3. <strong>Red Bull alla fragola e ciliegia al mirtillo<\/strong><\/h4>\n<p>Un duo intenso che combina il sapore energico della Red Bull con la dolcezza della fragola, completata da mirtillo e ciliegia per una combinazione di sapori complessi e fruttati che \u00e8 allo stesso tempo rinvigorente e deliziosa.<\/p>\n<h4>4. <strong>Caramelle al mirtillo e anguria alla fragola<\/strong><\/h4>\n<p>Per gli amanti dei sapori dolci, questa miscela offre una combinazione di mirtilli e fragole mescolati con un pizzico di glassa che ricorda i dolci. Le note dolci e fruttate offrono un'esperienza di vaping nostalgica e dolce.<\/p>\n<h4>5. <strong>Kiwi alla fragola e ciliegia alla fragola<\/strong><\/h4>\n<p>Le fragole e il kiwi si uniscono per creare una miscela rinfrescante, mentre la ciliegia dolce completa il quadro generale. Questo gusto offre il perfetto equilibrio tra il fruttato e una nota leggermente aspra.<\/p>\n<h4>6. <strong>Mirtillo, lampone e pesca ghiacciata<\/strong><\/h4>\n<p>Un'esperienza fruttata che combina la dolcezza dei mirtilli e dei lamponi con il sapore fresco delle bacche di pesca. Il finale fresco offre un'impressione di vapore rinfrescante e piacevole.<\/p>\n<h4>7. <strong>Fragola, lampone, ciliegia e amore 666<\/strong><\/h4>\n<p>Un seducente trio di fragole, lamponi e ciliegie, completato dal misterioso aroma \"Love 666\". Questa miscela \u00e8 dolce, fruttata ed eccitante allo stesso tempo.<\/p>\n<h4>8. <strong>Ghiaccio alla pesca e anguria Mango alla pesca<\/strong><\/h4>\n<p>Un'esperienza di sapore tropicale che combina le pesche dolci con l'anguria e il mango; il finale ghiacciato fornisce una spinta fresca e rende questa miscela una scelta perfetta per le calde giornate estive.<\/p>\n<h4>9. <strong>Ghiaccio alla fragola, alla banana e all'ananas e cocco<\/strong><\/h4>\n<p>Una miscela cremosa e tropicale di fragole e banane, arricchita da un rinfrescante sapore di gelato all'ananas e al cocco, questa combinazione offre un'esperienza di vaping morbida e fresca.<\/p>\n<h4>10. <strong>Ghiaccio d'uva e ghiaccio del drago nero<\/strong><\/h4>\n<p>Un sapore intenso con la dolcezza dell'uva e l'aroma esotico del \"Drago Nero\". Il finale ghiacciato al mentolo rende la svapata rinfrescante e rinvigorente, che piacer\u00e0 ai fan del mentolo.<\/p>\n<h4>11. <strong>Frutti di bosco e limonata di lamponi<\/strong><\/h4>\n<p>Una miscela fruttata di bacche miste e limonata al lampone, questa combinazione di sapori unisce dolcezza e asprezza per un'esperienza di svapo rinfrescante con una nota piccante.<\/p>\n<h4>12. <strong>Ghiaccio al mirtillo e ghiaccio alla ciliegia<\/strong><\/h4>\n<p>La miscela perfetta di mirtilli dolci e del classico sapore di ciliegia cola, combinata con un finale di mentolo ghiacciato, questa combinazione rinfrescante e frizzante delizier\u00e0 gli amanti dei sapori della cola e del mentolo.<\/p>\n<h2>Perch\u00e9 <strong>WASPE Crystal 40000 soffi<\/strong> per i grossisti?<\/h2>\n<ul>\n<li><strong>Valore ineguagliabile<\/strong>Con un massimo di 40.000 soffi per unit\u00e0, il WASPE Crystal offre un valore eccezionale, soprattutto quando si acquista in blocco.<\/li>\n<li><strong>Sconti all'ingrosso<\/strong>Widevape offre prezzi competitivi per gli acquirenti all'ingrosso e all'ingrosso in Germania, Paesi Bassi, Belgio e Spagna - ideale per i rivenditori e i negozianti.<\/li>\n<li><strong>Ricaricabile<\/strong>La ricaricabilit\u00e0 Type-C garantisce una maggiore durata del dispositivo e consente di massimizzare l'investimento.<\/li>\n<li><strong>Alta qualit\u00e0<\/strong>Il WASPE Crystal 40000 puffs \u00e8 un prodotto di alta qualit\u00e0, progettato per un uso regolare e apprezzato dai vapers pi\u00f9 esigenti.<\/li>\n<\/ul>\n<h2>Ordinare il <strong>WASPE Crystal 40000 soffi<\/strong> con <a href=\"https:\/\/widevape.com\/it\/\">Widevape<\/a><\/h2>\n<p>Per le migliori offerte per <strong>WASPE Crystal 40000 soffi<\/strong> Come piattaforma leader in Europa per la vendita all'ingrosso di vapes usa e getta, offriamo prezzi imbattibili e consegne rapide e assicurate in paesi come la Germania, i Paesi Bassi, il Belgio e la Spagna. Sia che tu stia ordinando per uso personale o cercando di rifornire le tue scorte al dettaglio, con noi troverai tutto ci\u00f2 di cui hai bisogno.<\/p>\n<p>Supportiamo diversi metodi di pagamento, tra cui PayPal, carte di credito, iDEAL (per i Paesi Bassi), Bancontact (per il Belgio) e bonifici bancari SEPA per un pagamento conveniente.<\/p>\n<p>eme transazione in tutta Europa.<\/p>\n<h2>Conclusione<\/h2>\n<p>Il <strong>WASPE Crystal 40000 soffi<\/strong> Il vape usa e getta \u00e8 un prodotto rivoluzionario che offre prestazioni eccezionali, variet\u00e0 di aromi e facilit\u00e0 d'uso. Con la sua lunga durata, i doppi aromi e la ricaricabilit\u00e0, \u00e8 la scelta perfetta per i vapers che apprezzano la qualit\u00e0 e la convenienza. Visita Widevape per effettuare il tuo ordine oggi stesso e ricevere sconti esclusivi su ordini di massa di questo essenziale vape usa e getta!<\/p>\n<p><img loading=\"lazy\" decoding=\"async\" class=\"alignnone wp-image-17211 size-full\" src=\"https:\/\/widevape.com\/wp-content\/uploads\/2025\/02\/WASPE_Crysta-9.webp\" alt=\"WASPE Crystal 40000 soffi a doppio gusto schermo digitale 0%, 2%, 5% bassa nicotina ricaricabile sigaretta elettronica usa e getta all&#039;ingrosso\" width=\"1060\" height=\"1060\" srcset=\"https:\/\/widevape.com\/wp-content\/uploads\/2025\/02\/WASPE_Crysta-9.webp 1060w, https:\/\/widevape.com\/wp-content\/uploads\/2025\/02\/WASPE_Crysta-9-247x247.webp 247w, https:\/\/widevape.com\/wp-content\/uploads\/2025\/02\/WASPE_Crysta-9-100x100.webp 100w, https:\/\/widevape.com\/wp-content\/uploads\/2025\/02\/WASPE_Crysta-9-510x510.webp 510w, https:\/\/widevape.com\/wp-content\/uploads\/2025\/02\/WASPE_Crysta-9-300x300.webp 300w, https:\/\/widevape.com\/wp-content\/uploads\/2025\/02\/WASPE_Crysta-9-1024x1024.webp 1024w, https:\/\/widevape.com\/wp-content\/uploads\/2025\/02\/WASPE_Crysta-9-150x150.webp 150w, https:\/\/widevape.com\/wp-content\/uploads\/2025\/02\/WASPE_Crysta-9-768x768.webp 768w\" sizes=\"auto, (max-width: 1060px) 100vw, 1060px\" \/> <img loading=\"lazy\" decoding=\"async\" class=\"alignnone wp-image-17210 size-full\" src=\"https:\/\/widevape.com\/wp-content\/uploads\/2025\/02\/WASPE_Crysta-8.webp\" alt=\"WASPE Crystal 40000 soffi a doppio gusto schermo digitale 0%, 2%, 5% bassa nicotina ricaricabile sigaretta elettronica usa e getta all&#039;ingrosso\" width=\"1060\" height=\"1060\" srcset=\"https:\/\/widevape.com\/wp-content\/uploads\/2025\/02\/WASPE_Crysta-8.webp 1060w, https:\/\/widevape.com\/wp-content\/uploads\/2025\/02\/WASPE_Crysta-8-247x247.webp 247w, https:\/\/widevape.com\/wp-content\/uploads\/2025\/02\/WASPE_Crysta-8-100x100.webp 100w, https:\/\/widevape.com\/wp-content\/uploads\/2025\/02\/WASPE_Crysta-8-510x510.webp 510w, https:\/\/widevape.com\/wp-content\/uploads\/2025\/02\/WASPE_Crysta-8-300x300.webp 300w, https:\/\/widevape.com\/wp-content\/uploads\/2025\/02\/WASPE_Crysta-8-1024x1024.webp 1024w, https:\/\/widevape.com\/wp-content\/uploads\/2025\/02\/WASPE_Crysta-8-150x150.webp 150w, https:\/\/widevape.com\/wp-content\/uploads\/2025\/02\/WASPE_Crysta-8-768x768.webp 768w\" sizes=\"auto, (max-width: 1060px) 100vw, 1060px\" \/> <img loading=\"lazy\" decoding=\"async\" class=\"alignnone wp-image-17209 size-full\" src=\"https:\/\/widevape.com\/wp-content\/uploads\/2025\/02\/WASPE_Crysta-7.webp\" alt=\"WASPE Crystal 40000 soffi a doppio gusto schermo digitale 0%, 2%, 5% bassa nicotina ricaricabile sigaretta elettronica usa e getta all&#039;ingrosso\" width=\"1060\" height=\"1060\" srcset=\"https:\/\/widevape.com\/wp-content\/uploads\/2025\/02\/WASPE_Crysta-7.webp 1060w, https:\/\/widevape.com\/wp-content\/uploads\/2025\/02\/WASPE_Crysta-7-247x247.webp 247w, https:\/\/widevape.com\/wp-content\/uploads\/2025\/02\/WASPE_Crysta-7-100x100.webp 100w, https:\/\/widevape.com\/wp-content\/uploads\/2025\/02\/WASPE_Crysta-7-510x510.webp 510w, https:\/\/widevape.com\/wp-content\/uploads\/2025\/02\/WASPE_Crysta-7-300x300.webp 300w, https:\/\/widevape.com\/wp-content\/uploads\/2025\/02\/WASPE_Crysta-7-1024x1024.webp 1024w, https:\/\/widevape.com\/wp-content\/uploads\/2025\/02\/WASPE_Crysta-7-150x150.webp 150w, https:\/\/widevape.com\/wp-content\/uploads\/2025\/02\/WASPE_Crysta-7-768x768.webp 768w\" sizes=\"auto, (max-width: 1060px) 100vw, 1060px\" \/> <img loading=\"lazy\" decoding=\"async\" class=\"alignnone wp-image-17208 size-full\" src=\"https:\/\/widevape.com\/wp-content\/uploads\/2025\/02\/WASPE_Crysta-6.webp\" alt=\"WASPE Crystal 40000 soffi a doppio gusto schermo digitale 0%, 2%, 5% bassa nicotina ricaricabile sigaretta elettronica usa e getta all&#039;ingrosso\" width=\"1060\" height=\"1060\" srcset=\"https:\/\/widevape.com\/wp-content\/uploads\/2025\/02\/WASPE_Crysta-6.webp 1060w, https:\/\/widevape.com\/wp-content\/uploads\/2025\/02\/WASPE_Crysta-6-247x247.webp 247w, https:\/\/widevape.com\/wp-content\/uploads\/2025\/02\/WASPE_Crysta-6-100x100.webp 100w, https:\/\/widevape.com\/wp-content\/uploads\/2025\/02\/WASPE_Crysta-6-510x510.webp 510w, https:\/\/widevape.com\/wp-content\/uploads\/2025\/02\/WASPE_Crysta-6-300x300.webp 300w, https:\/\/widevape.com\/wp-content\/uploads\/2025\/02\/WASPE_Crysta-6-1024x1024.webp 1024w, https:\/\/widevape.com\/wp-content\/uploads\/2025\/02\/WASPE_Crysta-6-150x150.webp 150w, https:\/\/widevape.com\/wp-content\/uploads\/2025\/02\/WASPE_Crysta-6-768x768.webp 768w\" sizes=\"auto, (max-width: 1060px) 100vw, 1060px\" \/><\/p>","protected":false},"excerpt":{"rendered":"<p>Il <strong>WASPE Crystal 40000 soffi<\/strong> \u00e8 un vape monouso avanzato e ricaricabile con capacit\u00e0 di 40.000 puff, opzione dual flavour, e-liquid da 32 ml, intensit\u00e0 di nicotina variabile (0%, 2%, 5%) e un pratico display a LED, disponibile in diverse ed entusiasmanti combinazioni di sapori e perfetto per i grossisti.<\/p>","protected":false},"featured_media":17202,"comment_status":"open","ping_status":"closed","template":"","meta":[],"product_brand":[],"product_cat":[112,92,93,37,94,61,90,71,96],"product_tag":[],"class_list":{"0":"post-16859","1":"product","2":"type-product","3":"status-publish","4":"has-post-thumbnail","6":"product_cat-40000-zuege-einweg-e-zigaretten","7":"product_cat-digitale-box-einweg-e-zigaretten","8":"product_cat-dual-mesh-einweg-e-zigaretten","9":"product_cat-einweg-e-zigaretten","10":"product_cat-einweg-e-zigaretten-mit-niedriger-nikotinstaerke","11":"product_cat-einweg-e-zigaretten-nach-zuegen","12":"product_cat-grosse-einweg-e-zigaretten","13":"product_cat-waspe-einweg-e-zigaretten","14":"product_cat-wiederaufladbare-einweg-e-zigaretten","16":"first","17":"outofstock","18":"shipping-taxable","19":"purchasable","20":"product-type-variable"},"_links":{"self":[{"href":"https:\/\/widevape.com\/it\/wp-json\/wp\/v2\/product\/16859","targetHints":{"allow":["GET"]}}],"collection":[{"href":"https:\/\/widevape.com\/it\/wp-json\/wp\/v2\/product"}],"about":[{"href":"https:\/\/widevape.com\/it\/wp-json\/wp\/v2\/types\/product"}],"replies":[{"embeddable":true,"href":"https:\/\/widevape.com\/it\/wp-json\/wp\/v2\/comments?post=16859"}],"wp:featuredmedia":[{"embeddable":true,"href":"https:\/\/widevape.com\/it\/wp-json\/wp\/v2\/media\/17202"}],"wp:attachment":[{"href":"https:\/\/widevape.com\/it\/wp-json\/wp\/v2\/media?parent=16859"}],"wp:term":[{"taxonomy":"product_brand","embeddable":true,"href":"https:\/\/widevape.com\/it\/wp-json\/wp\/v2\/product_brand?post=16859"},{"taxonomy":"product_cat","embeddable":true,"href":"https:\/\/widevape.com\/it\/wp-json\/wp\/v2\/product_cat?post=16859"},{"taxonomy":"product_tag","embeddable":true,"href":"https:\/\/widevape.com\/it\/wp-json\/wp\/v2\/product_tag?post=16859"}],"curies":[{"name":"wp","href":"https:\/\/api.w.org\/{rel}","templated":true}]}}