{"id":17218,"date":"2025-02-12T07:35:39","date_gmt":"2025-02-12T06:35:39","guid":{"rendered":"https:\/\/widevape.com\/?post_type=product&#038;p=17218"},"modified":"2026-01-19T07:47:08","modified_gmt":"2026-01-19T06:47:08","slug":"jnr-vape-watch-30000-sigaretta-10-sapori-tecnologia-a-doppia-maglia-2-nicotina-ricaricabile-sigaretta-elettronica-usa-e-getta-per-lingrosso","status":"publish","type":"product","link":"https:\/\/widevape.com\/it\/product\/jnr-vape-watch-30000-zuege-10-geschmacksrichtungen-dual-mesh-technologie-2-nikotin-wiederaufladbare-einweg-e-zigarette-fuer-grosshandel\/","title":{"rendered":"JNR Vape Watch 30000 puff - 10 gusti, tecnologia a doppia maglia, nicotina 2%, sigaretta elettronica ricaricabile usa e getta per la vendita all'ingrosso"},"content":{"rendered":"<div style=\"width: 1020px;\" class=\"wp-video\"><video class=\"wp-video-shortcode\" id=\"video-17218-1\" width=\"1020\" height=\"574\" preload=\"metadata\" controls=\"controls\"><source type=\"video\/mp4\" src=\"https:\/\/widevape.com\/wp-content\/uploads\/2025\/02\/JNR-Vape-Watch-30000.mp4?_=1\" \/><a href=\"https:\/\/widevape.com\/wp-content\/uploads\/2025\/02\/JNR-Vape-Watch-30000.mp4\">https:\/\/widevape.com\/wp-content\/uploads\/2025\/02\/JNR-Vape-Watch-30000.mp4<\/a><\/video><\/div>\n<h2 class=\"mb-2 mt-6 text-lg first:mt-3\"><strong><a href=\"https:\/\/widevape.com\/it\/categoria-di-prodotto\/sigarette-elettroniche-usa-e-getta-jnr\/\">JNR<\/a> Vape Watch 30000 puff: il futuro del vaping<\/strong><\/h2>\n<p>Il\u00a0<strong>JNR Vape Watch 30000 boccate<\/strong>\u00a0\u00e8 una rivoluzionaria sigaretta elettronica usa e getta che unisce design, funzionalit\u00e0 e prestazioni in un prodotto unico. Con un'impressionante capacit\u00e0 di 30.000 boccate, l'innovativa tecnologia dual mesh coil e una pratica funzione smartwatch, questo dispositivo stabilisce nuovi standard nel campo delle sigarette usa e getta. Disponibile in esclusiva da\u00a0<strong>WideVape<\/strong>la principale piattaforma di vendita all'ingrosso di sigarette elettroniche in Germania, Paesi Bassi, Belgio e Spagna, JNR Vape Watch offre un'esperienza di vaping senza pari ai clienti pi\u00f9 esigenti.<\/p>\n<h2 class=\"mb-2 mt-6 text-lg first:mt-3\"><strong>Caratteristiche principali dell'orologio JNR Vape Watch <a href=\"https:\/\/widevape.com\/it\/categoria-di-prodotto\/sigarette-elettroniche-monouso-in-treno\/30000-sigarette-elettroniche-monouso\/\">30000 treni<\/a><\/strong><\/h2>\n<ol class=\"marker:text-textOff list-decimal\">\n<li><strong>Funzionalit\u00e0 smartwatch<\/strong><br \/>\nOltre a svapare, gli utenti possono effettuare chiamate, ricevere messaggi di testo e persino controllare a distanza la fotocamera dello smartphone: un vero e proprio dispositivo multitasking.<\/li>\n<li><strong>30.000 treni Capacit\u00e0<\/strong><br \/>\nCon una durata record di 30.000 puff, il JNR Vape Watch \u00e8 ideale per gli utenti di lunga data e riduce la necessit\u00e0 di sostituzioni frequenti.<\/li>\n<li><strong>Tecnologia della bobina a doppia maglia<\/strong><br \/>\nL'avanzata bobina a doppia maglia assicura un sapore intenso e una produzione di vapore uniforme ad ogni boccata.<\/li>\n<li><strong>19ml di e-liquido con 2 % di nicotina<\/strong><br \/>\nIl dispositivo \u00e8 pre-riempito con un liquido di alta qualit\u00e0 a bassa concentrazione di nicotina, perfetto per un'esperienza di vaping fluida.<\/li>\n<li><strong>Batteria ricaricabile con funzione di ricarica rapida<\/strong><br \/>\nLa potente batteria da 1000 mAh supporta la ricarica rapida tramite USB-C e garantisce una lunga durata.<\/li>\n<li><strong>Design dell'orologio staccabile<\/strong><br \/>\nIl JNR Vape Watch pu\u00f2 essere indossato come un elegante smartwatch o rimosso dal braccialetto: la massima flessibilit\u00e0 quando si viaggia.<\/li>\n<li><strong>Integrazione delle app di facile utilizzo<\/strong><br \/>\nFunzioni come \"Trova il mio telefono\" e la funzione di blocco privato fanno di questo dispositivo un vero e proprio tuttofare.<\/li>\n<li><strong>Leggero e portatile<\/strong><br \/>\nNonostante la sua versatilit\u00e0, il JNR Vape Watch rimane compatto e facile da trasportare.<\/li>\n<\/ol>\n<h2 class=\"mb-2 mt-6 text-lg first:mt-3\"><strong>Perch\u00e9 l'orologio JNR Vape Watch <a href=\"https:\/\/widevape.com\/it\/\">WideVape<\/a> comprare?<\/strong><\/h2>\n<p>WideVape \u00e8 il principale fornitore all'ingrosso di vapes monouso in Europa e la nostra piattaforma non solo offre i migliori prezzi, ma anche un servizio di prima classe:<\/p>\n<ul class=\"marker:text-textOff list-disc\">\n<li><strong>Consegna rapida:<\/strong>\u00a0Spedizione affidabile in tutti i paesi dell'UE.<\/li>\n<li><strong>Opzioni di pagamento flessibili:<\/strong>\u00a0Oltre a PayPal e alla carta di credito, accettiamo iDEAL (Paesi Bassi), Bancontact (Belgio) e i bonifici bancari SEPA.<\/li>\n<li><strong>Sconti esclusivi:<\/strong>\u00a0Offerte interessanti per i principali clienti.<\/li>\n<li><strong>Esperienza:<\/strong>\u00a0Con oltre dieci anni di esperienza nella vendita di sigarette elettroniche, garantiamo la massima qualit\u00e0.<\/li>\n<\/ul>\n<h2 class=\"mb-2 mt-6 text-lg first:mt-3\"><strong>Gusti: variet\u00e0 per tutti i gusti<\/strong><\/h2>\n<p>JNR Vape Watch \u00e8 disponibile in dieci gusti accuratamente selezionati, che offrono aromi classici ed esotici:<\/p>\n<ol class=\"marker:text-textOff list-decimal\">\n<li><strong>Blu Razz Ice:<\/strong>\u00a0Una miscela rinfrescante di mirtillo dolce e mentolo fresco, perfetta per le calde giornate estive.<\/li>\n<li><strong>Ghiaccio alla fragola:<\/strong>\u00a0Fragole succose combinate con un pizzico di freschezza.<\/li>\n<li><strong>Ghiaccio all'anguria:<\/strong>\u00a0Il sapore dell'anguria matura incontra la freschezza del ghiaccio.<\/li>\n<li><strong>Zecca di Miami:<\/strong>\u00a0Gusto menta tropicale ispirato alla vivace atmosfera di Miami.<\/li>\n<li><strong>Fragola e banana:<\/strong>\u00a0Una combinazione cremosa di fragole dolci e banane mature.<\/li>\n<li><strong>Tripla bacca:<\/strong>\u00a0Un mix fruttato di lamponi, mirtilli e more.<\/li>\n<li><strong>Ghiaccio alla mela acida:<\/strong>\u00a0Mela verde croccante con una nota leggermente acidula e un finale gelido.<\/li>\n<li><strong>Anguria ai mirtilli:<\/strong>\u00a0Una miscela armoniosa di mirtilli succosi e anguria rinfrescante.<\/li>\n<li><strong>Georgia Peach:<\/strong>\u00a0Il sapore autentico delle pesche maturate al sole della Georgia.<\/li>\n<li><strong>Arancia e mango:<\/strong>\u00a0Una combinazione esotica di arancia piccante e mango dolce.<\/li>\n<\/ol>\n<p>Ogni aroma \u00e8 stato sviluppato per fornire un aroma intenso e una piacevole esperienza di svapo.<\/p>\n<h2 class=\"mb-2 mt-6 text-lg first:mt-3\"><strong>Vantaggi di <a href=\"https:\/\/widevape.com\/it\/\">Vapori usa e getta<\/a><\/strong><\/h2>\n<p>Le sigarette elettroniche monouso, come JNR Vape Watch, stanno diventando sempre pi\u00f9 popolari grazie alla loro facilit\u00e0 d'uso:<\/p>\n<ul class=\"marker:text-textOff list-disc\">\n<li>Non \u00e8 necessaria alcuna manutenzione o ricarica.<\/li>\n<li>Design compatto, ideale per i viaggi.<\/li>\n<li>Pre-riempito con liquido di alta qualit\u00e0 per prestazioni costanti.<\/li>\n<li>Sono disponibili opzioni pi\u00f9 ecologiche.<\/li>\n<\/ul>\n<p>Queste propriet\u00e0 rendono i vapers usa e getta la scelta preferita dai principianti e dai vapers esperti.<\/p>\n<h2 class=\"mb-2 mt-6 text-lg first:mt-3\"><strong>Conclusione: la scelta migliore per il commercio all'ingrosso<\/strong><\/h2>\n<p>JNR Vape Watch 30000 puff non \u00e8 solo una sigaretta elettronica usa e getta, ma un dispositivo multifunzionale che combina convenienza, stile e prestazioni. Che tu sia un rivenditore o un utente finale che desidera acquistare all'ingrosso, WideVape ti offre le migliori offerte sul mercato.<\/p>\n<p>Visita WideVape oggi per rinunciare al tuo ordine e sperimenta la piattaforma leader dell'Europa per l'ingrosso da vapori usa e getta!<\/p>\n<p><img loading=\"lazy\" decoding=\"async\" class=\"alignnone wp-image-17240 size-full\" src=\"https:\/\/widevape.com\/wp-content\/uploads\/2025\/02\/JNR_Vape_Watch_30000-6-2.webp\" alt=\"JNR Vape Watch 30000 puff - 10 gusti, tecnologia a doppia maglia, nicotina 2%, sigaretta elettronica ricaricabile usa e getta per la vendita all&#039;ingrosso\" width=\"1080\" height=\"1080\" srcset=\"https:\/\/widevape.com\/wp-content\/uploads\/2025\/02\/JNR_Vape_Watch_30000-6-2.webp 1080w, https:\/\/widevape.com\/wp-content\/uploads\/2025\/02\/JNR_Vape_Watch_30000-6-2-247x247.webp 247w, https:\/\/widevape.com\/wp-content\/uploads\/2025\/02\/JNR_Vape_Watch_30000-6-2-100x100.webp 100w, https:\/\/widevape.com\/wp-content\/uploads\/2025\/02\/JNR_Vape_Watch_30000-6-2-510x510.webp 510w, https:\/\/widevape.com\/wp-content\/uploads\/2025\/02\/JNR_Vape_Watch_30000-6-2-300x300.webp 300w, https:\/\/widevape.com\/wp-content\/uploads\/2025\/02\/JNR_Vape_Watch_30000-6-2-1024x1024.webp 1024w, https:\/\/widevape.com\/wp-content\/uploads\/2025\/02\/JNR_Vape_Watch_30000-6-2-150x150.webp 150w, https:\/\/widevape.com\/wp-content\/uploads\/2025\/02\/JNR_Vape_Watch_30000-6-2-768x768.webp 768w\" sizes=\"auto, (max-width: 1080px) 100vw, 1080px\" \/> <img loading=\"lazy\" decoding=\"async\" class=\"alignnone wp-image-17239 size-full\" src=\"https:\/\/widevape.com\/wp-content\/uploads\/2025\/02\/JNR_Vape_Watch_30000-5.webp\" alt=\"JNR Vape Watch 30000 puff - 10 gusti, tecnologia a doppia maglia, nicotina 2%, sigaretta elettronica ricaricabile usa e getta per la vendita all&#039;ingrosso\" width=\"1060\" height=\"596\" srcset=\"https:\/\/widevape.com\/wp-content\/uploads\/2025\/02\/JNR_Vape_Watch_30000-5.webp 1060w, https:\/\/widevape.com\/wp-content\/uploads\/2025\/02\/JNR_Vape_Watch_30000-5-510x287.webp 510w, https:\/\/widevape.com\/wp-content\/uploads\/2025\/02\/JNR_Vape_Watch_30000-5-300x169.webp 300w, https:\/\/widevape.com\/wp-content\/uploads\/2025\/02\/JNR_Vape_Watch_30000-5-1024x576.webp 1024w, https:\/\/widevape.com\/wp-content\/uploads\/2025\/02\/JNR_Vape_Watch_30000-5-768x432.webp 768w\" sizes=\"auto, (max-width: 1060px) 100vw, 1060px\" \/><\/p>\n<p><img loading=\"lazy\" decoding=\"async\" class=\"alignnone\" src=\"https:\/\/widevape.com\/wp-content\/uploads\/2025\/02\/JNR_Vape_Watch_30000-1-2.webp\" alt=\"JNR Vape Watch 30000 puff - 10 gusti, tecnologia a doppia maglia, nicotina 2%, sigaretta elettronica ricaricabile usa e getta per la vendita all&#039;ingrosso\" width=\"1059\" height=\"596\" \/><\/p>\n<p><img loading=\"lazy\" decoding=\"async\" class=\"alignnone wp-image-17247 size-full\" src=\"https:\/\/widevape.com\/wp-content\/uploads\/2025\/02\/JNR_Vape_Watch_30000-1.webp\" alt=\"JNR Vape Watch 30000 puff - 10 gusti, tecnologia a doppia maglia, nicotina 2%, sigaretta elettronica ricaricabile usa e getta per la vendita all&#039;ingrosso\" width=\"1920\" height=\"1080\" srcset=\"https:\/\/widevape.com\/wp-content\/uploads\/2025\/02\/JNR_Vape_Watch_30000-1.webp 1920w, https:\/\/widevape.com\/wp-content\/uploads\/2025\/02\/JNR_Vape_Watch_30000-1-510x287.webp 510w, https:\/\/widevape.com\/wp-content\/uploads\/2025\/02\/JNR_Vape_Watch_30000-1-300x169.webp 300w, https:\/\/widevape.com\/wp-content\/uploads\/2025\/02\/JNR_Vape_Watch_30000-1-1024x576.webp 1024w, https:\/\/widevape.com\/wp-content\/uploads\/2025\/02\/JNR_Vape_Watch_30000-1-768x432.webp 768w, https:\/\/widevape.com\/wp-content\/uploads\/2025\/02\/JNR_Vape_Watch_30000-1-1536x864.webp 1536w\" sizes=\"auto, (max-width: 1920px) 100vw, 1920px\" \/><\/p>","protected":false},"excerpt":{"rendered":"<p>Il\u00a0<strong>JNR Vape Watch 30000 boccate<\/strong>\u00a0\u00e8 un'innovativa sigaretta elettronica usa e getta con funzione smartwatch, tecnologia dual mesh coil e un'impressionante capacit\u00e0 di 30.000 boccate che combina un design elegante con prestazioni di prima classe - disponibile in esclusiva da WideVape, il vostro esperto di vendita all'ingrosso in Europa.<\/p>","protected":false},"featured_media":17240,"comment_status":"open","ping_status":"closed","template":"","meta":[],"product_brand":[],"product_cat":[109,92,93,94,90,49,96],"product_tag":[],"class_list":{"0":"post-17218","1":"product","2":"type-product","3":"status-publish","4":"has-post-thumbnail","6":"product_cat-30000-zuege-einweg-e-zigaretten","7":"product_cat-digitale-box-einweg-e-zigaretten","8":"product_cat-dual-mesh-einweg-e-zigaretten","9":"product_cat-einweg-e-zigaretten-mit-niedriger-nikotinstaerke","10":"product_cat-grosse-einweg-e-zigaretten","11":"product_cat-jnr-einweg-e-zigaretten","12":"product_cat-wiederaufladbare-einweg-e-zigaretten","14":"first","15":"outofstock","16":"shipping-taxable","17":"purchasable","18":"product-type-variable"},"_links":{"self":[{"href":"https:\/\/widevape.com\/it\/wp-json\/wp\/v2\/product\/17218","targetHints":{"allow":["GET"]}}],"collection":[{"href":"https:\/\/widevape.com\/it\/wp-json\/wp\/v2\/product"}],"about":[{"href":"https:\/\/widevape.com\/it\/wp-json\/wp\/v2\/types\/product"}],"replies":[{"embeddable":true,"href":"https:\/\/widevape.com\/it\/wp-json\/wp\/v2\/comments?post=17218"}],"wp:featuredmedia":[{"embeddable":true,"href":"https:\/\/widevape.com\/it\/wp-json\/wp\/v2\/media\/17240"}],"wp:attachment":[{"href":"https:\/\/widevape.com\/it\/wp-json\/wp\/v2\/media?parent=17218"}],"wp:term":[{"taxonomy":"product_brand","embeddable":true,"href":"https:\/\/widevape.com\/it\/wp-json\/wp\/v2\/product_brand?post=17218"},{"taxonomy":"product_cat","embeddable":true,"href":"https:\/\/widevape.com\/it\/wp-json\/wp\/v2\/product_cat?post=17218"},{"taxonomy":"product_tag","embeddable":true,"href":"https:\/\/widevape.com\/it\/wp-json\/wp\/v2\/product_tag?post=17218"}],"curies":[{"name":"wp","href":"https:\/\/api.w.org\/{rel}","templated":true}]}}