{"id":17260,"date":"2025-02-12T17:09:00","date_gmt":"2025-02-12T16:09:00","guid":{"rendered":"https:\/\/widevape.com\/?post_type=product&#038;p=17260"},"modified":"2026-01-19T07:46:06","modified_gmt":"2026-01-19T06:46:06","slug":"jnr-mega-box-25000-zuege-30ml-e-liquido-ricaricabile-vape-usa-e-getta-con-dual-mesh-coil-0-2-5-nicotina-prezzi-allingrosso-a-widevape","status":"publish","type":"product","link":"https:\/\/widevape.com\/it\/product\/jnr-mega-box-25000-zuege-30ml-e-liquid-wiederaufladbare-einweg-vapes-mit-dual-mesh-coil-0-2-5-nikotin-grosshandelspreise-bei-widevape\/","title":{"rendered":"JNR Mega Box 25000 Puffs (30ml E-Liquid) - Vapes ricaricabili usa e getta con Dual Mesh Coil &amp; 0%\/2%\/5% Nicotine | Prezzi all'ingrosso da WideVape"},"content":{"rendered":"<h2><img loading=\"lazy\" decoding=\"async\" class=\"alignnone size-full wp-image-17323\" src=\"https:\/\/widevape.com\/wp-content\/uploads\/2025\/02\/JNR_Mega_Box_25000-10-2.webp\" alt=\"\" width=\"1059\" height=\"596\" srcset=\"https:\/\/widevape.com\/wp-content\/uploads\/2025\/02\/JNR_Mega_Box_25000-10-2.webp 1059w, https:\/\/widevape.com\/wp-content\/uploads\/2025\/02\/JNR_Mega_Box_25000-10-2-510x287.webp 510w, https:\/\/widevape.com\/wp-content\/uploads\/2025\/02\/JNR_Mega_Box_25000-10-2-300x169.webp 300w, https:\/\/widevape.com\/wp-content\/uploads\/2025\/02\/JNR_Mega_Box_25000-10-2-1024x576.webp 1024w, https:\/\/widevape.com\/wp-content\/uploads\/2025\/02\/JNR_Mega_Box_25000-10-2-768x432.webp 768w\" sizes=\"auto, (max-width: 1059px) 100vw, 1059px\" \/><\/h2>\n<h2 class=\"mb-2 mt-6 text-lg first:mt-3\"><a href=\"https:\/\/widevape.com\/it\/categoria-di-prodotto\/sigarette-elettroniche-usa-e-getta-jnr\/\">JNR<\/a> Mega Box 25000 puff: la scelta perfetta per un vaping di lunga durata e ricco di sapori<\/h2>\n<p>Il\u00a0<strong>JNR Mega Box 25000 treni<\/strong>\u00a0\u00e8 un innovativo dispositivo di svapo monouso progettato specificamente per i vapers pi\u00f9 esigenti che apprezzano la qualit\u00e0, le prestazioni e la facilit\u00e0 d'uso. Con una capacit\u00e0 impressionante di\u00a0<strong>25000 treni<\/strong>La tecnologia del vapore, la tecnologia pi\u00f9 avanzata e una variet\u00e0 di sapori, questo prodotto offre un'esperienza di vapore incomparabile.\u00a0<strong>WideVape<\/strong>il vostro principale fornitore all'ingrosso in Germania, Paesi Bassi, Belgio e Spagna, potete acquistare questo prodotto di prima qualit\u00e0 a prezzi imbattibili.<\/p>\n<h2 class=\"mb-2 mt-6 text-lg first:mt-3\"><strong>Caratteristiche principali di JNR Mega Box <a href=\"https:\/\/widevape.com\/it\/categoria-di-prodotto\/sigarette-elettroniche-monouso-in-treno\/25000-sigarette-elettroniche-monouso\/\">25000 treni<\/a><\/strong><\/h2>\n<p>La JNR Mega Box colpisce per le numerose caratteristiche innovative che la rendono una scelta eccellente per i dispositivi di svapo usa e getta:<\/p>\n<ul class=\"marker:text-textOff list-disc\">\n<li><strong>Diverse intensit\u00e0 di nicotina:<\/strong>\u00a0Disponibile con nicotina 0%, 2% e 5%, ideale per le preferenze individuali.<\/li>\n<li><strong>Numero di treni estremamente elevato:<\/strong>\u00a0Con un massimo di\u00a0<strong>25000 treni<\/strong>\u00a0questo dispositivo \u00e8 perfetto per il vaping di lunga durata.<\/li>\n<li><strong>Tecnologia a doppia bobina a rete:<\/strong>\u00a0Assicura un sapore intenso e una produzione di vapore costante.<\/li>\n<li><strong>Batteria da 850 mAh con ricarica rapida Type-C:<\/strong>\u00a0Ricaricabile e facile da usare per la massima flessibilit\u00e0.<\/li>\n<li><strong>Grande capacit\u00e0 di e-liquid:<\/strong>\u00a0Riempito con\u00a0<strong>Liquido elettronico da 30 ml<\/strong>per garantire una lunga durata senza bisogno di ricaricare.<\/li>\n<li><strong>Design compatto:<\/strong>\u00a0Leggero e portatile, ideale per i viaggi.<\/li>\n<\/ul>\n<h2 class=\"mb-2 mt-6 text-lg first:mt-3\"><strong>Perch\u00e9 <a href=\"https:\/\/widevape.com\/it\/\">WideVape<\/a> scegliere?<\/strong><\/h2>\n<p>WideVape \u00e8 il grossista leader per i vapori usa e getta in Europa. I nostri clienti beneficiano di:<\/p>\n<ol class=\"marker:text-textOff list-decimal\">\n<li><strong>Prezzi all'ingrosso interessanti:<\/strong>\u00a0Perfetto per i rivenditori o gli acquirenti che desiderano ordinare grandi quantit\u00e0.<\/li>\n<li><strong>Prodotti di alta qualit\u00e0 direttamente dal produttore:<\/strong>\u00a0Garantiamo l'autenticit\u00e0 e la qualit\u00e0.<\/li>\n<li><strong>Spedizione rapida in tutta Europa:<\/strong>\u00a0Consegna affidabile con copertura assicurativa.<\/li>\n<li><strong>Metodi di pagamento flessibili:<\/strong>\u00a0Oltre a PayPal e alle carte di credito, accettiamo anche iDEAL (Paesi Bassi), Bancontact (Belgio) e i bonifici bancari SEPA.<\/li>\n<\/ol>\n<h2 class=\"mb-2 mt-6 text-lg first:mt-3\"><strong>I sapori in dettaglio<\/strong><\/h2>\n<p>La JNR Mega Box offre un'impressionante selezione di gusti per tutti i gusti. Qui troverete una descrizione dettagliata dei gusti disponibili:<\/p>\n<ol class=\"marker:text-textOff list-decimal\">\n<li><strong>Cola frizzante alla ciliegia<\/strong>Gusto frizzante di cola con una nota di ciliegia dolce - rinfrescante e nostalgico.<\/li>\n<li><strong>Fragola e banana<\/strong>Una miscela cremosa di fragole succose e banane mature.<\/li>\n<li><strong>Mela acida<\/strong>Mele verdi croccanti dal sapore piacevolmente aspro.<\/li>\n<li><strong>Mirtillo Bubblegum<\/strong>Dolce sapore di mirtillo combinato con il classico gusto della gomma da masticare.<\/li>\n<li><strong>Ghiaccio al kiwi e anguria<\/strong>Il kiwi tropicale incontra la succosa anguria, completata da una fresca nota mentolata.<\/li>\n<li><strong>Triplo mango<\/strong>Tre variet\u00e0 esotiche di mango si combinano per creare un intenso sapore di frutta.<\/li>\n<li><strong>Anguria al lampone<\/strong>Una combinazione armoniosa di lampone aspro e anguria dolce.<\/li>\n<li><strong>Ghiaccio alla fragola e lampone<\/strong>Fragole e lamponi fruttati con una rinfrescante nota di gelato.<\/li>\n<li><strong>Mirtillo Aspro Lampone Fragola<\/strong>Una complessa miscela di sapori di bacche dolci e aspre.<\/li>\n<li><strong>Ghiaccio alla fragola, lampone e ciliegia<\/strong>Una tripla combinazione fruttata con un finale rinfrescante.<\/li>\n<li><strong>Blu Razz Ciliegia<\/strong>I mirtilli fruttati e dolci incontrano le ciliegie.<\/li>\n<li><strong>Pesca succosa<\/strong>Il sapore succoso delle pesche mature, dolce e aromatico.<\/li>\n<li><strong>Bacca di ciliegia<\/strong>Una deliziosa miscela di ciliegie e vari frutti di bosco.<\/li>\n<li><strong>Lemon &amp; Lime<\/strong>Aromi freschi di limone e lime per una delizia piccante.<\/li>\n<li><strong>Bacche miste<\/strong>Una selezione di bacche mature per un'esperienza fruttata intensa.<\/li>\n<li><strong>Mr. Blue<\/strong>Misteriosi frutti blu con un pizzico di freschezza - dal sapore unico.<\/li>\n<li><strong>Ghiaccio alla fragola<\/strong>Classico sapore di fragola con una nota fresca per le giornate calde.<\/li>\n<li><strong>Ghiaccio al mirtillo<\/strong>Mirtilli dolci abbinati a una rinfrescante brezza mentolata.<\/li>\n<li><strong>Ghiaccio all'anguria<\/strong>Anguria succosa combinata con un calcio gelido.<\/li>\n<li><strong>Birilli<\/strong>Un arcobaleno di gusti di caramelle fruttate, perfette per i pi\u00f9 golosi.<\/li>\n<\/ol>\n<h2 class=\"mb-2 mt-6 text-lg first:mt-3\"><strong>Perch\u00e9 acquistare all'ingrosso i treni JNR Mega Box 25000?<\/strong><\/h2>\n<p>Acquistare la JNR Mega Box all'ingrosso da WideVape offre numerosi vantaggi:<\/p>\n<ol class=\"marker:text-textOff list-decimal\">\n<li><strong>Risparmio sui costi:<\/strong>\u00a0Approfittate di interessanti sconti sui volumi per ordini pi\u00f9 consistenti.<\/li>\n<li><strong>Variet\u00e0 nella gamma:<\/strong>\u00a0Con 20 gusti unici, \u00e8 possibile soddisfare un'ampia gamma di richieste dei clienti o godersi la variet\u00e0.<\/li>\n<li><strong>Longevit\u00e0:<\/strong>\u00a0Grazie all'elevato numero di tiri, questo apparecchio \u00e8 ideale per gli utenti abituali o per i viaggi pi\u00f9 lunghi.<\/li>\n<\/ol>\n<h2 class=\"mb-2 mt-6 text-lg first:mt-3\">Ordina ora!<\/h2>\n<p>Visita WideVape oggi per scoprire la JNR Mega Box 25000 vapes! Con il nostro sito web facile da usare, i metodi di pagamento sicuri e la consegna veloce, rendiamo lo shopping facile e conveniente.<\/p>\n<p>WideVape - il vostro primo indirizzo per l'alta qualit\u00e0 <a href=\"https:\/\/widevape.com\/it\/\">Vapori usa e getta<\/a> in Europa!<\/p>\n<p><img loading=\"lazy\" decoding=\"async\" class=\"alignnone wp-image-17322 size-full\" src=\"https:\/\/widevape.com\/wp-content\/uploads\/2025\/02\/JNR_Mega_Box_25000-6.webp\" alt=\"JNR Mega Box 25000 Puffs (30ml E-Liquid) - Vapes ricaricabili usa e getta con Dual Mesh Coil &amp; 0%\/2%\/5% Nicotine | Prezzi all&#039;ingrosso da WideVape\" width=\"800\" height=\"800\" srcset=\"https:\/\/widevape.com\/wp-content\/uploads\/2025\/02\/JNR_Mega_Box_25000-6.webp 800w, https:\/\/widevape.com\/wp-content\/uploads\/2025\/02\/JNR_Mega_Box_25000-6-247x247.webp 247w, https:\/\/widevape.com\/wp-content\/uploads\/2025\/02\/JNR_Mega_Box_25000-6-100x100.webp 100w, https:\/\/widevape.com\/wp-content\/uploads\/2025\/02\/JNR_Mega_Box_25000-6-510x510.webp 510w, https:\/\/widevape.com\/wp-content\/uploads\/2025\/02\/JNR_Mega_Box_25000-6-300x300.webp 300w, https:\/\/widevape.com\/wp-content\/uploads\/2025\/02\/JNR_Mega_Box_25000-6-150x150.webp 150w, https:\/\/widevape.com\/wp-content\/uploads\/2025\/02\/JNR_Mega_Box_25000-6-768x768.webp 768w\" sizes=\"auto, (max-width: 800px) 100vw, 800px\" \/> <img loading=\"lazy\" decoding=\"async\" class=\"alignnone wp-image-17321 size-full\" src=\"https:\/\/widevape.com\/wp-content\/uploads\/2025\/02\/JNR_Mega_Box_25000-5-1.webp\" alt=\"JNR Mega Box 25000 Puffs (30ml E-Liquid) - Vapes ricaricabili usa e getta con Dual Mesh Coil &amp; 0%\/2%\/5% Nicotine | Prezzi all&#039;ingrosso da WideVape\" width=\"800\" height=\"800\" srcset=\"https:\/\/widevape.com\/wp-content\/uploads\/2025\/02\/JNR_Mega_Box_25000-5-1.webp 800w, https:\/\/widevape.com\/wp-content\/uploads\/2025\/02\/JNR_Mega_Box_25000-5-1-247x247.webp 247w, https:\/\/widevape.com\/wp-content\/uploads\/2025\/02\/JNR_Mega_Box_25000-5-1-100x100.webp 100w, https:\/\/widevape.com\/wp-content\/uploads\/2025\/02\/JNR_Mega_Box_25000-5-1-510x510.webp 510w, https:\/\/widevape.com\/wp-content\/uploads\/2025\/02\/JNR_Mega_Box_25000-5-1-300x300.webp 300w, https:\/\/widevape.com\/wp-content\/uploads\/2025\/02\/JNR_Mega_Box_25000-5-1-150x150.webp 150w, https:\/\/widevape.com\/wp-content\/uploads\/2025\/02\/JNR_Mega_Box_25000-5-1-768x768.webp 768w\" sizes=\"auto, (max-width: 800px) 100vw, 800px\" \/> <img loading=\"lazy\" decoding=\"async\" class=\"alignnone wp-image-17320 size-full\" src=\"https:\/\/widevape.com\/wp-content\/uploads\/2025\/02\/JNR_Mega_Box_25000-4.webp\" alt=\"JNR Mega Box 25000 Puffs (30ml E-Liquid) - Vapes ricaricabili usa e getta con Dual Mesh Coil &amp; 0%\/2%\/5% Nicotine | Prezzi all&#039;ingrosso da WideVape\" width=\"800\" height=\"800\" srcset=\"https:\/\/widevape.com\/wp-content\/uploads\/2025\/02\/JNR_Mega_Box_25000-4.webp 800w, https:\/\/widevape.com\/wp-content\/uploads\/2025\/02\/JNR_Mega_Box_25000-4-247x247.webp 247w, https:\/\/widevape.com\/wp-content\/uploads\/2025\/02\/JNR_Mega_Box_25000-4-100x100.webp 100w, https:\/\/widevape.com\/wp-content\/uploads\/2025\/02\/JNR_Mega_Box_25000-4-510x510.webp 510w, https:\/\/widevape.com\/wp-content\/uploads\/2025\/02\/JNR_Mega_Box_25000-4-300x300.webp 300w, https:\/\/widevape.com\/wp-content\/uploads\/2025\/02\/JNR_Mega_Box_25000-4-150x150.webp 150w, https:\/\/widevape.com\/wp-content\/uploads\/2025\/02\/JNR_Mega_Box_25000-4-768x768.webp 768w\" sizes=\"auto, (max-width: 800px) 100vw, 800px\" \/><\/p>\n<p><img loading=\"lazy\" decoding=\"async\" class=\"alignnone wp-image-17317 size-full\" src=\"https:\/\/widevape.com\/wp-content\/uploads\/2025\/02\/JNR_Mega_Box_25000-1.webp\" alt=\"JNR Mega Box 25000 Puffs (30ml E-Liquid) - Vapes ricaricabili usa e getta con Dual Mesh Coil &amp; 0%\/2%\/5% Nicotine | Prezzi all&#039;ingrosso da WideVape\" width=\"800\" height=\"800\" srcset=\"https:\/\/widevape.com\/wp-content\/uploads\/2025\/02\/JNR_Mega_Box_25000-1.webp 800w, https:\/\/widevape.com\/wp-content\/uploads\/2025\/02\/JNR_Mega_Box_25000-1-247x247.webp 247w, https:\/\/widevape.com\/wp-content\/uploads\/2025\/02\/JNR_Mega_Box_25000-1-100x100.webp 100w, https:\/\/widevape.com\/wp-content\/uploads\/2025\/02\/JNR_Mega_Box_25000-1-510x510.webp 510w, https:\/\/widevape.com\/wp-content\/uploads\/2025\/02\/JNR_Mega_Box_25000-1-300x300.webp 300w, https:\/\/widevape.com\/wp-content\/uploads\/2025\/02\/JNR_Mega_Box_25000-1-150x150.webp 150w, https:\/\/widevape.com\/wp-content\/uploads\/2025\/02\/JNR_Mega_Box_25000-1-768x768.webp 768w\" sizes=\"auto, (max-width: 800px) 100vw, 800px\" \/><\/p>","protected":false},"excerpt":{"rendered":"<p>Il\u00a0<strong>JNR Mega Box 25000 treni<\/strong>\u00a0combina design di lunga durata (25.000 puff, batteria da 850 mAh con ricarica Type-C), sapore intenso grazie alla tecnologia dual mesh coil, 20 gusti unici e intensit\u00e0 di nicotina flessibili (0%\/2%\/5%) - disponibile all'ingrosso da WideVape, il principale fornitore europeo di vapes monouso in Germania, Paesi Bassi, Belgio e Spagna.<\/p>","protected":false},"featured_media":17327,"comment_status":"open","ping_status":"closed","template":"","meta":[],"product_brand":[],"product_cat":[108,92,94,90,49,96],"product_tag":[],"class_list":{"0":"post-17260","1":"product","2":"type-product","3":"status-publish","4":"has-post-thumbnail","6":"product_cat-25000-zuege-einweg-e-zigaretten","7":"product_cat-digitale-box-einweg-e-zigaretten","8":"product_cat-einweg-e-zigaretten-mit-niedriger-nikotinstaerke","9":"product_cat-grosse-einweg-e-zigaretten","10":"product_cat-jnr-einweg-e-zigaretten","11":"product_cat-wiederaufladbare-einweg-e-zigaretten","13":"first","14":"instock","15":"shipping-taxable","16":"purchasable","17":"product-type-variable","18":"has-default-attributes"},"_links":{"self":[{"href":"https:\/\/widevape.com\/it\/wp-json\/wp\/v2\/product\/17260","targetHints":{"allow":["GET"]}}],"collection":[{"href":"https:\/\/widevape.com\/it\/wp-json\/wp\/v2\/product"}],"about":[{"href":"https:\/\/widevape.com\/it\/wp-json\/wp\/v2\/types\/product"}],"replies":[{"embeddable":true,"href":"https:\/\/widevape.com\/it\/wp-json\/wp\/v2\/comments?post=17260"}],"wp:featuredmedia":[{"embeddable":true,"href":"https:\/\/widevape.com\/it\/wp-json\/wp\/v2\/media\/17327"}],"wp:attachment":[{"href":"https:\/\/widevape.com\/it\/wp-json\/wp\/v2\/media?parent=17260"}],"wp:term":[{"taxonomy":"product_brand","embeddable":true,"href":"https:\/\/widevape.com\/it\/wp-json\/wp\/v2\/product_brand?post=17260"},{"taxonomy":"product_cat","embeddable":true,"href":"https:\/\/widevape.com\/it\/wp-json\/wp\/v2\/product_cat?post=17260"},{"taxonomy":"product_tag","embeddable":true,"href":"https:\/\/widevape.com\/it\/wp-json\/wp\/v2\/product_tag?post=17260"}],"curies":[{"name":"wp","href":"https:\/\/api.w.org\/{rel}","templated":true}]}}