{"id":21737,"date":"2025-02-22T17:02:23","date_gmt":"2025-02-22T16:02:23","guid":{"rendered":"https:\/\/widevape.com\/?post_type=product&#038;p=21737"},"modified":"2025-10-22T04:33:55","modified_gmt":"2025-10-22T02:33:55","slug":"arymi-ifun-28000-zuege-dual-mesh-dual-pod-system-5-nicotina-allingrosso-ricaricabile-penne-da-svapo-usa-e-getta","status":"publish","type":"product","link":"https:\/\/widevape.com\/it\/product\/arymi-ifun-28000-zuege-dual-mesh-dual-pod-system-5-nikotin-grosshandel-wiederaufladbare-einweg-vape-pens\/","title":{"rendered":"ARYMI IFun 28000 soffi - Sistema Pod a doppia maglia, 5 % Nicotina, Penne da Vape usa e getta all'ingrosso e ricaricabili"},"content":{"rendered":"<div style=\"width: 1020px;\" class=\"wp-video\"><video class=\"wp-video-shortcode\" id=\"video-21737-1\" width=\"1020\" height=\"574\" preload=\"metadata\" controls=\"controls\"><source type=\"video\/mp4\" src=\"https:\/\/widevape.com\/wp-content\/uploads\/2025\/02\/ARYMI-IFun-28000-.mp4?_=1\" \/><a href=\"https:\/\/widevape.com\/wp-content\/uploads\/2025\/02\/ARYMI-IFun-28000-.mp4\">https:\/\/widevape.com\/wp-content\/uploads\/2025\/02\/ARYMI-IFun-28000-.mp4<\/a><\/video><\/div>\n<h2><a href=\"https:\/\/widevape.com\/it\/categoria-di-prodotto\/sigarette-elettroniche-monouso-arymi\/\">ARYMI<\/a> IFun 28000 puff: una pietra miliare nel mondo del vaping usa e getta<\/h2>\n<p>Il\u00a0<strong>ARYMI IFun 28000 treni<\/strong>\u00a0\u00e8 una rivoluzionaria vape usa e getta progettata per gli utenti che apprezzano la longevit\u00e0, il sapore e la convenienza. Con ben 28.000 puff per dispositivo, questa vape pen ricaricabile \u00e8 ideale sia per gli utenti occasionali che per i grossisti. Che siate rivenditori o appassionati di vaping, ARYMI IFun 28000 puff offre prestazioni e versatilit\u00e0 senza pari.<\/p>\n<p>Con\u00a0<strong>WideVape<\/strong>\u00a0Siamo orgogliosi di essere la pi\u00f9 grande piattaforma di vendita all'ingrosso online di vapes monouso in Europa e di servire clienti in Germania, Paesi Bassi, Belgio, Spagna e oltre. Il nostro impegno per la qualit\u00e0 e la convenienza ci rende il primo punto di riferimento per gli ordini di grandi marche come ARYMI.<\/p>\n<h2>Caratteristiche principali dell'ARYMI IFun <a href=\"https:\/\/widevape.com\/it\/categoria-di-prodotto\/28000-sigarette-elettroniche-monouso\/\">28000 treni<\/a><\/h2>\n<p>I paranchi ARYMI IFun 28000 convincono per le loro funzioni avanzate e per il design di facile utilizzo. Ecco i punti salienti:<\/p>\n<ul>\n<li><strong>Numero elevato di treni:<\/strong>\u00a0Fino a 28.000 soffi per apparecchio: meno ricariche, pi\u00f9 divertimento.<\/li>\n<li><strong>Batteria ricaricabile:<\/strong>\u00a0Dotato di una batteria USB-C da 850 mAh per una ricarica rapida e una lunga durata.<\/li>\n<li><strong>Sistema di bobine a doppia maglia:<\/strong>\u00a0Sapore intenso e vapore voluminoso grazie alle bobine a doppia maglia per un'esperienza di vaping uniforme.<\/li>\n<li><strong>Controllo del flusso d'aria regolabile:<\/strong>\u00a0Regolate il flusso d'aria in base alle vostre preferenze: da lievi boccate a dense nuvole di vapore.<\/li>\n<li><strong>5 % Nicotina:<\/strong>\u00a0Perfetta per gli utenti che cercano un colpo in gola moderato senza un'intensit\u00e0 eccessiva.<\/li>\n<li><strong>Design sottile e portatile:<\/strong>\u00a0Con soli 122 g, i treni ARYMI IFun 28000 sono leggeri e ideali per i viaggi.<\/li>\n<li><strong>Sistema a doppia capsula:<\/strong>\u00a0Passate senza fatica da un gusto all'altro.<\/li>\n<li><strong>Tecnologia di separazione dei liquidi in bobina:<\/strong>\u00a0Previene le perdite e prolunga la durata dell'apparecchio mantenendo lo stesso sapore.<\/li>\n<\/ul>\n<h2>Scoprite la variet\u00e0 di sapori<\/h2>\n<p>ARYMI IFun 28000 puff \u00e8 disponibile in una variet\u00e0 di gusti, ognuno dei quali offre un'esperienza di vaping unica; ecco l'elenco completo:<\/p>\n<ol start=\"1\">\n<li><strong>Anguria ghiacciata e Kiwi Passionfruit Guava:<\/strong> Questa miscela rinfrescante combina la dolcezza dell'anguria con l'acidit\u00e0 del kiwi e il sapore tropicale del frutto della passione guava.<\/li>\n<li><strong>Pesca ghiacciata e anguria alla fragola:<\/strong> Anguria ghiacciata alla pesca e alla fragola: Una miscela dolce e ghiacciata di pesca e fragola, completata dal sapore rinfrescante dell'anguria.<\/li>\n<li><strong>Soda alla ciliegia e al limone e mirtilli:<\/strong>Ispirato alla limonata, questo gusto combina l'acidit\u00e0 della ciliegia e del mirtillo con la nota piccante della limonata.<\/li>\n<li><strong>Bacche miste e ananas al rum di cocco:<\/strong> Una breve vacanza tropicale ad ogni boccata. Questo gusto combina la dolcezza dei frutti di bosco misti con la ricchezza cremosa del rum all'ananas e al cocco.<\/li>\n<li><strong>Gomme al limone e al mirtillo:<\/strong> Questo gusto cattura l'aroma delle caramelle acide con una miscela di orsetti gommosi al limone e al mirtillo.<\/li>\n<li><strong>Uva lampone e Fragola Dragonfruit:<\/strong>Un'esplosione fruttata di lampone, uva e fragola, completata dal sapore esotico del frutto del drago.<\/li>\n<li><strong>Mirtillo e lampone e menta Mojito:<\/strong> Una variante rinfrescante del classico mojito. Questo gusto combina la dolcezza del mirtillo e del lampone con la sensazione rinfrescante della menta.<\/li>\n<li><strong>Doppia mela e mirtillo ciliegia mirtillo rosso:<\/strong>Una complessa miscela di doppia mela, mirtillo, ciliegia e mirtillo rosso per un'esperienza ricca e fruttata.<\/li>\n<li><strong>Bevanda al succo di mela rossa e vimto:<\/strong> Ispirato alla classica bevanda Vimto, questo gusto combina la freschezza ghiacciata della mela rossa con la nota fruttata del Vimto.<\/li>\n<li><strong>Gelato alla ciliegia e fragola:<\/strong>Una miscela nostalgica di cola alla ciliegia e gelato alla fragola, perfetta per chi ama i sapori dolci e cremosi.<\/li>\n<li><strong>Caramelle e bevande energetiche arcobaleno:<\/strong> Una vibrante miscela di caramelle arcobaleno e aromi di bevande energetiche per un'esperienza di vaping dolce e rinvigorente.<\/li>\n<li><strong>Ghiaccio alla menta e frullato di banana:<\/strong> Una miscela rinfrescante di gelato alla menta e frullato di banana, perfetta per chi ama i sapori freschi e cremosi.<\/li>\n<\/ol>\n<h2>Opzioni di imballaggio e vendita all'ingrosso<\/h2>\n<p>I treni ARYMI IFun 28000 sono disponibili in pratiche opzioni di imballaggio per i grossisti:<\/p>\n<ul>\n<li><strong>Peso per unit\u00e0:<\/strong>\u00a0122 g<\/li>\n<li><strong>Dimensioni della confezione:<\/strong>\u00a010 unit\u00e0 per confezione<\/li>\n<li><strong>Contenuto della confezione:<\/strong>\u00a015 confezioni per cartone (peso totale: 19,5 kg)<\/li>\n<li><strong>Dimensioni del cartone:<\/strong>\u00a0504 x 355 x 235 mm<\/li>\n<\/ul>\n<h2>Perch\u00e9 <a href=\"https:\/\/widevape.com\/it\/\">WideVape<\/a> per ordini all'ingrosso?<\/h2>\n<p>In qualit\u00e0 di grossista leader in Europa per <a href=\"https:\/\/widevape.com\/it\/\">Vapori usa e getta<\/a> offerte\u00a0<strong>WideVape<\/strong>\u00a0Con oltre 10 anni di esperienza nel settore, forniamo prodotti di alta qualit\u00e0 delle migliori marche come ARYMI, RandM Tornado, FIZZY, Al Fakher e altre ancora.<\/p>\n<p>La nostra piattaforma supporta diversi metodi di pagamento, tra cui PayPal, carte di credito, iDEAL (Paesi Bassi), Bancontact (Belgio) e bonifici SEPA, per garantire un'esperienza di acquisto senza problemi.<\/p>\n<h2>Conclusione<\/h2>\n<p>Il\u00a0<strong>ARYMI IFun 28000 treni<\/strong>\u00a0\u00e8 il dispositivo monouso definitivo per chi cerca longevit\u00e0, variet\u00e0 di aromi e prestazioni di alto livello. Con le sue caratteristiche avanzate e il suo design moderno, non c'\u00e8 da stupirsi che questo dispositivo sia un bestseller in tutta Europa.<\/p>\n<p>Visita oggi\u00a0<strong>WideVape.com<\/strong>per presentare la nostra vasta collezione di <a href=\"https:\/\/widevape.com\/it\/\">Vapori usa e getta<\/a> In qualit\u00e0 di fornitore all'ingrosso leader in Europa, garantiamo i prezzi pi\u00f9 bassi, la spedizione rapida e un eccellente servizio clienti. Non perdete l'occasione di ordinare i treni ARYMI IFun 28000 e altre marche di alto livello a condizioni vantaggiose.<\/p>\n<p><img loading=\"lazy\" decoding=\"async\" class=\"alignnone wp-image-21765 size-full\" src=\"https:\/\/widevape.com\/wp-content\/uploads\/2025\/02\/ARYMI_IFun_28000-1.webp\" alt=\"ARYMI IFun 28000 soffi - Sistema Pod a doppia maglia, 5 % Nicotina, Penne da Vape usa e getta all&#039;ingrosso e ricaricabili\" width=\"1618\" height=\"1534\" srcset=\"https:\/\/widevape.com\/wp-content\/uploads\/2025\/02\/ARYMI_IFun_28000-1.webp 1618w, https:\/\/widevape.com\/wp-content\/uploads\/2025\/02\/ARYMI_IFun_28000-1-510x484.webp 510w, https:\/\/widevape.com\/wp-content\/uploads\/2025\/02\/ARYMI_IFun_28000-1-300x284.webp 300w, https:\/\/widevape.com\/wp-content\/uploads\/2025\/02\/ARYMI_IFun_28000-1-1024x971.webp 1024w, https:\/\/widevape.com\/wp-content\/uploads\/2025\/02\/ARYMI_IFun_28000-1-768x728.webp 768w, https:\/\/widevape.com\/wp-content\/uploads\/2025\/02\/ARYMI_IFun_28000-1-1536x1456.webp 1536w\" sizes=\"auto, (max-width: 1618px) 100vw, 1618px\" \/><\/p>","protected":false},"excerpt":{"rendered":"<p>Il\u00a0<strong>ARYMI IFun 28000 treni<\/strong>\u00a0\u00e8 un vape monouso ricaricabile di alta qualit\u00e0 con 28.000 puff, doppia bobina a rete e 12 gusti unici, perfetto per i grossisti e gli appassionati di vaping che apprezzano la longevit\u00e0 e la variet\u00e0 dei sapori.<\/p>","protected":false},"featured_media":21767,"comment_status":"open","ping_status":"closed","template":"","meta":[],"product_brand":[],"product_cat":[151,150,92,93,37,94,90,96],"product_tag":[],"class_list":{"0":"post-21737","1":"product","2":"type-product","3":"status-publish","4":"has-post-thumbnail","6":"product_cat-28000-zuege-einweg-e-zigaretten","7":"product_cat-arymi-einweg-e-zigaretten","8":"product_cat-digitale-box-einweg-e-zigaretten","9":"product_cat-dual-mesh-einweg-e-zigaretten","10":"product_cat-einweg-e-zigaretten","11":"product_cat-einweg-e-zigaretten-mit-niedriger-nikotinstaerke","12":"product_cat-grosse-einweg-e-zigaretten","13":"product_cat-wiederaufladbare-einweg-e-zigaretten","15":"first","16":"outofstock","17":"shipping-taxable","18":"product-type-variable"},"_links":{"self":[{"href":"https:\/\/widevape.com\/it\/wp-json\/wp\/v2\/product\/21737","targetHints":{"allow":["GET"]}}],"collection":[{"href":"https:\/\/widevape.com\/it\/wp-json\/wp\/v2\/product"}],"about":[{"href":"https:\/\/widevape.com\/it\/wp-json\/wp\/v2\/types\/product"}],"replies":[{"embeddable":true,"href":"https:\/\/widevape.com\/it\/wp-json\/wp\/v2\/comments?post=21737"}],"wp:featuredmedia":[{"embeddable":true,"href":"https:\/\/widevape.com\/it\/wp-json\/wp\/v2\/media\/21767"}],"wp:attachment":[{"href":"https:\/\/widevape.com\/it\/wp-json\/wp\/v2\/media?parent=21737"}],"wp:term":[{"taxonomy":"product_brand","embeddable":true,"href":"https:\/\/widevape.com\/it\/wp-json\/wp\/v2\/product_brand?post=21737"},{"taxonomy":"product_cat","embeddable":true,"href":"https:\/\/widevape.com\/it\/wp-json\/wp\/v2\/product_cat?post=21737"},{"taxonomy":"product_tag","embeddable":true,"href":"https:\/\/widevape.com\/it\/wp-json\/wp\/v2\/product_tag?post=21737"}],"curies":[{"name":"wp","href":"https:\/\/api.w.org\/{rel}","templated":true}]}}