{"id":22726,"date":"2025-02-25T09:11:02","date_gmt":"2025-02-25T08:11:02","guid":{"rendered":"https:\/\/widevape.com\/?post_type=product&#038;p=22726"},"modified":"2026-01-19T03:25:54","modified_gmt":"2026-01-19T02:25:54","slug":"grativape-boom-9000-vape-monouso-con-0-2-3-e-5-nicotina-ideale-per-lacquisto-allingrosso-e-al-dettaglio-di-vapes-ricaricabili-monouso","status":"publish","type":"product","link":"https:\/\/widevape.com\/it\/product\/grativape-boom-9000-zuege-einweg-vape-mit-0-2-3-und-5-nikotin-ideal-fuer-grosshandel-und-einzelkauf-von-wiederaufladbaren-einweg-vapes\/","title":{"rendered":"Grativape Boom 9000 puff - vape monouso con nicotina 0%, 2%, 3% e 5%, ideale per l'acquisto all'ingrosso e al dettaglio di vape ricaricabili monouso"},"content":{"rendered":"<div style=\"width: 720px;\" class=\"wp-video\"><video class=\"wp-video-shortcode\" id=\"video-22726-1\" width=\"720\" height=\"1280\" preload=\"metadata\" controls=\"controls\"><source type=\"video\/mp4\" src=\"https:\/\/widevape.com\/wp-content\/uploads\/2025\/02\/Grativape-Boom-9000.mp4?_=1\" \/><a href=\"https:\/\/widevape.com\/wp-content\/uploads\/2025\/02\/Grativape-Boom-9000.mp4\">https:\/\/widevape.com\/wp-content\/uploads\/2025\/02\/Grativape-Boom-9000.mp4<\/a><\/video><\/div>\n<h2 class=\"mb-2 mt-6 text-lg font-[500] first:mt-3\">Entdecken Sie das\u00a0<strong><a href=\"https:\/\/widevape.com\/product-category\/grativape-einweg-e-zigaretten\/\">Grativape<\/a> Boom 9000 Z\u00fcge<\/strong>: Ihre ultimative Einweg-Vape-Erfahrung<\/h2>\n<p class=\"my-0\">Das\u00a0<strong>Grativape Boom 9000 Z\u00fcge<\/strong>\u00a0ist eine revolution\u00e4re Einweg-Vape, die Stil, Haltbarkeit und ein unvergleichliches Vaping-Erlebnis kombiniert. Mit seiner beeindruckenden Kapazit\u00e4t und dem wiederaufladbaren Design ist dieses Ger\u00e4t ideal f\u00fcr Anf\u00e4nger und erfahrene Vaper. Als gr\u00f6\u00dfte Online-Plattform f\u00fcr den Gro\u00dfhandel von Einweg-Vapes in den Niederlanden, Deutschland, Belgien und Spanien bietet WideVape Ihnen die besten Angebote f\u00fcr Top-Marken wie Al Fakher, Waspe, Vapme und mehr. Besuchen Sie WideVape heute, um die Welt der Premium-Einweg-Vapes zu erkunden und herauszufinden, warum das\u00a0<strong>Grativape Boom 9000 Z\u00fcge<\/strong>\u00a0als Top-Wahl gilt.<\/p>\n<h2 class=\"mb-xs mt-5 text-base font-[525] first:mt-3\">Merkmale<\/h2>\n<p class=\"my-0\">Hier sind einige der herausragenden Merkmale des\u00a0<strong>Grativape Boom <a href=\"https:\/\/widevape.com\/product-category\/einweg-e-zigaretten-nach-zuegen\/9000-zuege-einweg-e-zigaretten\/\">9000 Z\u00fcge<\/a><\/strong>:<\/p>\n<ul class=\"marker:text-textOff list-disc\">\n<li>\n<p class=\"my-0\"><strong>Z\u00fcge-Anzahl<\/strong>: Bis zu 9000 Z\u00fcge, bietet ein verl\u00e4ngertes Vaping-Erlebnis.<\/p>\n<\/li>\n<li>\n<p class=\"my-0\"><strong>E-Liquid-Kapazit\u00e4t<\/strong>: 14ml, bietet ausreichend E-Liquid f\u00fcr den langfristigen Gebrauch.<\/p>\n<\/li>\n<li>\n<p class=\"my-0\"><strong>Akku-Lebensdauer<\/strong>: Betrieben von einem 600mAh Akku, gew\u00e4hrleistet konsistente Leistung.<\/p>\n<\/li>\n<li>\n<p class=\"my-0\"><strong>Nikotinkonzentrationen<\/strong>: Verf\u00fcgbar in 0%, 2%, 3% und 5% Nikotin, um unterschiedliche Vorlieben zu erf\u00fcllen.<\/p>\n<\/li>\n<li>\n<p class=\"my-0\"><strong>Wiederaufladbar<\/strong>: Verf\u00fcgt \u00fcber eine Typ-C-Ladefunktion f\u00fcr Bequemlichkeit.<\/p>\n<\/li>\n<li>\n<p class=\"my-0\"><strong>Spulentechnologie<\/strong>: Nutzt 1.00\u03a9 Netzwerk-Spulentechnologie f\u00fcr verbesserte Geschmackslieferung und Dampfproduktion.<\/p>\n<\/li>\n<\/ul>\n<h2 class=\"mb-xs mt-5 text-base font-[525] first:mt-3\">Geschmacksrichtungen<\/h2>\n<p class=\"my-0\">Das\u00a0<strong>Grativape Boom 9000 Z\u00fcge<\/strong>\u00a0bietet eine vielf\u00e4ltige Auswahl an Geschmacksrichtungen, um jeden Geschmack zu befriedigen. Hier ist eine detaillierte Beschreibung jeder Geschmacksrichtung:<\/p>\n<ol class=\"marker:text-textOff list-decimal\">\n<li>\n<p class=\"my-0\"><strong>Banana Gum<\/strong>: Diese Geschmacksrichtung kombiniert die S\u00fc\u00dfe reifer Bananen mit der Sch\u00e4rfe von Kaugummi, was ein einzigartiges und erfrischendes Geschmackserlebnis schafft.<\/p>\n<\/li>\n<li>\n<p class=\"my-0\"><strong>Grape Ice<\/strong>: Erleben Sie die K\u00fchle von Eis, kombiniert mit dem reichen Geschmack von Trauben, ideal f\u00fcr diejenigen, die fruchtige und erfrischende Vapes bevorzugen.<\/p>\n<\/li>\n<li>\n<p class=\"my-0\"><strong>Double Apple<\/strong>: Eine klassische Mischung aus zwei Apfelsorten, die einen s\u00fc\u00dfen und leicht s\u00e4uerlichen Geschmack bietet, der sowohl vertraut als auch zufriedenstellend ist.<\/p>\n<\/li>\n<li>\n<p class=\"my-0\"><strong>Strawberry Mango<\/strong>: Diese tropische Fusion bringt die S\u00fc\u00dfe von Erdbeeren und den exotischen Geschmack von Mango zusammen, was einen lebhaften und leckeren Geschmack ergibt.<\/p>\n<\/li>\n<li>\n<p class=\"my-0\"><strong>Virginia Tobacco<\/strong>: F\u00fcr diejenigen, die einen traditionellen Geschmack bevorzugen, f\u00e4ngt diese Geschmacksrichtung die glatte, reiche Essenz von Virginia-Tobak ein.<\/p>\n<\/li>\n<li>\n<p class=\"my-0\"><strong>Pink Lemon<\/strong>: Eine zitrusartige Geschmacksrichtung, die die S\u00fc\u00dfe von rosa Zitronen mit einer Spur von S\u00e4ure kombiniert, ideal f\u00fcr diejenigen, die einen erfrischenden Vape bevorzugen.<\/p>\n<\/li>\n<li>\n<p class=\"my-0\"><strong>Blue Razz Ice<\/strong>: Diese Geschmacksrichtung kombiniert die S\u00fc\u00dfe von blauen Himbeeren mit der K\u00fchle von Eis, was ein erfrischendes und fruchtiges Erlebnis schafft.<\/p>\n<\/li>\n<li>\n<p class=\"my-0\"><strong>Juicy Cherry<\/strong>: Genie\u00dfen Sie den reichen, fruchtigen Geschmack von Kirschen, der einen s\u00fc\u00dfen und zufriedenstellenden Vape bietet.<\/p>\n<\/li>\n<li>\n<p class=\"my-0\"><strong>Mint<\/strong>: Kalt und erfrischend, bietet diese Minz-Geschmacksrichtung eine erfrischende Empfindung, die f\u00fcr jeden Zeitpunkt des Tages geeignet ist.<\/p>\n<\/li>\n<li>\n<p class=\"my-0\"><strong>Watermelon Ice<\/strong>: Genie\u00dfen Sie die S\u00fc\u00dfe von Wassermelone, kombiniert mit der K\u00fchle von Eis, was ein erfrischendes und fruchtiges Vape-Erlebnis schafft.<\/p>\n<\/li>\n<\/ol>\n<h2 class=\"mb-xs mt-5 text-base font-[525] first:mt-3\">Warum <a href=\"https:\/\/widevape.com\/\">WideVape<\/a> f\u00fcr Ihre Einweg-Vape-Bed\u00fcrfnisse w\u00e4hlen?<\/h2>\n<p class=\"my-0\">WideVape ist Ihre f\u00fchrende Plattform f\u00fcr den Kauf der besten <a href=\"https:\/\/widevape.com\/\">Einweg-Vapes<\/a> im Gro\u00dfhandel. Mit \u00fcber einem Jahrzehnt Erfahrung im Bereich bieten wir Top-Marken wie Al Fakher, Waspe, Vapme, Bang Box und mehr an. Unsere Plattform bietet:<\/p>\n<ul class=\"marker:text-textOff list-disc\">\n<li>\n<p class=\"my-0\"><strong>Gro\u00dfhandelsrabatte<\/strong>: Genie\u00dfen Sie erhebliche Ersparnisse bei Gro\u00dfbestellungen Ihrer Lieblings-Einweg-Vapes.<\/p>\n<\/li>\n<li>\n<p class=\"my-0\"><strong>Schneller Versand<\/strong>: Erhalten Sie Ihre Bestellungen schnell und sicher in allen EU-L\u00e4ndern.<\/p>\n<\/li>\n<li>\n<p class=\"my-0\"><strong>Vielf\u00e4ltige Zahlungsoptionen<\/strong>: Zahlen Sie mit PayPal, Kreditkarten, iDEAL, Bancontact oder SEPA-Bank\u00fcberweisungen f\u00fcr Bequemlichkeit.<\/p>\n<\/li>\n<li>\n<p class=\"my-0\"><strong>Preisgarantie<\/strong>: Wir gew\u00e4hrleisten Ihnen die besten Preise bei Gro\u00dfbestellungen.<\/p>\n<\/li>\n<\/ul>\n<h2 class=\"mb-xs mt-5 text-base font-[525] first:mt-3\">Zusammenfassung<\/h2>\n<p class=\"my-0\">Zusammengefasst ist das\u00a0<strong>Grativape Boom 9000 Z\u00fcge<\/strong>\u00a0ein herausragendes wiederaufladbares <a href=\"https:\/\/widevape.com\/\">Einweg-Vape<\/a>, das durch seine hohe Kapazit\u00e4t, lange Akkulaufzeit und vielf\u00e4ltige Geschmacksrichtungen die Bed\u00fcrfnisse verschiedener Nutzer erf\u00fcllt. Als f\u00fchrende Online-Plattform f\u00fcr den Gro\u00dfhandel von Einweg-Vapes in Europa bietet WideVape Ihnen die besten Dienstleistungen und Preise. Egal, ob Sie Anf\u00e4nger oder erfahrene Vaper sind, WideVape ist die beste Wahl, um das\u00a0<strong>Grativape Boom 9000 Z\u00fcge<\/strong>\u00a0und andere Top-Marken zu kaufen. Besuchen Sie heute\u00a0WideVape, um die besten europ\u00e4ischen Vape-Produkte zu erleben!<\/p>\n<p><img loading=\"lazy\" decoding=\"async\" class=\"alignnone wp-image-22745 size-full\" src=\"https:\/\/widevape.com\/wp-content\/uploads\/2025\/02\/Grativape_Boom_90-2.webp\" alt=\"Grativape Boom 9000 Z\u00fcge - Einweg-Vape mit 0%, 2%, 3% und 5% Nikotin, ideal f\u00fcr Gro\u00dfhandel und Einzelkauf von wiederaufladbaren Einweg-Vapes\" width=\"1058\" height=\"441\" srcset=\"https:\/\/widevape.com\/wp-content\/uploads\/2025\/02\/Grativape_Boom_90-2.webp 1058w, https:\/\/widevape.com\/wp-content\/uploads\/2025\/02\/Grativape_Boom_90-2-510x213.webp 510w, https:\/\/widevape.com\/wp-content\/uploads\/2025\/02\/Grativape_Boom_90-2-300x125.webp 300w, https:\/\/widevape.com\/wp-content\/uploads\/2025\/02\/Grativape_Boom_90-2-1024x427.webp 1024w, https:\/\/widevape.com\/wp-content\/uploads\/2025\/02\/Grativape_Boom_90-2-768x320.webp 768w\" sizes=\"auto, (max-width: 1058px) 100vw, 1058px\" \/><\/p>\n<p><img loading=\"lazy\" decoding=\"async\" class=\"alignnone wp-image-22746 size-full\" src=\"https:\/\/widevape.com\/wp-content\/uploads\/2025\/02\/Grativape_Boom_90-3.webp\" alt=\"Grativape Boom 9000 Z\u00fcge - Einweg-Vape mit 0%, 2%, 3% und 5% Nikotin, ideal f\u00fcr Gro\u00dfhandel und Einzelkauf von wiederaufladbaren Einweg-Vapes\" width=\"1058\" height=\"441\" srcset=\"https:\/\/widevape.com\/wp-content\/uploads\/2025\/02\/Grativape_Boom_90-3.webp 1058w, https:\/\/widevape.com\/wp-content\/uploads\/2025\/02\/Grativape_Boom_90-3-510x213.webp 510w, https:\/\/widevape.com\/wp-content\/uploads\/2025\/02\/Grativape_Boom_90-3-300x125.webp 300w, https:\/\/widevape.com\/wp-content\/uploads\/2025\/02\/Grativape_Boom_90-3-1024x427.webp 1024w, https:\/\/widevape.com\/wp-content\/uploads\/2025\/02\/Grativape_Boom_90-3-768x320.webp 768w\" sizes=\"auto, (max-width: 1058px) 100vw, 1058px\" \/><\/p>\n<p><img loading=\"lazy\" decoding=\"async\" class=\"alignnone wp-image-22742 size-full\" src=\"https:\/\/widevape.com\/wp-content\/uploads\/2025\/02\/Grativape_Boom_9000.webp\" alt=\"Grativape Boom 9000 Z\u00fcge - Einweg-Vape mit 0%, 2%, 3% und 5% Nikotin, ideal f\u00fcr Gro\u00dfhandel und Einzelkauf von wiederaufladbaren Einweg-Vapes\" width=\"1058\" height=\"441\" srcset=\"https:\/\/widevape.com\/wp-content\/uploads\/2025\/02\/Grativape_Boom_9000.webp 1058w, https:\/\/widevape.com\/wp-content\/uploads\/2025\/02\/Grativape_Boom_9000-510x213.webp 510w, https:\/\/widevape.com\/wp-content\/uploads\/2025\/02\/Grativape_Boom_9000-300x125.webp 300w, https:\/\/widevape.com\/wp-content\/uploads\/2025\/02\/Grativape_Boom_9000-1024x427.webp 1024w, https:\/\/widevape.com\/wp-content\/uploads\/2025\/02\/Grativape_Boom_9000-768x320.webp 768w\" sizes=\"auto, (max-width: 1058px) 100vw, 1058px\" \/><\/p>\n<p><img loading=\"lazy\" decoding=\"async\" class=\"alignnone\" src=\"https:\/\/widevape.com\/wp-content\/uploads\/2025\/02\/Grativape_Boom_90-1.webp\" alt=\"Grativape Boom 9000 Z\u00fcge - Einweg-Vape mit 0%, 2%, 3% und 5% Nikotin, ideal f\u00fcr Gro\u00dfhandel und Einzelkauf von wiederaufladbaren Einweg-Vapes\" width=\"1058\" height=\"441\" \/><\/p>\n<p><img loading=\"lazy\" decoding=\"async\" class=\"alignnone\" src=\"https:\/\/widevape.com\/wp-content\/uploads\/2025\/02\/Grativape_Boom_90-4.webp\" alt=\"Grativape Boom 9000 Z\u00fcge - Einweg-Vape mit 0%, 2%, 3% und 5% Nikotin, ideal f\u00fcr Gro\u00dfhandel und Einzelkauf von wiederaufladbaren Einweg-Vapes\" width=\"1058\" height=\"441\" \/><\/p>\n","protected":false},"excerpt":{"rendered":"<p>Il\u00a0<strong>Treni Grativape Boom 9000<\/strong>\u00a0\u00e8 una rivoluzionaria svapata ricaricabile usa e getta che offre un'esperienza di svapo senza precedenti grazie alla sua impressionante capacit\u00e0, alla lunga durata della batteria e ai diversi gusti.<\/p>","protected":false},"featured_media":22741,"comment_status":"open","ping_status":"closed","template":"","meta":[],"product_brand":[],"product_cat":[120,37,94,47,90,96],"product_tag":[],"class_list":{"0":"post-22726","1":"product","2":"type-product","3":"status-publish","4":"has-post-thumbnail","6":"product_cat-9000-zuege-einweg-e-zigaretten","7":"product_cat-einweg-e-zigaretten","8":"product_cat-einweg-e-zigaretten-mit-niedriger-nikotinstaerke","9":"product_cat-grativape-einweg-e-zigaretten","10":"product_cat-grosse-einweg-e-zigaretten","11":"product_cat-wiederaufladbare-einweg-e-zigaretten","13":"first","14":"outofstock","15":"shipping-taxable","16":"purchasable","17":"product-type-variable"},"_links":{"self":[{"href":"https:\/\/widevape.com\/it\/wp-json\/wp\/v2\/product\/22726","targetHints":{"allow":["GET"]}}],"collection":[{"href":"https:\/\/widevape.com\/it\/wp-json\/wp\/v2\/product"}],"about":[{"href":"https:\/\/widevape.com\/it\/wp-json\/wp\/v2\/types\/product"}],"replies":[{"embeddable":true,"href":"https:\/\/widevape.com\/it\/wp-json\/wp\/v2\/comments?post=22726"}],"wp:featuredmedia":[{"embeddable":true,"href":"https:\/\/widevape.com\/it\/wp-json\/wp\/v2\/media\/22741"}],"wp:attachment":[{"href":"https:\/\/widevape.com\/it\/wp-json\/wp\/v2\/media?parent=22726"}],"wp:term":[{"taxonomy":"product_brand","embeddable":true,"href":"https:\/\/widevape.com\/it\/wp-json\/wp\/v2\/product_brand?post=22726"},{"taxonomy":"product_cat","embeddable":true,"href":"https:\/\/widevape.com\/it\/wp-json\/wp\/v2\/product_cat?post=22726"},{"taxonomy":"product_tag","embeddable":true,"href":"https:\/\/widevape.com\/it\/wp-json\/wp\/v2\/product_tag?post=22726"}],"curies":[{"name":"wp","href":"https:\/\/api.w.org\/{rel}","templated":true}]}}