{"id":24766,"date":"2025-02-28T04:14:27","date_gmt":"2025-02-28T03:14:27","guid":{"rendered":"https:\/\/widevape.com\/?post_type=product&#038;p=24766"},"modified":"2026-04-18T14:07:50","modified_gmt":"2026-04-18T12:07:50","slug":"aivono-aim-flash-35000-display-a-colori-a-doppia-maglia-0-2-3-5-a-basso-contenuto-di-nicotina-sigaretta-elettronica-ricaricabile-allingrosso-penna-e-usa-e-getta","status":"publish","type":"product","link":"https:\/\/widevape.com\/it\/product\/aivono-aim-flash-35000-zuege-dual-mesh-farbdisplay-0-2-3-5-niedriger-nikotingehalt-grosshandel-wiederaufladbare-einweg-e-zigaretten-pen\/","title":{"rendered":"AIVONO AIM FLASH 35000 boccate Display a colori a doppia maglia 0% 2% 3% 5% Penna per sigaretta elettronica ricaricabile usa e getta a basso contenuto di nicotina all'ingrosso"},"content":{"rendered":"<article style=\"font-family: Arial, sans-serif; line-height: 1.6; color: #333; max-width: 100%; margin: 0 auto;\"><div style=\"width: 544px;\" class=\"wp-video\"><video class=\"wp-video-shortcode\" id=\"video-24766-1\" width=\"544\" height=\"960\" preload=\"metadata\" controls=\"controls\"><source type=\"video\/mp4\" src=\"https:\/\/widevape.com\/wp-content\/uploads\/2025\/02\/AIVONO-AIM-FLASH-35000.mp4?_=1\" \/><a href=\"https:\/\/widevape.com\/wp-content\/uploads\/2025\/02\/AIVONO-AIM-FLASH-35000.mp4\">https:\/\/widevape.com\/wp-content\/uploads\/2025\/02\/AIVONO-AIM-FLASH-35000.mp4<\/a><\/video><\/div>\n<h2 style=\"color: #2c3e50; text-align: center; font-size: 2.5em; margin-bottom: 20px;\">AIVONO AIM FLASH 35000: <a href=\"https:\/\/widevape.com\/it\/\">Il campione splendente delle Vapes<\/a> \u2728<\/h2>\n<p style=\"font-size: 1.2em; text-align: center; margin-bottom: 30px;\">Benvenuti cari amici presso <strong>WideVape<\/strong>! Siete pronti per una vera avventura? Il <strong>AIVONO AIM FLASH<\/strong> Non \u00e8 solo un qualsiasi vaporizzatore usa e getta: \u00e8 come un piccolo supereroe nella vostra tasca. Con incredibili <strong>35.000 treni<\/strong> (Puffs) resiste cos\u00ec a lungo che quasi dimenticherete quando l'avete aperto l'ultima volta.  \u00c8 luminoso, \u00e8 forte e aspetta qui da noi all'ingrosso per voi!<\/p>\n<div style=\"background-color: #f0f8ff; border-left: 5px solid #3498db; padding: 20px; margin-bottom: 30px; border-radius: 8px;\">\n<h3 style=\"color: #2980b9; margin-top: 0;\">Cosa rende l'AIM FLASH cos\u00ec speciale?<\/h3>\n<p>Immaginate di avere un dispositivo che non solo ha un aspetto fantastico, ma \u00e8 anche davvero intelligente. Questo vape ha un enorme serbatoio con <strong>28 ml di capacit\u00e0<\/strong>. \u00c8 gigantesco! Inoltre ha un display colorato che vi dice esattamente quanta potenza \u00e8 rimasta. E con la speciale <strong>Tecnica a doppia maglia<\/strong> ogni tiro sa semplicemente fantastico ed intenso. \u00c8 la scelta perfetta per tutti coloro che amano la qualit\u00e0 e comprano su WideVape!<\/p>\n<\/div>\n<h3 style=\"color: #e67e22; text-align: center; margin-bottom: 20px;\">Le funzioni pi\u00f9 belle<\/h3>\n<div style=\"display: flex; flex-wrap: wrap; gap: 20px; justify-content: center; margin-bottom: 40px;\">\n<p><!-- Card 1 --><\/p>\n<div style=\"background: #fff; border: 2px solid #e0e0e0; border-radius: 15px; padding: 20px; width: 300px; box-shadow: 0 4px 6px rgba(0,0,0,0.1); text-align: center;\">\n<div style=\"font-size: 3em; margin-bottom: 10px;\">\u26a1<\/div>\n<h4 style=\"color: #333; margin-bottom: 10px;\">Batteria di alimentazione<\/h4>\n<p>Un potente batteria da 850mAh garantisce resistenza. \u00c8 scarica? Basta semplicemente ricaricarla velocemente con il cavo di tipo C!<\/p>\n<\/div>\n<div style=\"background: #fff; border: 2px solid #e0e0e0; border-radius: 15px; padding: 20px; width: 300px; box-shadow: 0 4px 6px rgba(0,0,0,0.1); text-align: center;\">\n<div style=\"font-size: 3em; margin-bottom: 10px;\">\ud83d\udee1\ufe0f<\/div>\n<h4 style=\"color: #333; margin-bottom: 10px;\">Sicuro \u00e8 sicuro<\/h4>\n<p>Con la sicurezza per bambini integrata, l'apparecchio rimane sicuro se lasciato incustodito.<\/p>\n<\/div>\n<p><!-- Card 3 --><\/p>\n<div style=\"background: #fff; border: 2px solid #e0e0e0; border-radius: 15px; padding: 20px; width: 300px; box-shadow: 0 4px 6px rgba(0,0,0,0.1); text-align: center;\">\n<div style=\"font-size: 3em; margin-bottom: 10px;\">\ud83d\udcfa<\/div>\n<h4 style=\"color: #333; margin-bottom: 10px;\">Cinema colorato<\/h4>\n<p>Il display a colori chiaro mostra in tempo reale quanto sono ancora pieni la batteria e il serbatoio.<\/p>\n<\/div>\n<\/div>\n<h3 style=\"color: #27ae60; margin-bottom: 15px;\">Tabella dei dati tecnici<\/h3>\n<table style=\"width: 100%; border-collapse: collapse; margin-bottom: 30px; background-color: #fff; box-shadow: 0 2px 5px rgba(0,0,0,0.1);\">\n<tbody>\n<tr style=\"background-color: #27ae60; color: white;\">\n<th style=\"padding: 15px; text-align: left; border: 1px solid #ddd;\">Caratteristica<\/th>\n<th style=\"padding: 15px; text-align: left; border: 1px solid #ddd;\">Descrizione<\/th>\n<\/tr>\n<tr>\n<td style=\"padding: 12px; border: 1px solid #ddd;\">Puffs (Z\u00fcge) \nSbuffi<\/td>\n<td style=\"padding: 12px; border: 1px solid #ddd;\">Fino a 35.000 (godimento a lungo termine)<\/td>\n<\/tr>\n<tr style=\"background-color: #f9f9f9;\">\n<td style=\"padding: 12px; border: 1px solid #ddd;\">Capacit\u00e0 (serbatoio)<\/td>\n<td style=\"padding: 12px; border: 1px solid #ddd;\">28 ml (preriempito)<\/td>\n<\/tr>\n<tr>\n<td style=\"padding: 12px; border: 1px solid #ddd;\">Batteria<\/td>\n<td style=\"padding: 12px; border: 1px solid #ddd;\">850mAh (ricaricabile)<\/td>\n<\/tr>\n<tr style=\"background-color: #f9f9f9;\">\n<td style=\"padding: 12px; border: 1px solid #ddd;\">Tecnologia<\/td>\n<td style=\"padding: 12px; border: 1px solid #ddd;\">Bobina a doppia maglia<\/td>\n<\/tr>\n<tr>\n<td style=\"padding: 12px; border: 1px solid #ddd;\">Modi<\/td>\n<td style=\"padding: 12px; border: 1px solid #ddd;\">Norm &amp; Boost (commutabile)<\/td>\n<\/tr>\n<tr style=\"background-color: #f9f9f9;\">\n<td style=\"padding: 12px; border: 1px solid #ddd;\">Punti di forza<\/td>\n<td style=\"padding: 12px; border: 1px solid #ddd;\">0%, 2%, 3%, 5% (selezionabile)<\/td>\n<\/tr>\n<tr>\n<td style=\"padding: 12px; border: 1px solid #ddd;\">Caricamento<\/td>\n<td style=\"padding: 12px; border: 1px solid #ddd;\">Connettore di tipo C<\/td>\n<\/tr>\n<\/tbody>\n<\/table>\n<div style=\"background-color: #fff3cd; border: 2px solid #ffeeba; border-radius: 10px; padding: 20px; margin-bottom: 40px;\">\n<h4 style=\"color: #856404; margin-top: 0; display: flex; align-items: center;\"><span style=\"font-size: 1.5em; margin-right: 10px;\">\ud83d\udca1<\/span> Conoscenza per voi: Norm vs. Modalit\u00e0 Boost<\/h4>\n<p style=\"color: #856404; margin-bottom: 0;\">L'AIVONO AIM FLASH pu\u00f2 trasformarsi! Im <strong>Modalit\u00e0 normale<\/strong> \u00c8 un corridore a lunga distanza parsimonioso, perfetto per l'intera giornata. Se per\u00f2 siete sul <strong>Modalit\u00e0 Boost<\/strong> Quando si attiva, d\u00e0 un gas extra! Allora il gusto diventa ancora pi\u00f9 intenso e le nuvole di vapore pi\u00f9 grandi. Decidete con un clic del pulsante come volete svapare!<\/p>\n<\/div>\n<h3 style=\"color: #8e44ad; margin-bottom: 20px;\">La Grande Lista delle Opzioni<\/h3>\n<p style=\"margin-bottom: 20px;\">Ecco le fantastiche combinazioni che potete acquistare da WideVape. Ogni numero \u00e8 un'esperienza unica:<\/p>\n<div style=\"background: #fff; padding: 20px; border-radius: 10px; border: 1px solid #eee; margin-bottom: 40px;\">\n<p style=\"margin-bottom: 10px;\"><strong>1. Gelato alla Fragola:<\/strong> Dolci fragole incontrano una brezza super fresca. Rinfrescante!<\/p>\n<p style=\"margin-bottom: 10px;\"><strong>2. Fragola Anguria:<\/strong> Un mix di frutta rossa di fragola e anguria succosa.<\/p>\n<p style=\"margin-bottom: 10px;\"><strong>3. Mela di more Ciliegia:<\/strong> Una amicizia fruttuosa tra lampone e ciliegia.<\/p>\n<p style=\"margin-bottom: 10px;\"><strong>4. Blue Razz Ice:<\/strong> Mirtilli blu, serviti freddi come il ghiaccio. Un successo per l'estate.<\/p>\n<p style=\"margin-bottom: 10px;\"><strong>5. Limone e Menta:<\/strong> Spruzzata di limone danza con menta fresca. Molto rinvigorante.<\/p>\n<p style=\"margin-bottom: 10px;\"><strong>6. Succo di pesca:<\/strong> Sa come addentare un pesche matura e dolce.<\/p>\n<p style=\"margin-bottom: 10px;\"><strong>7. Mirtillo Uva:<\/strong> Piccole more e uva scura in perfetta armonia.<\/p>\n<p style=\"margin-bottom: 10px;\"><strong>8. Gomma da masticare al gusto di anguria:<\/strong> Ricorda il dolce chewing gum al gusto di anguria.<\/p>\n<p style=\"margin-bottom: 10px;\"><strong>9. Mele amare:<\/strong> Mele verdi croccanti, piacevolmente acide e fresche.<\/p>\n<p style=\"margin-bottom: 10px;\"><strong>10. Mango Ananas:<\/strong> Un'escursione nei tropici con mango e ananas.<\/p>\n<p style=\"margin-bottom: 10px;\"><strong>11. Blue Ranch:<\/strong> Una dolce sorpresa a forma di caramella con frutta blu.<\/p>\n<p style=\"margin-bottom: 10px;\"><strong>12. Sorbetto di anguria:<\/strong> Il classico: anguria messa sul ghiaccio.<\/p>\n<p style=\"margin-bottom: 10px;\"><strong>13. Ghiaccio d'uva:<\/strong> Uva gustosa con un tocco rinfrescante nel finale.<\/p>\n<p style=\"margin-bottom: 10px;\"><strong>14. Frutta Mista:<\/strong> Un intero cestino pieno di frutti di bosco, dolci e acidi allo stesso tempo.<\/p>\n<p style=\"margin-bottom: 10px;\"><strong>15. Fragola Kiwi:<\/strong> La popolare miscela di fragola nostrana e kiwi esotico.<\/p>\n<\/div>\n<h3 style=\"color: #c0392b; margin-bottom: 20px;\">Domande frequenti (FAQ)<\/h3>\n<div style=\"margin-bottom: 40px;\">\n<div style=\"margin-bottom: 20px;\">\n<h4 style=\"color: #c0392b; margin-bottom: 5px;\">Devo ricaricare il Vape?<\/h4>\n<p>No, not at all! The tank is already completely full with 28ml. When it's empty, you simply take the next disposable vape.<\/p>\n<\/div>\n<div style=\"margin-bottom: 20px;\">\n<h4 style=\"color: #c0392b; margin-bottom: 5px;\">Come carico il dispositivo?<\/h4>\n<p>Semplicemente inserire un cavo USB-C in basso (come per il telefono). Il display vi mostra quando \u00e8 di nuovo pieno.<\/p>\n<\/div>\n<div style=\"margin-bottom: 20px;\">\n<h4 style=\"color: #c0392b; margin-bottom: 5px;\">Dove posso comprare AIVONO AIM FLASH?<\/h4>\n<p>Siete qui esattamente nel posto giusto! Ordinate i vostri Vape direttamente da <strong>WideVape<\/strong>. Consegniamo velocemente e in modo affidabile in tutta Europa.<\/p>\n<\/div>\n<\/div>\n<p style=\"text-align: center; font-size: 1.1em; color: #555;\">Su cosa aspettate ancora? Prendetevi l'AIVONO AIM FLASH 35000 ora presso <strong>WideVape<\/strong> e sperimenta una qualit\u00e0 che dura nel tempo!<\/p>\n<p><img loading=\"lazy\" decoding=\"async\" class=\"size-full wp-image-24797 aligncenter\" src=\"https:\/\/widevape.com\/wp-content\/uploads\/2025\/02\/AIVONO_AIM_FLASH_350001.webp\" alt=\"AIVONO AIM FLASH\" width=\"800\" height=\"800\" srcset=\"https:\/\/widevape.com\/wp-content\/uploads\/2025\/02\/AIVONO_AIM_FLASH_350001.webp 800w, https:\/\/widevape.com\/wp-content\/uploads\/2025\/02\/AIVONO_AIM_FLASH_350001-247x247.webp 247w, https:\/\/widevape.com\/wp-content\/uploads\/2025\/02\/AIVONO_AIM_FLASH_350001-100x100.webp 100w, https:\/\/widevape.com\/wp-content\/uploads\/2025\/02\/AIVONO_AIM_FLASH_350001-510x510.webp 510w, https:\/\/widevape.com\/wp-content\/uploads\/2025\/02\/AIVONO_AIM_FLASH_350001-300x300.webp 300w, https:\/\/widevape.com\/wp-content\/uploads\/2025\/02\/AIVONO_AIM_FLASH_350001-150x150.webp 150w, https:\/\/widevape.com\/wp-content\/uploads\/2025\/02\/AIVONO_AIM_FLASH_350001-768x768.webp 768w\" sizes=\"auto, (max-width: 800px) 100vw, 800px\" \/><\/p>\n<\/article>","protected":false},"excerpt":{"rendered":"<table>\n<thead>\n<tr>\n<th><strong>Caratteristica<\/strong><\/th>\n<th><strong>Descrizione<\/strong><\/th>\n<\/tr>\n<\/thead>\n<tbody>\n<tr>\n<td><strong>Numero di treni<\/strong><\/td>\n<td>Fino a <strong>35.000 treni<\/strong> per dispositivo - ideale per un piacere duraturo<\/td>\n<\/tr>\n<tr>\n<td><strong>Capacit\u00e0 del liquido elettronico<\/strong><\/td>\n<td><strong>28 ml<\/strong> liquido precaricato, non \u00e8 necessario ricaricare frequentemente<\/td>\n<\/tr>\n<tr>\n<td><strong>Batteria<\/strong><\/td>\n<td>Ricaricabile <strong>Batteria da 850 mAh<\/strong> con <strong>Funzione di ricarica rapida Type-C<\/strong><\/td>\n<\/tr>\n<tr>\n<td><strong>Tecnologia delle bobine<\/strong><\/td>\n<td><strong>Bobina a doppia maglia<\/strong> per un'evaporazione uniforme e un sapore intenso<\/td>\n<\/tr>\n<tr>\n<td><strong>Modalit\u00e0 di prestazione<\/strong><\/td>\n<td>Due modalit\u00e0: <strong>Normale &amp; Boost<\/strong><\/td>\n<\/tr>\n<tr>\n<td><strong>Flusso d'aria<\/strong><\/td>\n<td><strong>Flusso d'aria regolabile<\/strong> per esperienze di vapore individuali<\/td>\n<\/tr>\n<tr>\n<td><strong>Potenzialit\u00e0 della nicotina<\/strong><\/td>\n<td><strong>0 % \/ 2 % \/ 3 % \/ 5 %<\/strong><\/td>\n<\/tr>\n<tr>\n<td><strong>Schermo<\/strong><\/td>\n<td><strong>Display a colori<\/strong> con visualizzazione in tempo reale dello stato della batteria, potenza e altri dati.<\/td>\n<\/tr>\n<tr>\n<td><strong>Funzioni di sicurezza<\/strong><\/td>\n<td><strong>Serratura a prova di bambino<\/strong> per un uso sicuro<\/td>\n<\/tr>\n<tr>\n<td><strong>Design<\/strong><\/td>\n<td><strong>Ergonomico<\/strong>, compatta, leggera e facile da usare<\/td>\n<\/tr>\n<\/tbody>\n<\/table>","protected":false},"featured_media":24797,"comment_status":"open","ping_status":"closed","template":"","meta":[],"product_brand":[],"product_cat":[110,28,92,93,37,94,90,96],"product_tag":[],"class_list":{"0":"post-24766","1":"product","2":"type-product","3":"status-publish","4":"has-post-thumbnail","6":"product_cat-35000-zuege-einweg-e-zigaretten","7":"product_cat-aivono-einweg-e-zigaretten","8":"product_cat-digitale-box-einweg-e-zigaretten","9":"product_cat-dual-mesh-einweg-e-zigaretten","10":"product_cat-einweg-e-zigaretten","11":"product_cat-einweg-e-zigaretten-mit-niedriger-nikotinstaerke","12":"product_cat-grosse-einweg-e-zigaretten","13":"product_cat-wiederaufladbare-einweg-e-zigaretten","15":"first","16":"instock","17":"shipping-taxable","18":"purchasable","19":"product-type-variable","20":"has-default-attributes"},"_links":{"self":[{"href":"https:\/\/widevape.com\/it\/wp-json\/wp\/v2\/product\/24766","targetHints":{"allow":["GET"]}}],"collection":[{"href":"https:\/\/widevape.com\/it\/wp-json\/wp\/v2\/product"}],"about":[{"href":"https:\/\/widevape.com\/it\/wp-json\/wp\/v2\/types\/product"}],"replies":[{"embeddable":true,"href":"https:\/\/widevape.com\/it\/wp-json\/wp\/v2\/comments?post=24766"}],"wp:featuredmedia":[{"embeddable":true,"href":"https:\/\/widevape.com\/it\/wp-json\/wp\/v2\/media\/24797"}],"wp:attachment":[{"href":"https:\/\/widevape.com\/it\/wp-json\/wp\/v2\/media?parent=24766"}],"wp:term":[{"taxonomy":"product_brand","embeddable":true,"href":"https:\/\/widevape.com\/it\/wp-json\/wp\/v2\/product_brand?post=24766"},{"taxonomy":"product_cat","embeddable":true,"href":"https:\/\/widevape.com\/it\/wp-json\/wp\/v2\/product_cat?post=24766"},{"taxonomy":"product_tag","embeddable":true,"href":"https:\/\/widevape.com\/it\/wp-json\/wp\/v2\/product_tag?post=24766"}],"curies":[{"name":"wp","href":"https:\/\/api.w.org\/{rel}","templated":true}]}}