{"id":25395,"date":"2025-02-28T11:15:31","date_gmt":"2025-02-28T10:15:31","guid":{"rendered":"https:\/\/widevape.com\/?post_type=product&#038;p=25395"},"modified":"2026-01-17T10:04:08","modified_gmt":"2026-01-17T09:04:08","slug":"vapme-crystal-20-000-puff-doppio-sapore-schermo-digitale-2-nicotina-braccio-ricaricabile-penna-vape-usa-e-getta-allingrosso","status":"publish","type":"product","link":"https:\/\/widevape.com\/it\/product\/vapme-kristall-20-000-zuege-doppelter-geschmack-digitaler-bildschirm-2-nikotinarm-wiederaufladbarer-einweg-vapes-stift-im-grosshandel\/","title":{"rendered":"VAPME Crystal 20.000 soffi a doppio gusto schermo digitale 2% braccio di nicotina ricaricabile penna a vapore usa e getta all'ingrosso"},"content":{"rendered":"<div style=\"width: 1020px;\" class=\"wp-video\"><video class=\"wp-video-shortcode\" id=\"video-25395-1\" width=\"1020\" height=\"574\" preload=\"metadata\" controls=\"controls\"><source type=\"video\/mp4\" src=\"https:\/\/widevape.com\/wp-content\/uploads\/2025\/02\/VAPME-Crystal-200001.mp4?_=1\" \/><a href=\"https:\/\/widevape.com\/wp-content\/uploads\/2025\/02\/VAPME-Crystal-200001.mp4\">https:\/\/widevape.com\/wp-content\/uploads\/2025\/02\/VAPME-Crystal-200001.mp4<\/a><\/video><\/div>\n<h2 class=\"mb-2 mt-6 text-lg font-[500] first:mt-3\"><strong>Entdecken Sie die <a href=\"https:\/\/widevape.com\/product-category\/vapme-einweg-e-zigaretten\/\">VAPME<\/a> Crystal 20.000 Z\u00fcge: Ihre ultimative Einweg-Vapes-Erfahrung<\/strong><\/h2>\n<p class=\"my-0\">Die VAPME Crystal 20.000 Z\u00fcge Doppelter Geschmack Digitaler Bildschirm 2% Niedriger Nikotingehalt Gro\u00dfpackung Wiederaufladbarer Einweg-Vapes-Pen ist ein echter Game-Changer in der Welt der E-Zigaretten. Bei WideVape, Europas gr\u00f6\u00dftem Online-Wholesale-Plattform f\u00fcr Einweg-Vapes, bieten wir Ihnen das Beste dieser innovativen Produkte an, speziell f\u00fcr den Markt in Deutschland, den Niederlanden, Belgien und Spanien.<\/p>\n<h2 class=\"mb-xs mt-5 text-base font-[525] first:mt-3\"><strong>Wichtige Merkmale der VAPME Crystal <a href=\"https:\/\/widevape.com\/product-category\/einweg-e-zigaretten-nach-zuegen\/20000-zuege-einweg-e-zigaretten\/\">20.000 Z\u00fcge<\/a><\/strong><\/h2>\n<ul class=\"marker:text-textOff list-disc\">\n<li>\n<p class=\"my-0\"><strong>Hohe Akkukapazit\u00e4t<\/strong>: Ausgestattet mit einem 700mAh wiederaufladbaren Akku und einem Type-C-Schnellladeger\u00e4t, um sicherzustellen, dass Sie den ganzen Tag \u00fcber mit Energie versorgt sind.<\/p>\n<\/li>\n<li>\n<p class=\"my-0\"><strong>Gro\u00dfe E-Liquid-Kapazit\u00e4t<\/strong>: Verf\u00fcgt \u00fcber einen 20mL E-Liquid-Tank, der die Notwendigkeit h\u00e4ufiger Nachf\u00fcllungen reduziert und es Ihnen erm\u00f6glicht, Ihre Lieblingsaromen l\u00e4nger zu genie\u00dfen.<\/p>\n<\/li>\n<li>\n<p class=\"my-0\"><strong>Hohe Haltbarkeit<\/strong>: Bietet \u00fcber 20.000 Z\u00fcge, was es zu einer zuverl\u00e4ssigen Wahl f\u00fcr den langfristigen Gebrauch macht.<\/p>\n<\/li>\n<li>\n<p class=\"my-0\"><strong>Doppeltes Aromaprofil<\/strong>: Erlaubt es Ihnen, zwei Aromen in einem Ger\u00e4t zu genie\u00dfen, was Ihre Dampferfahrung mit jedem Zug erweitert.<\/p>\n<\/li>\n<li>\n<p class=\"my-0\"><strong>Fortschrittliche Coil-Technologie<\/strong>: Features eine 1,0 ohm Mesh-Coil, die den Geschmack und die Dampfproduktion verbessert.<\/p>\n<\/li>\n<li>\n<p class=\"my-0\"><strong>Niedriger Nikotin-Gehalt<\/strong>: Enth\u00e4lt 2% Nikotin, ideal f\u00fcr Nutzer, die nach einem milden Erlebnis suchen.<\/p>\n<\/li>\n<li>\n<p class=\"my-0\"><strong>Digitales Display<\/strong>: Zeigt den Gebrauch und die Akkulaufzeit an, um Sie informiert und im Griff zu halten.<\/p>\n<\/li>\n<\/ul>\n<h2 class=\"mb-xs mt-5 text-base font-[525] first:mt-3\"><strong>Aromavarianten<\/strong><\/h2>\n<p class=\"my-0\">Die VAPME Crystal 20.000 Z\u00fcge bietet eine vielf\u00e4ltige Palette an Aromen, jedes sorgf\u00e4ltig ausgew\u00e4hlt, um Ihnen eine einzigartige und angenehme Erfahrung zu bieten:<\/p>\n<ol class=\"marker:text-textOff list-decimal\">\n<li>\n<p class=\"my-0\"><strong>Blueberry Raspberry &amp; Watermelon Ice<\/strong>: Eine erfrischende Mischung aus s\u00fc\u00dfen Blaubeeren und Himbeeren, kombiniert mit der K\u00fchle von Wassermelonen-Eis, perfekt f\u00fcr alle, die fruchtige Aromen lieben.<\/p>\n<\/li>\n<li>\n<p class=\"my-0\"><strong>Strawberry Watermelon &amp; Passion Fruit Honeydew Ice<\/strong>: Diese Aromakombination verbindet die S\u00fc\u00dfe von Erdbeeren und Wassermelonen mit dem exotischen Geschmack von Passionsfrucht und Honigmelone, um ein tropisches Paradies in jedem Zug zu schaffen.<\/p>\n<\/li>\n<li>\n<p class=\"my-0\"><strong>Cherry Ice &amp; Blue Raspberry Lemonade<\/strong>: Eine klassische Kombination aus Kirsche-Eis und Blauer Himbeere Limonade, die eine scharfe und erfrischende Erfahrung bietet, die sicherlich Ihre Bed\u00fcrfnisse erf\u00fcllt.<\/p>\n<\/li>\n<li>\n<p class=\"my-0\"><strong>Grape Ice &amp; Strawberry Kiwi<\/strong>: Eine s\u00fc\u00dfe und eisige Mischung aus Trauben und Erdbeeren mit der Frische von Kiwi, die eine angenehme Abwandlung traditioneller Fruchtaromen bietet.<\/p>\n<\/li>\n<li>\n<p class=\"my-0\"><strong>Strawberry Banana &amp; Double Apple<\/strong>: F\u00fcr alle, die eine Mischung aus s\u00fc\u00df und sauer lieben, kombiniert diese Aromakombination die Reife von Erdbeeren und Bananen mit der Knackigkeit von Doppelapfel.<\/p>\n<\/li>\n<li>\n<p class=\"my-0\"><strong>Mixed Berry Ice &amp; Peach Pineapple<\/strong>: Eine fruchtige Mischung aus gemischten Beeren mit der W\u00e4rme von Pfirsich und Ananas, die eine erfrischende und luxuri\u00f6se Aromakombination schafft.<\/p>\n<\/li>\n<li>\n<p class=\"my-0\"><strong>Strawberry Ice &amp; Watermelon Kiwi Ice<\/strong>: Eine k\u00fchle und erfrischende Mischung aus Erdbeere-Eis und Wassermelone Kiwi, perfekt f\u00fcr hei\u00dfe Sommertage.<\/p>\n<\/li>\n<li>\n<p class=\"my-0\"><strong>Energy Drink &amp; Cherry Coke<\/strong>: Inspiriert von beliebten Getr\u00e4nken, kombiniert diese Aromakombination den energisierenden Geschmack von Energiegetr\u00e4nken mit der klassischen S\u00fc\u00dfe von Kirsche Cola, um ein einzigartiges Dampferlebnis zu bieten.<\/p>\n<\/li>\n<li>\n<p class=\"my-0\"><strong>Strawberry Raspberry Candy &amp; Peach Ice<\/strong>: Eine s\u00fc\u00dfe und spielerische Mischung aus Erdbeere Himbeere Bonbon mit der K\u00fchle von Pfirsich-Eis, ideal f\u00fcr alle mit einem S\u00fc\u00dfzahn.<\/p>\n<\/li>\n<li>\n<p class=\"my-0\"><strong>Strawberry Mango &amp; Kiwi Passion Fruit Pomegranate<\/strong>: Eine tropische Fusion aus Erdbeeren und Mango mit der Frische von Kiwi, Passionsfrucht und Guave, die ein wirklich exotisches Dampferlebnis bietet.<\/p>\n<\/li>\n<\/ol>\n<h2 class=\"mb-xs mt-5 text-base font-[525] first:mt-3\"><strong>Warum <a href=\"https:\/\/widevape.com\/\">WideVape<\/a> f\u00fcr Ihre Einweg-Vapes-Bed\u00fcrfnisse w\u00e4hlen?<\/strong><\/h2>\n<p class=\"my-0\">Bei WideVape sind wir Europas f\u00fchrende Wholesale-Plattform f\u00fcr <a href=\"https:\/\/widevape.com\/\">Einweg-Vapes<\/a>. Mit \u00fcber zehn Jahren Erfahrung im Bereich der E-Zigaretten bieten wir hochwertige Produkte von bekannten Marken wie RandM Tornado, FIZZY, Al Fakher, Waspe, Vapme, Bang Box, Bang King, Doloda, Elf Box, Vapsolo, FluuM, BIMO, Smokman, Kangertech, Aupo, Old School, Waspe, Vapsolo und SFOG an.<\/p>\n<p class=\"my-0\">Unser umfangreiches Sortiment deckt sowohl den Einzelhandel als auch den Gro\u00dfhandel ab, um sicherzustellen, dass Sie das perfekte Einweg-Vapes f\u00fcr Ihre Bed\u00fcrfnisse finden. Wir bieten Rabatte f\u00fcr Gro\u00dfbestellungen an, um Ihnen das beste Preis-Leistungs-Verh\u00e4ltnis zu bieten. Unsere schnelle und versicherte Lieferung garantiert, dass Ihre Produkte p\u00fcnktlich in allen EU-L\u00e4ndern ankommen.<\/p>\n<h2 class=\"mb-xs mt-5 text-base font-[525] first:mt-3\"><strong>Zahlungsoptionen<\/strong><\/h2>\n<p class=\"my-0\">Wir verstehen die Bedeutung von Bequemlichkeit bei der Zahlung. Deshalb bieten wir eine Vielzahl von Zahlungsmethoden an, darunter PayPal, Kreditkarten, iDEAL f\u00fcr die Niederlande, Bancontact f\u00fcr Belgien und SEPA-Bank\u00fcberweisungen f\u00fcr andere europ\u00e4ische L\u00e4nder.<\/p>\n<h2 class=\"mb-xs mt-5 text-base font-[525] first:mt-3\"><strong>Fazit<\/strong><\/h2>\n<p class=\"my-0\">Die VAPME Crystal 20.000 Z\u00fcge ist mehr als nur eine <a href=\"https:\/\/widevape.com\/\">Einweg-Vapes<\/a>; sie ist eine Erfahrung, die Innovation, Qualit\u00e4t und Bequemlichkeit miteinander verbindet. Ob Sie Ihre Dampferfahrung verbessern oder einfach nach einer pflegeleichten Option suchen, dieses Ger\u00e4t wird sicherlich beeindrucken. Besuchen Sie WideVape heute, um unsere umfangreiche Auswahl an Einweg-Vapes zu erkunden und herauszufinden, warum wir die bevorzugte Adresse f\u00fcr alle Ihre Dampfbed\u00fcrfnisse in Europa sind.<\/p>\n<p><img loading=\"lazy\" decoding=\"async\" class=\"alignnone wp-image-25483 size-full\" src=\"https:\/\/widevape.com\/wp-content\/uploads\/2025\/02\/VAPME_Crystal_20000-5.webp\" alt=\"VAPME Crystal 20.000 Z\u00fcge Doppelter Geschmack Digitaler Bildschirm 2% Nikotinarm Wiederaufladbarer Einweg-Vapes-Stift im Gro\u00dfhandel\" width=\"2290\" height=\"2560\" srcset=\"https:\/\/widevape.com\/wp-content\/uploads\/2025\/02\/VAPME_Crystal_20000-5.webp 2290w, https:\/\/widevape.com\/wp-content\/uploads\/2025\/02\/VAPME_Crystal_20000-5-510x570.webp 510w, https:\/\/widevape.com\/wp-content\/uploads\/2025\/02\/VAPME_Crystal_20000-5-268x300.webp 268w, https:\/\/widevape.com\/wp-content\/uploads\/2025\/02\/VAPME_Crystal_20000-5-916x1024.webp 916w, https:\/\/widevape.com\/wp-content\/uploads\/2025\/02\/VAPME_Crystal_20000-5-768x859.webp 768w, https:\/\/widevape.com\/wp-content\/uploads\/2025\/02\/VAPME_Crystal_20000-5-1374x1536.webp 1374w, https:\/\/widevape.com\/wp-content\/uploads\/2025\/02\/VAPME_Crystal_20000-5-1832x2048.webp 1832w\" sizes=\"auto, (max-width: 2290px) 100vw, 2290px\" \/><\/p>\n","protected":false},"excerpt":{"rendered":"<p>VAPME Crystal 20.000 puff \u00e8 un innovativo vape usa e getta che offre un'esperienza di vaping senza precedenti grazie all'elevata capacit\u00e0, alla tecnologia avanzata e ai diversi gusti.<\/p>","protected":false},"featured_media":25485,"comment_status":"open","ping_status":"closed","template":"","meta":[],"product_brand":[],"product_cat":[106,91,92,37,94,90,64,96],"product_tag":[],"class_list":{"0":"post-25395","1":"product","2":"type-product","3":"status-publish","4":"has-post-thumbnail","6":"product_cat-20000-zuege-einweg-e-zigaretten","7":"product_cat-crystal-einweg-e-zigaretten","8":"product_cat-digitale-box-einweg-e-zigaretten","9":"product_cat-einweg-e-zigaretten","10":"product_cat-einweg-e-zigaretten-mit-niedriger-nikotinstaerke","11":"product_cat-grosse-einweg-e-zigaretten","12":"product_cat-vapme-einweg-e-zigaretten","13":"product_cat-wiederaufladbare-einweg-e-zigaretten","15":"first","16":"instock","17":"shipping-taxable","18":"purchasable","19":"product-type-variable"},"_links":{"self":[{"href":"https:\/\/widevape.com\/it\/wp-json\/wp\/v2\/product\/25395","targetHints":{"allow":["GET"]}}],"collection":[{"href":"https:\/\/widevape.com\/it\/wp-json\/wp\/v2\/product"}],"about":[{"href":"https:\/\/widevape.com\/it\/wp-json\/wp\/v2\/types\/product"}],"replies":[{"embeddable":true,"href":"https:\/\/widevape.com\/it\/wp-json\/wp\/v2\/comments?post=25395"}],"wp:featuredmedia":[{"embeddable":true,"href":"https:\/\/widevape.com\/it\/wp-json\/wp\/v2\/media\/25485"}],"wp:attachment":[{"href":"https:\/\/widevape.com\/it\/wp-json\/wp\/v2\/media?parent=25395"}],"wp:term":[{"taxonomy":"product_brand","embeddable":true,"href":"https:\/\/widevape.com\/it\/wp-json\/wp\/v2\/product_brand?post=25395"},{"taxonomy":"product_cat","embeddable":true,"href":"https:\/\/widevape.com\/it\/wp-json\/wp\/v2\/product_cat?post=25395"},{"taxonomy":"product_tag","embeddable":true,"href":"https:\/\/widevape.com\/it\/wp-json\/wp\/v2\/product_tag?post=25395"}],"curies":[{"name":"wp","href":"https:\/\/api.w.org\/{rel}","templated":true}]}}